{"id":46611,"date":"2026-01-28T05:42:23","date_gmt":"2026-01-28T05:42:23","guid":{"rendered":"https:\/\/languageinactionltd.co.uk\/?page_id=46611"},"modified":"2026-04-29T11:20:52","modified_gmt":"2026-04-29T11:20:52","slug":"arama-rezervasyonu-yapin","status":"publish","type":"page","link":"https:\/\/languageinactionltd.co.uk\/tr\/contact-us\/book-a-call\/","title":{"rendered":"Bir telefon g\u00f6r\u00fc\u015fmesi ayarlay\u0131n"},"content":{"rendered":"<div data-elementor-type=\"wp-page\" data-elementor-id=\"46611\" class=\"elementor elementor-46611\" data-elementor-post-type=\"page\">\n\t\t\t\t<div class=\"elementor-element elementor-element-7b7d5387 body-header-small e-flex e-con-boxed translate-yes e-con e-parent\" data-id=\"7b7d5387\" data-element_type=\"container\" data-e-type=\"container\" data-settings=\"{&quot;background_background&quot;:&quot;classic&quot;}\">\n\t\t\t\t\t<div class=\"e-con-inner\">\n\t\t<div class=\"elementor-element elementor-element-589a1830 e-con-full e-flex translate-yes e-con e-child\" data-id=\"589a1830\" data-element_type=\"container\" data-e-type=\"container\">\n\t\t<div class=\"elementor-element elementor-element-1c8e5abf e-con-full e-flex translate-yes e-con e-child\" data-id=\"1c8e5abf\" data-element_type=\"container\" data-e-type=\"container\">\n\t\t\t\t<div class=\"elementor-element elementor-element-24afc878 elementor-widget elementor-widget-heading\" data-id=\"24afc878\" data-element_type=\"widget\" data-e-type=\"widget\" data-widget_type=\"heading.default\">\n\t\t\t\t<div class=\"elementor-widget-container\">\n\t\t\t\t\t<h1 class=\"elementor-heading-title elementor-size-default\">Bir Arama Yap\u0131n<\/h1>\t\t\t\t<\/div>\n\t\t\t\t<\/div>\n\t\t\t\t<div class=\"elementor-element elementor-element-3825f946 elementor-widget elementor-widget-text-editor\" data-id=\"3825f946\" data-element_type=\"widget\" data-e-type=\"widget\" data-widget_type=\"text-editor.default\">\n\t\t\t\t<div class=\"elementor-widget-container\">\n\t\t\t\t\t\t\t\t\t<p>\u00c7ocu\u011funuzun yaz \u00f6\u011frenme yolculu\u011funu Language in Action'\u0131n nas\u0131l destekleyebilece\u011fini \u00f6\u011frenmek i\u00e7in ekibimizden bir \u00fcye ile bir g\u00f6r\u00fc\u015fme planlay\u0131n. G\u00f6r\u00fc\u015fme s\u0131ras\u0131nda, kurslar\u0131m\u0131z\u0131, program yap\u0131m\u0131z\u0131 tart\u0131\u015facak ve sorular\u0131n\u0131z\u0131 yan\u0131tlayacak \u2013 sonraki ad\u0131mlar konusunda kendinizi g\u00fcvende hissetmenize yard\u0131mc\u0131 olaca\u011f\u0131z.\u00a0<\/p>\t\t\t\t\t\t\t\t<\/div>\n\t\t\t\t<\/div>\n\t\t\t\t<\/div>\n\t\t\t\t<\/div>\n\t\t\t\t\t<\/div>\n\t\t\t\t<\/div>\n\t\t<div class=\"elementor-element elementor-element-9ad8e76 e-flex e-con-boxed translate-yes e-con e-parent\" data-id=\"9ad8e76\" data-element_type=\"container\" data-e-type=\"container\">\n\t\t\t\t\t<div class=\"e-con-inner\">\n\t\t<div class=\"elementor-element elementor-element-0e2b156 e-con-full e-flex translate-yes e-con e-child\" data-id=\"0e2b156\" data-element_type=\"container\" data-e-type=\"container\">\n\t\t\t\t<div class=\"elementor-element elementor-element-7de063c elementor-widget elementor-widget-html\" data-id=\"7de063c\" data-element_type=\"widget\" data-e-type=\"widget\" data-widget_type=\"html.default\">\n\t\t\t\t<div class=\"elementor-widget-container\">\n\t\t\t\t\t<!-- Start of Meetings Embed Script -->\n    <div class=\"meetings-iframe-container\" data-src=\"https:\/\/meetings.hubspot.com\/martina-vallati\/book-a-call-with-a-member-of-the-team?embed=true\"><\/div>\n    <script type=\"text\/javascript\" src=\"https:\/\/static.hsappstatic.net\/MeetingsEmbed\/ex\/MeetingsEmbedCode.js\"><\/script>\n  <!-- End of Meetings Embed Script -->\t\t\t\t<\/div>\n\t\t\t\t<\/div>\n\t\t\t\t<\/div>\n\t\t\t\t\t<\/div>\n\t\t\t\t<\/div>\n\t\t\t\t<\/div>","protected":false},"excerpt":{"rendered":"<p>Book a Call Schedule a call with a member of our team to discover how Language in Action can support your child&#8217;s summer learning journey. During the call, we will discuss our courses, programme structure, and answer any questions you may have &#8211; helping you feel confident about the next steps.\u00a0<\/p>","protected":false},"author":27,"featured_media":0,"parent":43173,"menu_order":0,"comment_status":"closed","ping_status":"closed","template":"","meta":{"_acf_changed":false,"footnotes":""},"class_list":["post-46611","page","type-page","status-publish","hentry"],"acf":[],"yoast_head":"<!-- This site is optimized with the Yoast SEO plugin v27.5 - https:\/\/yoast.com\/product\/yoast-seo-wordpress\/ -->\n<title>Book a call - Language in Action<\/title>\n<meta name=\"robots\" content=\"index, follow, max-snippet:-1, max-image-preview:large, max-video-preview:-1\" \/>\n<link rel=\"canonical\" href=\"https:\/\/languageinactionltd.co.uk\/tr\/bize-ulasin\/arama-rezervasyonu-yapin\/\" \/>\n<meta property=\"og:locale\" content=\"tr_TR\" \/>\n<meta property=\"og:type\" content=\"article\" \/>\n<meta property=\"og:title\" content=\"Book a call - Language in Action\" \/>\n<meta property=\"og:description\" content=\"Book a Call Schedule a call with a member of our team to discover how Language in Action can support your child&#8217;s summer learning journey. During the call, we will discuss our courses, programme structure, and answer any questions you may have &#8211; helping you feel confident about the next steps.\u00a0\" \/>\n<meta property=\"og:url\" content=\"https:\/\/languageinactionltd.co.uk\/tr\/bize-ulasin\/arama-rezervasyonu-yapin\/\" \/>\n<meta property=\"og:site_name\" content=\"Language in Action\" \/>\n<meta property=\"article:modified_time\" content=\"2026-04-29T11:20:52+00:00\" \/>\n<meta property=\"og:image\" content=\"https:\/\/languageinactionltd.co.uk\/wp-content\/uploads\/sites\/9\/2025\/08\/lia-social.png\" \/>\n\t<meta property=\"og:image:width\" content=\"1200\" \/>\n\t<meta property=\"og:image:height\" content=\"675\" \/>\n\t<meta property=\"og:image:type\" content=\"image\/png\" \/>\n<meta name=\"twitter:card\" content=\"summary_large_image\" \/>\n<meta name=\"twitter:label1\" content=\"Tahmini okuma s\u00fcresi\" \/>\n\t<meta name=\"twitter:data1\" content=\"1 dakika\" \/>\n<script type=\"application\/ld+json\" class=\"yoast-schema-graph\">{\"@context\":\"https:\\\/\\\/schema.org\",\"@graph\":[{\"@type\":\"WebPage\",\"@id\":\"https:\\\/\\\/languageinactionltd.co.uk\\\/contact-us\\\/book-a-call\\\/\",\"url\":\"https:\\\/\\\/languageinactionltd.co.uk\\\/contact-us\\\/book-a-call\\\/\",\"name\":\"Book a call - Language in Action\",\"isPartOf\":{\"@id\":\"https:\\\/\\\/languageinactionltd.co.uk\\\/#website\"},\"datePublished\":\"2026-01-28T05:42:23+00:00\",\"dateModified\":\"2026-04-29T11:20:52+00:00\",\"breadcrumb\":{\"@id\":\"https:\\\/\\\/languageinactionltd.co.uk\\\/contact-us\\\/book-a-call\\\/#breadcrumb\"},\"inLanguage\":\"tr\",\"potentialAction\":[{\"@type\":\"ReadAction\",\"target\":[\"https:\\\/\\\/languageinactionltd.co.uk\\\/contact-us\\\/book-a-call\\\/\"]}]},{\"@type\":\"BreadcrumbList\",\"@id\":\"https:\\\/\\\/languageinactionltd.co.uk\\\/contact-us\\\/book-a-call\\\/#breadcrumb\",\"itemListElement\":[{\"@type\":\"ListItem\",\"position\":1,\"name\":\"Home\",\"item\":\"https:\\\/\\\/languageinactionltd.co.uk\\\/\"},{\"@type\":\"ListItem\",\"position\":2,\"name\":\"Contact us\",\"item\":\"https:\\\/\\\/languageinactionltd.co.uk\\\/contact-us\\\/\"},{\"@type\":\"ListItem\",\"position\":3,\"name\":\"Book a call\"}]},{\"@type\":\"WebSite\",\"@id\":\"https:\\\/\\\/languageinactionltd.co.uk\\\/#website\",\"url\":\"https:\\\/\\\/languageinactionltd.co.uk\\\/\",\"name\":\"Language in Action\",\"description\":\"\",\"potentialAction\":[{\"@type\":\"SearchAction\",\"target\":{\"@type\":\"EntryPoint\",\"urlTemplate\":\"https:\\\/\\\/languageinactionltd.co.uk\\\/?s={search_term_string}\"},\"query-input\":{\"@type\":\"PropertyValueSpecification\",\"valueRequired\":true,\"valueName\":\"search_term_string\"}}],\"inLanguage\":\"tr\"}]}<\/script>\n<!-- \/ Yoast SEO plugin. -->","yoast_head_json":{"title":"Bir g\u00f6r\u00fc\u015fme ayarlay\u0131n - Language in Action","robots":{"index":"index","follow":"follow","max-snippet":"max-snippet:-1","max-image-preview":"max-image-preview:large","max-video-preview":"max-video-preview:-1"},"canonical":"https:\/\/languageinactionltd.co.uk\/tr\/bize-ulasin\/arama-rezervasyonu-yapin\/","og_locale":"tr_TR","og_type":"article","og_title":"Book a call - Language in Action","og_description":"Book a Call Schedule a call with a member of our team to discover how Language in Action can support your child&#8217;s summer learning journey. During the call, we will discuss our courses, programme structure, and answer any questions you may have &#8211; helping you feel confident about the next steps.\u00a0","og_url":"https:\/\/languageinactionltd.co.uk\/tr\/bize-ulasin\/arama-rezervasyonu-yapin\/","og_site_name":"Language in Action","article_modified_time":"2026-04-29T11:20:52+00:00","og_image":[{"width":1200,"height":675,"url":"https:\/\/languageinactionltd.co.uk\/wp-content\/uploads\/sites\/9\/2025\/08\/lia-social.png","type":"image\/png"}],"twitter_card":"summary_large_image","twitter_misc":{"Tahmini okuma s\u00fcresi":"1 dakika"},"schema":{"@context":"https:\/\/schema.org","@graph":[{"@type":"WebPage","@id":"https:\/\/languageinactionltd.co.uk\/contact-us\/book-a-call\/","url":"https:\/\/languageinactionltd.co.uk\/contact-us\/book-a-call\/","name":"Bir g\u00f6r\u00fc\u015fme ayarlay\u0131n - Language in Action","isPartOf":{"@id":"https:\/\/languageinactionltd.co.uk\/#website"},"datePublished":"2026-01-28T05:42:23+00:00","dateModified":"2026-04-29T11:20:52+00:00","breadcrumb":{"@id":"https:\/\/languageinactionltd.co.uk\/contact-us\/book-a-call\/#breadcrumb"},"inLanguage":"tr","potentialAction":[{"@type":"ReadAction","target":["https:\/\/languageinactionltd.co.uk\/contact-us\/book-a-call\/"]}]},{"@type":"BreadcrumbList","@id":"https:\/\/languageinactionltd.co.uk\/contact-us\/book-a-call\/#breadcrumb","itemListElement":[{"@type":"ListItem","position":1,"name":"Home","item":"https:\/\/languageinactionltd.co.uk\/"},{"@type":"ListItem","position":2,"name":"Contact us","item":"https:\/\/languageinactionltd.co.uk\/contact-us\/"},{"@type":"ListItem","position":3,"name":"Book a call"}]},{"@type":"WebSite","@id":"https:\/\/languageinactionltd.co.uk\/#website","url":"https:\/\/languageinactionltd.co.uk\/","name":"Eylem Halinde Dil","description":"","potentialAction":[{"@type":"SearchAction","target":{"@type":"EntryPoint","urlTemplate":"https:\/\/languageinactionltd.co.uk\/?s={search_term_string}"},"query-input":{"@type":"PropertyValueSpecification","valueRequired":true,"valueName":"search_term_string"}}],"inLanguage":"tr"}]}},"_links":{"self":[{"href":"https:\/\/languageinactionltd.co.uk\/tr\/wp-json\/wp\/v2\/pages\/46611","targetHints":{"allow":["GET"]}}],"collection":[{"href":"https:\/\/languageinactionltd.co.uk\/tr\/wp-json\/wp\/v2\/pages"}],"about":[{"href":"https:\/\/languageinactionltd.co.uk\/tr\/wp-json\/wp\/v2\/types\/page"}],"author":[{"embeddable":true,"href":"https:\/\/languageinactionltd.co.uk\/tr\/wp-json\/wp\/v2\/users\/27"}],"replies":[{"embeddable":true,"href":"https:\/\/languageinactionltd.co.uk\/tr\/wp-json\/wp\/v2\/comments?post=46611"}],"version-history":[{"count":21,"href":"https:\/\/languageinactionltd.co.uk\/tr\/wp-json\/wp\/v2\/pages\/46611\/revisions"}],"predecessor-version":[{"id":48209,"href":"https:\/\/languageinactionltd.co.uk\/tr\/wp-json\/wp\/v2\/pages\/46611\/revisions\/48209"}],"up":[{"embeddable":true,"href":"https:\/\/languageinactionltd.co.uk\/tr\/wp-json\/wp\/v2\/pages\/43173"}],"wp:attachment":[{"href":"https:\/\/languageinactionltd.co.uk\/tr\/wp-json\/wp\/v2\/media?parent=46611"}],"curies":[{"name":"wp","href":"https:\/\/api.w.org\/{rel}","templated":true}]}}