{"id":45405,"date":"2025-09-01T08:11:50","date_gmt":"2025-09-01T08:11:50","guid":{"rendered":"https:\/\/languageinactionltd.co.uk\/?page_id=45405"},"modified":"2026-04-13T10:38:07","modified_gmt":"2026-04-13T10:38:07","slug":"devamsizlik-politikasi","status":"publish","type":"page","link":"https:\/\/languageinactionltd.co.uk\/tr\/policies\/absent-policy\/","title":{"rendered":"Devams\u0131zl\u0131k politikas\u0131"},"content":{"rendered":"<div data-elementor-type=\"wp-page\" data-elementor-id=\"45405\" class=\"elementor elementor-45405\" data-elementor-post-type=\"page\">\n\t\t\t\t<div class=\"elementor-element elementor-element-5eb147cd body-header-small e-flex e-con-boxed translate-yes e-con e-parent\" data-id=\"5eb147cd\" data-element_type=\"container\" data-e-type=\"container\" data-settings=\"{&quot;background_background&quot;:&quot;classic&quot;}\">\n\t\t\t\t\t<div class=\"e-con-inner\">\n\t\t<div class=\"elementor-element elementor-element-1ae0127b e-con-full e-flex translate-yes e-con e-child\" data-id=\"1ae0127b\" data-element_type=\"container\" data-e-type=\"container\">\n\t\t\t\t<div class=\"elementor-element elementor-element-7644f30f sub-heading elementor-widget elementor-widget-heading\" data-id=\"7644f30f\" data-element_type=\"widget\" data-e-type=\"widget\" data-widget_type=\"heading.default\">\n\t\t\t\t<div class=\"elementor-widget-container\">\n\t\t\t\t\t<span class=\"elementor-heading-title elementor-size-default\">Politikalar<\/span>\t\t\t\t<\/div>\n\t\t\t\t<\/div>\n\t\t<div class=\"elementor-element elementor-element-4e03033e e-con-full e-flex translate-yes e-con e-child\" data-id=\"4e03033e\" data-element_type=\"container\" data-e-type=\"container\">\n\t\t\t\t<div class=\"elementor-element elementor-element-2ffaefc1 elementor-widget elementor-widget-heading\" data-id=\"2ffaefc1\" data-element_type=\"widget\" data-e-type=\"widget\" data-widget_type=\"heading.default\">\n\t\t\t\t<div class=\"elementor-widget-container\">\n\t\t\t\t\t<h1 class=\"elementor-heading-title elementor-size-default\">Devams\u0131z \/ kay\u0131p \u00f6\u011frenciler i\u00e7in genel politika<\/h1>\t\t\t\t<\/div>\n\t\t\t\t<\/div>\n\t\t\t\t<div class=\"elementor-element elementor-element-b9231c8 elementor-widget elementor-widget-text-editor\" data-id=\"b9231c8\" data-element_type=\"widget\" data-e-type=\"widget\" data-widget_type=\"text-editor.default\">\n\t\t\t\t<div class=\"elementor-widget-container\">\n\t\t\t\t\t\t\t\t\t<p><i>Son g\u00fcncelleme 10\/04\/2026<\/i><\/p>\t\t\t\t\t\t\t\t<\/div>\n\t\t\t\t<\/div>\n\t\t\t\t<\/div>\n\t\t\t\t<\/div>\n\t\t\t\t\t<\/div>\n\t\t\t\t<\/div>\n\t\t<div class=\"elementor-element elementor-element-7f3bb87a body-text-1col e-grid e-con-boxed translate-yes e-con e-parent\" data-id=\"7f3bb87a\" data-element_type=\"container\" data-e-type=\"container\">\n\t\t\t\t\t<div class=\"e-con-inner\">\n\t\t\t\t<div class=\"elementor-element elementor-element-1daa8014 section-style-default elementor-widget elementor-widget-Section settings\" data-id=\"1daa8014\" data-element_type=\"widget\" data-e-type=\"widget\" data-widget_type=\"Section settings.default\">\n\t\t\t\t<div class=\"elementor-widget-container\">\n\t\t\t\t\t\t\t\t\t\t\t<\/div>\n\t\t\t\t<\/div>\n\t\t<div class=\"elementor-element elementor-element-567f32af e-con-full e-flex translate-yes e-con e-child\" data-id=\"567f32af\" data-element_type=\"container\" data-e-type=\"container\">\n\t\t\t\t<div class=\"elementor-element elementor-element-4c9780d1 elementor-widget elementor-widget-text-editor\" data-id=\"4c9780d1\" data-element_type=\"widget\" data-e-type=\"widget\" data-widget_type=\"text-editor.default\">\n\t\t\t\t<div class=\"elementor-widget-container\">\n\t\t\t\t\t\t\t\t\t<p class=\"p1\"><b>A. Gezi s\u0131ras\u0131nda <\/b><\/p><p class=\"p1\">Faaliyet Y\u00f6neticisi, \u00f6\u011frencilerin ve acente Grup Liderlerinin seyahat program\u0131ndan tamamen haberdar olmalar\u0131n\u0131 sa\u011flamal\u0131d\u0131r - \u00e7o\u011fu durumda acente GL'leri \/ bireysel \u00f6\u011frenciler bu ayr\u0131nt\u0131lar\u0131 i\u00e7eren bir bro\u015f\u00fcr alacakt\u0131r. \u00d6\u011frenciler bulu\u015fma noktas\u0131n\u0131n nerede oldu\u011funu ve gruptan ayr\u0131ld\u0131klar\u0131nda ne yapacaklar\u0131n\u0131 bilmelidir.<\/p><p class=\"p1\">E\u011fer bir gezide kaybolurlarsa, \u00f6\u011frencilere ne yapmalar\u0131 gerekti\u011fi s\u00f6ylenmelidir:<\/p><ol><li><p class=\"p2\">Acente Grup Liderlerini (veya arkada\u015flar\u0131n\u0131) aray\u0131n<\/p><\/li><li><p class=\"p2\">Bulu\u015fma noktas\u0131na gidin ve grubu bekleyin<\/p><\/li><li><p class=\"p2\">LiA acil durum numaras\u0131n\u0131 aray\u0131n<\/p><\/li><li><p class=\"p2\">Bir polis memuru bulun ve Language in Action \u00f6\u011frencisi olarak kimli\u011finizi g\u00f6sterin (Lanyard kimlik kart\u0131nda)<\/p><\/li><\/ol><p class=\"p1\">Faaliyet Liderleri ve acente Grup Liderleri, \u00f6zellikle var\u0131\u015f\/ayr\u0131l\u0131\u015f noktalar\u0131nda ve gruplar\u0131 ay\u0131r\u0131rken ve yeniden olu\u015ftururken d\u00fczenli say\u0131mlar yapmal\u0131d\u0131r.<\/p><p class=\"p1\">Bir \u00f6\u011frenci kaybolursa, Etkinlik Lideri derhal uygun \u00f6nlemleri alacak olan Merkez y\u00f6netim personelini aramal\u0131d\u0131r. Faaliyet Lideri \u00f6\u011frenciye cep telefonundan ula\u015fmaya \u00e7al\u0131\u015fmaya devam etmelidir. \u00d6\u011frenci bir gruptansa, Faaliyet Lideri acente Grup Lideri ile irtibata ge\u00e7meli, onlar\u0131 konudan haberdar etmeli ve acente Grup Liderinin \u00f6\u011frencinin yerini bulmaya yard\u0131mc\u0131 olmas\u0131n\u0131 sa\u011flamal\u0131d\u0131r.<\/p><p class=\"p1\">G\u00fcn\u00fcn sonuna do\u011fru gelinmi\u015fse ve grubun ayr\u0131lmas\u0131 gerekiyorsa, \u00f6\u011frencinin Acente Grup lideri ve\/veya bir Faaliyet Lideri \u00f6\u011frencinin yerini tespit etmek i\u00e7in bulu\u015fma noktas\u0131nda geride kalmal\u0131d\u0131r. Grubun geri kalan\u0131 di\u011fer Faaliyet Liderleriyle birlikte ayr\u0131lmal\u0131d\u0131r.<\/p><p class=\"p1\">(Personel-\u00f6\u011frenci g\u00f6zetim oranlar\u0131n\u0131 g\u00f6z \u00f6n\u00fcnde bulundurun. Gerekirse ba\u015fka bir personelden gruba ula\u015fmas\u0131n\u0131 isteyin).<\/p><p class=\"p1\">\u00d6\u011frencilerin gezide kaybolmas\u0131 s\u0131k rastlanan bir durum de\u011fildir, ancak olabilir. Ancak, \u00f6zellikle cep telefonlar\u0131n\u0131n yayg\u0131n olarak kullan\u0131ld\u0131\u011f\u0131 g\u00fcn\u00fcm\u00fczde, onlar\u0131 h\u0131zl\u0131 bir \u015fekilde bulamamam\u0131z daha da nadirdir.<\/p><p class=\"p1\"><strong>Di\u011fer eylemler<\/strong><\/p><p class=\"p1\">Merkez M\u00fcd\u00fcr\u00fc \/ Sosyal Yard\u0131m G\u00f6revlisi \u00f6\u011frenciyi cep telefonundan aramaya devam edecektir.<\/p><p class=\"p1\">\u00d6\u011frenci, kararla\u015ft\u0131r\u0131lan bulu\u015fma saatinden 1 saat sonra bulunamazsa okul, \u00e7ocu\u011fun kay\u0131p oldu\u011funu bildirmek i\u00e7in ebeveynlerle\/velilerle ileti\u015fime ge\u00e7ecektir.<\/p><p class=\"p1\">Bulu\u015fma saati belirlendikten sonra \u00f6\u011frenci g\u00fcnd\u00fcz 2 saat veya ak\u015fam ya da gece 1 bu\u00e7uk saat i\u00e7inde bulunamazsa, okul yard\u0131m i\u00e7in yerel polisle irtibata ge\u00e7ecektir.<\/p><p class=\"p1\"><b>B. Sahada <\/b><\/p><p class=\"p1\"><b>S\u0131n\u0131flar<\/b><\/p><p class=\"p1\">18 ya\u015f\u0131ndan k\u00fc\u00e7\u00fck \u00f6\u011frenciler kay\u0131t i\u00e7in s\u0131n\u0131fa gelmezlerse, \u00f6\u011fretmenler derhal DoS\/Merkez Y\u00f6netim Personelini bilgilendirmelidir.<\/p><p class=\"p1\">Merkez y\u00f6netim personeli bir \u00f6\u011frencinin devams\u0131zl\u0131k yapt\u0131\u011f\u0131n\u0131 \u00f6\u011frenir \u00f6\u011frenmez \u00f6\u011frenciyle (veya \u00f6\u011frenci bir grubun par\u00e7as\u0131ysa acente Grup Lideriyle) cep telefonuyla ileti\u015fime ge\u00e7meye \u00e7al\u0131\u015facakt\u0131r. Ayr\u0131ca kald\u0131klar\u0131 tesislerdeki personelle de irtibata ge\u00e7eceklerdir.<\/p><p class=\"p1\"><strong>Daha fazla eylem<\/strong><\/p><p class=\"p1\">1 saat sonra \u00f6\u011frencinin yeri hala tespit edilememi\u015fse, veli\/vasi ile temasa ge\u00e7ilecek ve bilgilendirilecektir. \u00d6\u011frenci 3 saat i\u00e7inde bulunamazsa, Okul durumu bildirmek i\u00e7in Polisle irtibata ge\u00e7ecektir, ancak endi\u015felenmek i\u00e7in ger\u00e7ek bir neden varsa, onlar\u0131 bilgilendirmek i\u00e7in \u00e7ok uzun s\u00fcre beklemeyin. Polis, at\u0131lacak di\u011fer ad\u0131mlar konusunda tavsiyelerde bulunacakt\u0131r.<\/p><p class=\"p1\"><b>C. \u0130kamet veya Evde Konaklama <\/b><\/p><p class=\"p1\">18 ya\u015f\u0131ndan k\u00fc\u00e7\u00fck \u00f6\u011frencilere Soka\u011fa \u00c7\u0131kma Yasa\u011f\u0131 uygulan\u0131r. Bu:<\/p><p class=\"p1\">Soka\u011fa \u00e7\u0131kma yasa\u011f\u0131 18 ya\u015f\u0131ndan k\u00fc\u00e7\u00fckler i\u00e7in Cuma ve Cumartesi g\u00fcnleri saat 11\u2019de, haftan\u0131n di\u011fer g\u00fcnleri ise saat 10.30'da ba\u015flar. 16 ya\u015f\u0131ndan k\u00fc\u00e7\u00fckler, bir grup lideri e\u015fli\u011finde olmad\u0131k\u00e7a, ak\u015fam d\u00f6nd\u00fcklerinde aile yan\u0131nda veya konutlar\u0131nda kalmal\u0131d\u0131r.<\/p><p class=\"p1\">\u00d6\u011frenci\/\u00f6\u011frenciler \u00f6\u011fleden sonra\/ak\u015fam etkinliklerinden sonra d\u00f6nmezlerse veya soka\u011fa \u00e7\u0131kma yasa\u011f\u0131 i\u00e7in zaman\u0131nda d\u00f6nmezlerse, Etkinlik Liderleri Merkez M\u00fcd\u00fcr\u00fcn\u00fc bilgilendirecektir (Aile Yan\u0131'nda kal\u0131yorlarsa, ev sahiplerine LiA Acil Durum telefon numaras\u0131yla ileti\u015fime ge\u00e7meleri tavsiye edilmi\u015ftir).<\/p><p class=\"p1\">Merkez Y\u00f6netimi personeli daha sonra \u00f6\u011frenciyle (veya bir grubun par\u00e7as\u0131ysa acente grup lideriyle) telefonla ileti\u015fime ge\u00e7meyi deneyecektir.<\/p><p class=\"p1\">\u00d6\u011frencinin yerini 1 saat i\u00e7inde tespit edemezlerse veli\/vasiyle irtibata ge\u00e7eceklerdir.<\/p><p class=\"p1\">\u00d6\u011fleden sonra \/ ak\u015fam etkinliklerini ka\u00e7\u0131rd\u0131ktan veya soka\u011fa \u00e7\u0131kma yasa\u011f\u0131n\u0131 ka\u00e7\u0131rd\u0131ktan sonra 1,30 saat i\u00e7inde \u00f6\u011frenci bulunamazsa, okul Polise ba\u015fvuracakt\u0131r.<\/p><p class=\"p1\"><strong>Bu politika hem Personel El Kitab\u0131nda hem de \u00d6\u011fretmen El Kitab\u0131nda yer almaktad\u0131r. T\u00fcm personele (hem akademik hem de operasyonel) i\u015fe al\u0131mlar\u0131 s\u0131ras\u0131nda a\u00e7\u0131klan\u0131r. Bu prosed\u00fcr ayn\u0131 zamanda t\u00fcm \u00f6\u011frencilere de a\u00e7\u0131klanmaktad\u0131r.<\/strong><\/p>\t\t\t\t\t\t\t\t<\/div>\n\t\t\t\t<\/div>\n\t\t\t\t<\/div>\n\t\t\t\t\t<\/div>\n\t\t\t\t<\/div>\n\t\t\t\t<\/div>","protected":false},"excerpt":{"rendered":"<p>Policies General policy for absent \/ missing students Last updated 10\/04\/2026 A. On Excursion The Activity Manager should ensure that students and agency Group Leaders are fully aware of the itinerary \u2013 in many cases agency GLs \/ individual students will receive a leaflet with these details. Students should know where the meeting point is [&hellip;]<\/p>\n","protected":false},"author":27,"featured_media":0,"parent":44379,"menu_order":0,"comment_status":"closed","ping_status":"closed","template":"","meta":{"_acf_changed":false,"footnotes":""},"class_list":["post-45405","page","type-page","status-publish","hentry"],"acf":[],"yoast_head":"<!-- This site is optimized with the Yoast SEO plugin v27.5 - https:\/\/yoast.com\/product\/yoast-seo-wordpress\/ -->\n<title>Absent policy - Language in Action<\/title>\n<meta name=\"robots\" content=\"index, follow, max-snippet:-1, max-image-preview:large, max-video-preview:-1\" \/>\n<link rel=\"canonical\" href=\"https:\/\/languageinactionltd.co.uk\/tr\/politikalar\/devamsizlik-politikasi\/\" \/>\n<meta property=\"og:locale\" content=\"tr_TR\" \/>\n<meta property=\"og:type\" content=\"article\" \/>\n<meta property=\"og:title\" content=\"Absent policy - Language in Action\" \/>\n<meta property=\"og:description\" content=\"Policies General policy for absent \/ missing students Last updated 10\/04\/2026 A. On Excursion The Activity Manager should ensure that students and agency Group Leaders are fully aware of the itinerary \u2013 in many cases agency GLs \/ individual students will receive a leaflet with these details. Students should know where the meeting point is [&hellip;]\" \/>\n<meta property=\"og:url\" content=\"https:\/\/languageinactionltd.co.uk\/tr\/politikalar\/devamsizlik-politikasi\/\" \/>\n<meta property=\"og:site_name\" content=\"Language in Action\" \/>\n<meta property=\"article:modified_time\" content=\"2026-04-13T10:38:07+00:00\" \/>\n<meta property=\"og:image\" content=\"https:\/\/languageinactionltd.co.uk\/wp-content\/uploads\/sites\/9\/2025\/08\/lia-social.png\" \/>\n\t<meta property=\"og:image:width\" content=\"1200\" \/>\n\t<meta property=\"og:image:height\" content=\"675\" \/>\n\t<meta property=\"og:image:type\" content=\"image\/png\" \/>\n<meta name=\"twitter:card\" content=\"summary_large_image\" \/>\n<meta name=\"twitter:label1\" content=\"Tahmini okuma s\u00fcresi\" \/>\n\t<meta name=\"twitter:data1\" content=\"4 dakika\" \/>\n<script type=\"application\/ld+json\" class=\"yoast-schema-graph\">{\"@context\":\"https:\\\/\\\/schema.org\",\"@graph\":[{\"@type\":\"WebPage\",\"@id\":\"https:\\\/\\\/languageinactionltd.co.uk\\\/policies\\\/absent-policy\\\/\",\"url\":\"https:\\\/\\\/languageinactionltd.co.uk\\\/policies\\\/absent-policy\\\/\",\"name\":\"Absent policy - Language in Action\",\"isPartOf\":{\"@id\":\"https:\\\/\\\/languageinactionltd.co.uk\\\/#website\"},\"datePublished\":\"2025-09-01T08:11:50+00:00\",\"dateModified\":\"2026-04-13T10:38:07+00:00\",\"breadcrumb\":{\"@id\":\"https:\\\/\\\/languageinactionltd.co.uk\\\/policies\\\/absent-policy\\\/#breadcrumb\"},\"inLanguage\":\"tr\",\"potentialAction\":[{\"@type\":\"ReadAction\",\"target\":[\"https:\\\/\\\/languageinactionltd.co.uk\\\/policies\\\/absent-policy\\\/\"]}]},{\"@type\":\"BreadcrumbList\",\"@id\":\"https:\\\/\\\/languageinactionltd.co.uk\\\/policies\\\/absent-policy\\\/#breadcrumb\",\"itemListElement\":[{\"@type\":\"ListItem\",\"position\":1,\"name\":\"Home\",\"item\":\"https:\\\/\\\/languageinactionltd.co.uk\\\/\"},{\"@type\":\"ListItem\",\"position\":2,\"name\":\"Policies\",\"item\":\"https:\\\/\\\/languageinactionltd.co.uk\\\/policies\\\/\"},{\"@type\":\"ListItem\",\"position\":3,\"name\":\"Absent policy\"}]},{\"@type\":\"WebSite\",\"@id\":\"https:\\\/\\\/languageinactionltd.co.uk\\\/#website\",\"url\":\"https:\\\/\\\/languageinactionltd.co.uk\\\/\",\"name\":\"Language in Action\",\"description\":\"\",\"potentialAction\":[{\"@type\":\"SearchAction\",\"target\":{\"@type\":\"EntryPoint\",\"urlTemplate\":\"https:\\\/\\\/languageinactionltd.co.uk\\\/?s={search_term_string}\"},\"query-input\":{\"@type\":\"PropertyValueSpecification\",\"valueRequired\":true,\"valueName\":\"search_term_string\"}}],\"inLanguage\":\"tr\"}]}<\/script>\n<!-- \/ Yoast SEO plugin. -->","yoast_head_json":{"title":"Devams\u0131zl\u0131k politikas\u0131 - Language in Action","robots":{"index":"index","follow":"follow","max-snippet":"max-snippet:-1","max-image-preview":"max-image-preview:large","max-video-preview":"max-video-preview:-1"},"canonical":"https:\/\/languageinactionltd.co.uk\/tr\/politikalar\/devamsizlik-politikasi\/","og_locale":"tr_TR","og_type":"article","og_title":"Absent policy - Language in Action","og_description":"Policies General policy for absent \/ missing students Last updated 10\/04\/2026 A. On Excursion The Activity Manager should ensure that students and agency Group Leaders are fully aware of the itinerary \u2013 in many cases agency GLs \/ individual students will receive a leaflet with these details. Students should know where the meeting point is [&hellip;]","og_url":"https:\/\/languageinactionltd.co.uk\/tr\/politikalar\/devamsizlik-politikasi\/","og_site_name":"Language in Action","article_modified_time":"2026-04-13T10:38:07+00:00","og_image":[{"width":1200,"height":675,"url":"https:\/\/languageinactionltd.co.uk\/wp-content\/uploads\/sites\/9\/2025\/08\/lia-social.png","type":"image\/png"}],"twitter_card":"summary_large_image","twitter_misc":{"Tahmini okuma s\u00fcresi":"4 dakika"},"schema":{"@context":"https:\/\/schema.org","@graph":[{"@type":"WebPage","@id":"https:\/\/languageinactionltd.co.uk\/policies\/absent-policy\/","url":"https:\/\/languageinactionltd.co.uk\/policies\/absent-policy\/","name":"Devams\u0131zl\u0131k politikas\u0131 - Language in Action","isPartOf":{"@id":"https:\/\/languageinactionltd.co.uk\/#website"},"datePublished":"2025-09-01T08:11:50+00:00","dateModified":"2026-04-13T10:38:07+00:00","breadcrumb":{"@id":"https:\/\/languageinactionltd.co.uk\/policies\/absent-policy\/#breadcrumb"},"inLanguage":"tr","potentialAction":[{"@type":"ReadAction","target":["https:\/\/languageinactionltd.co.uk\/policies\/absent-policy\/"]}]},{"@type":"BreadcrumbList","@id":"https:\/\/languageinactionltd.co.uk\/policies\/absent-policy\/#breadcrumb","itemListElement":[{"@type":"ListItem","position":1,"name":"Home","item":"https:\/\/languageinactionltd.co.uk\/"},{"@type":"ListItem","position":2,"name":"Policies","item":"https:\/\/languageinactionltd.co.uk\/policies\/"},{"@type":"ListItem","position":3,"name":"Absent policy"}]},{"@type":"WebSite","@id":"https:\/\/languageinactionltd.co.uk\/#website","url":"https:\/\/languageinactionltd.co.uk\/","name":"Eylem Halinde Dil","description":"","potentialAction":[{"@type":"SearchAction","target":{"@type":"EntryPoint","urlTemplate":"https:\/\/languageinactionltd.co.uk\/?s={search_term_string}"},"query-input":{"@type":"PropertyValueSpecification","valueRequired":true,"valueName":"search_term_string"}}],"inLanguage":"tr"}]}},"_links":{"self":[{"href":"https:\/\/languageinactionltd.co.uk\/tr\/wp-json\/wp\/v2\/pages\/45405","targetHints":{"allow":["GET"]}}],"collection":[{"href":"https:\/\/languageinactionltd.co.uk\/tr\/wp-json\/wp\/v2\/pages"}],"about":[{"href":"https:\/\/languageinactionltd.co.uk\/tr\/wp-json\/wp\/v2\/types\/page"}],"author":[{"embeddable":true,"href":"https:\/\/languageinactionltd.co.uk\/tr\/wp-json\/wp\/v2\/users\/27"}],"replies":[{"embeddable":true,"href":"https:\/\/languageinactionltd.co.uk\/tr\/wp-json\/wp\/v2\/comments?post=45405"}],"version-history":[{"count":7,"href":"https:\/\/languageinactionltd.co.uk\/tr\/wp-json\/wp\/v2\/pages\/45405\/revisions"}],"predecessor-version":[{"id":47741,"href":"https:\/\/languageinactionltd.co.uk\/tr\/wp-json\/wp\/v2\/pages\/45405\/revisions\/47741"}],"up":[{"embeddable":true,"href":"https:\/\/languageinactionltd.co.uk\/tr\/wp-json\/wp\/v2\/pages\/44379"}],"wp:attachment":[{"href":"https:\/\/languageinactionltd.co.uk\/tr\/wp-json\/wp\/v2\/media?parent=45405"}],"curies":[{"name":"wp","href":"https:\/\/api.w.org\/{rel}","templated":true}]}}