{"id":45277,"date":"2025-08-28T11:37:45","date_gmt":"2025-08-28T11:37:45","guid":{"rendered":"https:\/\/languageinactionltd.co.uk\/?page_id=45277"},"modified":"2026-04-13T10:37:57","modified_gmt":"2026-04-13T10:37:57","slug":"gozeti%cc%87m-oranlari-poli%cc%87ti%cc%87kasi","status":"publish","type":"page","link":"https:\/\/languageinactionltd.co.uk\/tr\/policies\/supervision-ratios-policy\/","title":{"rendered":"G\u00f6zetim Oranlar\u0131 Politikas\u0131"},"content":{"rendered":"<div data-elementor-type=\"wp-page\" data-elementor-id=\"45277\" class=\"elementor elementor-45277\" data-elementor-post-type=\"page\">\n\t\t\t\t<div class=\"elementor-element elementor-element-7845af4d body-header-small e-flex e-con-boxed translate-yes e-con e-parent\" data-id=\"7845af4d\" data-element_type=\"container\" data-e-type=\"container\" data-settings=\"{&quot;background_background&quot;:&quot;classic&quot;}\">\n\t\t\t\t\t<div class=\"e-con-inner\">\n\t\t<div class=\"elementor-element elementor-element-50df30a1 e-con-full e-flex translate-yes e-con e-child\" data-id=\"50df30a1\" data-element_type=\"container\" data-e-type=\"container\">\n\t\t\t\t<div class=\"elementor-element elementor-element-1538c21b sub-heading elementor-widget elementor-widget-heading\" data-id=\"1538c21b\" data-element_type=\"widget\" data-e-type=\"widget\" data-widget_type=\"heading.default\">\n\t\t\t\t<div class=\"elementor-widget-container\">\n\t\t\t\t\t<span class=\"elementor-heading-title elementor-size-default\">Politikalar<\/span>\t\t\t\t<\/div>\n\t\t\t\t<\/div>\n\t\t<div class=\"elementor-element elementor-element-67d5bbed e-con-full e-flex translate-yes e-con e-child\" data-id=\"67d5bbed\" data-element_type=\"container\" data-e-type=\"container\">\n\t\t\t\t<div class=\"elementor-element elementor-element-6803705 elementor-widget elementor-widget-heading\" data-id=\"6803705\" data-element_type=\"widget\" data-e-type=\"widget\" data-widget_type=\"heading.default\">\n\t\t\t\t<div class=\"elementor-widget-container\">\n\t\t\t\t\t<h1 class=\"elementor-heading-title elementor-size-default\">G\u00f6zetim Oranlar\u0131 Politikas\u0131<\/h1>\t\t\t\t<\/div>\n\t\t\t\t<\/div>\n\t\t\t\t<div class=\"elementor-element elementor-element-01627e3 elementor-widget elementor-widget-text-editor\" data-id=\"01627e3\" data-element_type=\"widget\" data-e-type=\"widget\" data-widget_type=\"text-editor.default\">\n\t\t\t\t<div class=\"elementor-widget-container\">\n\t\t\t\t\t\t\t\t\t<p><i>Son g\u00fcncelleme 10\/04\/2026<\/i><\/p>\t\t\t\t\t\t\t\t<\/div>\n\t\t\t\t<\/div>\n\t\t\t\t<\/div>\n\t\t\t\t<\/div>\n\t\t\t\t\t<\/div>\n\t\t\t\t<\/div>\n\t\t<div class=\"elementor-element elementor-element-364f9cec body-text-1col e-grid e-con-boxed translate-yes e-con e-parent\" data-id=\"364f9cec\" data-element_type=\"container\" data-e-type=\"container\">\n\t\t\t\t\t<div class=\"e-con-inner\">\n\t\t\t\t<div class=\"elementor-element elementor-element-456f694c section-style-default elementor-widget elementor-widget-Section settings\" data-id=\"456f694c\" data-element_type=\"widget\" data-e-type=\"widget\" data-widget_type=\"Section settings.default\">\n\t\t\t\t<div class=\"elementor-widget-container\">\n\t\t\t\t\t\t\t\t\t\t\t<\/div>\n\t\t\t\t<\/div>\n\t\t<div class=\"elementor-element elementor-element-3387810a e-con-full e-flex translate-yes e-con e-child\" data-id=\"3387810a\" data-element_type=\"container\" data-e-type=\"container\">\n\t\t\t\t<div class=\"elementor-element elementor-element-54a06cbf elementor-widget elementor-widget-text-editor\" data-id=\"54a06cbf\" data-element_type=\"widget\" data-e-type=\"widget\" data-widget_type=\"text-editor.default\">\n\t\t\t\t<div class=\"elementor-widget-container\">\n\t\t\t\t\t\t\t\t\t<p class=\"p1\"><strong>Konaklama \/ S\u0131n\u0131flar \/ Geziler \/ 18 ya\u015f alt\u0131 \u00f6\u011frencilerin dahil oldu\u011fu sosyal program faaliyetleri i\u00e7in G\u00f6zetim Oranlar\u0131 Politikas\u0131.<\/strong><\/p><p class=\"p1\">Language in Action, t\u00fcm yat\u0131l\u0131 konaklama ve s\u0131n\u0131flar\u0131n yan\u0131 s\u0131ra 18 ya\u015f\u0131n alt\u0131ndaki \u00f6\u011frencilerin dahil oldu\u011fu t\u00fcm gezi ve etkinliklerde, 15\/20 \u00f6\u011frenci ba\u015f\u0131na en az bir personel (acente grup liderleri dahil) bulunmas\u0131n\u0131 sa\u011flar.<\/p><p class=\"p1\">Se\u00e7ilen programa ba\u011fl\u0131 olarak, 16 ve 17 ya\u015f\u0131ndaki \u00f6\u011frencilerin LiA personeli taraf\u0131ndan g\u00f6zetim s\u0131n\u0131r\u0131 olabilir.<\/p><p class=\"p1\">\u00d6zel ihtiya\u00e7lar\u0131 olan bir \u00f6\u011frenci veya engelli bir \u00f6\u011frenci varsa, kald\u0131klar\u0131 s\u00fcre boyunca onlar\u0131 destekleyecek ba\u015fka bir personel (acente grup liderleri dahil) olmas\u0131n\u0131 sa\u011flar\u0131z.<\/p><p class=\"p1\">Derslerde s\u0131n\u0131f mevcudu en fazla 18 \u00f6\u011frencidir. Her s\u0131n\u0131fa sorumlu bir yeti\u015fkin atanacakt\u0131r.<\/p><p class=\"p1\">T\u00fcm yat\u0131l\u0131 konaklama birimleri, acil durumlarda g\u00fcn\u00fcn 24 saati haz\u0131r bulunan e\u011fitimli personel taraf\u0131ndan denetlenmektedir.<\/p><p class=\"p1\">Aktivitelere\/gezilere liderlik eden t\u00fcm LiA personeli 18 ya\u015f alt\u0131 \u00f6\u011frencilerle \u00e7al\u0131\u015fma deneyimine sahiptir, DBS kontrol\u00fcnden ge\u00e7mi\u015ftir ve iki referans alm\u0131\u015ft\u0131r. Bu ayr\u0131nt\u0131lar, orijinal belgeler g\u00f6r\u00fcld\u00fckten sonra Personel Merkezi Kay\u0131tlar\u0131m\u0131za y\u00fcklenir.<\/p><p class=\"p1\">Acente ortaklar\u0131ndan kilit personel \u00fcyelerinden, personellerinin re\u015fit olmayan \u00f6\u011frencilerle \u00e7al\u0131\u015fmak i\u00e7in kontrollerden ge\u00e7ti\u011fini belirten bir Beyanname imzalamalar\u0131 istenir. Acente grup liderleri (ve di\u011fer acente personeli<\/p><p class=\"p1\">\u00fcyeleri) Koruma ve \u00c7ocuk Esirgeme politikas\u0131n\u0131n bir kopyas\u0131n\u0131 almal\u0131 ve var\u0131\u015fta bu konuda bilgilendirilmelidir. Ayr\u0131ca Davran\u0131\u015f Kurallar\u0131n\u0131 okuyup imzalamalar\u0131 ve \u00e7ocuklarla \u00e7al\u0131\u015fmaya uygunluk beyan\u0131nda bulunmalar\u0131 istenir.<\/p><p class=\"p1\">T\u00fcm ana tesisler, tesis i\u00e7i faaliyetler ve tesis d\u0131\u015f\u0131 geziler i\u00e7in Risk De\u011ferlendirmeleri yap\u0131lm\u0131\u015ft\u0131r.<\/p><p>\u00a0<\/p>\t\t\t\t\t\t\t\t<\/div>\n\t\t\t\t<\/div>\n\t\t\t\t<\/div>\n\t\t\t\t\t<\/div>\n\t\t\t\t<\/div>\n\t\t\t\t<\/div>","protected":false},"excerpt":{"rendered":"<p>Policies Supervision Ratios Policy Last updated 10\/04\/2026 Policy on Supervision Ratios for Accommodation \/ Classrooms \/ Excursions \/ Social programme activities where under 18yr\u2019s students are involved. Language in Action ensures that in all residential accommodation and classrooms, as well as on all excursions and activities where student under the age of 18yrs are involved, [&hellip;]<\/p>\n","protected":false},"author":27,"featured_media":0,"parent":44379,"menu_order":0,"comment_status":"closed","ping_status":"closed","template":"","meta":{"_acf_changed":false,"footnotes":""},"class_list":["post-45277","page","type-page","status-publish","hentry"],"acf":[],"yoast_head":"<!-- This site is optimized with the Yoast SEO plugin v27.5 - https:\/\/yoast.com\/product\/yoast-seo-wordpress\/ -->\n<title>Supervision Ratios Policy - Language in Action<\/title>\n<meta name=\"robots\" content=\"index, follow, max-snippet:-1, max-image-preview:large, max-video-preview:-1\" \/>\n<link rel=\"canonical\" href=\"https:\/\/languageinactionltd.co.uk\/tr\/politikalar\/gozeti\u0307m-oranlari-poli\u0307ti\u0307kasi\/\" \/>\n<meta property=\"og:locale\" content=\"tr_TR\" \/>\n<meta property=\"og:type\" content=\"article\" \/>\n<meta property=\"og:title\" content=\"Supervision Ratios Policy - Language in Action\" \/>\n<meta property=\"og:description\" content=\"Policies Supervision Ratios Policy Last updated 10\/04\/2026 Policy on Supervision Ratios for Accommodation \/ Classrooms \/ Excursions \/ Social programme activities where under 18yr\u2019s students are involved. Language in Action ensures that in all residential accommodation and classrooms, as well as on all excursions and activities where student under the age of 18yrs are involved, [&hellip;]\" \/>\n<meta property=\"og:url\" content=\"https:\/\/languageinactionltd.co.uk\/tr\/politikalar\/gozeti\u0307m-oranlari-poli\u0307ti\u0307kasi\/\" \/>\n<meta property=\"og:site_name\" content=\"Language in Action\" \/>\n<meta property=\"article:modified_time\" content=\"2026-04-13T10:37:57+00:00\" \/>\n<meta property=\"og:image\" content=\"https:\/\/languageinactionltd.co.uk\/wp-content\/uploads\/sites\/9\/2025\/08\/lia-social.png\" \/>\n\t<meta property=\"og:image:width\" content=\"1200\" \/>\n\t<meta property=\"og:image:height\" content=\"675\" \/>\n\t<meta property=\"og:image:type\" content=\"image\/png\" \/>\n<meta name=\"twitter:card\" content=\"summary_large_image\" \/>\n<meta name=\"twitter:label1\" content=\"Tahmini okuma s\u00fcresi\" \/>\n\t<meta name=\"twitter:data1\" content=\"2 dakika\" \/>\n<script type=\"application\/ld+json\" class=\"yoast-schema-graph\">{\"@context\":\"https:\\\/\\\/schema.org\",\"@graph\":[{\"@type\":\"WebPage\",\"@id\":\"https:\\\/\\\/languageinactionltd.co.uk\\\/policies\\\/supervision-ratios-policy\\\/\",\"url\":\"https:\\\/\\\/languageinactionltd.co.uk\\\/policies\\\/supervision-ratios-policy\\\/\",\"name\":\"Supervision Ratios Policy - Language in Action\",\"isPartOf\":{\"@id\":\"https:\\\/\\\/languageinactionltd.co.uk\\\/#website\"},\"datePublished\":\"2025-08-28T11:37:45+00:00\",\"dateModified\":\"2026-04-13T10:37:57+00:00\",\"breadcrumb\":{\"@id\":\"https:\\\/\\\/languageinactionltd.co.uk\\\/policies\\\/supervision-ratios-policy\\\/#breadcrumb\"},\"inLanguage\":\"tr\",\"potentialAction\":[{\"@type\":\"ReadAction\",\"target\":[\"https:\\\/\\\/languageinactionltd.co.uk\\\/policies\\\/supervision-ratios-policy\\\/\"]}]},{\"@type\":\"BreadcrumbList\",\"@id\":\"https:\\\/\\\/languageinactionltd.co.uk\\\/policies\\\/supervision-ratios-policy\\\/#breadcrumb\",\"itemListElement\":[{\"@type\":\"ListItem\",\"position\":1,\"name\":\"Home\",\"item\":\"https:\\\/\\\/languageinactionltd.co.uk\\\/\"},{\"@type\":\"ListItem\",\"position\":2,\"name\":\"Policies\",\"item\":\"https:\\\/\\\/languageinactionltd.co.uk\\\/policies\\\/\"},{\"@type\":\"ListItem\",\"position\":3,\"name\":\"Supervision Ratios Policy\"}]},{\"@type\":\"WebSite\",\"@id\":\"https:\\\/\\\/languageinactionltd.co.uk\\\/#website\",\"url\":\"https:\\\/\\\/languageinactionltd.co.uk\\\/\",\"name\":\"Language in Action\",\"description\":\"\",\"potentialAction\":[{\"@type\":\"SearchAction\",\"target\":{\"@type\":\"EntryPoint\",\"urlTemplate\":\"https:\\\/\\\/languageinactionltd.co.uk\\\/?s={search_term_string}\"},\"query-input\":{\"@type\":\"PropertyValueSpecification\",\"valueRequired\":true,\"valueName\":\"search_term_string\"}}],\"inLanguage\":\"tr\"}]}<\/script>\n<!-- \/ Yoast SEO plugin. -->","yoast_head_json":{"title":"G\u00f6zetim Oranlar\u0131 Politikas\u0131 - Uygulamadaki Dil","robots":{"index":"index","follow":"follow","max-snippet":"max-snippet:-1","max-image-preview":"max-image-preview:large","max-video-preview":"max-video-preview:-1"},"canonical":"https:\/\/languageinactionltd.co.uk\/tr\/politikalar\/gozeti\u0307m-oranlari-poli\u0307ti\u0307kasi\/","og_locale":"tr_TR","og_type":"article","og_title":"Supervision Ratios Policy - Language in Action","og_description":"Policies Supervision Ratios Policy Last updated 10\/04\/2026 Policy on Supervision Ratios for Accommodation \/ Classrooms \/ Excursions \/ Social programme activities where under 18yr\u2019s students are involved. Language in Action ensures that in all residential accommodation and classrooms, as well as on all excursions and activities where student under the age of 18yrs are involved, [&hellip;]","og_url":"https:\/\/languageinactionltd.co.uk\/tr\/politikalar\/gozeti\u0307m-oranlari-poli\u0307ti\u0307kasi\/","og_site_name":"Language in Action","article_modified_time":"2026-04-13T10:37:57+00:00","og_image":[{"width":1200,"height":675,"url":"https:\/\/languageinactionltd.co.uk\/wp-content\/uploads\/sites\/9\/2025\/08\/lia-social.png","type":"image\/png"}],"twitter_card":"summary_large_image","twitter_misc":{"Tahmini okuma s\u00fcresi":"2 dakika"},"schema":{"@context":"https:\/\/schema.org","@graph":[{"@type":"WebPage","@id":"https:\/\/languageinactionltd.co.uk\/policies\/supervision-ratios-policy\/","url":"https:\/\/languageinactionltd.co.uk\/policies\/supervision-ratios-policy\/","name":"G\u00f6zetim Oranlar\u0131 Politikas\u0131 - Uygulamadaki Dil","isPartOf":{"@id":"https:\/\/languageinactionltd.co.uk\/#website"},"datePublished":"2025-08-28T11:37:45+00:00","dateModified":"2026-04-13T10:37:57+00:00","breadcrumb":{"@id":"https:\/\/languageinactionltd.co.uk\/policies\/supervision-ratios-policy\/#breadcrumb"},"inLanguage":"tr","potentialAction":[{"@type":"ReadAction","target":["https:\/\/languageinactionltd.co.uk\/policies\/supervision-ratios-policy\/"]}]},{"@type":"BreadcrumbList","@id":"https:\/\/languageinactionltd.co.uk\/policies\/supervision-ratios-policy\/#breadcrumb","itemListElement":[{"@type":"ListItem","position":1,"name":"Home","item":"https:\/\/languageinactionltd.co.uk\/"},{"@type":"ListItem","position":2,"name":"Policies","item":"https:\/\/languageinactionltd.co.uk\/policies\/"},{"@type":"ListItem","position":3,"name":"Supervision Ratios Policy"}]},{"@type":"WebSite","@id":"https:\/\/languageinactionltd.co.uk\/#website","url":"https:\/\/languageinactionltd.co.uk\/","name":"Eylem Halinde Dil","description":"","potentialAction":[{"@type":"SearchAction","target":{"@type":"EntryPoint","urlTemplate":"https:\/\/languageinactionltd.co.uk\/?s={search_term_string}"},"query-input":{"@type":"PropertyValueSpecification","valueRequired":true,"valueName":"search_term_string"}}],"inLanguage":"tr"}]}},"_links":{"self":[{"href":"https:\/\/languageinactionltd.co.uk\/tr\/wp-json\/wp\/v2\/pages\/45277","targetHints":{"allow":["GET"]}}],"collection":[{"href":"https:\/\/languageinactionltd.co.uk\/tr\/wp-json\/wp\/v2\/pages"}],"about":[{"href":"https:\/\/languageinactionltd.co.uk\/tr\/wp-json\/wp\/v2\/types\/page"}],"author":[{"embeddable":true,"href":"https:\/\/languageinactionltd.co.uk\/tr\/wp-json\/wp\/v2\/users\/27"}],"replies":[{"embeddable":true,"href":"https:\/\/languageinactionltd.co.uk\/tr\/wp-json\/wp\/v2\/comments?post=45277"}],"version-history":[{"count":7,"href":"https:\/\/languageinactionltd.co.uk\/tr\/wp-json\/wp\/v2\/pages\/45277\/revisions"}],"predecessor-version":[{"id":47729,"href":"https:\/\/languageinactionltd.co.uk\/tr\/wp-json\/wp\/v2\/pages\/45277\/revisions\/47729"}],"up":[{"embeddable":true,"href":"https:\/\/languageinactionltd.co.uk\/tr\/wp-json\/wp\/v2\/pages\/44379"}],"wp:attachment":[{"href":"https:\/\/languageinactionltd.co.uk\/tr\/wp-json\/wp\/v2\/media?parent=45277"}],"curies":[{"name":"wp","href":"https:\/\/api.w.org\/{rel}","templated":true}]}}