{"id":45217,"date":"2025-08-28T10:48:48","date_gmt":"2025-08-28T10:48:48","guid":{"rendered":"https:\/\/languageinactionltd.co.uk\/?page_id=45217"},"modified":"2026-04-13T10:36:12","modified_gmt":"2026-04-13T10:36:12","slug":"i%cc%87se-alim-poli%cc%87ti%cc%87kasi","status":"publish","type":"page","link":"https:\/\/languageinactionltd.co.uk\/tr\/policies\/recruitment-policy\/","title":{"rendered":"\u0130\u015fe Al\u0131m Politikas\u0131"},"content":{"rendered":"<div data-elementor-type=\"wp-page\" data-elementor-id=\"45217\" class=\"elementor elementor-45217\" data-elementor-post-type=\"page\">\n\t\t\t\t<div class=\"elementor-element elementor-element-2e4b0c7e body-header-small e-flex e-con-boxed translate-yes e-con e-parent\" data-id=\"2e4b0c7e\" data-element_type=\"container\" data-e-type=\"container\" data-settings=\"{&quot;background_background&quot;:&quot;classic&quot;}\">\n\t\t\t\t\t<div class=\"e-con-inner\">\n\t\t<div class=\"elementor-element elementor-element-4e02c066 e-con-full e-flex translate-yes e-con e-child\" data-id=\"4e02c066\" data-element_type=\"container\" data-e-type=\"container\">\n\t\t\t\t<div class=\"elementor-element elementor-element-6709df6b sub-heading elementor-widget elementor-widget-heading\" data-id=\"6709df6b\" data-element_type=\"widget\" data-e-type=\"widget\" data-widget_type=\"heading.default\">\n\t\t\t\t<div class=\"elementor-widget-container\">\n\t\t\t\t\t<span class=\"elementor-heading-title elementor-size-default\">Politikalar<\/span>\t\t\t\t<\/div>\n\t\t\t\t<\/div>\n\t\t<div class=\"elementor-element elementor-element-ae0c1bd e-con-full e-flex translate-yes e-con e-child\" data-id=\"ae0c1bd\" data-element_type=\"container\" data-e-type=\"container\">\n\t\t\t\t<div class=\"elementor-element elementor-element-7a223466 elementor-widget elementor-widget-heading\" data-id=\"7a223466\" data-element_type=\"widget\" data-e-type=\"widget\" data-widget_type=\"heading.default\">\n\t\t\t\t<div class=\"elementor-widget-container\">\n\t\t\t\t\t<h1 class=\"elementor-heading-title elementor-size-default\">\u0130\u015fe Al\u0131m Politikas\u0131<\/h1>\t\t\t\t<\/div>\n\t\t\t\t<\/div>\n\t\t\t\t<div class=\"elementor-element elementor-element-685cbe0 elementor-widget elementor-widget-text-editor\" data-id=\"685cbe0\" data-element_type=\"widget\" data-e-type=\"widget\" data-widget_type=\"text-editor.default\">\n\t\t\t\t<div class=\"elementor-widget-container\">\n\t\t\t\t\t\t\t\t\t<p><i>Son g\u00fcncelleme 10\/04\/2026<\/i><\/p>\t\t\t\t\t\t\t\t<\/div>\n\t\t\t\t<\/div>\n\t\t\t\t<\/div>\n\t\t\t\t<\/div>\n\t\t\t\t\t<\/div>\n\t\t\t\t<\/div>\n\t\t<div class=\"elementor-element elementor-element-5ce0166f body-text-1col e-grid e-con-boxed translate-yes e-con e-parent\" data-id=\"5ce0166f\" data-element_type=\"container\" data-e-type=\"container\">\n\t\t\t\t\t<div class=\"e-con-inner\">\n\t\t\t\t<div class=\"elementor-element elementor-element-550fe5f7 section-style-default elementor-widget elementor-widget-Section settings\" data-id=\"550fe5f7\" data-element_type=\"widget\" data-e-type=\"widget\" data-widget_type=\"Section settings.default\">\n\t\t\t\t<div class=\"elementor-widget-container\">\n\t\t\t\t\t\t\t\t\t\t\t<\/div>\n\t\t\t\t<\/div>\n\t\t<div class=\"elementor-element elementor-element-c11a988 e-con-full e-flex translate-yes e-con e-child\" data-id=\"c11a988\" data-element_type=\"container\" data-e-type=\"container\">\n\t\t\t\t<div class=\"elementor-element elementor-element-13550e64 elementor-widget elementor-widget-text-editor\" data-id=\"13550e64\" data-element_type=\"widget\" data-e-type=\"widget\" data-widget_type=\"text-editor.default\">\n\t\t\t\t<div class=\"elementor-widget-container\">\n\t\t\t\t\t\t\t\t\t<p class=\"p1\">Yasal gerekliliklere uyman\u0131n ve Malvern International'nin bir par\u00e7as\u0131 olan Language in Action'\u0131n personel ihtiya\u00e7lar\u0131n\u0131 kar\u015f\u0131laman\u0131n yan\u0131 s\u0131ra, insan kaynaklar\u0131 politikam\u0131z ve prosed\u00fcrlerimiz a\u015fa\u011f\u0131dakileri ger\u00e7ekle\u015ftirmeyi ama\u00e7lamaktad\u0131r:<\/p><ul><li class=\"p1\">\u015eirketin sundu\u011fu programlar i\u00e7in en uygun personeli \u00e7ekmek;<\/li><li class=\"p1\">\u0130\u015fe alma, se\u00e7me ve devam eden istihdam f\u0131rsatlar\u0131n\u0131n m\u00fcmk\u00fcn oldu\u011funca adil olmas\u0131n\u0131 sa\u011flamak;<\/li><li class=\"p1\">Personelin s\u00fcrekli mesleki geli\u015fim f\u0131rsat\u0131na sahip olmas\u0131n\u0131 sa\u011flay\u0131n.<\/li><\/ul><p class=\"p1\">Bu ama\u00e7la, Malvern International'nin bir par\u00e7as\u0131 olan Language in Action:<\/p><ul><li class=\"p1\">\u0130\u015fe en uygun aday\u0131 i\u015fe almak i\u00e7in titiz ve adil olun;<\/li><li class=\"p1\">Hi\u00e7 kimsenin cinsiyet, medeni durum, cinsel kimlik, dini inan\u00e7, siyasi g\u00f6r\u00fc\u015f, \u0131rk, \u00e7al\u0131\u015fma \u015fekli, ya\u015f, engellilik veya HIV\/AIDS durumu, sosyo-ekonomik ge\u00e7mi\u015f, ge\u00e7irilmi\u015f mahkumiyetler, sendikal faaliyet veya \u00fcyelik ya da bakmakla y\u00fck\u00fcml\u00fc oldu\u011fu ki\u015filerin olmas\u0131 veya olmamas\u0131 nedeniyle daha az elveri\u015fli muamele g\u00f6rmemesini sa\u011flamal\u0131d\u0131r;<\/li><li class=\"p1\">T\u00fcm adaylardan ba\u015fvurular\u0131nda ve m\u00fclakatta i\u015fin belirli alanlar\u0131na ayn\u0131 \u015fekilde de\u011finmelerini isteyin;<\/li><li class=\"p1\">\u00d6nceki pozisyonlardan davran\u0131\u015fsal yetkinlik ve becerilere dair kan\u0131t aray\u0131n;<\/li><li class=\"p1\">Ba\u015fvuru sahiplerinin yeteneklerini i\u015f gereklilikleriyle kar\u015f\u0131la\u015ft\u0131rmak i\u00e7in mevcut en iyi de\u011ferlendirme y\u00f6ntemlerini kullan\u0131n;<\/li><li class=\"p1\">Ba\u015fvuru sahiplerine de\u011ferli insanlar olarak davran\u0131n ve onlar\u0131 s\u00fcre\u00e7ten ve ba\u015fvurular\u0131n\u0131n mevcut durumundan haberdar edin;<\/li><li class=\"p1\">Tatmin edici referanslar ve ilgili nitelikler i\u00e7in orijinal sertifikalar\u0131n sunulmas\u0131 ko\u015fuluna ba\u011fl\u0131 tekliflerde bulunun ve ba\u015fvuru sahiplerini bu konuda Eylem Yeri'ndeki t\u00fcm i\u015f ilanlar\u0131nda bilgilendirin;<\/li><li class=\"p1\">T\u00fcm bu faaliyetleri profesyonel bir \u015fekilde y\u00fcr\u00fctmek.<\/li><\/ul><p class=\"p1\"><strong><span class=\"s1\">Reklamc\u0131l\u0131k<\/span><\/strong><\/p><p class=\"p1\">Daha fazla reklam kullanmam\u0131z, bo\u015f pozisyonun niteli\u011fine ba\u011fl\u0131 olacakt\u0131r. Projeksiyonlar bir personel a\u00e7\u0131\u011f\u0131n\u0131n \u00f6ng\u00f6r\u00fclmesine izin verdi\u011finde veya bir a\u00e7\u0131k pozisyon belirli bir beceri seti veya nitelik profili gerektirdi\u011finde, uygun EFL web sitelerine bir ilan verilecektir. Ancak, i\u015fin do\u011fas\u0131 gere\u011fi k\u0131sa s\u00fcrede i\u015fe al\u0131m yapmam\u0131z gerekebilir. Bu durumda, dosyadaki CV'ler ilk potansiyel aday havuzunu olu\u015fturacakt\u0131r.<\/p><p class=\"p1\">T\u00fcm g\u00f6rev ilanlar\u0131nda ve m\u00fclakat \u00f6ncesinde veya m\u00fclakat s\u0131ras\u0131nda, ba\u015fvuru sahiplerine \u015fu hususlar tavsiye edilir<\/p><ul><li class=\"p1\">Referanslar takip edilecektir;<\/li><li class=\"p1\">\u00d6zge\u00e7mi\u015flerindeki bo\u015fluklar hesaba kat\u0131lmal\u0131d\u0131r;<\/li><li class=\"p1\">Foto\u011frafl\u0131 kimlik ve orijinal yeterlilik sertifikalar\u0131 sa\u011flanmal\u0131d\u0131r;<\/li><li class=\"p1\">Uygunluk kontrolleri gerekli olacakt\u0131r (Geli\u015ftirilmi\u015f DBS) ve hakemlere, ba\u015fvuru sahibinin 18 ya\u015f\u0131ndan k\u00fc\u00e7\u00fcklerle \u00e7al\u0131\u015fmamas\u0131 i\u00e7in herhangi bir neden bilip bilmedikleri sorulacakt\u0131r.<\/li><\/ul><p class=\"p1\"><strong>\u0130\u015fe al\u0131m prosed\u00fcr\u00fc<\/strong><\/p><p class=\"p1\">Ba\u015fvuru sahiplerinden, g\u00f6rev i\u00e7in gerekli \u015fartlar\u0131 kontrol etmek i\u00e7in LiA web sitesinde bulunan Language in Action ba\u015fvuru formunu doldurmalar\u0131 istenmektedir.<\/p><p class=\"p1\">K\u0131sa listeye kalan adaylara m\u00fclakat i\u00e7in bir davet mektubu g\u00f6nderilir ve bu adaylar daha sonra LiA Merkez Ofisinin iki \u00fcyesi taraf\u0131ndan m\u00fclakata al\u0131n\u0131r.<\/p><p class=\"p1\">Her ba\u015fvuru sahibi a\u015fa\u011f\u0131daki \u015fekilde de\u011ferlendirilir:<\/p><ul><li class=\"p1\">LiA Merkez Ofisinin iki \u00fcyesiyle, tipik olarak Akademik personel i\u00e7in Direkt\u00f6r\/Yaz Operasyonlar\u0131 M\u00fcd\u00fcr\u00fc ve Akademik M\u00fcd\u00fcr, Operasyon personeli i\u00e7in Yaz Operasyonlar\u0131 M\u00fcd\u00fcr\u00fc ve Operasyon M\u00fcd\u00fcr\u00fc ile, s\u00fcreci m\u00fcmk\u00fcn oldu\u011funca adil tutmak i\u00e7in her rol i\u00e7in standartla\u015ft\u0131r\u0131lm\u0131\u015f sorular kullan\u0131larak bir m\u00fclakat.<\/li><\/ul><p class=\"p1\">Ba\u015fvuru sahipleri ayn\u0131 zamanda<\/p><ul><li class=\"p1\">Soru sormak i\u00e7in bir f\u0131rsat;<\/li><li class=\"p1\">\u0130lgili t\u00fcm belgelerin al\u0131nd\u0131\u011f\u0131na ve kontrollerin yap\u0131ld\u0131\u011f\u0131na dair bir kontrol (ba\u015flang\u0131\u00e7 kontrol listesi belgesi kullan\u0131larak).<\/li><\/ul><p class=\"p1\"><strong>Se\u00e7im<\/strong><\/p><p class=\"p1\">\u0130\u015f teklifi m\u00fclakat s\u0131ras\u0131nda ve\/veya LiA her bir merkez i\u00e7in gerekli personel say\u0131s\u0131n\u0131 teyit eder etmez ve \u015fartlar ve ko\u015fullar a\u00e7\u0131kland\u0131ktan sonra yap\u0131labilir. Teklifler, iki tatmin edici referansa ve tatmin edici bir Geli\u015fmi\u015f DBS \/ polis kontrol\u00fcne tabidir. Ba\u015far\u0131l\u0131 ba\u015fvuru sahiplerine yaz merkezi a\u00e7\u0131lmadan \u00f6nce bir e\u011fitim ve ind\u00fcksiyon verilecektir.<\/p><p class=\"p1\">\u0130stihdam h\u00fck\u00fcm ve ko\u015fullar\u0131, t\u00fcm akademik ve operasyonel personelin k\u00fc\u00e7\u00fcklerle \u00e7al\u0131\u015fmaya haz\u0131r olmas\u0131 gerekti\u011fini belirtmektedir ve bu nedenle t\u00fcm akademik ve operasyonel personelin bir \u2018\u00c7ocuklarla \u00c7al\u0131\u015fmaya Uygunluk Beyan\u0131\u2019 imzalamas\u0131 gerekmektedir ve t\u00fcm hakemlerden \u00f6zellikle ba\u015fvuru sahibinin \u00e7ocuklarla \u00e7al\u0131\u015fmaya uygun oldu\u011funu teyit etmeleri istenmektedir.<\/p>\t\t\t\t\t\t\t\t<\/div>\n\t\t\t\t<\/div>\n\t\t\t\t<\/div>\n\t\t\t\t\t<\/div>\n\t\t\t\t<\/div>\n\t\t\t\t<\/div>","protected":false},"excerpt":{"rendered":"<p>Policies Recruitment Policy Last updated 10\/04\/2026 In addition to complying with statutory requirements and fulfilling the staffing needs of Language in Action, part of Malvern International, our human resources policy and procedures aim to achieve the following: Attract the most appropriate staff for the programmes the company offers; Ensure that recruitment, selection and opportunity for [&hellip;]<\/p>\n","protected":false},"author":27,"featured_media":0,"parent":44379,"menu_order":0,"comment_status":"closed","ping_status":"closed","template":"","meta":{"_acf_changed":false,"footnotes":""},"class_list":["post-45217","page","type-page","status-publish","hentry"],"acf":[],"yoast_head":"<!-- This site is optimized with the Yoast SEO plugin v27.5 - https:\/\/yoast.com\/product\/yoast-seo-wordpress\/ -->\n<title>Recruitment Policy - Language in Action<\/title>\n<meta name=\"robots\" content=\"index, follow, max-snippet:-1, max-image-preview:large, max-video-preview:-1\" \/>\n<link rel=\"canonical\" href=\"https:\/\/languageinactionltd.co.uk\/tr\/politikalar\/i\u0307se-alim-poli\u0307ti\u0307kasi\/\" \/>\n<meta property=\"og:locale\" content=\"tr_TR\" \/>\n<meta property=\"og:type\" content=\"article\" \/>\n<meta property=\"og:title\" content=\"Recruitment Policy - Language in Action\" \/>\n<meta property=\"og:description\" content=\"Policies Recruitment Policy Last updated 10\/04\/2026 In addition to complying with statutory requirements and fulfilling the staffing needs of Language in Action, part of Malvern International, our human resources policy and procedures aim to achieve the following: Attract the most appropriate staff for the programmes the company offers; Ensure that recruitment, selection and opportunity for [&hellip;]\" \/>\n<meta property=\"og:url\" content=\"https:\/\/languageinactionltd.co.uk\/tr\/politikalar\/i\u0307se-alim-poli\u0307ti\u0307kasi\/\" \/>\n<meta property=\"og:site_name\" content=\"Language in Action\" \/>\n<meta property=\"article:modified_time\" content=\"2026-04-13T10:36:12+00:00\" \/>\n<meta property=\"og:image\" content=\"https:\/\/languageinactionltd.co.uk\/wp-content\/uploads\/sites\/9\/2025\/08\/lia-social.png\" \/>\n\t<meta property=\"og:image:width\" content=\"1200\" \/>\n\t<meta property=\"og:image:height\" content=\"675\" \/>\n\t<meta property=\"og:image:type\" content=\"image\/png\" \/>\n<meta name=\"twitter:card\" content=\"summary_large_image\" \/>\n<meta name=\"twitter:label1\" content=\"Tahmini okuma s\u00fcresi\" \/>\n\t<meta name=\"twitter:data1\" content=\"3 dakika\" \/>\n<script type=\"application\/ld+json\" class=\"yoast-schema-graph\">{\"@context\":\"https:\\\/\\\/schema.org\",\"@graph\":[{\"@type\":\"WebPage\",\"@id\":\"https:\\\/\\\/languageinactionltd.co.uk\\\/policies\\\/recruitment-policy\\\/\",\"url\":\"https:\\\/\\\/languageinactionltd.co.uk\\\/policies\\\/recruitment-policy\\\/\",\"name\":\"Recruitment Policy - Language in Action\",\"isPartOf\":{\"@id\":\"https:\\\/\\\/languageinactionltd.co.uk\\\/#website\"},\"datePublished\":\"2025-08-28T10:48:48+00:00\",\"dateModified\":\"2026-04-13T10:36:12+00:00\",\"breadcrumb\":{\"@id\":\"https:\\\/\\\/languageinactionltd.co.uk\\\/policies\\\/recruitment-policy\\\/#breadcrumb\"},\"inLanguage\":\"tr\",\"potentialAction\":[{\"@type\":\"ReadAction\",\"target\":[\"https:\\\/\\\/languageinactionltd.co.uk\\\/policies\\\/recruitment-policy\\\/\"]}]},{\"@type\":\"BreadcrumbList\",\"@id\":\"https:\\\/\\\/languageinactionltd.co.uk\\\/policies\\\/recruitment-policy\\\/#breadcrumb\",\"itemListElement\":[{\"@type\":\"ListItem\",\"position\":1,\"name\":\"Home\",\"item\":\"https:\\\/\\\/languageinactionltd.co.uk\\\/\"},{\"@type\":\"ListItem\",\"position\":2,\"name\":\"Policies\",\"item\":\"https:\\\/\\\/languageinactionltd.co.uk\\\/policies\\\/\"},{\"@type\":\"ListItem\",\"position\":3,\"name\":\"Recruitment Policy\"}]},{\"@type\":\"WebSite\",\"@id\":\"https:\\\/\\\/languageinactionltd.co.uk\\\/#website\",\"url\":\"https:\\\/\\\/languageinactionltd.co.uk\\\/\",\"name\":\"Language in Action\",\"description\":\"\",\"potentialAction\":[{\"@type\":\"SearchAction\",\"target\":{\"@type\":\"EntryPoint\",\"urlTemplate\":\"https:\\\/\\\/languageinactionltd.co.uk\\\/?s={search_term_string}\"},\"query-input\":{\"@type\":\"PropertyValueSpecification\",\"valueRequired\":true,\"valueName\":\"search_term_string\"}}],\"inLanguage\":\"tr\"}]}<\/script>\n<!-- \/ Yoast SEO plugin. -->","yoast_head_json":{"title":"\u0130\u015fe Al\u0131m Politikas\u0131 - Language in Action","robots":{"index":"index","follow":"follow","max-snippet":"max-snippet:-1","max-image-preview":"max-image-preview:large","max-video-preview":"max-video-preview:-1"},"canonical":"https:\/\/languageinactionltd.co.uk\/tr\/politikalar\/i\u0307se-alim-poli\u0307ti\u0307kasi\/","og_locale":"tr_TR","og_type":"article","og_title":"Recruitment Policy - Language in Action","og_description":"Policies Recruitment Policy Last updated 10\/04\/2026 In addition to complying with statutory requirements and fulfilling the staffing needs of Language in Action, part of Malvern International, our human resources policy and procedures aim to achieve the following: Attract the most appropriate staff for the programmes the company offers; Ensure that recruitment, selection and opportunity for [&hellip;]","og_url":"https:\/\/languageinactionltd.co.uk\/tr\/politikalar\/i\u0307se-alim-poli\u0307ti\u0307kasi\/","og_site_name":"Language in Action","article_modified_time":"2026-04-13T10:36:12+00:00","og_image":[{"width":1200,"height":675,"url":"https:\/\/languageinactionltd.co.uk\/wp-content\/uploads\/sites\/9\/2025\/08\/lia-social.png","type":"image\/png"}],"twitter_card":"summary_large_image","twitter_misc":{"Tahmini okuma s\u00fcresi":"3 dakika"},"schema":{"@context":"https:\/\/schema.org","@graph":[{"@type":"WebPage","@id":"https:\/\/languageinactionltd.co.uk\/policies\/recruitment-policy\/","url":"https:\/\/languageinactionltd.co.uk\/policies\/recruitment-policy\/","name":"\u0130\u015fe Al\u0131m Politikas\u0131 - Language in Action","isPartOf":{"@id":"https:\/\/languageinactionltd.co.uk\/#website"},"datePublished":"2025-08-28T10:48:48+00:00","dateModified":"2026-04-13T10:36:12+00:00","breadcrumb":{"@id":"https:\/\/languageinactionltd.co.uk\/policies\/recruitment-policy\/#breadcrumb"},"inLanguage":"tr","potentialAction":[{"@type":"ReadAction","target":["https:\/\/languageinactionltd.co.uk\/policies\/recruitment-policy\/"]}]},{"@type":"BreadcrumbList","@id":"https:\/\/languageinactionltd.co.uk\/policies\/recruitment-policy\/#breadcrumb","itemListElement":[{"@type":"ListItem","position":1,"name":"Home","item":"https:\/\/languageinactionltd.co.uk\/"},{"@type":"ListItem","position":2,"name":"Policies","item":"https:\/\/languageinactionltd.co.uk\/policies\/"},{"@type":"ListItem","position":3,"name":"Recruitment Policy"}]},{"@type":"WebSite","@id":"https:\/\/languageinactionltd.co.uk\/#website","url":"https:\/\/languageinactionltd.co.uk\/","name":"Eylem Halinde Dil","description":"","potentialAction":[{"@type":"SearchAction","target":{"@type":"EntryPoint","urlTemplate":"https:\/\/languageinactionltd.co.uk\/?s={search_term_string}"},"query-input":{"@type":"PropertyValueSpecification","valueRequired":true,"valueName":"search_term_string"}}],"inLanguage":"tr"}]}},"_links":{"self":[{"href":"https:\/\/languageinactionltd.co.uk\/tr\/wp-json\/wp\/v2\/pages\/45217","targetHints":{"allow":["GET"]}}],"collection":[{"href":"https:\/\/languageinactionltd.co.uk\/tr\/wp-json\/wp\/v2\/pages"}],"about":[{"href":"https:\/\/languageinactionltd.co.uk\/tr\/wp-json\/wp\/v2\/types\/page"}],"author":[{"embeddable":true,"href":"https:\/\/languageinactionltd.co.uk\/tr\/wp-json\/wp\/v2\/users\/27"}],"replies":[{"embeddable":true,"href":"https:\/\/languageinactionltd.co.uk\/tr\/wp-json\/wp\/v2\/comments?post=45217"}],"version-history":[{"count":7,"href":"https:\/\/languageinactionltd.co.uk\/tr\/wp-json\/wp\/v2\/pages\/45217\/revisions"}],"predecessor-version":[{"id":47711,"href":"https:\/\/languageinactionltd.co.uk\/tr\/wp-json\/wp\/v2\/pages\/45217\/revisions\/47711"}],"up":[{"embeddable":true,"href":"https:\/\/languageinactionltd.co.uk\/tr\/wp-json\/wp\/v2\/pages\/44379"}],"wp:attachment":[{"href":"https:\/\/languageinactionltd.co.uk\/tr\/wp-json\/wp\/v2\/media?parent=45217"}],"curies":[{"name":"wp","href":"https:\/\/api.w.org\/{rel}","templated":true}]}}