{"id":45199,"date":"2025-08-28T10:34:20","date_gmt":"2025-08-28T10:34:20","guid":{"rendered":"https:\/\/languageinactionltd.co.uk\/?page_id=45199"},"modified":"2026-04-13T10:35:37","modified_gmt":"2026-04-13T10:35:37","slug":"i%cc%87lk-yardim-poli%cc%87ti%cc%87kasi-ve-proseduru","status":"publish","type":"page","link":"https:\/\/languageinactionltd.co.uk\/tr\/policies\/first-aid-policy-and-procedure\/","title":{"rendered":"\u0130lk Yard\u0131m Politikas\u0131 ve Prosed\u00fcr\u00fc"},"content":{"rendered":"<div data-elementor-type=\"wp-page\" data-elementor-id=\"45199\" class=\"elementor elementor-45199\" data-elementor-post-type=\"page\">\n\t\t\t\t<div class=\"elementor-element elementor-element-5093b80f body-header-small e-flex e-con-boxed translate-yes e-con e-parent\" data-id=\"5093b80f\" data-element_type=\"container\" data-e-type=\"container\" data-settings=\"{&quot;background_background&quot;:&quot;classic&quot;}\">\n\t\t\t\t\t<div class=\"e-con-inner\">\n\t\t<div class=\"elementor-element elementor-element-1d66ea0b e-con-full e-flex translate-yes e-con e-child\" data-id=\"1d66ea0b\" data-element_type=\"container\" data-e-type=\"container\">\n\t\t\t\t<div class=\"elementor-element elementor-element-74241c47 sub-heading elementor-widget elementor-widget-heading\" data-id=\"74241c47\" data-element_type=\"widget\" data-e-type=\"widget\" data-widget_type=\"heading.default\">\n\t\t\t\t<div class=\"elementor-widget-container\">\n\t\t\t\t\t<span class=\"elementor-heading-title elementor-size-default\">Politikalar<\/span>\t\t\t\t<\/div>\n\t\t\t\t<\/div>\n\t\t<div class=\"elementor-element elementor-element-722d2561 e-con-full e-flex translate-yes e-con e-child\" data-id=\"722d2561\" data-element_type=\"container\" data-e-type=\"container\">\n\t\t\t\t<div class=\"elementor-element elementor-element-7d14514c elementor-widget elementor-widget-heading\" data-id=\"7d14514c\" data-element_type=\"widget\" data-e-type=\"widget\" data-widget_type=\"heading.default\">\n\t\t\t\t<div class=\"elementor-widget-container\">\n\t\t\t\t\t<h1 class=\"elementor-heading-title elementor-size-default\">\u0130lk Yard\u0131m Politikas\u0131 ve Prosed\u00fcr\u00fc<\/h1>\t\t\t\t<\/div>\n\t\t\t\t<\/div>\n\t\t\t\t<div class=\"elementor-element elementor-element-491791f elementor-widget elementor-widget-text-editor\" data-id=\"491791f\" data-element_type=\"widget\" data-e-type=\"widget\" data-widget_type=\"text-editor.default\">\n\t\t\t\t<div class=\"elementor-widget-container\">\n\t\t\t\t\t\t\t\t\t<p><i>Son g\u00fcncelleme 10\/04\/2026<\/i><\/p>\t\t\t\t\t\t\t\t<\/div>\n\t\t\t\t<\/div>\n\t\t\t\t<\/div>\n\t\t\t\t<\/div>\n\t\t\t\t\t<\/div>\n\t\t\t\t<\/div>\n\t\t<div class=\"elementor-element elementor-element-7209f370 body-text-1col e-grid e-con-boxed translate-yes e-con e-parent\" data-id=\"7209f370\" data-element_type=\"container\" data-e-type=\"container\">\n\t\t\t\t\t<div class=\"e-con-inner\">\n\t\t\t\t<div class=\"elementor-element elementor-element-140c38ea section-style-default elementor-widget elementor-widget-Section settings\" data-id=\"140c38ea\" data-element_type=\"widget\" data-e-type=\"widget\" data-widget_type=\"Section settings.default\">\n\t\t\t\t<div class=\"elementor-widget-container\">\n\t\t\t\t\t\t\t\t\t\t\t<\/div>\n\t\t\t\t<\/div>\n\t\t<div class=\"elementor-element elementor-element-532a6481 e-con-full e-flex translate-yes e-con e-child\" data-id=\"532a6481\" data-element_type=\"container\" data-e-type=\"container\">\n\t\t\t\t<div class=\"elementor-element elementor-element-46d010c1 elementor-widget elementor-widget-text-editor\" data-id=\"46d010c1\" data-element_type=\"widget\" data-e-type=\"widget\" data-widget_type=\"text-editor.default\">\n\t\t\t\t<div class=\"elementor-widget-container\">\n\t\t\t\t\t\t\t\t\t<h2>AIM<\/h2><p>Yaralanma veya hastal\u0131k durumunda personele ve \u00f6\u011frencilere yeterli ilk yard\u0131m sa\u011flamak. Language in Action, d\u00fc\u015f\u00fck riskli bir ortam yaratmak i\u00e7in Sa\u011fl\u0131k ve G\u00fcvenli\u011fi ciddiye al\u0131r ve beklenen acil durumlar \u00f6nemsiz d\u00fczeydedir. Yaralanma veya hastal\u0131k durumunda acil servisler gelene kadar yeterli yard\u0131m\u0131 sa\u011flamaya \u00e7al\u0131\u015f\u0131yoruz.<\/p><h2 class=\"p1\">PROSED\u00dcRLER:<\/h2><p class=\"p1\"><strong>\u0130lk Yard\u0131m G\u00f6revlileri<\/strong><\/p><ul><li class=\"p1\">Sa\u011fl\u0131k ve G\u00fcvenlik Lideri ilk yard\u0131m e\u011fitimini planlamal\u0131 ve uygulamal\u0131d\u0131r. Bu ama\u00e7la bir e\u011fitim g\u00fcnl\u00fc\u011f\u00fc tutulmal\u0131 ve d\u00fczenli olarak izlenmelidir. Her binadaki personel ve \u00f6\u011frenci say\u0131s\u0131na uygun olarak e\u011fitim gereksinimlerini de\u011ferlendirmek Sa\u011fl\u0131k ve G\u00fcvenlik Liderinin sorumlulu\u011fundad\u0131r.<\/li><li class=\"p1\">\u0130lk yard\u0131mc\u0131lar ki\u015fisel niteliklerine ve \u00e7al\u0131\u015fma d\u00fczenlerine g\u00f6re se\u00e7ilir. \u0130lk yard\u0131mc\u0131lar g\u00fcvenilir, acil bir durumda sakin kalabilen ve bir olaya h\u0131zla m\u00fcdahale edebilecek kadar zinde olmal\u0131d\u0131r. Ki\u015fi, i\u015fteyken herhangi bir zamanda herhangi birine ilk yard\u0131m sa\u011flamaya ve yeterliliklerini elde etmek ve korumak i\u00e7in e\u011fitim kurslar\u0131na kat\u0131lmaya istekli olmal\u0131d\u0131r. \u00c7al\u0131\u015fma saatleri ve konumlar\u0131, \u00e7al\u0131\u015fma g\u00fcn\u00fc boyunca kolayca ula\u015f\u0131labilmelerini sa\u011flamal\u0131d\u0131r.<\/li><li class=\"p1\">E\u011fitim, St John Ambulans veya benzeri onayl\u0131 bir kurum taraf\u0131ndan verilecektir.<\/li><li class=\"p1\">T\u00fcm ilk yard\u0131mc\u0131lar, acil servis \u00e7a\u011fr\u0131l\u0131rken kazazedeye g\u00fcvenli bir \u015fekilde bakabilir ve \u00fc\u00e7 y\u0131l sonra yeniden e\u011fitilmelidir.<\/li><li class=\"p1\">Her bir Language in Action binas\u0131ndaki t\u00fcm personel ve \u00f6\u011frenciler, ilk yard\u0131m e\u011fitimi alm\u0131\u015f personel hakk\u0131nda bilgilendirilmelidir.<\/li><\/ul><p class=\"p1\"><strong>EK\u0130PMAN<\/strong><\/p><ul><li class=\"p1\">\u0130lk yard\u0131m kutular\u0131 her binada bulunmal\u0131, yerleri a\u00e7\u0131k\u00e7a i\u015faretlenmeli ve kolayca eri\u015filebilir olmal\u0131d\u0131r.<\/li><li class=\"p1\">\u0130\u00e7erikler d\u00fczenli olarak \u0130SG Lideri taraf\u0131ndan kontrol edilmelidir. Malzemeler ola\u011fand\u0131\u015f\u0131 bir s\u0131kl\u0131kta kullan\u0131l\u0131yorsa, ilk yard\u0131m g\u00f6revlisi bu konuda \u0130SG Liderini uyarmal\u0131d\u0131r. Kutular ihtiyaca g\u00f6re yeniden stoklan\u0131r.<\/li><li class=\"p1\">\u0130lk yard\u0131m kutular\u0131nda \u015funlar bulunmal\u0131d\u0131r: k\u0131lavuz bro\u015f\u00fcr, steril flasterler, steril g\u00f6z pedleri, \u00fc\u00e7gen bandajlar, \u00e7engelli i\u011fneler, yara \u00f6rt\u00fcleri, temizlik bezleri, tek kullan\u0131ml\u0131k eldivenler. Hi\u00e7bir ko\u015fulda ilk yard\u0131m kutusuna herhangi bir ila\u00e7 konulmamal\u0131 veya ilk yard\u0131mc\u0131 taraf\u0131ndan da\u011f\u0131t\u0131lmamal\u0131d\u0131r.<\/li><\/ul><p class=\"p1\"><strong>KAYITLAR<\/strong><\/p><ul><li class=\"p1\">Kaza kay\u0131t defterleri her ilk yard\u0131m \u00e7antas\u0131nda saklanmal\u0131d\u0131r. Hem yaralanma hem de hastal\u0131k i\u00e7in her yard\u0131m sa\u011fland\u0131\u011f\u0131nda ilk yard\u0131m g\u00f6revlisi taraf\u0131ndan bir not d\u00fc\u015f\u00fclmelidir.<\/li><\/ul>\t\t\t\t\t\t\t\t<\/div>\n\t\t\t\t<\/div>\n\t\t\t\t<\/div>\n\t\t\t\t\t<\/div>\n\t\t\t\t<\/div>\n\t\t\t\t<\/div>","protected":false},"excerpt":{"rendered":"<p>Policies First Aid Policy and Procedure Last updated 10\/04\/2026 AIM To provide adequate first aid to staff and students in case of injury or illness. Language in Action take Health and Safety seriously in order to create a low-risk environment and anticipated emergencies are of a minor level. We seek to supply sufficient help in [&hellip;]<\/p>\n","protected":false},"author":27,"featured_media":0,"parent":44379,"menu_order":0,"comment_status":"closed","ping_status":"closed","template":"","meta":{"_acf_changed":false,"footnotes":""},"class_list":["post-45199","page","type-page","status-publish","hentry"],"acf":[],"yoast_head":"<!-- This site is optimized with the Yoast SEO plugin v27.5 - https:\/\/yoast.com\/product\/yoast-seo-wordpress\/ -->\n<title>First Aid Policy and Procedure - Language in Action<\/title>\n<meta name=\"robots\" content=\"index, follow, max-snippet:-1, max-image-preview:large, max-video-preview:-1\" \/>\n<link rel=\"canonical\" href=\"https:\/\/languageinactionltd.co.uk\/tr\/politikalar\/i\u0307lk-yardim-poli\u0307ti\u0307kasi-ve-proseduru\/\" \/>\n<meta property=\"og:locale\" content=\"tr_TR\" \/>\n<meta property=\"og:type\" content=\"article\" \/>\n<meta property=\"og:title\" content=\"First Aid Policy and Procedure - Language in Action\" \/>\n<meta property=\"og:description\" content=\"Policies First Aid Policy and Procedure Last updated 10\/04\/2026 AIM To provide adequate first aid to staff and students in case of injury or illness. Language in Action take Health and Safety seriously in order to create a low-risk environment and anticipated emergencies are of a minor level. We seek to supply sufficient help in [&hellip;]\" \/>\n<meta property=\"og:url\" content=\"https:\/\/languageinactionltd.co.uk\/tr\/politikalar\/i\u0307lk-yardim-poli\u0307ti\u0307kasi-ve-proseduru\/\" \/>\n<meta property=\"og:site_name\" content=\"Language in Action\" \/>\n<meta property=\"article:modified_time\" content=\"2026-04-13T10:35:37+00:00\" \/>\n<meta property=\"og:image\" content=\"https:\/\/languageinactionltd.co.uk\/wp-content\/uploads\/sites\/9\/2025\/08\/lia-social.png\" \/>\n\t<meta property=\"og:image:width\" content=\"1200\" \/>\n\t<meta property=\"og:image:height\" content=\"675\" \/>\n\t<meta property=\"og:image:type\" content=\"image\/png\" \/>\n<meta name=\"twitter:card\" content=\"summary_large_image\" \/>\n<meta name=\"twitter:label1\" content=\"Tahmini okuma s\u00fcresi\" \/>\n\t<meta name=\"twitter:data1\" content=\"2 dakika\" \/>\n<script type=\"application\/ld+json\" class=\"yoast-schema-graph\">{\"@context\":\"https:\\\/\\\/schema.org\",\"@graph\":[{\"@type\":\"WebPage\",\"@id\":\"https:\\\/\\\/languageinactionltd.co.uk\\\/policies\\\/first-aid-policy-and-procedure\\\/\",\"url\":\"https:\\\/\\\/languageinactionltd.co.uk\\\/policies\\\/first-aid-policy-and-procedure\\\/\",\"name\":\"First Aid Policy and Procedure - Language in Action\",\"isPartOf\":{\"@id\":\"https:\\\/\\\/languageinactionltd.co.uk\\\/#website\"},\"datePublished\":\"2025-08-28T10:34:20+00:00\",\"dateModified\":\"2026-04-13T10:35:37+00:00\",\"breadcrumb\":{\"@id\":\"https:\\\/\\\/languageinactionltd.co.uk\\\/policies\\\/first-aid-policy-and-procedure\\\/#breadcrumb\"},\"inLanguage\":\"tr\",\"potentialAction\":[{\"@type\":\"ReadAction\",\"target\":[\"https:\\\/\\\/languageinactionltd.co.uk\\\/policies\\\/first-aid-policy-and-procedure\\\/\"]}]},{\"@type\":\"BreadcrumbList\",\"@id\":\"https:\\\/\\\/languageinactionltd.co.uk\\\/policies\\\/first-aid-policy-and-procedure\\\/#breadcrumb\",\"itemListElement\":[{\"@type\":\"ListItem\",\"position\":1,\"name\":\"Home\",\"item\":\"https:\\\/\\\/languageinactionltd.co.uk\\\/\"},{\"@type\":\"ListItem\",\"position\":2,\"name\":\"Policies\",\"item\":\"https:\\\/\\\/languageinactionltd.co.uk\\\/policies\\\/\"},{\"@type\":\"ListItem\",\"position\":3,\"name\":\"First Aid Policy and Procedure\"}]},{\"@type\":\"WebSite\",\"@id\":\"https:\\\/\\\/languageinactionltd.co.uk\\\/#website\",\"url\":\"https:\\\/\\\/languageinactionltd.co.uk\\\/\",\"name\":\"Language in Action\",\"description\":\"\",\"potentialAction\":[{\"@type\":\"SearchAction\",\"target\":{\"@type\":\"EntryPoint\",\"urlTemplate\":\"https:\\\/\\\/languageinactionltd.co.uk\\\/?s={search_term_string}\"},\"query-input\":{\"@type\":\"PropertyValueSpecification\",\"valueRequired\":true,\"valueName\":\"search_term_string\"}}],\"inLanguage\":\"tr\"}]}<\/script>\n<!-- \/ Yoast SEO plugin. -->","yoast_head_json":{"title":"\u0130lk Yard\u0131m Politikas\u0131 ve Prosed\u00fcr\u00fc - Language in Action","robots":{"index":"index","follow":"follow","max-snippet":"max-snippet:-1","max-image-preview":"max-image-preview:large","max-video-preview":"max-video-preview:-1"},"canonical":"https:\/\/languageinactionltd.co.uk\/tr\/politikalar\/i\u0307lk-yardim-poli\u0307ti\u0307kasi-ve-proseduru\/","og_locale":"tr_TR","og_type":"article","og_title":"First Aid Policy and Procedure - Language in Action","og_description":"Policies First Aid Policy and Procedure Last updated 10\/04\/2026 AIM To provide adequate first aid to staff and students in case of injury or illness. Language in Action take Health and Safety seriously in order to create a low-risk environment and anticipated emergencies are of a minor level. We seek to supply sufficient help in [&hellip;]","og_url":"https:\/\/languageinactionltd.co.uk\/tr\/politikalar\/i\u0307lk-yardim-poli\u0307ti\u0307kasi-ve-proseduru\/","og_site_name":"Language in Action","article_modified_time":"2026-04-13T10:35:37+00:00","og_image":[{"width":1200,"height":675,"url":"https:\/\/languageinactionltd.co.uk\/wp-content\/uploads\/sites\/9\/2025\/08\/lia-social.png","type":"image\/png"}],"twitter_card":"summary_large_image","twitter_misc":{"Tahmini okuma s\u00fcresi":"2 dakika"},"schema":{"@context":"https:\/\/schema.org","@graph":[{"@type":"WebPage","@id":"https:\/\/languageinactionltd.co.uk\/policies\/first-aid-policy-and-procedure\/","url":"https:\/\/languageinactionltd.co.uk\/policies\/first-aid-policy-and-procedure\/","name":"\u0130lk Yard\u0131m Politikas\u0131 ve Prosed\u00fcr\u00fc - Language in Action","isPartOf":{"@id":"https:\/\/languageinactionltd.co.uk\/#website"},"datePublished":"2025-08-28T10:34:20+00:00","dateModified":"2026-04-13T10:35:37+00:00","breadcrumb":{"@id":"https:\/\/languageinactionltd.co.uk\/policies\/first-aid-policy-and-procedure\/#breadcrumb"},"inLanguage":"tr","potentialAction":[{"@type":"ReadAction","target":["https:\/\/languageinactionltd.co.uk\/policies\/first-aid-policy-and-procedure\/"]}]},{"@type":"BreadcrumbList","@id":"https:\/\/languageinactionltd.co.uk\/policies\/first-aid-policy-and-procedure\/#breadcrumb","itemListElement":[{"@type":"ListItem","position":1,"name":"Home","item":"https:\/\/languageinactionltd.co.uk\/"},{"@type":"ListItem","position":2,"name":"Policies","item":"https:\/\/languageinactionltd.co.uk\/policies\/"},{"@type":"ListItem","position":3,"name":"First Aid Policy and Procedure"}]},{"@type":"WebSite","@id":"https:\/\/languageinactionltd.co.uk\/#website","url":"https:\/\/languageinactionltd.co.uk\/","name":"Eylem Halinde Dil","description":"","potentialAction":[{"@type":"SearchAction","target":{"@type":"EntryPoint","urlTemplate":"https:\/\/languageinactionltd.co.uk\/?s={search_term_string}"},"query-input":{"@type":"PropertyValueSpecification","valueRequired":true,"valueName":"search_term_string"}}],"inLanguage":"tr"}]}},"_links":{"self":[{"href":"https:\/\/languageinactionltd.co.uk\/tr\/wp-json\/wp\/v2\/pages\/45199","targetHints":{"allow":["GET"]}}],"collection":[{"href":"https:\/\/languageinactionltd.co.uk\/tr\/wp-json\/wp\/v2\/pages"}],"about":[{"href":"https:\/\/languageinactionltd.co.uk\/tr\/wp-json\/wp\/v2\/types\/page"}],"author":[{"embeddable":true,"href":"https:\/\/languageinactionltd.co.uk\/tr\/wp-json\/wp\/v2\/users\/27"}],"replies":[{"embeddable":true,"href":"https:\/\/languageinactionltd.co.uk\/tr\/wp-json\/wp\/v2\/comments?post=45199"}],"version-history":[{"count":7,"href":"https:\/\/languageinactionltd.co.uk\/tr\/wp-json\/wp\/v2\/pages\/45199\/revisions"}],"predecessor-version":[{"id":47705,"href":"https:\/\/languageinactionltd.co.uk\/tr\/wp-json\/wp\/v2\/pages\/45199\/revisions\/47705"}],"up":[{"embeddable":true,"href":"https:\/\/languageinactionltd.co.uk\/tr\/wp-json\/wp\/v2\/pages\/44379"}],"wp:attachment":[{"href":"https:\/\/languageinactionltd.co.uk\/tr\/wp-json\/wp\/v2\/media?parent=45199"}],"curies":[{"name":"wp","href":"https:\/\/api.w.org\/{rel}","templated":true}]}}