{"id":45169,"date":"2025-08-28T10:08:25","date_gmt":"2025-08-28T10:08:25","guid":{"rendered":"https:\/\/languageinactionltd.co.uk\/?page_id=45169"},"modified":"2026-04-13T10:35:32","modified_gmt":"2026-04-13T10:35:32","slug":"si%cc%87ber-zorbalik-poli%cc%87ti%cc%87kasi-ve-proseduru","status":"publish","type":"page","link":"https:\/\/languageinactionltd.co.uk\/tr\/policies\/cyber-bullying-policy-and-procedure\/","title":{"rendered":"Siber Zorbal\u0131k Politikas\u0131 ve Prosed\u00fcr\u00fc"},"content":{"rendered":"<div data-elementor-type=\"wp-page\" data-elementor-id=\"45169\" class=\"elementor elementor-45169\" data-elementor-post-type=\"page\">\n\t\t\t\t<div class=\"elementor-element elementor-element-4a8ad081 body-header-small e-flex e-con-boxed translate-yes e-con e-parent\" data-id=\"4a8ad081\" data-element_type=\"container\" data-e-type=\"container\" data-settings=\"{&quot;background_background&quot;:&quot;classic&quot;}\">\n\t\t\t\t\t<div class=\"e-con-inner\">\n\t\t<div class=\"elementor-element elementor-element-7fb22fee e-con-full e-flex translate-yes e-con e-child\" data-id=\"7fb22fee\" data-element_type=\"container\" data-e-type=\"container\">\n\t\t\t\t<div class=\"elementor-element elementor-element-2b000523 sub-heading elementor-widget elementor-widget-heading\" data-id=\"2b000523\" data-element_type=\"widget\" data-e-type=\"widget\" data-widget_type=\"heading.default\">\n\t\t\t\t<div class=\"elementor-widget-container\">\n\t\t\t\t\t<span class=\"elementor-heading-title elementor-size-default\">Politikalar<\/span>\t\t\t\t<\/div>\n\t\t\t\t<\/div>\n\t\t<div class=\"elementor-element elementor-element-5ea43c4d e-con-full e-flex translate-yes e-con e-child\" data-id=\"5ea43c4d\" data-element_type=\"container\" data-e-type=\"container\">\n\t\t\t\t<div class=\"elementor-element elementor-element-640f4395 elementor-widget elementor-widget-heading\" data-id=\"640f4395\" data-element_type=\"widget\" data-e-type=\"widget\" data-widget_type=\"heading.default\">\n\t\t\t\t<div class=\"elementor-widget-container\">\n\t\t\t\t\t<h1 class=\"elementor-heading-title elementor-size-default\">Siber Zorbal\u0131k Politikas\u0131 ve Prosed\u00fcr\u00fc<\/h1>\t\t\t\t<\/div>\n\t\t\t\t<\/div>\n\t\t\t\t<div class=\"elementor-element elementor-element-ae173e8 elementor-widget elementor-widget-text-editor\" data-id=\"ae173e8\" data-element_type=\"widget\" data-e-type=\"widget\" data-widget_type=\"text-editor.default\">\n\t\t\t\t<div class=\"elementor-widget-container\">\n\t\t\t\t\t\t\t\t\t<p><i>Son g\u00fcncelleme 10\/04\/2026<\/i><\/p>\t\t\t\t\t\t\t\t<\/div>\n\t\t\t\t<\/div>\n\t\t\t\t<\/div>\n\t\t\t\t<\/div>\n\t\t\t\t\t<\/div>\n\t\t\t\t<\/div>\n\t\t<div class=\"elementor-element elementor-element-63c9c2db body-text-1col e-grid e-con-boxed translate-yes e-con e-parent\" data-id=\"63c9c2db\" data-element_type=\"container\" data-e-type=\"container\">\n\t\t\t\t\t<div class=\"e-con-inner\">\n\t\t\t\t<div class=\"elementor-element elementor-element-1ff1c12a section-style-default elementor-widget elementor-widget-Section settings\" data-id=\"1ff1c12a\" data-element_type=\"widget\" data-e-type=\"widget\" data-widget_type=\"Section settings.default\">\n\t\t\t\t<div class=\"elementor-widget-container\">\n\t\t\t\t\t\t\t\t\t\t\t<\/div>\n\t\t\t\t<\/div>\n\t\t<div class=\"elementor-element elementor-element-5ed37eed e-con-full e-flex translate-yes e-con e-child\" data-id=\"5ed37eed\" data-element_type=\"container\" data-e-type=\"container\">\n\t\t\t\t<div class=\"elementor-element elementor-element-7ed835a7 elementor-widget elementor-widget-text-editor\" data-id=\"7ed835a7\" data-element_type=\"widget\" data-e-type=\"widget\" data-widget_type=\"text-editor.default\">\n\t\t\t\t<div class=\"elementor-widget-container\">\n\t\t\t\t\t\t\t\t\t<p class=\"p1\">Language in Action, e\u011fitim alan\u0131nda sa\u011flad\u0131\u011f\u0131 faydalar a\u00e7\u0131s\u0131ndan modern teknolojinin avantajlar\u0131n\u0131 benimsemektedir, ancak \u015firket zorbal\u0131\u011f\u0131n ortaya \u00e7\u0131kma potansiyelini de g\u00f6z \u00f6n\u00fcnde bulundurmaktad\u0131r.<\/p><p class=\"p1\">\u015eirketin zorbal\u0131k kar\u015f\u0131t\u0131 politikas\u0131n\u0131n merkezinde \u2018t\u00fcm \u00f6\u011frencilerin zorbal\u0131\u011fa u\u011framama hakk\u0131 oldu\u011fu\u2019 ve \u2018zorbal\u0131\u011f\u0131n her zaman kabul edilemez oldu\u011fu\u2019 inanc\u0131 yer almaktad\u0131r. \u015eirket ayr\u0131ca \u2018okul d\u0131\u015f\u0131nda yap\u0131lan ve okula s\u0131\u00e7rayan zorbal\u0131\u011f\u0131 dikkate almas\u0131\u2019 gerekti\u011fini de kabul etmektedir.<\/p><p class=\"p1\">\u00c7ED 2006 taraf\u0131ndan verilen yetkiler kapsam\u0131nda, Sosyal Yard\u0131m G\u00f6revlisi veya Sosyal Yard\u0131m M\u00fcd\u00fcr\u00fc siber zorbal\u0131\u011f\u0131 veya \u00f6\u011frenciler taraf\u0131ndan tesis i\u00e7inde veya d\u0131\u015f\u0131nda ger\u00e7ekle\u015ftirilen her t\u00fcrl\u00fc zorbal\u0131k unsurunu denetleyebilir.<\/p><h2 class=\"p1\">Siber Zorbal\u0131\u011f\u0131n Tan\u0131m\u0131<\/h2><p class=\"p1\">Siber zorbal\u0131k, bir grup veya birey taraf\u0131ndan elektronik ileti\u015fim bi\u00e7imleri kullan\u0131larak, kendini kolayca savunamayan bir ma\u011fdura kar\u015f\u0131 zaman i\u00e7inde tekrar tekrar ger\u00e7ekle\u015ftirilen sald\u0131rgan, kas\u0131tl\u0131 bir eylemdir.<\/p><p class=\"p1\">Siber zorbal\u0131ktan kast\u0131m\u0131z, elektronik medya arac\u0131l\u0131\u011f\u0131yla yap\u0131lan zorbal\u0131kt\u0131r:<\/p><ul><li><p class=\"p1\">Cep telefonlar\u0131na gelen mesajlar veya aramalar yoluyla zorbal\u0131k<\/p><\/li><li><p class=\"p1\">Cep telefonu kameralar\u0131n\u0131n s\u0131k\u0131nt\u0131, korku veya a\u015fa\u011f\u0131lanmaya neden olacak \u015fekilde kullan\u0131lmas\u0131<\/p><\/li><li><p class=\"p1\">Bloglar, ki\u015fisel web siteleri, sosyal a\u011f siteleri dahil olmak \u00fczere web sitelerinde tehdit edici, k\u00fcf\u00fcrl\u00fc, karalay\u0131c\u0131 veya k\u00fc\u00e7\u00fck d\u00fc\u015f\u00fcr\u00fcc\u00fc materyaller yay\u0131nlamak<\/p><\/li><li><p class=\"p1\">Ba\u015fkalar\u0131na mesaj g\u00f6ndermek i\u00e7in e-posta kullanma<\/p><\/li><li><p class=\"p1\">E-posta hesaplar\u0131n\u0131n ele ge\u00e7irilmesi\/klonlanmas\u0131<\/p><\/li><li><p class=\"p1\">Facebook da dahil olmak \u00fczere sohbet odalar\u0131nda tehdit edici, k\u00fcf\u00fcrl\u00fc, karalay\u0131c\u0131 veya k\u00fc\u00e7\u00fck d\u00fc\u015f\u00fcr\u00fcc\u00fc ifadelerde bulunmak,<\/p><\/li><li><p class=\"p1\">YouTube veya herhangi bir sosyal medya.<\/p><\/li><\/ul><h2 class=\"p1\">Yasal Sorunlar<\/h2><p class=\"p1\">Siber zorbal\u0131k genel olarak su\u00e7 niteli\u011findedir. Kanun siber uzay i\u00e7in ge\u00e7erlidir.<\/p><ul><li><p class=\"p1\">Karalay\u0131c\u0131 bilgilerin internet siteleri de dahil olmak \u00fczere herhangi bir ortamda yay\u0131lmas\u0131 yasa d\u0131\u015f\u0131d\u0131r.<\/p><\/li><li><p class=\"p1\">2003 tarihli \u0130leti\u015fim Yasas\u0131'n\u0131n 127. B\u00f6l\u00fcm\u00fc, kamuya a\u00e7\u0131k bir elektronik ileti\u015fim a\u011f\u0131 arac\u0131l\u0131\u011f\u0131yla, a\u011f\u0131r derecede sald\u0131rgan veya uygunsuz, m\u00fcstehcen veya tehdit edici nitelikte bir mesaj veya ba\u015fka bir konu g\u00f6ndermeyi su\u00e7 haline getirmektedir.<\/p><\/li><li><p class=\"p1\">Tacizden Koruma Yasas\u0131 1997, tacize varan herhangi bir davran\u0131\u015f\u0131 bilerek s\u00fcrd\u00fcrmeyi su\u00e7 haline getirmektedir.<\/p><\/li><\/ul><h2 class=\"p1\">Politika<\/h2><p class=\"p1\">Language in Action, \u00f6\u011frencilerini hem telekom\u00fcnikasyonun do\u011fru kullan\u0131m\u0131 konusunda hem de<\/p><p class=\"p1\">Siber zorbal\u0131\u011f\u0131n ciddi sonu\u00e7lar\u0131 vard\u0131r ve toplant\u0131lar ve dersler arac\u0131l\u0131\u011f\u0131yla \u00f6\u011frencilerini h\u0131zla de\u011fi\u015fen bu alanlarda bilgilendirmeye ve e\u011fitmeye devam edecektir. Language in Action, personelini siber zorbal\u0131k veya taciz raporlar\u0131na etkili bir \u015fekilde yan\u0131t vermeleri i\u00e7in e\u011fitir ve buna yan\u0131t verecek sistemlere sahiptir.<\/p><p class=\"p1\">Language in Action, g\u00fcvenlik duvarlar\u0131, antivir\u00fcs korumas\u0131 ve filtreleme sistemleri kullanarak uygunsuz web sitelerine eri\u015fimi engellemeye \u00e7al\u0131\u015f\u0131r ve hi\u00e7bir \u00f6\u011frencinin, varsa Bilgisayar Odas\u0131nda veya okul i\u00e7inde zaman zaman bu t\u00fcr \u00e7al\u0131\u015fmalar i\u00e7in kullan\u0131labilecek ba\u015fka bir yerde, bir personel \u00fcyesi olmadan internette \u00e7al\u0131\u015fmas\u0131na izin verilmez. Language in Action, uygun ve sorumlu oldu\u011fu durumlarda ICT ileti\u015fimlerini denetler ve y\u00fcr\u00fcrl\u00fckteki g\u00fcvenlik d\u00fczenlemelerini d\u00fczenli olarak g\u00f6zden ge\u00e7irir. E\u011fitim ve rehberlik yapt\u0131\u011f\u0131m\u0131z i\u015fin merkezinde yer almaya devam ederken, Language in Action siber zorbal\u0131\u011fa kat\u0131lanlara kar\u015f\u0131 harekete ge\u00e7me hakk\u0131n\u0131 sakl\u0131 tutar.<\/p><ul><li><p class=\"p1\">T\u00fcm zorbal\u0131klar zarar vericidir ancak siber zorbal\u0131k ve taciz her zaman mahremiyeti ihlal edici olabilir. Bu eylemler ayn\u0131 zamanda su\u00e7 te\u015fkil eden eylemler de olabilir.<\/p><\/li><li><p class=\"p1\">Language in Action ma\u011fdurlar\u0131 destekler ve gerekti\u011finde su\u00e7 te\u015fkil eden eylemlere kar\u0131\u015fanlar\u0131 tespit etmek i\u00e7in Polisle birlikte \u00e7al\u0131\u015f\u0131r. Language in Action, okul i\u00e7inde veya d\u0131\u015f\u0131nda di\u011fer \u00f6\u011frencilere zorbal\u0131k yapan veya personeli bu \u015fekilde taciz eden \u00f6\u011frencileri d\u00fczeltmek, cezaland\u0131rmak veya uzakla\u015ft\u0131rmak i\u00e7in uygun oldu\u011fu \u015fekilde t\u00fcm yapt\u0131r\u0131mlar\u0131 kullanacakt\u0131r.<\/p><\/li><li><p class=\"p1\">Language in Action, \u00f6\u011frencilerin su\u00e7 i\u015flemesini veya ekipman\u0131 k\u00f6t\u00fcye kullanmas\u0131n\u0131 \u00f6nlemek i\u00e7in gerekti\u011finde el koyma yetkisini kullanacakt\u0131r.<\/p><\/li><li><p class=\"p1\">Okul toplumunun t\u00fcm \u00fcyeleri, bildikleri veya \u015f\u00fcphelendikleri herhangi bir siber zorbal\u0131k veya taciz \u00f6rne\u011fini Sosyal Yard\u0131m G\u00f6revlisinin dikkatine sunmakla y\u00fck\u00fcml\u00fc olduklar\u0131n\u0131n bilincindedir.<\/p><\/li><\/ul><p class=\"p1\"><strong>Personel i\u00e7in Rehberlik<\/strong><\/p><p class=\"p1\">Bir siber zorbal\u0131k olay\u0131ndan \u015f\u00fcphelenirseniz veya bu olaydan haberdar olursan\u0131z, a\u015fa\u011f\u0131da belirtilen protokol\u00fc izleyin:<\/p><p class=\"p1\"><strong>Cep Telefonlar\u0131<\/strong><\/p><ul><li class=\"p1\">\u00d6\u011frenciden size cep telefonunu g\u00f6stermesini isteyin<\/li><li class=\"p1\">Tarih, saat ve isimler de dahil olmak \u00fczere, ekranda uygunsuz bir metin mesaj\u0131 veya resimle ilgili her \u015feyi a\u00e7\u0131k\u00e7a not edin.<\/li><li class=\"p1\">Konu\u015fulan bir mesaj\u0131n d\u00f6k\u00fcm\u00fcn\u00fc yap\u0131n, yine tarih, saat ve isimleri kaydedin.<\/li><li class=\"p1\">\u00d6\u011frenciye mesaj\u0131\/g\u00f6r\u00fcnt\u00fcy\u00fc kaydetmesini s\u00f6yleyin.<\/li><li class=\"p1\">\u00d6\u011frenciyle birlikte gidip Sosyal Yard\u0131m G\u00f6revlisini g\u00f6r\u00fcn veya onun yoklu\u011funda b\u00f6l\u00fcm m\u00fcd\u00fcr\u00fcn\u00fczle ileti\u015fime ge\u00e7in.<\/li><\/ul><p class=\"p1\"><strong>Bilgisayarlar<\/strong><\/p><ul><li class=\"p1\">\u00d6\u011frenciden s\u00f6z konusu materyali ekrana getirmesini isteyin<\/li><li class=\"p1\">\u00d6\u011frenciden materyali kaydetmesini isteyin<\/li><li class=\"p1\">Rahats\u0131z edici materyalin \u00e7\u0131kt\u0131s\u0131n\u0131 hemen al\u0131n<\/li><li class=\"p1\">T\u00fcm sayfalar\u0131n do\u011fru s\u0131rada oldu\u011fundan ve herhangi bir eksiklik olmad\u0131\u011f\u0131ndan emin olun<\/li><li class=\"p1\">\u00d6\u011frenciye e\u015flik edin, rahats\u0131z edici materyali alarak Sosyal Yard\u0131m G\u00f6revlisini g\u00f6rmeye gidin<\/li><li class=\"p1\">\u00d6\u011frencilerle m\u00fclakat yapmak ve ifade almak i\u00e7in normal prosed\u00fcrler, \u00f6zellikle de bir \u00e7ocuk koruma sorunu ortaya \u00e7\u0131kt\u0131\u011f\u0131nda takip edilecektir.<\/li><\/ul><p class=\"p1\"><strong>\u00d6\u011frenciler i\u00e7in Rehberlik<\/strong><\/p><p class=\"p1\">Kendinizin veya bir ba\u015fkas\u0131n\u0131n siber zorbal\u0131k kurban\u0131 oldu\u011funu d\u00fc\u015f\u00fcn\u00fcyorsan\u0131z, m\u00fcmk\u00fcn olan en k\u0131sa s\u00fcrede bir yeti\u015fkinle konu\u015fmal\u0131s\u0131n\u0131z. Bu ki\u015fi bir \u00f6\u011fretmen, grup lideri veya Sosyal Yard\u0131m G\u00f6revlisi olabilir.<\/p><ul><li class=\"p1\">K\u00fcf\u00fcrl\u00fc mesajlara cevap vermeyin, bunlar\u0131 kaydedin ve raporlay\u0131n<\/li><li class=\"p1\">\u00d6\u011fretmeninize, grup liderinize veya Sosyal Yard\u0131m G\u00f6revlisine g\u00f6sterilmeden hi\u00e7bir \u015feyi silmeyin (\u00fcz\u00fcc\u00fc olsa bile, materyal daha sonra siber zorbal\u0131\u011f\u0131n kan\u0131t\u0131 olarak kullan\u0131lmas\u0131 gerekebilecek \u00f6nemli bir kan\u0131tt\u0131r)<\/li><li class=\"p1\">Ki\u015fisel BT bilgilerinizi vermeyin<\/li><li class=\"p1\">K\u00fcf\u00fcrl\u00fc e-postalara asla yan\u0131t vermeyin<\/li><li class=\"p1\">Tan\u0131mad\u0131\u011f\u0131n\u0131z birine asla cevap vermeyin<\/li><li class=\"p1\">Sohbet odalar\u0131nda halka a\u00e7\u0131k alanlarda kal\u0131n<\/li><\/ul><p class=\"p1\"><strong>Aileler, Refakat\u00e7i Yeti\u015fkinler ve Acenteler i\u00e7in Rehberlik<\/strong><\/p><p class=\"p1\">T\u00fcm \u00f6\u011frencilerin siber zorbal\u0131k olarak g\u00f6r\u00fclebilecek herhangi bir \u015feye kar\u0131\u015fman\u0131n ciddi sonu\u00e7lar\u0131n\u0131n fark\u0131nda olmas\u0131 hayati \u00f6nem ta\u015f\u0131maktad\u0131r. Language in Action, acenteleri ve acente personelini siber zorbal\u0131k politikas\u0131 ve siber zorbal\u0131kla ba\u015fa \u00e7\u0131kmak i\u00e7in y\u00fcr\u00fcrl\u00fckte olan prosed\u00fcrler hakk\u0131nda bilgilendirir.<\/p><ul><li class=\"p1\">Ebeveynler, acente personeli, grup liderleri ve acenteler, bak\u0131mlar\u0131 alt\u0131ndaki \u00e7ocu\u011fun okulun politikas\u0131n\u0131 ve her \u015feyden \u00f6nce Language in Action'\u0131n siber zorbal\u0131k olaylar\u0131n\u0131 ne kadar ciddiye ald\u0131\u011f\u0131n\u0131 anlad\u0131\u011f\u0131ndan emin olarak yard\u0131mc\u0131 olabilirler.<\/li><li><p class=\"p1\">Ebeveynler de o\u011fullar\u0131na veya k\u0131zlar\u0131na siber zorbal\u0131kla ilgili konular\u0131 a\u00e7\u0131klayabilirler<\/p><\/li><li><p class=\"p1\">Ebeveynler veya sorumlu herhangi bir yeti\u015fkin, bak\u0131mlar\u0131 alt\u0131ndaki bir \u00e7ocu\u011fun siber zorbal\u0131\u011f\u0131n kurban\u0131 oldu\u011funa inan\u0131yorsa, rahats\u0131z edici materyali kaydetmeli (gerekirse, kendilerinin veya \u00e7ocu\u011fun cep telefonundaki rahats\u0131z edici bir metni kaydederek) ve herhangi bir \u015feyi silmeden \u00f6nce ilgili t\u00fcm bilgilere sahip olduklar\u0131ndan emin olmal\u0131d\u0131rlar<\/p><\/li><li><p class=\"p1\">Sorumlu yeti\u015fkin m\u00fcmk\u00fcn olan en k\u0131sa s\u00fcrede Sosyal Yard\u0131m G\u00f6revlisi ile irtibata ge\u00e7melidir. Daha sonra Sosyal Yard\u0131m G\u00f6revlisi ile ilgili di\u011fer personel \u00fcyelerinin de kat\u0131labilece\u011fi bir toplant\u0131 d\u00fczenlenebilir<\/p><\/li><li><p class=\"p1\">EVDE E-G\u00dcVENL\u0130K Bir\u00e7ok site, \u00f6zellikle \u00e7ocuklar\u0131n\u0131n evde bilgisayar kullan\u0131m\u0131n\u0131 en iyi \u015fekilde nas\u0131l izleyebilecekleri konusunda ebeveynlere yararl\u0131 tavsiyeler sunmaktad\u0131r.<\/p><\/li><\/ul><p class=\"p1\">\u00d6nemli ve faydal\u0131 bilgiler a\u015fa\u011f\u0131daki sitede bulunabilir:<\/p><p class=\"p1\"><a href=\"http:\/\/www.nextgenerationlearning.org.uk\/safeguarding-learners\/Safeguarding-learnerscontent\/Parents-andcarers\/\" target=\"_blank\" rel=\"noopener\">www.nextgenerationlearning.org.uk\/safeguarding-learners\/Safeguarding-learnerscontent\/Parents-andcarers\/<\/a><\/p><p class=\"p1\">Davran\u0131\u015f Kurallar\u0131, i\u015fe giri\u015fte ve dersler s\u0131ras\u0131nda \u00f6\u011frencilere a\u00e7\u0131klan\u0131r ve tart\u0131\u015f\u0131l\u0131r.<\/p><p><strong>Ulusal Kurulu\u015flar <\/strong><\/p><p>A\u015fa\u011f\u0131dakilerden daha fazla destek ve rehberlik al\u0131nabilir:<\/p><p class=\"p1\"><a href=\"http:\/\/www.teachernet.gov.uk\/wholeschool\/behaviour\/tacklingbullying\/cyber-bullying\" target=\"_blank\" rel=\"noopener\"><i>www.teachernet.gov.uk\/wholeschool\/behaviour\/tacklingbullying\/cyber-bullying<\/i><\/a><\/p><p class=\"p1\"><a href=\"http:\/\/www.bullying.co.uk\" target=\"_blank\" rel=\"noopener\"><i>www.bullying.co.uk<\/i><\/a><\/p><p class=\"p1\">A\u015fa\u011f\u0131daki bilgiler yukar\u0131daki web sitesinden indirilebilir:<\/p><ul><li class=\"p1\">\u00d6\u011frenmek i\u00e7in G\u00fcvenli: Zorbal\u0131k kar\u015f\u0131t\u0131 \u00e7al\u0131\u015fmalar\u0131n okullara yerle\u015ftirilmesi (2007)<\/li><li class=\"p1\">Siber Zorbal\u0131k Rehberlik ve Kaynaklar\u0131.<\/li><li class=\"p1\">\u00d6\u011frenmek i\u00e7in G\u00fcvenli<\/li><\/ul><p><strong>Siber Zorbal\u0131k \u00d6zet Bro\u015f\u00fcr\u00fc<\/strong><\/p><p><a href=\"http:\/\/www.antibullying.net\/cyber-bullying1.html\" target=\"_blank\" rel=\"noopener\">www.antibullying.net\/cyber-bullying1.html<\/a><\/p><p class=\"p1\">\u00d6\u011frencilerin korunmas\u0131na ili\u015fkin bilgi i\u00e7in \u00d6\u011fretmenler ve Gen\u00e7lerle \u00c7al\u0131\u015fan Di\u011fer Profesyoneller i\u00e7in Bilgi Formu<\/p><p class=\"p1\"><a href=\"http:\/\/www.becta.org.uk\" target=\"_blank\" rel=\"noopener\"><i>www.becta.org.uk<\/i><\/a><\/p><p class=\"p1\">Beatbullying Zorbal\u0131k Kar\u015f\u0131t\u0131 \u0130ttifak Rochester House Ulusal \u00c7ocuk<\/p><p class=\"p1\">B\u00fcro 4 Belvedere<\/p><p class=\"p1\">Road 8 Wakley Street Londra SE19 2AT EC1V 7QE<\/p><p class=\"p1\">020 8771 3377 veya 020 7843 1901<\/p><p class=\"p2\"><span class=\"s1\"><a href=\"http:\/\/www.beatbullying.org\/\">www.beatbully ing.org<\/a><\/span> <span class=\"s2\">veya <a href=\"http:\/\/www.anti-bullyingalliance.org.uk\/\"><span class=\"s1\">www.anti-bul<\/span>ly<span class=\"s1\"> ingalliance.org.uk<\/span><\/a><\/span><\/p>\t\t\t\t\t\t\t\t<\/div>\n\t\t\t\t<\/div>\n\t\t\t\t<\/div>\n\t\t\t\t\t<\/div>\n\t\t\t\t<\/div>\n\t\t\t\t<\/div>","protected":false},"excerpt":{"rendered":"<p>Policies Cyber-Bullying Policy and Procedure Last updated 10\/04\/2026 Language in Action embraces the advantages of modern technology in terms of the educational benefits it brings, however the company is mindful of the potential for bullying to occur. Central to the company\u2019s anti-bullying policy is the belief that \u2018all students have a right not to be [&hellip;]<\/p>\n","protected":false},"author":27,"featured_media":0,"parent":44379,"menu_order":0,"comment_status":"closed","ping_status":"closed","template":"","meta":{"_acf_changed":false,"footnotes":""},"class_list":["post-45169","page","type-page","status-publish","hentry"],"acf":[],"yoast_head":"<!-- This site is optimized with the Yoast SEO plugin v27.5 - https:\/\/yoast.com\/product\/yoast-seo-wordpress\/ -->\n<title>Cyber Bullying Policy and Procedure - Language in Action<\/title>\n<meta name=\"robots\" content=\"index, follow, max-snippet:-1, max-image-preview:large, max-video-preview:-1\" \/>\n<link rel=\"canonical\" href=\"https:\/\/languageinactionltd.co.uk\/tr\/politikalar\/si\u0307ber-zorbalik-poli\u0307ti\u0307kasi-ve-proseduru\/\" \/>\n<meta property=\"og:locale\" content=\"tr_TR\" \/>\n<meta property=\"og:type\" content=\"article\" \/>\n<meta property=\"og:title\" content=\"Cyber Bullying Policy and Procedure - Language in Action\" \/>\n<meta property=\"og:description\" content=\"Policies Cyber-Bullying Policy and Procedure Last updated 10\/04\/2026 Language in Action embraces the advantages of modern technology in terms of the educational benefits it brings, however the company is mindful of the potential for bullying to occur. Central to the company\u2019s anti-bullying policy is the belief that \u2018all students have a right not to be [&hellip;]\" \/>\n<meta property=\"og:url\" content=\"https:\/\/languageinactionltd.co.uk\/tr\/politikalar\/si\u0307ber-zorbalik-poli\u0307ti\u0307kasi-ve-proseduru\/\" \/>\n<meta property=\"og:site_name\" content=\"Language in Action\" \/>\n<meta property=\"article:modified_time\" content=\"2026-04-13T10:35:32+00:00\" \/>\n<meta property=\"og:image\" content=\"https:\/\/languageinactionltd.co.uk\/wp-content\/uploads\/sites\/9\/2025\/08\/lia-social.png\" \/>\n\t<meta property=\"og:image:width\" content=\"1200\" \/>\n\t<meta property=\"og:image:height\" content=\"675\" \/>\n\t<meta property=\"og:image:type\" content=\"image\/png\" \/>\n<meta name=\"twitter:card\" content=\"summary_large_image\" \/>\n<meta name=\"twitter:label1\" content=\"Tahmini okuma s\u00fcresi\" \/>\n\t<meta name=\"twitter:data1\" content=\"6 dakika\" \/>\n<script type=\"application\/ld+json\" class=\"yoast-schema-graph\">{\"@context\":\"https:\\\/\\\/schema.org\",\"@graph\":[{\"@type\":\"WebPage\",\"@id\":\"https:\\\/\\\/languageinactionltd.co.uk\\\/policies\\\/cyber-bullying-policy-and-procedure\\\/\",\"url\":\"https:\\\/\\\/languageinactionltd.co.uk\\\/policies\\\/cyber-bullying-policy-and-procedure\\\/\",\"name\":\"Cyber Bullying Policy and Procedure - Language in Action\",\"isPartOf\":{\"@id\":\"https:\\\/\\\/languageinactionltd.co.uk\\\/#website\"},\"datePublished\":\"2025-08-28T10:08:25+00:00\",\"dateModified\":\"2026-04-13T10:35:32+00:00\",\"breadcrumb\":{\"@id\":\"https:\\\/\\\/languageinactionltd.co.uk\\\/policies\\\/cyber-bullying-policy-and-procedure\\\/#breadcrumb\"},\"inLanguage\":\"tr\",\"potentialAction\":[{\"@type\":\"ReadAction\",\"target\":[\"https:\\\/\\\/languageinactionltd.co.uk\\\/policies\\\/cyber-bullying-policy-and-procedure\\\/\"]}]},{\"@type\":\"BreadcrumbList\",\"@id\":\"https:\\\/\\\/languageinactionltd.co.uk\\\/policies\\\/cyber-bullying-policy-and-procedure\\\/#breadcrumb\",\"itemListElement\":[{\"@type\":\"ListItem\",\"position\":1,\"name\":\"Home\",\"item\":\"https:\\\/\\\/languageinactionltd.co.uk\\\/\"},{\"@type\":\"ListItem\",\"position\":2,\"name\":\"Policies\",\"item\":\"https:\\\/\\\/languageinactionltd.co.uk\\\/policies\\\/\"},{\"@type\":\"ListItem\",\"position\":3,\"name\":\"Cyber Bullying Policy and Procedure\"}]},{\"@type\":\"WebSite\",\"@id\":\"https:\\\/\\\/languageinactionltd.co.uk\\\/#website\",\"url\":\"https:\\\/\\\/languageinactionltd.co.uk\\\/\",\"name\":\"Language in Action\",\"description\":\"\",\"potentialAction\":[{\"@type\":\"SearchAction\",\"target\":{\"@type\":\"EntryPoint\",\"urlTemplate\":\"https:\\\/\\\/languageinactionltd.co.uk\\\/?s={search_term_string}\"},\"query-input\":{\"@type\":\"PropertyValueSpecification\",\"valueRequired\":true,\"valueName\":\"search_term_string\"}}],\"inLanguage\":\"tr\"}]}<\/script>\n<!-- \/ Yoast SEO plugin. -->","yoast_head_json":{"title":"Siber Zorbal\u0131k Politikas\u0131 ve Prosed\u00fcr\u00fc - Language in Action","robots":{"index":"index","follow":"follow","max-snippet":"max-snippet:-1","max-image-preview":"max-image-preview:large","max-video-preview":"max-video-preview:-1"},"canonical":"https:\/\/languageinactionltd.co.uk\/tr\/politikalar\/si\u0307ber-zorbalik-poli\u0307ti\u0307kasi-ve-proseduru\/","og_locale":"tr_TR","og_type":"article","og_title":"Cyber Bullying Policy and Procedure - Language in Action","og_description":"Policies Cyber-Bullying Policy and Procedure Last updated 10\/04\/2026 Language in Action embraces the advantages of modern technology in terms of the educational benefits it brings, however the company is mindful of the potential for bullying to occur. Central to the company\u2019s anti-bullying policy is the belief that \u2018all students have a right not to be [&hellip;]","og_url":"https:\/\/languageinactionltd.co.uk\/tr\/politikalar\/si\u0307ber-zorbalik-poli\u0307ti\u0307kasi-ve-proseduru\/","og_site_name":"Language in Action","article_modified_time":"2026-04-13T10:35:32+00:00","og_image":[{"width":1200,"height":675,"url":"https:\/\/languageinactionltd.co.uk\/wp-content\/uploads\/sites\/9\/2025\/08\/lia-social.png","type":"image\/png"}],"twitter_card":"summary_large_image","twitter_misc":{"Tahmini okuma s\u00fcresi":"6 dakika"},"schema":{"@context":"https:\/\/schema.org","@graph":[{"@type":"WebPage","@id":"https:\/\/languageinactionltd.co.uk\/policies\/cyber-bullying-policy-and-procedure\/","url":"https:\/\/languageinactionltd.co.uk\/policies\/cyber-bullying-policy-and-procedure\/","name":"Siber Zorbal\u0131k Politikas\u0131 ve Prosed\u00fcr\u00fc - Language in Action","isPartOf":{"@id":"https:\/\/languageinactionltd.co.uk\/#website"},"datePublished":"2025-08-28T10:08:25+00:00","dateModified":"2026-04-13T10:35:32+00:00","breadcrumb":{"@id":"https:\/\/languageinactionltd.co.uk\/policies\/cyber-bullying-policy-and-procedure\/#breadcrumb"},"inLanguage":"tr","potentialAction":[{"@type":"ReadAction","target":["https:\/\/languageinactionltd.co.uk\/policies\/cyber-bullying-policy-and-procedure\/"]}]},{"@type":"BreadcrumbList","@id":"https:\/\/languageinactionltd.co.uk\/policies\/cyber-bullying-policy-and-procedure\/#breadcrumb","itemListElement":[{"@type":"ListItem","position":1,"name":"Home","item":"https:\/\/languageinactionltd.co.uk\/"},{"@type":"ListItem","position":2,"name":"Policies","item":"https:\/\/languageinactionltd.co.uk\/policies\/"},{"@type":"ListItem","position":3,"name":"Cyber Bullying Policy and Procedure"}]},{"@type":"WebSite","@id":"https:\/\/languageinactionltd.co.uk\/#website","url":"https:\/\/languageinactionltd.co.uk\/","name":"Eylem Halinde Dil","description":"","potentialAction":[{"@type":"SearchAction","target":{"@type":"EntryPoint","urlTemplate":"https:\/\/languageinactionltd.co.uk\/?s={search_term_string}"},"query-input":{"@type":"PropertyValueSpecification","valueRequired":true,"valueName":"search_term_string"}}],"inLanguage":"tr"}]}},"_links":{"self":[{"href":"https:\/\/languageinactionltd.co.uk\/tr\/wp-json\/wp\/v2\/pages\/45169","targetHints":{"allow":["GET"]}}],"collection":[{"href":"https:\/\/languageinactionltd.co.uk\/tr\/wp-json\/wp\/v2\/pages"}],"about":[{"href":"https:\/\/languageinactionltd.co.uk\/tr\/wp-json\/wp\/v2\/types\/page"}],"author":[{"embeddable":true,"href":"https:\/\/languageinactionltd.co.uk\/tr\/wp-json\/wp\/v2\/users\/27"}],"replies":[{"embeddable":true,"href":"https:\/\/languageinactionltd.co.uk\/tr\/wp-json\/wp\/v2\/comments?post=45169"}],"version-history":[{"count":7,"href":"https:\/\/languageinactionltd.co.uk\/tr\/wp-json\/wp\/v2\/pages\/45169\/revisions"}],"predecessor-version":[{"id":47699,"href":"https:\/\/languageinactionltd.co.uk\/tr\/wp-json\/wp\/v2\/pages\/45169\/revisions\/47699"}],"up":[{"embeddable":true,"href":"https:\/\/languageinactionltd.co.uk\/tr\/wp-json\/wp\/v2\/pages\/44379"}],"wp:attachment":[{"href":"https:\/\/languageinactionltd.co.uk\/tr\/wp-json\/wp\/v2\/media?parent=45169"}],"curies":[{"name":"wp","href":"https:\/\/api.w.org\/{rel}","templated":true}]}}