{"id":45119,"date":"2025-08-28T08:05:24","date_gmt":"2025-08-28T08:05:24","guid":{"rendered":"https:\/\/languageinactionltd.co.uk\/?page_id=45119"},"modified":"2026-04-13T10:34:25","modified_gmt":"2026-04-13T10:34:25","slug":"devam-poli%cc%87ti%cc%87kasi","status":"publish","type":"page","link":"https:\/\/languageinactionltd.co.uk\/tr\/policies\/attendance-policy\/","title":{"rendered":"Devam Politikas\u0131"},"content":{"rendered":"<div data-elementor-type=\"wp-page\" data-elementor-id=\"45119\" class=\"elementor elementor-45119\" data-elementor-post-type=\"page\">\n\t\t\t\t<div class=\"elementor-element elementor-element-1d1d6fd2 body-header-small e-flex e-con-boxed translate-yes e-con e-parent\" data-id=\"1d1d6fd2\" data-element_type=\"container\" data-e-type=\"container\" data-settings=\"{&quot;background_background&quot;:&quot;classic&quot;}\">\n\t\t\t\t\t<div class=\"e-con-inner\">\n\t\t<div class=\"elementor-element elementor-element-5d9161a5 e-con-full e-flex translate-yes e-con e-child\" data-id=\"5d9161a5\" data-element_type=\"container\" data-e-type=\"container\">\n\t\t\t\t<div class=\"elementor-element elementor-element-43325b46 sub-heading elementor-widget elementor-widget-heading\" data-id=\"43325b46\" data-element_type=\"widget\" data-e-type=\"widget\" data-widget_type=\"heading.default\">\n\t\t\t\t<div class=\"elementor-widget-container\">\n\t\t\t\t\t<span class=\"elementor-heading-title elementor-size-default\">Politikalar<\/span>\t\t\t\t<\/div>\n\t\t\t\t<\/div>\n\t\t<div class=\"elementor-element elementor-element-357b9404 e-con-full e-flex translate-yes e-con e-child\" data-id=\"357b9404\" data-element_type=\"container\" data-e-type=\"container\">\n\t\t\t\t<div class=\"elementor-element elementor-element-406ec61b elementor-widget elementor-widget-heading\" data-id=\"406ec61b\" data-element_type=\"widget\" data-e-type=\"widget\" data-widget_type=\"heading.default\">\n\t\t\t\t<div class=\"elementor-widget-container\">\n\t\t\t\t\t<h1 class=\"elementor-heading-title elementor-size-default\">Devam Politikas\u0131<\/h1>\t\t\t\t<\/div>\n\t\t\t\t<\/div>\n\t\t\t\t<div class=\"elementor-element elementor-element-5090f96 elementor-widget elementor-widget-text-editor\" data-id=\"5090f96\" data-element_type=\"widget\" data-e-type=\"widget\" data-widget_type=\"text-editor.default\">\n\t\t\t\t<div class=\"elementor-widget-container\">\n\t\t\t\t\t\t\t\t\t<p><i>Son g\u00fcncelleme 10\/04\/2026<\/i><\/p>\t\t\t\t\t\t\t\t<\/div>\n\t\t\t\t<\/div>\n\t\t\t\t<\/div>\n\t\t\t\t<\/div>\n\t\t\t\t\t<\/div>\n\t\t\t\t<\/div>\n\t\t<div class=\"elementor-element elementor-element-4afc2018 body-text-1col e-grid e-con-boxed translate-yes e-con e-parent\" data-id=\"4afc2018\" data-element_type=\"container\" data-e-type=\"container\">\n\t\t\t\t\t<div class=\"e-con-inner\">\n\t\t\t\t<div class=\"elementor-element elementor-element-494bdf91 section-style-default elementor-widget elementor-widget-Section settings\" data-id=\"494bdf91\" data-element_type=\"widget\" data-e-type=\"widget\" data-widget_type=\"Section settings.default\">\n\t\t\t\t<div class=\"elementor-widget-container\">\n\t\t\t\t\t\t\t\t\t\t\t<\/div>\n\t\t\t\t<\/div>\n\t\t<div class=\"elementor-element elementor-element-3228e59 e-con-full e-flex translate-yes e-con e-child\" data-id=\"3228e59\" data-element_type=\"container\" data-e-type=\"container\">\n\t\t\t\t<div class=\"elementor-element elementor-element-620f3485 elementor-widget elementor-widget-text-editor\" data-id=\"620f3485\" data-element_type=\"widget\" data-e-type=\"widget\" data-widget_type=\"text-editor.default\">\n\t\t\t\t<div class=\"elementor-widget-container\">\n\t\t\t\t\t\t\t\t\t<p class=\"p1\">A\u015fa\u011f\u0131daki devam politikas\u0131 \u00f6\u011frencilere, personele ve di\u011fer payda\u015flara a\u015fa\u011f\u0131daki yollarla duyurulur:<\/p><ul><li><p class=\"p1\">S\u0131n\u0131flarda ve konutlarda posterler;<\/p><\/li><li><p class=\"p1\">\u00d6\u011frenci ilk g\u00fcn ind\u00fcksiyonunda ele al\u0131n\u0131r;<\/p><p class=\"p1\">\u00d6\u011frenci \u0130nd\u00fcksiyon Paketine dahildir;<\/p><\/li><li><p class=\"p1\">Personel ind\u00fcksiyonunda ele al\u0131nm\u0131\u015ft\u0131r;<\/p><\/li><li><p class=\"p1\">Personel El Kitab\u0131nda ve \u00d6\u011fretmen El Kitab\u0131nda (personel odas\u0131nda ve payla\u015f\u0131lan s\u00fcr\u00fcc\u00fcde) yer almaktad\u0131r;<\/p><\/li><li><p class=\"p1\">Language in Action web sitesinin politikalar b\u00f6l\u00fcm\u00fcnde mevcuttur.<\/p><\/li><\/ul><p>\u0130\u00e7i\u015fleri Bakanl\u0131\u011f\u0131, dil okullar\u0131, kolejler ve \u00fcniversitelerdeki bir kursa kat\u0131lan t\u00fcm \u00f6\u011frencilerin <strong>100%<\/strong> s\u0131n\u0131flar\u0131n\u0131n en az <strong>80%<\/strong>.<\/p><p>\u00d6\u011frenciler kurslar\u0131n\u0131n en az 80%'sine kat\u0131lmazlarsa, nihai bir sertifika veya rapor alamayacaklar ve gelecekteki vize uzatma \/ yenileme ile ilgili sorunlar ya\u015fayabileceklerdir.<\/p><p>UKVI, Tier 4 Vizesine sahip olan ve kurslar\u0131na kat\u0131l\u0131m\u0131 a\u015fa\u011f\u0131da belirtilenlerin alt\u0131na d\u00fc\u015fen t\u00fcm \u00f6\u011frenciler hakk\u0131nda bilgilendirilecektir <strong>80%<\/strong>.<\/p><h5 class=\"p1\"><strong>L\u00fctfen \u00f6\u011frencilere yapmalar\u0131 gerekenleri bildiriniz:<\/strong><\/h5><p class=\"p1\"><strong>E\u011fer hastaysan\u0131z<\/strong><\/p><p class=\"p1\">Ders ba\u015flamadan 30 dakika \u00f6nce okulu bilgilendirin. Bu, izinli devams\u0131zl\u0131k olarak kabul edilecektir. E\u011fer 3 g\u00fcn veya daha uzun s\u00fcre hastaysan\u0131z, bir doktor raporu getirmeniz gerekmektedir.<\/p><p class=\"p1\"><strong>E\u011fer bir tatil istiyorsan\u0131z<\/strong><\/p><p class=\"p1\">\u00d6nceden ayarlama yap\u0131lmadan d\u00f6nem i\u00e7inde tatil yap\u0131lamaz.<\/p><p class=\"p1\"><strong>E\u011fer izin al\u0131rsan\u0131z <span class=\"s1\">olmadan <\/span>bize bildirmek<\/strong><\/p><p>LIA ile izin ayarlamazsan\u0131z veya hasta oldu\u011funuzda aramazsan\u0131z, bu izinsiz devams\u0131zl\u0131k olarak kabul edilecek ve devaml\u0131l\u0131\u011f\u0131n\u0131z etkilenecektir.<\/p><h5 class=\"p1\"><strong>Devaml\u0131l\u0131\u011f\u0131n\u0131z d\u00fc\u015fmeye ba\u015flarsa a\u015fa\u011f\u0131daki prosed\u00fcrler izlenecektir:<\/strong><\/h5><p class=\"p1\"><strong>Devaml\u0131l\u0131\u011f\u0131n\u0131z a\u015fa\u011f\u0131da d\u00fc\u015fmeye ba\u015flarsa <span class=\"s1\">83%<\/span><\/strong><\/p><p class=\"p1\"><i>Sizi \u015fahsen ya da bir not arac\u0131l\u0131\u011f\u0131yla bilgilendirece\u011fiz <\/i><i>lideriniz\/\u00f6\u011fretmeniniz taraf\u0131ndan size verilen <\/i><i>kat\u0131l\u0131m\u0131n\u0131z hakk\u0131nda endi\u015feleniyor, hat\u0131rlat\u0131yor <\/i><i>80%'nin alt\u0131ndaki kat\u0131l\u0131m hakk\u0131nda<\/i><\/p><p class=\"p1\"><strong>E\u011fer kat\u0131l\u0131m\u0131n\u0131z a\u015fa\u011f\u0131da kal\u0131rsa <span class=\"s1\">80% <\/span>(izinsiz)<\/strong><\/p><p>Size s\u00f6zl\u00fc bir uyar\u0131 verilecektir. Bu uyar\u0131 sicilinize i\u015flenecektir.<\/p><p class=\"p1\"><strong>E\u011fer kat\u0131l\u0131m\u0131n\u0131z a\u015fa\u011f\u0131da ise <span class=\"s1\">80% <\/span>ve s\u00f6zl\u00fc uyar\u0131n\u0131zdan bu yana d\u00fc\u015fmeye devam etti VEYA \u00fcst \u00fcste 3 g\u00fcn ka\u00e7\u0131rd\u0131n\u0131z (izinsiz)<\/strong><\/p><p>Size 1. Yaz\u0131l\u0131 Uyar\u0131 verilecek ve izinsiz devams\u0131zl\u0131\u011f\u0131n\u0131z\u0131 a\u00e7\u0131klamak \u00fczere DoS\/Merkez M\u00fcd\u00fcr\u00fcn\u00fc g\u00f6rmeniz i\u00e7in bir randevu verilecektir ve bu kay\u0131tlar\u0131n\u0131za eklenecektir.<\/p><p class=\"p1\"><strong>E\u011fer kat\u0131l\u0131m\u0131n\u0131z a\u015fa\u011f\u0131da ise <span class=\"s1\">80% <\/span>1. yaz\u0131l\u0131 uyar\u0131n\u0131zdan bu yana d\u00fc\u015fmeye devam ettiyse VEYA arka arkaya 3 g\u00fcn daha devams\u0131zl\u0131k yapt\u0131ysan\u0131z (izinsiz)<\/strong><\/p><p>Size 2. Yaz\u0131l\u0131 Uyar\u0131 verilecek ve devam eden izinsiz devams\u0131zl\u0131\u011f\u0131n\u0131z\u0131 a\u00e7\u0131klamak \u00fczere DoS\/Merkez M\u00fcd\u00fcr\u00fcn\u00fc g\u00f6rmeniz i\u00e7in size bir randevu verilecektir. Bu kay\u0131tlar\u0131n\u0131za eklenecek ve temsilcinize\/ebeveyninize son uyar\u0131n\u0131z oldu\u011fu bildirilecektir. Bu, kendinizi geli\u015ftirmeniz i\u00e7in son \u015fans\u0131n\u0131zd\u0131r. Genel M\u00fcd\u00fcrl\u00fc\u011f\u00fcn bir \u00fcyesi taraf\u0131ndan size bir Devam S\u00f6zle\u015fmesi verilecektir. Bu s\u00f6zle\u015fmede kursunuzun h\u00fck\u00fcm ve ko\u015fullar\u0131 ile devam politikan\u0131z a\u00e7\u0131klanacakt\u0131r. \u0130zinsiz olarak okula gelmemeye devam ederseniz, geri \u00f6deme yap\u0131lmaks\u0131z\u0131n okuldan at\u0131labilirsiniz.<\/p><p class=\"p1\"><strong>\u00dcst \u00fcste 10 g\u00fcn devams\u0131zl\u0131k yapt\u0131ysan\u0131z (izinsiz)<\/strong><\/p><p class=\"p1\">Birle\u015fik Krall\u0131k \u0130\u00e7i\u015fleri Bakanl\u0131\u011f\u0131, Vize ko\u015fullar\u0131n\u0131z\u0131 ihlal etti\u011finiz konusunda bilgilendirilecektir. Okuldan ayr\u0131lman\u0131z istenecek ve ebeveyninizi ve\/veya temsilcinizi bilgilendirece\u011fiz. Tier 4 vizeniz varsa, \u00fclkeyi derhal terk etmeniz istenecektir.<\/p>\t\t\t\t\t\t\t\t<\/div>\n\t\t\t\t<\/div>\n\t\t\t\t<\/div>\n\t\t\t\t\t<\/div>\n\t\t\t\t<\/div>\n\t\t\t\t<\/div>","protected":false},"excerpt":{"rendered":"<p>Policies Attendance Policy Last updated 10\/04\/2026 The following attendance policy is made known to students, staff and other stakeholders by the following means: Posters in classrooms and residences; Covered in the student first day induction; Included in the Student Induction Pack; Covered in the staff induction; Included in the Staff Handbook and the Teacher Handbook [&hellip;]<\/p>\n","protected":false},"author":27,"featured_media":0,"parent":44379,"menu_order":0,"comment_status":"closed","ping_status":"closed","template":"","meta":{"_acf_changed":false,"footnotes":""},"class_list":["post-45119","page","type-page","status-publish","hentry"],"acf":[],"yoast_head":"<!-- This site is optimized with the Yoast SEO plugin v27.5 - https:\/\/yoast.com\/product\/yoast-seo-wordpress\/ -->\n<title>Attendance Policy - Language in Action<\/title>\n<meta name=\"robots\" content=\"index, follow, max-snippet:-1, max-image-preview:large, max-video-preview:-1\" \/>\n<link rel=\"canonical\" href=\"https:\/\/languageinactionltd.co.uk\/tr\/politikalar\/devam-poli\u0307ti\u0307kasi\/\" \/>\n<meta property=\"og:locale\" content=\"tr_TR\" \/>\n<meta property=\"og:type\" content=\"article\" \/>\n<meta property=\"og:title\" content=\"Attendance Policy - Language in Action\" \/>\n<meta property=\"og:description\" content=\"Policies Attendance Policy Last updated 10\/04\/2026 The following attendance policy is made known to students, staff and other stakeholders by the following means: Posters in classrooms and residences; Covered in the student first day induction; Included in the Student Induction Pack; Covered in the staff induction; Included in the Staff Handbook and the Teacher Handbook [&hellip;]\" \/>\n<meta property=\"og:url\" content=\"https:\/\/languageinactionltd.co.uk\/tr\/politikalar\/devam-poli\u0307ti\u0307kasi\/\" \/>\n<meta property=\"og:site_name\" content=\"Language in Action\" \/>\n<meta property=\"article:modified_time\" content=\"2026-04-13T10:34:25+00:00\" \/>\n<meta property=\"og:image\" content=\"https:\/\/languageinactionltd.co.uk\/wp-content\/uploads\/sites\/9\/2025\/08\/lia-social.png\" \/>\n\t<meta property=\"og:image:width\" content=\"1200\" \/>\n\t<meta property=\"og:image:height\" content=\"675\" \/>\n\t<meta property=\"og:image:type\" content=\"image\/png\" \/>\n<meta name=\"twitter:card\" content=\"summary_large_image\" \/>\n<meta name=\"twitter:label1\" content=\"Tahmini okuma s\u00fcresi\" \/>\n\t<meta name=\"twitter:data1\" content=\"3 dakika\" \/>\n<script type=\"application\/ld+json\" class=\"yoast-schema-graph\">{\"@context\":\"https:\\\/\\\/schema.org\",\"@graph\":[{\"@type\":\"WebPage\",\"@id\":\"https:\\\/\\\/languageinactionltd.co.uk\\\/policies\\\/attendance-policy\\\/\",\"url\":\"https:\\\/\\\/languageinactionltd.co.uk\\\/policies\\\/attendance-policy\\\/\",\"name\":\"Attendance Policy - Language in Action\",\"isPartOf\":{\"@id\":\"https:\\\/\\\/languageinactionltd.co.uk\\\/#website\"},\"datePublished\":\"2025-08-28T08:05:24+00:00\",\"dateModified\":\"2026-04-13T10:34:25+00:00\",\"breadcrumb\":{\"@id\":\"https:\\\/\\\/languageinactionltd.co.uk\\\/policies\\\/attendance-policy\\\/#breadcrumb\"},\"inLanguage\":\"tr\",\"potentialAction\":[{\"@type\":\"ReadAction\",\"target\":[\"https:\\\/\\\/languageinactionltd.co.uk\\\/policies\\\/attendance-policy\\\/\"]}]},{\"@type\":\"BreadcrumbList\",\"@id\":\"https:\\\/\\\/languageinactionltd.co.uk\\\/policies\\\/attendance-policy\\\/#breadcrumb\",\"itemListElement\":[{\"@type\":\"ListItem\",\"position\":1,\"name\":\"Home\",\"item\":\"https:\\\/\\\/languageinactionltd.co.uk\\\/\"},{\"@type\":\"ListItem\",\"position\":2,\"name\":\"Policies\",\"item\":\"https:\\\/\\\/languageinactionltd.co.uk\\\/policies\\\/\"},{\"@type\":\"ListItem\",\"position\":3,\"name\":\"Attendance Policy\"}]},{\"@type\":\"WebSite\",\"@id\":\"https:\\\/\\\/languageinactionltd.co.uk\\\/#website\",\"url\":\"https:\\\/\\\/languageinactionltd.co.uk\\\/\",\"name\":\"Language in Action\",\"description\":\"\",\"potentialAction\":[{\"@type\":\"SearchAction\",\"target\":{\"@type\":\"EntryPoint\",\"urlTemplate\":\"https:\\\/\\\/languageinactionltd.co.uk\\\/?s={search_term_string}\"},\"query-input\":{\"@type\":\"PropertyValueSpecification\",\"valueRequired\":true,\"valueName\":\"search_term_string\"}}],\"inLanguage\":\"tr\"}]}<\/script>\n<!-- \/ Yoast SEO plugin. -->","yoast_head_json":{"title":"Devaml\u0131l\u0131k Politikas\u0131 - Language in Action","robots":{"index":"index","follow":"follow","max-snippet":"max-snippet:-1","max-image-preview":"max-image-preview:large","max-video-preview":"max-video-preview:-1"},"canonical":"https:\/\/languageinactionltd.co.uk\/tr\/politikalar\/devam-poli\u0307ti\u0307kasi\/","og_locale":"tr_TR","og_type":"article","og_title":"Attendance Policy - Language in Action","og_description":"Policies Attendance Policy Last updated 10\/04\/2026 The following attendance policy is made known to students, staff and other stakeholders by the following means: Posters in classrooms and residences; Covered in the student first day induction; Included in the Student Induction Pack; Covered in the staff induction; Included in the Staff Handbook and the Teacher Handbook [&hellip;]","og_url":"https:\/\/languageinactionltd.co.uk\/tr\/politikalar\/devam-poli\u0307ti\u0307kasi\/","og_site_name":"Language in Action","article_modified_time":"2026-04-13T10:34:25+00:00","og_image":[{"width":1200,"height":675,"url":"https:\/\/languageinactionltd.co.uk\/wp-content\/uploads\/sites\/9\/2025\/08\/lia-social.png","type":"image\/png"}],"twitter_card":"summary_large_image","twitter_misc":{"Tahmini okuma s\u00fcresi":"3 dakika"},"schema":{"@context":"https:\/\/schema.org","@graph":[{"@type":"WebPage","@id":"https:\/\/languageinactionltd.co.uk\/policies\/attendance-policy\/","url":"https:\/\/languageinactionltd.co.uk\/policies\/attendance-policy\/","name":"Devaml\u0131l\u0131k Politikas\u0131 - Language in Action","isPartOf":{"@id":"https:\/\/languageinactionltd.co.uk\/#website"},"datePublished":"2025-08-28T08:05:24+00:00","dateModified":"2026-04-13T10:34:25+00:00","breadcrumb":{"@id":"https:\/\/languageinactionltd.co.uk\/policies\/attendance-policy\/#breadcrumb"},"inLanguage":"tr","potentialAction":[{"@type":"ReadAction","target":["https:\/\/languageinactionltd.co.uk\/policies\/attendance-policy\/"]}]},{"@type":"BreadcrumbList","@id":"https:\/\/languageinactionltd.co.uk\/policies\/attendance-policy\/#breadcrumb","itemListElement":[{"@type":"ListItem","position":1,"name":"Home","item":"https:\/\/languageinactionltd.co.uk\/"},{"@type":"ListItem","position":2,"name":"Policies","item":"https:\/\/languageinactionltd.co.uk\/policies\/"},{"@type":"ListItem","position":3,"name":"Attendance Policy"}]},{"@type":"WebSite","@id":"https:\/\/languageinactionltd.co.uk\/#website","url":"https:\/\/languageinactionltd.co.uk\/","name":"Eylem Halinde Dil","description":"","potentialAction":[{"@type":"SearchAction","target":{"@type":"EntryPoint","urlTemplate":"https:\/\/languageinactionltd.co.uk\/?s={search_term_string}"},"query-input":{"@type":"PropertyValueSpecification","valueRequired":true,"valueName":"search_term_string"}}],"inLanguage":"tr"}]}},"_links":{"self":[{"href":"https:\/\/languageinactionltd.co.uk\/tr\/wp-json\/wp\/v2\/pages\/45119","targetHints":{"allow":["GET"]}}],"collection":[{"href":"https:\/\/languageinactionltd.co.uk\/tr\/wp-json\/wp\/v2\/pages"}],"about":[{"href":"https:\/\/languageinactionltd.co.uk\/tr\/wp-json\/wp\/v2\/types\/page"}],"author":[{"embeddable":true,"href":"https:\/\/languageinactionltd.co.uk\/tr\/wp-json\/wp\/v2\/users\/27"}],"replies":[{"embeddable":true,"href":"https:\/\/languageinactionltd.co.uk\/tr\/wp-json\/wp\/v2\/comments?post=45119"}],"version-history":[{"count":7,"href":"https:\/\/languageinactionltd.co.uk\/tr\/wp-json\/wp\/v2\/pages\/45119\/revisions"}],"predecessor-version":[{"id":47681,"href":"https:\/\/languageinactionltd.co.uk\/tr\/wp-json\/wp\/v2\/pages\/45119\/revisions\/47681"}],"up":[{"embeddable":true,"href":"https:\/\/languageinactionltd.co.uk\/tr\/wp-json\/wp\/v2\/pages\/44379"}],"wp:attachment":[{"href":"https:\/\/languageinactionltd.co.uk\/tr\/wp-json\/wp\/v2\/media?parent=45119"}],"curies":[{"name":"wp","href":"https:\/\/api.w.org\/{rel}","templated":true}]}}