{"id":46973,"date":"2026-03-04T04:57:56","date_gmt":"2026-03-04T04:57:56","guid":{"rendered":"https:\/\/languageinactionltd.co.uk\/?page_id=46973"},"modified":"2026-04-20T06:40:09","modified_gmt":"2026-04-20T06:40:09","slug":"agente-faca-o-download-de-nosso-folheto","status":"publish","type":"page","link":"https:\/\/languageinactionltd.co.uk\/pt\/agent-download-our-brochure\/","title":{"rendered":"Fa\u00e7a o download de nosso folheto - Agentes"},"content":{"rendered":"<div data-elementor-type=\"wp-page\" data-elementor-id=\"46973\" class=\"elementor elementor-46973\" data-elementor-post-type=\"page\">\n\t\t\t\t<div class=\"elementor-element elementor-element-20723083 body-header-small e-flex e-con-boxed translate-yes e-con e-parent\" data-id=\"20723083\" data-element_type=\"container\" data-e-type=\"container\" data-settings=\"{&quot;background_background&quot;:&quot;classic&quot;}\">\n\t\t\t\t\t<div class=\"e-con-inner\">\n\t\t<div class=\"elementor-element elementor-element-f52b912 e-con-full e-flex translate-yes e-con e-child\" data-id=\"f52b912\" data-element_type=\"container\" data-e-type=\"container\">\n\t\t<div class=\"elementor-element elementor-element-25bf1356 e-con-full e-flex translate-yes e-con e-child\" data-id=\"25bf1356\" data-element_type=\"container\" data-e-type=\"container\">\n\t\t\t\t<div class=\"elementor-element elementor-element-2498ef16 elementor-widget elementor-widget-heading\" data-id=\"2498ef16\" data-element_type=\"widget\" data-e-type=\"widget\" data-widget_type=\"heading.default\">\n\t\t\t\t<div class=\"elementor-widget-container\">\n\t\t\t\t\t<h1 class=\"elementor-heading-title elementor-size-default\">Fa\u00e7a o download de nosso folheto sobre grupos<\/h1>\t\t\t\t<\/div>\n\t\t\t\t<\/div>\n\t\t\t\t<\/div>\n\t\t\t\t<\/div>\n\t\t\t\t\t<\/div>\n\t\t\t\t<\/div>\n\t\t<div class=\"elementor-element elementor-element-1f2d2d7 e-flex e-con-boxed translate-yes e-con e-parent\" data-id=\"1f2d2d7\" data-element_type=\"container\" data-e-type=\"container\">\n\t\t\t\t\t<div class=\"e-con-inner\">\n\t\t<div class=\"elementor-element elementor-element-cf95b49 e-grid e-con-full translate-yes e-con e-child\" data-id=\"cf95b49\" data-element_type=\"container\" data-e-type=\"container\">\n\t\t\t\t<div class=\"elementor-element elementor-element-4e6bbbd elementor-widget elementor-widget-image\" data-id=\"4e6bbbd\" data-element_type=\"widget\" data-e-type=\"widget\" data-widget_type=\"image.default\">\n\t\t\t\t<div class=\"elementor-widget-container\">\n\t\t\t\t\t\t\t\t\t\t\t\t\t\t\t<img fetchpriority=\"high\" decoding=\"async\" width=\"729\" height=\"1024\" src=\"https:\/\/languageinactionltd.co.uk\/wp-content\/uploads\/sites\/9\/2026\/04\/download-prospectus-LIA-729x1024.jpg\" class=\"attachment-large size-large wp-image-47853\" alt=\"\" srcset=\"https:\/\/languageinactionltd.co.uk\/wp-content\/uploads\/sites\/9\/2026\/04\/download-prospectus-LIA-729x1024.jpg 729w, https:\/\/languageinactionltd.co.uk\/wp-content\/uploads\/sites\/9\/2026\/04\/download-prospectus-LIA-214x300.jpg 214w, https:\/\/languageinactionltd.co.uk\/wp-content\/uploads\/sites\/9\/2026\/04\/download-prospectus-LIA-768x1079.jpg 768w, https:\/\/languageinactionltd.co.uk\/wp-content\/uploads\/sites\/9\/2026\/04\/download-prospectus-LIA-9x12.jpg 9w, https:\/\/languageinactionltd.co.uk\/wp-content\/uploads\/sites\/9\/2026\/04\/download-prospectus-LIA.jpg 780w\" sizes=\"(max-width: 729px) 100vw, 729px\" \/>\t\t\t\t\t\t\t\t\t\t\t\t\t\t\t<\/div>\n\t\t\t\t<\/div>\n\t\t\t\t<div class=\"elementor-element elementor-element-81f3aca elementor-widget elementor-widget-html\" data-id=\"81f3aca\" data-element_type=\"widget\" data-e-type=\"widget\" data-widget_type=\"html.default\">\n\t\t\t\t<div class=\"elementor-widget-container\">\n\t\t\t\t\t<script charset=\"utf-8\" type=\"text\/javascript\" src=\"\/\/js.hsforms.net\/forms\/embed\/v2.js\"><\/script>\n<script>\n  hbspt.forms.create({\n    portalId: \"6562408\",\n    formId: \"a3685355-6593-4050-b267-cb85264c8113\",\n    region: \"na1\"\n  });\n<\/script>\t\t\t\t<\/div>\n\t\t\t\t<\/div>\n\t\t\t\t<\/div>\n\t\t\t\t\t<\/div>\n\t\t\t\t<\/div>\n\t\t\t\t<\/div>","protected":false},"excerpt":{"rendered":"<p>Fa\u00e7a o download de nosso folheto sobre grupos<\/p>","protected":false},"author":27,"featured_media":0,"parent":0,"menu_order":0,"comment_status":"closed","ping_status":"closed","template":"","meta":{"_acf_changed":false,"footnotes":""},"class_list":["post-46973","page","type-page","status-publish","hentry"],"acf":[],"yoast_head":"<!-- This site is optimized with the Yoast SEO plugin v27.5 - https:\/\/yoast.com\/product\/yoast-seo-wordpress\/ -->\n<title>Download our brochure - Agents - Language in Action<\/title>\n<meta name=\"robots\" content=\"noindex, nofollow\" \/>\n<meta property=\"og:locale\" content=\"pt_BR\" \/>\n<meta property=\"og:type\" content=\"article\" \/>\n<meta property=\"og:title\" content=\"Download our brochure - Agents - Language in Action\" \/>\n<meta property=\"og:description\" content=\"Download our Groups brochure\" \/>\n<meta property=\"og:url\" content=\"https:\/\/languageinactionltd.co.uk\/pt\/agente-faca-o-download-de-nosso-folheto\/\" \/>\n<meta property=\"og:site_name\" content=\"Language in Action\" \/>\n<meta property=\"article:modified_time\" content=\"2026-04-20T06:40:09+00:00\" \/>\n<meta property=\"og:image\" content=\"https:\/\/languageinactionltd.co.uk\/wp-content\/uploads\/sites\/9\/2026\/04\/download-prospectus-LIA-729x1024.jpg\" \/>\n<meta name=\"twitter:card\" content=\"summary_large_image\" \/>\n<meta name=\"twitter:label1\" content=\"Est. tempo de leitura\" \/>\n\t<meta name=\"twitter:data1\" content=\"1 minuto\" \/>\n<script type=\"application\/ld+json\" class=\"yoast-schema-graph\">{\"@context\":\"https:\\\/\\\/schema.org\",\"@graph\":[{\"@type\":\"WebPage\",\"@id\":\"https:\\\/\\\/languageinactionltd.co.uk\\\/agent-download-our-brochure\\\/\",\"url\":\"https:\\\/\\\/languageinactionltd.co.uk\\\/agent-download-our-brochure\\\/\",\"name\":\"Download our brochure - Agents - Language in Action\",\"isPartOf\":{\"@id\":\"https:\\\/\\\/languageinactionltd.co.uk\\\/#website\"},\"primaryImageOfPage\":{\"@id\":\"https:\\\/\\\/languageinactionltd.co.uk\\\/agent-download-our-brochure\\\/#primaryimage\"},\"image\":{\"@id\":\"https:\\\/\\\/languageinactionltd.co.uk\\\/agent-download-our-brochure\\\/#primaryimage\"},\"thumbnailUrl\":\"https:\\\/\\\/languageinactionltd.co.uk\\\/wp-content\\\/uploads\\\/sites\\\/9\\\/2026\\\/04\\\/download-prospectus-LIA-729x1024.jpg\",\"datePublished\":\"2026-03-04T04:57:56+00:00\",\"dateModified\":\"2026-04-20T06:40:09+00:00\",\"breadcrumb\":{\"@id\":\"https:\\\/\\\/languageinactionltd.co.uk\\\/agent-download-our-brochure\\\/#breadcrumb\"},\"inLanguage\":\"pt-BR\",\"potentialAction\":[{\"@type\":\"ReadAction\",\"target\":[\"https:\\\/\\\/languageinactionltd.co.uk\\\/agent-download-our-brochure\\\/\"]}]},{\"@type\":\"ImageObject\",\"inLanguage\":\"pt-BR\",\"@id\":\"https:\\\/\\\/languageinactionltd.co.uk\\\/agent-download-our-brochure\\\/#primaryimage\",\"url\":\"https:\\\/\\\/languageinactionltd.co.uk\\\/wp-content\\\/uploads\\\/sites\\\/9\\\/2026\\\/04\\\/download-prospectus-LIA-729x1024.jpg\",\"contentUrl\":\"https:\\\/\\\/languageinactionltd.co.uk\\\/wp-content\\\/uploads\\\/sites\\\/9\\\/2026\\\/04\\\/download-prospectus-LIA-729x1024.jpg\"},{\"@type\":\"BreadcrumbList\",\"@id\":\"https:\\\/\\\/languageinactionltd.co.uk\\\/agent-download-our-brochure\\\/#breadcrumb\",\"itemListElement\":[{\"@type\":\"ListItem\",\"position\":1,\"name\":\"Home\",\"item\":\"https:\\\/\\\/languageinactionltd.co.uk\\\/\"},{\"@type\":\"ListItem\",\"position\":2,\"name\":\"Download our brochure &#8211; Agents\"}]},{\"@type\":\"WebSite\",\"@id\":\"https:\\\/\\\/languageinactionltd.co.uk\\\/#website\",\"url\":\"https:\\\/\\\/languageinactionltd.co.uk\\\/\",\"name\":\"Language in Action\",\"description\":\"\",\"potentialAction\":[{\"@type\":\"SearchAction\",\"target\":{\"@type\":\"EntryPoint\",\"urlTemplate\":\"https:\\\/\\\/languageinactionltd.co.uk\\\/?s={search_term_string}\"},\"query-input\":{\"@type\":\"PropertyValueSpecification\",\"valueRequired\":true,\"valueName\":\"search_term_string\"}}],\"inLanguage\":\"pt-BR\"}]}<\/script>\n<!-- \/ Yoast SEO plugin. -->","yoast_head_json":{"title":"Fa\u00e7a o download de nosso folheto - Agentes - Linguagem em a\u00e7\u00e3o","robots":{"index":"noindex","follow":"nofollow"},"og_locale":"pt_BR","og_type":"article","og_title":"Download our brochure - Agents - Language in Action","og_description":"Download our Groups brochure","og_url":"https:\/\/languageinactionltd.co.uk\/pt\/agente-faca-o-download-de-nosso-folheto\/","og_site_name":"Language in Action","article_modified_time":"2026-04-20T06:40:09+00:00","og_image":[{"url":"https:\/\/languageinactionltd.co.uk\/wp-content\/uploads\/sites\/9\/2026\/04\/download-prospectus-LIA-729x1024.jpg","type":"","width":"","height":""}],"twitter_card":"summary_large_image","twitter_misc":{"Est. tempo de leitura":"1 minuto"},"schema":{"@context":"https:\/\/schema.org","@graph":[{"@type":"WebPage","@id":"https:\/\/languageinactionltd.co.uk\/agent-download-our-brochure\/","url":"https:\/\/languageinactionltd.co.uk\/agent-download-our-brochure\/","name":"Fa\u00e7a o download de nosso folheto - Agentes - Linguagem em a\u00e7\u00e3o","isPartOf":{"@id":"https:\/\/languageinactionltd.co.uk\/#website"},"primaryImageOfPage":{"@id":"https:\/\/languageinactionltd.co.uk\/agent-download-our-brochure\/#primaryimage"},"image":{"@id":"https:\/\/languageinactionltd.co.uk\/agent-download-our-brochure\/#primaryimage"},"thumbnailUrl":"https:\/\/languageinactionltd.co.uk\/wp-content\/uploads\/sites\/9\/2026\/04\/download-prospectus-LIA-729x1024.jpg","datePublished":"2026-03-04T04:57:56+00:00","dateModified":"2026-04-20T06:40:09+00:00","breadcrumb":{"@id":"https:\/\/languageinactionltd.co.uk\/agent-download-our-brochure\/#breadcrumb"},"inLanguage":"pt-BR","potentialAction":[{"@type":"ReadAction","target":["https:\/\/languageinactionltd.co.uk\/agent-download-our-brochure\/"]}]},{"@type":"ImageObject","inLanguage":"pt-BR","@id":"https:\/\/languageinactionltd.co.uk\/agent-download-our-brochure\/#primaryimage","url":"https:\/\/languageinactionltd.co.uk\/wp-content\/uploads\/sites\/9\/2026\/04\/download-prospectus-LIA-729x1024.jpg","contentUrl":"https:\/\/languageinactionltd.co.uk\/wp-content\/uploads\/sites\/9\/2026\/04\/download-prospectus-LIA-729x1024.jpg"},{"@type":"BreadcrumbList","@id":"https:\/\/languageinactionltd.co.uk\/agent-download-our-brochure\/#breadcrumb","itemListElement":[{"@type":"ListItem","position":1,"name":"Home","item":"https:\/\/languageinactionltd.co.uk\/"},{"@type":"ListItem","position":2,"name":"Download our brochure &#8211; Agents"}]},{"@type":"WebSite","@id":"https:\/\/languageinactionltd.co.uk\/#website","url":"https:\/\/languageinactionltd.co.uk\/","name":"Linguagem em a\u00e7\u00e3o","description":"","potentialAction":[{"@type":"SearchAction","target":{"@type":"EntryPoint","urlTemplate":"https:\/\/languageinactionltd.co.uk\/?s={search_term_string}"},"query-input":{"@type":"PropertyValueSpecification","valueRequired":true,"valueName":"search_term_string"}}],"inLanguage":"pt-BR"}]}},"_links":{"self":[{"href":"https:\/\/languageinactionltd.co.uk\/pt\/wp-json\/wp\/v2\/pages\/46973","targetHints":{"allow":["GET"]}}],"collection":[{"href":"https:\/\/languageinactionltd.co.uk\/pt\/wp-json\/wp\/v2\/pages"}],"about":[{"href":"https:\/\/languageinactionltd.co.uk\/pt\/wp-json\/wp\/v2\/types\/page"}],"author":[{"embeddable":true,"href":"https:\/\/languageinactionltd.co.uk\/pt\/wp-json\/wp\/v2\/users\/27"}],"replies":[{"embeddable":true,"href":"https:\/\/languageinactionltd.co.uk\/pt\/wp-json\/wp\/v2\/comments?post=46973"}],"version-history":[{"count":21,"href":"https:\/\/languageinactionltd.co.uk\/pt\/wp-json\/wp\/v2\/pages\/46973\/revisions"}],"predecessor-version":[{"id":47859,"href":"https:\/\/languageinactionltd.co.uk\/pt\/wp-json\/wp\/v2\/pages\/46973\/revisions\/47859"}],"wp:attachment":[{"href":"https:\/\/languageinactionltd.co.uk\/pt\/wp-json\/wp\/v2\/media?parent=46973"}],"curies":[{"name":"wp","href":"https:\/\/api.w.org\/{rel}","templated":true}]}}