{"id":45405,"date":"2025-09-01T08:11:50","date_gmt":"2025-09-01T08:11:50","guid":{"rendered":"https:\/\/languageinactionltd.co.uk\/?page_id=45405"},"modified":"2026-04-13T10:38:07","modified_gmt":"2026-04-13T10:38:07","slug":"politica-de-ausencia","status":"publish","type":"page","link":"https:\/\/languageinactionltd.co.uk\/pt\/policies\/absent-policy\/","title":{"rendered":"Pol\u00edtica de aus\u00eancia"},"content":{"rendered":"<div data-elementor-type=\"wp-page\" data-elementor-id=\"45405\" class=\"elementor elementor-45405\" data-elementor-post-type=\"page\">\n\t\t\t\t<div class=\"elementor-element elementor-element-5eb147cd body-header-small e-flex e-con-boxed translate-yes e-con e-parent\" data-id=\"5eb147cd\" data-element_type=\"container\" data-e-type=\"container\" data-settings=\"{&quot;background_background&quot;:&quot;classic&quot;}\">\n\t\t\t\t\t<div class=\"e-con-inner\">\n\t\t<div class=\"elementor-element elementor-element-1ae0127b e-con-full e-flex translate-yes e-con e-child\" data-id=\"1ae0127b\" data-element_type=\"container\" data-e-type=\"container\">\n\t\t\t\t<div class=\"elementor-element elementor-element-7644f30f sub-heading elementor-widget elementor-widget-heading\" data-id=\"7644f30f\" data-element_type=\"widget\" data-e-type=\"widget\" data-widget_type=\"heading.default\">\n\t\t\t\t<div class=\"elementor-widget-container\">\n\t\t\t\t\t<span class=\"elementor-heading-title elementor-size-default\">Pol\u00edticas<\/span>\t\t\t\t<\/div>\n\t\t\t\t<\/div>\n\t\t<div class=\"elementor-element elementor-element-4e03033e e-con-full e-flex translate-yes e-con e-child\" data-id=\"4e03033e\" data-element_type=\"container\" data-e-type=\"container\">\n\t\t\t\t<div class=\"elementor-element elementor-element-2ffaefc1 elementor-widget elementor-widget-heading\" data-id=\"2ffaefc1\" data-element_type=\"widget\" data-e-type=\"widget\" data-widget_type=\"heading.default\">\n\t\t\t\t<div class=\"elementor-widget-container\">\n\t\t\t\t\t<h1 class=\"elementor-heading-title elementor-size-default\">Pol\u00edtica geral para alunos ausentes\/faltos<\/h1>\t\t\t\t<\/div>\n\t\t\t\t<\/div>\n\t\t\t\t<div class=\"elementor-element elementor-element-b9231c8 elementor-widget elementor-widget-text-editor\" data-id=\"b9231c8\" data-element_type=\"widget\" data-e-type=\"widget\" data-widget_type=\"text-editor.default\">\n\t\t\t\t<div class=\"elementor-widget-container\">\n\t\t\t\t\t\t\t\t\t<p><i>\u00daltima atualiza\u00e7\u00e3o 10\/04\/2026<\/i><\/p>\t\t\t\t\t\t\t\t<\/div>\n\t\t\t\t<\/div>\n\t\t\t\t<\/div>\n\t\t\t\t<\/div>\n\t\t\t\t\t<\/div>\n\t\t\t\t<\/div>\n\t\t<div class=\"elementor-element elementor-element-7f3bb87a body-text-1col e-grid e-con-boxed translate-yes e-con e-parent\" data-id=\"7f3bb87a\" data-element_type=\"container\" data-e-type=\"container\">\n\t\t\t\t\t<div class=\"e-con-inner\">\n\t\t\t\t<div class=\"elementor-element elementor-element-1daa8014 section-style-default elementor-widget elementor-widget-Section settings\" data-id=\"1daa8014\" data-element_type=\"widget\" data-e-type=\"widget\" data-widget_type=\"Section settings.default\">\n\t\t\t\t<div class=\"elementor-widget-container\">\n\t\t\t\t\t\t\t\t\t\t\t<\/div>\n\t\t\t\t<\/div>\n\t\t<div class=\"elementor-element elementor-element-567f32af e-con-full e-flex translate-yes e-con e-child\" data-id=\"567f32af\" data-element_type=\"container\" data-e-type=\"container\">\n\t\t\t\t<div class=\"elementor-element elementor-element-4c9780d1 elementor-widget elementor-widget-text-editor\" data-id=\"4c9780d1\" data-element_type=\"widget\" data-e-type=\"widget\" data-widget_type=\"text-editor.default\">\n\t\t\t\t<div class=\"elementor-widget-container\">\n\t\t\t\t\t\t\t\t\t<p class=\"p1\"><b>A. Em uma excurs\u00e3o <\/b><\/p><p class=\"p1\">O Gerente de Atividades deve assegurar que os alunos e os L\u00edderes de Grupo da ag\u00eancia estejam totalmente cientes do itiner\u00e1rio - em muitos casos, os GLs da ag\u00eancia\/alunos individuais receber\u00e3o um folheto com esses detalhes. Os alunos devem saber onde \u00e9 o ponto de encontro e o que fazer caso se separem do grupo.<\/p><p class=\"p1\">Se eles se perderem em uma viagem, os alunos devem ser orientados a:<\/p><ol><li><p class=\"p2\">Ligar para o l\u00edder do grupo de sua ag\u00eancia (ou para seus amigos)<\/p><\/li><li><p class=\"p2\">V\u00e1 at\u00e9 o ponto de encontro e aguarde o grupo<\/p><\/li><li><p class=\"p2\">Ligue para o n\u00famero de emerg\u00eancia da LiA<\/p><\/li><li><p class=\"p2\">Procure um policial e mostre sua identifica\u00e7\u00e3o como estudante do Language in Action (no cart\u00e3o de identifica\u00e7\u00e3o do Lanyard)<\/p><\/li><\/ol><p class=\"p1\">Os L\u00edderes de Atividade e os L\u00edderes de Grupo da ag\u00eancia devem realizar contagens regulares de pessoas, especialmente nos pontos de chegada\/partida e ao separar e reformar grupos.<\/p><p class=\"p1\">Se um aluno se perder, o L\u00edder de Atividade deve telefonar imediatamente para a equipe de administra\u00e7\u00e3o do Centro, que tomar\u00e1 as devidas provid\u00eancias. O l\u00edder da atividade deve continuar tentando entrar em contato com o aluno pelo telefone celular. Se o aluno pertencer a um grupo, o l\u00edder da atividade deve entrar em contato com o l\u00edder do grupo da ag\u00eancia, inform\u00e1-lo sobre o problema e garantir que o l\u00edder do grupo da ag\u00eancia ajude a localizar o aluno.<\/p><p class=\"p1\">Se estiver chegando ao fim do dia e o grupo precisar ir embora, o l\u00edder do grupo da ag\u00eancia do aluno e\/ou um L\u00edder de Atividade dever\u00e1 permanecer no ponto de encontro para localizar o aluno. O restante do grupo deve ir embora com os outros L\u00edderes de Atividade.<\/p><p class=\"p1\">(Lembre-se das propor\u00e7\u00f5es de supervis\u00e3o entre funcion\u00e1rios e alunos. Se necess\u00e1rio, pe\u00e7a a outro membro da equipe para chegar at\u00e9 o grupo).<\/p><p class=\"p1\">Perder alunos em uma excurs\u00e3o n\u00e3o \u00e9 uma ocorr\u00eancia comum, mas pode acontecer. No entanto, \u00e9 ainda mais raro n\u00e3o conseguirmos encontr\u00e1-los rapidamente, principalmente agora que os telefones celulares s\u00e3o de uso comum.<\/p><p class=\"p1\"><strong>Outras a\u00e7\u00f5es<\/strong><\/p><p class=\"p1\">O gerente do centro\/oficial de bem-estar continuar\u00e1 tentando ligar para o celular do aluno.<\/p><p class=\"p1\">Se o aluno n\u00e3o for localizado uma hora ap\u00f3s o hor\u00e1rio combinado, a escola entrar\u00e1 em contato com os pais\/respons\u00e1veis para inform\u00e1-los de que a crian\u00e7a est\u00e1 desaparecida.<\/p><p class=\"p1\">Se o aluno n\u00e3o for localizado dentro de 2 horas durante o dia, ou 1 hora e meia durante a tarde ou \u00e0 noite, ap\u00f3s o hor\u00e1rio marcado para a reuni\u00e3o, a escola entrar\u00e1 em contato com a pol\u00edcia local para obter assist\u00eancia.<\/p><p class=\"p1\"><b>B. No local <\/b><\/p><p class=\"p1\"><b>Classes<\/b><\/p><p class=\"p1\">Se os alunos menores de 18 anos n\u00e3o comparecerem \u00e0 sala de aula para o registro, os professores dever\u00e3o informar imediatamente a equipe do DoS\/Ger\u00eancia do Centro.<\/p><p class=\"p1\">Assim que a equipe de administra\u00e7\u00e3o do Centro descobrir que um aluno est\u00e1 ausente, ela tentar\u00e1 entrar em contato com o aluno (ou com o l\u00edder do grupo da ag\u00eancia, se o aluno fizer parte de um grupo) por telefone celular. Eles tamb\u00e9m entrar\u00e3o em contato com a equipe das instala\u00e7\u00f5es em que o aluno estiver hospedado.<\/p><p class=\"p1\"><strong>Outras a\u00e7\u00f5es<\/strong><\/p><p class=\"p1\">Se ap\u00f3s uma hora o aluno ainda n\u00e3o tiver sido localizado, os pais\/respons\u00e1veis ser\u00e3o contatados e avisados. Se o aluno n\u00e3o for localizado dentro de 3 horas, a escola entrar\u00e1 em contato com a pol\u00edcia para inform\u00e1-la sobre a situa\u00e7\u00e3o; no entanto, se houver motivo real para preocupa\u00e7\u00e3o, n\u00e3o espere muito tempo para inform\u00e1-la. A pol\u00edcia dar\u00e1 orienta\u00e7\u00f5es sobre outras medidas a serem tomadas.<\/p><p class=\"p1\"><b>C. Em resid\u00eancia ou em casa de fam\u00edlia <\/b><\/p><p class=\"p1\">Os alunos menores de 18 anos t\u00eam direito a um toque de recolher. Isso \u00e9:<\/p><p class=\"p1\">O hor\u00e1rio de toque de recolher para menores de 18 anos \u00e9 \u00e0s 23h de sexta-feira e s\u00e1bado e \u00e0s 22h30 nos demais dias da semana. Os menores de 16 anos devem permanecer em sua casa de fam\u00edlia ou resid\u00eancia quando retornarem \u00e0 noite, a menos que estejam acompanhados por um l\u00edder de grupo.<\/p><p class=\"p1\">Se o(s) aluno(s) n\u00e3o retornar(em) ap\u00f3s as atividades da tarde\/noite, ou se o(s) aluno(s) n\u00e3o retornar(em) a tempo para o toque de recolher, os L\u00edderes de Atividades informar\u00e3o o Gerente do Centro (se estiver(em) em casa de fam\u00edlia, os anfitri\u00f5es foram aconselhados a entrar em contato com o n\u00famero de telefone de emerg\u00eancia da LiA).<\/p><p class=\"p1\">A equipe da Administra\u00e7\u00e3o do Centro tentar\u00e1 entrar em contato com o aluno (ou com o l\u00edder do grupo da ag\u00eancia, se fizer parte de um grupo) por telefone.<\/p><p class=\"p1\">Se n\u00e3o conseguirem localizar o aluno dentro de uma hora, entrar\u00e3o em contato com os pais\/respons\u00e1veis.<\/p><p class=\"p1\">Se o aluno n\u00e3o puder ser localizado dentro de uma hora e meia ap\u00f3s ter faltado \u00e0s atividades da tarde\/noite ou ao toque de recolher, a escola entrar\u00e1 em contato com a pol\u00edcia.<\/p><p class=\"p1\"><strong>Esta pol\u00edtica est\u00e1 inclu\u00edda no Manual da Equipe e no Manual do Professor. Ela \u00e9 explicada a todos os funcion\u00e1rios (tanto acad\u00eamicos quanto operacionais) durante o per\u00edodo de integra\u00e7\u00e3o. Esse procedimento tamb\u00e9m \u00e9 explicado a todos os alunos.<\/strong><\/p>\t\t\t\t\t\t\t\t<\/div>\n\t\t\t\t<\/div>\n\t\t\t\t<\/div>\n\t\t\t\t\t<\/div>\n\t\t\t\t<\/div>\n\t\t\t\t<\/div>","protected":false},"excerpt":{"rendered":"<p>Policies General policy for absent \/ missing students Last updated 10\/04\/2026 A. On Excursion The Activity Manager should ensure that students and agency Group Leaders are fully aware of the itinerary \u2013 in many cases agency GLs \/ individual students will receive a leaflet with these details. Students should know where the meeting point is [&hellip;]<\/p>\n","protected":false},"author":27,"featured_media":0,"parent":44379,"menu_order":0,"comment_status":"closed","ping_status":"closed","template":"","meta":{"_acf_changed":false,"footnotes":""},"class_list":["post-45405","page","type-page","status-publish","hentry"],"acf":[],"yoast_head":"<!-- This site is optimized with the Yoast SEO plugin v27.5 - https:\/\/yoast.com\/product\/yoast-seo-wordpress\/ -->\n<title>Absent policy - Language in Action<\/title>\n<meta name=\"robots\" content=\"index, follow, max-snippet:-1, max-image-preview:large, max-video-preview:-1\" \/>\n<link rel=\"canonical\" href=\"https:\/\/languageinactionltd.co.uk\/pt\/politicas\/politica-de-ausencia\/\" \/>\n<meta property=\"og:locale\" content=\"pt_BR\" \/>\n<meta property=\"og:type\" content=\"article\" \/>\n<meta property=\"og:title\" content=\"Absent policy - Language in Action\" \/>\n<meta property=\"og:description\" content=\"Policies General policy for absent \/ missing students Last updated 10\/04\/2026 A. On Excursion The Activity Manager should ensure that students and agency Group Leaders are fully aware of the itinerary \u2013 in many cases agency GLs \/ individual students will receive a leaflet with these details. Students should know where the meeting point is [&hellip;]\" \/>\n<meta property=\"og:url\" content=\"https:\/\/languageinactionltd.co.uk\/pt\/politicas\/politica-de-ausencia\/\" \/>\n<meta property=\"og:site_name\" content=\"Language in Action\" \/>\n<meta property=\"article:modified_time\" content=\"2026-04-13T10:38:07+00:00\" \/>\n<meta property=\"og:image\" content=\"https:\/\/languageinactionltd.co.uk\/wp-content\/uploads\/sites\/9\/2025\/08\/lia-social.png\" \/>\n\t<meta property=\"og:image:width\" content=\"1200\" \/>\n\t<meta property=\"og:image:height\" content=\"675\" \/>\n\t<meta property=\"og:image:type\" content=\"image\/png\" \/>\n<meta name=\"twitter:card\" content=\"summary_large_image\" \/>\n<meta name=\"twitter:label1\" content=\"Est. tempo de leitura\" \/>\n\t<meta name=\"twitter:data1\" content=\"4 minutos\" \/>\n<script type=\"application\/ld+json\" class=\"yoast-schema-graph\">{\"@context\":\"https:\\\/\\\/schema.org\",\"@graph\":[{\"@type\":\"WebPage\",\"@id\":\"https:\\\/\\\/languageinactionltd.co.uk\\\/policies\\\/absent-policy\\\/\",\"url\":\"https:\\\/\\\/languageinactionltd.co.uk\\\/policies\\\/absent-policy\\\/\",\"name\":\"Absent policy - Language in Action\",\"isPartOf\":{\"@id\":\"https:\\\/\\\/languageinactionltd.co.uk\\\/#website\"},\"datePublished\":\"2025-09-01T08:11:50+00:00\",\"dateModified\":\"2026-04-13T10:38:07+00:00\",\"breadcrumb\":{\"@id\":\"https:\\\/\\\/languageinactionltd.co.uk\\\/policies\\\/absent-policy\\\/#breadcrumb\"},\"inLanguage\":\"pt-BR\",\"potentialAction\":[{\"@type\":\"ReadAction\",\"target\":[\"https:\\\/\\\/languageinactionltd.co.uk\\\/policies\\\/absent-policy\\\/\"]}]},{\"@type\":\"BreadcrumbList\",\"@id\":\"https:\\\/\\\/languageinactionltd.co.uk\\\/policies\\\/absent-policy\\\/#breadcrumb\",\"itemListElement\":[{\"@type\":\"ListItem\",\"position\":1,\"name\":\"Home\",\"item\":\"https:\\\/\\\/languageinactionltd.co.uk\\\/\"},{\"@type\":\"ListItem\",\"position\":2,\"name\":\"Policies\",\"item\":\"https:\\\/\\\/languageinactionltd.co.uk\\\/policies\\\/\"},{\"@type\":\"ListItem\",\"position\":3,\"name\":\"Absent policy\"}]},{\"@type\":\"WebSite\",\"@id\":\"https:\\\/\\\/languageinactionltd.co.uk\\\/#website\",\"url\":\"https:\\\/\\\/languageinactionltd.co.uk\\\/\",\"name\":\"Language in Action\",\"description\":\"\",\"potentialAction\":[{\"@type\":\"SearchAction\",\"target\":{\"@type\":\"EntryPoint\",\"urlTemplate\":\"https:\\\/\\\/languageinactionltd.co.uk\\\/?s={search_term_string}\"},\"query-input\":{\"@type\":\"PropertyValueSpecification\",\"valueRequired\":true,\"valueName\":\"search_term_string\"}}],\"inLanguage\":\"pt-BR\"}]}<\/script>\n<!-- \/ Yoast SEO plugin. -->","yoast_head_json":{"title":"Pol\u00edtica de aus\u00eancia - Language in Action","robots":{"index":"index","follow":"follow","max-snippet":"max-snippet:-1","max-image-preview":"max-image-preview:large","max-video-preview":"max-video-preview:-1"},"canonical":"https:\/\/languageinactionltd.co.uk\/pt\/politicas\/politica-de-ausencia\/","og_locale":"pt_BR","og_type":"article","og_title":"Absent policy - Language in Action","og_description":"Policies General policy for absent \/ missing students Last updated 10\/04\/2026 A. On Excursion The Activity Manager should ensure that students and agency Group Leaders are fully aware of the itinerary \u2013 in many cases agency GLs \/ individual students will receive a leaflet with these details. Students should know where the meeting point is [&hellip;]","og_url":"https:\/\/languageinactionltd.co.uk\/pt\/politicas\/politica-de-ausencia\/","og_site_name":"Language in Action","article_modified_time":"2026-04-13T10:38:07+00:00","og_image":[{"width":1200,"height":675,"url":"https:\/\/languageinactionltd.co.uk\/wp-content\/uploads\/sites\/9\/2025\/08\/lia-social.png","type":"image\/png"}],"twitter_card":"summary_large_image","twitter_misc":{"Est. tempo de leitura":"4 minutos"},"schema":{"@context":"https:\/\/schema.org","@graph":[{"@type":"WebPage","@id":"https:\/\/languageinactionltd.co.uk\/policies\/absent-policy\/","url":"https:\/\/languageinactionltd.co.uk\/policies\/absent-policy\/","name":"Pol\u00edtica de aus\u00eancia - Language in Action","isPartOf":{"@id":"https:\/\/languageinactionltd.co.uk\/#website"},"datePublished":"2025-09-01T08:11:50+00:00","dateModified":"2026-04-13T10:38:07+00:00","breadcrumb":{"@id":"https:\/\/languageinactionltd.co.uk\/policies\/absent-policy\/#breadcrumb"},"inLanguage":"pt-BR","potentialAction":[{"@type":"ReadAction","target":["https:\/\/languageinactionltd.co.uk\/policies\/absent-policy\/"]}]},{"@type":"BreadcrumbList","@id":"https:\/\/languageinactionltd.co.uk\/policies\/absent-policy\/#breadcrumb","itemListElement":[{"@type":"ListItem","position":1,"name":"Home","item":"https:\/\/languageinactionltd.co.uk\/"},{"@type":"ListItem","position":2,"name":"Policies","item":"https:\/\/languageinactionltd.co.uk\/policies\/"},{"@type":"ListItem","position":3,"name":"Absent policy"}]},{"@type":"WebSite","@id":"https:\/\/languageinactionltd.co.uk\/#website","url":"https:\/\/languageinactionltd.co.uk\/","name":"Linguagem em a\u00e7\u00e3o","description":"","potentialAction":[{"@type":"SearchAction","target":{"@type":"EntryPoint","urlTemplate":"https:\/\/languageinactionltd.co.uk\/?s={search_term_string}"},"query-input":{"@type":"PropertyValueSpecification","valueRequired":true,"valueName":"search_term_string"}}],"inLanguage":"pt-BR"}]}},"_links":{"self":[{"href":"https:\/\/languageinactionltd.co.uk\/pt\/wp-json\/wp\/v2\/pages\/45405","targetHints":{"allow":["GET"]}}],"collection":[{"href":"https:\/\/languageinactionltd.co.uk\/pt\/wp-json\/wp\/v2\/pages"}],"about":[{"href":"https:\/\/languageinactionltd.co.uk\/pt\/wp-json\/wp\/v2\/types\/page"}],"author":[{"embeddable":true,"href":"https:\/\/languageinactionltd.co.uk\/pt\/wp-json\/wp\/v2\/users\/27"}],"replies":[{"embeddable":true,"href":"https:\/\/languageinactionltd.co.uk\/pt\/wp-json\/wp\/v2\/comments?post=45405"}],"version-history":[{"count":7,"href":"https:\/\/languageinactionltd.co.uk\/pt\/wp-json\/wp\/v2\/pages\/45405\/revisions"}],"predecessor-version":[{"id":47741,"href":"https:\/\/languageinactionltd.co.uk\/pt\/wp-json\/wp\/v2\/pages\/45405\/revisions\/47741"}],"up":[{"embeddable":true,"href":"https:\/\/languageinactionltd.co.uk\/pt\/wp-json\/wp\/v2\/pages\/44379"}],"wp:attachment":[{"href":"https:\/\/languageinactionltd.co.uk\/pt\/wp-json\/wp\/v2\/media?parent=45405"}],"curies":[{"name":"wp","href":"https:\/\/api.w.org\/{rel}","templated":true}]}}