{"id":45277,"date":"2025-08-28T11:37:45","date_gmt":"2025-08-28T11:37:45","guid":{"rendered":"https:\/\/languageinactionltd.co.uk\/?page_id=45277"},"modified":"2026-04-13T10:37:57","modified_gmt":"2026-04-13T10:37:57","slug":"politica-de-indices-de-supervisao","status":"publish","type":"page","link":"https:\/\/languageinactionltd.co.uk\/pt\/policies\/supervision-ratios-policy\/","title":{"rendered":"Pol\u00edtica de \u00edndices de supervis\u00e3o"},"content":{"rendered":"<div data-elementor-type=\"wp-page\" data-elementor-id=\"45277\" class=\"elementor elementor-45277\" data-elementor-post-type=\"page\">\n\t\t\t\t<div class=\"elementor-element elementor-element-7845af4d body-header-small e-flex e-con-boxed translate-yes e-con e-parent\" data-id=\"7845af4d\" data-element_type=\"container\" data-e-type=\"container\" data-settings=\"{&quot;background_background&quot;:&quot;classic&quot;}\">\n\t\t\t\t\t<div class=\"e-con-inner\">\n\t\t<div class=\"elementor-element elementor-element-50df30a1 e-con-full e-flex translate-yes e-con e-child\" data-id=\"50df30a1\" data-element_type=\"container\" data-e-type=\"container\">\n\t\t\t\t<div class=\"elementor-element elementor-element-1538c21b sub-heading elementor-widget elementor-widget-heading\" data-id=\"1538c21b\" data-element_type=\"widget\" data-e-type=\"widget\" data-widget_type=\"heading.default\">\n\t\t\t\t<div class=\"elementor-widget-container\">\n\t\t\t\t\t<span class=\"elementor-heading-title elementor-size-default\">Pol\u00edticas<\/span>\t\t\t\t<\/div>\n\t\t\t\t<\/div>\n\t\t<div class=\"elementor-element elementor-element-67d5bbed e-con-full e-flex translate-yes e-con e-child\" data-id=\"67d5bbed\" data-element_type=\"container\" data-e-type=\"container\">\n\t\t\t\t<div class=\"elementor-element elementor-element-6803705 elementor-widget elementor-widget-heading\" data-id=\"6803705\" data-element_type=\"widget\" data-e-type=\"widget\" data-widget_type=\"heading.default\">\n\t\t\t\t<div class=\"elementor-widget-container\">\n\t\t\t\t\t<h1 class=\"elementor-heading-title elementor-size-default\">Pol\u00edtica de \u00edndices de supervis\u00e3o<\/h1>\t\t\t\t<\/div>\n\t\t\t\t<\/div>\n\t\t\t\t<div class=\"elementor-element elementor-element-01627e3 elementor-widget elementor-widget-text-editor\" data-id=\"01627e3\" data-element_type=\"widget\" data-e-type=\"widget\" data-widget_type=\"text-editor.default\">\n\t\t\t\t<div class=\"elementor-widget-container\">\n\t\t\t\t\t\t\t\t\t<p><i>\u00daltima atualiza\u00e7\u00e3o 10\/04\/2026<\/i><\/p>\t\t\t\t\t\t\t\t<\/div>\n\t\t\t\t<\/div>\n\t\t\t\t<\/div>\n\t\t\t\t<\/div>\n\t\t\t\t\t<\/div>\n\t\t\t\t<\/div>\n\t\t<div class=\"elementor-element elementor-element-364f9cec body-text-1col e-grid e-con-boxed translate-yes e-con e-parent\" data-id=\"364f9cec\" data-element_type=\"container\" data-e-type=\"container\">\n\t\t\t\t\t<div class=\"e-con-inner\">\n\t\t\t\t<div class=\"elementor-element elementor-element-456f694c section-style-default elementor-widget elementor-widget-Section settings\" data-id=\"456f694c\" data-element_type=\"widget\" data-e-type=\"widget\" data-widget_type=\"Section settings.default\">\n\t\t\t\t<div class=\"elementor-widget-container\">\n\t\t\t\t\t\t\t\t\t\t\t<\/div>\n\t\t\t\t<\/div>\n\t\t<div class=\"elementor-element elementor-element-3387810a e-con-full e-flex translate-yes e-con e-child\" data-id=\"3387810a\" data-element_type=\"container\" data-e-type=\"container\">\n\t\t\t\t<div class=\"elementor-element elementor-element-54a06cbf elementor-widget elementor-widget-text-editor\" data-id=\"54a06cbf\" data-element_type=\"widget\" data-e-type=\"widget\" data-widget_type=\"text-editor.default\">\n\t\t\t\t<div class=\"elementor-widget-container\">\n\t\t\t\t\t\t\t\t\t<p class=\"p1\"><strong>Pol\u00edtica de taxas de supervis\u00e3o para atividades de acomoda\u00e7\u00e3o\/salas de aula\/excurs\u00f5es\/programas sociais em que estejam envolvidos alunos menores de 18 anos.<\/strong><\/p><p class=\"p1\">A Language in Action garante que, em todas as acomoda\u00e7\u00f5es residenciais e salas de aula, bem como em todas as excurs\u00f5es e atividades em que haja alunos menores de 18 anos, haja pelo menos um membro da equipe (incluindo l\u00edderes de grupos de ag\u00eancias) para cada 15\/20 alunos.<\/p><p class=\"p1\">Dependendo do programa escolhido, os alunos de 16 e 17 anos podem ter um limite de supervis\u00e3o pela equipe da LiA.<\/p><p class=\"p1\">Se houver um aluno com necessidades especiais ou com defici\u00eancia, garantiremos que haja outro membro da equipe (incluindo l\u00edderes de grupos de ag\u00eancias) para apoi\u00e1-lo durante toda a estadia.<\/p><p class=\"p1\">As aulas t\u00eam um tamanho m\u00e1ximo de 18 alunos. Um adulto respons\u00e1vel ser\u00e1 designado para cada classe.<\/p><p class=\"p1\">Todas as acomoda\u00e7\u00f5es residenciais s\u00e3o supervisionadas por uma equipe treinada, dispon\u00edvel 24 horas por dia em caso de emerg\u00eancia.<\/p><p class=\"p1\">Todos os membros da equipe da LiA que lideram atividades\/excurs\u00f5es t\u00eam experi\u00eancia em trabalhar com alunos menores de 18 anos, passaram por uma verifica\u00e7\u00e3o DBS e receberam duas refer\u00eancias. Esses detalhes s\u00e3o carregados em nosso Staff Central Records depois que os documentos originais s\u00e3o vistos.<\/p><p class=\"p1\">Solicita-se que os principais membros da equipe das ag\u00eancias parceiras assinem uma declara\u00e7\u00e3o afirmando que sua equipe foi submetida a verifica\u00e7\u00f5es para trabalhar com alunos menores de idade. L\u00edderes de grupo da ag\u00eancia (e outros funcion\u00e1rios da ag\u00eancia)<\/p><p class=\"p1\">membros) devem receber uma c\u00f3pia da pol\u00edtica de Salvaguarda e Prote\u00e7\u00e3o \u00e0 Crian\u00e7a e ser orientados sobre ela na chegada. Tamb\u00e9m \u00e9 solicitado que leiam e assinem o C\u00f3digo de Conduta e uma autodeclara\u00e7\u00e3o de aptid\u00e3o para trabalhar com crian\u00e7as.<\/p><p class=\"p1\">Foram realizadas avalia\u00e7\u00f5es de risco em todas as instala\u00e7\u00f5es principais, atividades no local e excurs\u00f5es fora do local.<\/p><p>\u00a0<\/p>\t\t\t\t\t\t\t\t<\/div>\n\t\t\t\t<\/div>\n\t\t\t\t<\/div>\n\t\t\t\t\t<\/div>\n\t\t\t\t<\/div>\n\t\t\t\t<\/div>","protected":false},"excerpt":{"rendered":"<p>Policies Supervision Ratios Policy Last updated 10\/04\/2026 Policy on Supervision Ratios for Accommodation \/ Classrooms \/ Excursions \/ Social programme activities where under 18yr\u2019s students are involved. Language in Action ensures that in all residential accommodation and classrooms, as well as on all excursions and activities where student under the age of 18yrs are involved, [&hellip;]<\/p>\n","protected":false},"author":27,"featured_media":0,"parent":44379,"menu_order":0,"comment_status":"closed","ping_status":"closed","template":"","meta":{"_acf_changed":false,"footnotes":""},"class_list":["post-45277","page","type-page","status-publish","hentry"],"acf":[],"yoast_head":"<!-- This site is optimized with the Yoast SEO plugin v27.5 - https:\/\/yoast.com\/product\/yoast-seo-wordpress\/ -->\n<title>Supervision Ratios Policy - Language in Action<\/title>\n<meta name=\"robots\" content=\"index, follow, max-snippet:-1, max-image-preview:large, max-video-preview:-1\" \/>\n<link rel=\"canonical\" href=\"https:\/\/languageinactionltd.co.uk\/pt\/politicas\/politica-de-indices-de-supervisao\/\" \/>\n<meta property=\"og:locale\" content=\"pt_BR\" \/>\n<meta property=\"og:type\" content=\"article\" \/>\n<meta property=\"og:title\" content=\"Supervision Ratios Policy - Language in Action\" \/>\n<meta property=\"og:description\" content=\"Policies Supervision Ratios Policy Last updated 10\/04\/2026 Policy on Supervision Ratios for Accommodation \/ Classrooms \/ Excursions \/ Social programme activities where under 18yr\u2019s students are involved. Language in Action ensures that in all residential accommodation and classrooms, as well as on all excursions and activities where student under the age of 18yrs are involved, [&hellip;]\" \/>\n<meta property=\"og:url\" content=\"https:\/\/languageinactionltd.co.uk\/pt\/politicas\/politica-de-indices-de-supervisao\/\" \/>\n<meta property=\"og:site_name\" content=\"Language in Action\" \/>\n<meta property=\"article:modified_time\" content=\"2026-04-13T10:37:57+00:00\" \/>\n<meta property=\"og:image\" content=\"https:\/\/languageinactionltd.co.uk\/wp-content\/uploads\/sites\/9\/2025\/08\/lia-social.png\" \/>\n\t<meta property=\"og:image:width\" content=\"1200\" \/>\n\t<meta property=\"og:image:height\" content=\"675\" \/>\n\t<meta property=\"og:image:type\" content=\"image\/png\" \/>\n<meta name=\"twitter:card\" content=\"summary_large_image\" \/>\n<meta name=\"twitter:label1\" content=\"Est. tempo de leitura\" \/>\n\t<meta name=\"twitter:data1\" content=\"2 minutos\" \/>\n<script type=\"application\/ld+json\" class=\"yoast-schema-graph\">{\"@context\":\"https:\\\/\\\/schema.org\",\"@graph\":[{\"@type\":\"WebPage\",\"@id\":\"https:\\\/\\\/languageinactionltd.co.uk\\\/policies\\\/supervision-ratios-policy\\\/\",\"url\":\"https:\\\/\\\/languageinactionltd.co.uk\\\/policies\\\/supervision-ratios-policy\\\/\",\"name\":\"Supervision Ratios Policy - Language in Action\",\"isPartOf\":{\"@id\":\"https:\\\/\\\/languageinactionltd.co.uk\\\/#website\"},\"datePublished\":\"2025-08-28T11:37:45+00:00\",\"dateModified\":\"2026-04-13T10:37:57+00:00\",\"breadcrumb\":{\"@id\":\"https:\\\/\\\/languageinactionltd.co.uk\\\/policies\\\/supervision-ratios-policy\\\/#breadcrumb\"},\"inLanguage\":\"pt-BR\",\"potentialAction\":[{\"@type\":\"ReadAction\",\"target\":[\"https:\\\/\\\/languageinactionltd.co.uk\\\/policies\\\/supervision-ratios-policy\\\/\"]}]},{\"@type\":\"BreadcrumbList\",\"@id\":\"https:\\\/\\\/languageinactionltd.co.uk\\\/policies\\\/supervision-ratios-policy\\\/#breadcrumb\",\"itemListElement\":[{\"@type\":\"ListItem\",\"position\":1,\"name\":\"Home\",\"item\":\"https:\\\/\\\/languageinactionltd.co.uk\\\/\"},{\"@type\":\"ListItem\",\"position\":2,\"name\":\"Policies\",\"item\":\"https:\\\/\\\/languageinactionltd.co.uk\\\/policies\\\/\"},{\"@type\":\"ListItem\",\"position\":3,\"name\":\"Supervision Ratios Policy\"}]},{\"@type\":\"WebSite\",\"@id\":\"https:\\\/\\\/languageinactionltd.co.uk\\\/#website\",\"url\":\"https:\\\/\\\/languageinactionltd.co.uk\\\/\",\"name\":\"Language in Action\",\"description\":\"\",\"potentialAction\":[{\"@type\":\"SearchAction\",\"target\":{\"@type\":\"EntryPoint\",\"urlTemplate\":\"https:\\\/\\\/languageinactionltd.co.uk\\\/?s={search_term_string}\"},\"query-input\":{\"@type\":\"PropertyValueSpecification\",\"valueRequired\":true,\"valueName\":\"search_term_string\"}}],\"inLanguage\":\"pt-BR\"}]}<\/script>\n<!-- \/ Yoast SEO plugin. -->","yoast_head_json":{"title":"Pol\u00edtica de \u00edndices de supervis\u00e3o - Linguagem em a\u00e7\u00e3o","robots":{"index":"index","follow":"follow","max-snippet":"max-snippet:-1","max-image-preview":"max-image-preview:large","max-video-preview":"max-video-preview:-1"},"canonical":"https:\/\/languageinactionltd.co.uk\/pt\/politicas\/politica-de-indices-de-supervisao\/","og_locale":"pt_BR","og_type":"article","og_title":"Supervision Ratios Policy - Language in Action","og_description":"Policies Supervision Ratios Policy Last updated 10\/04\/2026 Policy on Supervision Ratios for Accommodation \/ Classrooms \/ Excursions \/ Social programme activities where under 18yr\u2019s students are involved. Language in Action ensures that in all residential accommodation and classrooms, as well as on all excursions and activities where student under the age of 18yrs are involved, [&hellip;]","og_url":"https:\/\/languageinactionltd.co.uk\/pt\/politicas\/politica-de-indices-de-supervisao\/","og_site_name":"Language in Action","article_modified_time":"2026-04-13T10:37:57+00:00","og_image":[{"width":1200,"height":675,"url":"https:\/\/languageinactionltd.co.uk\/wp-content\/uploads\/sites\/9\/2025\/08\/lia-social.png","type":"image\/png"}],"twitter_card":"summary_large_image","twitter_misc":{"Est. tempo de leitura":"2 minutos"},"schema":{"@context":"https:\/\/schema.org","@graph":[{"@type":"WebPage","@id":"https:\/\/languageinactionltd.co.uk\/policies\/supervision-ratios-policy\/","url":"https:\/\/languageinactionltd.co.uk\/policies\/supervision-ratios-policy\/","name":"Pol\u00edtica de \u00edndices de supervis\u00e3o - Linguagem em a\u00e7\u00e3o","isPartOf":{"@id":"https:\/\/languageinactionltd.co.uk\/#website"},"datePublished":"2025-08-28T11:37:45+00:00","dateModified":"2026-04-13T10:37:57+00:00","breadcrumb":{"@id":"https:\/\/languageinactionltd.co.uk\/policies\/supervision-ratios-policy\/#breadcrumb"},"inLanguage":"pt-BR","potentialAction":[{"@type":"ReadAction","target":["https:\/\/languageinactionltd.co.uk\/policies\/supervision-ratios-policy\/"]}]},{"@type":"BreadcrumbList","@id":"https:\/\/languageinactionltd.co.uk\/policies\/supervision-ratios-policy\/#breadcrumb","itemListElement":[{"@type":"ListItem","position":1,"name":"Home","item":"https:\/\/languageinactionltd.co.uk\/"},{"@type":"ListItem","position":2,"name":"Policies","item":"https:\/\/languageinactionltd.co.uk\/policies\/"},{"@type":"ListItem","position":3,"name":"Supervision Ratios Policy"}]},{"@type":"WebSite","@id":"https:\/\/languageinactionltd.co.uk\/#website","url":"https:\/\/languageinactionltd.co.uk\/","name":"Linguagem em a\u00e7\u00e3o","description":"","potentialAction":[{"@type":"SearchAction","target":{"@type":"EntryPoint","urlTemplate":"https:\/\/languageinactionltd.co.uk\/?s={search_term_string}"},"query-input":{"@type":"PropertyValueSpecification","valueRequired":true,"valueName":"search_term_string"}}],"inLanguage":"pt-BR"}]}},"_links":{"self":[{"href":"https:\/\/languageinactionltd.co.uk\/pt\/wp-json\/wp\/v2\/pages\/45277","targetHints":{"allow":["GET"]}}],"collection":[{"href":"https:\/\/languageinactionltd.co.uk\/pt\/wp-json\/wp\/v2\/pages"}],"about":[{"href":"https:\/\/languageinactionltd.co.uk\/pt\/wp-json\/wp\/v2\/types\/page"}],"author":[{"embeddable":true,"href":"https:\/\/languageinactionltd.co.uk\/pt\/wp-json\/wp\/v2\/users\/27"}],"replies":[{"embeddable":true,"href":"https:\/\/languageinactionltd.co.uk\/pt\/wp-json\/wp\/v2\/comments?post=45277"}],"version-history":[{"count":7,"href":"https:\/\/languageinactionltd.co.uk\/pt\/wp-json\/wp\/v2\/pages\/45277\/revisions"}],"predecessor-version":[{"id":47729,"href":"https:\/\/languageinactionltd.co.uk\/pt\/wp-json\/wp\/v2\/pages\/45277\/revisions\/47729"}],"up":[{"embeddable":true,"href":"https:\/\/languageinactionltd.co.uk\/pt\/wp-json\/wp\/v2\/pages\/44379"}],"wp:attachment":[{"href":"https:\/\/languageinactionltd.co.uk\/pt\/wp-json\/wp\/v2\/media?parent=45277"}],"curies":[{"name":"wp","href":"https:\/\/api.w.org\/{rel}","templated":true}]}}