{"id":45259,"date":"2025-08-28T11:29:09","date_gmt":"2025-08-28T11:29:09","guid":{"rendered":"https:\/\/languageinactionltd.co.uk\/?page_id=45259"},"modified":"2026-04-13T10:36:21","modified_gmt":"2026-04-13T10:36:21","slug":"politica-de-atrasos-dos-alunos","status":"publish","type":"page","link":"https:\/\/languageinactionltd.co.uk\/pt\/policies\/student-lateness-policy\/","title":{"rendered":"Pol\u00edtica de atrasos dos alunos"},"content":{"rendered":"<div data-elementor-type=\"wp-page\" data-elementor-id=\"45259\" class=\"elementor elementor-45259\" data-elementor-post-type=\"page\">\n\t\t\t\t<div class=\"elementor-element elementor-element-62332a9f body-header-small e-flex e-con-boxed translate-yes e-con e-parent\" data-id=\"62332a9f\" data-element_type=\"container\" data-e-type=\"container\" data-settings=\"{&quot;background_background&quot;:&quot;classic&quot;}\">\n\t\t\t\t\t<div class=\"e-con-inner\">\n\t\t<div class=\"elementor-element elementor-element-34b7a050 e-con-full e-flex translate-yes e-con e-child\" data-id=\"34b7a050\" data-element_type=\"container\" data-e-type=\"container\">\n\t\t\t\t<div class=\"elementor-element elementor-element-201e9fb1 sub-heading elementor-widget elementor-widget-heading\" data-id=\"201e9fb1\" data-element_type=\"widget\" data-e-type=\"widget\" data-widget_type=\"heading.default\">\n\t\t\t\t<div class=\"elementor-widget-container\">\n\t\t\t\t\t<span class=\"elementor-heading-title elementor-size-default\">Pol\u00edticas<\/span>\t\t\t\t<\/div>\n\t\t\t\t<\/div>\n\t\t<div class=\"elementor-element elementor-element-56a873d9 e-con-full e-flex translate-yes e-con e-child\" data-id=\"56a873d9\" data-element_type=\"container\" data-e-type=\"container\">\n\t\t\t\t<div class=\"elementor-element elementor-element-340c00b8 elementor-widget elementor-widget-heading\" data-id=\"340c00b8\" data-element_type=\"widget\" data-e-type=\"widget\" data-widget_type=\"heading.default\">\n\t\t\t\t<div class=\"elementor-widget-container\">\n\t\t\t\t\t<h1 class=\"elementor-heading-title elementor-size-default\">Pol\u00edtica de atrasos dos alunos<\/h1>\t\t\t\t<\/div>\n\t\t\t\t<\/div>\n\t\t\t\t<div class=\"elementor-element elementor-element-c7b190e elementor-widget elementor-widget-text-editor\" data-id=\"c7b190e\" data-element_type=\"widget\" data-e-type=\"widget\" data-widget_type=\"text-editor.default\">\n\t\t\t\t<div class=\"elementor-widget-container\">\n\t\t\t\t\t\t\t\t\t<p><i>\u00daltima atualiza\u00e7\u00e3o 10\/04\/2026<\/i><\/p>\t\t\t\t\t\t\t\t<\/div>\n\t\t\t\t<\/div>\n\t\t\t\t<\/div>\n\t\t\t\t<\/div>\n\t\t\t\t\t<\/div>\n\t\t\t\t<\/div>\n\t\t<div class=\"elementor-element elementor-element-6ebf80ce body-text-1col e-grid e-con-boxed translate-yes e-con e-parent\" data-id=\"6ebf80ce\" data-element_type=\"container\" data-e-type=\"container\">\n\t\t\t\t\t<div class=\"e-con-inner\">\n\t\t\t\t<div class=\"elementor-element elementor-element-5954f3c3 section-style-default elementor-widget elementor-widget-Section settings\" data-id=\"5954f3c3\" data-element_type=\"widget\" data-e-type=\"widget\" data-widget_type=\"Section settings.default\">\n\t\t\t\t<div class=\"elementor-widget-container\">\n\t\t\t\t\t\t\t\t\t\t\t<\/div>\n\t\t\t\t<\/div>\n\t\t<div class=\"elementor-element elementor-element-65624923 e-con-full e-flex translate-yes e-con e-child\" data-id=\"65624923\" data-element_type=\"container\" data-e-type=\"container\">\n\t\t\t\t<div class=\"elementor-element elementor-element-46ea151f elementor-widget elementor-widget-text-editor\" data-id=\"46ea151f\" data-element_type=\"widget\" data-e-type=\"widget\" data-widget_type=\"text-editor.default\">\n\t\t\t\t<div class=\"elementor-widget-container\">\n\t\t\t\t\t\t\t\t\t<p class=\"p1\"><strong>POL\u00cdTICA<\/strong><\/p><ul><li class=\"p1\">Espera-se que todos os alunos (independentemente do tipo de visto) cheguem no hor\u00e1rio de in\u00edcio de todas as aulas e atividades.<\/li><li class=\"p1\">Espera-se que os professores e l\u00edderes de atividades estabele\u00e7am padr\u00f5es com rela\u00e7\u00e3o ao cumprimento de hor\u00e1rios.<\/li><li class=\"p1\">Qualquer aluno que chegar ap\u00f3s o hor\u00e1rio de in\u00edcio da aula ser\u00e1 marcado como \"Atrasado\".<\/li><li class=\"p1\">Os alunos que chegarem com mais de 15 minutos de atraso em qualquer parte da aula ou sa\u00edrem com mais de 15 minutos de anteced\u00eancia em qualquer parte da aula ser\u00e3o considerados ausentes por atraso.<\/li><li class=\"p1\">Qualquer aluno que chegar com mais de 15 minutos de atraso poder\u00e1 ser admitido na classe ap\u00f3s o intervalo.<\/li><li class=\"p1\">A equipe acad\u00eamica elabora relat\u00f3rios que identificam os alunos que n\u00e3o cumprem os hor\u00e1rios, e ser\u00e3o marcadas reuni\u00f5es entre o aluno (e\/ou o l\u00edder do grupo da ag\u00eancia, se fizer parte de um grupo fechado) e o DoS\/Gerente do Centro para tratar do assunto e promover melhorias.<\/li><li class=\"p1\">No caso de alunos com visto de estudante (mais de 11 meses) ou visto de curto prazo, o DoS\/gerente do centro deve ser notificado imediatamente se os alunos se atrasarem persistentemente, pois isso afetar\u00e1 a frequ\u00eancia e, portanto, a conformidade com o visto.<\/li><li class=\"p1\">Os alunos podem alegar ter desculpas v\u00e1lidas para atrasos constantes. A LiA n\u00e3o aceitar\u00e1 nenhuma justificativa para atrasos cont\u00ednuos \u00e0s aulas.<\/li><li class=\"p1\">Todos os professores devem estar cientes de que a boa frequ\u00eancia e o controle de hor\u00e1rios s\u00e3o a pedra angular da educa\u00e7\u00e3o de qualidade. Isso deve ser incentivado em todos os momentos. Os professores do Language in Action t\u00eam o dever contratual de monitorar o desempenho dos alunos e a frequ\u00eancia\/observa\u00e7\u00e3o de hor\u00e1rios.<\/li><\/ul><p class=\"p1\"><strong>POL\u00cdTICAS RELACIONADAS<\/strong><\/p><ul><li class=\"p1\">Pol\u00edtica geral para alunos ausentes\/ausentes<\/li><li class=\"p1\">Pol\u00edtica de presen\u00e7a<\/li><li class=\"p1\">Procedimento disciplinar do aluno<\/li><\/ul>\t\t\t\t\t\t\t\t<\/div>\n\t\t\t\t<\/div>\n\t\t\t\t<\/div>\n\t\t\t\t\t<\/div>\n\t\t\t\t<\/div>\n\t\t\t\t<\/div>","protected":false},"excerpt":{"rendered":"<p>Policies Student Lateness Policy Last updated 10\/04\/2026 POLICY All Students (regardless of visa type) are expected to arrive on time for all class and activities start times. Teachers and Activity Leaders are expected to set standards with regards to timekeeping. Any student arriving after the class start time will be marked \u2018Late\u2019. Students arriving more [&hellip;]<\/p>\n","protected":false},"author":27,"featured_media":0,"parent":44379,"menu_order":0,"comment_status":"closed","ping_status":"closed","template":"","meta":{"_acf_changed":false,"footnotes":""},"class_list":["post-45259","page","type-page","status-publish","hentry"],"acf":[],"yoast_head":"<!-- This site is optimized with the Yoast SEO plugin v27.5 - https:\/\/yoast.com\/product\/yoast-seo-wordpress\/ -->\n<title>Student Lateness Policy - Language in Action<\/title>\n<meta name=\"robots\" content=\"index, follow, max-snippet:-1, max-image-preview:large, max-video-preview:-1\" \/>\n<link rel=\"canonical\" href=\"https:\/\/languageinactionltd.co.uk\/pt\/politicas\/politica-de-atrasos-dos-alunos\/\" \/>\n<meta property=\"og:locale\" content=\"pt_BR\" \/>\n<meta property=\"og:type\" content=\"article\" \/>\n<meta property=\"og:title\" content=\"Student Lateness Policy - Language in Action\" \/>\n<meta property=\"og:description\" content=\"Policies Student Lateness Policy Last updated 10\/04\/2026 POLICY All Students (regardless of visa type) are expected to arrive on time for all class and activities start times. Teachers and Activity Leaders are expected to set standards with regards to timekeeping. Any student arriving after the class start time will be marked \u2018Late\u2019. Students arriving more [&hellip;]\" \/>\n<meta property=\"og:url\" content=\"https:\/\/languageinactionltd.co.uk\/pt\/politicas\/politica-de-atrasos-dos-alunos\/\" \/>\n<meta property=\"og:site_name\" content=\"Language in Action\" \/>\n<meta property=\"article:modified_time\" content=\"2026-04-13T10:36:21+00:00\" \/>\n<meta property=\"og:image\" content=\"https:\/\/languageinactionltd.co.uk\/wp-content\/uploads\/sites\/9\/2025\/08\/lia-social.png\" \/>\n\t<meta property=\"og:image:width\" content=\"1200\" \/>\n\t<meta property=\"og:image:height\" content=\"675\" \/>\n\t<meta property=\"og:image:type\" content=\"image\/png\" \/>\n<meta name=\"twitter:card\" content=\"summary_large_image\" \/>\n<meta name=\"twitter:label1\" content=\"Est. tempo de leitura\" \/>\n\t<meta name=\"twitter:data1\" content=\"2 minutos\" \/>\n<script type=\"application\/ld+json\" class=\"yoast-schema-graph\">{\"@context\":\"https:\\\/\\\/schema.org\",\"@graph\":[{\"@type\":\"WebPage\",\"@id\":\"https:\\\/\\\/languageinactionltd.co.uk\\\/policies\\\/student-lateness-policy\\\/\",\"url\":\"https:\\\/\\\/languageinactionltd.co.uk\\\/policies\\\/student-lateness-policy\\\/\",\"name\":\"Student Lateness Policy - Language in Action\",\"isPartOf\":{\"@id\":\"https:\\\/\\\/languageinactionltd.co.uk\\\/#website\"},\"datePublished\":\"2025-08-28T11:29:09+00:00\",\"dateModified\":\"2026-04-13T10:36:21+00:00\",\"breadcrumb\":{\"@id\":\"https:\\\/\\\/languageinactionltd.co.uk\\\/policies\\\/student-lateness-policy\\\/#breadcrumb\"},\"inLanguage\":\"pt-BR\",\"potentialAction\":[{\"@type\":\"ReadAction\",\"target\":[\"https:\\\/\\\/languageinactionltd.co.uk\\\/policies\\\/student-lateness-policy\\\/\"]}]},{\"@type\":\"BreadcrumbList\",\"@id\":\"https:\\\/\\\/languageinactionltd.co.uk\\\/policies\\\/student-lateness-policy\\\/#breadcrumb\",\"itemListElement\":[{\"@type\":\"ListItem\",\"position\":1,\"name\":\"Home\",\"item\":\"https:\\\/\\\/languageinactionltd.co.uk\\\/\"},{\"@type\":\"ListItem\",\"position\":2,\"name\":\"Policies\",\"item\":\"https:\\\/\\\/languageinactionltd.co.uk\\\/policies\\\/\"},{\"@type\":\"ListItem\",\"position\":3,\"name\":\"Student Lateness Policy\"}]},{\"@type\":\"WebSite\",\"@id\":\"https:\\\/\\\/languageinactionltd.co.uk\\\/#website\",\"url\":\"https:\\\/\\\/languageinactionltd.co.uk\\\/\",\"name\":\"Language in Action\",\"description\":\"\",\"potentialAction\":[{\"@type\":\"SearchAction\",\"target\":{\"@type\":\"EntryPoint\",\"urlTemplate\":\"https:\\\/\\\/languageinactionltd.co.uk\\\/?s={search_term_string}\"},\"query-input\":{\"@type\":\"PropertyValueSpecification\",\"valueRequired\":true,\"valueName\":\"search_term_string\"}}],\"inLanguage\":\"pt-BR\"}]}<\/script>\n<!-- \/ Yoast SEO plugin. -->","yoast_head_json":{"title":"Pol\u00edtica de atraso do aluno - Linguagem em a\u00e7\u00e3o","robots":{"index":"index","follow":"follow","max-snippet":"max-snippet:-1","max-image-preview":"max-image-preview:large","max-video-preview":"max-video-preview:-1"},"canonical":"https:\/\/languageinactionltd.co.uk\/pt\/politicas\/politica-de-atrasos-dos-alunos\/","og_locale":"pt_BR","og_type":"article","og_title":"Student Lateness Policy - Language in Action","og_description":"Policies Student Lateness Policy Last updated 10\/04\/2026 POLICY All Students (regardless of visa type) are expected to arrive on time for all class and activities start times. Teachers and Activity Leaders are expected to set standards with regards to timekeeping. Any student arriving after the class start time will be marked \u2018Late\u2019. Students arriving more [&hellip;]","og_url":"https:\/\/languageinactionltd.co.uk\/pt\/politicas\/politica-de-atrasos-dos-alunos\/","og_site_name":"Language in Action","article_modified_time":"2026-04-13T10:36:21+00:00","og_image":[{"width":1200,"height":675,"url":"https:\/\/languageinactionltd.co.uk\/wp-content\/uploads\/sites\/9\/2025\/08\/lia-social.png","type":"image\/png"}],"twitter_card":"summary_large_image","twitter_misc":{"Est. tempo de leitura":"2 minutos"},"schema":{"@context":"https:\/\/schema.org","@graph":[{"@type":"WebPage","@id":"https:\/\/languageinactionltd.co.uk\/policies\/student-lateness-policy\/","url":"https:\/\/languageinactionltd.co.uk\/policies\/student-lateness-policy\/","name":"Pol\u00edtica de atraso do aluno - Linguagem em a\u00e7\u00e3o","isPartOf":{"@id":"https:\/\/languageinactionltd.co.uk\/#website"},"datePublished":"2025-08-28T11:29:09+00:00","dateModified":"2026-04-13T10:36:21+00:00","breadcrumb":{"@id":"https:\/\/languageinactionltd.co.uk\/policies\/student-lateness-policy\/#breadcrumb"},"inLanguage":"pt-BR","potentialAction":[{"@type":"ReadAction","target":["https:\/\/languageinactionltd.co.uk\/policies\/student-lateness-policy\/"]}]},{"@type":"BreadcrumbList","@id":"https:\/\/languageinactionltd.co.uk\/policies\/student-lateness-policy\/#breadcrumb","itemListElement":[{"@type":"ListItem","position":1,"name":"Home","item":"https:\/\/languageinactionltd.co.uk\/"},{"@type":"ListItem","position":2,"name":"Policies","item":"https:\/\/languageinactionltd.co.uk\/policies\/"},{"@type":"ListItem","position":3,"name":"Student Lateness Policy"}]},{"@type":"WebSite","@id":"https:\/\/languageinactionltd.co.uk\/#website","url":"https:\/\/languageinactionltd.co.uk\/","name":"Linguagem em a\u00e7\u00e3o","description":"","potentialAction":[{"@type":"SearchAction","target":{"@type":"EntryPoint","urlTemplate":"https:\/\/languageinactionltd.co.uk\/?s={search_term_string}"},"query-input":{"@type":"PropertyValueSpecification","valueRequired":true,"valueName":"search_term_string"}}],"inLanguage":"pt-BR"}]}},"_links":{"self":[{"href":"https:\/\/languageinactionltd.co.uk\/pt\/wp-json\/wp\/v2\/pages\/45259","targetHints":{"allow":["GET"]}}],"collection":[{"href":"https:\/\/languageinactionltd.co.uk\/pt\/wp-json\/wp\/v2\/pages"}],"about":[{"href":"https:\/\/languageinactionltd.co.uk\/pt\/wp-json\/wp\/v2\/types\/page"}],"author":[{"embeddable":true,"href":"https:\/\/languageinactionltd.co.uk\/pt\/wp-json\/wp\/v2\/users\/27"}],"replies":[{"embeddable":true,"href":"https:\/\/languageinactionltd.co.uk\/pt\/wp-json\/wp\/v2\/comments?post=45259"}],"version-history":[{"count":7,"href":"https:\/\/languageinactionltd.co.uk\/pt\/wp-json\/wp\/v2\/pages\/45259\/revisions"}],"predecessor-version":[{"id":47717,"href":"https:\/\/languageinactionltd.co.uk\/pt\/wp-json\/wp\/v2\/pages\/45259\/revisions\/47717"}],"up":[{"embeddable":true,"href":"https:\/\/languageinactionltd.co.uk\/pt\/wp-json\/wp\/v2\/pages\/44379"}],"wp:attachment":[{"href":"https:\/\/languageinactionltd.co.uk\/pt\/wp-json\/wp\/v2\/media?parent=45259"}],"curies":[{"name":"wp","href":"https:\/\/api.w.org\/{rel}","templated":true}]}}