{"id":45237,"date":"2025-08-28T11:06:13","date_gmt":"2025-08-28T11:06:13","guid":{"rendered":"https:\/\/languageinactionltd.co.uk\/?page_id=45237"},"modified":"2026-04-13T10:36:23","modified_gmt":"2026-04-13T10:36:23","slug":"politica-e-procedimento-de-reclamacoes-de-estudantes","status":"publish","type":"page","link":"https:\/\/languageinactionltd.co.uk\/pt\/policies\/student-complaints-policy-and-procedure\/","title":{"rendered":"Pol\u00edtica e procedimento para reclama\u00e7\u00f5es de alunos"},"content":{"rendered":"<div data-elementor-type=\"wp-page\" data-elementor-id=\"45237\" class=\"elementor elementor-45237\" data-elementor-post-type=\"page\">\n\t\t\t\t<div class=\"elementor-element elementor-element-684aed79 body-header-small e-flex e-con-boxed translate-yes e-con e-parent\" data-id=\"684aed79\" data-element_type=\"container\" data-e-type=\"container\" data-settings=\"{&quot;background_background&quot;:&quot;classic&quot;}\">\n\t\t\t\t\t<div class=\"e-con-inner\">\n\t\t<div class=\"elementor-element elementor-element-7b7a4b55 e-con-full e-flex translate-yes e-con e-child\" data-id=\"7b7a4b55\" data-element_type=\"container\" data-e-type=\"container\">\n\t\t\t\t<div class=\"elementor-element elementor-element-116fc076 sub-heading elementor-widget elementor-widget-heading\" data-id=\"116fc076\" data-element_type=\"widget\" data-e-type=\"widget\" data-widget_type=\"heading.default\">\n\t\t\t\t<div class=\"elementor-widget-container\">\n\t\t\t\t\t<span class=\"elementor-heading-title elementor-size-default\">Pol\u00edticas<\/span>\t\t\t\t<\/div>\n\t\t\t\t<\/div>\n\t\t<div class=\"elementor-element elementor-element-67bddda1 e-con-full e-flex translate-yes e-con e-child\" data-id=\"67bddda1\" data-element_type=\"container\" data-e-type=\"container\">\n\t\t\t\t<div class=\"elementor-element elementor-element-47688726 elementor-widget elementor-widget-heading\" data-id=\"47688726\" data-element_type=\"widget\" data-e-type=\"widget\" data-widget_type=\"heading.default\">\n\t\t\t\t<div class=\"elementor-widget-container\">\n\t\t\t\t\t<h1 class=\"elementor-heading-title elementor-size-default\">Pol\u00edtica e procedimento para reclama\u00e7\u00f5es de alunos<\/h1>\t\t\t\t<\/div>\n\t\t\t\t<\/div>\n\t\t\t\t<div class=\"elementor-element elementor-element-72bde73 elementor-widget elementor-widget-text-editor\" data-id=\"72bde73\" data-element_type=\"widget\" data-e-type=\"widget\" data-widget_type=\"text-editor.default\">\n\t\t\t\t<div class=\"elementor-widget-container\">\n\t\t\t\t\t\t\t\t\t<p><i>\u00daltima atualiza\u00e7\u00e3o 10\/04\/2026<\/i><\/p>\t\t\t\t\t\t\t\t<\/div>\n\t\t\t\t<\/div>\n\t\t\t\t<\/div>\n\t\t\t\t<\/div>\n\t\t\t\t\t<\/div>\n\t\t\t\t<\/div>\n\t\t<div class=\"elementor-element elementor-element-31f7aa45 body-text-1col e-grid e-con-boxed translate-yes e-con e-parent\" data-id=\"31f7aa45\" data-element_type=\"container\" data-e-type=\"container\">\n\t\t\t\t\t<div class=\"e-con-inner\">\n\t\t\t\t<div class=\"elementor-element elementor-element-b494ac4 section-style-default elementor-widget elementor-widget-Section settings\" data-id=\"b494ac4\" data-element_type=\"widget\" data-e-type=\"widget\" data-widget_type=\"Section settings.default\">\n\t\t\t\t<div class=\"elementor-widget-container\">\n\t\t\t\t\t\t\t\t\t\t\t<\/div>\n\t\t\t\t<\/div>\n\t\t<div class=\"elementor-element elementor-element-56325558 e-con-full e-flex translate-yes e-con e-child\" data-id=\"56325558\" data-element_type=\"container\" data-e-type=\"container\">\n\t\t\t\t<div class=\"elementor-element elementor-element-465bf551 elementor-widget elementor-widget-text-editor\" data-id=\"465bf551\" data-element_type=\"widget\" data-e-type=\"widget\" data-widget_type=\"text-editor.default\">\n\t\t\t\t<div class=\"elementor-widget-container\">\n\t\t\t\t\t\t\t\t\t<h2 class=\"p1\">1. objetivo e escopo<\/h2><p class=\"p1\">Este documento cont\u00e9m os Procedimentos de Reclama\u00e7\u00f5es dos Alunos.<\/p><p class=\"p1\">O escopo dos procedimentos se restringe a reclama\u00e7\u00f5es relacionadas \u00e0 experi\u00eancia dos alunos na LIA, incluindo servi\u00e7os e instala\u00e7\u00f5es oferecidos.<\/p><h2 class=\"p1\">2.Princ\u00edpios<\/h2><p class=\"p1\">2.1 Os alunos podem solicitar informa\u00e7\u00f5es, orienta\u00e7\u00e3o e ajuda para fazer uma reclama\u00e7\u00e3o a qualquer pessoa que desejarem. Em qualquer etapa, o aluno tem o direito de ser acompanhado\/representado por outra pessoa que possa falar em seu nome, se assim o desejar.<\/p><p class=\"p1\">2.2 A LIA agradece os coment\u00e1rios e sugest\u00f5es dos alunos sobre como a escola pode aumentar sua efic\u00e1cia e\/ou melhorar seu servi\u00e7o. Os alunos s\u00e3o incentivados a dar sugest\u00f5es.<\/p><p class=\"p1\">2.3 A escola reconhece que, de tempos em tempos, os alunos podem ter reclama\u00e7\u00f5es sobre as instala\u00e7\u00f5es ou os servi\u00e7os que recebem de seus funcion\u00e1rios.<\/p><p class=\"p1\">2.4 Esses procedimentos t\u00eam como objetivo fornecer um meio simples e compreens\u00edvel pelo qual os alunos possam fazer coment\u00e1rios, sugest\u00f5es e reclama\u00e7\u00f5es com a equipe apropriada.<\/p><p class=\"p1\">2.5 A escola garantir\u00e1 que o servi\u00e7o e o atendimento prestados a qualquer aluno que fizer um coment\u00e1rio, sugest\u00e3o ou reclama\u00e7\u00e3o n\u00e3o ser\u00e3o prejudicados de forma alguma como resultado da a\u00e7\u00e3o tomada, mas a escola espera que os alunos n\u00e3o se envolvam em reclama\u00e7\u00f5es fr\u00edvolas ou vexat\u00f3rias.<\/p><p class=\"p1\">2.6 A escola manter\u00e1 a confidencialidade dos coment\u00e1rios, sugest\u00f5es e reclama\u00e7\u00f5es na medida do poss\u00edvel. No entanto, o prestador de servi\u00e7os normalmente deve ser informado de que foi feita uma reclama\u00e7\u00e3o e que ela est\u00e1 sendo investigada.<\/p><p class=\"p1\">2.7 O par\u00e1grafo acima n\u00e3o prejudica de forma alguma os procedimentos existentes para lidar com quest\u00f5es disciplinares da equipe.<\/p><h2 class=\"p1\">3. procedimento de reclama\u00e7\u00f5es<\/h2><p class=\"p1\">3.1. Est\u00e1gio informal (consulte o item 2.1 acima):<\/p><p class=\"p1\">Espera-se que muitos problemas sejam tratados informalmente, em um esp\u00edrito de concilia\u00e7\u00e3o, sem a necessidade de recorrer a um procedimento formal. Como primeira etapa, um aluno insatisfeito com o servi\u00e7o que recebeu deve tentar resolver o problema com seu professor ou com o Diretor de Estudos\/Gerente Acad\u00eamico ou com os L\u00edderes de Atividades\/Gerente de Atividades e Diretor de Bem-Estar\/Gerente do Centro. Em muitos casos, essa pessoa pode responder melhor \u00e0 reclama\u00e7\u00e3o. No entanto, se a resposta \u00e0 reclama\u00e7\u00e3o informal for insatisfat\u00f3ria, o aluno tem o direito de usar o procedimento de reclama\u00e7\u00f5es formais estabelecido abaixo. O aluno s\u00f3 deve usar esse procedimento formal de reclama\u00e7\u00f5es se considerar que a reclama\u00e7\u00e3o \u00e9 muito s\u00e9ria para ser tratada informalmente ou se estiver insatisfeito com os resultados das discuss\u00f5es informais.<\/p><p class=\"p1\">3.2. Etapa escolar:<\/p><p class=\"p1\">Se o aluno desejar fazer uma reclama\u00e7\u00e3o formal de acordo com esses procedimentos, ele dever\u00e1 apresentar a reclama\u00e7\u00e3o ao Gerente do Centro, que lhe entregar\u00e1 um formul\u00e1rio de reclama\u00e7\u00e3o para ser preenchido.<\/p><p class=\"p1\">Reclama\u00e7\u00f5es por escrito envolvendo o Gerente do Centro devem ser enviadas para a sede do Language in Action, diretamente por e-mail ou preenchidas no formul\u00e1rio de reclama\u00e7\u00f5es do Language in Action dispon\u00edvel no centro.<\/p><p class=\"p1\">Normalmente, o Gerente do Centro responder\u00e1 pessoalmente \u00e0 carta do aluno dentro de 48 horas. Se o Gerente do Centro achar que a reclama\u00e7\u00e3o precisa de mais investiga\u00e7\u00e3o, ele explicar\u00e1 ao aluno (ou ao seu representante) como a reclama\u00e7\u00e3o ser\u00e1 processada. A reclama\u00e7\u00e3o ser\u00e1 totalmente investigada (normalmente isso tamb\u00e9m envolver\u00e1 um convite para que o aluno discuta a reclama\u00e7\u00e3o pessoalmente) e o aluno normalmente receber\u00e1 uma resposta por escrito dentro de 5 dias.<\/p><p class=\"p1\">Se o aluno estiver satisfeito com a resposta recebida e n\u00e3o desejar levar a reclama\u00e7\u00e3o adiante, as informa\u00e7\u00f5es obtidas com a reclama\u00e7\u00e3o ser\u00e3o usadas para aprimorar o servi\u00e7o prestado pela Escola.<\/p><p class=\"p1\">3.3. Apela\u00e7\u00f5es<\/p><p class=\"p1\">Se a reclama\u00e7\u00e3o n\u00e3o for resolvida no prazo de 5 dias ou n\u00e3o for satisfat\u00f3ria para o aluno, ele dever\u00e1 encaminhar a reclama\u00e7\u00e3o \u00e0 sede do Language in Action.<\/p><p class=\"p1\">A sede investigar\u00e1 a reclama\u00e7\u00e3o (normalmente, isso envolver\u00e1 um convite para que o aluno discuta a reclama\u00e7\u00e3o pessoalmente com ele mesmo ou com uma pessoa indicada por ele) e, normalmente, o aluno receber\u00e1 uma resposta por escrito dentro de tr\u00eas dias \u00fateis.<\/p><p class=\"p1\">Se o aluno estiver satisfeito com a resposta recebida e n\u00e3o desejar levar a reclama\u00e7\u00e3o adiante, as informa\u00e7\u00f5es obtidas com a reclama\u00e7\u00e3o ser\u00e3o usadas para aprimorar o servi\u00e7o prestado pela Escola.<\/p><p class=\"p1\">Se o aluno n\u00e3o estiver satisfeito com a resposta, os Diretores convocar\u00e3o uma reuni\u00e3o de um Comit\u00ea de Reclama\u00e7\u00f5es. Antes da reuni\u00e3o, o aluno prejudicado ser\u00e1 informado sobre o direito de ser representado na audi\u00eancia.<\/p><p class=\"p1\">3.3.1 Composi\u00e7\u00e3o do Comit\u00ea de Reclama\u00e7\u00f5es<\/p><p class=\"p1\">Nenhum membro do Comit\u00ea de Reclama\u00e7\u00f5es deve ter tido qualquer conex\u00e3o anterior com o caso. O Comit\u00ea de Reclama\u00e7\u00f5es ser\u00e1 composto por:<\/p><ul><li class=\"p1\">O reclamante<\/li><li class=\"p1\">Um membro do Conselho de Administra\u00e7\u00e3o, ou o Diretor ou o Gerente de Opera\u00e7\u00f5es ou o Gerente Acad\u00eamico, ou o Gerente de RH (conforme apropriado)<\/li><li class=\"p1\">Um representante dos alunos<\/li><li class=\"p1\">Um professor<\/li><\/ul><p class=\"p1\">3.3.2 Termos de refer\u00eancia para apela\u00e7\u00f5es<\/p><p class=\"p1\">Os termos de refer\u00eancia do Comit\u00ea de Reclama\u00e7\u00f5es devem ser:<\/p><ul><li class=\"p1\">Considerar as reclama\u00e7\u00f5es de um aluno com rela\u00e7\u00e3o \u00e0 sua experi\u00eancia na escola, incluindo servi\u00e7os e instala\u00e7\u00f5es oferecidos pelas escolas ou por qualquer departamento de apoio.<\/li><li class=\"p1\">Informar suas decis\u00f5es \u00e0 Diretoria e aos Representantes dos Alunos, quando apropriado.<\/li><\/ul><p class=\"p1\">3.4. Apela\u00e7\u00f5es finais<\/p><p class=\"p1\">Se o aluno n\u00e3o estiver satisfeito com os resultados da etapa de apela\u00e7\u00e3o, ele \u00e9 incentivado a entrar em contato com os \u00f3rg\u00e3os de credenciamento da escola:<\/p><ul><li>O British Council: British Council Customer Service UK, Bridgewater House, 58 Whitworth Street, Manchester, M1 6BB<\/li><li>The Independent Schools Inspectorate (Inspetoria de Escolas Independentes): C A P House, 9-12 Long Ln, Londres EC1A 9HA<\/li><\/ul><p class=\"p1\"><strong>AP\u00caNDICE: PROTOCOLO PARA REUNI\u00d5ES DE UM COMIT\u00ca DE RECLAMA\u00c7\u00d5ES<\/strong><\/p><ul><li class=\"p1\">O Presidente confirmar\u00e1 \u00e0s partes a natureza da reclama\u00e7\u00e3o.<\/li><li class=\"p1\">O Presidente pedir\u00e1 ao aluno prejudicado (ou representante) que apresente seu caso em apoio \u00e0 reclama\u00e7\u00e3o e que apresente qualquer testemunha em apoio \u00e0 reclama\u00e7\u00e3o.<\/li><li class=\"p1\">O Comit\u00ea poder\u00e1 fazer perguntas, por meio do Presidente, ao aluno e\/ou representante e\/ou sua(s) testemunha(s) a qualquer momento.<\/li><li><p class=\"p1\">O Presidente pedir\u00e1 \u00e0 pessoa contra quem a reclama\u00e7\u00e3o foi feita que responda \u00e0 reclama\u00e7\u00e3o e apresente qualquer testemunha que ap\u00f3ie a resposta.<\/p><\/li><li><p class=\"p1\">O Comit\u00ea pode fazer perguntas, por meio do Presidente, \u00e0 pessoa contra a qual a reclama\u00e7\u00e3o foi apresentada e \u00e0(s) sua(s) testemunha(s) a qualquer momento.<\/p><\/li><li><p class=\"p1\">O presidente pedir\u00e1 ao aluno (ou representante) que est\u00e1 apresentando a queixa que resuma seu caso.<\/p><\/li><li><p class=\"p1\">O Presidente pedir\u00e1 \u00e0 pessoa contra a qual a reclama\u00e7\u00e3o foi feita que fa\u00e7a um resumo de seu caso.<\/p><\/li><li><p class=\"p1\">As partes ser\u00e3o convidadas a se retirar da reuni\u00e3o e o Comit\u00ea considerar\u00e1 as evid\u00eancias que foram ouvidas e poder\u00e1, nesse est\u00e1gio, optar por reconvocar a audi\u00eancia para uma data posterior, a fim de obter mais evid\u00eancias ou orienta\u00e7\u00f5es de outras partes. Se esse for o caso, todas as partes ser\u00e3o convidadas a comparecer \u00e0 nova reuni\u00e3o.<\/p><\/li><li><p class=\"p1\">O Presidente anunciar\u00e1 a decis\u00e3o do Comit\u00ea, convocando as partes ou por escrito. O resultado da audi\u00eancia ser\u00e1 confirmado por escrito em at\u00e9 cinco dias \u00fateis.<\/p><\/li><\/ul>\t\t\t\t\t\t\t\t<\/div>\n\t\t\t\t<\/div>\n\t\t\t\t<\/div>\n\t\t\t\t\t<\/div>\n\t\t\t\t<\/div>\n\t\t\t\t<\/div>","protected":false},"excerpt":{"rendered":"<p>Policies Student Complaints Policy and Procedure Last updated 10\/04\/2026 1.Purpose and scope This document contains Student Complaints Procedures. The scope of the procedures is restricted to complaints in respect of the students\u2019 experience at LIA, including services and facilities provided. 2.Principles 2.1 Students may ask for information, advice and help in making a complaint from [&hellip;]<\/p>\n","protected":false},"author":27,"featured_media":0,"parent":44379,"menu_order":0,"comment_status":"closed","ping_status":"closed","template":"","meta":{"_acf_changed":false,"footnotes":""},"class_list":["post-45237","page","type-page","status-publish","hentry"],"acf":[],"yoast_head":"<!-- This site is optimized with the Yoast SEO plugin v27.5 - https:\/\/yoast.com\/product\/yoast-seo-wordpress\/ -->\n<title>Student Complaints Policy and Procedure - Language in Action<\/title>\n<meta name=\"robots\" content=\"index, follow, max-snippet:-1, max-image-preview:large, max-video-preview:-1\" \/>\n<link rel=\"canonical\" href=\"https:\/\/languageinactionltd.co.uk\/pt\/politicas\/politica-e-procedimento-de-reclamacoes-de-estudantes\/\" \/>\n<meta property=\"og:locale\" content=\"pt_BR\" \/>\n<meta property=\"og:type\" content=\"article\" \/>\n<meta property=\"og:title\" content=\"Student Complaints Policy and Procedure - Language in Action\" \/>\n<meta property=\"og:description\" content=\"Policies Student Complaints Policy and Procedure Last updated 10\/04\/2026 1.Purpose and scope This document contains Student Complaints Procedures. The scope of the procedures is restricted to complaints in respect of the students\u2019 experience at LIA, including services and facilities provided. 2.Principles 2.1 Students may ask for information, advice and help in making a complaint from [&hellip;]\" \/>\n<meta property=\"og:url\" content=\"https:\/\/languageinactionltd.co.uk\/pt\/politicas\/politica-e-procedimento-de-reclamacoes-de-estudantes\/\" \/>\n<meta property=\"og:site_name\" content=\"Language in Action\" \/>\n<meta property=\"article:modified_time\" content=\"2026-04-13T10:36:23+00:00\" \/>\n<meta property=\"og:image\" content=\"https:\/\/languageinactionltd.co.uk\/wp-content\/uploads\/sites\/9\/2025\/08\/lia-social.png\" \/>\n\t<meta property=\"og:image:width\" content=\"1200\" \/>\n\t<meta property=\"og:image:height\" content=\"675\" \/>\n\t<meta property=\"og:image:type\" content=\"image\/png\" \/>\n<meta name=\"twitter:card\" content=\"summary_large_image\" \/>\n<meta name=\"twitter:label1\" content=\"Est. tempo de leitura\" \/>\n\t<meta name=\"twitter:data1\" content=\"5 minutos\" \/>\n<script type=\"application\/ld+json\" class=\"yoast-schema-graph\">{\"@context\":\"https:\\\/\\\/schema.org\",\"@graph\":[{\"@type\":\"WebPage\",\"@id\":\"https:\\\/\\\/languageinactionltd.co.uk\\\/policies\\\/student-complaints-policy-and-procedure\\\/\",\"url\":\"https:\\\/\\\/languageinactionltd.co.uk\\\/policies\\\/student-complaints-policy-and-procedure\\\/\",\"name\":\"Student Complaints Policy and Procedure - Language in Action\",\"isPartOf\":{\"@id\":\"https:\\\/\\\/languageinactionltd.co.uk\\\/#website\"},\"datePublished\":\"2025-08-28T11:06:13+00:00\",\"dateModified\":\"2026-04-13T10:36:23+00:00\",\"breadcrumb\":{\"@id\":\"https:\\\/\\\/languageinactionltd.co.uk\\\/policies\\\/student-complaints-policy-and-procedure\\\/#breadcrumb\"},\"inLanguage\":\"pt-BR\",\"potentialAction\":[{\"@type\":\"ReadAction\",\"target\":[\"https:\\\/\\\/languageinactionltd.co.uk\\\/policies\\\/student-complaints-policy-and-procedure\\\/\"]}]},{\"@type\":\"BreadcrumbList\",\"@id\":\"https:\\\/\\\/languageinactionltd.co.uk\\\/policies\\\/student-complaints-policy-and-procedure\\\/#breadcrumb\",\"itemListElement\":[{\"@type\":\"ListItem\",\"position\":1,\"name\":\"Home\",\"item\":\"https:\\\/\\\/languageinactionltd.co.uk\\\/\"},{\"@type\":\"ListItem\",\"position\":2,\"name\":\"Policies\",\"item\":\"https:\\\/\\\/languageinactionltd.co.uk\\\/policies\\\/\"},{\"@type\":\"ListItem\",\"position\":3,\"name\":\"Student Complaints Policy and Procedure\"}]},{\"@type\":\"WebSite\",\"@id\":\"https:\\\/\\\/languageinactionltd.co.uk\\\/#website\",\"url\":\"https:\\\/\\\/languageinactionltd.co.uk\\\/\",\"name\":\"Language in Action\",\"description\":\"\",\"potentialAction\":[{\"@type\":\"SearchAction\",\"target\":{\"@type\":\"EntryPoint\",\"urlTemplate\":\"https:\\\/\\\/languageinactionltd.co.uk\\\/?s={search_term_string}\"},\"query-input\":{\"@type\":\"PropertyValueSpecification\",\"valueRequired\":true,\"valueName\":\"search_term_string\"}}],\"inLanguage\":\"pt-BR\"}]}<\/script>\n<!-- \/ Yoast SEO plugin. -->","yoast_head_json":{"title":"Pol\u00edtica e procedimento para reclama\u00e7\u00f5es de alunos - Language in Action","robots":{"index":"index","follow":"follow","max-snippet":"max-snippet:-1","max-image-preview":"max-image-preview:large","max-video-preview":"max-video-preview:-1"},"canonical":"https:\/\/languageinactionltd.co.uk\/pt\/politicas\/politica-e-procedimento-de-reclamacoes-de-estudantes\/","og_locale":"pt_BR","og_type":"article","og_title":"Student Complaints Policy and Procedure - Language in Action","og_description":"Policies Student Complaints Policy and Procedure Last updated 10\/04\/2026 1.Purpose and scope This document contains Student Complaints Procedures. The scope of the procedures is restricted to complaints in respect of the students\u2019 experience at LIA, including services and facilities provided. 2.Principles 2.1 Students may ask for information, advice and help in making a complaint from [&hellip;]","og_url":"https:\/\/languageinactionltd.co.uk\/pt\/politicas\/politica-e-procedimento-de-reclamacoes-de-estudantes\/","og_site_name":"Language in Action","article_modified_time":"2026-04-13T10:36:23+00:00","og_image":[{"width":1200,"height":675,"url":"https:\/\/languageinactionltd.co.uk\/wp-content\/uploads\/sites\/9\/2025\/08\/lia-social.png","type":"image\/png"}],"twitter_card":"summary_large_image","twitter_misc":{"Est. tempo de leitura":"5 minutos"},"schema":{"@context":"https:\/\/schema.org","@graph":[{"@type":"WebPage","@id":"https:\/\/languageinactionltd.co.uk\/policies\/student-complaints-policy-and-procedure\/","url":"https:\/\/languageinactionltd.co.uk\/policies\/student-complaints-policy-and-procedure\/","name":"Pol\u00edtica e procedimento para reclama\u00e7\u00f5es de alunos - Language in Action","isPartOf":{"@id":"https:\/\/languageinactionltd.co.uk\/#website"},"datePublished":"2025-08-28T11:06:13+00:00","dateModified":"2026-04-13T10:36:23+00:00","breadcrumb":{"@id":"https:\/\/languageinactionltd.co.uk\/policies\/student-complaints-policy-and-procedure\/#breadcrumb"},"inLanguage":"pt-BR","potentialAction":[{"@type":"ReadAction","target":["https:\/\/languageinactionltd.co.uk\/policies\/student-complaints-policy-and-procedure\/"]}]},{"@type":"BreadcrumbList","@id":"https:\/\/languageinactionltd.co.uk\/policies\/student-complaints-policy-and-procedure\/#breadcrumb","itemListElement":[{"@type":"ListItem","position":1,"name":"Home","item":"https:\/\/languageinactionltd.co.uk\/"},{"@type":"ListItem","position":2,"name":"Policies","item":"https:\/\/languageinactionltd.co.uk\/policies\/"},{"@type":"ListItem","position":3,"name":"Student Complaints Policy and Procedure"}]},{"@type":"WebSite","@id":"https:\/\/languageinactionltd.co.uk\/#website","url":"https:\/\/languageinactionltd.co.uk\/","name":"Linguagem em a\u00e7\u00e3o","description":"","potentialAction":[{"@type":"SearchAction","target":{"@type":"EntryPoint","urlTemplate":"https:\/\/languageinactionltd.co.uk\/?s={search_term_string}"},"query-input":{"@type":"PropertyValueSpecification","valueRequired":true,"valueName":"search_term_string"}}],"inLanguage":"pt-BR"}]}},"_links":{"self":[{"href":"https:\/\/languageinactionltd.co.uk\/pt\/wp-json\/wp\/v2\/pages\/45237","targetHints":{"allow":["GET"]}}],"collection":[{"href":"https:\/\/languageinactionltd.co.uk\/pt\/wp-json\/wp\/v2\/pages"}],"about":[{"href":"https:\/\/languageinactionltd.co.uk\/pt\/wp-json\/wp\/v2\/types\/page"}],"author":[{"embeddable":true,"href":"https:\/\/languageinactionltd.co.uk\/pt\/wp-json\/wp\/v2\/users\/27"}],"replies":[{"embeddable":true,"href":"https:\/\/languageinactionltd.co.uk\/pt\/wp-json\/wp\/v2\/comments?post=45237"}],"version-history":[{"count":7,"href":"https:\/\/languageinactionltd.co.uk\/pt\/wp-json\/wp\/v2\/pages\/45237\/revisions"}],"predecessor-version":[{"id":47723,"href":"https:\/\/languageinactionltd.co.uk\/pt\/wp-json\/wp\/v2\/pages\/45237\/revisions\/47723"}],"up":[{"embeddable":true,"href":"https:\/\/languageinactionltd.co.uk\/pt\/wp-json\/wp\/v2\/pages\/44379"}],"wp:attachment":[{"href":"https:\/\/languageinactionltd.co.uk\/pt\/wp-json\/wp\/v2\/media?parent=45237"}],"curies":[{"name":"wp","href":"https:\/\/api.w.org\/{rel}","templated":true}]}}