{"id":45199,"date":"2025-08-28T10:34:20","date_gmt":"2025-08-28T10:34:20","guid":{"rendered":"https:\/\/languageinactionltd.co.uk\/?page_id=45199"},"modified":"2026-04-13T10:35:37","modified_gmt":"2026-04-13T10:35:37","slug":"politica-e-procedimento-de-primeiros-socorros","status":"publish","type":"page","link":"https:\/\/languageinactionltd.co.uk\/pt\/policies\/first-aid-policy-and-procedure\/","title":{"rendered":"Pol\u00edtica e procedimento de primeiros socorros"},"content":{"rendered":"<div data-elementor-type=\"wp-page\" data-elementor-id=\"45199\" class=\"elementor elementor-45199\" data-elementor-post-type=\"page\">\n\t\t\t\t<div class=\"elementor-element elementor-element-5093b80f body-header-small e-flex e-con-boxed translate-yes e-con e-parent\" data-id=\"5093b80f\" data-element_type=\"container\" data-e-type=\"container\" data-settings=\"{&quot;background_background&quot;:&quot;classic&quot;}\">\n\t\t\t\t\t<div class=\"e-con-inner\">\n\t\t<div class=\"elementor-element elementor-element-1d66ea0b e-con-full e-flex translate-yes e-con e-child\" data-id=\"1d66ea0b\" data-element_type=\"container\" data-e-type=\"container\">\n\t\t\t\t<div class=\"elementor-element elementor-element-74241c47 sub-heading elementor-widget elementor-widget-heading\" data-id=\"74241c47\" data-element_type=\"widget\" data-e-type=\"widget\" data-widget_type=\"heading.default\">\n\t\t\t\t<div class=\"elementor-widget-container\">\n\t\t\t\t\t<span class=\"elementor-heading-title elementor-size-default\">Pol\u00edticas<\/span>\t\t\t\t<\/div>\n\t\t\t\t<\/div>\n\t\t<div class=\"elementor-element elementor-element-722d2561 e-con-full e-flex translate-yes e-con e-child\" data-id=\"722d2561\" data-element_type=\"container\" data-e-type=\"container\">\n\t\t\t\t<div class=\"elementor-element elementor-element-7d14514c elementor-widget elementor-widget-heading\" data-id=\"7d14514c\" data-element_type=\"widget\" data-e-type=\"widget\" data-widget_type=\"heading.default\">\n\t\t\t\t<div class=\"elementor-widget-container\">\n\t\t\t\t\t<h1 class=\"elementor-heading-title elementor-size-default\">Pol\u00edtica e procedimento de primeiros socorros<\/h1>\t\t\t\t<\/div>\n\t\t\t\t<\/div>\n\t\t\t\t<div class=\"elementor-element elementor-element-491791f elementor-widget elementor-widget-text-editor\" data-id=\"491791f\" data-element_type=\"widget\" data-e-type=\"widget\" data-widget_type=\"text-editor.default\">\n\t\t\t\t<div class=\"elementor-widget-container\">\n\t\t\t\t\t\t\t\t\t<p><i>\u00daltima atualiza\u00e7\u00e3o 10\/04\/2026<\/i><\/p>\t\t\t\t\t\t\t\t<\/div>\n\t\t\t\t<\/div>\n\t\t\t\t<\/div>\n\t\t\t\t<\/div>\n\t\t\t\t\t<\/div>\n\t\t\t\t<\/div>\n\t\t<div class=\"elementor-element elementor-element-7209f370 body-text-1col e-grid e-con-boxed translate-yes e-con e-parent\" data-id=\"7209f370\" data-element_type=\"container\" data-e-type=\"container\">\n\t\t\t\t\t<div class=\"e-con-inner\">\n\t\t\t\t<div class=\"elementor-element elementor-element-140c38ea section-style-default elementor-widget elementor-widget-Section settings\" data-id=\"140c38ea\" data-element_type=\"widget\" data-e-type=\"widget\" data-widget_type=\"Section settings.default\">\n\t\t\t\t<div class=\"elementor-widget-container\">\n\t\t\t\t\t\t\t\t\t\t\t<\/div>\n\t\t\t\t<\/div>\n\t\t<div class=\"elementor-element elementor-element-532a6481 e-con-full e-flex translate-yes e-con e-child\" data-id=\"532a6481\" data-element_type=\"container\" data-e-type=\"container\">\n\t\t\t\t<div class=\"elementor-element elementor-element-46d010c1 elementor-widget elementor-widget-text-editor\" data-id=\"46d010c1\" data-element_type=\"widget\" data-e-type=\"widget\" data-widget_type=\"text-editor.default\">\n\t\t\t\t<div class=\"elementor-widget-container\">\n\t\t\t\t\t\t\t\t\t<h2>AIM<\/h2><p>Fornecer primeiros socorros adequados \u00e0 equipe e aos alunos em caso de les\u00e3o ou doen\u00e7a. O Language in Action leva a s\u00e9rio a sa\u00fade e a seguran\u00e7a para criar um ambiente de baixo risco, e as emerg\u00eancias previstas s\u00e3o de n\u00edvel leve. Procuramos fornecer ajuda suficiente em caso de les\u00e3o ou doen\u00e7a at\u00e9 a chegada dos servi\u00e7os de emerg\u00eancia.<\/p><h2 class=\"p1\">PROCEDIMENTOS:<\/h2><p class=\"p1\"><strong>Socorristas<\/strong><\/p><ul><li class=\"p1\">O l\u00edder de sa\u00fade e seguran\u00e7a deve planejar e implementar o treinamento em primeiros socorros. Para esse fim, um registro de treinamento deve ser mantido e monitorado regularmente. \u00c9 responsabilidade do l\u00edder de sa\u00fade e seguran\u00e7a avaliar os requisitos de treinamento conforme apropriado para o n\u00famero de funcion\u00e1rios e alunos em cada pr\u00e9dio.<\/li><li class=\"p1\">Os socorristas s\u00e3o selecionados com base em suas qualidades pessoais e em suas condi\u00e7\u00f5es de trabalho. Os socorristas devem ser confi\u00e1veis, capazes de manter a calma em uma emerg\u00eancia e estar em forma o suficiente para atender rapidamente a um incidente. A pessoa deve estar disposta a prestar primeiros socorros a qualquer pessoa, a qualquer momento, durante o trabalho, e a participar de cursos de treinamento para obter e manter sua qualifica\u00e7\u00e3o. Seu hor\u00e1rio e local de trabalho devem permitir que esteja facilmente dispon\u00edvel durante todo o dia de trabalho.<\/li><li class=\"p1\">O treinamento deve ser dado por uma ag\u00eancia aprovada, como a St John Ambulance ou similar.<\/li><li class=\"p1\">Todos os socorristas podem cuidar da v\u00edtima com seguran\u00e7a enquanto os servi\u00e7os de emerg\u00eancia s\u00e3o chamados e devem ser treinados novamente ap\u00f3s tr\u00eas anos.<\/li><li class=\"p1\">Todos os funcion\u00e1rios e alunos de cada pr\u00e9dio do Language in Action devem ser informados sobre a equipe treinada em primeiros socorros.<\/li><\/ul><p class=\"p1\"><strong>EQUIPAMENTOS<\/strong><\/p><ul><li class=\"p1\">Caixas de primeiros socorros devem estar dispon\u00edveis em todos os edif\u00edcios e o local deve estar claramente marcado e ser de f\u00e1cil acesso.<\/li><li class=\"p1\">O conte\u00fado deve ser verificado regularmente pelo l\u00edder de H&amp;S. Se os suprimentos forem usados em uma frequ\u00eancia incomum, o socorrista deve alertar o l\u00edder de H&amp;S sobre isso. As caixas s\u00e3o reabastecidas de acordo com a necessidade.<\/li><li class=\"p1\">As caixas de primeiros socorros devem conter o seguinte: folheto de orienta\u00e7\u00e3o, emplastros est\u00e9reis, protetores oculares est\u00e9reis, bandagens triangulares, alfinetes de seguran\u00e7a, curativos para ferimentos, len\u00e7os de limpeza e luvas descart\u00e1veis. Em nenhuma circunst\u00e2ncia, medicamentos de qualquer tipo devem ser inclu\u00eddos na caixa de primeiros socorros ou distribu\u00eddos pelo socorrista.<\/li><\/ul><p class=\"p1\"><strong>REGISTROS<\/strong><\/p><ul><li class=\"p1\">Os livros de registro de acidentes devem ser mantidos em cada kit de primeiros socorros. O socorrista deve fazer uma anota\u00e7\u00e3o toda vez que for prestada assist\u00eancia, tanto para les\u00f5es quanto para doen\u00e7as.<\/li><\/ul>\t\t\t\t\t\t\t\t<\/div>\n\t\t\t\t<\/div>\n\t\t\t\t<\/div>\n\t\t\t\t\t<\/div>\n\t\t\t\t<\/div>\n\t\t\t\t<\/div>","protected":false},"excerpt":{"rendered":"<p>Policies First Aid Policy and Procedure Last updated 10\/04\/2026 AIM To provide adequate first aid to staff and students in case of injury or illness. Language in Action take Health and Safety seriously in order to create a low-risk environment and anticipated emergencies are of a minor level. We seek to supply sufficient help in [&hellip;]<\/p>\n","protected":false},"author":27,"featured_media":0,"parent":44379,"menu_order":0,"comment_status":"closed","ping_status":"closed","template":"","meta":{"_acf_changed":false,"footnotes":""},"class_list":["post-45199","page","type-page","status-publish","hentry"],"acf":[],"yoast_head":"<!-- This site is optimized with the Yoast SEO plugin v27.5 - https:\/\/yoast.com\/product\/yoast-seo-wordpress\/ -->\n<title>First Aid Policy and Procedure - Language in Action<\/title>\n<meta name=\"robots\" content=\"index, follow, max-snippet:-1, max-image-preview:large, max-video-preview:-1\" \/>\n<link rel=\"canonical\" href=\"https:\/\/languageinactionltd.co.uk\/pt\/politicas\/politica-e-procedimento-de-primeiros-socorros\/\" \/>\n<meta property=\"og:locale\" content=\"pt_BR\" \/>\n<meta property=\"og:type\" content=\"article\" \/>\n<meta property=\"og:title\" content=\"First Aid Policy and Procedure - Language in Action\" \/>\n<meta property=\"og:description\" content=\"Policies First Aid Policy and Procedure Last updated 10\/04\/2026 AIM To provide adequate first aid to staff and students in case of injury or illness. Language in Action take Health and Safety seriously in order to create a low-risk environment and anticipated emergencies are of a minor level. We seek to supply sufficient help in [&hellip;]\" \/>\n<meta property=\"og:url\" content=\"https:\/\/languageinactionltd.co.uk\/pt\/politicas\/politica-e-procedimento-de-primeiros-socorros\/\" \/>\n<meta property=\"og:site_name\" content=\"Language in Action\" \/>\n<meta property=\"article:modified_time\" content=\"2026-04-13T10:35:37+00:00\" \/>\n<meta property=\"og:image\" content=\"https:\/\/languageinactionltd.co.uk\/wp-content\/uploads\/sites\/9\/2025\/08\/lia-social.png\" \/>\n\t<meta property=\"og:image:width\" content=\"1200\" \/>\n\t<meta property=\"og:image:height\" content=\"675\" \/>\n\t<meta property=\"og:image:type\" content=\"image\/png\" \/>\n<meta name=\"twitter:card\" content=\"summary_large_image\" \/>\n<meta name=\"twitter:label1\" content=\"Est. tempo de leitura\" \/>\n\t<meta name=\"twitter:data1\" content=\"2 minutos\" \/>\n<script type=\"application\/ld+json\" class=\"yoast-schema-graph\">{\"@context\":\"https:\\\/\\\/schema.org\",\"@graph\":[{\"@type\":\"WebPage\",\"@id\":\"https:\\\/\\\/languageinactionltd.co.uk\\\/policies\\\/first-aid-policy-and-procedure\\\/\",\"url\":\"https:\\\/\\\/languageinactionltd.co.uk\\\/policies\\\/first-aid-policy-and-procedure\\\/\",\"name\":\"First Aid Policy and Procedure - Language in Action\",\"isPartOf\":{\"@id\":\"https:\\\/\\\/languageinactionltd.co.uk\\\/#website\"},\"datePublished\":\"2025-08-28T10:34:20+00:00\",\"dateModified\":\"2026-04-13T10:35:37+00:00\",\"breadcrumb\":{\"@id\":\"https:\\\/\\\/languageinactionltd.co.uk\\\/policies\\\/first-aid-policy-and-procedure\\\/#breadcrumb\"},\"inLanguage\":\"pt-BR\",\"potentialAction\":[{\"@type\":\"ReadAction\",\"target\":[\"https:\\\/\\\/languageinactionltd.co.uk\\\/policies\\\/first-aid-policy-and-procedure\\\/\"]}]},{\"@type\":\"BreadcrumbList\",\"@id\":\"https:\\\/\\\/languageinactionltd.co.uk\\\/policies\\\/first-aid-policy-and-procedure\\\/#breadcrumb\",\"itemListElement\":[{\"@type\":\"ListItem\",\"position\":1,\"name\":\"Home\",\"item\":\"https:\\\/\\\/languageinactionltd.co.uk\\\/\"},{\"@type\":\"ListItem\",\"position\":2,\"name\":\"Policies\",\"item\":\"https:\\\/\\\/languageinactionltd.co.uk\\\/policies\\\/\"},{\"@type\":\"ListItem\",\"position\":3,\"name\":\"First Aid Policy and Procedure\"}]},{\"@type\":\"WebSite\",\"@id\":\"https:\\\/\\\/languageinactionltd.co.uk\\\/#website\",\"url\":\"https:\\\/\\\/languageinactionltd.co.uk\\\/\",\"name\":\"Language in Action\",\"description\":\"\",\"potentialAction\":[{\"@type\":\"SearchAction\",\"target\":{\"@type\":\"EntryPoint\",\"urlTemplate\":\"https:\\\/\\\/languageinactionltd.co.uk\\\/?s={search_term_string}\"},\"query-input\":{\"@type\":\"PropertyValueSpecification\",\"valueRequired\":true,\"valueName\":\"search_term_string\"}}],\"inLanguage\":\"pt-BR\"}]}<\/script>\n<!-- \/ Yoast SEO plugin. -->","yoast_head_json":{"title":"Pol\u00edtica e procedimento de primeiros socorros - Language in Action","robots":{"index":"index","follow":"follow","max-snippet":"max-snippet:-1","max-image-preview":"max-image-preview:large","max-video-preview":"max-video-preview:-1"},"canonical":"https:\/\/languageinactionltd.co.uk\/pt\/politicas\/politica-e-procedimento-de-primeiros-socorros\/","og_locale":"pt_BR","og_type":"article","og_title":"First Aid Policy and Procedure - Language in Action","og_description":"Policies First Aid Policy and Procedure Last updated 10\/04\/2026 AIM To provide adequate first aid to staff and students in case of injury or illness. Language in Action take Health and Safety seriously in order to create a low-risk environment and anticipated emergencies are of a minor level. We seek to supply sufficient help in [&hellip;]","og_url":"https:\/\/languageinactionltd.co.uk\/pt\/politicas\/politica-e-procedimento-de-primeiros-socorros\/","og_site_name":"Language in Action","article_modified_time":"2026-04-13T10:35:37+00:00","og_image":[{"width":1200,"height":675,"url":"https:\/\/languageinactionltd.co.uk\/wp-content\/uploads\/sites\/9\/2025\/08\/lia-social.png","type":"image\/png"}],"twitter_card":"summary_large_image","twitter_misc":{"Est. tempo de leitura":"2 minutos"},"schema":{"@context":"https:\/\/schema.org","@graph":[{"@type":"WebPage","@id":"https:\/\/languageinactionltd.co.uk\/policies\/first-aid-policy-and-procedure\/","url":"https:\/\/languageinactionltd.co.uk\/policies\/first-aid-policy-and-procedure\/","name":"Pol\u00edtica e procedimento de primeiros socorros - Language in Action","isPartOf":{"@id":"https:\/\/languageinactionltd.co.uk\/#website"},"datePublished":"2025-08-28T10:34:20+00:00","dateModified":"2026-04-13T10:35:37+00:00","breadcrumb":{"@id":"https:\/\/languageinactionltd.co.uk\/policies\/first-aid-policy-and-procedure\/#breadcrumb"},"inLanguage":"pt-BR","potentialAction":[{"@type":"ReadAction","target":["https:\/\/languageinactionltd.co.uk\/policies\/first-aid-policy-and-procedure\/"]}]},{"@type":"BreadcrumbList","@id":"https:\/\/languageinactionltd.co.uk\/policies\/first-aid-policy-and-procedure\/#breadcrumb","itemListElement":[{"@type":"ListItem","position":1,"name":"Home","item":"https:\/\/languageinactionltd.co.uk\/"},{"@type":"ListItem","position":2,"name":"Policies","item":"https:\/\/languageinactionltd.co.uk\/policies\/"},{"@type":"ListItem","position":3,"name":"First Aid Policy and Procedure"}]},{"@type":"WebSite","@id":"https:\/\/languageinactionltd.co.uk\/#website","url":"https:\/\/languageinactionltd.co.uk\/","name":"Linguagem em a\u00e7\u00e3o","description":"","potentialAction":[{"@type":"SearchAction","target":{"@type":"EntryPoint","urlTemplate":"https:\/\/languageinactionltd.co.uk\/?s={search_term_string}"},"query-input":{"@type":"PropertyValueSpecification","valueRequired":true,"valueName":"search_term_string"}}],"inLanguage":"pt-BR"}]}},"_links":{"self":[{"href":"https:\/\/languageinactionltd.co.uk\/pt\/wp-json\/wp\/v2\/pages\/45199","targetHints":{"allow":["GET"]}}],"collection":[{"href":"https:\/\/languageinactionltd.co.uk\/pt\/wp-json\/wp\/v2\/pages"}],"about":[{"href":"https:\/\/languageinactionltd.co.uk\/pt\/wp-json\/wp\/v2\/types\/page"}],"author":[{"embeddable":true,"href":"https:\/\/languageinactionltd.co.uk\/pt\/wp-json\/wp\/v2\/users\/27"}],"replies":[{"embeddable":true,"href":"https:\/\/languageinactionltd.co.uk\/pt\/wp-json\/wp\/v2\/comments?post=45199"}],"version-history":[{"count":7,"href":"https:\/\/languageinactionltd.co.uk\/pt\/wp-json\/wp\/v2\/pages\/45199\/revisions"}],"predecessor-version":[{"id":47705,"href":"https:\/\/languageinactionltd.co.uk\/pt\/wp-json\/wp\/v2\/pages\/45199\/revisions\/47705"}],"up":[{"embeddable":true,"href":"https:\/\/languageinactionltd.co.uk\/pt\/wp-json\/wp\/v2\/pages\/44379"}],"wp:attachment":[{"href":"https:\/\/languageinactionltd.co.uk\/pt\/wp-json\/wp\/v2\/media?parent=45199"}],"curies":[{"name":"wp","href":"https:\/\/api.w.org\/{rel}","templated":true}]}}