{"id":45169,"date":"2025-08-28T10:08:25","date_gmt":"2025-08-28T10:08:25","guid":{"rendered":"https:\/\/languageinactionltd.co.uk\/?page_id=45169"},"modified":"2026-04-13T10:35:32","modified_gmt":"2026-04-13T10:35:32","slug":"politica-e-procedimento-de-bullying-cibernetico","status":"publish","type":"page","link":"https:\/\/languageinactionltd.co.uk\/pt\/policies\/cyber-bullying-policy-and-procedure\/","title":{"rendered":"Pol\u00edtica e procedimento de bullying cibern\u00e9tico"},"content":{"rendered":"<div data-elementor-type=\"wp-page\" data-elementor-id=\"45169\" class=\"elementor elementor-45169\" data-elementor-post-type=\"page\">\n\t\t\t\t<div class=\"elementor-element elementor-element-4a8ad081 body-header-small e-flex e-con-boxed translate-yes e-con e-parent\" data-id=\"4a8ad081\" data-element_type=\"container\" data-e-type=\"container\" data-settings=\"{&quot;background_background&quot;:&quot;classic&quot;}\">\n\t\t\t\t\t<div class=\"e-con-inner\">\n\t\t<div class=\"elementor-element elementor-element-7fb22fee e-con-full e-flex translate-yes e-con e-child\" data-id=\"7fb22fee\" data-element_type=\"container\" data-e-type=\"container\">\n\t\t\t\t<div class=\"elementor-element elementor-element-2b000523 sub-heading elementor-widget elementor-widget-heading\" data-id=\"2b000523\" data-element_type=\"widget\" data-e-type=\"widget\" data-widget_type=\"heading.default\">\n\t\t\t\t<div class=\"elementor-widget-container\">\n\t\t\t\t\t<span class=\"elementor-heading-title elementor-size-default\">Pol\u00edticas<\/span>\t\t\t\t<\/div>\n\t\t\t\t<\/div>\n\t\t<div class=\"elementor-element elementor-element-5ea43c4d e-con-full e-flex translate-yes e-con e-child\" data-id=\"5ea43c4d\" data-element_type=\"container\" data-e-type=\"container\">\n\t\t\t\t<div class=\"elementor-element elementor-element-640f4395 elementor-widget elementor-widget-heading\" data-id=\"640f4395\" data-element_type=\"widget\" data-e-type=\"widget\" data-widget_type=\"heading.default\">\n\t\t\t\t<div class=\"elementor-widget-container\">\n\t\t\t\t\t<h1 class=\"elementor-heading-title elementor-size-default\">Pol\u00edtica e procedimento de bullying cibern\u00e9tico<\/h1>\t\t\t\t<\/div>\n\t\t\t\t<\/div>\n\t\t\t\t<div class=\"elementor-element elementor-element-ae173e8 elementor-widget elementor-widget-text-editor\" data-id=\"ae173e8\" data-element_type=\"widget\" data-e-type=\"widget\" data-widget_type=\"text-editor.default\">\n\t\t\t\t<div class=\"elementor-widget-container\">\n\t\t\t\t\t\t\t\t\t<p><i>\u00daltima atualiza\u00e7\u00e3o 10\/04\/2026<\/i><\/p>\t\t\t\t\t\t\t\t<\/div>\n\t\t\t\t<\/div>\n\t\t\t\t<\/div>\n\t\t\t\t<\/div>\n\t\t\t\t\t<\/div>\n\t\t\t\t<\/div>\n\t\t<div class=\"elementor-element elementor-element-63c9c2db body-text-1col e-grid e-con-boxed translate-yes e-con e-parent\" data-id=\"63c9c2db\" data-element_type=\"container\" data-e-type=\"container\">\n\t\t\t\t\t<div class=\"e-con-inner\">\n\t\t\t\t<div class=\"elementor-element elementor-element-1ff1c12a section-style-default elementor-widget elementor-widget-Section settings\" data-id=\"1ff1c12a\" data-element_type=\"widget\" data-e-type=\"widget\" data-widget_type=\"Section settings.default\">\n\t\t\t\t<div class=\"elementor-widget-container\">\n\t\t\t\t\t\t\t\t\t\t\t<\/div>\n\t\t\t\t<\/div>\n\t\t<div class=\"elementor-element elementor-element-5ed37eed e-con-full e-flex translate-yes e-con e-child\" data-id=\"5ed37eed\" data-element_type=\"container\" data-e-type=\"container\">\n\t\t\t\t<div class=\"elementor-element elementor-element-7ed835a7 elementor-widget elementor-widget-text-editor\" data-id=\"7ed835a7\" data-element_type=\"widget\" data-e-type=\"widget\" data-widget_type=\"text-editor.default\">\n\t\t\t\t<div class=\"elementor-widget-container\">\n\t\t\t\t\t\t\t\t\t<p class=\"p1\">A Language in Action adota as vantagens da tecnologia moderna em termos dos benef\u00edcios educacionais que ela traz, mas a empresa est\u00e1 ciente do potencial de ocorr\u00eancia de bullying.<\/p><p class=\"p1\">O ponto central da pol\u00edtica anti-bullying da empresa \u00e9 a cren\u00e7a de que \"todos os alunos t\u00eam o direito de n\u00e3o sofrer bullying\" e que \"o bullying \u00e9 sempre inaceit\u00e1vel\". A empresa tamb\u00e9m reconhece que deve \"tomar nota do bullying praticado fora da escola e que se espalha pela escola\".<\/p><p class=\"p1\">De acordo com os poderes concedidos pelo EIA 2006, o Diretor de Bem-Estar ou o Gerente de Bem-Estar pode policiar o cyberbullying ou qualquer aspecto de bullying praticado por alunos dentro ou fora do local.<\/p><h2 class=\"p1\">Defini\u00e7\u00e3o de bullying cibern\u00e9tico<\/h2><p class=\"p1\">O cyberbullying \u00e9 um ato agressivo e intencional praticado por um grupo ou indiv\u00edduo usando formas eletr\u00f4nicas de contato repetidas vezes ao longo do tempo contra uma v\u00edtima que n\u00e3o pode se defender facilmente.<\/p><p class=\"p1\">Por cyberbullying, entendemos o bullying por meio da m\u00eddia eletr\u00f4nica:<\/p><ul><li><p class=\"p1\">Bullying por textos, mensagens ou chamadas em telefones celulares<\/p><\/li><li><p class=\"p1\">O uso de c\u00e2meras de telefones celulares para causar ang\u00fastia, medo ou humilha\u00e7\u00e3o<\/p><\/li><li><p class=\"p1\">Publica\u00e7\u00e3o de material amea\u00e7ador, abusivo, difamat\u00f3rio ou humilhante em sites, incluindo blogs, sites pessoais e sites de redes sociais<\/p><\/li><li><p class=\"p1\">Usar o e-mail para enviar mensagens a outras pessoas<\/p><\/li><li><p class=\"p1\">Sequestro\/clonagem de contas de e-mail<\/p><\/li><li><p class=\"p1\">Fazer coment\u00e1rios amea\u00e7adores, abusivos, difamat\u00f3rios ou humilhantes em salas de bate-papo, incluindo o Facebook,<\/p><\/li><li><p class=\"p1\">YouTube ou qualquer m\u00eddia social.<\/p><\/li><\/ul><h2 class=\"p1\">Quest\u00f5es jur\u00eddicas<\/h2><p class=\"p1\">O cyberbullying \u00e9 geralmente de car\u00e1ter criminal. A lei se aplica ao espa\u00e7o cibern\u00e9tico.<\/p><ul><li><p class=\"p1\">\u00c9 ilegal disseminar informa\u00e7\u00f5es difamat\u00f3rias em qualquer m\u00eddia, inclusive em sites da Internet.<\/p><\/li><li><p class=\"p1\">A Se\u00e7\u00e3o 127 da Lei de Comunica\u00e7\u00f5es de 2003 torna crime o envio, por meios p\u00fablicos de uma rede p\u00fablica de comunica\u00e7\u00f5es eletr\u00f4nicas, de uma mensagem ou outro material que seja grosseiramente ofensivo ou de car\u00e1ter indecente, obsceno ou amea\u00e7ador.<\/p><\/li><li><p class=\"p1\">A Lei de Prote\u00e7\u00e3o contra Ass\u00e9dio (Protection from Harassment Act) de 1997 torna um delito a pr\u00e1tica consciente de qualquer conduta que resulte em ass\u00e9dio.<\/p><\/li><\/ul><h2 class=\"p1\">Pol\u00edtica<\/h2><p class=\"p1\">O Language in Action educa seus alunos sobre o uso adequado das telecomunica\u00e7\u00f5es e sobre a<\/p><p class=\"p1\">A Language in Action est\u00e1 ciente das graves consequ\u00eancias do cyberbullying e, por meio de reuni\u00f5es e aulas, continuar\u00e1 a informar e educar seus alunos nessas \u00e1reas em r\u00e1pida mudan\u00e7a. A Language in Action treina sua equipe para responder de forma eficaz a den\u00fancias de cyberbullying ou ass\u00e9dio e possui sistemas para responder a isso.<\/p><p class=\"p1\">A Language in Action se esfor\u00e7a para bloquear o acesso a sites inadequados, usando firewalls, prote\u00e7\u00e3o antiv\u00edrus e sistemas de filtragem, e nenhum aluno tem permiss\u00e3o para trabalhar na Internet na sala de computadores, quando dispon\u00edvel, ou em qualquer outro local da escola que possa ser usado ocasionalmente para esse tipo de trabalho, sem a presen\u00e7a de um membro da equipe. Quando apropriado e respons\u00e1vel, o Language in Action audita as comunica\u00e7\u00f5es de TIC e analisa regularmente as medidas de seguran\u00e7a em vigor. Embora a educa\u00e7\u00e3o e a orienta\u00e7\u00e3o permane\u00e7am no centro do que fazemos, a Language in Action se reserva o direito de tomar medidas contra aqueles que praticam o cyberbullying.<\/p><ul><li><p class=\"p1\">Todo tipo de bullying \u00e9 prejudicial, mas o bullying e o ass\u00e9dio cibern\u00e9ticos podem invadir a privacidade em todos os momentos. Esses atos tamb\u00e9m podem ser criminosos.<\/p><\/li><li><p class=\"p1\">A Language in Action ap\u00f3ia as v\u00edtimas e, quando necess\u00e1rio, trabalhar\u00e1 com a pol\u00edcia para detectar os envolvidos em atos criminosos. A Language in Action usar\u00e1, conforme apropriado, toda a gama de san\u00e7\u00f5es para corrigir, punir ou afastar os alunos que praticarem bullying contra colegas ou assediarem funcion\u00e1rios dessa forma, dentro ou fora da escola.<\/p><\/li><li><p class=\"p1\">O Language in Action usar\u00e1 seu poder de confisco quando necess\u00e1rio para impedir que os alunos cometam crimes ou fa\u00e7am uso indevido de equipamentos.<\/p><\/li><li><p class=\"p1\">Todos os membros da comunidade escolar est\u00e3o cientes de que t\u00eam o dever de levar ao conhecimento do Diretor de Bem-Estar qualquer exemplo de bullying ou ass\u00e9dio cibern\u00e9tico de que tenham conhecimento ou suspeitem.<\/p><\/li><\/ul><p class=\"p1\"><strong>Orienta\u00e7\u00e3o para a equipe<\/strong><\/p><p class=\"p1\">Se voc\u00ea suspeitar ou for informado sobre um incidente de cyberbullying, siga o protocolo descrito abaixo:<\/p><p class=\"p1\"><strong>Telefones celulares<\/strong><\/p><ul><li class=\"p1\">Pe\u00e7a ao aluno para mostrar o telefone celular<\/li><li class=\"p1\">Anote claramente tudo o que estiver na tela relacionado a uma mensagem de texto ou imagem inadequada, incluindo a data, a hora e os nomes.<\/li><li class=\"p1\">Fa\u00e7a uma transcri\u00e7\u00e3o de uma mensagem falada, registre novamente a data, os hor\u00e1rios e os nomes.<\/li><li class=\"p1\">Diga ao aluno para salvar a mensagem\/imagem.<\/li><li class=\"p1\">V\u00e1 com o aluno e consulte o Diretor de Bem-Estar ou, na aus\u00eancia dele, entre em contato com seu gerente de linha.<\/li><\/ul><p class=\"p1\"><strong>Computadores<\/strong><\/p><ul><li class=\"p1\">Pe\u00e7a ao aluno que apresente na tela o material em quest\u00e3o<\/li><li class=\"p1\">Pe\u00e7a ao aluno para salvar o material<\/li><li class=\"p1\">Imprima o material ofensivo imediatamente<\/li><li class=\"p1\">Certifique-se de que todas as p\u00e1ginas estejam na ordem correta e que n\u00e3o haja omiss\u00f5es<\/li><li class=\"p1\">Acompanhar o aluno, levando o material ofensivo, para ver o Oficial de Bem-Estar<\/li><li class=\"p1\">Os procedimentos normais para entrevistar os alunos e obter declara\u00e7\u00f5es ser\u00e3o seguidos, especialmente se houver uma quest\u00e3o de prote\u00e7\u00e3o \u00e0 crian\u00e7a.<\/li><\/ul><p class=\"p1\"><strong>Orienta\u00e7\u00e3o para estudantes<\/strong><\/p><p class=\"p1\">Se voc\u00ea acredita que voc\u00ea ou outra pessoa est\u00e1 sendo v\u00edtima de cyberbullying, deve falar com um adulto o mais r\u00e1pido poss\u00edvel. Essa pessoa pode ser um professor, um l\u00edder de grupo ou o Diretor de Bem-Estar.<\/p><ul><li class=\"p1\">N\u00e3o responda a mensagens abusivas, mas registre-as e denuncie-as<\/li><li class=\"p1\">N\u00e3o exclua nada at\u00e9 que tenha sido mostrado ao seu professor, l\u00edder de grupo ou ao Diretor de Bem-Estar (mesmo que seja perturbador, o material \u00e9 uma evid\u00eancia importante que pode precisar ser usada posteriormente como prova de cyberbullying)<\/li><li class=\"p1\">N\u00e3o forne\u00e7a detalhes pessoais de TI<\/li><li class=\"p1\">Nunca responda a e-mails abusivos<\/li><li class=\"p1\">Nunca responda a algu\u00e9m que voc\u00ea n\u00e3o conhece<\/li><li class=\"p1\">Permanecer em \u00e1reas p\u00fablicas em salas de bate-papo<\/li><\/ul><p class=\"p1\"><strong>Orienta\u00e7\u00e3o para fam\u00edlias, adultos acompanhantes e agentes<\/strong><\/p><p class=\"p1\">\u00c9 fundamental que todos os alunos estejam cientes das graves consequ\u00eancias de se envolverem em qualquer coisa que possa ser vista como cyberbullying. A Language in Action informa os agentes e a equipe da ag\u00eancia sobre a pol\u00edtica de cyberbullying e os procedimentos em vigor para lidar com o cyberbullying.<\/p><ul><li class=\"p1\">Os pais, a equipe da ag\u00eancia, os l\u00edderes de grupo e as ag\u00eancias podem ajudar certificando-se de que a crian\u00e7a sob seus cuidados entenda a pol\u00edtica da escola e, acima de tudo, a seriedade com que a Language in Action leva os incidentes de cyberbullying.<\/li><li><p class=\"p1\">Os pais tamb\u00e9m podem explicar aos seus filhos ou filhas as quest\u00f5es relacionadas ao cyberbullying<\/p><\/li><li><p class=\"p1\">Se os pais ou qualquer adulto respons\u00e1vel acreditarem que uma crian\u00e7a sob seus cuidados est\u00e1 sendo v\u00edtima de cyberbullying, eles devem salvar o material ofensivo (se necess\u00e1rio, salvando um texto ofensivo no celular deles ou da crian\u00e7a) e certificar-se de que t\u00eam todas as informa\u00e7\u00f5es relevantes antes de excluir qualquer coisa<\/p><\/li><li><p class=\"p1\">O adulto respons\u00e1vel deve entrar em contato com o Diretor de Bem-Estar o mais r\u00e1pido poss\u00edvel. Em seguida, poder\u00e1 ser marcada uma reuni\u00e3o com o Diretor de Bem-Estar, que poder\u00e1 envolver outros membros relevantes da equipe<\/p><\/li><li><p class=\"p1\">SEGURAN\u00c7A ELETR\u00d4NICA EM CASA V\u00e1rios sites oferecem orienta\u00e7\u00f5es \u00fateis para os pais, principalmente com rela\u00e7\u00e3o \u00e0 melhor forma de monitorar o uso do computador em casa pelos filhos.<\/p><\/li><\/ul><p class=\"p1\">Informa\u00e7\u00f5es importantes e \u00fateis podem ser encontradas no site a seguir:<\/p><p class=\"p1\"><a href=\"http:\/\/www.nextgenerationlearning.org.uk\/safeguarding-learners\/Safeguarding-learnerscontent\/Parents-andcarers\/\" target=\"_blank\" rel=\"noopener\">www.nextgenerationlearning.org.uk\/safeguarding-learners\/Safeguarding-learnerscontent\/Parents-andcarers\/<\/a><\/p><p class=\"p1\">O C\u00f3digo de Conduta \u00e9 explicado e discutido com os alunos na introdu\u00e7\u00e3o e durante as aulas.<\/p><p><strong>\u00d3rg\u00e3os nacionais <\/strong><\/p><p>Suporte e orienta\u00e7\u00e3o adicionais podem ser obtidos nos seguintes locais:<\/p><p class=\"p1\"><a href=\"http:\/\/www.teachernet.gov.uk\/wholeschool\/behaviour\/tacklingbullying\/cyber-bullying\" target=\"_blank\" rel=\"noopener\"><i>www.teachernet.gov.uk\/wholeschool\/behaviour\/tacklingbullying\/cyber-bullying<\/i><\/a><\/p><p class=\"p1\"><a href=\"http:\/\/www.bullying.co.uk\" target=\"_blank\" rel=\"noopener\"><i>www.bullying.co.uk<\/i><\/a><\/p><p class=\"p1\">As informa\u00e7\u00f5es a seguir podem ser baixadas do site acima:<\/p><ul><li class=\"p1\">Safe to Learn: Incorporando o trabalho anti-bullying nas escolas (2007)<\/li><li class=\"p1\">Orienta\u00e7\u00e3o e recursos sobre cyberbullying.<\/li><li class=\"p1\">Seguro para aprender<\/li><\/ul><p><strong>Folheto de resumo sobre bullying cibern\u00e9tico<\/strong><\/p><p><a href=\"http:\/\/www.antibullying.net\/cyber-bullying1.html\" target=\"_blank\" rel=\"noopener\">www.antibullying.net\/cyber-bullying1.html<\/a><\/p><p class=\"p1\">Para obter informa\u00e7\u00f5es sobre a prote\u00e7\u00e3o dos alunos, consulte o Folheto Informativo para Professores e outros Profissionais que trabalham com Jovens<\/p><p class=\"p1\"><a href=\"http:\/\/www.becta.org.uk\" target=\"_blank\" rel=\"noopener\"><i>www.becta.org.uk<\/i><\/a><\/p><p class=\"p1\">Beatbullying Anti-Bullying Alliance Rochester House National Children<\/p><p class=\"p1\">Escrit\u00f3rio 4 Belvedere<\/p><p class=\"p1\">Road 8 Wakley Street London SE19 2AT EC1V 7QE<\/p><p class=\"p1\">020 8771 3377 ou 020 7843 1901<\/p><p class=\"p2\"><span class=\"s1\"><a href=\"http:\/\/www.beatbullying.org\/\">www.beatbully ing.org<\/a><\/span> <span class=\"s2\">ou <a href=\"http:\/\/www.anti-bullyingalliance.org.uk\/\"><span class=\"s1\">www.anti-bul<\/span>letra<span class=\"s1\"> ingalliance.org.uk<\/span><\/a><\/span><\/p>\t\t\t\t\t\t\t\t<\/div>\n\t\t\t\t<\/div>\n\t\t\t\t<\/div>\n\t\t\t\t\t<\/div>\n\t\t\t\t<\/div>\n\t\t\t\t<\/div>","protected":false},"excerpt":{"rendered":"<p>Policies Cyber-Bullying Policy and Procedure Last updated 10\/04\/2026 Language in Action embraces the advantages of modern technology in terms of the educational benefits it brings, however the company is mindful of the potential for bullying to occur. Central to the company\u2019s anti-bullying policy is the belief that \u2018all students have a right not to be [&hellip;]<\/p>\n","protected":false},"author":27,"featured_media":0,"parent":44379,"menu_order":0,"comment_status":"closed","ping_status":"closed","template":"","meta":{"_acf_changed":false,"footnotes":""},"class_list":["post-45169","page","type-page","status-publish","hentry"],"acf":[],"yoast_head":"<!-- This site is optimized with the Yoast SEO plugin v27.5 - https:\/\/yoast.com\/product\/yoast-seo-wordpress\/ -->\n<title>Cyber Bullying Policy and Procedure - Language in Action<\/title>\n<meta name=\"robots\" content=\"index, follow, max-snippet:-1, max-image-preview:large, max-video-preview:-1\" \/>\n<link rel=\"canonical\" href=\"https:\/\/languageinactionltd.co.uk\/pt\/politicas\/politica-e-procedimento-de-bullying-cibernetico\/\" \/>\n<meta property=\"og:locale\" content=\"pt_BR\" \/>\n<meta property=\"og:type\" content=\"article\" \/>\n<meta property=\"og:title\" content=\"Cyber Bullying Policy and Procedure - Language in Action\" \/>\n<meta property=\"og:description\" content=\"Policies Cyber-Bullying Policy and Procedure Last updated 10\/04\/2026 Language in Action embraces the advantages of modern technology in terms of the educational benefits it brings, however the company is mindful of the potential for bullying to occur. Central to the company\u2019s anti-bullying policy is the belief that \u2018all students have a right not to be [&hellip;]\" \/>\n<meta property=\"og:url\" content=\"https:\/\/languageinactionltd.co.uk\/pt\/politicas\/politica-e-procedimento-de-bullying-cibernetico\/\" \/>\n<meta property=\"og:site_name\" content=\"Language in Action\" \/>\n<meta property=\"article:modified_time\" content=\"2026-04-13T10:35:32+00:00\" \/>\n<meta property=\"og:image\" content=\"https:\/\/languageinactionltd.co.uk\/wp-content\/uploads\/sites\/9\/2025\/08\/lia-social.png\" \/>\n\t<meta property=\"og:image:width\" content=\"1200\" \/>\n\t<meta property=\"og:image:height\" content=\"675\" \/>\n\t<meta property=\"og:image:type\" content=\"image\/png\" \/>\n<meta name=\"twitter:card\" content=\"summary_large_image\" \/>\n<meta name=\"twitter:label1\" content=\"Est. tempo de leitura\" \/>\n\t<meta name=\"twitter:data1\" content=\"6 minutos\" \/>\n<script type=\"application\/ld+json\" class=\"yoast-schema-graph\">{\"@context\":\"https:\\\/\\\/schema.org\",\"@graph\":[{\"@type\":\"WebPage\",\"@id\":\"https:\\\/\\\/languageinactionltd.co.uk\\\/policies\\\/cyber-bullying-policy-and-procedure\\\/\",\"url\":\"https:\\\/\\\/languageinactionltd.co.uk\\\/policies\\\/cyber-bullying-policy-and-procedure\\\/\",\"name\":\"Cyber Bullying Policy and Procedure - Language in Action\",\"isPartOf\":{\"@id\":\"https:\\\/\\\/languageinactionltd.co.uk\\\/#website\"},\"datePublished\":\"2025-08-28T10:08:25+00:00\",\"dateModified\":\"2026-04-13T10:35:32+00:00\",\"breadcrumb\":{\"@id\":\"https:\\\/\\\/languageinactionltd.co.uk\\\/policies\\\/cyber-bullying-policy-and-procedure\\\/#breadcrumb\"},\"inLanguage\":\"pt-BR\",\"potentialAction\":[{\"@type\":\"ReadAction\",\"target\":[\"https:\\\/\\\/languageinactionltd.co.uk\\\/policies\\\/cyber-bullying-policy-and-procedure\\\/\"]}]},{\"@type\":\"BreadcrumbList\",\"@id\":\"https:\\\/\\\/languageinactionltd.co.uk\\\/policies\\\/cyber-bullying-policy-and-procedure\\\/#breadcrumb\",\"itemListElement\":[{\"@type\":\"ListItem\",\"position\":1,\"name\":\"Home\",\"item\":\"https:\\\/\\\/languageinactionltd.co.uk\\\/\"},{\"@type\":\"ListItem\",\"position\":2,\"name\":\"Policies\",\"item\":\"https:\\\/\\\/languageinactionltd.co.uk\\\/policies\\\/\"},{\"@type\":\"ListItem\",\"position\":3,\"name\":\"Cyber Bullying Policy and Procedure\"}]},{\"@type\":\"WebSite\",\"@id\":\"https:\\\/\\\/languageinactionltd.co.uk\\\/#website\",\"url\":\"https:\\\/\\\/languageinactionltd.co.uk\\\/\",\"name\":\"Language in Action\",\"description\":\"\",\"potentialAction\":[{\"@type\":\"SearchAction\",\"target\":{\"@type\":\"EntryPoint\",\"urlTemplate\":\"https:\\\/\\\/languageinactionltd.co.uk\\\/?s={search_term_string}\"},\"query-input\":{\"@type\":\"PropertyValueSpecification\",\"valueRequired\":true,\"valueName\":\"search_term_string\"}}],\"inLanguage\":\"pt-BR\"}]}<\/script>\n<!-- \/ Yoast SEO plugin. -->","yoast_head_json":{"title":"Pol\u00edtica e procedimento de bullying cibern\u00e9tico - Language in Action","robots":{"index":"index","follow":"follow","max-snippet":"max-snippet:-1","max-image-preview":"max-image-preview:large","max-video-preview":"max-video-preview:-1"},"canonical":"https:\/\/languageinactionltd.co.uk\/pt\/politicas\/politica-e-procedimento-de-bullying-cibernetico\/","og_locale":"pt_BR","og_type":"article","og_title":"Cyber Bullying Policy and Procedure - Language in Action","og_description":"Policies Cyber-Bullying Policy and Procedure Last updated 10\/04\/2026 Language in Action embraces the advantages of modern technology in terms of the educational benefits it brings, however the company is mindful of the potential for bullying to occur. Central to the company\u2019s anti-bullying policy is the belief that \u2018all students have a right not to be [&hellip;]","og_url":"https:\/\/languageinactionltd.co.uk\/pt\/politicas\/politica-e-procedimento-de-bullying-cibernetico\/","og_site_name":"Language in Action","article_modified_time":"2026-04-13T10:35:32+00:00","og_image":[{"width":1200,"height":675,"url":"https:\/\/languageinactionltd.co.uk\/wp-content\/uploads\/sites\/9\/2025\/08\/lia-social.png","type":"image\/png"}],"twitter_card":"summary_large_image","twitter_misc":{"Est. tempo de leitura":"6 minutos"},"schema":{"@context":"https:\/\/schema.org","@graph":[{"@type":"WebPage","@id":"https:\/\/languageinactionltd.co.uk\/policies\/cyber-bullying-policy-and-procedure\/","url":"https:\/\/languageinactionltd.co.uk\/policies\/cyber-bullying-policy-and-procedure\/","name":"Pol\u00edtica e procedimento de bullying cibern\u00e9tico - Language in Action","isPartOf":{"@id":"https:\/\/languageinactionltd.co.uk\/#website"},"datePublished":"2025-08-28T10:08:25+00:00","dateModified":"2026-04-13T10:35:32+00:00","breadcrumb":{"@id":"https:\/\/languageinactionltd.co.uk\/policies\/cyber-bullying-policy-and-procedure\/#breadcrumb"},"inLanguage":"pt-BR","potentialAction":[{"@type":"ReadAction","target":["https:\/\/languageinactionltd.co.uk\/policies\/cyber-bullying-policy-and-procedure\/"]}]},{"@type":"BreadcrumbList","@id":"https:\/\/languageinactionltd.co.uk\/policies\/cyber-bullying-policy-and-procedure\/#breadcrumb","itemListElement":[{"@type":"ListItem","position":1,"name":"Home","item":"https:\/\/languageinactionltd.co.uk\/"},{"@type":"ListItem","position":2,"name":"Policies","item":"https:\/\/languageinactionltd.co.uk\/policies\/"},{"@type":"ListItem","position":3,"name":"Cyber Bullying Policy and Procedure"}]},{"@type":"WebSite","@id":"https:\/\/languageinactionltd.co.uk\/#website","url":"https:\/\/languageinactionltd.co.uk\/","name":"Linguagem em a\u00e7\u00e3o","description":"","potentialAction":[{"@type":"SearchAction","target":{"@type":"EntryPoint","urlTemplate":"https:\/\/languageinactionltd.co.uk\/?s={search_term_string}"},"query-input":{"@type":"PropertyValueSpecification","valueRequired":true,"valueName":"search_term_string"}}],"inLanguage":"pt-BR"}]}},"_links":{"self":[{"href":"https:\/\/languageinactionltd.co.uk\/pt\/wp-json\/wp\/v2\/pages\/45169","targetHints":{"allow":["GET"]}}],"collection":[{"href":"https:\/\/languageinactionltd.co.uk\/pt\/wp-json\/wp\/v2\/pages"}],"about":[{"href":"https:\/\/languageinactionltd.co.uk\/pt\/wp-json\/wp\/v2\/types\/page"}],"author":[{"embeddable":true,"href":"https:\/\/languageinactionltd.co.uk\/pt\/wp-json\/wp\/v2\/users\/27"}],"replies":[{"embeddable":true,"href":"https:\/\/languageinactionltd.co.uk\/pt\/wp-json\/wp\/v2\/comments?post=45169"}],"version-history":[{"count":7,"href":"https:\/\/languageinactionltd.co.uk\/pt\/wp-json\/wp\/v2\/pages\/45169\/revisions"}],"predecessor-version":[{"id":47699,"href":"https:\/\/languageinactionltd.co.uk\/pt\/wp-json\/wp\/v2\/pages\/45169\/revisions\/47699"}],"up":[{"embeddable":true,"href":"https:\/\/languageinactionltd.co.uk\/pt\/wp-json\/wp\/v2\/pages\/44379"}],"wp:attachment":[{"href":"https:\/\/languageinactionltd.co.uk\/pt\/wp-json\/wp\/v2\/media?parent=45169"}],"curies":[{"name":"wp","href":"https:\/\/api.w.org\/{rel}","templated":true}]}}