{"id":45119,"date":"2025-08-28T08:05:24","date_gmt":"2025-08-28T08:05:24","guid":{"rendered":"https:\/\/languageinactionltd.co.uk\/?page_id=45119"},"modified":"2026-04-13T10:34:25","modified_gmt":"2026-04-13T10:34:25","slug":"politica-de-atendimento","status":"publish","type":"page","link":"https:\/\/languageinactionltd.co.uk\/pt\/policies\/attendance-policy\/","title":{"rendered":"Pol\u00edtica de comparecimento"},"content":{"rendered":"<div data-elementor-type=\"wp-page\" data-elementor-id=\"45119\" class=\"elementor elementor-45119\" data-elementor-post-type=\"page\">\n\t\t\t\t<div class=\"elementor-element elementor-element-1d1d6fd2 body-header-small e-flex e-con-boxed translate-yes e-con e-parent\" data-id=\"1d1d6fd2\" data-element_type=\"container\" data-e-type=\"container\" data-settings=\"{&quot;background_background&quot;:&quot;classic&quot;}\">\n\t\t\t\t\t<div class=\"e-con-inner\">\n\t\t<div class=\"elementor-element elementor-element-5d9161a5 e-con-full e-flex translate-yes e-con e-child\" data-id=\"5d9161a5\" data-element_type=\"container\" data-e-type=\"container\">\n\t\t\t\t<div class=\"elementor-element elementor-element-43325b46 sub-heading elementor-widget elementor-widget-heading\" data-id=\"43325b46\" data-element_type=\"widget\" data-e-type=\"widget\" data-widget_type=\"heading.default\">\n\t\t\t\t<div class=\"elementor-widget-container\">\n\t\t\t\t\t<span class=\"elementor-heading-title elementor-size-default\">Pol\u00edticas<\/span>\t\t\t\t<\/div>\n\t\t\t\t<\/div>\n\t\t<div class=\"elementor-element elementor-element-357b9404 e-con-full e-flex translate-yes e-con e-child\" data-id=\"357b9404\" data-element_type=\"container\" data-e-type=\"container\">\n\t\t\t\t<div class=\"elementor-element elementor-element-406ec61b elementor-widget elementor-widget-heading\" data-id=\"406ec61b\" data-element_type=\"widget\" data-e-type=\"widget\" data-widget_type=\"heading.default\">\n\t\t\t\t<div class=\"elementor-widget-container\">\n\t\t\t\t\t<h1 class=\"elementor-heading-title elementor-size-default\">Pol\u00edtica de comparecimento<\/h1>\t\t\t\t<\/div>\n\t\t\t\t<\/div>\n\t\t\t\t<div class=\"elementor-element elementor-element-5090f96 elementor-widget elementor-widget-text-editor\" data-id=\"5090f96\" data-element_type=\"widget\" data-e-type=\"widget\" data-widget_type=\"text-editor.default\">\n\t\t\t\t<div class=\"elementor-widget-container\">\n\t\t\t\t\t\t\t\t\t<p><i>\u00daltima atualiza\u00e7\u00e3o 10\/04\/2026<\/i><\/p>\t\t\t\t\t\t\t\t<\/div>\n\t\t\t\t<\/div>\n\t\t\t\t<\/div>\n\t\t\t\t<\/div>\n\t\t\t\t\t<\/div>\n\t\t\t\t<\/div>\n\t\t<div class=\"elementor-element elementor-element-4afc2018 body-text-1col e-grid e-con-boxed translate-yes e-con e-parent\" data-id=\"4afc2018\" data-element_type=\"container\" data-e-type=\"container\">\n\t\t\t\t\t<div class=\"e-con-inner\">\n\t\t\t\t<div class=\"elementor-element elementor-element-494bdf91 section-style-default elementor-widget elementor-widget-Section settings\" data-id=\"494bdf91\" data-element_type=\"widget\" data-e-type=\"widget\" data-widget_type=\"Section settings.default\">\n\t\t\t\t<div class=\"elementor-widget-container\">\n\t\t\t\t\t\t\t\t\t\t\t<\/div>\n\t\t\t\t<\/div>\n\t\t<div class=\"elementor-element elementor-element-3228e59 e-con-full e-flex translate-yes e-con e-child\" data-id=\"3228e59\" data-element_type=\"container\" data-e-type=\"container\">\n\t\t\t\t<div class=\"elementor-element elementor-element-620f3485 elementor-widget elementor-widget-text-editor\" data-id=\"620f3485\" data-element_type=\"widget\" data-e-type=\"widget\" data-widget_type=\"text-editor.default\">\n\t\t\t\t<div class=\"elementor-widget-container\">\n\t\t\t\t\t\t\t\t\t<p class=\"p1\">A pol\u00edtica de frequ\u00eancia a seguir \u00e9 divulgada aos alunos, funcion\u00e1rios e outras partes interessadas pelos seguintes meios:<\/p><ul><li><p class=\"p1\">P\u00f4steres em salas de aula e resid\u00eancias;<\/p><\/li><li><p class=\"p1\">Abordado na introdu\u00e7\u00e3o do aluno no primeiro dia;<\/p><p class=\"p1\">Inclu\u00eddo no Student Induction Pack;<\/p><\/li><li><p class=\"p1\">Abordado no treinamento da equipe;<\/p><\/li><li><p class=\"p1\">Inclu\u00eddo no Manual da Equipe e no Manual do Professor (na sala da equipe e no drive compartilhado);<\/p><\/li><li><p class=\"p1\">Dispon\u00edvel na se\u00e7\u00e3o de pol\u00edticas do site Language in Action.<\/p><\/li><\/ul><p>O Home Office exige que todos os alunos em um curso em escolas de idiomas, faculdades e universidades participem de <strong>100%<\/strong> de suas classes com o m\u00ednimo de <strong>80%<\/strong>.<\/p><p>Se os alunos n\u00e3o comparecerem a pelo menos 80% de seu curso, n\u00e3o poder\u00e3o obter um certificado ou relat\u00f3rio final e poder\u00e3o ter problemas com uma futura extens\u00e3o\/renova\u00e7\u00e3o de visto.<\/p><p>O UKVI ser\u00e1 informado sobre todos os alunos com visto Tier 4 cuja frequ\u00eancia em seu curso seja inferior a <strong>80%<\/strong>.<\/p><h5 class=\"p1\"><strong>Informe aos alunos que o que eles precisam fazer \u00e9:<\/strong><\/h5><p class=\"p1\"><strong>Se voc\u00ea estiver doente<\/strong><\/p><p class=\"p1\">Informar a escola 30 minutos antes do in\u00edcio da aula. Isso ser\u00e1 considerado como aus\u00eancia autorizada. Se voc\u00ea ficar doente por 3 dias ou mais, dever\u00e1 trazer um atestado m\u00e9dico.<\/p><p class=\"p1\"><strong>Se voc\u00ea quiser um feriado<\/strong><\/p><p class=\"p1\">As f\u00e9rias n\u00e3o podem ser tiradas durante o per\u00edodo letivo sem acordo pr\u00e9vio.<\/p><p class=\"p1\"><strong>Se voc\u00ea tirar uma folga <span class=\"s1\">sem <\/span>notificando-nos<\/strong><\/p><p>Se voc\u00ea n\u00e3o marcar uma folga com a LIA ou n\u00e3o telefonar quando estiver doente, isso ser\u00e1 considerado como aus\u00eancia n\u00e3o autorizada e sua frequ\u00eancia ser\u00e1 afetada.<\/p><h5 class=\"p1\"><strong>Se sua frequ\u00eancia come\u00e7ar a cair, os seguintes procedimentos ser\u00e3o seguidos:<\/strong><\/h5><p class=\"p1\"><strong>Se sua frequ\u00eancia come\u00e7ar a ficar abaixo de <span class=\"s1\">83%<\/span><\/strong><\/p><p class=\"p1\"><i>N\u00f3s o informaremos pessoalmente ou por meio de uma nota <\/i><i>que lhe foi dada por seu l\u00edder\/professor e que estamos <\/i><i>preocupado com sua presen\u00e7a, lembrando <\/i><i>voc\u00ea sobre o atendimento abaixo de 80%<\/i><\/p><p class=\"p1\"><strong>Se sua frequ\u00eancia ficar abaixo de <span class=\"s1\">80% <\/span>(sem permiss\u00e3o)<\/strong><\/p><p>Voc\u00ea receber\u00e1 uma advert\u00eancia verbal. Isso ser\u00e1 mantido em seu registro.<\/p><p class=\"p1\"><strong>Se sua frequ\u00eancia estiver abaixo de <span class=\"s1\">80% <\/span>e continuou a cair desde a advert\u00eancia verbal OU faltou 3 dias seguidos (sem permiss\u00e3o)<\/strong><\/p><p>Voc\u00ea receber\u00e1 uma 1\u00aa Advert\u00eancia por Escrito e ser\u00e1 agendada uma reuni\u00e3o com o DoS\/Gerente do Centro para explicar sua aus\u00eancia n\u00e3o autorizada, que ser\u00e1 adicionada ao seu registro.<\/p><p class=\"p1\"><strong>Se sua frequ\u00eancia estiver abaixo de <span class=\"s1\">80% <\/span>desde a sua primeira advert\u00eancia por escrito e a nota continuou a cair OU voc\u00ea faltou mais 3 dias seguidos (sem permiss\u00e3o)<\/strong><\/p><p>Voc\u00ea receber\u00e1 uma segunda advert\u00eancia por escrito e ser\u00e1 agendada uma reuni\u00e3o com o DoS\/Gerente do Centro para explicar a continua\u00e7\u00e3o da aus\u00eancia n\u00e3o autorizada, que ser\u00e1 adicionada ao seu registro e seu agente\/pai ser\u00e1 notificado de que voc\u00ea est\u00e1 recebendo a advert\u00eancia final. Essa \u00e9 a sua \u00faltima chance de melhorar. Um membro do escrit\u00f3rio central lhe entregar\u00e1 um Contrato de Comparecimento. Ele explicar\u00e1 os termos e condi\u00e7\u00f5es de seu curso e a pol\u00edtica de frequ\u00eancia. Se voc\u00ea continuar a n\u00e3o comparecer \u00e0 escola sem permiss\u00e3o, poder\u00e1 ser expulso da escola sem direito a reembolso.<\/p><p class=\"p1\"><strong>Se voc\u00ea tiver faltado 10 dias seguidos (sem permiss\u00e3o)<\/strong><\/p><p class=\"p1\">O Minist\u00e9rio do Interior do Reino Unido ser\u00e1 informado de que voc\u00ea violou as condi\u00e7\u00f5es do seu visto. Voc\u00ea ser\u00e1 solicitado a deixar a escola e n\u00f3s informaremos seus pais e\/ou agente. Se voc\u00ea estiver com um visto Tier 4, ser\u00e1 solicitado a deixar o pa\u00eds imediatamente.<\/p>\t\t\t\t\t\t\t\t<\/div>\n\t\t\t\t<\/div>\n\t\t\t\t<\/div>\n\t\t\t\t\t<\/div>\n\t\t\t\t<\/div>\n\t\t\t\t<\/div>","protected":false},"excerpt":{"rendered":"<p>Policies Attendance Policy Last updated 10\/04\/2026 The following attendance policy is made known to students, staff and other stakeholders by the following means: Posters in classrooms and residences; Covered in the student first day induction; Included in the Student Induction Pack; Covered in the staff induction; Included in the Staff Handbook and the Teacher Handbook [&hellip;]<\/p>\n","protected":false},"author":27,"featured_media":0,"parent":44379,"menu_order":0,"comment_status":"closed","ping_status":"closed","template":"","meta":{"_acf_changed":false,"footnotes":""},"class_list":["post-45119","page","type-page","status-publish","hentry"],"acf":[],"yoast_head":"<!-- This site is optimized with the Yoast SEO plugin v27.5 - https:\/\/yoast.com\/product\/yoast-seo-wordpress\/ -->\n<title>Attendance Policy - Language in Action<\/title>\n<meta name=\"robots\" content=\"index, follow, max-snippet:-1, max-image-preview:large, max-video-preview:-1\" \/>\n<link rel=\"canonical\" href=\"https:\/\/languageinactionltd.co.uk\/pt\/politicas\/politica-de-atendimento\/\" \/>\n<meta property=\"og:locale\" content=\"pt_BR\" \/>\n<meta property=\"og:type\" content=\"article\" \/>\n<meta property=\"og:title\" content=\"Attendance Policy - Language in Action\" \/>\n<meta property=\"og:description\" content=\"Policies Attendance Policy Last updated 10\/04\/2026 The following attendance policy is made known to students, staff and other stakeholders by the following means: Posters in classrooms and residences; Covered in the student first day induction; Included in the Student Induction Pack; Covered in the staff induction; Included in the Staff Handbook and the Teacher Handbook [&hellip;]\" \/>\n<meta property=\"og:url\" content=\"https:\/\/languageinactionltd.co.uk\/pt\/politicas\/politica-de-atendimento\/\" \/>\n<meta property=\"og:site_name\" content=\"Language in Action\" \/>\n<meta property=\"article:modified_time\" content=\"2026-04-13T10:34:25+00:00\" \/>\n<meta property=\"og:image\" content=\"https:\/\/languageinactionltd.co.uk\/wp-content\/uploads\/sites\/9\/2025\/08\/lia-social.png\" \/>\n\t<meta property=\"og:image:width\" content=\"1200\" \/>\n\t<meta property=\"og:image:height\" content=\"675\" \/>\n\t<meta property=\"og:image:type\" content=\"image\/png\" \/>\n<meta name=\"twitter:card\" content=\"summary_large_image\" \/>\n<meta name=\"twitter:label1\" content=\"Est. tempo de leitura\" \/>\n\t<meta name=\"twitter:data1\" content=\"3 minutos\" \/>\n<script type=\"application\/ld+json\" class=\"yoast-schema-graph\">{\"@context\":\"https:\\\/\\\/schema.org\",\"@graph\":[{\"@type\":\"WebPage\",\"@id\":\"https:\\\/\\\/languageinactionltd.co.uk\\\/policies\\\/attendance-policy\\\/\",\"url\":\"https:\\\/\\\/languageinactionltd.co.uk\\\/policies\\\/attendance-policy\\\/\",\"name\":\"Attendance Policy - Language in Action\",\"isPartOf\":{\"@id\":\"https:\\\/\\\/languageinactionltd.co.uk\\\/#website\"},\"datePublished\":\"2025-08-28T08:05:24+00:00\",\"dateModified\":\"2026-04-13T10:34:25+00:00\",\"breadcrumb\":{\"@id\":\"https:\\\/\\\/languageinactionltd.co.uk\\\/policies\\\/attendance-policy\\\/#breadcrumb\"},\"inLanguage\":\"pt-BR\",\"potentialAction\":[{\"@type\":\"ReadAction\",\"target\":[\"https:\\\/\\\/languageinactionltd.co.uk\\\/policies\\\/attendance-policy\\\/\"]}]},{\"@type\":\"BreadcrumbList\",\"@id\":\"https:\\\/\\\/languageinactionltd.co.uk\\\/policies\\\/attendance-policy\\\/#breadcrumb\",\"itemListElement\":[{\"@type\":\"ListItem\",\"position\":1,\"name\":\"Home\",\"item\":\"https:\\\/\\\/languageinactionltd.co.uk\\\/\"},{\"@type\":\"ListItem\",\"position\":2,\"name\":\"Policies\",\"item\":\"https:\\\/\\\/languageinactionltd.co.uk\\\/policies\\\/\"},{\"@type\":\"ListItem\",\"position\":3,\"name\":\"Attendance Policy\"}]},{\"@type\":\"WebSite\",\"@id\":\"https:\\\/\\\/languageinactionltd.co.uk\\\/#website\",\"url\":\"https:\\\/\\\/languageinactionltd.co.uk\\\/\",\"name\":\"Language in Action\",\"description\":\"\",\"potentialAction\":[{\"@type\":\"SearchAction\",\"target\":{\"@type\":\"EntryPoint\",\"urlTemplate\":\"https:\\\/\\\/languageinactionltd.co.uk\\\/?s={search_term_string}\"},\"query-input\":{\"@type\":\"PropertyValueSpecification\",\"valueRequired\":true,\"valueName\":\"search_term_string\"}}],\"inLanguage\":\"pt-BR\"}]}<\/script>\n<!-- \/ Yoast SEO plugin. -->","yoast_head_json":{"title":"Pol\u00edtica de comparecimento - Language in Action","robots":{"index":"index","follow":"follow","max-snippet":"max-snippet:-1","max-image-preview":"max-image-preview:large","max-video-preview":"max-video-preview:-1"},"canonical":"https:\/\/languageinactionltd.co.uk\/pt\/politicas\/politica-de-atendimento\/","og_locale":"pt_BR","og_type":"article","og_title":"Attendance Policy - Language in Action","og_description":"Policies Attendance Policy Last updated 10\/04\/2026 The following attendance policy is made known to students, staff and other stakeholders by the following means: Posters in classrooms and residences; Covered in the student first day induction; Included in the Student Induction Pack; Covered in the staff induction; Included in the Staff Handbook and the Teacher Handbook [&hellip;]","og_url":"https:\/\/languageinactionltd.co.uk\/pt\/politicas\/politica-de-atendimento\/","og_site_name":"Language in Action","article_modified_time":"2026-04-13T10:34:25+00:00","og_image":[{"width":1200,"height":675,"url":"https:\/\/languageinactionltd.co.uk\/wp-content\/uploads\/sites\/9\/2025\/08\/lia-social.png","type":"image\/png"}],"twitter_card":"summary_large_image","twitter_misc":{"Est. tempo de leitura":"3 minutos"},"schema":{"@context":"https:\/\/schema.org","@graph":[{"@type":"WebPage","@id":"https:\/\/languageinactionltd.co.uk\/policies\/attendance-policy\/","url":"https:\/\/languageinactionltd.co.uk\/policies\/attendance-policy\/","name":"Pol\u00edtica de comparecimento - Language in Action","isPartOf":{"@id":"https:\/\/languageinactionltd.co.uk\/#website"},"datePublished":"2025-08-28T08:05:24+00:00","dateModified":"2026-04-13T10:34:25+00:00","breadcrumb":{"@id":"https:\/\/languageinactionltd.co.uk\/policies\/attendance-policy\/#breadcrumb"},"inLanguage":"pt-BR","potentialAction":[{"@type":"ReadAction","target":["https:\/\/languageinactionltd.co.uk\/policies\/attendance-policy\/"]}]},{"@type":"BreadcrumbList","@id":"https:\/\/languageinactionltd.co.uk\/policies\/attendance-policy\/#breadcrumb","itemListElement":[{"@type":"ListItem","position":1,"name":"Home","item":"https:\/\/languageinactionltd.co.uk\/"},{"@type":"ListItem","position":2,"name":"Policies","item":"https:\/\/languageinactionltd.co.uk\/policies\/"},{"@type":"ListItem","position":3,"name":"Attendance Policy"}]},{"@type":"WebSite","@id":"https:\/\/languageinactionltd.co.uk\/#website","url":"https:\/\/languageinactionltd.co.uk\/","name":"Linguagem em a\u00e7\u00e3o","description":"","potentialAction":[{"@type":"SearchAction","target":{"@type":"EntryPoint","urlTemplate":"https:\/\/languageinactionltd.co.uk\/?s={search_term_string}"},"query-input":{"@type":"PropertyValueSpecification","valueRequired":true,"valueName":"search_term_string"}}],"inLanguage":"pt-BR"}]}},"_links":{"self":[{"href":"https:\/\/languageinactionltd.co.uk\/pt\/wp-json\/wp\/v2\/pages\/45119","targetHints":{"allow":["GET"]}}],"collection":[{"href":"https:\/\/languageinactionltd.co.uk\/pt\/wp-json\/wp\/v2\/pages"}],"about":[{"href":"https:\/\/languageinactionltd.co.uk\/pt\/wp-json\/wp\/v2\/types\/page"}],"author":[{"embeddable":true,"href":"https:\/\/languageinactionltd.co.uk\/pt\/wp-json\/wp\/v2\/users\/27"}],"replies":[{"embeddable":true,"href":"https:\/\/languageinactionltd.co.uk\/pt\/wp-json\/wp\/v2\/comments?post=45119"}],"version-history":[{"count":7,"href":"https:\/\/languageinactionltd.co.uk\/pt\/wp-json\/wp\/v2\/pages\/45119\/revisions"}],"predecessor-version":[{"id":47681,"href":"https:\/\/languageinactionltd.co.uk\/pt\/wp-json\/wp\/v2\/pages\/45119\/revisions\/47681"}],"up":[{"embeddable":true,"href":"https:\/\/languageinactionltd.co.uk\/pt\/wp-json\/wp\/v2\/pages\/44379"}],"wp:attachment":[{"href":"https:\/\/languageinactionltd.co.uk\/pt\/wp-json\/wp\/v2\/media?parent=45119"}],"curies":[{"name":"wp","href":"https:\/\/api.w.org\/{rel}","templated":true}]}}