{"id":45405,"date":"2025-09-01T08:11:50","date_gmt":"2025-09-01T08:11:50","guid":{"rendered":"https:\/\/languageinactionltd.co.uk\/?page_id=45405"},"modified":"2026-04-13T10:38:07","modified_gmt":"2026-04-13T10:38:07","slug":"politica-di-assenza","status":"publish","type":"page","link":"https:\/\/languageinactionltd.co.uk\/it\/policies\/absent-policy\/","title":{"rendered":"Politica degli assenti"},"content":{"rendered":"<div data-elementor-type=\"wp-page\" data-elementor-id=\"45405\" class=\"elementor elementor-45405\" data-elementor-post-type=\"page\">\n\t\t\t\t<div class=\"elementor-element elementor-element-5eb147cd body-header-small e-flex e-con-boxed translate-yes e-con e-parent\" data-id=\"5eb147cd\" data-element_type=\"container\" data-e-type=\"container\" data-settings=\"{&quot;background_background&quot;:&quot;classic&quot;}\">\n\t\t\t\t\t<div class=\"e-con-inner\">\n\t\t<div class=\"elementor-element elementor-element-1ae0127b e-con-full e-flex translate-yes e-con e-child\" data-id=\"1ae0127b\" data-element_type=\"container\" data-e-type=\"container\">\n\t\t\t\t<div class=\"elementor-element elementor-element-7644f30f sub-heading elementor-widget elementor-widget-heading\" data-id=\"7644f30f\" data-element_type=\"widget\" data-e-type=\"widget\" data-widget_type=\"heading.default\">\n\t\t\t\t<div class=\"elementor-widget-container\">\n\t\t\t\t\t<span class=\"elementor-heading-title elementor-size-default\">Politiche<\/span>\t\t\t\t<\/div>\n\t\t\t\t<\/div>\n\t\t<div class=\"elementor-element elementor-element-4e03033e e-con-full e-flex translate-yes e-con e-child\" data-id=\"4e03033e\" data-element_type=\"container\" data-e-type=\"container\">\n\t\t\t\t<div class=\"elementor-element elementor-element-2ffaefc1 elementor-widget elementor-widget-heading\" data-id=\"2ffaefc1\" data-element_type=\"widget\" data-e-type=\"widget\" data-widget_type=\"heading.default\">\n\t\t\t\t<div class=\"elementor-widget-container\">\n\t\t\t\t\t<h1 class=\"elementor-heading-title elementor-size-default\">Politica generale per gli studenti assenti\/dispersi<\/h1>\t\t\t\t<\/div>\n\t\t\t\t<\/div>\n\t\t\t\t<div class=\"elementor-element elementor-element-b9231c8 elementor-widget elementor-widget-text-editor\" data-id=\"b9231c8\" data-element_type=\"widget\" data-e-type=\"widget\" data-widget_type=\"text-editor.default\">\n\t\t\t\t<div class=\"elementor-widget-container\">\n\t\t\t\t\t\t\t\t\t<p><i>Ultimo aggiornamento 10\/04\/2026<\/i><\/p>\t\t\t\t\t\t\t\t<\/div>\n\t\t\t\t<\/div>\n\t\t\t\t<\/div>\n\t\t\t\t<\/div>\n\t\t\t\t\t<\/div>\n\t\t\t\t<\/div>\n\t\t<div class=\"elementor-element elementor-element-7f3bb87a body-text-1col e-grid e-con-boxed translate-yes e-con e-parent\" data-id=\"7f3bb87a\" data-element_type=\"container\" data-e-type=\"container\">\n\t\t\t\t\t<div class=\"e-con-inner\">\n\t\t\t\t<div class=\"elementor-element elementor-element-1daa8014 section-style-default elementor-widget elementor-widget-Section settings\" data-id=\"1daa8014\" data-element_type=\"widget\" data-e-type=\"widget\" data-widget_type=\"Section settings.default\">\n\t\t\t\t<div class=\"elementor-widget-container\">\n\t\t\t\t\t\t\t\t\t\t\t<\/div>\n\t\t\t\t<\/div>\n\t\t<div class=\"elementor-element elementor-element-567f32af e-con-full e-flex translate-yes e-con e-child\" data-id=\"567f32af\" data-element_type=\"container\" data-e-type=\"container\">\n\t\t\t\t<div class=\"elementor-element elementor-element-4c9780d1 elementor-widget elementor-widget-text-editor\" data-id=\"4c9780d1\" data-element_type=\"widget\" data-e-type=\"widget\" data-widget_type=\"text-editor.default\">\n\t\t\t\t<div class=\"elementor-widget-container\">\n\t\t\t\t\t\t\t\t\t<p class=\"p1\"><b>A. In escursione <\/b><\/p><p class=\"p1\">Il Responsabile delle attivit\u00e0 deve assicurarsi che gli studenti e i Capigruppo dell'agenzia siano pienamente consapevoli dell'itinerario - in molti casi i GL dell'agenzia o i singoli studenti riceveranno un opuscolo con questi dettagli. Gli studenti devono sapere dove si trova il punto d'incontro e cosa fare in caso di separazione dal gruppo.<\/p><p class=\"p1\">Se si perdono durante una gita, si deve dire agli studenti di farlo:<\/p><ol><li><p class=\"p2\">Chiamare il capogruppo della propria agenzia (o i propri amici)<\/p><\/li><li><p class=\"p2\">Recarsi al punto di incontro e attendere il gruppo.<\/p><\/li><li><p class=\"p2\">Chiamare il numero di emergenza LiA<\/p><\/li><li><p class=\"p2\">Trovare un poliziotto e mostrare un documento d'identit\u00e0 come studente di Language in Action (sulla carta d'identit\u00e0 Lanyard).<\/p><\/li><\/ol><p class=\"p1\">I responsabili delle attivit\u00e0 e i capigruppo delle agenzie devono effettuare regolarmente il conteggio degli effettivi, in particolare nei punti di arrivo\/partenza e quando si separano e si riformano i gruppi.<\/p><p class=\"p1\">Se uno studente si perde, l'animatore deve telefonare immediatamente al personale di gestione del Centro, che prender\u00e0 i provvedimenti del caso. Il capo attivit\u00e0 deve continuare a cercare di contattare lo studente sul suo cellulare. Se lo studente fa parte di un gruppo, il capo attivit\u00e0 deve contattare il capo gruppo dell'agenzia e informarlo del problema, assicurandosi che il capo gruppo dell'agenzia aiuti a trovare lo studente.<\/p><p class=\"p1\">Se il gruppo deve andarsene verso la fine della giornata, il capogruppo dell'agenzia dello studente e\/o un responsabile dell'attivit\u00e0 devono rimanere al punto di incontro per rintracciare lo studente. Il resto del gruppo deve partire con gli altri capi attivit\u00e0.<\/p><p class=\"p1\">(Tenere presente il rapporto di supervisione tra personale e studenti. Se necessario, chiedete a un altro membro del personale di raggiungere il gruppo).<\/p><p class=\"p1\">Perdere gli studenti in gita non \u00e8 un evento comune, ma pu\u00f2 accadere. Tuttavia, \u00e8 ancora pi\u00f9 raro che non si riesca a trovarli rapidamente, soprattutto ora che i telefoni cellulari sono di uso comune.<\/p><p class=\"p1\"><strong>Ulteriori azioni<\/strong><\/p><p class=\"p1\">Il Centre Manager \/ Welfare Officer continuer\u00e0 a cercare di chiamare lo studente sul suo cellulare.<\/p><p class=\"p1\">Se lo studente non \u00e8 stato rintracciato un'ora dopo l'orario di incontro concordato, la scuola contatter\u00e0 i genitori\/tutori per informarli che il bambino \u00e8 scomparso.<\/p><p class=\"p1\">Se lo studente non \u00e8 stato rintracciato entro 2 ore durante il giorno o 1 ora e mezza durante la sera o la notte dopo l'orario di incontro, la scuola contatter\u00e0 la polizia locale per ottenere assistenza.<\/p><p class=\"p1\"><b>B. In loco <\/b><\/p><p class=\"p1\"><b>Le classi<\/b><\/p><p class=\"p1\">Se gli studenti minorenni non si presentano in classe per la registrazione, gli insegnanti devono informare immediatamente il personale della Direzione Didattica\/Centro.<\/p><p class=\"p1\">Non appena il personale di gestione del Centro si accorge dell'assenza di uno studente, cercher\u00e0 di contattare lo studente (o il capogruppo dell'agenzia se lo studente fa parte di un gruppo) tramite telefono cellulare. Contatter\u00e0 anche il personale della sede in cui lo studente alloggia.<\/p><p class=\"p1\"><strong>Ulteriori azioni<\/strong><\/p><p class=\"p1\">Se dopo un'ora lo studente non \u00e8 stato ancora rintracciato, il genitore\/tutore verr\u00e0 contattato e avvisato. Se lo studente non \u00e8 stato rintracciato entro 3 ore, la scuola contatter\u00e0 la Polizia per informarla della situazione; tuttavia, se c'\u00e8 un reale motivo di preoccupazione, non aspettate troppo a informarla. La polizia dar\u00e0 consigli sulle ulteriori azioni da intraprendere.<\/p><p class=\"p1\"><b>C. Residenza o soggiorno in casa <\/b><\/p><p class=\"p1\">Per gli studenti minorenni \u00e8 previsto un coprifuoco. Questo \u00e8:<\/p><p class=\"p1\">L'orario del coprifuoco per i minori di 18 anni \u00e8 alle 23.00 il venerd\u00ec e il sabato e alle 22.30 tutti gli altri giorni della settimana. I minori di 16 anni devono rimanere nella loro casa o residenza una volta rientrati la sera, a meno che non siano accompagnati da un capogruppo.<\/p><p class=\"p1\">Se gli studenti non rientrano dopo le attivit\u00e0 pomeridiane o serali, o se non rientrano in tempo per il coprifuoco, i responsabili delle attivit\u00e0 informeranno il Centre Manager (se in famiglia, gli ospiti sono stati avvisati di contattare il numero di emergenza LiA).<\/p><p class=\"p1\">Il personale della Direzione del Centro cercher\u00e0 di contattare telefonicamente lo studente (o il capogruppo dell'agenzia se fa parte di un gruppo).<\/p><p class=\"p1\">Se non riescono a rintracciare lo studente entro un'ora, contattano il genitore\/tutore.<\/p><p class=\"p1\">Se lo studente non pu\u00f2 essere rintracciato entro 1,30 ore dall'assenza dalle attivit\u00e0 pomeridiane\/serali o dal mancato rispetto del coprifuoco, la scuola contatter\u00e0 la Polizia.<\/p><p class=\"p1\"><strong>Questa politica \u00e8 inclusa sia nel Manuale del personale che nel Manuale dell'insegnante. Viene spiegata a tutto il personale (sia accademico che operativo) durante la loro introduzione. Questa procedura viene spiegata anche a tutti gli studenti.<\/strong><\/p>\t\t\t\t\t\t\t\t<\/div>\n\t\t\t\t<\/div>\n\t\t\t\t<\/div>\n\t\t\t\t\t<\/div>\n\t\t\t\t<\/div>\n\t\t\t\t<\/div>","protected":false},"excerpt":{"rendered":"<p>Policies General policy for absent \/ missing students Last updated 10\/04\/2026 A. On Excursion The Activity Manager should ensure that students and agency Group Leaders are fully aware of the itinerary \u2013 in many cases agency GLs \/ individual students will receive a leaflet with these details. Students should know where the meeting point is [&hellip;]<\/p>\n","protected":false},"author":27,"featured_media":0,"parent":44379,"menu_order":0,"comment_status":"closed","ping_status":"closed","template":"","meta":{"_acf_changed":false,"footnotes":""},"class_list":["post-45405","page","type-page","status-publish","hentry"],"acf":[],"yoast_head":"<!-- This site is optimized with the Yoast SEO plugin v27.5 - https:\/\/yoast.com\/product\/yoast-seo-wordpress\/ -->\n<title>Absent policy - Language in Action<\/title>\n<meta name=\"robots\" content=\"index, follow, max-snippet:-1, max-image-preview:large, max-video-preview:-1\" \/>\n<link rel=\"canonical\" href=\"https:\/\/languageinactionltd.co.uk\/it\/politiche\/politica-di-assenza\/\" \/>\n<meta property=\"og:locale\" content=\"it_IT\" \/>\n<meta property=\"og:type\" content=\"article\" \/>\n<meta property=\"og:title\" content=\"Absent policy - Language in Action\" \/>\n<meta property=\"og:description\" content=\"Policies General policy for absent \/ missing students Last updated 10\/04\/2026 A. On Excursion The Activity Manager should ensure that students and agency Group Leaders are fully aware of the itinerary \u2013 in many cases agency GLs \/ individual students will receive a leaflet with these details. Students should know where the meeting point is [&hellip;]\" \/>\n<meta property=\"og:url\" content=\"https:\/\/languageinactionltd.co.uk\/it\/politiche\/politica-di-assenza\/\" \/>\n<meta property=\"og:site_name\" content=\"Language in Action\" \/>\n<meta property=\"article:modified_time\" content=\"2026-04-13T10:38:07+00:00\" \/>\n<meta property=\"og:image\" content=\"https:\/\/languageinactionltd.co.uk\/wp-content\/uploads\/sites\/9\/2025\/08\/lia-social.png\" \/>\n\t<meta property=\"og:image:width\" content=\"1200\" \/>\n\t<meta property=\"og:image:height\" content=\"675\" \/>\n\t<meta property=\"og:image:type\" content=\"image\/png\" \/>\n<meta name=\"twitter:card\" content=\"summary_large_image\" \/>\n<meta name=\"twitter:label1\" content=\"Tempo di lettura stimato\" \/>\n\t<meta name=\"twitter:data1\" content=\"4 minuti\" \/>\n<script type=\"application\/ld+json\" class=\"yoast-schema-graph\">{\"@context\":\"https:\\\/\\\/schema.org\",\"@graph\":[{\"@type\":\"WebPage\",\"@id\":\"https:\\\/\\\/languageinactionltd.co.uk\\\/policies\\\/absent-policy\\\/\",\"url\":\"https:\\\/\\\/languageinactionltd.co.uk\\\/policies\\\/absent-policy\\\/\",\"name\":\"Absent policy - Language in Action\",\"isPartOf\":{\"@id\":\"https:\\\/\\\/languageinactionltd.co.uk\\\/#website\"},\"datePublished\":\"2025-09-01T08:11:50+00:00\",\"dateModified\":\"2026-04-13T10:38:07+00:00\",\"breadcrumb\":{\"@id\":\"https:\\\/\\\/languageinactionltd.co.uk\\\/policies\\\/absent-policy\\\/#breadcrumb\"},\"inLanguage\":\"it-IT\",\"potentialAction\":[{\"@type\":\"ReadAction\",\"target\":[\"https:\\\/\\\/languageinactionltd.co.uk\\\/policies\\\/absent-policy\\\/\"]}]},{\"@type\":\"BreadcrumbList\",\"@id\":\"https:\\\/\\\/languageinactionltd.co.uk\\\/policies\\\/absent-policy\\\/#breadcrumb\",\"itemListElement\":[{\"@type\":\"ListItem\",\"position\":1,\"name\":\"Home\",\"item\":\"https:\\\/\\\/languageinactionltd.co.uk\\\/\"},{\"@type\":\"ListItem\",\"position\":2,\"name\":\"Policies\",\"item\":\"https:\\\/\\\/languageinactionltd.co.uk\\\/policies\\\/\"},{\"@type\":\"ListItem\",\"position\":3,\"name\":\"Absent policy\"}]},{\"@type\":\"WebSite\",\"@id\":\"https:\\\/\\\/languageinactionltd.co.uk\\\/#website\",\"url\":\"https:\\\/\\\/languageinactionltd.co.uk\\\/\",\"name\":\"Language in Action\",\"description\":\"\",\"potentialAction\":[{\"@type\":\"SearchAction\",\"target\":{\"@type\":\"EntryPoint\",\"urlTemplate\":\"https:\\\/\\\/languageinactionltd.co.uk\\\/?s={search_term_string}\"},\"query-input\":{\"@type\":\"PropertyValueSpecification\",\"valueRequired\":true,\"valueName\":\"search_term_string\"}}],\"inLanguage\":\"it-IT\"}]}<\/script>\n<!-- \/ Yoast SEO plugin. -->","yoast_head_json":{"title":"Politica degli assenti - Linguaggio in azione","robots":{"index":"index","follow":"follow","max-snippet":"max-snippet:-1","max-image-preview":"max-image-preview:large","max-video-preview":"max-video-preview:-1"},"canonical":"https:\/\/languageinactionltd.co.uk\/it\/politiche\/politica-di-assenza\/","og_locale":"it_IT","og_type":"article","og_title":"Absent policy - Language in Action","og_description":"Policies General policy for absent \/ missing students Last updated 10\/04\/2026 A. On Excursion The Activity Manager should ensure that students and agency Group Leaders are fully aware of the itinerary \u2013 in many cases agency GLs \/ individual students will receive a leaflet with these details. Students should know where the meeting point is [&hellip;]","og_url":"https:\/\/languageinactionltd.co.uk\/it\/politiche\/politica-di-assenza\/","og_site_name":"Language in Action","article_modified_time":"2026-04-13T10:38:07+00:00","og_image":[{"width":1200,"height":675,"url":"https:\/\/languageinactionltd.co.uk\/wp-content\/uploads\/sites\/9\/2025\/08\/lia-social.png","type":"image\/png"}],"twitter_card":"summary_large_image","twitter_misc":{"Tempo di lettura stimato":"4 minuti"},"schema":{"@context":"https:\/\/schema.org","@graph":[{"@type":"WebPage","@id":"https:\/\/languageinactionltd.co.uk\/policies\/absent-policy\/","url":"https:\/\/languageinactionltd.co.uk\/policies\/absent-policy\/","name":"Politica degli assenti - Linguaggio in azione","isPartOf":{"@id":"https:\/\/languageinactionltd.co.uk\/#website"},"datePublished":"2025-09-01T08:11:50+00:00","dateModified":"2026-04-13T10:38:07+00:00","breadcrumb":{"@id":"https:\/\/languageinactionltd.co.uk\/policies\/absent-policy\/#breadcrumb"},"inLanguage":"it-IT","potentialAction":[{"@type":"ReadAction","target":["https:\/\/languageinactionltd.co.uk\/policies\/absent-policy\/"]}]},{"@type":"BreadcrumbList","@id":"https:\/\/languageinactionltd.co.uk\/policies\/absent-policy\/#breadcrumb","itemListElement":[{"@type":"ListItem","position":1,"name":"Home","item":"https:\/\/languageinactionltd.co.uk\/"},{"@type":"ListItem","position":2,"name":"Policies","item":"https:\/\/languageinactionltd.co.uk\/policies\/"},{"@type":"ListItem","position":3,"name":"Absent policy"}]},{"@type":"WebSite","@id":"https:\/\/languageinactionltd.co.uk\/#website","url":"https:\/\/languageinactionltd.co.uk\/","name":"Il linguaggio in azione","description":"","potentialAction":[{"@type":"SearchAction","target":{"@type":"EntryPoint","urlTemplate":"https:\/\/languageinactionltd.co.uk\/?s={search_term_string}"},"query-input":{"@type":"PropertyValueSpecification","valueRequired":true,"valueName":"search_term_string"}}],"inLanguage":"it-IT"}]}},"_links":{"self":[{"href":"https:\/\/languageinactionltd.co.uk\/it\/wp-json\/wp\/v2\/pages\/45405","targetHints":{"allow":["GET"]}}],"collection":[{"href":"https:\/\/languageinactionltd.co.uk\/it\/wp-json\/wp\/v2\/pages"}],"about":[{"href":"https:\/\/languageinactionltd.co.uk\/it\/wp-json\/wp\/v2\/types\/page"}],"author":[{"embeddable":true,"href":"https:\/\/languageinactionltd.co.uk\/it\/wp-json\/wp\/v2\/users\/27"}],"replies":[{"embeddable":true,"href":"https:\/\/languageinactionltd.co.uk\/it\/wp-json\/wp\/v2\/comments?post=45405"}],"version-history":[{"count":7,"href":"https:\/\/languageinactionltd.co.uk\/it\/wp-json\/wp\/v2\/pages\/45405\/revisions"}],"predecessor-version":[{"id":47741,"href":"https:\/\/languageinactionltd.co.uk\/it\/wp-json\/wp\/v2\/pages\/45405\/revisions\/47741"}],"up":[{"embeddable":true,"href":"https:\/\/languageinactionltd.co.uk\/it\/wp-json\/wp\/v2\/pages\/44379"}],"wp:attachment":[{"href":"https:\/\/languageinactionltd.co.uk\/it\/wp-json\/wp\/v2\/media?parent=45405"}],"curies":[{"name":"wp","href":"https:\/\/api.w.org\/{rel}","templated":true}]}}