{"id":45277,"date":"2025-08-28T11:37:45","date_gmt":"2025-08-28T11:37:45","guid":{"rendered":"https:\/\/languageinactionltd.co.uk\/?page_id=45277"},"modified":"2026-04-13T10:37:57","modified_gmt":"2026-04-13T10:37:57","slug":"politica-dei-rapporti-di-supervisione","status":"publish","type":"page","link":"https:\/\/languageinactionltd.co.uk\/it\/policies\/supervision-ratios-policy\/","title":{"rendered":"Politica dei rapporti di supervisione"},"content":{"rendered":"<div data-elementor-type=\"wp-page\" data-elementor-id=\"45277\" class=\"elementor elementor-45277\" data-elementor-post-type=\"page\">\n\t\t\t\t<div class=\"elementor-element elementor-element-7845af4d body-header-small e-flex e-con-boxed translate-yes e-con e-parent\" data-id=\"7845af4d\" data-element_type=\"container\" data-e-type=\"container\" data-settings=\"{&quot;background_background&quot;:&quot;classic&quot;}\">\n\t\t\t\t\t<div class=\"e-con-inner\">\n\t\t<div class=\"elementor-element elementor-element-50df30a1 e-con-full e-flex translate-yes e-con e-child\" data-id=\"50df30a1\" data-element_type=\"container\" data-e-type=\"container\">\n\t\t\t\t<div class=\"elementor-element elementor-element-1538c21b sub-heading elementor-widget elementor-widget-heading\" data-id=\"1538c21b\" data-element_type=\"widget\" data-e-type=\"widget\" data-widget_type=\"heading.default\">\n\t\t\t\t<div class=\"elementor-widget-container\">\n\t\t\t\t\t<span class=\"elementor-heading-title elementor-size-default\">Politiche<\/span>\t\t\t\t<\/div>\n\t\t\t\t<\/div>\n\t\t<div class=\"elementor-element elementor-element-67d5bbed e-con-full e-flex translate-yes e-con e-child\" data-id=\"67d5bbed\" data-element_type=\"container\" data-e-type=\"container\">\n\t\t\t\t<div class=\"elementor-element elementor-element-6803705 elementor-widget elementor-widget-heading\" data-id=\"6803705\" data-element_type=\"widget\" data-e-type=\"widget\" data-widget_type=\"heading.default\">\n\t\t\t\t<div class=\"elementor-widget-container\">\n\t\t\t\t\t<h1 class=\"elementor-heading-title elementor-size-default\">Politica dei rapporti di supervisione<\/h1>\t\t\t\t<\/div>\n\t\t\t\t<\/div>\n\t\t\t\t<div class=\"elementor-element elementor-element-01627e3 elementor-widget elementor-widget-text-editor\" data-id=\"01627e3\" data-element_type=\"widget\" data-e-type=\"widget\" data-widget_type=\"text-editor.default\">\n\t\t\t\t<div class=\"elementor-widget-container\">\n\t\t\t\t\t\t\t\t\t<p><i>Ultimo aggiornamento 10\/04\/2026<\/i><\/p>\t\t\t\t\t\t\t\t<\/div>\n\t\t\t\t<\/div>\n\t\t\t\t<\/div>\n\t\t\t\t<\/div>\n\t\t\t\t\t<\/div>\n\t\t\t\t<\/div>\n\t\t<div class=\"elementor-element elementor-element-364f9cec body-text-1col e-grid e-con-boxed translate-yes e-con e-parent\" data-id=\"364f9cec\" data-element_type=\"container\" data-e-type=\"container\">\n\t\t\t\t\t<div class=\"e-con-inner\">\n\t\t\t\t<div class=\"elementor-element elementor-element-456f694c section-style-default elementor-widget elementor-widget-Section settings\" data-id=\"456f694c\" data-element_type=\"widget\" data-e-type=\"widget\" data-widget_type=\"Section settings.default\">\n\t\t\t\t<div class=\"elementor-widget-container\">\n\t\t\t\t\t\t\t\t\t\t\t<\/div>\n\t\t\t\t<\/div>\n\t\t<div class=\"elementor-element elementor-element-3387810a e-con-full e-flex translate-yes e-con e-child\" data-id=\"3387810a\" data-element_type=\"container\" data-e-type=\"container\">\n\t\t\t\t<div class=\"elementor-element elementor-element-54a06cbf elementor-widget elementor-widget-text-editor\" data-id=\"54a06cbf\" data-element_type=\"widget\" data-e-type=\"widget\" data-widget_type=\"text-editor.default\">\n\t\t\t\t<div class=\"elementor-widget-container\">\n\t\t\t\t\t\t\t\t\t<p class=\"p1\"><strong>Politica sui rapporti di supervisione per gli alloggi, le classi, le escursioni e le attivit\u00e0 del programma sociale in cui sono coinvolti studenti di et\u00e0 inferiore ai 18 anni.<\/strong><\/p><p class=\"p1\">Language in Action garantisce che in tutti gli alloggi e le classi, cos\u00ec come in tutte le escursioni e le attivit\u00e0 in cui sono coinvolti studenti di et\u00e0 inferiore ai 18 anni, ci sia almeno un membro del personale (compresi i capigruppo delle agenzie) ogni 15\/20 studenti.<\/p><p class=\"p1\">A seconda del programma scelto, gli studenti di 16 e 17 anni possono avere un limite di supervisione da parte del personale LiA.<\/p><p class=\"p1\">Se ci fosse uno studente con esigenze particolari o con disabilit\u00e0, ci assicureremmo che ci sia un altro membro del personale (compresi i capigruppo dell'agenzia) a sostenerlo per tutta la durata del soggiorno.<\/p><p class=\"p1\">Le lezioni prevedono un numero massimo di 18 studenti. A ogni classe sar\u00e0 assegnato un adulto responsabile.<\/p><p class=\"p1\">Tutte le strutture residenziali sono sorvegliate da personale qualificato, disponibile 24 ore su 24 in caso di emergenza.<\/p><p class=\"p1\">Tutti i membri del personale LiA che conducono attivit\u00e0\/escursioni hanno avuto esperienza di lavoro con studenti di et\u00e0 inferiore ai 18 anni, sono stati sottoposti a un controllo DBS e hanno ottenuto due referenze. Questi dati vengono caricati nel nostro Staff Central Records una volta visionati i documenti originali.<\/p><p class=\"p1\">Ai membri chiave del personale delle agenzie partner viene chiesto di firmare una dichiarazione che attesti che il loro personale \u00e8 stato sottoposto a controlli per lavorare con studenti minorenni. I capigruppo dell'agenzia (e altro personale dell'agenzia<\/p><p class=\"p1\">I membri del gruppo devono ricevere una copia della politica di salvaguardia e protezione dei bambini e devono essere istruiti su di essa al momento dell'arrivo. Inoltre, devono leggere e firmare il Codice di condotta e un'autodichiarazione di idoneit\u00e0 al lavoro con i bambini.<\/p><p class=\"p1\">Le valutazioni dei rischi sono state condotte su tutti i locali principali, sulle attivit\u00e0 in loco e sulle escursioni fuori sede.<\/p><p>\u00a0<\/p>\t\t\t\t\t\t\t\t<\/div>\n\t\t\t\t<\/div>\n\t\t\t\t<\/div>\n\t\t\t\t\t<\/div>\n\t\t\t\t<\/div>\n\t\t\t\t<\/div>","protected":false},"excerpt":{"rendered":"<p>Policies Supervision Ratios Policy Last updated 10\/04\/2026 Policy on Supervision Ratios for Accommodation \/ Classrooms \/ Excursions \/ Social programme activities where under 18yr\u2019s students are involved. Language in Action ensures that in all residential accommodation and classrooms, as well as on all excursions and activities where student under the age of 18yrs are involved, [&hellip;]<\/p>\n","protected":false},"author":27,"featured_media":0,"parent":44379,"menu_order":0,"comment_status":"closed","ping_status":"closed","template":"","meta":{"_acf_changed":false,"footnotes":""},"class_list":["post-45277","page","type-page","status-publish","hentry"],"acf":[],"yoast_head":"<!-- This site is optimized with the Yoast SEO plugin v27.5 - https:\/\/yoast.com\/product\/yoast-seo-wordpress\/ -->\n<title>Supervision Ratios Policy - Language in Action<\/title>\n<meta name=\"robots\" content=\"index, follow, max-snippet:-1, max-image-preview:large, max-video-preview:-1\" \/>\n<link rel=\"canonical\" href=\"https:\/\/languageinactionltd.co.uk\/it\/politiche\/politica-dei-rapporti-di-supervisione\/\" \/>\n<meta property=\"og:locale\" content=\"it_IT\" \/>\n<meta property=\"og:type\" content=\"article\" \/>\n<meta property=\"og:title\" content=\"Supervision Ratios Policy - Language in Action\" \/>\n<meta property=\"og:description\" content=\"Policies Supervision Ratios Policy Last updated 10\/04\/2026 Policy on Supervision Ratios for Accommodation \/ Classrooms \/ Excursions \/ Social programme activities where under 18yr\u2019s students are involved. Language in Action ensures that in all residential accommodation and classrooms, as well as on all excursions and activities where student under the age of 18yrs are involved, [&hellip;]\" \/>\n<meta property=\"og:url\" content=\"https:\/\/languageinactionltd.co.uk\/it\/politiche\/politica-dei-rapporti-di-supervisione\/\" \/>\n<meta property=\"og:site_name\" content=\"Language in Action\" \/>\n<meta property=\"article:modified_time\" content=\"2026-04-13T10:37:57+00:00\" \/>\n<meta property=\"og:image\" content=\"https:\/\/languageinactionltd.co.uk\/wp-content\/uploads\/sites\/9\/2025\/08\/lia-social.png\" \/>\n\t<meta property=\"og:image:width\" content=\"1200\" \/>\n\t<meta property=\"og:image:height\" content=\"675\" \/>\n\t<meta property=\"og:image:type\" content=\"image\/png\" \/>\n<meta name=\"twitter:card\" content=\"summary_large_image\" \/>\n<meta name=\"twitter:label1\" content=\"Tempo di lettura stimato\" \/>\n\t<meta name=\"twitter:data1\" content=\"2 minuti\" \/>\n<script type=\"application\/ld+json\" class=\"yoast-schema-graph\">{\"@context\":\"https:\\\/\\\/schema.org\",\"@graph\":[{\"@type\":\"WebPage\",\"@id\":\"https:\\\/\\\/languageinactionltd.co.uk\\\/policies\\\/supervision-ratios-policy\\\/\",\"url\":\"https:\\\/\\\/languageinactionltd.co.uk\\\/policies\\\/supervision-ratios-policy\\\/\",\"name\":\"Supervision Ratios Policy - Language in Action\",\"isPartOf\":{\"@id\":\"https:\\\/\\\/languageinactionltd.co.uk\\\/#website\"},\"datePublished\":\"2025-08-28T11:37:45+00:00\",\"dateModified\":\"2026-04-13T10:37:57+00:00\",\"breadcrumb\":{\"@id\":\"https:\\\/\\\/languageinactionltd.co.uk\\\/policies\\\/supervision-ratios-policy\\\/#breadcrumb\"},\"inLanguage\":\"it-IT\",\"potentialAction\":[{\"@type\":\"ReadAction\",\"target\":[\"https:\\\/\\\/languageinactionltd.co.uk\\\/policies\\\/supervision-ratios-policy\\\/\"]}]},{\"@type\":\"BreadcrumbList\",\"@id\":\"https:\\\/\\\/languageinactionltd.co.uk\\\/policies\\\/supervision-ratios-policy\\\/#breadcrumb\",\"itemListElement\":[{\"@type\":\"ListItem\",\"position\":1,\"name\":\"Home\",\"item\":\"https:\\\/\\\/languageinactionltd.co.uk\\\/\"},{\"@type\":\"ListItem\",\"position\":2,\"name\":\"Policies\",\"item\":\"https:\\\/\\\/languageinactionltd.co.uk\\\/policies\\\/\"},{\"@type\":\"ListItem\",\"position\":3,\"name\":\"Supervision Ratios Policy\"}]},{\"@type\":\"WebSite\",\"@id\":\"https:\\\/\\\/languageinactionltd.co.uk\\\/#website\",\"url\":\"https:\\\/\\\/languageinactionltd.co.uk\\\/\",\"name\":\"Language in Action\",\"description\":\"\",\"potentialAction\":[{\"@type\":\"SearchAction\",\"target\":{\"@type\":\"EntryPoint\",\"urlTemplate\":\"https:\\\/\\\/languageinactionltd.co.uk\\\/?s={search_term_string}\"},\"query-input\":{\"@type\":\"PropertyValueSpecification\",\"valueRequired\":true,\"valueName\":\"search_term_string\"}}],\"inLanguage\":\"it-IT\"}]}<\/script>\n<!-- \/ Yoast SEO plugin. -->","yoast_head_json":{"title":"Politica sui rapporti di supervisione - Linguaggio in azione","robots":{"index":"index","follow":"follow","max-snippet":"max-snippet:-1","max-image-preview":"max-image-preview:large","max-video-preview":"max-video-preview:-1"},"canonical":"https:\/\/languageinactionltd.co.uk\/it\/politiche\/politica-dei-rapporti-di-supervisione\/","og_locale":"it_IT","og_type":"article","og_title":"Supervision Ratios Policy - Language in Action","og_description":"Policies Supervision Ratios Policy Last updated 10\/04\/2026 Policy on Supervision Ratios for Accommodation \/ Classrooms \/ Excursions \/ Social programme activities where under 18yr\u2019s students are involved. Language in Action ensures that in all residential accommodation and classrooms, as well as on all excursions and activities where student under the age of 18yrs are involved, [&hellip;]","og_url":"https:\/\/languageinactionltd.co.uk\/it\/politiche\/politica-dei-rapporti-di-supervisione\/","og_site_name":"Language in Action","article_modified_time":"2026-04-13T10:37:57+00:00","og_image":[{"width":1200,"height":675,"url":"https:\/\/languageinactionltd.co.uk\/wp-content\/uploads\/sites\/9\/2025\/08\/lia-social.png","type":"image\/png"}],"twitter_card":"summary_large_image","twitter_misc":{"Tempo di lettura stimato":"2 minuti"},"schema":{"@context":"https:\/\/schema.org","@graph":[{"@type":"WebPage","@id":"https:\/\/languageinactionltd.co.uk\/policies\/supervision-ratios-policy\/","url":"https:\/\/languageinactionltd.co.uk\/policies\/supervision-ratios-policy\/","name":"Politica sui rapporti di supervisione - Linguaggio in azione","isPartOf":{"@id":"https:\/\/languageinactionltd.co.uk\/#website"},"datePublished":"2025-08-28T11:37:45+00:00","dateModified":"2026-04-13T10:37:57+00:00","breadcrumb":{"@id":"https:\/\/languageinactionltd.co.uk\/policies\/supervision-ratios-policy\/#breadcrumb"},"inLanguage":"it-IT","potentialAction":[{"@type":"ReadAction","target":["https:\/\/languageinactionltd.co.uk\/policies\/supervision-ratios-policy\/"]}]},{"@type":"BreadcrumbList","@id":"https:\/\/languageinactionltd.co.uk\/policies\/supervision-ratios-policy\/#breadcrumb","itemListElement":[{"@type":"ListItem","position":1,"name":"Home","item":"https:\/\/languageinactionltd.co.uk\/"},{"@type":"ListItem","position":2,"name":"Policies","item":"https:\/\/languageinactionltd.co.uk\/policies\/"},{"@type":"ListItem","position":3,"name":"Supervision Ratios Policy"}]},{"@type":"WebSite","@id":"https:\/\/languageinactionltd.co.uk\/#website","url":"https:\/\/languageinactionltd.co.uk\/","name":"Il linguaggio in azione","description":"","potentialAction":[{"@type":"SearchAction","target":{"@type":"EntryPoint","urlTemplate":"https:\/\/languageinactionltd.co.uk\/?s={search_term_string}"},"query-input":{"@type":"PropertyValueSpecification","valueRequired":true,"valueName":"search_term_string"}}],"inLanguage":"it-IT"}]}},"_links":{"self":[{"href":"https:\/\/languageinactionltd.co.uk\/it\/wp-json\/wp\/v2\/pages\/45277","targetHints":{"allow":["GET"]}}],"collection":[{"href":"https:\/\/languageinactionltd.co.uk\/it\/wp-json\/wp\/v2\/pages"}],"about":[{"href":"https:\/\/languageinactionltd.co.uk\/it\/wp-json\/wp\/v2\/types\/page"}],"author":[{"embeddable":true,"href":"https:\/\/languageinactionltd.co.uk\/it\/wp-json\/wp\/v2\/users\/27"}],"replies":[{"embeddable":true,"href":"https:\/\/languageinactionltd.co.uk\/it\/wp-json\/wp\/v2\/comments?post=45277"}],"version-history":[{"count":7,"href":"https:\/\/languageinactionltd.co.uk\/it\/wp-json\/wp\/v2\/pages\/45277\/revisions"}],"predecessor-version":[{"id":47729,"href":"https:\/\/languageinactionltd.co.uk\/it\/wp-json\/wp\/v2\/pages\/45277\/revisions\/47729"}],"up":[{"embeddable":true,"href":"https:\/\/languageinactionltd.co.uk\/it\/wp-json\/wp\/v2\/pages\/44379"}],"wp:attachment":[{"href":"https:\/\/languageinactionltd.co.uk\/it\/wp-json\/wp\/v2\/media?parent=45277"}],"curies":[{"name":"wp","href":"https:\/\/api.w.org\/{rel}","templated":true}]}}