{"id":45237,"date":"2025-08-28T11:06:13","date_gmt":"2025-08-28T11:06:13","guid":{"rendered":"https:\/\/languageinactionltd.co.uk\/?page_id=45237"},"modified":"2026-04-13T10:36:23","modified_gmt":"2026-04-13T10:36:23","slug":"politica-e-procedura-per-i-reclami-degli-studenti","status":"publish","type":"page","link":"https:\/\/languageinactionltd.co.uk\/it\/policies\/student-complaints-policy-and-procedure\/","title":{"rendered":"Politica e procedura per i reclami degli studenti"},"content":{"rendered":"<div data-elementor-type=\"wp-page\" data-elementor-id=\"45237\" class=\"elementor elementor-45237\" data-elementor-post-type=\"page\">\n\t\t\t\t<div class=\"elementor-element elementor-element-684aed79 body-header-small e-flex e-con-boxed translate-yes e-con e-parent\" data-id=\"684aed79\" data-element_type=\"container\" data-e-type=\"container\" data-settings=\"{&quot;background_background&quot;:&quot;classic&quot;}\">\n\t\t\t\t\t<div class=\"e-con-inner\">\n\t\t<div class=\"elementor-element elementor-element-7b7a4b55 e-con-full e-flex translate-yes e-con e-child\" data-id=\"7b7a4b55\" data-element_type=\"container\" data-e-type=\"container\">\n\t\t\t\t<div class=\"elementor-element elementor-element-116fc076 sub-heading elementor-widget elementor-widget-heading\" data-id=\"116fc076\" data-element_type=\"widget\" data-e-type=\"widget\" data-widget_type=\"heading.default\">\n\t\t\t\t<div class=\"elementor-widget-container\">\n\t\t\t\t\t<span class=\"elementor-heading-title elementor-size-default\">Politiche<\/span>\t\t\t\t<\/div>\n\t\t\t\t<\/div>\n\t\t<div class=\"elementor-element elementor-element-67bddda1 e-con-full e-flex translate-yes e-con e-child\" data-id=\"67bddda1\" data-element_type=\"container\" data-e-type=\"container\">\n\t\t\t\t<div class=\"elementor-element elementor-element-47688726 elementor-widget elementor-widget-heading\" data-id=\"47688726\" data-element_type=\"widget\" data-e-type=\"widget\" data-widget_type=\"heading.default\">\n\t\t\t\t<div class=\"elementor-widget-container\">\n\t\t\t\t\t<h1 class=\"elementor-heading-title elementor-size-default\">Politica e procedura per i reclami degli studenti<\/h1>\t\t\t\t<\/div>\n\t\t\t\t<\/div>\n\t\t\t\t<div class=\"elementor-element elementor-element-72bde73 elementor-widget elementor-widget-text-editor\" data-id=\"72bde73\" data-element_type=\"widget\" data-e-type=\"widget\" data-widget_type=\"text-editor.default\">\n\t\t\t\t<div class=\"elementor-widget-container\">\n\t\t\t\t\t\t\t\t\t<p><i>Ultimo aggiornamento 10\/04\/2026<\/i><\/p>\t\t\t\t\t\t\t\t<\/div>\n\t\t\t\t<\/div>\n\t\t\t\t<\/div>\n\t\t\t\t<\/div>\n\t\t\t\t\t<\/div>\n\t\t\t\t<\/div>\n\t\t<div class=\"elementor-element elementor-element-31f7aa45 body-text-1col e-grid e-con-boxed translate-yes e-con e-parent\" data-id=\"31f7aa45\" data-element_type=\"container\" data-e-type=\"container\">\n\t\t\t\t\t<div class=\"e-con-inner\">\n\t\t\t\t<div class=\"elementor-element elementor-element-b494ac4 section-style-default elementor-widget elementor-widget-Section settings\" data-id=\"b494ac4\" data-element_type=\"widget\" data-e-type=\"widget\" data-widget_type=\"Section settings.default\">\n\t\t\t\t<div class=\"elementor-widget-container\">\n\t\t\t\t\t\t\t\t\t\t\t<\/div>\n\t\t\t\t<\/div>\n\t\t<div class=\"elementor-element elementor-element-56325558 e-con-full e-flex translate-yes e-con e-child\" data-id=\"56325558\" data-element_type=\"container\" data-e-type=\"container\">\n\t\t\t\t<div class=\"elementor-element elementor-element-465bf551 elementor-widget elementor-widget-text-editor\" data-id=\"465bf551\" data-element_type=\"widget\" data-e-type=\"widget\" data-widget_type=\"text-editor.default\">\n\t\t\t\t<div class=\"elementor-widget-container\">\n\t\t\t\t\t\t\t\t\t<h2 class=\"p1\">1.Scopo e ambito di applicazione<\/h2><p class=\"p1\">Questo documento contiene le procedure di reclamo degli studenti.<\/p><p class=\"p1\">L'ambito di applicazione delle procedure \u00e8 limitato ai reclami relativi all'esperienza degli studenti presso LIA, compresi i servizi e le strutture fornite.<\/p><h2 class=\"p1\">2.Principi<\/h2><p class=\"p1\">2.1 Gli studenti possono chiedere informazioni, consigli e aiuto per presentare un reclamo a chiunque desiderino. In qualsiasi fase, lo studente ha il diritto di essere accompagnato\/rappresentato da un'altra persona che pu\u00f2 parlare a nome dello studente se lo richiede.<\/p><p class=\"p1\">2.2 LIA accoglie con favore i commenti e i suggerimenti degli studenti su come la Scuola possa aumentare la propria efficacia e\/o migliorare il proprio servizio. Gli studenti sono incoraggiati a fornire suggerimenti.<\/p><p class=\"p1\">2.3 La Scuola riconosce che di tanto in tanto gli studenti possono presentare reclami sulle strutture o sui servizi ricevuti dal personale.<\/p><p class=\"p1\">2.4 Queste procedure hanno lo scopo di fornire un mezzo semplice e comprensibile con cui gli studenti possono presentare commenti, suggerimenti e reclami al personale competente.<\/p><p class=\"p1\">2.5 La Scuola far\u00e0 in modo che il servizio e l'assistenza forniti a qualsiasi studente che faccia un commento, un suggerimento o un reclamo non risentano in alcun modo dell'azione intrapresa, ma la Scuola si aspetta che gli studenti non si impegnino in reclami frivoli o vessatori.<\/p><p class=\"p1\">2.6 La Scuola manterr\u00e0 per quanto possibile la riservatezza di commenti, suggerimenti e reclami. Tuttavia, di norma, il fornitore del servizio deve essere informato del fatto che \u00e8 stato presentato un reclamo e che \u00e8 in corso un'indagine.<\/p><p class=\"p1\">2.7 Il paragrafo precedente non pregiudica in alcun modo le procedure esistenti per la gestione delle questioni disciplinari del personale.<\/p><h2 class=\"p1\">3.Procedura di reclamo<\/h2><p class=\"p1\">3.1. Fase informale (vedi punto 2.1):<\/p><p class=\"p1\">Si spera che molti problemi possano essere affrontati in modo informale, in uno spirito di conciliazione, senza dover ricorrere a una procedura formale. Come primo passo, uno studente insoddisfatto del servizio ricevuto dovrebbe cercare di risolvere la questione con il proprio insegnante o con il Direttore degli studi\/Responsabile accademico o con gli animatori\/il responsabile delle attivit\u00e0 e il responsabile del benessere\/il responsabile del centro. In molti casi, questa persona pu\u00f2 rispondere al meglio al reclamo. Tuttavia, se la risposta al reclamo informale non \u00e8 soddisfacente, lo studente ha il diritto di ricorrere alla procedura di reclamo formale descritta di seguito. Lo studente deve ricorrere alla procedura di reclamo formale solo se ritiene che il reclamo sia troppo grave per essere trattato in modo informale o se non \u00e8 soddisfatto dei risultati delle discussioni informali.<\/p><p class=\"p1\">3.2. Fase scolastica:<\/p><p class=\"p1\">Se lo studente desidera presentare un reclamo formale in base a queste procedure, deve rivolgersi al Centre Manager che gli consegner\u00e0 un modulo di reclamo da compilare.<\/p><p class=\"p1\">I reclami scritti che coinvolgono il Centre Manager devono essere inviati alla sede centrale di Language in Action, direttamente via e-mail o compilati sul modulo di reclamo di Language in Action disponibile nel centro.<\/p><p class=\"p1\">Il Centre Manager risponder\u00e0 di persona alla lettera dello studente entro 48 ore. Se il Centre Manager ritiene che il reclamo necessiti di ulteriori indagini, spiegher\u00e0 allo studente (o al suo agente) come verr\u00e0 trattato il reclamo. Il reclamo sar\u00e0 esaminato in modo approfondito (di solito si inviter\u00e0 lo studente a discuterne di persona) e lo studente ricever\u00e0 una risposta scritta entro 5 giorni.<\/p><p class=\"p1\">Se lo studente \u00e8 soddisfatto della risposta ricevuta e non desidera approfondire il reclamo, le informazioni ottenute dal reclamo saranno utilizzate per migliorare il servizio fornito dalla Scuola.<\/p><p class=\"p1\">3.3. Ricorsi<\/p><p class=\"p1\">Se il reclamo non viene risolto entro 5 giorni o non \u00e8 soddisfacente per lo studente, quest'ultimo deve rivolgersi alla sede centrale di Language in Action.<\/p><p class=\"p1\">La sede centrale esaminer\u00e0 il reclamo (di solito lo studente sar\u00e0 invitato a discuterne di persona con se stesso o con una persona da lui designata) e lo studente ricever\u00e0 una risposta scritta entro 3 giorni lavorativi.<\/p><p class=\"p1\">Se lo studente \u00e8 soddisfatto della risposta ricevuta e non desidera approfondire il reclamo, le informazioni ottenute dal reclamo saranno utilizzate per migliorare il servizio fornito dalla Scuola.<\/p><p class=\"p1\">Se lo studente non \u00e8 soddisfatto della risposta, la Direzione convocher\u00e0 una riunione del Comitato per i reclami. Prima dell'incontro, lo studente danneggiato sar\u00e0 informato del diritto di farsi rappresentare all'udienza.<\/p><p class=\"p1\">3.3.1 Composizione del Comitato per i reclami<\/p><p class=\"p1\">Nessun membro del Comitato per i reclami deve avere avuto precedenti rapporti con il caso. Il Comitato per i reclami sar\u00e0 composto da:<\/p><ul><li class=\"p1\">Il denunciante<\/li><li class=\"p1\">Un membro del Consiglio di Amministrazione, o il Direttore o il Direttore Operativo o il Direttore Accademico, o il Responsabile delle Risorse Umane (a seconda dei casi).<\/li><li class=\"p1\">Un rappresentante degli studenti<\/li><li class=\"p1\">Un insegnante<\/li><\/ul><p class=\"p1\">3.3.2 Termini di riferimento per i ricorsi<\/p><p class=\"p1\">I termini di riferimento del Comitato per i reclami sono:<\/p><ul><li class=\"p1\">Esaminare i reclami di uno studente in relazione alla sua esperienza nella Scuola, compresi i servizi e le strutture forniti dalle Scuole o da qualsiasi dipartimento di supporto.<\/li><li class=\"p1\">Riferire le proprie decisioni al Consiglio di amministrazione e ai rappresentanti degli studenti, se del caso.<\/li><\/ul><p class=\"p1\">3.4. Ricorsi finali<\/p><p class=\"p1\">Se lo studente non \u00e8 soddisfatto dei risultati della fase di appello, \u00e8 incoraggiato a contattare gli enti di accreditamento della scuola:<\/p><ul><li>Il British Council: British Council Customer Service UK, Bridgewater House, 58 Whitworth Street, Manchester, M1 6BB<\/li><li>L'Ispettorato indipendente delle scuole: C A P House, 9-12 Long Ln, Londra EC1A 9HA<\/li><\/ul><p class=\"p1\"><strong>APPENDICE: PROTOCOLLO PER LE RIUNIONI DI UNA COMMISSIONE RECLAMI<\/strong><\/p><ul><li class=\"p1\">Il presidente conferma alle parti la natura del reclamo.<\/li><li class=\"p1\">Il presidente chieder\u00e0 allo studente danneggiato (o al suo rappresentante) di presentare il proprio caso a sostegno del reclamo e di introdurre eventuali testimoni a sostegno del reclamo.<\/li><li class=\"p1\">Il Comitato pu\u00f2 porre domande, tramite il presidente, allo studente e\/o al rappresentante e\/o ai suoi testimoni in qualsiasi momento.<\/li><li><p class=\"p1\">Il presidente chieder\u00e0 alla persona contro cui \u00e8 stato sollevato il reclamo di rispondere al reclamo e di presentare eventuali testimoni a sostegno della risposta.<\/p><\/li><li><p class=\"p1\">Il Comitato pu\u00f2 porre domande, tramite il Presidente, alla persona contro cui \u00e8 stato sollevato il reclamo e ai suoi testimoni in qualsiasi momento.<\/p><\/li><li><p class=\"p1\">Il presidente chieder\u00e0 allo studente (o al suo rappresentante) che ha presentato il reclamo di riassumere il suo caso.<\/p><\/li><li><p class=\"p1\">Il presidente chieder\u00e0 alla persona contro cui \u00e8 stato sollevato il reclamo di riassumere il suo caso.<\/p><\/li><li><p class=\"p1\">Le parti saranno invitate a lasciare la riunione e il Comitato prender\u00e0 in considerazione le prove ascoltate; a questo punto potr\u00e0 decidere di riconvocare l'audizione in una data successiva per ottenere ulteriori prove o consulenze da altre parti. In tal caso, tutte le parti saranno invitate a partecipare alla nuova riunione.<\/p><\/li><li><p class=\"p1\">Il presidente comunicher\u00e0 la decisione del Comitato, convocando le parti o per iscritto. L'esito dell'audizione sar\u00e0 confermato per iscritto entro cinque giorni lavorativi.<\/p><\/li><\/ul>\t\t\t\t\t\t\t\t<\/div>\n\t\t\t\t<\/div>\n\t\t\t\t<\/div>\n\t\t\t\t\t<\/div>\n\t\t\t\t<\/div>\n\t\t\t\t<\/div>","protected":false},"excerpt":{"rendered":"<p>Policies Student Complaints Policy and Procedure Last updated 10\/04\/2026 1.Purpose and scope This document contains Student Complaints Procedures. The scope of the procedures is restricted to complaints in respect of the students\u2019 experience at LIA, including services and facilities provided. 2.Principles 2.1 Students may ask for information, advice and help in making a complaint from [&hellip;]<\/p>\n","protected":false},"author":27,"featured_media":0,"parent":44379,"menu_order":0,"comment_status":"closed","ping_status":"closed","template":"","meta":{"_acf_changed":false,"footnotes":""},"class_list":["post-45237","page","type-page","status-publish","hentry"],"acf":[],"yoast_head":"<!-- This site is optimized with the Yoast SEO plugin v27.5 - https:\/\/yoast.com\/product\/yoast-seo-wordpress\/ -->\n<title>Student Complaints Policy and Procedure - Language in Action<\/title>\n<meta name=\"robots\" content=\"index, follow, max-snippet:-1, max-image-preview:large, max-video-preview:-1\" \/>\n<link rel=\"canonical\" href=\"https:\/\/languageinactionltd.co.uk\/it\/politiche\/politica-e-procedura-per-i-reclami-degli-studenti\/\" \/>\n<meta property=\"og:locale\" content=\"it_IT\" \/>\n<meta property=\"og:type\" content=\"article\" \/>\n<meta property=\"og:title\" content=\"Student Complaints Policy and Procedure - Language in Action\" \/>\n<meta property=\"og:description\" content=\"Policies Student Complaints Policy and Procedure Last updated 10\/04\/2026 1.Purpose and scope This document contains Student Complaints Procedures. The scope of the procedures is restricted to complaints in respect of the students\u2019 experience at LIA, including services and facilities provided. 2.Principles 2.1 Students may ask for information, advice and help in making a complaint from [&hellip;]\" \/>\n<meta property=\"og:url\" content=\"https:\/\/languageinactionltd.co.uk\/it\/politiche\/politica-e-procedura-per-i-reclami-degli-studenti\/\" \/>\n<meta property=\"og:site_name\" content=\"Language in Action\" \/>\n<meta property=\"article:modified_time\" content=\"2026-04-13T10:36:23+00:00\" \/>\n<meta property=\"og:image\" content=\"https:\/\/languageinactionltd.co.uk\/wp-content\/uploads\/sites\/9\/2025\/08\/lia-social.png\" \/>\n\t<meta property=\"og:image:width\" content=\"1200\" \/>\n\t<meta property=\"og:image:height\" content=\"675\" \/>\n\t<meta property=\"og:image:type\" content=\"image\/png\" \/>\n<meta name=\"twitter:card\" content=\"summary_large_image\" \/>\n<meta name=\"twitter:label1\" content=\"Tempo di lettura stimato\" \/>\n\t<meta name=\"twitter:data1\" content=\"5 minuti\" \/>\n<script type=\"application\/ld+json\" class=\"yoast-schema-graph\">{\"@context\":\"https:\\\/\\\/schema.org\",\"@graph\":[{\"@type\":\"WebPage\",\"@id\":\"https:\\\/\\\/languageinactionltd.co.uk\\\/policies\\\/student-complaints-policy-and-procedure\\\/\",\"url\":\"https:\\\/\\\/languageinactionltd.co.uk\\\/policies\\\/student-complaints-policy-and-procedure\\\/\",\"name\":\"Student Complaints Policy and Procedure - Language in Action\",\"isPartOf\":{\"@id\":\"https:\\\/\\\/languageinactionltd.co.uk\\\/#website\"},\"datePublished\":\"2025-08-28T11:06:13+00:00\",\"dateModified\":\"2026-04-13T10:36:23+00:00\",\"breadcrumb\":{\"@id\":\"https:\\\/\\\/languageinactionltd.co.uk\\\/policies\\\/student-complaints-policy-and-procedure\\\/#breadcrumb\"},\"inLanguage\":\"it-IT\",\"potentialAction\":[{\"@type\":\"ReadAction\",\"target\":[\"https:\\\/\\\/languageinactionltd.co.uk\\\/policies\\\/student-complaints-policy-and-procedure\\\/\"]}]},{\"@type\":\"BreadcrumbList\",\"@id\":\"https:\\\/\\\/languageinactionltd.co.uk\\\/policies\\\/student-complaints-policy-and-procedure\\\/#breadcrumb\",\"itemListElement\":[{\"@type\":\"ListItem\",\"position\":1,\"name\":\"Home\",\"item\":\"https:\\\/\\\/languageinactionltd.co.uk\\\/\"},{\"@type\":\"ListItem\",\"position\":2,\"name\":\"Policies\",\"item\":\"https:\\\/\\\/languageinactionltd.co.uk\\\/policies\\\/\"},{\"@type\":\"ListItem\",\"position\":3,\"name\":\"Student Complaints Policy and Procedure\"}]},{\"@type\":\"WebSite\",\"@id\":\"https:\\\/\\\/languageinactionltd.co.uk\\\/#website\",\"url\":\"https:\\\/\\\/languageinactionltd.co.uk\\\/\",\"name\":\"Language in Action\",\"description\":\"\",\"potentialAction\":[{\"@type\":\"SearchAction\",\"target\":{\"@type\":\"EntryPoint\",\"urlTemplate\":\"https:\\\/\\\/languageinactionltd.co.uk\\\/?s={search_term_string}\"},\"query-input\":{\"@type\":\"PropertyValueSpecification\",\"valueRequired\":true,\"valueName\":\"search_term_string\"}}],\"inLanguage\":\"it-IT\"}]}<\/script>\n<!-- \/ Yoast SEO plugin. -->","yoast_head_json":{"title":"Politica e procedura per i reclami degli studenti - Lingua in azione","robots":{"index":"index","follow":"follow","max-snippet":"max-snippet:-1","max-image-preview":"max-image-preview:large","max-video-preview":"max-video-preview:-1"},"canonical":"https:\/\/languageinactionltd.co.uk\/it\/politiche\/politica-e-procedura-per-i-reclami-degli-studenti\/","og_locale":"it_IT","og_type":"article","og_title":"Student Complaints Policy and Procedure - Language in Action","og_description":"Policies Student Complaints Policy and Procedure Last updated 10\/04\/2026 1.Purpose and scope This document contains Student Complaints Procedures. The scope of the procedures is restricted to complaints in respect of the students\u2019 experience at LIA, including services and facilities provided. 2.Principles 2.1 Students may ask for information, advice and help in making a complaint from [&hellip;]","og_url":"https:\/\/languageinactionltd.co.uk\/it\/politiche\/politica-e-procedura-per-i-reclami-degli-studenti\/","og_site_name":"Language in Action","article_modified_time":"2026-04-13T10:36:23+00:00","og_image":[{"width":1200,"height":675,"url":"https:\/\/languageinactionltd.co.uk\/wp-content\/uploads\/sites\/9\/2025\/08\/lia-social.png","type":"image\/png"}],"twitter_card":"summary_large_image","twitter_misc":{"Tempo di lettura stimato":"5 minuti"},"schema":{"@context":"https:\/\/schema.org","@graph":[{"@type":"WebPage","@id":"https:\/\/languageinactionltd.co.uk\/policies\/student-complaints-policy-and-procedure\/","url":"https:\/\/languageinactionltd.co.uk\/policies\/student-complaints-policy-and-procedure\/","name":"Politica e procedura per i reclami degli studenti - Lingua in azione","isPartOf":{"@id":"https:\/\/languageinactionltd.co.uk\/#website"},"datePublished":"2025-08-28T11:06:13+00:00","dateModified":"2026-04-13T10:36:23+00:00","breadcrumb":{"@id":"https:\/\/languageinactionltd.co.uk\/policies\/student-complaints-policy-and-procedure\/#breadcrumb"},"inLanguage":"it-IT","potentialAction":[{"@type":"ReadAction","target":["https:\/\/languageinactionltd.co.uk\/policies\/student-complaints-policy-and-procedure\/"]}]},{"@type":"BreadcrumbList","@id":"https:\/\/languageinactionltd.co.uk\/policies\/student-complaints-policy-and-procedure\/#breadcrumb","itemListElement":[{"@type":"ListItem","position":1,"name":"Home","item":"https:\/\/languageinactionltd.co.uk\/"},{"@type":"ListItem","position":2,"name":"Policies","item":"https:\/\/languageinactionltd.co.uk\/policies\/"},{"@type":"ListItem","position":3,"name":"Student Complaints Policy and Procedure"}]},{"@type":"WebSite","@id":"https:\/\/languageinactionltd.co.uk\/#website","url":"https:\/\/languageinactionltd.co.uk\/","name":"Il linguaggio in azione","description":"","potentialAction":[{"@type":"SearchAction","target":{"@type":"EntryPoint","urlTemplate":"https:\/\/languageinactionltd.co.uk\/?s={search_term_string}"},"query-input":{"@type":"PropertyValueSpecification","valueRequired":true,"valueName":"search_term_string"}}],"inLanguage":"it-IT"}]}},"_links":{"self":[{"href":"https:\/\/languageinactionltd.co.uk\/it\/wp-json\/wp\/v2\/pages\/45237","targetHints":{"allow":["GET"]}}],"collection":[{"href":"https:\/\/languageinactionltd.co.uk\/it\/wp-json\/wp\/v2\/pages"}],"about":[{"href":"https:\/\/languageinactionltd.co.uk\/it\/wp-json\/wp\/v2\/types\/page"}],"author":[{"embeddable":true,"href":"https:\/\/languageinactionltd.co.uk\/it\/wp-json\/wp\/v2\/users\/27"}],"replies":[{"embeddable":true,"href":"https:\/\/languageinactionltd.co.uk\/it\/wp-json\/wp\/v2\/comments?post=45237"}],"version-history":[{"count":7,"href":"https:\/\/languageinactionltd.co.uk\/it\/wp-json\/wp\/v2\/pages\/45237\/revisions"}],"predecessor-version":[{"id":47723,"href":"https:\/\/languageinactionltd.co.uk\/it\/wp-json\/wp\/v2\/pages\/45237\/revisions\/47723"}],"up":[{"embeddable":true,"href":"https:\/\/languageinactionltd.co.uk\/it\/wp-json\/wp\/v2\/pages\/44379"}],"wp:attachment":[{"href":"https:\/\/languageinactionltd.co.uk\/it\/wp-json\/wp\/v2\/media?parent=45237"}],"curies":[{"name":"wp","href":"https:\/\/api.w.org\/{rel}","templated":true}]}}