{"id":45169,"date":"2025-08-28T10:08:25","date_gmt":"2025-08-28T10:08:25","guid":{"rendered":"https:\/\/languageinactionltd.co.uk\/?page_id=45169"},"modified":"2026-04-13T10:35:32","modified_gmt":"2026-04-13T10:35:32","slug":"politica-e-procedura-sul-cyber-bullismo","status":"publish","type":"page","link":"https:\/\/languageinactionltd.co.uk\/it\/policies\/cyber-bullying-policy-and-procedure\/","title":{"rendered":"Politica e procedura sul cyberbullismo"},"content":{"rendered":"<div data-elementor-type=\"wp-page\" data-elementor-id=\"45169\" class=\"elementor elementor-45169\" data-elementor-post-type=\"page\">\n\t\t\t\t<div class=\"elementor-element elementor-element-4a8ad081 body-header-small e-flex e-con-boxed translate-yes e-con e-parent\" data-id=\"4a8ad081\" data-element_type=\"container\" data-e-type=\"container\" data-settings=\"{&quot;background_background&quot;:&quot;classic&quot;}\">\n\t\t\t\t\t<div class=\"e-con-inner\">\n\t\t<div class=\"elementor-element elementor-element-7fb22fee e-con-full e-flex translate-yes e-con e-child\" data-id=\"7fb22fee\" data-element_type=\"container\" data-e-type=\"container\">\n\t\t\t\t<div class=\"elementor-element elementor-element-2b000523 sub-heading elementor-widget elementor-widget-heading\" data-id=\"2b000523\" data-element_type=\"widget\" data-e-type=\"widget\" data-widget_type=\"heading.default\">\n\t\t\t\t<div class=\"elementor-widget-container\">\n\t\t\t\t\t<span class=\"elementor-heading-title elementor-size-default\">Politiche<\/span>\t\t\t\t<\/div>\n\t\t\t\t<\/div>\n\t\t<div class=\"elementor-element elementor-element-5ea43c4d e-con-full e-flex translate-yes e-con e-child\" data-id=\"5ea43c4d\" data-element_type=\"container\" data-e-type=\"container\">\n\t\t\t\t<div class=\"elementor-element elementor-element-640f4395 elementor-widget elementor-widget-heading\" data-id=\"640f4395\" data-element_type=\"widget\" data-e-type=\"widget\" data-widget_type=\"heading.default\">\n\t\t\t\t<div class=\"elementor-widget-container\">\n\t\t\t\t\t<h1 class=\"elementor-heading-title elementor-size-default\">Politica e procedura sul cyber-bullismo<\/h1>\t\t\t\t<\/div>\n\t\t\t\t<\/div>\n\t\t\t\t<div class=\"elementor-element elementor-element-ae173e8 elementor-widget elementor-widget-text-editor\" data-id=\"ae173e8\" data-element_type=\"widget\" data-e-type=\"widget\" data-widget_type=\"text-editor.default\">\n\t\t\t\t<div class=\"elementor-widget-container\">\n\t\t\t\t\t\t\t\t\t<p><i>Ultimo aggiornamento 10\/04\/2026<\/i><\/p>\t\t\t\t\t\t\t\t<\/div>\n\t\t\t\t<\/div>\n\t\t\t\t<\/div>\n\t\t\t\t<\/div>\n\t\t\t\t\t<\/div>\n\t\t\t\t<\/div>\n\t\t<div class=\"elementor-element elementor-element-63c9c2db body-text-1col e-grid e-con-boxed translate-yes e-con e-parent\" data-id=\"63c9c2db\" data-element_type=\"container\" data-e-type=\"container\">\n\t\t\t\t\t<div class=\"e-con-inner\">\n\t\t\t\t<div class=\"elementor-element elementor-element-1ff1c12a section-style-default elementor-widget elementor-widget-Section settings\" data-id=\"1ff1c12a\" data-element_type=\"widget\" data-e-type=\"widget\" data-widget_type=\"Section settings.default\">\n\t\t\t\t<div class=\"elementor-widget-container\">\n\t\t\t\t\t\t\t\t\t\t\t<\/div>\n\t\t\t\t<\/div>\n\t\t<div class=\"elementor-element elementor-element-5ed37eed e-con-full e-flex translate-yes e-con e-child\" data-id=\"5ed37eed\" data-element_type=\"container\" data-e-type=\"container\">\n\t\t\t\t<div class=\"elementor-element elementor-element-7ed835a7 elementor-widget elementor-widget-text-editor\" data-id=\"7ed835a7\" data-element_type=\"widget\" data-e-type=\"widget\" data-widget_type=\"text-editor.default\">\n\t\t\t\t<div class=\"elementor-widget-container\">\n\t\t\t\t\t\t\t\t\t<p class=\"p1\">Language in Action abbraccia i vantaggi della tecnologia moderna in termini di benefici educativi, tuttavia l'azienda \u00e8 consapevole della possibilit\u00e0 che si verifichino episodi di bullismo.<\/p><p class=\"p1\">Al centro della politica anti-bullismo dell'azienda c'\u00e8 la convinzione che \"tutti gli studenti hanno il diritto di non essere vittime di bullismo\" e che \"il bullismo \u00e8 sempre inaccettabile\". L'azienda riconosce inoltre di dover \"prendere atto degli atti di bullismo perpetrati al di fuori della scuola che si riversano al suo interno\".<\/p><p class=\"p1\">In base ai poteri concessi dalla VIA 2006, il responsabile del Welfare o il Welfare Manager \u00e8 in grado di vigilare sul cyberbullismo o su qualsiasi aspetto del bullismo messo in atto dagli studenti all'interno o all'esterno della sede.<\/p><h2 class=\"p1\">Definizione di cyber-bullismo<\/h2><p class=\"p1\">Il cyber-bullismo \u00e8 un atto aggressivo e intenzionale compiuto da un gruppo o da un individuo che utilizza forme elettroniche di contatto ripetute nel tempo contro una vittima che non pu\u00f2 difendersi facilmente.<\/p><p class=\"p1\">Per cyber-bullismo si intende il bullismo attraverso i media elettronici:<\/p><ul><li><p class=\"p1\">Bullismo tramite sms, messaggi o chiamate sul cellulare<\/p><\/li><li><p class=\"p1\">L'uso di fotocamere di telefoni cellulari per causare angoscia, paura o umiliazione.<\/p><\/li><li><p class=\"p1\">Pubblicare materiale minaccioso, abusivo, diffamatorio o umiliante su siti web, inclusi blog, siti web personali e siti di social network.<\/p><\/li><li><p class=\"p1\">Utilizzo della posta elettronica per inviare messaggi agli altri<\/p><\/li><li><p class=\"p1\">Dirottamento\/clonazione di account e-mail<\/p><\/li><li><p class=\"p1\">Fare commenti minacciosi, abusivi, diffamatori o umilianti nelle chat room, compreso Facebook,<\/p><\/li><li><p class=\"p1\">YouTube o qualsiasi altro social media.<\/p><\/li><\/ul><h2 class=\"p1\">Problemi legali<\/h2><p class=\"p1\">Il cyber-bullismo ha generalmente carattere penale. La legge si applica al cyberspazio.<\/p><ul><li><p class=\"p1\">\u00c8 illegale diffondere informazioni diffamatorie su qualsiasi mezzo di comunicazione, compresi i siti Internet.<\/p><\/li><li><p class=\"p1\">L'articolo 127 del Communications Act 2003 considera un reato l'invio, tramite mezzi pubblici di una rete pubblica di comunicazione elettronica, di un messaggio o altro materiale gravemente offensivo o di carattere indecente, osceno o minaccioso.<\/p><\/li><li><p class=\"p1\">La legge sulla protezione dalle molestie (Protection from Harassment Act) del 1997 considera un reato perseguire consapevolmente qualsiasi condotta che costituisca una molestia.<\/p><\/li><\/ul><h2 class=\"p1\">Politica<\/h2><p class=\"p1\">Language in Action educa i suoi studenti sia all'uso corretto delle telecomunicazioni che alla conoscenza del mondo delle telecomunicazioni.<\/p><p class=\"p1\">gravi conseguenze del cyber-bullismo e, attraverso incontri e lezioni, continuer\u00e0 a informare ed educare i propri studenti in queste aree in rapida evoluzione. Language in Action forma il proprio personale a rispondere efficacemente alle segnalazioni di cyber-bullismo o molestie e dispone di sistemi di risposta.<\/p><p class=\"p1\">Language in Action si sforza di bloccare l'accesso a siti web inappropriati, utilizzando firewall, antivirus e sistemi di filtraggio; a nessuno studente \u00e8 consentito lavorare su Internet nell'aula computer, se disponibile, o in qualsiasi altro luogo all'interno della scuola che possa essere utilizzato di volta in volta per tale lavoro, senza la presenza di un membro del personale. Laddove appropriato e responsabile, Language in Action controlla le comunicazioni TIC e rivede regolarmente le disposizioni di sicurezza in vigore. Sebbene l'educazione e la guida rimangano al centro delle nostre attivit\u00e0, Language in Action si riserva il diritto di intraprendere azioni contro coloro che prendono parte al cyber-bullismo.<\/p><ul><li><p class=\"p1\">Tutti gli atti di bullismo sono dannosi, ma il cyber-bullismo e le molestie possono essere sempre invasive della privacy. Questi atti possono anche essere considerati come atti criminali.<\/p><\/li><li><p class=\"p1\">Language in Action sostiene le vittime e, quando necessario, collaborer\u00e0 con la polizia per individuare le persone coinvolte in atti criminali. Language in Action utilizzer\u00e0, a seconda dei casi, l'intera gamma di sanzioni per correggere, punire o allontanare gli studenti che compiono atti di bullismo nei confronti dei compagni o che molestano il personale in questo modo, sia all'interno che all'esterno della scuola.<\/p><\/li><li><p class=\"p1\">Language in Action si avvarr\u00e0 del potere di confisca laddove necessario per evitare che gli studenti commettano reati o facciano un uso improprio delle attrezzature.<\/p><\/li><li><p class=\"p1\">Tutti i membri della comunit\u00e0 scolastica sono consapevoli di avere il dovere di portare all'attenzione del responsabile del benessere qualsiasi esempio di cyber-bullismo o molestie di cui siano a conoscenza o che sospettino.<\/p><\/li><\/ul><p class=\"p1\"><strong>Guida per il personale<\/strong><\/p><p class=\"p1\">Se si sospetta o si viene informati di un episodio di cyber-bullismo, seguire il protocollo descritto di seguito:<\/p><p class=\"p1\"><strong>Telefoni cellulari<\/strong><\/p><ul><li class=\"p1\">Chiedete allo studente di mostrarvi il telefono cellulare<\/li><li class=\"p1\">Annotate chiaramente tutto ci\u00f2 che appare sullo schermo in relazione a un messaggio di testo o a un'immagine inappropriata, compresi data, ora e nomi.<\/li><li class=\"p1\">Eseguire la trascrizione di un messaggio parlato, registrando nuovamente data, ora e nomi.<\/li><li class=\"p1\">Dite allo studente di salvare il messaggio\/immagine.<\/li><li class=\"p1\">Accompagnare lo studente e recarsi dal responsabile del benessere o, in sua assenza, contattare il proprio responsabile di linea.<\/li><\/ul><p class=\"p1\"><strong>Computer<\/strong><\/p><ul><li class=\"p1\">Chiedere allo studente di portare sullo schermo il materiale in questione.<\/li><li class=\"p1\">Chiedere allo studente di salvare il materiale<\/li><li class=\"p1\">Stampare subito il materiale incriminato<\/li><li class=\"p1\">Assicuratevi che tutte le pagine siano nel giusto ordine e che non vi siano omissioni.<\/li><li class=\"p1\">Accompagnare lo studente, portando con s\u00e9 il materiale offensivo, a incontrare il responsabile del benessere.<\/li><li class=\"p1\">Verranno quindi seguite le normali procedure per intervistare gli studenti e raccogliere dichiarazioni, in particolare se si presenta un problema di protezione dei minori.<\/li><\/ul><p class=\"p1\"><strong>Guida per gli studenti<\/strong><\/p><p class=\"p1\">Se ritenete di essere vittime di cyber-bullismo, dovete parlarne con un adulto il prima possibile. Questa persona pu\u00f2 essere un insegnante, un capogruppo o il responsabile del benessere.<\/p><ul><li class=\"p1\">Non rispondere ai messaggi abusivi, ma registrarli e segnalarli.<\/li><li class=\"p1\">Non cancellare nulla finch\u00e9 non \u00e8 stato mostrato all'insegnante, al capogruppo o al responsabile del benessere (anche se \u00e8 sconvolgente, il materiale \u00e8 una prova importante che potrebbe essere utilizzata in seguito come prova di cyberbullismo).<\/li><li class=\"p1\">Non fornite i vostri dati informatici personali<\/li><li class=\"p1\">Non rispondete mai alle e-mail ingiuriose<\/li><li class=\"p1\">Non rispondete mai a qualcuno che non conoscete<\/li><li class=\"p1\">Rimanere in aree pubbliche nelle chat room<\/li><\/ul><p class=\"p1\"><strong>Guida per famiglie, adulti accompagnatori e agenti<\/strong><\/p><p class=\"p1\">\u00c8 fondamentale che tutti gli studenti siano consapevoli delle gravi conseguenze di un coinvolgimento in qualcosa che potrebbe essere considerato cyber-bullismo. Language in Action informa gli agenti e il personale dell'agenzia sulla politica di cyber-bullismo e sulle procedure in atto per affrontare il cyber-bullismo.<\/p><ul><li class=\"p1\">I genitori, il personale delle agenzie, gli animatori dei gruppi e le agenzie possono aiutare assicurandosi che il bambino a loro affidato comprenda la politica della scuola e, soprattutto, la seriet\u00e0 con cui Language in Action considera gli episodi di cyber-bullismo.<\/li><li><p class=\"p1\">I genitori possono anche spiegare ai loro figli o figlie le questioni relative al cyberbullismo<\/p><\/li><li><p class=\"p1\">Se i genitori o qualsiasi adulto responsabile ritengono che un bambino sotto la loro tutela sia vittima di cyber-bullismo, devono salvare il materiale offensivo (se necessario, salvando un testo offensivo sul proprio cellulare o su quello del bambino) e assicurarsi di avere tutte le informazioni pertinenti prima di cancellare qualsiasi cosa.<\/p><\/li><li><p class=\"p1\">L'adulto responsabile deve contattare il responsabile del benessere il prima possibile. Si pu\u00f2 quindi organizzare un incontro con il responsabile del benessere, che pu\u00f2 coinvolgere altri membri del personale interessati.<\/p><\/li><li><p class=\"p1\">E-SAFETY AT HOME Diversi siti offrono consigli utili ai genitori, in particolare per quanto riguarda il modo migliore per monitorare l'uso del computer a casa da parte dei figli.<\/p><\/li><\/ul><p class=\"p1\">Informazioni importanti e utili sono disponibili sul sito seguente:<\/p><p class=\"p1\"><a href=\"http:\/\/www.nextgenerationlearning.org.uk\/safeguarding-learners\/Safeguarding-learnerscontent\/Parents-andcarers\/\" target=\"_blank\" rel=\"noopener\">www.nextgenerationlearning.org.uk\/safeguarding-learners\/Safeguarding-learnerscontent\/Parents-andcarers\/<\/a><\/p><p class=\"p1\">Il Codice di condotta viene spiegato e discusso con gli studenti al momento della presentazione e durante le lezioni.<\/p><p><strong>Organismi nazionali <\/strong><\/p><p>Per ulteriori informazioni e indicazioni \u00e8 possibile rivolgersi ai seguenti enti:<\/p><p class=\"p1\"><a href=\"http:\/\/www.teachernet.gov.uk\/wholeschool\/behaviour\/tacklingbullying\/cyber-bullying\" target=\"_blank\" rel=\"noopener\"><i>www.teachernet.gov.uk\/wholeschool\/behaviour\/tacklingbullying\/cyber-bullying<\/i><\/a><\/p><p class=\"p1\"><a href=\"http:\/\/www.bullying.co.uk\" target=\"_blank\" rel=\"noopener\"><i>www.bullying.co.uk<\/i><\/a><\/p><p class=\"p1\">Le seguenti informazioni possono essere scaricate dal sito web sopra indicato:<\/p><ul><li class=\"p1\">Sicuri di imparare: Incorporare il lavoro anti-bullismo nelle scuole (2007)<\/li><li class=\"p1\">Guida e risorse sul cyberbullismo.<\/li><li class=\"p1\">Imparare in sicurezza<\/li><\/ul><p><strong>Opuscolo riassuntivo sul cyberbullismo<\/strong><\/p><p><a href=\"http:\/\/www.antibullying.net\/cyber-bullying1.html\" target=\"_blank\" rel=\"noopener\">www.antibullying.net\/cyber-bullying1.html<\/a><\/p><p class=\"p1\">Per un foglio informativo per insegnanti e altri professionisti che lavorano con i giovani per informazioni sulla salvaguardia degli studenti<\/p><p class=\"p1\"><a href=\"http:\/\/www.becta.org.uk\" target=\"_blank\" rel=\"noopener\"><i>www.becta.org.uk<\/i><\/a><\/p><p class=\"p1\">Beatbullying Alleanza contro il bullismo Rochester House National Children<\/p><p class=\"p1\">Ufficio 4 Belvedere<\/p><p class=\"p1\">Strada 8 Wakley Street Londra SE19 2AT EC1V 7QE<\/p><p class=\"p1\">020 8771 3377 o 020 7843 1901<\/p><p class=\"p2\"><span class=\"s1\"><a href=\"http:\/\/www.beatbullying.org\/\">www.beatbully ing.org<\/a><\/span> <span class=\"s2\">o <a href=\"http:\/\/www.anti-bullyingalliance.org.uk\/\"><span class=\"s1\">www.anti-bul<\/span>l<span class=\"s1\"> ingalliance.org.uk<\/span><\/a><\/span><\/p>\t\t\t\t\t\t\t\t<\/div>\n\t\t\t\t<\/div>\n\t\t\t\t<\/div>\n\t\t\t\t\t<\/div>\n\t\t\t\t<\/div>\n\t\t\t\t<\/div>","protected":false},"excerpt":{"rendered":"<p>Policies Cyber-Bullying Policy and Procedure Last updated 10\/04\/2026 Language in Action embraces the advantages of modern technology in terms of the educational benefits it brings, however the company is mindful of the potential for bullying to occur. Central to the company\u2019s anti-bullying policy is the belief that \u2018all students have a right not to be [&hellip;]<\/p>\n","protected":false},"author":27,"featured_media":0,"parent":44379,"menu_order":0,"comment_status":"closed","ping_status":"closed","template":"","meta":{"_acf_changed":false,"footnotes":""},"class_list":["post-45169","page","type-page","status-publish","hentry"],"acf":[],"yoast_head":"<!-- This site is optimized with the Yoast SEO plugin v27.5 - https:\/\/yoast.com\/product\/yoast-seo-wordpress\/ -->\n<title>Cyber Bullying Policy and Procedure - Language in Action<\/title>\n<meta name=\"robots\" content=\"index, follow, max-snippet:-1, max-image-preview:large, max-video-preview:-1\" \/>\n<link rel=\"canonical\" href=\"https:\/\/languageinactionltd.co.uk\/it\/politiche\/politica-e-procedura-sul-cyber-bullismo\/\" \/>\n<meta property=\"og:locale\" content=\"it_IT\" \/>\n<meta property=\"og:type\" content=\"article\" \/>\n<meta property=\"og:title\" content=\"Cyber Bullying Policy and Procedure - Language in Action\" \/>\n<meta property=\"og:description\" content=\"Policies Cyber-Bullying Policy and Procedure Last updated 10\/04\/2026 Language in Action embraces the advantages of modern technology in terms of the educational benefits it brings, however the company is mindful of the potential for bullying to occur. Central to the company\u2019s anti-bullying policy is the belief that \u2018all students have a right not to be [&hellip;]\" \/>\n<meta property=\"og:url\" content=\"https:\/\/languageinactionltd.co.uk\/it\/politiche\/politica-e-procedura-sul-cyber-bullismo\/\" \/>\n<meta property=\"og:site_name\" content=\"Language in Action\" \/>\n<meta property=\"article:modified_time\" content=\"2026-04-13T10:35:32+00:00\" \/>\n<meta property=\"og:image\" content=\"https:\/\/languageinactionltd.co.uk\/wp-content\/uploads\/sites\/9\/2025\/08\/lia-social.png\" \/>\n\t<meta property=\"og:image:width\" content=\"1200\" \/>\n\t<meta property=\"og:image:height\" content=\"675\" \/>\n\t<meta property=\"og:image:type\" content=\"image\/png\" \/>\n<meta name=\"twitter:card\" content=\"summary_large_image\" \/>\n<meta name=\"twitter:label1\" content=\"Tempo di lettura stimato\" \/>\n\t<meta name=\"twitter:data1\" content=\"6 minuti\" \/>\n<script type=\"application\/ld+json\" class=\"yoast-schema-graph\">{\"@context\":\"https:\\\/\\\/schema.org\",\"@graph\":[{\"@type\":\"WebPage\",\"@id\":\"https:\\\/\\\/languageinactionltd.co.uk\\\/policies\\\/cyber-bullying-policy-and-procedure\\\/\",\"url\":\"https:\\\/\\\/languageinactionltd.co.uk\\\/policies\\\/cyber-bullying-policy-and-procedure\\\/\",\"name\":\"Cyber Bullying Policy and Procedure - Language in Action\",\"isPartOf\":{\"@id\":\"https:\\\/\\\/languageinactionltd.co.uk\\\/#website\"},\"datePublished\":\"2025-08-28T10:08:25+00:00\",\"dateModified\":\"2026-04-13T10:35:32+00:00\",\"breadcrumb\":{\"@id\":\"https:\\\/\\\/languageinactionltd.co.uk\\\/policies\\\/cyber-bullying-policy-and-procedure\\\/#breadcrumb\"},\"inLanguage\":\"it-IT\",\"potentialAction\":[{\"@type\":\"ReadAction\",\"target\":[\"https:\\\/\\\/languageinactionltd.co.uk\\\/policies\\\/cyber-bullying-policy-and-procedure\\\/\"]}]},{\"@type\":\"BreadcrumbList\",\"@id\":\"https:\\\/\\\/languageinactionltd.co.uk\\\/policies\\\/cyber-bullying-policy-and-procedure\\\/#breadcrumb\",\"itemListElement\":[{\"@type\":\"ListItem\",\"position\":1,\"name\":\"Home\",\"item\":\"https:\\\/\\\/languageinactionltd.co.uk\\\/\"},{\"@type\":\"ListItem\",\"position\":2,\"name\":\"Policies\",\"item\":\"https:\\\/\\\/languageinactionltd.co.uk\\\/policies\\\/\"},{\"@type\":\"ListItem\",\"position\":3,\"name\":\"Cyber Bullying Policy and Procedure\"}]},{\"@type\":\"WebSite\",\"@id\":\"https:\\\/\\\/languageinactionltd.co.uk\\\/#website\",\"url\":\"https:\\\/\\\/languageinactionltd.co.uk\\\/\",\"name\":\"Language in Action\",\"description\":\"\",\"potentialAction\":[{\"@type\":\"SearchAction\",\"target\":{\"@type\":\"EntryPoint\",\"urlTemplate\":\"https:\\\/\\\/languageinactionltd.co.uk\\\/?s={search_term_string}\"},\"query-input\":{\"@type\":\"PropertyValueSpecification\",\"valueRequired\":true,\"valueName\":\"search_term_string\"}}],\"inLanguage\":\"it-IT\"}]}<\/script>\n<!-- \/ Yoast SEO plugin. -->","yoast_head_json":{"title":"Politica e procedura sul cyberbullismo - Language in Action","robots":{"index":"index","follow":"follow","max-snippet":"max-snippet:-1","max-image-preview":"max-image-preview:large","max-video-preview":"max-video-preview:-1"},"canonical":"https:\/\/languageinactionltd.co.uk\/it\/politiche\/politica-e-procedura-sul-cyber-bullismo\/","og_locale":"it_IT","og_type":"article","og_title":"Cyber Bullying Policy and Procedure - Language in Action","og_description":"Policies Cyber-Bullying Policy and Procedure Last updated 10\/04\/2026 Language in Action embraces the advantages of modern technology in terms of the educational benefits it brings, however the company is mindful of the potential for bullying to occur. Central to the company\u2019s anti-bullying policy is the belief that \u2018all students have a right not to be [&hellip;]","og_url":"https:\/\/languageinactionltd.co.uk\/it\/politiche\/politica-e-procedura-sul-cyber-bullismo\/","og_site_name":"Language in Action","article_modified_time":"2026-04-13T10:35:32+00:00","og_image":[{"width":1200,"height":675,"url":"https:\/\/languageinactionltd.co.uk\/wp-content\/uploads\/sites\/9\/2025\/08\/lia-social.png","type":"image\/png"}],"twitter_card":"summary_large_image","twitter_misc":{"Tempo di lettura stimato":"6 minuti"},"schema":{"@context":"https:\/\/schema.org","@graph":[{"@type":"WebPage","@id":"https:\/\/languageinactionltd.co.uk\/policies\/cyber-bullying-policy-and-procedure\/","url":"https:\/\/languageinactionltd.co.uk\/policies\/cyber-bullying-policy-and-procedure\/","name":"Politica e procedura sul cyberbullismo - Language in Action","isPartOf":{"@id":"https:\/\/languageinactionltd.co.uk\/#website"},"datePublished":"2025-08-28T10:08:25+00:00","dateModified":"2026-04-13T10:35:32+00:00","breadcrumb":{"@id":"https:\/\/languageinactionltd.co.uk\/policies\/cyber-bullying-policy-and-procedure\/#breadcrumb"},"inLanguage":"it-IT","potentialAction":[{"@type":"ReadAction","target":["https:\/\/languageinactionltd.co.uk\/policies\/cyber-bullying-policy-and-procedure\/"]}]},{"@type":"BreadcrumbList","@id":"https:\/\/languageinactionltd.co.uk\/policies\/cyber-bullying-policy-and-procedure\/#breadcrumb","itemListElement":[{"@type":"ListItem","position":1,"name":"Home","item":"https:\/\/languageinactionltd.co.uk\/"},{"@type":"ListItem","position":2,"name":"Policies","item":"https:\/\/languageinactionltd.co.uk\/policies\/"},{"@type":"ListItem","position":3,"name":"Cyber Bullying Policy and Procedure"}]},{"@type":"WebSite","@id":"https:\/\/languageinactionltd.co.uk\/#website","url":"https:\/\/languageinactionltd.co.uk\/","name":"Il linguaggio in azione","description":"","potentialAction":[{"@type":"SearchAction","target":{"@type":"EntryPoint","urlTemplate":"https:\/\/languageinactionltd.co.uk\/?s={search_term_string}"},"query-input":{"@type":"PropertyValueSpecification","valueRequired":true,"valueName":"search_term_string"}}],"inLanguage":"it-IT"}]}},"_links":{"self":[{"href":"https:\/\/languageinactionltd.co.uk\/it\/wp-json\/wp\/v2\/pages\/45169","targetHints":{"allow":["GET"]}}],"collection":[{"href":"https:\/\/languageinactionltd.co.uk\/it\/wp-json\/wp\/v2\/pages"}],"about":[{"href":"https:\/\/languageinactionltd.co.uk\/it\/wp-json\/wp\/v2\/types\/page"}],"author":[{"embeddable":true,"href":"https:\/\/languageinactionltd.co.uk\/it\/wp-json\/wp\/v2\/users\/27"}],"replies":[{"embeddable":true,"href":"https:\/\/languageinactionltd.co.uk\/it\/wp-json\/wp\/v2\/comments?post=45169"}],"version-history":[{"count":7,"href":"https:\/\/languageinactionltd.co.uk\/it\/wp-json\/wp\/v2\/pages\/45169\/revisions"}],"predecessor-version":[{"id":47699,"href":"https:\/\/languageinactionltd.co.uk\/it\/wp-json\/wp\/v2\/pages\/45169\/revisions\/47699"}],"up":[{"embeddable":true,"href":"https:\/\/languageinactionltd.co.uk\/it\/wp-json\/wp\/v2\/pages\/44379"}],"wp:attachment":[{"href":"https:\/\/languageinactionltd.co.uk\/it\/wp-json\/wp\/v2\/media?parent=45169"}],"curies":[{"name":"wp","href":"https:\/\/api.w.org\/{rel}","templated":true}]}}