{"id":45119,"date":"2025-08-28T08:05:24","date_gmt":"2025-08-28T08:05:24","guid":{"rendered":"https:\/\/languageinactionltd.co.uk\/?page_id=45119"},"modified":"2026-04-13T10:34:25","modified_gmt":"2026-04-13T10:34:25","slug":"politica-delle-presenze","status":"publish","type":"page","link":"https:\/\/languageinactionltd.co.uk\/it\/policies\/attendance-policy\/","title":{"rendered":"Politica delle presenze"},"content":{"rendered":"<div data-elementor-type=\"wp-page\" data-elementor-id=\"45119\" class=\"elementor elementor-45119\" data-elementor-post-type=\"page\">\n\t\t\t\t<div class=\"elementor-element elementor-element-1d1d6fd2 body-header-small e-flex e-con-boxed translate-yes e-con e-parent\" data-id=\"1d1d6fd2\" data-element_type=\"container\" data-e-type=\"container\" data-settings=\"{&quot;background_background&quot;:&quot;classic&quot;}\">\n\t\t\t\t\t<div class=\"e-con-inner\">\n\t\t<div class=\"elementor-element elementor-element-5d9161a5 e-con-full e-flex translate-yes e-con e-child\" data-id=\"5d9161a5\" data-element_type=\"container\" data-e-type=\"container\">\n\t\t\t\t<div class=\"elementor-element elementor-element-43325b46 sub-heading elementor-widget elementor-widget-heading\" data-id=\"43325b46\" data-element_type=\"widget\" data-e-type=\"widget\" data-widget_type=\"heading.default\">\n\t\t\t\t<div class=\"elementor-widget-container\">\n\t\t\t\t\t<span class=\"elementor-heading-title elementor-size-default\">Politiche<\/span>\t\t\t\t<\/div>\n\t\t\t\t<\/div>\n\t\t<div class=\"elementor-element elementor-element-357b9404 e-con-full e-flex translate-yes e-con e-child\" data-id=\"357b9404\" data-element_type=\"container\" data-e-type=\"container\">\n\t\t\t\t<div class=\"elementor-element elementor-element-406ec61b elementor-widget elementor-widget-heading\" data-id=\"406ec61b\" data-element_type=\"widget\" data-e-type=\"widget\" data-widget_type=\"heading.default\">\n\t\t\t\t<div class=\"elementor-widget-container\">\n\t\t\t\t\t<h1 class=\"elementor-heading-title elementor-size-default\">Politica delle presenze<\/h1>\t\t\t\t<\/div>\n\t\t\t\t<\/div>\n\t\t\t\t<div class=\"elementor-element elementor-element-5090f96 elementor-widget elementor-widget-text-editor\" data-id=\"5090f96\" data-element_type=\"widget\" data-e-type=\"widget\" data-widget_type=\"text-editor.default\">\n\t\t\t\t<div class=\"elementor-widget-container\">\n\t\t\t\t\t\t\t\t\t<p><i>Ultimo aggiornamento 10\/04\/2026<\/i><\/p>\t\t\t\t\t\t\t\t<\/div>\n\t\t\t\t<\/div>\n\t\t\t\t<\/div>\n\t\t\t\t<\/div>\n\t\t\t\t\t<\/div>\n\t\t\t\t<\/div>\n\t\t<div class=\"elementor-element elementor-element-4afc2018 body-text-1col e-grid e-con-boxed translate-yes e-con e-parent\" data-id=\"4afc2018\" data-element_type=\"container\" data-e-type=\"container\">\n\t\t\t\t\t<div class=\"e-con-inner\">\n\t\t\t\t<div class=\"elementor-element elementor-element-494bdf91 section-style-default elementor-widget elementor-widget-Section settings\" data-id=\"494bdf91\" data-element_type=\"widget\" data-e-type=\"widget\" data-widget_type=\"Section settings.default\">\n\t\t\t\t<div class=\"elementor-widget-container\">\n\t\t\t\t\t\t\t\t\t\t\t<\/div>\n\t\t\t\t<\/div>\n\t\t<div class=\"elementor-element elementor-element-3228e59 e-con-full e-flex translate-yes e-con e-child\" data-id=\"3228e59\" data-element_type=\"container\" data-e-type=\"container\">\n\t\t\t\t<div class=\"elementor-element elementor-element-620f3485 elementor-widget elementor-widget-text-editor\" data-id=\"620f3485\" data-element_type=\"widget\" data-e-type=\"widget\" data-widget_type=\"text-editor.default\">\n\t\t\t\t<div class=\"elementor-widget-container\">\n\t\t\t\t\t\t\t\t\t<p class=\"p1\">La seguente politica di frequenza \u00e8 resa nota agli studenti, al personale e alle altre parti interessate attraverso i seguenti mezzi:<\/p><ul><li><p class=\"p1\">Manifesti nelle aule e nelle residenze;<\/p><\/li><li><p class=\"p1\">Viene trattato nel corso del primo giorno di formazione degli studenti;<\/p><p class=\"p1\">Incluso nel pacchetto introduttivo per gli studenti;<\/p><\/li><li><p class=\"p1\">Viene trattato nel corso della formazione del personale;<\/p><\/li><li><p class=\"p1\">Incluso nel Manuale del personale e nel Manuale dell'insegnante (nella sala del personale e su drive condiviso);<\/p><\/li><li><p class=\"p1\">Disponibile nella sezione politiche del sito web di Language in Action.<\/p><\/li><\/ul><p>Il Ministero dell'Interno richiede a tutti gli studenti che frequentano un corso nelle scuole di lingua, nei college e nelle universit\u00e0 di frequentare <strong>100%<\/strong> delle loro classi con il minimo di <strong>80%<\/strong>.<\/p><p>Se gli studenti non frequentano almeno l'80% del loro corso, non potranno ottenere un certificato o una relazione finale e potrebbero avere problemi con la futura estensione\/rinnovo del visto.<\/p><p>L'UKVI sar\u00e0 informato di tutti gli studenti con un visto Tier 4 la cui frequenza del corso \u00e8 inferiore a <strong>80%<\/strong>.<\/p><h5 class=\"p1\"><strong>Avvisate gli studenti che ci\u00f2 che devono fare \u00e8:<\/strong><\/h5><p class=\"p1\"><strong>Se siete malati<\/strong><\/p><p class=\"p1\">Informare la scuola 30 minuti prima dell'inizio della lezione. Questa sar\u00e0 considerata un'assenza autorizzata. In caso di malattia per 3 o pi\u00f9 giorni, \u00e8 necessario portare un certificato medico.<\/p><p class=\"p1\"><strong>Se desiderate una vacanza<\/strong><\/p><p class=\"p1\">Le vacanze non possono essere prese durante il periodo scolastico senza un accordo preventivo.<\/p><p class=\"p1\"><strong>Se vi prendete delle ferie <span class=\"s1\">senza <\/span>notificarci<\/strong><\/p><p>Se non si concordano le ferie con LIA o non si telefona quando si \u00e8 malati, ci\u00f2 verr\u00e0 considerato come un'assenza non autorizzata e la frequenza sar\u00e0 compromessa.<\/p><h5 class=\"p1\"><strong>Se la frequenza inizia a diminuire, verranno seguite le seguenti procedure:<\/strong><\/h5><p class=\"p1\"><strong>Se la frequenza inizia a scendere al di sotto <span class=\"s1\">83%<\/span><\/strong><\/p><p class=\"p1\"><i>Vi informeremo di persona o tramite una nota. <\/i><i>che vi \u00e8 stato dato dalla vostra guida\/insegnante che siamo <\/i><i>preoccupati per la vostra presenza, ricordandovi <\/i><i>sulla presenza al di sotto del 80%<\/i><\/p><p class=\"p1\"><strong>Se la frequenza \u00e8 inferiore a <span class=\"s1\">80% <\/span>(senza autorizzazione)<\/strong><\/p><p>Il dipendente ricever\u00e0 un avvertimento verbale. Questo verr\u00e0 registrato sul vostro registro.<\/p><p class=\"p1\"><strong>Se la frequenza \u00e8 inferiore a <span class=\"s1\">80% <\/span>e ha continuato a diminuire dopo l'ammonizione verbale OPPURE manca per 3 giorni di seguito (senza permesso)<\/strong><\/p><p>Il dipendente ricever\u00e0 un primo avvertimento scritto e un appuntamento con il responsabile del dipartimento\/centro per spiegare l'assenza non autorizzata, che verr\u00e0 aggiunto al suo curriculum.<\/p><p class=\"p1\"><strong>Se la frequenza \u00e8 inferiore a <span class=\"s1\">80% <\/span>dal primo ammonimento scritto e la diminuzione \u00e8 continuata OPPURE si perdono altri 3 giorni consecutivi (senza autorizzazione)<\/strong><\/p><p>Il candidato ricever\u00e0 un secondo ammonimento scritto e ricever\u00e0 un appuntamento per recarsi dal responsabile del centro per spiegare il protrarsi delle assenze non autorizzate, che sar\u00e0 aggiunto al suo registro e il suo agente\/genitore sar\u00e0 informato del suo ultimo ammonimento. Questa \u00e8 la sua ultima possibilit\u00e0 di migliorare. Un membro dell'ufficio centrale rilascer\u00e0 un accordo di frequenza. Questo documento spiegher\u00e0 i termini e le condizioni del corso e la politica di frequenza. Se continuerete a non venire a scuola senza permesso, potrete essere espulsi dalla scuola senza alcun rimborso.<\/p><p class=\"p1\"><strong>Se avete saltato 10 giorni di fila (senza permesso)<\/strong><\/p><p class=\"p1\">Il Ministero degli Interni del Regno Unito verr\u00e0 informato che il candidato ha violato le condizioni del visto. Vi verr\u00e0 chiesto di lasciare la scuola e noi informeremo il vostro genitore e\/o agente. Se siete in possesso di un visto Tier 4, vi verr\u00e0 chiesto di lasciare immediatamente il Paese.<\/p>\t\t\t\t\t\t\t\t<\/div>\n\t\t\t\t<\/div>\n\t\t\t\t<\/div>\n\t\t\t\t\t<\/div>\n\t\t\t\t<\/div>\n\t\t\t\t<\/div>","protected":false},"excerpt":{"rendered":"<p>Policies Attendance Policy Last updated 10\/04\/2026 The following attendance policy is made known to students, staff and other stakeholders by the following means: Posters in classrooms and residences; Covered in the student first day induction; Included in the Student Induction Pack; Covered in the staff induction; Included in the Staff Handbook and the Teacher Handbook [&hellip;]<\/p>\n","protected":false},"author":27,"featured_media":0,"parent":44379,"menu_order":0,"comment_status":"closed","ping_status":"closed","template":"","meta":{"_acf_changed":false,"footnotes":""},"class_list":["post-45119","page","type-page","status-publish","hentry"],"acf":[],"yoast_head":"<!-- This site is optimized with the Yoast SEO plugin v27.5 - https:\/\/yoast.com\/product\/yoast-seo-wordpress\/ -->\n<title>Attendance Policy - Language in Action<\/title>\n<meta name=\"robots\" content=\"index, follow, max-snippet:-1, max-image-preview:large, max-video-preview:-1\" \/>\n<link rel=\"canonical\" href=\"https:\/\/languageinactionltd.co.uk\/it\/politiche\/politica-delle-presenze\/\" \/>\n<meta property=\"og:locale\" content=\"it_IT\" \/>\n<meta property=\"og:type\" content=\"article\" \/>\n<meta property=\"og:title\" content=\"Attendance Policy - Language in Action\" \/>\n<meta property=\"og:description\" content=\"Policies Attendance Policy Last updated 10\/04\/2026 The following attendance policy is made known to students, staff and other stakeholders by the following means: Posters in classrooms and residences; Covered in the student first day induction; Included in the Student Induction Pack; Covered in the staff induction; Included in the Staff Handbook and the Teacher Handbook [&hellip;]\" \/>\n<meta property=\"og:url\" content=\"https:\/\/languageinactionltd.co.uk\/it\/politiche\/politica-delle-presenze\/\" \/>\n<meta property=\"og:site_name\" content=\"Language in Action\" \/>\n<meta property=\"article:modified_time\" content=\"2026-04-13T10:34:25+00:00\" \/>\n<meta property=\"og:image\" content=\"https:\/\/languageinactionltd.co.uk\/wp-content\/uploads\/sites\/9\/2025\/08\/lia-social.png\" \/>\n\t<meta property=\"og:image:width\" content=\"1200\" \/>\n\t<meta property=\"og:image:height\" content=\"675\" \/>\n\t<meta property=\"og:image:type\" content=\"image\/png\" \/>\n<meta name=\"twitter:card\" content=\"summary_large_image\" \/>\n<meta name=\"twitter:label1\" content=\"Tempo di lettura stimato\" \/>\n\t<meta name=\"twitter:data1\" content=\"3 minuti\" \/>\n<script type=\"application\/ld+json\" class=\"yoast-schema-graph\">{\"@context\":\"https:\\\/\\\/schema.org\",\"@graph\":[{\"@type\":\"WebPage\",\"@id\":\"https:\\\/\\\/languageinactionltd.co.uk\\\/policies\\\/attendance-policy\\\/\",\"url\":\"https:\\\/\\\/languageinactionltd.co.uk\\\/policies\\\/attendance-policy\\\/\",\"name\":\"Attendance Policy - Language in Action\",\"isPartOf\":{\"@id\":\"https:\\\/\\\/languageinactionltd.co.uk\\\/#website\"},\"datePublished\":\"2025-08-28T08:05:24+00:00\",\"dateModified\":\"2026-04-13T10:34:25+00:00\",\"breadcrumb\":{\"@id\":\"https:\\\/\\\/languageinactionltd.co.uk\\\/policies\\\/attendance-policy\\\/#breadcrumb\"},\"inLanguage\":\"it-IT\",\"potentialAction\":[{\"@type\":\"ReadAction\",\"target\":[\"https:\\\/\\\/languageinactionltd.co.uk\\\/policies\\\/attendance-policy\\\/\"]}]},{\"@type\":\"BreadcrumbList\",\"@id\":\"https:\\\/\\\/languageinactionltd.co.uk\\\/policies\\\/attendance-policy\\\/#breadcrumb\",\"itemListElement\":[{\"@type\":\"ListItem\",\"position\":1,\"name\":\"Home\",\"item\":\"https:\\\/\\\/languageinactionltd.co.uk\\\/\"},{\"@type\":\"ListItem\",\"position\":2,\"name\":\"Policies\",\"item\":\"https:\\\/\\\/languageinactionltd.co.uk\\\/policies\\\/\"},{\"@type\":\"ListItem\",\"position\":3,\"name\":\"Attendance Policy\"}]},{\"@type\":\"WebSite\",\"@id\":\"https:\\\/\\\/languageinactionltd.co.uk\\\/#website\",\"url\":\"https:\\\/\\\/languageinactionltd.co.uk\\\/\",\"name\":\"Language in Action\",\"description\":\"\",\"potentialAction\":[{\"@type\":\"SearchAction\",\"target\":{\"@type\":\"EntryPoint\",\"urlTemplate\":\"https:\\\/\\\/languageinactionltd.co.uk\\\/?s={search_term_string}\"},\"query-input\":{\"@type\":\"PropertyValueSpecification\",\"valueRequired\":true,\"valueName\":\"search_term_string\"}}],\"inLanguage\":\"it-IT\"}]}<\/script>\n<!-- \/ Yoast SEO plugin. -->","yoast_head_json":{"title":"Politica sulle presenze - Linguaggio in azione","robots":{"index":"index","follow":"follow","max-snippet":"max-snippet:-1","max-image-preview":"max-image-preview:large","max-video-preview":"max-video-preview:-1"},"canonical":"https:\/\/languageinactionltd.co.uk\/it\/politiche\/politica-delle-presenze\/","og_locale":"it_IT","og_type":"article","og_title":"Attendance Policy - Language in Action","og_description":"Policies Attendance Policy Last updated 10\/04\/2026 The following attendance policy is made known to students, staff and other stakeholders by the following means: Posters in classrooms and residences; Covered in the student first day induction; Included in the Student Induction Pack; Covered in the staff induction; Included in the Staff Handbook and the Teacher Handbook [&hellip;]","og_url":"https:\/\/languageinactionltd.co.uk\/it\/politiche\/politica-delle-presenze\/","og_site_name":"Language in Action","article_modified_time":"2026-04-13T10:34:25+00:00","og_image":[{"width":1200,"height":675,"url":"https:\/\/languageinactionltd.co.uk\/wp-content\/uploads\/sites\/9\/2025\/08\/lia-social.png","type":"image\/png"}],"twitter_card":"summary_large_image","twitter_misc":{"Tempo di lettura stimato":"3 minuti"},"schema":{"@context":"https:\/\/schema.org","@graph":[{"@type":"WebPage","@id":"https:\/\/languageinactionltd.co.uk\/policies\/attendance-policy\/","url":"https:\/\/languageinactionltd.co.uk\/policies\/attendance-policy\/","name":"Politica sulle presenze - Linguaggio in azione","isPartOf":{"@id":"https:\/\/languageinactionltd.co.uk\/#website"},"datePublished":"2025-08-28T08:05:24+00:00","dateModified":"2026-04-13T10:34:25+00:00","breadcrumb":{"@id":"https:\/\/languageinactionltd.co.uk\/policies\/attendance-policy\/#breadcrumb"},"inLanguage":"it-IT","potentialAction":[{"@type":"ReadAction","target":["https:\/\/languageinactionltd.co.uk\/policies\/attendance-policy\/"]}]},{"@type":"BreadcrumbList","@id":"https:\/\/languageinactionltd.co.uk\/policies\/attendance-policy\/#breadcrumb","itemListElement":[{"@type":"ListItem","position":1,"name":"Home","item":"https:\/\/languageinactionltd.co.uk\/"},{"@type":"ListItem","position":2,"name":"Policies","item":"https:\/\/languageinactionltd.co.uk\/policies\/"},{"@type":"ListItem","position":3,"name":"Attendance Policy"}]},{"@type":"WebSite","@id":"https:\/\/languageinactionltd.co.uk\/#website","url":"https:\/\/languageinactionltd.co.uk\/","name":"Il linguaggio in azione","description":"","potentialAction":[{"@type":"SearchAction","target":{"@type":"EntryPoint","urlTemplate":"https:\/\/languageinactionltd.co.uk\/?s={search_term_string}"},"query-input":{"@type":"PropertyValueSpecification","valueRequired":true,"valueName":"search_term_string"}}],"inLanguage":"it-IT"}]}},"_links":{"self":[{"href":"https:\/\/languageinactionltd.co.uk\/it\/wp-json\/wp\/v2\/pages\/45119","targetHints":{"allow":["GET"]}}],"collection":[{"href":"https:\/\/languageinactionltd.co.uk\/it\/wp-json\/wp\/v2\/pages"}],"about":[{"href":"https:\/\/languageinactionltd.co.uk\/it\/wp-json\/wp\/v2\/types\/page"}],"author":[{"embeddable":true,"href":"https:\/\/languageinactionltd.co.uk\/it\/wp-json\/wp\/v2\/users\/27"}],"replies":[{"embeddable":true,"href":"https:\/\/languageinactionltd.co.uk\/it\/wp-json\/wp\/v2\/comments?post=45119"}],"version-history":[{"count":7,"href":"https:\/\/languageinactionltd.co.uk\/it\/wp-json\/wp\/v2\/pages\/45119\/revisions"}],"predecessor-version":[{"id":47681,"href":"https:\/\/languageinactionltd.co.uk\/it\/wp-json\/wp\/v2\/pages\/45119\/revisions\/47681"}],"up":[{"embeddable":true,"href":"https:\/\/languageinactionltd.co.uk\/it\/wp-json\/wp\/v2\/pages\/44379"}],"wp:attachment":[{"href":"https:\/\/languageinactionltd.co.uk\/it\/wp-json\/wp\/v2\/media?parent=45119"}],"curies":[{"name":"wp","href":"https:\/\/api.w.org\/{rel}","templated":true}]}}