{"id":46625,"date":"2026-01-28T05:48:32","date_gmt":"2026-01-28T05:48:32","guid":{"rendered":"https:\/\/languageinactionltd.co.uk\/?page_id=46625"},"modified":"2026-03-05T10:51:17","modified_gmt":"2026-03-05T10:51:17","slug":"telecharger-notre-prospectus","status":"publish","type":"page","link":"https:\/\/languageinactionltd.co.uk\/fr\/download-our-prospectus\/","title":{"rendered":"T\u00e9l\u00e9charger notre prospectus"},"content":{"rendered":"<div data-elementor-type=\"wp-page\" data-elementor-id=\"46625\" class=\"elementor elementor-46625\" data-elementor-post-type=\"page\">\n\t\t\t\t<div class=\"elementor-element elementor-element-1f2d2d7 e-flex e-con-boxed translate-yes e-con e-parent\" data-id=\"1f2d2d7\" data-element_type=\"container\" data-e-type=\"container\">\n\t\t\t\t\t<div class=\"e-con-inner\">\n\t\t<div class=\"elementor-element elementor-element-7093b1e body-header-small e-con-full e-flex translate-yes e-con e-child\" data-id=\"7093b1e\" data-element_type=\"container\" data-e-type=\"container\" data-settings=\"{&quot;background_background&quot;:&quot;classic&quot;}\">\n\t\t<div class=\"elementor-element elementor-element-10503a6a e-con-full e-flex translate-yes e-con e-child\" data-id=\"10503a6a\" data-element_type=\"container\" data-e-type=\"container\">\n\t\t<div class=\"elementor-element elementor-element-55e5fab2 e-con-full e-flex translate-yes e-con e-child\" data-id=\"55e5fab2\" data-element_type=\"container\" data-e-type=\"container\">\n\t\t\t\t<div class=\"elementor-element elementor-element-639a436f elementor-widget elementor-widget-heading\" data-id=\"639a436f\" data-element_type=\"widget\" data-e-type=\"widget\" data-widget_type=\"heading.default\">\n\t\t\t\t<div class=\"elementor-widget-container\">\n\t\t\t\t\t<h1 class=\"elementor-heading-title elementor-size-default\">T\u00e9l\u00e9charger notre brochure<\/h1>\t\t\t\t<\/div>\n\t\t\t\t<\/div>\n\t\t\t\t<div class=\"elementor-element elementor-element-72076d8b elementor-widget elementor-widget-text-editor\" data-id=\"72076d8b\" data-element_type=\"widget\" data-e-type=\"widget\" data-widget_type=\"text-editor.default\">\n\t\t\t\t<div class=\"elementor-widget-container\">\n\t\t\t\t\t\t\t\t\t<p>Remplissez le formulaire ci-dessous pour t\u00e9l\u00e9charger notre brochure Particuliers.<br \/>Si vous \u00eates un agent, vous pouvez <a href=\"https:\/\/languageinactionltd.co.uk\/fr\/agent-telecharger-notre-brochure\/\">t\u00e9l\u00e9chargez notre brochure Groupes ici<\/a>.<\/p>\t\t\t\t\t\t\t\t<\/div>\n\t\t\t\t<\/div>\n\t\t\t\t<\/div>\n\t\t\t\t<\/div>\n\t\t\t\t<\/div>\n\t\t<div class=\"elementor-element elementor-element-cf95b49 e-grid e-con-full translate-yes e-con e-child\" data-id=\"cf95b49\" data-element_type=\"container\" data-e-type=\"container\">\n\t\t\t\t<div class=\"elementor-element elementor-element-4e6bbbd elementor-widget elementor-widget-image\" data-id=\"4e6bbbd\" data-element_type=\"widget\" data-e-type=\"widget\" data-widget_type=\"image.default\">\n\t\t\t\t<div class=\"elementor-widget-container\">\n\t\t\t\t\t\t\t\t\t\t\t\t\t\t\t<img fetchpriority=\"high\" decoding=\"async\" width=\"728\" height=\"1024\" src=\"https:\/\/languageinactionltd.co.uk\/wp-content\/uploads\/sites\/9\/2026\/02\/LiA-Prospectus-728x1024.png\" class=\"attachment-large size-large wp-image-46857\" alt=\"Brochure des individus de Language in Action\" srcset=\"https:\/\/languageinactionltd.co.uk\/wp-content\/uploads\/sites\/9\/2026\/02\/LiA-Prospectus-728x1024.png 728w, https:\/\/languageinactionltd.co.uk\/wp-content\/uploads\/sites\/9\/2026\/02\/LiA-Prospectus-213x300.png 213w, https:\/\/languageinactionltd.co.uk\/wp-content\/uploads\/sites\/9\/2026\/02\/LiA-Prospectus-768x1080.png 768w, https:\/\/languageinactionltd.co.uk\/wp-content\/uploads\/sites\/9\/2026\/02\/LiA-Prospectus-9x12.png 9w, https:\/\/languageinactionltd.co.uk\/wp-content\/uploads\/sites\/9\/2026\/02\/LiA-Prospectus.png 930w\" sizes=\"(max-width: 728px) 100vw, 728px\" \/>\t\t\t\t\t\t\t\t\t\t\t\t\t\t\t<\/div>\n\t\t\t\t<\/div>\n\t\t\t\t<div class=\"elementor-element elementor-element-81f3aca elementor-widget elementor-widget-html\" data-id=\"81f3aca\" data-element_type=\"widget\" data-e-type=\"widget\" data-widget_type=\"html.default\">\n\t\t\t\t<div class=\"elementor-widget-container\">\n\t\t\t\t\t<script charset=\"utf-8\" type=\"text\/javascript\" src=\"\/\/js.hsforms.net\/forms\/embed\/v2.js\"><\/script>\n<script>\n  hbspt.forms.create({\n    portalId: \"6562408\",\n    formId: \"d9bee387-1e02-4366-a397-64d7ec11e9d4\",\n    region: \"na1\"\n  });\n<\/script>\t\t\t\t<\/div>\n\t\t\t\t<\/div>\n\t\t\t\t<\/div>\n\t\t\t\t\t<\/div>\n\t\t\t\t<\/div>\n\t\t\t\t<\/div>","protected":false},"excerpt":{"rendered":"<p>T\u00e9l\u00e9charger notre brochure Remplissez le formulaire ci-dessous pour t\u00e9l\u00e9charger notre brochure Individuels. Si vous \u00eates un agent, vous pouvez t\u00e9l\u00e9charger notre brochure Groupes ici.<\/p>","protected":false},"author":27,"featured_media":0,"parent":0,"menu_order":0,"comment_status":"closed","ping_status":"closed","template":"","meta":{"_acf_changed":false,"footnotes":""},"class_list":["post-46625","page","type-page","status-publish","hentry"],"acf":[],"yoast_head":"<!-- This site is optimized with the Yoast SEO plugin v27.2 - https:\/\/yoast.com\/product\/yoast-seo-wordpress\/ -->\n<title>Download our prospectus - Language in Action<\/title>\n<meta name=\"robots\" content=\"index, follow, max-snippet:-1, max-image-preview:large, max-video-preview:-1\" \/>\n<link rel=\"canonical\" href=\"https:\/\/languageinactionltd.co.uk\/fr\/telecharger-notre-prospectus\/\" \/>\n<meta property=\"og:locale\" content=\"fr_FR\" \/>\n<meta property=\"og:type\" content=\"article\" \/>\n<meta property=\"og:title\" content=\"Download our prospectus - Language in Action\" \/>\n<meta property=\"og:description\" content=\"Download our brochure Fill in the form below to download our Individuals brochure.If you are an agent, you can download our Groups brochure here.\" \/>\n<meta property=\"og:url\" content=\"https:\/\/languageinactionltd.co.uk\/fr\/telecharger-notre-prospectus\/\" \/>\n<meta property=\"og:site_name\" content=\"Language in Action\" \/>\n<meta property=\"article:modified_time\" content=\"2026-03-05T10:51:17+00:00\" \/>\n<meta property=\"og:image\" content=\"https:\/\/languageinactionltd.co.uk\/wp-content\/uploads\/sites\/9\/2026\/02\/LiA-Prospectus.png\" \/>\n\t<meta property=\"og:image:width\" content=\"930\" \/>\n\t<meta property=\"og:image:height\" content=\"1308\" \/>\n\t<meta property=\"og:image:type\" content=\"image\/png\" \/>\n<meta name=\"twitter:card\" content=\"summary_large_image\" \/>\n<meta name=\"twitter:label1\" content=\"Dur\u00e9e de lecture estim\u00e9e\" \/>\n\t<meta name=\"twitter:data1\" content=\"1 minute\" \/>\n<script type=\"application\/ld+json\" class=\"yoast-schema-graph\">{\"@context\":\"https:\/\/schema.org\",\"@graph\":[{\"@type\":\"WebPage\",\"@id\":\"https:\/\/languageinactionltd.co.uk\/download-our-prospectus\/\",\"url\":\"https:\/\/languageinactionltd.co.uk\/download-our-prospectus\/\",\"name\":\"Download our prospectus - Language in Action\",\"isPartOf\":{\"@id\":\"https:\/\/languageinactionltd.co.uk\/#website\"},\"primaryImageOfPage\":{\"@id\":\"https:\/\/languageinactionltd.co.uk\/download-our-prospectus\/#primaryimage\"},\"image\":{\"@id\":\"https:\/\/languageinactionltd.co.uk\/download-our-prospectus\/#primaryimage\"},\"thumbnailUrl\":\"https:\/\/languageinactionltd.co.uk\/wp-content\/uploads\/sites\/9\/2026\/02\/LiA-Prospectus-728x1024.png\",\"datePublished\":\"2026-01-28T05:48:32+00:00\",\"dateModified\":\"2026-03-05T10:51:17+00:00\",\"breadcrumb\":{\"@id\":\"https:\/\/languageinactionltd.co.uk\/download-our-prospectus\/#breadcrumb\"},\"inLanguage\":\"fr-FR\",\"potentialAction\":[{\"@type\":\"ReadAction\",\"target\":[\"https:\/\/languageinactionltd.co.uk\/download-our-prospectus\/\"]}]},{\"@type\":\"ImageObject\",\"inLanguage\":\"fr-FR\",\"@id\":\"https:\/\/languageinactionltd.co.uk\/download-our-prospectus\/#primaryimage\",\"url\":\"https:\/\/languageinactionltd.co.uk\/wp-content\/uploads\/sites\/9\/2026\/02\/LiA-Prospectus-728x1024.png\",\"contentUrl\":\"https:\/\/languageinactionltd.co.uk\/wp-content\/uploads\/sites\/9\/2026\/02\/LiA-Prospectus-728x1024.png\"},{\"@type\":\"BreadcrumbList\",\"@id\":\"https:\/\/languageinactionltd.co.uk\/download-our-prospectus\/#breadcrumb\",\"itemListElement\":[{\"@type\":\"ListItem\",\"position\":1,\"name\":\"Home\",\"item\":\"https:\/\/languageinactionltd.co.uk\/\"},{\"@type\":\"ListItem\",\"position\":2,\"name\":\"Download our prospectus\"}]},{\"@type\":\"WebSite\",\"@id\":\"https:\/\/languageinactionltd.co.uk\/#website\",\"url\":\"https:\/\/languageinactionltd.co.uk\/\",\"name\":\"Language in Action\",\"description\":\"\",\"potentialAction\":[{\"@type\":\"SearchAction\",\"target\":{\"@type\":\"EntryPoint\",\"urlTemplate\":\"https:\/\/languageinactionltd.co.uk\/?s={search_term_string}\"},\"query-input\":{\"@type\":\"PropertyValueSpecification\",\"valueRequired\":true,\"valueName\":\"search_term_string\"}}],\"inLanguage\":\"fr-FR\"}]}<\/script>\n<!-- \/ Yoast SEO plugin. -->","yoast_head_json":{"title":"T\u00e9l\u00e9charger notre prospectus - Language in Action","robots":{"index":"index","follow":"follow","max-snippet":"max-snippet:-1","max-image-preview":"max-image-preview:large","max-video-preview":"max-video-preview:-1"},"canonical":"https:\/\/languageinactionltd.co.uk\/fr\/telecharger-notre-prospectus\/","og_locale":"fr_FR","og_type":"article","og_title":"Download our prospectus - Language in Action","og_description":"Download our brochure Fill in the form below to download our Individuals brochure.If you are an agent, you can download our Groups brochure here.","og_url":"https:\/\/languageinactionltd.co.uk\/fr\/telecharger-notre-prospectus\/","og_site_name":"Language in Action","article_modified_time":"2026-03-05T10:51:17+00:00","og_image":[{"width":930,"height":1308,"url":"https:\/\/languageinactionltd.co.uk\/wp-content\/uploads\/sites\/9\/2026\/02\/LiA-Prospectus.png","type":"image\/png"}],"twitter_card":"summary_large_image","twitter_misc":{"Dur\u00e9e de lecture estim\u00e9e":"1 minute"},"schema":{"@context":"https:\/\/schema.org","@graph":[{"@type":"WebPage","@id":"https:\/\/languageinactionltd.co.uk\/download-our-prospectus\/","url":"https:\/\/languageinactionltd.co.uk\/download-our-prospectus\/","name":"T\u00e9l\u00e9charger notre prospectus - Language in Action","isPartOf":{"@id":"https:\/\/languageinactionltd.co.uk\/#website"},"primaryImageOfPage":{"@id":"https:\/\/languageinactionltd.co.uk\/download-our-prospectus\/#primaryimage"},"image":{"@id":"https:\/\/languageinactionltd.co.uk\/download-our-prospectus\/#primaryimage"},"thumbnailUrl":"https:\/\/languageinactionltd.co.uk\/wp-content\/uploads\/sites\/9\/2026\/02\/LiA-Prospectus-728x1024.png","datePublished":"2026-01-28T05:48:32+00:00","dateModified":"2026-03-05T10:51:17+00:00","breadcrumb":{"@id":"https:\/\/languageinactionltd.co.uk\/download-our-prospectus\/#breadcrumb"},"inLanguage":"fr-FR","potentialAction":[{"@type":"ReadAction","target":["https:\/\/languageinactionltd.co.uk\/download-our-prospectus\/"]}]},{"@type":"ImageObject","inLanguage":"fr-FR","@id":"https:\/\/languageinactionltd.co.uk\/download-our-prospectus\/#primaryimage","url":"https:\/\/languageinactionltd.co.uk\/wp-content\/uploads\/sites\/9\/2026\/02\/LiA-Prospectus-728x1024.png","contentUrl":"https:\/\/languageinactionltd.co.uk\/wp-content\/uploads\/sites\/9\/2026\/02\/LiA-Prospectus-728x1024.png"},{"@type":"BreadcrumbList","@id":"https:\/\/languageinactionltd.co.uk\/download-our-prospectus\/#breadcrumb","itemListElement":[{"@type":"ListItem","position":1,"name":"Home","item":"https:\/\/languageinactionltd.co.uk\/"},{"@type":"ListItem","position":2,"name":"Download our prospectus"}]},{"@type":"WebSite","@id":"https:\/\/languageinactionltd.co.uk\/#website","url":"https:\/\/languageinactionltd.co.uk\/","name":"La langue en action","description":"","potentialAction":[{"@type":"SearchAction","target":{"@type":"EntryPoint","urlTemplate":"https:\/\/languageinactionltd.co.uk\/?s={search_term_string}"},"query-input":{"@type":"PropertyValueSpecification","valueRequired":true,"valueName":"search_term_string"}}],"inLanguage":"fr-FR"}]}},"_links":{"self":[{"href":"https:\/\/languageinactionltd.co.uk\/fr\/wp-json\/wp\/v2\/pages\/46625","targetHints":{"allow":["GET"]}}],"collection":[{"href":"https:\/\/languageinactionltd.co.uk\/fr\/wp-json\/wp\/v2\/pages"}],"about":[{"href":"https:\/\/languageinactionltd.co.uk\/fr\/wp-json\/wp\/v2\/types\/page"}],"author":[{"embeddable":true,"href":"https:\/\/languageinactionltd.co.uk\/fr\/wp-json\/wp\/v2\/users\/27"}],"replies":[{"embeddable":true,"href":"https:\/\/languageinactionltd.co.uk\/fr\/wp-json\/wp\/v2\/comments?post=46625"}],"version-history":[{"count":17,"href":"https:\/\/languageinactionltd.co.uk\/fr\/wp-json\/wp\/v2\/pages\/46625\/revisions"}],"predecessor-version":[{"id":47269,"href":"https:\/\/languageinactionltd.co.uk\/fr\/wp-json\/wp\/v2\/pages\/46625\/revisions\/47269"}],"wp:attachment":[{"href":"https:\/\/languageinactionltd.co.uk\/fr\/wp-json\/wp\/v2\/media?parent=46625"}],"curies":[{"name":"wp","href":"https:\/\/api.w.org\/{rel}","templated":true}]}}