{"id":45405,"date":"2025-09-01T08:11:50","date_gmt":"2025-09-01T08:11:50","guid":{"rendered":"https:\/\/languageinactionltd.co.uk\/?page_id=45405"},"modified":"2026-04-13T10:38:07","modified_gmt":"2026-04-13T10:38:07","slug":"politique-dabsence","status":"publish","type":"page","link":"https:\/\/languageinactionltd.co.uk\/fr\/policies\/absent-policy\/","title":{"rendered":"Politique d'absence"},"content":{"rendered":"<div data-elementor-type=\"wp-page\" data-elementor-id=\"45405\" class=\"elementor elementor-45405\" data-elementor-post-type=\"page\">\n\t\t\t\t<div class=\"elementor-element elementor-element-5eb147cd body-header-small e-flex e-con-boxed translate-yes e-con e-parent\" data-id=\"5eb147cd\" data-element_type=\"container\" data-e-type=\"container\" data-settings=\"{&quot;background_background&quot;:&quot;classic&quot;}\">\n\t\t\t\t\t<div class=\"e-con-inner\">\n\t\t<div class=\"elementor-element elementor-element-1ae0127b e-con-full e-flex translate-yes e-con e-child\" data-id=\"1ae0127b\" data-element_type=\"container\" data-e-type=\"container\">\n\t\t\t\t<div class=\"elementor-element elementor-element-7644f30f sub-heading elementor-widget elementor-widget-heading\" data-id=\"7644f30f\" data-element_type=\"widget\" data-e-type=\"widget\" data-widget_type=\"heading.default\">\n\t\t\t\t<div class=\"elementor-widget-container\">\n\t\t\t\t\t<span class=\"elementor-heading-title elementor-size-default\">Politiques<\/span>\t\t\t\t<\/div>\n\t\t\t\t<\/div>\n\t\t<div class=\"elementor-element elementor-element-4e03033e e-con-full e-flex translate-yes e-con e-child\" data-id=\"4e03033e\" data-element_type=\"container\" data-e-type=\"container\">\n\t\t\t\t<div class=\"elementor-element elementor-element-2ffaefc1 elementor-widget elementor-widget-heading\" data-id=\"2ffaefc1\" data-element_type=\"widget\" data-e-type=\"widget\" data-widget_type=\"heading.default\">\n\t\t\t\t<div class=\"elementor-widget-container\">\n\t\t\t\t\t<h1 class=\"elementor-heading-title elementor-size-default\">Politique g\u00e9n\u00e9rale concernant les \u00e9l\u00e8ves absents ou manquants<\/h1>\t\t\t\t<\/div>\n\t\t\t\t<\/div>\n\t\t\t\t<div class=\"elementor-element elementor-element-b9231c8 elementor-widget elementor-widget-text-editor\" data-id=\"b9231c8\" data-element_type=\"widget\" data-e-type=\"widget\" data-widget_type=\"text-editor.default\">\n\t\t\t\t<div class=\"elementor-widget-container\">\n\t\t\t\t\t\t\t\t\t<p><i>Derni\u00e8re mise \u00e0 jour le 04\/10\/2026<\/i><\/p>\t\t\t\t\t\t\t\t<\/div>\n\t\t\t\t<\/div>\n\t\t\t\t<\/div>\n\t\t\t\t<\/div>\n\t\t\t\t\t<\/div>\n\t\t\t\t<\/div>\n\t\t<div class=\"elementor-element elementor-element-7f3bb87a body-text-1col e-grid e-con-boxed translate-yes e-con e-parent\" data-id=\"7f3bb87a\" data-element_type=\"container\" data-e-type=\"container\">\n\t\t\t\t\t<div class=\"e-con-inner\">\n\t\t\t\t<div class=\"elementor-element elementor-element-1daa8014 section-style-default elementor-widget elementor-widget-Section settings\" data-id=\"1daa8014\" data-element_type=\"widget\" data-e-type=\"widget\" data-widget_type=\"Section settings.default\">\n\t\t\t\t<div class=\"elementor-widget-container\">\n\t\t\t\t\t\t\t\t\t\t\t<\/div>\n\t\t\t\t<\/div>\n\t\t<div class=\"elementor-element elementor-element-567f32af e-con-full e-flex translate-yes e-con e-child\" data-id=\"567f32af\" data-element_type=\"container\" data-e-type=\"container\">\n\t\t\t\t<div class=\"elementor-element elementor-element-4c9780d1 elementor-widget elementor-widget-text-editor\" data-id=\"4c9780d1\" data-element_type=\"widget\" data-e-type=\"widget\" data-widget_type=\"text-editor.default\">\n\t\t\t\t<div class=\"elementor-widget-container\">\n\t\t\t\t\t\t\t\t\t<p class=\"p1\"><b>A. En excursion <\/b><\/p><p class=\"p1\">Le responsable d'activit\u00e9 doit s'assurer que les \u00e9tudiants et les chefs de groupe de l'agence connaissent parfaitement l'itin\u00e9raire - dans de nombreux cas, les chefs de groupe de l'agence et les \u00e9tudiants individuels recevront un d\u00e9pliant contenant ces d\u00e9tails. Les \u00e9tudiants doivent savoir o\u00f9 se trouve le point de rencontre et ce qu'ils doivent faire s'ils sont s\u00e9par\u00e9s du groupe.<\/p><p class=\"p1\">S'ils se perdent lors d'un voyage, les \u00e9l\u00e8ves doivent \u00eatre invit\u00e9s \u00e0.. :<\/p><ol><li><p class=\"p2\">Appeler le responsable du groupe de leur agence (ou leurs amis)<\/p><\/li><li><p class=\"p2\">Se rendre au point de rencontre et attendre le groupe<\/p><\/li><li><p class=\"p2\">Appeler le num\u00e9ro d'urgence de la LiA<\/p><\/li><li><p class=\"p2\">Trouvez un policier et montrez une pi\u00e8ce d'identit\u00e9 en tant qu'\u00e9tudiant de Language in Action (sur la carte d'identit\u00e9 Lanyard).<\/p><\/li><\/ol><p class=\"p1\">Les responsables d'activit\u00e9s et les responsables de groupes d'agences doivent proc\u00e9der \u00e0 des comptages r\u00e9guliers, en particulier aux points d'arriv\u00e9e et de d\u00e9part, ainsi que lors de la s\u00e9paration et de la reformation des groupes.<\/p><p class=\"p1\">Si un \u00e9l\u00e8ve se perd, le responsable de l'activit\u00e9 doit imm\u00e9diatement t\u00e9l\u00e9phoner \u00e0 la direction du centre qui prendra les mesures n\u00e9cessaires. Le responsable d'activit\u00e9 doit continuer \u00e0 essayer de contacter l'\u00e9tudiant sur son t\u00e9l\u00e9phone portable. Si l'\u00e9tudiant fait partie d'un groupe, le responsable d'activit\u00e9 doit contacter le responsable du groupe de l'agence, l'informer du probl\u00e8me et s'assurer que le responsable du groupe de l'agence aide \u00e0 localiser l'\u00e9tudiant.<\/p><p class=\"p1\">Si le groupe doit partir vers la fin de la journ\u00e9e, le responsable du groupe de l'agence de l'\u00e9l\u00e8ve et\/ou un responsable d'activit\u00e9 doit rester au point de rencontre pour localiser l'\u00e9l\u00e8ve. Le reste du groupe doit partir avec les autres animateurs.<\/p><p class=\"p1\">(Gardez \u00e0 l'esprit les ratios d'encadrement entre le personnel et les \u00e9l\u00e8ves. Demandez \u00e0 un autre membre du personnel de rejoindre le groupe si n\u00e9cessaire).<\/p><p class=\"p1\">Il n'est pas courant de manquer des \u00e9l\u00e8ves en excursion, mais cela peut arriver. Cependant, il est encore plus rare que nous ne les retrouvions pas rapidement, en particulier maintenant que les t\u00e9l\u00e9phones portables sont d'usage courant.<\/p><p class=\"p1\"><strong>Autres actions<\/strong><\/p><p class=\"p1\">Le responsable du centre ou le responsable de l'aide sociale continuera \u00e0 essayer d'appeler l'\u00e9l\u00e8ve sur son t\u00e9l\u00e9phone portable.<\/p><p class=\"p1\">Si l'\u00e9l\u00e8ve n'a pas \u00e9t\u00e9 localis\u00e9 une heure apr\u00e8s l'heure de rendez-vous convenue, l'\u00e9cole contactera les parents\/tuteurs pour les informer de la disparition de l'enfant.<\/p><p class=\"p1\">Si l'\u00e9l\u00e8ve n'a pas \u00e9t\u00e9 localis\u00e9 dans un d\u00e9lai de deux heures pendant la journ\u00e9e, ou d'une heure et demie pendant la soir\u00e9e ou la nuit apr\u00e8s l'heure de la r\u00e9union, l'\u00e9cole contactera la police locale pour obtenir de l'aide.<\/p><p class=\"p1\"><b>B. Sur place <\/b><\/p><p class=\"p1\"><b>Classes<\/b><\/p><p class=\"p1\">Si les \u00e9l\u00e8ves de moins de 18 ans ne se pr\u00e9sentent pas en classe pour l'inscription, les enseignants doivent en informer imm\u00e9diatement le DoS\/le personnel de gestion du centre.<\/p><p class=\"p1\">D\u00e8s que le personnel de gestion du Centre d\u00e9couvre qu'un \u00e9tudiant est absent, il essaiera de contacter l'\u00e9tudiant (ou le chef de groupe de l'agence si l'\u00e9tudiant fait partie d'un groupe) par t\u00e9l\u00e9phone portable. Il contactera \u00e9galement le personnel des locaux o\u00f9 l'\u00e9tudiant est h\u00e9berg\u00e9.<\/p><p class=\"p1\"><strong>Actions ult\u00e9rieures<\/strong><\/p><p class=\"p1\">Si, au bout d'une heure, l'\u00e9l\u00e8ve n'a toujours pas \u00e9t\u00e9 localis\u00e9, le parent\/tuteur sera contact\u00e9 et inform\u00e9. Si l'\u00e9l\u00e8ve n'a pas \u00e9t\u00e9 retrouv\u00e9 dans les 3 heures, l'\u00e9cole contactera la police pour l'informer de la situation, mais s'il y a de r\u00e9elles raisons de s'inqui\u00e9ter, n'attendez pas trop longtemps pour l'informer. La police donnera des conseils sur les mesures \u00e0 prendre.<\/p><p class=\"p1\"><b>C. S\u00e9jour en r\u00e9sidence ou \u00e0 domicile <\/b><\/p><p class=\"p1\">Les \u00e9tudiants de moins de 18 ans sont soumis \u00e0 un couvre-feu. Il s'agit de<\/p><p class=\"p1\">Le couvre-feu pour les moins de 18 ans est fix\u00e9 \u00e0 23 heures le vendredi et le samedi et \u00e0 22 h 30 les autres jours de la semaine. Les moins de 16 ans doivent rester dans leur famille d'accueil ou leur r\u00e9sidence une fois qu'ils sont rentr\u00e9s le soir, sauf s'ils sont accompagn\u00e9s par un chef de groupe.<\/p><p class=\"p1\">Si les \u00e9tudiants ne reviennent pas apr\u00e8s les activit\u00e9s de l'apr\u00e8s-midi ou du soir, ou s'ils ne reviennent pas \u00e0 temps pour le couvre-feu, les responsables d'activit\u00e9s en informent le directeur du centre (dans le cas d'un s\u00e9jour en famille d'accueil, il a \u00e9t\u00e9 conseill\u00e9 aux h\u00f4tes de contacter le num\u00e9ro de t\u00e9l\u00e9phone d'urgence de la LiA).<\/p><p class=\"p1\">Le personnel de la direction du centre essaiera alors de contacter l'\u00e9tudiant (ou le chef de groupe de l'agence s'il fait partie d'un groupe) par t\u00e9l\u00e9phone.<\/p><p class=\"p1\">S'ils ne parviennent pas \u00e0 localiser l'\u00e9l\u00e8ve dans un d\u00e9lai d'une heure, ils contacteront les parents ou le tuteur.<\/p><p class=\"p1\">Si l'\u00e9l\u00e8ve ne peut \u00eatre localis\u00e9 dans un d\u00e9lai de 1h30 apr\u00e8s avoir manqu\u00e9 les activit\u00e9s de l'apr\u00e8s-midi ou du soir ou le couvre-feu, l'\u00e9cole contactera la police.<\/p><p class=\"p1\"><strong>Cette politique figure \u00e0 la fois dans le manuel du personnel et dans le manuel de l'enseignant. Elle est expliqu\u00e9e \u00e0 tous les membres du personnel (acad\u00e9mique et op\u00e9rationnel) lors de leur initiation. Cette proc\u00e9dure est \u00e9galement expliqu\u00e9e \u00e0 tous les \u00e9tudiants.<\/strong><\/p>\t\t\t\t\t\t\t\t<\/div>\n\t\t\t\t<\/div>\n\t\t\t\t<\/div>\n\t\t\t\t\t<\/div>\n\t\t\t\t<\/div>\n\t\t\t\t<\/div>","protected":false},"excerpt":{"rendered":"<p>Policies General policy for absent \/ missing students Last updated 10\/04\/2026 A. On Excursion The Activity Manager should ensure that students and agency Group Leaders are fully aware of the itinerary \u2013 in many cases agency GLs \/ individual students will receive a leaflet with these details. Students should know where the meeting point is [&hellip;]<\/p>\n","protected":false},"author":27,"featured_media":0,"parent":44379,"menu_order":0,"comment_status":"closed","ping_status":"closed","template":"","meta":{"_acf_changed":false,"footnotes":""},"class_list":["post-45405","page","type-page","status-publish","hentry"],"acf":[],"yoast_head":"<!-- This site is optimized with the Yoast SEO plugin v27.5 - https:\/\/yoast.com\/product\/yoast-seo-wordpress\/ -->\n<title>Absent policy - Language in Action<\/title>\n<meta name=\"robots\" content=\"index, follow, max-snippet:-1, max-image-preview:large, max-video-preview:-1\" \/>\n<link rel=\"canonical\" href=\"https:\/\/languageinactionltd.co.uk\/fr\/politiques\/politique-dabsence\/\" \/>\n<meta property=\"og:locale\" content=\"fr_FR\" \/>\n<meta property=\"og:type\" content=\"article\" \/>\n<meta property=\"og:title\" content=\"Absent policy - Language in Action\" \/>\n<meta property=\"og:description\" content=\"Policies General policy for absent \/ missing students Last updated 10\/04\/2026 A. On Excursion The Activity Manager should ensure that students and agency Group Leaders are fully aware of the itinerary \u2013 in many cases agency GLs \/ individual students will receive a leaflet with these details. Students should know where the meeting point is [&hellip;]\" \/>\n<meta property=\"og:url\" content=\"https:\/\/languageinactionltd.co.uk\/fr\/politiques\/politique-dabsence\/\" \/>\n<meta property=\"og:site_name\" content=\"Language in Action\" \/>\n<meta property=\"article:modified_time\" content=\"2026-04-13T10:38:07+00:00\" \/>\n<meta property=\"og:image\" content=\"https:\/\/languageinactionltd.co.uk\/wp-content\/uploads\/sites\/9\/2025\/08\/lia-social.png\" \/>\n\t<meta property=\"og:image:width\" content=\"1200\" \/>\n\t<meta property=\"og:image:height\" content=\"675\" \/>\n\t<meta property=\"og:image:type\" content=\"image\/png\" \/>\n<meta name=\"twitter:card\" content=\"summary_large_image\" \/>\n<meta name=\"twitter:label1\" content=\"Dur\u00e9e de lecture estim\u00e9e\" \/>\n\t<meta name=\"twitter:data1\" content=\"4 minutes\" \/>\n<script type=\"application\/ld+json\" class=\"yoast-schema-graph\">{\"@context\":\"https:\\\/\\\/schema.org\",\"@graph\":[{\"@type\":\"WebPage\",\"@id\":\"https:\\\/\\\/languageinactionltd.co.uk\\\/policies\\\/absent-policy\\\/\",\"url\":\"https:\\\/\\\/languageinactionltd.co.uk\\\/policies\\\/absent-policy\\\/\",\"name\":\"Absent policy - Language in Action\",\"isPartOf\":{\"@id\":\"https:\\\/\\\/languageinactionltd.co.uk\\\/#website\"},\"datePublished\":\"2025-09-01T08:11:50+00:00\",\"dateModified\":\"2026-04-13T10:38:07+00:00\",\"breadcrumb\":{\"@id\":\"https:\\\/\\\/languageinactionltd.co.uk\\\/policies\\\/absent-policy\\\/#breadcrumb\"},\"inLanguage\":\"fr-FR\",\"potentialAction\":[{\"@type\":\"ReadAction\",\"target\":[\"https:\\\/\\\/languageinactionltd.co.uk\\\/policies\\\/absent-policy\\\/\"]}]},{\"@type\":\"BreadcrumbList\",\"@id\":\"https:\\\/\\\/languageinactionltd.co.uk\\\/policies\\\/absent-policy\\\/#breadcrumb\",\"itemListElement\":[{\"@type\":\"ListItem\",\"position\":1,\"name\":\"Home\",\"item\":\"https:\\\/\\\/languageinactionltd.co.uk\\\/\"},{\"@type\":\"ListItem\",\"position\":2,\"name\":\"Policies\",\"item\":\"https:\\\/\\\/languageinactionltd.co.uk\\\/policies\\\/\"},{\"@type\":\"ListItem\",\"position\":3,\"name\":\"Absent policy\"}]},{\"@type\":\"WebSite\",\"@id\":\"https:\\\/\\\/languageinactionltd.co.uk\\\/#website\",\"url\":\"https:\\\/\\\/languageinactionltd.co.uk\\\/\",\"name\":\"Language in Action\",\"description\":\"\",\"potentialAction\":[{\"@type\":\"SearchAction\",\"target\":{\"@type\":\"EntryPoint\",\"urlTemplate\":\"https:\\\/\\\/languageinactionltd.co.uk\\\/?s={search_term_string}\"},\"query-input\":{\"@type\":\"PropertyValueSpecification\",\"valueRequired\":true,\"valueName\":\"search_term_string\"}}],\"inLanguage\":\"fr-FR\"}]}<\/script>\n<!-- \/ Yoast SEO plugin. -->","yoast_head_json":{"title":"Politique d'absence - La langue en action","robots":{"index":"index","follow":"follow","max-snippet":"max-snippet:-1","max-image-preview":"max-image-preview:large","max-video-preview":"max-video-preview:-1"},"canonical":"https:\/\/languageinactionltd.co.uk\/fr\/politiques\/politique-dabsence\/","og_locale":"fr_FR","og_type":"article","og_title":"Absent policy - Language in Action","og_description":"Policies General policy for absent \/ missing students Last updated 10\/04\/2026 A. On Excursion The Activity Manager should ensure that students and agency Group Leaders are fully aware of the itinerary \u2013 in many cases agency GLs \/ individual students will receive a leaflet with these details. Students should know where the meeting point is [&hellip;]","og_url":"https:\/\/languageinactionltd.co.uk\/fr\/politiques\/politique-dabsence\/","og_site_name":"Language in Action","article_modified_time":"2026-04-13T10:38:07+00:00","og_image":[{"width":1200,"height":675,"url":"https:\/\/languageinactionltd.co.uk\/wp-content\/uploads\/sites\/9\/2025\/08\/lia-social.png","type":"image\/png"}],"twitter_card":"summary_large_image","twitter_misc":{"Dur\u00e9e de lecture estim\u00e9e":"4 minutes"},"schema":{"@context":"https:\/\/schema.org","@graph":[{"@type":"WebPage","@id":"https:\/\/languageinactionltd.co.uk\/policies\/absent-policy\/","url":"https:\/\/languageinactionltd.co.uk\/policies\/absent-policy\/","name":"Politique d'absence - La langue en action","isPartOf":{"@id":"https:\/\/languageinactionltd.co.uk\/#website"},"datePublished":"2025-09-01T08:11:50+00:00","dateModified":"2026-04-13T10:38:07+00:00","breadcrumb":{"@id":"https:\/\/languageinactionltd.co.uk\/policies\/absent-policy\/#breadcrumb"},"inLanguage":"fr-FR","potentialAction":[{"@type":"ReadAction","target":["https:\/\/languageinactionltd.co.uk\/policies\/absent-policy\/"]}]},{"@type":"BreadcrumbList","@id":"https:\/\/languageinactionltd.co.uk\/policies\/absent-policy\/#breadcrumb","itemListElement":[{"@type":"ListItem","position":1,"name":"Home","item":"https:\/\/languageinactionltd.co.uk\/"},{"@type":"ListItem","position":2,"name":"Policies","item":"https:\/\/languageinactionltd.co.uk\/policies\/"},{"@type":"ListItem","position":3,"name":"Absent policy"}]},{"@type":"WebSite","@id":"https:\/\/languageinactionltd.co.uk\/#website","url":"https:\/\/languageinactionltd.co.uk\/","name":"La langue en action","description":"","potentialAction":[{"@type":"SearchAction","target":{"@type":"EntryPoint","urlTemplate":"https:\/\/languageinactionltd.co.uk\/?s={search_term_string}"},"query-input":{"@type":"PropertyValueSpecification","valueRequired":true,"valueName":"search_term_string"}}],"inLanguage":"fr-FR"}]}},"_links":{"self":[{"href":"https:\/\/languageinactionltd.co.uk\/fr\/wp-json\/wp\/v2\/pages\/45405","targetHints":{"allow":["GET"]}}],"collection":[{"href":"https:\/\/languageinactionltd.co.uk\/fr\/wp-json\/wp\/v2\/pages"}],"about":[{"href":"https:\/\/languageinactionltd.co.uk\/fr\/wp-json\/wp\/v2\/types\/page"}],"author":[{"embeddable":true,"href":"https:\/\/languageinactionltd.co.uk\/fr\/wp-json\/wp\/v2\/users\/27"}],"replies":[{"embeddable":true,"href":"https:\/\/languageinactionltd.co.uk\/fr\/wp-json\/wp\/v2\/comments?post=45405"}],"version-history":[{"count":7,"href":"https:\/\/languageinactionltd.co.uk\/fr\/wp-json\/wp\/v2\/pages\/45405\/revisions"}],"predecessor-version":[{"id":47741,"href":"https:\/\/languageinactionltd.co.uk\/fr\/wp-json\/wp\/v2\/pages\/45405\/revisions\/47741"}],"up":[{"embeddable":true,"href":"https:\/\/languageinactionltd.co.uk\/fr\/wp-json\/wp\/v2\/pages\/44379"}],"wp:attachment":[{"href":"https:\/\/languageinactionltd.co.uk\/fr\/wp-json\/wp\/v2\/media?parent=45405"}],"curies":[{"name":"wp","href":"https:\/\/api.w.org\/{rel}","templated":true}]}}