{"id":45259,"date":"2025-08-28T11:29:09","date_gmt":"2025-08-28T11:29:09","guid":{"rendered":"https:\/\/languageinactionltd.co.uk\/?page_id=45259"},"modified":"2026-04-13T10:36:21","modified_gmt":"2026-04-13T10:36:21","slug":"politique-de-retard-des-etudiants","status":"publish","type":"page","link":"https:\/\/languageinactionltd.co.uk\/fr\/policies\/student-lateness-policy\/","title":{"rendered":"Politique relative aux retards des \u00e9l\u00e8ves"},"content":{"rendered":"<div data-elementor-type=\"wp-page\" data-elementor-id=\"45259\" class=\"elementor elementor-45259\" data-elementor-post-type=\"page\">\n\t\t\t\t<div class=\"elementor-element elementor-element-62332a9f body-header-small e-flex e-con-boxed translate-yes e-con e-parent\" data-id=\"62332a9f\" data-element_type=\"container\" data-e-type=\"container\" data-settings=\"{&quot;background_background&quot;:&quot;classic&quot;}\">\n\t\t\t\t\t<div class=\"e-con-inner\">\n\t\t<div class=\"elementor-element elementor-element-34b7a050 e-con-full e-flex translate-yes e-con e-child\" data-id=\"34b7a050\" data-element_type=\"container\" data-e-type=\"container\">\n\t\t\t\t<div class=\"elementor-element elementor-element-201e9fb1 sub-heading elementor-widget elementor-widget-heading\" data-id=\"201e9fb1\" data-element_type=\"widget\" data-e-type=\"widget\" data-widget_type=\"heading.default\">\n\t\t\t\t<div class=\"elementor-widget-container\">\n\t\t\t\t\t<span class=\"elementor-heading-title elementor-size-default\">Politiques<\/span>\t\t\t\t<\/div>\n\t\t\t\t<\/div>\n\t\t<div class=\"elementor-element elementor-element-56a873d9 e-con-full e-flex translate-yes e-con e-child\" data-id=\"56a873d9\" data-element_type=\"container\" data-e-type=\"container\">\n\t\t\t\t<div class=\"elementor-element elementor-element-340c00b8 elementor-widget elementor-widget-heading\" data-id=\"340c00b8\" data-element_type=\"widget\" data-e-type=\"widget\" data-widget_type=\"heading.default\">\n\t\t\t\t<div class=\"elementor-widget-container\">\n\t\t\t\t\t<h1 class=\"elementor-heading-title elementor-size-default\">Politique relative aux retards des \u00e9l\u00e8ves<\/h1>\t\t\t\t<\/div>\n\t\t\t\t<\/div>\n\t\t\t\t<div class=\"elementor-element elementor-element-c7b190e elementor-widget elementor-widget-text-editor\" data-id=\"c7b190e\" data-element_type=\"widget\" data-e-type=\"widget\" data-widget_type=\"text-editor.default\">\n\t\t\t\t<div class=\"elementor-widget-container\">\n\t\t\t\t\t\t\t\t\t<p><i>Derni\u00e8re mise \u00e0 jour le 04\/10\/2026<\/i><\/p>\t\t\t\t\t\t\t\t<\/div>\n\t\t\t\t<\/div>\n\t\t\t\t<\/div>\n\t\t\t\t<\/div>\n\t\t\t\t\t<\/div>\n\t\t\t\t<\/div>\n\t\t<div class=\"elementor-element elementor-element-6ebf80ce body-text-1col e-grid e-con-boxed translate-yes e-con e-parent\" data-id=\"6ebf80ce\" data-element_type=\"container\" data-e-type=\"container\">\n\t\t\t\t\t<div class=\"e-con-inner\">\n\t\t\t\t<div class=\"elementor-element elementor-element-5954f3c3 section-style-default elementor-widget elementor-widget-Section settings\" data-id=\"5954f3c3\" data-element_type=\"widget\" data-e-type=\"widget\" data-widget_type=\"Section settings.default\">\n\t\t\t\t<div class=\"elementor-widget-container\">\n\t\t\t\t\t\t\t\t\t\t\t<\/div>\n\t\t\t\t<\/div>\n\t\t<div class=\"elementor-element elementor-element-65624923 e-con-full e-flex translate-yes e-con e-child\" data-id=\"65624923\" data-element_type=\"container\" data-e-type=\"container\">\n\t\t\t\t<div class=\"elementor-element elementor-element-46ea151f elementor-widget elementor-widget-text-editor\" data-id=\"46ea151f\" data-element_type=\"widget\" data-e-type=\"widget\" data-widget_type=\"text-editor.default\">\n\t\t\t\t<div class=\"elementor-widget-container\">\n\t\t\t\t\t\t\t\t\t<p class=\"p1\"><strong>POLITIQUE<\/strong><\/p><ul><li class=\"p1\">Tous les \u00e9tudiants (quel que soit le type de visa) sont tenus d'arriver \u00e0 l'heure pour le d\u00e9but des cours et des activit\u00e9s.<\/li><li class=\"p1\">Les enseignants et les responsables d'activit\u00e9s doivent fixer des normes en mati\u00e8re de chronom\u00e9trage.<\/li><li class=\"p1\">Tout \u00e9l\u00e8ve arrivant apr\u00e8s l'heure de d\u00e9but des cours sera not\u00e9 \"en retard\".<\/li><li class=\"p1\">Les \u00e9tudiants arrivant avec plus de 15 minutes de retard \u00e0 une partie du cours ou partant avec plus de 15 minutes d'avance \u00e0 une partie du cours seront not\u00e9s \"absent en retard\".<\/li><li class=\"p1\">Tout \u00e9l\u00e8ve qui arrive avec plus de 15 minutes de retard peut \u00eatre admis en classe apr\u00e8s la pause.<\/li><li class=\"p1\">L'\u00e9quipe acad\u00e9mique \u00e9tablit des rapports qui identifient les \u00e9tudiants qui ne respectent pas leur emploi du temps et des r\u00e9unions sont organis\u00e9es entre l'\u00e9tudiant (et\/ou le chef de groupe de l'agence s'il fait partie d'un groupe ferm\u00e9) et le DoS\/responsable du centre afin d'aborder la question et d'apporter des am\u00e9liorations.<\/li><li class=\"p1\">Dans le cas des \u00e9tudiants titulaires d'un visa d'\u00e9tudiant (plus de 11 mois) ou d'un visa de courte dur\u00e9e, le DoS\/responsable du centre doit \u00eatre inform\u00e9 imm\u00e9diatement en cas de retard persistant, car cela affecte l'assiduit\u00e9 et, par cons\u00e9quent, la conformit\u00e9 du visa.<\/li><li class=\"p1\">Les \u00e9l\u00e8ves peuvent pr\u00e9tendre avoir des excuses valables pour des retards r\u00e9p\u00e9t\u00e9s. La LiA n'acceptera aucune raison pour justifier des retards r\u00e9p\u00e9t\u00e9s en classe.<\/li><li class=\"p1\">Tous les enseignants doivent \u00eatre conscients que l'assiduit\u00e9 et la ponctualit\u00e9 sont la pierre angulaire d'un enseignement de qualit\u00e9. Il convient de les encourager \u00e0 tout moment. Les enseignants du programme Langue en action ont l'obligation contractuelle de contr\u00f4ler les r\u00e9sultats des \u00e9l\u00e8ves et l'assiduit\u00e9\/la ponctualit\u00e9.<\/li><\/ul><p class=\"p1\"><strong>POLITIQUES CONNEXES<\/strong><\/p><ul><li class=\"p1\">Politique g\u00e9n\u00e9rale concernant les \u00e9l\u00e8ves absents ou manquants<\/li><li class=\"p1\">Politique d'assiduit\u00e9<\/li><li class=\"p1\">Proc\u00e9dure disciplinaire pour les \u00e9tudiants<\/li><\/ul>\t\t\t\t\t\t\t\t<\/div>\n\t\t\t\t<\/div>\n\t\t\t\t<\/div>\n\t\t\t\t\t<\/div>\n\t\t\t\t<\/div>\n\t\t\t\t<\/div>","protected":false},"excerpt":{"rendered":"<p>Policies Student Lateness Policy Last updated 10\/04\/2026 POLICY All Students (regardless of visa type) are expected to arrive on time for all class and activities start times. Teachers and Activity Leaders are expected to set standards with regards to timekeeping. Any student arriving after the class start time will be marked \u2018Late\u2019. Students arriving more [&hellip;]<\/p>\n","protected":false},"author":27,"featured_media":0,"parent":44379,"menu_order":0,"comment_status":"closed","ping_status":"closed","template":"","meta":{"_acf_changed":false,"footnotes":""},"class_list":["post-45259","page","type-page","status-publish","hentry"],"acf":[],"yoast_head":"<!-- This site is optimized with the Yoast SEO plugin v27.5 - https:\/\/yoast.com\/product\/yoast-seo-wordpress\/ -->\n<title>Student Lateness Policy - Language in Action<\/title>\n<meta name=\"robots\" content=\"index, follow, max-snippet:-1, max-image-preview:large, max-video-preview:-1\" \/>\n<link rel=\"canonical\" href=\"https:\/\/languageinactionltd.co.uk\/fr\/politiques\/politique-de-retard-des-etudiants\/\" \/>\n<meta property=\"og:locale\" content=\"fr_FR\" \/>\n<meta property=\"og:type\" content=\"article\" \/>\n<meta property=\"og:title\" content=\"Student Lateness Policy - Language in Action\" \/>\n<meta property=\"og:description\" content=\"Policies Student Lateness Policy Last updated 10\/04\/2026 POLICY All Students (regardless of visa type) are expected to arrive on time for all class and activities start times. Teachers and Activity Leaders are expected to set standards with regards to timekeeping. Any student arriving after the class start time will be marked \u2018Late\u2019. Students arriving more [&hellip;]\" \/>\n<meta property=\"og:url\" content=\"https:\/\/languageinactionltd.co.uk\/fr\/politiques\/politique-de-retard-des-etudiants\/\" \/>\n<meta property=\"og:site_name\" content=\"Language in Action\" \/>\n<meta property=\"article:modified_time\" content=\"2026-04-13T10:36:21+00:00\" \/>\n<meta property=\"og:image\" content=\"https:\/\/languageinactionltd.co.uk\/wp-content\/uploads\/sites\/9\/2025\/08\/lia-social.png\" \/>\n\t<meta property=\"og:image:width\" content=\"1200\" \/>\n\t<meta property=\"og:image:height\" content=\"675\" \/>\n\t<meta property=\"og:image:type\" content=\"image\/png\" \/>\n<meta name=\"twitter:card\" content=\"summary_large_image\" \/>\n<meta name=\"twitter:label1\" content=\"Dur\u00e9e de lecture estim\u00e9e\" \/>\n\t<meta name=\"twitter:data1\" content=\"2 minutes\" \/>\n<script type=\"application\/ld+json\" class=\"yoast-schema-graph\">{\"@context\":\"https:\\\/\\\/schema.org\",\"@graph\":[{\"@type\":\"WebPage\",\"@id\":\"https:\\\/\\\/languageinactionltd.co.uk\\\/policies\\\/student-lateness-policy\\\/\",\"url\":\"https:\\\/\\\/languageinactionltd.co.uk\\\/policies\\\/student-lateness-policy\\\/\",\"name\":\"Student Lateness Policy - Language in Action\",\"isPartOf\":{\"@id\":\"https:\\\/\\\/languageinactionltd.co.uk\\\/#website\"},\"datePublished\":\"2025-08-28T11:29:09+00:00\",\"dateModified\":\"2026-04-13T10:36:21+00:00\",\"breadcrumb\":{\"@id\":\"https:\\\/\\\/languageinactionltd.co.uk\\\/policies\\\/student-lateness-policy\\\/#breadcrumb\"},\"inLanguage\":\"fr-FR\",\"potentialAction\":[{\"@type\":\"ReadAction\",\"target\":[\"https:\\\/\\\/languageinactionltd.co.uk\\\/policies\\\/student-lateness-policy\\\/\"]}]},{\"@type\":\"BreadcrumbList\",\"@id\":\"https:\\\/\\\/languageinactionltd.co.uk\\\/policies\\\/student-lateness-policy\\\/#breadcrumb\",\"itemListElement\":[{\"@type\":\"ListItem\",\"position\":1,\"name\":\"Home\",\"item\":\"https:\\\/\\\/languageinactionltd.co.uk\\\/\"},{\"@type\":\"ListItem\",\"position\":2,\"name\":\"Policies\",\"item\":\"https:\\\/\\\/languageinactionltd.co.uk\\\/policies\\\/\"},{\"@type\":\"ListItem\",\"position\":3,\"name\":\"Student Lateness Policy\"}]},{\"@type\":\"WebSite\",\"@id\":\"https:\\\/\\\/languageinactionltd.co.uk\\\/#website\",\"url\":\"https:\\\/\\\/languageinactionltd.co.uk\\\/\",\"name\":\"Language in Action\",\"description\":\"\",\"potentialAction\":[{\"@type\":\"SearchAction\",\"target\":{\"@type\":\"EntryPoint\",\"urlTemplate\":\"https:\\\/\\\/languageinactionltd.co.uk\\\/?s={search_term_string}\"},\"query-input\":{\"@type\":\"PropertyValueSpecification\",\"valueRequired\":true,\"valueName\":\"search_term_string\"}}],\"inLanguage\":\"fr-FR\"}]}<\/script>\n<!-- \/ Yoast SEO plugin. -->","yoast_head_json":{"title":"Politique relative aux retards des \u00e9tudiants - La langue en action","robots":{"index":"index","follow":"follow","max-snippet":"max-snippet:-1","max-image-preview":"max-image-preview:large","max-video-preview":"max-video-preview:-1"},"canonical":"https:\/\/languageinactionltd.co.uk\/fr\/politiques\/politique-de-retard-des-etudiants\/","og_locale":"fr_FR","og_type":"article","og_title":"Student Lateness Policy - Language in Action","og_description":"Policies Student Lateness Policy Last updated 10\/04\/2026 POLICY All Students (regardless of visa type) are expected to arrive on time for all class and activities start times. Teachers and Activity Leaders are expected to set standards with regards to timekeeping. Any student arriving after the class start time will be marked \u2018Late\u2019. Students arriving more [&hellip;]","og_url":"https:\/\/languageinactionltd.co.uk\/fr\/politiques\/politique-de-retard-des-etudiants\/","og_site_name":"Language in Action","article_modified_time":"2026-04-13T10:36:21+00:00","og_image":[{"width":1200,"height":675,"url":"https:\/\/languageinactionltd.co.uk\/wp-content\/uploads\/sites\/9\/2025\/08\/lia-social.png","type":"image\/png"}],"twitter_card":"summary_large_image","twitter_misc":{"Dur\u00e9e de lecture estim\u00e9e":"2 minutes"},"schema":{"@context":"https:\/\/schema.org","@graph":[{"@type":"WebPage","@id":"https:\/\/languageinactionltd.co.uk\/policies\/student-lateness-policy\/","url":"https:\/\/languageinactionltd.co.uk\/policies\/student-lateness-policy\/","name":"Politique relative aux retards des \u00e9tudiants - La langue en action","isPartOf":{"@id":"https:\/\/languageinactionltd.co.uk\/#website"},"datePublished":"2025-08-28T11:29:09+00:00","dateModified":"2026-04-13T10:36:21+00:00","breadcrumb":{"@id":"https:\/\/languageinactionltd.co.uk\/policies\/student-lateness-policy\/#breadcrumb"},"inLanguage":"fr-FR","potentialAction":[{"@type":"ReadAction","target":["https:\/\/languageinactionltd.co.uk\/policies\/student-lateness-policy\/"]}]},{"@type":"BreadcrumbList","@id":"https:\/\/languageinactionltd.co.uk\/policies\/student-lateness-policy\/#breadcrumb","itemListElement":[{"@type":"ListItem","position":1,"name":"Home","item":"https:\/\/languageinactionltd.co.uk\/"},{"@type":"ListItem","position":2,"name":"Policies","item":"https:\/\/languageinactionltd.co.uk\/policies\/"},{"@type":"ListItem","position":3,"name":"Student Lateness Policy"}]},{"@type":"WebSite","@id":"https:\/\/languageinactionltd.co.uk\/#website","url":"https:\/\/languageinactionltd.co.uk\/","name":"La langue en action","description":"","potentialAction":[{"@type":"SearchAction","target":{"@type":"EntryPoint","urlTemplate":"https:\/\/languageinactionltd.co.uk\/?s={search_term_string}"},"query-input":{"@type":"PropertyValueSpecification","valueRequired":true,"valueName":"search_term_string"}}],"inLanguage":"fr-FR"}]}},"_links":{"self":[{"href":"https:\/\/languageinactionltd.co.uk\/fr\/wp-json\/wp\/v2\/pages\/45259","targetHints":{"allow":["GET"]}}],"collection":[{"href":"https:\/\/languageinactionltd.co.uk\/fr\/wp-json\/wp\/v2\/pages"}],"about":[{"href":"https:\/\/languageinactionltd.co.uk\/fr\/wp-json\/wp\/v2\/types\/page"}],"author":[{"embeddable":true,"href":"https:\/\/languageinactionltd.co.uk\/fr\/wp-json\/wp\/v2\/users\/27"}],"replies":[{"embeddable":true,"href":"https:\/\/languageinactionltd.co.uk\/fr\/wp-json\/wp\/v2\/comments?post=45259"}],"version-history":[{"count":7,"href":"https:\/\/languageinactionltd.co.uk\/fr\/wp-json\/wp\/v2\/pages\/45259\/revisions"}],"predecessor-version":[{"id":47717,"href":"https:\/\/languageinactionltd.co.uk\/fr\/wp-json\/wp\/v2\/pages\/45259\/revisions\/47717"}],"up":[{"embeddable":true,"href":"https:\/\/languageinactionltd.co.uk\/fr\/wp-json\/wp\/v2\/pages\/44379"}],"wp:attachment":[{"href":"https:\/\/languageinactionltd.co.uk\/fr\/wp-json\/wp\/v2\/media?parent=45259"}],"curies":[{"name":"wp","href":"https:\/\/api.w.org\/{rel}","templated":true}]}}