{"id":45217,"date":"2025-08-28T10:48:48","date_gmt":"2025-08-28T10:48:48","guid":{"rendered":"https:\/\/languageinactionltd.co.uk\/?page_id=45217"},"modified":"2026-04-13T10:36:12","modified_gmt":"2026-04-13T10:36:12","slug":"politique-de-recrutement","status":"publish","type":"page","link":"https:\/\/languageinactionltd.co.uk\/fr\/policies\/recruitment-policy\/","title":{"rendered":"Politique de recrutement"},"content":{"rendered":"<div data-elementor-type=\"wp-page\" data-elementor-id=\"45217\" class=\"elementor elementor-45217\" data-elementor-post-type=\"page\">\n\t\t\t\t<div class=\"elementor-element elementor-element-2e4b0c7e body-header-small e-flex e-con-boxed translate-yes e-con e-parent\" data-id=\"2e4b0c7e\" data-element_type=\"container\" data-e-type=\"container\" data-settings=\"{&quot;background_background&quot;:&quot;classic&quot;}\">\n\t\t\t\t\t<div class=\"e-con-inner\">\n\t\t<div class=\"elementor-element elementor-element-4e02c066 e-con-full e-flex translate-yes e-con e-child\" data-id=\"4e02c066\" data-element_type=\"container\" data-e-type=\"container\">\n\t\t\t\t<div class=\"elementor-element elementor-element-6709df6b sub-heading elementor-widget elementor-widget-heading\" data-id=\"6709df6b\" data-element_type=\"widget\" data-e-type=\"widget\" data-widget_type=\"heading.default\">\n\t\t\t\t<div class=\"elementor-widget-container\">\n\t\t\t\t\t<span class=\"elementor-heading-title elementor-size-default\">Politiques<\/span>\t\t\t\t<\/div>\n\t\t\t\t<\/div>\n\t\t<div class=\"elementor-element elementor-element-ae0c1bd e-con-full e-flex translate-yes e-con e-child\" data-id=\"ae0c1bd\" data-element_type=\"container\" data-e-type=\"container\">\n\t\t\t\t<div class=\"elementor-element elementor-element-7a223466 elementor-widget elementor-widget-heading\" data-id=\"7a223466\" data-element_type=\"widget\" data-e-type=\"widget\" data-widget_type=\"heading.default\">\n\t\t\t\t<div class=\"elementor-widget-container\">\n\t\t\t\t\t<h1 class=\"elementor-heading-title elementor-size-default\">Politique de recrutement<\/h1>\t\t\t\t<\/div>\n\t\t\t\t<\/div>\n\t\t\t\t<div class=\"elementor-element elementor-element-685cbe0 elementor-widget elementor-widget-text-editor\" data-id=\"685cbe0\" data-element_type=\"widget\" data-e-type=\"widget\" data-widget_type=\"text-editor.default\">\n\t\t\t\t<div class=\"elementor-widget-container\">\n\t\t\t\t\t\t\t\t\t<p><i>Derni\u00e8re mise \u00e0 jour le 04\/10\/2026<\/i><\/p>\t\t\t\t\t\t\t\t<\/div>\n\t\t\t\t<\/div>\n\t\t\t\t<\/div>\n\t\t\t\t<\/div>\n\t\t\t\t\t<\/div>\n\t\t\t\t<\/div>\n\t\t<div class=\"elementor-element elementor-element-5ce0166f body-text-1col e-grid e-con-boxed translate-yes e-con e-parent\" data-id=\"5ce0166f\" data-element_type=\"container\" data-e-type=\"container\">\n\t\t\t\t\t<div class=\"e-con-inner\">\n\t\t\t\t<div class=\"elementor-element elementor-element-550fe5f7 section-style-default elementor-widget elementor-widget-Section settings\" data-id=\"550fe5f7\" data-element_type=\"widget\" data-e-type=\"widget\" data-widget_type=\"Section settings.default\">\n\t\t\t\t<div class=\"elementor-widget-container\">\n\t\t\t\t\t\t\t\t\t\t\t<\/div>\n\t\t\t\t<\/div>\n\t\t<div class=\"elementor-element elementor-element-c11a988 e-con-full e-flex translate-yes e-con e-child\" data-id=\"c11a988\" data-element_type=\"container\" data-e-type=\"container\">\n\t\t\t\t<div class=\"elementor-element elementor-element-13550e64 elementor-widget elementor-widget-text-editor\" data-id=\"13550e64\" data-element_type=\"widget\" data-e-type=\"widget\" data-widget_type=\"text-editor.default\">\n\t\t\t\t<div class=\"elementor-widget-container\">\n\t\t\t\t\t\t\t\t\t<p class=\"p1\">Outre le respect des exigences statutaires et la satisfaction des besoins en personnel de Language in Action, qui fait partie de Malvern International, notre politique et nos proc\u00e9dures en mati\u00e8re de ressources humaines visent \u00e0 atteindre les objectifs suivants :<\/p><ul><li class=\"p1\">Attirer le personnel le plus appropri\u00e9 pour les programmes propos\u00e9s par l'entreprise ;<\/li><li class=\"p1\">Veiller \u00e0 ce que le recrutement, la s\u00e9lection et les possibilit\u00e9s d'emploi permanent soient aussi \u00e9quitables que possible ;<\/li><li class=\"p1\">Veiller \u00e0 ce que le personnel ait la possibilit\u00e9 de se perfectionner en permanence.<\/li><\/ul><p class=\"p1\">\u00c0 cette fin, Language in Action, qui fait partie de Malvern International, va.. :<\/p><ul><li class=\"p1\">Faire preuve de rigueur et d'\u00e9quit\u00e9 afin de recruter le candidat le plus apte \u00e0 occuper le poste ;<\/li><li class=\"p1\">Veiller \u00e0 ce que personne ne re\u00e7oive un traitement moins favorable en raison de son sexe, de sa situation matrimoniale, de son identit\u00e9 sexuelle, de ses convictions religieuses, de ses opinions politiques, de sa race, de son rythme de travail, de son \u00e2ge, de son handicap ou de sa s\u00e9ropositivit\u00e9, de son milieu socio-\u00e9conomique, de ses convictions pass\u00e9es, de son activit\u00e9 syndicale ou de son appartenance \u00e0 un syndicat, ou du fait qu'il a ou n'a pas de personnes \u00e0 charge ;<\/li><li class=\"p1\">Exiger de tous les candidats qu'ils abordent de la m\u00eame mani\u00e8re certains aspects du poste dans leur candidature et lors de l'entretien ;<\/li><li class=\"p1\">Recherchez des preuves de comp\u00e9tences comportementales et d'aptitudes acquises dans le cadre de postes ant\u00e9rieurs ;<\/li><li class=\"p1\">Utiliser les meilleures m\u00e9thodes d'\u00e9valuation disponibles pour comparer les capacit\u00e9s des candidats aux exigences du poste ;<\/li><li class=\"p1\">Traiter les candidats comme des personnes de valeur en les tenant inform\u00e9s de la proc\u00e9dure et de l'\u00e9tat d'avancement de leur candidature ;<\/li><li class=\"p1\">Faire des offres qui sont conditionn\u00e9es \u00e0 des r\u00e9f\u00e9rences satisfaisantes et \u00e0 la production de certificats originaux pour les qualifications pertinentes et en informer les candidats dans toutes les annonces d'emploi que Language in Action place ;<\/li><li class=\"p1\">Entreprendre toutes ces activit\u00e9s de mani\u00e8re professionnelle.<\/li><\/ul><p class=\"p1\"><strong><span class=\"s1\">Publicit\u00e9<\/span><\/strong><\/p><p class=\"p1\">Le recours \u00e0 d'autres annonces d\u00e9pendra de la nature du poste vacant. Lorsque les projections permettent de pr\u00e9voir une p\u00e9nurie de personnel ou qu'un poste vacant requiert un ensemble de comp\u00e9tences ou un profil de qualifications particulier, une annonce sera publi\u00e9e sur les sites web appropri\u00e9s de l'EFL. Toutefois, la nature de notre activit\u00e9 fait que nous pouvons \u00eatre amen\u00e9s \u00e0 recruter \u00e0 court terme. Dans ce cas, les CV archiv\u00e9s constitueront la premi\u00e8re r\u00e9serve de candidats potentiels.<\/p><p class=\"p1\">Dans toutes les annonces de postes et avant ou pendant l'entretien, les candidats sont inform\u00e9s que<\/p><ul><li class=\"p1\">Les r\u00e9f\u00e9rences feront l'objet d'un suivi ;<\/li><li class=\"p1\">Les lacunes dans leur CV doivent \u00eatre prises en compte ;<\/li><li class=\"p1\">Une pi\u00e8ce d'identit\u00e9 avec photo et les certificats de qualification originaux doivent \u00eatre fournis ;<\/li><li class=\"p1\">Des contr\u00f4les d'aptitude seront requis (Enhanced DBS) et il sera demand\u00e9 aux personnes de r\u00e9f\u00e9rence si elles ont connaissance de raisons pour lesquelles le candidat ne devrait pas travailler avec des moins de 18 ans.<\/li><\/ul><p class=\"p1\"><strong>Proc\u00e9dure de recrutement<\/strong><\/p><p class=\"p1\">Les candidats sont invit\u00e9s \u00e0 remplir un formulaire de candidature Langue en action disponible sur le site web de LiA afin de v\u00e9rifier les exigences essentielles pour le poste.<\/p><p class=\"p1\">Une lettre d'invitation \u00e0 un entretien est envoy\u00e9e aux candidats pr\u00e9s\u00e9lectionn\u00e9s, qui sont ensuite interview\u00e9s par deux membres du si\u00e8ge de la LiA.<\/p><p class=\"p1\">Chaque candidat est \u00e9valu\u00e9 de la mani\u00e8re suivante :<\/p><ul><li class=\"p1\">Un entretien avec deux membres du si\u00e8ge de la LiA, g\u00e9n\u00e9ralement le directeur\/responsable des op\u00e9rations d'\u00e9t\u00e9 et le responsable acad\u00e9mique pour le personnel acad\u00e9mique, et le responsable des op\u00e9rations d'\u00e9t\u00e9 et le responsable des op\u00e9rations pour le personnel op\u00e9rationnel, en utilisant des questions standardis\u00e9es pour chaque r\u00f4le afin de maintenir le processus aussi \u00e9quitable que possible.<\/li><\/ul><p class=\"p1\">Les candidats auront \u00e9galement :<\/p><ul><li class=\"p1\">L'occasion de poser des questions ;<\/li><li class=\"p1\">V\u00e9rifier (\u00e0 l'aide de la liste de contr\u00f4le de d\u00e9part) que tous les documents pertinents ont \u00e9t\u00e9 re\u00e7us et que les contr\u00f4les ont \u00e9t\u00e9 effectu\u00e9s.<\/li><\/ul><p class=\"p1\"><strong>La s\u00e9lection<\/strong><\/p><p class=\"p1\">Une offre d'emploi peut \u00eatre faite lors de l'entretien et\/ou d\u00e8s que LiA a la confirmation du personnel requis pour chaque centre, et que les termes et conditions sont expliqu\u00e9s. Les offres sont soumises \u00e0 deux r\u00e9f\u00e9rences satisfaisantes et \u00e0 un contr\u00f4le approfondi du DBS\/de la police. Les candidats retenus b\u00e9n\u00e9ficieront d'une formation et d'une initiation avant l'ouverture du centre d'\u00e9t\u00e9.<\/p><p class=\"p1\">Les conditions d'emploi stipulent que tous les membres du personnel acad\u00e9mique et op\u00e9rationnel doivent \u00eatre pr\u00eats \u00e0 travailler avec des enfants en bas \u00e2ge. Tous les membres du personnel acad\u00e9mique et op\u00e9rationnel sont donc tenus de signer une \"d\u00e9claration d'aptitude \u00e0 travailler avec des enfants\" et tous les r\u00e9f\u00e9rents sont sp\u00e9cifiquement invit\u00e9s \u00e0 confirmer que le candidat est apte \u00e0 travailler avec des enfants.<\/p>\t\t\t\t\t\t\t\t<\/div>\n\t\t\t\t<\/div>\n\t\t\t\t<\/div>\n\t\t\t\t\t<\/div>\n\t\t\t\t<\/div>\n\t\t\t\t<\/div>","protected":false},"excerpt":{"rendered":"<p>Policies Recruitment Policy Last updated 10\/04\/2026 In addition to complying with statutory requirements and fulfilling the staffing needs of Language in Action, part of Malvern International, our human resources policy and procedures aim to achieve the following: Attract the most appropriate staff for the programmes the company offers; Ensure that recruitment, selection and opportunity for [&hellip;]<\/p>\n","protected":false},"author":27,"featured_media":0,"parent":44379,"menu_order":0,"comment_status":"closed","ping_status":"closed","template":"","meta":{"_acf_changed":false,"footnotes":""},"class_list":["post-45217","page","type-page","status-publish","hentry"],"acf":[],"yoast_head":"<!-- This site is optimized with the Yoast SEO plugin v27.5 - https:\/\/yoast.com\/product\/yoast-seo-wordpress\/ -->\n<title>Recruitment Policy - Language in Action<\/title>\n<meta name=\"robots\" content=\"index, follow, max-snippet:-1, max-image-preview:large, max-video-preview:-1\" \/>\n<link rel=\"canonical\" href=\"https:\/\/languageinactionltd.co.uk\/fr\/politiques\/politique-de-recrutement\/\" \/>\n<meta property=\"og:locale\" content=\"fr_FR\" \/>\n<meta property=\"og:type\" content=\"article\" \/>\n<meta property=\"og:title\" content=\"Recruitment Policy - Language in Action\" \/>\n<meta property=\"og:description\" content=\"Policies Recruitment Policy Last updated 10\/04\/2026 In addition to complying with statutory requirements and fulfilling the staffing needs of Language in Action, part of Malvern International, our human resources policy and procedures aim to achieve the following: Attract the most appropriate staff for the programmes the company offers; Ensure that recruitment, selection and opportunity for [&hellip;]\" \/>\n<meta property=\"og:url\" content=\"https:\/\/languageinactionltd.co.uk\/fr\/politiques\/politique-de-recrutement\/\" \/>\n<meta property=\"og:site_name\" content=\"Language in Action\" \/>\n<meta property=\"article:modified_time\" content=\"2026-04-13T10:36:12+00:00\" \/>\n<meta property=\"og:image\" content=\"https:\/\/languageinactionltd.co.uk\/wp-content\/uploads\/sites\/9\/2025\/08\/lia-social.png\" \/>\n\t<meta property=\"og:image:width\" content=\"1200\" \/>\n\t<meta property=\"og:image:height\" content=\"675\" \/>\n\t<meta property=\"og:image:type\" content=\"image\/png\" \/>\n<meta name=\"twitter:card\" content=\"summary_large_image\" \/>\n<meta name=\"twitter:label1\" content=\"Dur\u00e9e de lecture estim\u00e9e\" \/>\n\t<meta name=\"twitter:data1\" content=\"3 minutes\" \/>\n<script type=\"application\/ld+json\" class=\"yoast-schema-graph\">{\"@context\":\"https:\\\/\\\/schema.org\",\"@graph\":[{\"@type\":\"WebPage\",\"@id\":\"https:\\\/\\\/languageinactionltd.co.uk\\\/policies\\\/recruitment-policy\\\/\",\"url\":\"https:\\\/\\\/languageinactionltd.co.uk\\\/policies\\\/recruitment-policy\\\/\",\"name\":\"Recruitment Policy - Language in Action\",\"isPartOf\":{\"@id\":\"https:\\\/\\\/languageinactionltd.co.uk\\\/#website\"},\"datePublished\":\"2025-08-28T10:48:48+00:00\",\"dateModified\":\"2026-04-13T10:36:12+00:00\",\"breadcrumb\":{\"@id\":\"https:\\\/\\\/languageinactionltd.co.uk\\\/policies\\\/recruitment-policy\\\/#breadcrumb\"},\"inLanguage\":\"fr-FR\",\"potentialAction\":[{\"@type\":\"ReadAction\",\"target\":[\"https:\\\/\\\/languageinactionltd.co.uk\\\/policies\\\/recruitment-policy\\\/\"]}]},{\"@type\":\"BreadcrumbList\",\"@id\":\"https:\\\/\\\/languageinactionltd.co.uk\\\/policies\\\/recruitment-policy\\\/#breadcrumb\",\"itemListElement\":[{\"@type\":\"ListItem\",\"position\":1,\"name\":\"Home\",\"item\":\"https:\\\/\\\/languageinactionltd.co.uk\\\/\"},{\"@type\":\"ListItem\",\"position\":2,\"name\":\"Policies\",\"item\":\"https:\\\/\\\/languageinactionltd.co.uk\\\/policies\\\/\"},{\"@type\":\"ListItem\",\"position\":3,\"name\":\"Recruitment Policy\"}]},{\"@type\":\"WebSite\",\"@id\":\"https:\\\/\\\/languageinactionltd.co.uk\\\/#website\",\"url\":\"https:\\\/\\\/languageinactionltd.co.uk\\\/\",\"name\":\"Language in Action\",\"description\":\"\",\"potentialAction\":[{\"@type\":\"SearchAction\",\"target\":{\"@type\":\"EntryPoint\",\"urlTemplate\":\"https:\\\/\\\/languageinactionltd.co.uk\\\/?s={search_term_string}\"},\"query-input\":{\"@type\":\"PropertyValueSpecification\",\"valueRequired\":true,\"valueName\":\"search_term_string\"}}],\"inLanguage\":\"fr-FR\"}]}<\/script>\n<!-- \/ Yoast SEO plugin. -->","yoast_head_json":{"title":"Politique de recrutement - La langue en action","robots":{"index":"index","follow":"follow","max-snippet":"max-snippet:-1","max-image-preview":"max-image-preview:large","max-video-preview":"max-video-preview:-1"},"canonical":"https:\/\/languageinactionltd.co.uk\/fr\/politiques\/politique-de-recrutement\/","og_locale":"fr_FR","og_type":"article","og_title":"Recruitment Policy - Language in Action","og_description":"Policies Recruitment Policy Last updated 10\/04\/2026 In addition to complying with statutory requirements and fulfilling the staffing needs of Language in Action, part of Malvern International, our human resources policy and procedures aim to achieve the following: Attract the most appropriate staff for the programmes the company offers; Ensure that recruitment, selection and opportunity for [&hellip;]","og_url":"https:\/\/languageinactionltd.co.uk\/fr\/politiques\/politique-de-recrutement\/","og_site_name":"Language in Action","article_modified_time":"2026-04-13T10:36:12+00:00","og_image":[{"width":1200,"height":675,"url":"https:\/\/languageinactionltd.co.uk\/wp-content\/uploads\/sites\/9\/2025\/08\/lia-social.png","type":"image\/png"}],"twitter_card":"summary_large_image","twitter_misc":{"Dur\u00e9e de lecture estim\u00e9e":"3 minutes"},"schema":{"@context":"https:\/\/schema.org","@graph":[{"@type":"WebPage","@id":"https:\/\/languageinactionltd.co.uk\/policies\/recruitment-policy\/","url":"https:\/\/languageinactionltd.co.uk\/policies\/recruitment-policy\/","name":"Politique de recrutement - La langue en action","isPartOf":{"@id":"https:\/\/languageinactionltd.co.uk\/#website"},"datePublished":"2025-08-28T10:48:48+00:00","dateModified":"2026-04-13T10:36:12+00:00","breadcrumb":{"@id":"https:\/\/languageinactionltd.co.uk\/policies\/recruitment-policy\/#breadcrumb"},"inLanguage":"fr-FR","potentialAction":[{"@type":"ReadAction","target":["https:\/\/languageinactionltd.co.uk\/policies\/recruitment-policy\/"]}]},{"@type":"BreadcrumbList","@id":"https:\/\/languageinactionltd.co.uk\/policies\/recruitment-policy\/#breadcrumb","itemListElement":[{"@type":"ListItem","position":1,"name":"Home","item":"https:\/\/languageinactionltd.co.uk\/"},{"@type":"ListItem","position":2,"name":"Policies","item":"https:\/\/languageinactionltd.co.uk\/policies\/"},{"@type":"ListItem","position":3,"name":"Recruitment Policy"}]},{"@type":"WebSite","@id":"https:\/\/languageinactionltd.co.uk\/#website","url":"https:\/\/languageinactionltd.co.uk\/","name":"La langue en action","description":"","potentialAction":[{"@type":"SearchAction","target":{"@type":"EntryPoint","urlTemplate":"https:\/\/languageinactionltd.co.uk\/?s={search_term_string}"},"query-input":{"@type":"PropertyValueSpecification","valueRequired":true,"valueName":"search_term_string"}}],"inLanguage":"fr-FR"}]}},"_links":{"self":[{"href":"https:\/\/languageinactionltd.co.uk\/fr\/wp-json\/wp\/v2\/pages\/45217","targetHints":{"allow":["GET"]}}],"collection":[{"href":"https:\/\/languageinactionltd.co.uk\/fr\/wp-json\/wp\/v2\/pages"}],"about":[{"href":"https:\/\/languageinactionltd.co.uk\/fr\/wp-json\/wp\/v2\/types\/page"}],"author":[{"embeddable":true,"href":"https:\/\/languageinactionltd.co.uk\/fr\/wp-json\/wp\/v2\/users\/27"}],"replies":[{"embeddable":true,"href":"https:\/\/languageinactionltd.co.uk\/fr\/wp-json\/wp\/v2\/comments?post=45217"}],"version-history":[{"count":7,"href":"https:\/\/languageinactionltd.co.uk\/fr\/wp-json\/wp\/v2\/pages\/45217\/revisions"}],"predecessor-version":[{"id":47711,"href":"https:\/\/languageinactionltd.co.uk\/fr\/wp-json\/wp\/v2\/pages\/45217\/revisions\/47711"}],"up":[{"embeddable":true,"href":"https:\/\/languageinactionltd.co.uk\/fr\/wp-json\/wp\/v2\/pages\/44379"}],"wp:attachment":[{"href":"https:\/\/languageinactionltd.co.uk\/fr\/wp-json\/wp\/v2\/media?parent=45217"}],"curies":[{"name":"wp","href":"https:\/\/api.w.org\/{rel}","templated":true}]}}