{"id":45199,"date":"2025-08-28T10:34:20","date_gmt":"2025-08-28T10:34:20","guid":{"rendered":"https:\/\/languageinactionltd.co.uk\/?page_id=45199"},"modified":"2026-04-13T10:35:37","modified_gmt":"2026-04-13T10:35:37","slug":"politique-et-procedure-en-matiere-de-premiers-secours","status":"publish","type":"page","link":"https:\/\/languageinactionltd.co.uk\/fr\/policies\/first-aid-policy-and-procedure\/","title":{"rendered":"Politique et proc\u00e9dure en mati\u00e8re de premiers secours"},"content":{"rendered":"<div data-elementor-type=\"wp-page\" data-elementor-id=\"45199\" class=\"elementor elementor-45199\" data-elementor-post-type=\"page\">\n\t\t\t\t<div class=\"elementor-element elementor-element-5093b80f body-header-small e-flex e-con-boxed translate-yes e-con e-parent\" data-id=\"5093b80f\" data-element_type=\"container\" data-e-type=\"container\" data-settings=\"{&quot;background_background&quot;:&quot;classic&quot;}\">\n\t\t\t\t\t<div class=\"e-con-inner\">\n\t\t<div class=\"elementor-element elementor-element-1d66ea0b e-con-full e-flex translate-yes e-con e-child\" data-id=\"1d66ea0b\" data-element_type=\"container\" data-e-type=\"container\">\n\t\t\t\t<div class=\"elementor-element elementor-element-74241c47 sub-heading elementor-widget elementor-widget-heading\" data-id=\"74241c47\" data-element_type=\"widget\" data-e-type=\"widget\" data-widget_type=\"heading.default\">\n\t\t\t\t<div class=\"elementor-widget-container\">\n\t\t\t\t\t<span class=\"elementor-heading-title elementor-size-default\">Politiques<\/span>\t\t\t\t<\/div>\n\t\t\t\t<\/div>\n\t\t<div class=\"elementor-element elementor-element-722d2561 e-con-full e-flex translate-yes e-con e-child\" data-id=\"722d2561\" data-element_type=\"container\" data-e-type=\"container\">\n\t\t\t\t<div class=\"elementor-element elementor-element-7d14514c elementor-widget elementor-widget-heading\" data-id=\"7d14514c\" data-element_type=\"widget\" data-e-type=\"widget\" data-widget_type=\"heading.default\">\n\t\t\t\t<div class=\"elementor-widget-container\">\n\t\t\t\t\t<h1 class=\"elementor-heading-title elementor-size-default\">Politique et proc\u00e9dure en mati\u00e8re de premiers secours<\/h1>\t\t\t\t<\/div>\n\t\t\t\t<\/div>\n\t\t\t\t<div class=\"elementor-element elementor-element-491791f elementor-widget elementor-widget-text-editor\" data-id=\"491791f\" data-element_type=\"widget\" data-e-type=\"widget\" data-widget_type=\"text-editor.default\">\n\t\t\t\t<div class=\"elementor-widget-container\">\n\t\t\t\t\t\t\t\t\t<p><i>Derni\u00e8re mise \u00e0 jour le 04\/10\/2026<\/i><\/p>\t\t\t\t\t\t\t\t<\/div>\n\t\t\t\t<\/div>\n\t\t\t\t<\/div>\n\t\t\t\t<\/div>\n\t\t\t\t\t<\/div>\n\t\t\t\t<\/div>\n\t\t<div class=\"elementor-element elementor-element-7209f370 body-text-1col e-grid e-con-boxed translate-yes e-con e-parent\" data-id=\"7209f370\" data-element_type=\"container\" data-e-type=\"container\">\n\t\t\t\t\t<div class=\"e-con-inner\">\n\t\t\t\t<div class=\"elementor-element elementor-element-140c38ea section-style-default elementor-widget elementor-widget-Section settings\" data-id=\"140c38ea\" data-element_type=\"widget\" data-e-type=\"widget\" data-widget_type=\"Section settings.default\">\n\t\t\t\t<div class=\"elementor-widget-container\">\n\t\t\t\t\t\t\t\t\t\t\t<\/div>\n\t\t\t\t<\/div>\n\t\t<div class=\"elementor-element elementor-element-532a6481 e-con-full e-flex translate-yes e-con e-child\" data-id=\"532a6481\" data-element_type=\"container\" data-e-type=\"container\">\n\t\t\t\t<div class=\"elementor-element elementor-element-46d010c1 elementor-widget elementor-widget-text-editor\" data-id=\"46d010c1\" data-element_type=\"widget\" data-e-type=\"widget\" data-widget_type=\"text-editor.default\">\n\t\t\t\t<div class=\"elementor-widget-container\">\n\t\t\t\t\t\t\t\t\t<h2>AIM<\/h2><p>Fournir les premiers soins ad\u00e9quats au personnel et aux \u00e9tudiants en cas de blessure ou de maladie. Language in Action prend la sant\u00e9 et la s\u00e9curit\u00e9 au s\u00e9rieux afin de cr\u00e9er un environnement \u00e0 faible risque et les urgences anticip\u00e9es sont d'un niveau mineur. Nous nous effor\u00e7ons de fournir une aide suffisante en cas de blessure ou de maladie jusqu'\u00e0 l'arriv\u00e9e des services d'urgence.<\/p><h2 class=\"p1\">PROC\u00c9DURES :<\/h2><p class=\"p1\"><strong>Premiers secours<\/strong><\/p><ul><li class=\"p1\">Le responsable de la sant\u00e9 et de la s\u00e9curit\u00e9 doit planifier et mettre en \u0153uvre la formation aux premiers secours. \u00c0 cette fin, un registre de formation doit \u00eatre tenu et r\u00e9guli\u00e8rement contr\u00f4l\u00e9. Il incombe au responsable de la sant\u00e9 et de la s\u00e9curit\u00e9 d'\u00e9valuer les besoins en formation en fonction du nombre de membres du personnel et d'\u00e9tudiants dans chaque b\u00e2timent.<\/li><li class=\"p1\">Les secouristes sont s\u00e9lectionn\u00e9s en fonction de leurs qualit\u00e9s personnelles et de leurs conditions de travail. Les secouristes doivent \u00eatre fiables, capables de garder leur calme en cas d'urgence et \u00eatre suffisamment en forme pour se rendre rapidement sur les lieux d'un incident. Ils doivent \u00eatre dispos\u00e9s \u00e0 prodiguer les premiers secours \u00e0 toute personne, \u00e0 tout moment, sur leur lieu de travail, et \u00e0 suivre des cours de formation pour obtenir et conserver leur qualification. Ses horaires de travail et son lieu de travail doivent lui permettre d'\u00eatre facilement disponible tout au long de la journ\u00e9e de travail.<\/li><li class=\"p1\">La formation doit \u00eatre dispens\u00e9e par un organisme agr\u00e9\u00e9 tel que l'Ambulance Saint-Jean ou un organisme similaire.<\/li><li class=\"p1\">Tous les secouristes peuvent s'occuper de la victime en toute s\u00e9curit\u00e9 pendant que les services d'urgence sont appel\u00e9s, et doivent \u00eatre recycl\u00e9s apr\u00e8s trois ans.<\/li><li class=\"p1\">L'ensemble du personnel et des \u00e9l\u00e8ves de chaque b\u00e2timent Language in Action doit \u00eatre inform\u00e9 de l'existence d'un personnel form\u00e9 aux premiers secours.<\/li><\/ul><p class=\"p1\"><strong>\u00c9QUIPEMENT<\/strong><\/p><ul><li class=\"p1\">Des bo\u00eetes de premiers secours doivent \u00eatre disponibles dans chaque b\u00e2timent et leur emplacement doit \u00eatre clairement indiqu\u00e9 et facilement accessible.<\/li><li class=\"p1\">Le contenu doit \u00eatre r\u00e9guli\u00e8rement v\u00e9rifi\u00e9 par le responsable de la sant\u00e9 et de la s\u00e9curit\u00e9. Si les fournitures sont utilis\u00e9es \u00e0 une fr\u00e9quence inhabituelle, le secouriste doit en avertir le responsable de la sant\u00e9 et de la s\u00e9curit\u00e9. Les bo\u00eetes sont r\u00e9approvisionn\u00e9es en fonction des besoins.<\/li><li class=\"p1\">Les bo\u00eetes de premiers secours doivent contenir les \u00e9l\u00e9ments suivants : brochure d'orientation, sparadraps st\u00e9riles, tampons oculaires st\u00e9riles, bandages triangulaires, \u00e9pingles de s\u00fbret\u00e9, pansements, lingettes nettoyantes, gants jetables. En aucun cas, des m\u00e9dicaments de quelque nature que ce soit ne doivent \u00eatre inclus dans la bo\u00eete de premiers secours ou distribu\u00e9s par le secouriste.<\/li><\/ul><p class=\"p1\"><strong>RECORDS<\/strong><\/p><ul><li class=\"p1\">Les carnets d'accidents doivent \u00eatre conserv\u00e9s dans chaque trousse de premiers secours. Une note doit \u00eatre r\u00e9dig\u00e9e par le secouriste \u00e0 chaque fois qu'une aide est apport\u00e9e, que ce soit pour une blessure ou une maladie.<\/li><\/ul>\t\t\t\t\t\t\t\t<\/div>\n\t\t\t\t<\/div>\n\t\t\t\t<\/div>\n\t\t\t\t\t<\/div>\n\t\t\t\t<\/div>\n\t\t\t\t<\/div>","protected":false},"excerpt":{"rendered":"<p>Policies First Aid Policy and Procedure Last updated 10\/04\/2026 AIM To provide adequate first aid to staff and students in case of injury or illness. Language in Action take Health and Safety seriously in order to create a low-risk environment and anticipated emergencies are of a minor level. We seek to supply sufficient help in [&hellip;]<\/p>\n","protected":false},"author":27,"featured_media":0,"parent":44379,"menu_order":0,"comment_status":"closed","ping_status":"closed","template":"","meta":{"_acf_changed":false,"footnotes":""},"class_list":["post-45199","page","type-page","status-publish","hentry"],"acf":[],"yoast_head":"<!-- This site is optimized with the Yoast SEO plugin v27.5 - https:\/\/yoast.com\/product\/yoast-seo-wordpress\/ -->\n<title>First Aid Policy and Procedure - Language in Action<\/title>\n<meta name=\"robots\" content=\"index, follow, max-snippet:-1, max-image-preview:large, max-video-preview:-1\" \/>\n<link rel=\"canonical\" href=\"https:\/\/languageinactionltd.co.uk\/fr\/politiques\/politique-et-procedure-en-matiere-de-premiers-secours\/\" \/>\n<meta property=\"og:locale\" content=\"fr_FR\" \/>\n<meta property=\"og:type\" content=\"article\" \/>\n<meta property=\"og:title\" content=\"First Aid Policy and Procedure - Language in Action\" \/>\n<meta property=\"og:description\" content=\"Policies First Aid Policy and Procedure Last updated 10\/04\/2026 AIM To provide adequate first aid to staff and students in case of injury or illness. Language in Action take Health and Safety seriously in order to create a low-risk environment and anticipated emergencies are of a minor level. We seek to supply sufficient help in [&hellip;]\" \/>\n<meta property=\"og:url\" content=\"https:\/\/languageinactionltd.co.uk\/fr\/politiques\/politique-et-procedure-en-matiere-de-premiers-secours\/\" \/>\n<meta property=\"og:site_name\" content=\"Language in Action\" \/>\n<meta property=\"article:modified_time\" content=\"2026-04-13T10:35:37+00:00\" \/>\n<meta property=\"og:image\" content=\"https:\/\/languageinactionltd.co.uk\/wp-content\/uploads\/sites\/9\/2025\/08\/lia-social.png\" \/>\n\t<meta property=\"og:image:width\" content=\"1200\" \/>\n\t<meta property=\"og:image:height\" content=\"675\" \/>\n\t<meta property=\"og:image:type\" content=\"image\/png\" \/>\n<meta name=\"twitter:card\" content=\"summary_large_image\" \/>\n<meta name=\"twitter:label1\" content=\"Dur\u00e9e de lecture estim\u00e9e\" \/>\n\t<meta name=\"twitter:data1\" content=\"2 minutes\" \/>\n<script type=\"application\/ld+json\" class=\"yoast-schema-graph\">{\"@context\":\"https:\\\/\\\/schema.org\",\"@graph\":[{\"@type\":\"WebPage\",\"@id\":\"https:\\\/\\\/languageinactionltd.co.uk\\\/policies\\\/first-aid-policy-and-procedure\\\/\",\"url\":\"https:\\\/\\\/languageinactionltd.co.uk\\\/policies\\\/first-aid-policy-and-procedure\\\/\",\"name\":\"First Aid Policy and Procedure - Language in Action\",\"isPartOf\":{\"@id\":\"https:\\\/\\\/languageinactionltd.co.uk\\\/#website\"},\"datePublished\":\"2025-08-28T10:34:20+00:00\",\"dateModified\":\"2026-04-13T10:35:37+00:00\",\"breadcrumb\":{\"@id\":\"https:\\\/\\\/languageinactionltd.co.uk\\\/policies\\\/first-aid-policy-and-procedure\\\/#breadcrumb\"},\"inLanguage\":\"fr-FR\",\"potentialAction\":[{\"@type\":\"ReadAction\",\"target\":[\"https:\\\/\\\/languageinactionltd.co.uk\\\/policies\\\/first-aid-policy-and-procedure\\\/\"]}]},{\"@type\":\"BreadcrumbList\",\"@id\":\"https:\\\/\\\/languageinactionltd.co.uk\\\/policies\\\/first-aid-policy-and-procedure\\\/#breadcrumb\",\"itemListElement\":[{\"@type\":\"ListItem\",\"position\":1,\"name\":\"Home\",\"item\":\"https:\\\/\\\/languageinactionltd.co.uk\\\/\"},{\"@type\":\"ListItem\",\"position\":2,\"name\":\"Policies\",\"item\":\"https:\\\/\\\/languageinactionltd.co.uk\\\/policies\\\/\"},{\"@type\":\"ListItem\",\"position\":3,\"name\":\"First Aid Policy and Procedure\"}]},{\"@type\":\"WebSite\",\"@id\":\"https:\\\/\\\/languageinactionltd.co.uk\\\/#website\",\"url\":\"https:\\\/\\\/languageinactionltd.co.uk\\\/\",\"name\":\"Language in Action\",\"description\":\"\",\"potentialAction\":[{\"@type\":\"SearchAction\",\"target\":{\"@type\":\"EntryPoint\",\"urlTemplate\":\"https:\\\/\\\/languageinactionltd.co.uk\\\/?s={search_term_string}\"},\"query-input\":{\"@type\":\"PropertyValueSpecification\",\"valueRequired\":true,\"valueName\":\"search_term_string\"}}],\"inLanguage\":\"fr-FR\"}]}<\/script>\n<!-- \/ Yoast SEO plugin. -->","yoast_head_json":{"title":"Politique et proc\u00e9dure en mati\u00e8re de premiers secours - Language in Action","robots":{"index":"index","follow":"follow","max-snippet":"max-snippet:-1","max-image-preview":"max-image-preview:large","max-video-preview":"max-video-preview:-1"},"canonical":"https:\/\/languageinactionltd.co.uk\/fr\/politiques\/politique-et-procedure-en-matiere-de-premiers-secours\/","og_locale":"fr_FR","og_type":"article","og_title":"First Aid Policy and Procedure - Language in Action","og_description":"Policies First Aid Policy and Procedure Last updated 10\/04\/2026 AIM To provide adequate first aid to staff and students in case of injury or illness. Language in Action take Health and Safety seriously in order to create a low-risk environment and anticipated emergencies are of a minor level. We seek to supply sufficient help in [&hellip;]","og_url":"https:\/\/languageinactionltd.co.uk\/fr\/politiques\/politique-et-procedure-en-matiere-de-premiers-secours\/","og_site_name":"Language in Action","article_modified_time":"2026-04-13T10:35:37+00:00","og_image":[{"width":1200,"height":675,"url":"https:\/\/languageinactionltd.co.uk\/wp-content\/uploads\/sites\/9\/2025\/08\/lia-social.png","type":"image\/png"}],"twitter_card":"summary_large_image","twitter_misc":{"Dur\u00e9e de lecture estim\u00e9e":"2 minutes"},"schema":{"@context":"https:\/\/schema.org","@graph":[{"@type":"WebPage","@id":"https:\/\/languageinactionltd.co.uk\/policies\/first-aid-policy-and-procedure\/","url":"https:\/\/languageinactionltd.co.uk\/policies\/first-aid-policy-and-procedure\/","name":"Politique et proc\u00e9dure en mati\u00e8re de premiers secours - Language in Action","isPartOf":{"@id":"https:\/\/languageinactionltd.co.uk\/#website"},"datePublished":"2025-08-28T10:34:20+00:00","dateModified":"2026-04-13T10:35:37+00:00","breadcrumb":{"@id":"https:\/\/languageinactionltd.co.uk\/policies\/first-aid-policy-and-procedure\/#breadcrumb"},"inLanguage":"fr-FR","potentialAction":[{"@type":"ReadAction","target":["https:\/\/languageinactionltd.co.uk\/policies\/first-aid-policy-and-procedure\/"]}]},{"@type":"BreadcrumbList","@id":"https:\/\/languageinactionltd.co.uk\/policies\/first-aid-policy-and-procedure\/#breadcrumb","itemListElement":[{"@type":"ListItem","position":1,"name":"Home","item":"https:\/\/languageinactionltd.co.uk\/"},{"@type":"ListItem","position":2,"name":"Policies","item":"https:\/\/languageinactionltd.co.uk\/policies\/"},{"@type":"ListItem","position":3,"name":"First Aid Policy and Procedure"}]},{"@type":"WebSite","@id":"https:\/\/languageinactionltd.co.uk\/#website","url":"https:\/\/languageinactionltd.co.uk\/","name":"La langue en action","description":"","potentialAction":[{"@type":"SearchAction","target":{"@type":"EntryPoint","urlTemplate":"https:\/\/languageinactionltd.co.uk\/?s={search_term_string}"},"query-input":{"@type":"PropertyValueSpecification","valueRequired":true,"valueName":"search_term_string"}}],"inLanguage":"fr-FR"}]}},"_links":{"self":[{"href":"https:\/\/languageinactionltd.co.uk\/fr\/wp-json\/wp\/v2\/pages\/45199","targetHints":{"allow":["GET"]}}],"collection":[{"href":"https:\/\/languageinactionltd.co.uk\/fr\/wp-json\/wp\/v2\/pages"}],"about":[{"href":"https:\/\/languageinactionltd.co.uk\/fr\/wp-json\/wp\/v2\/types\/page"}],"author":[{"embeddable":true,"href":"https:\/\/languageinactionltd.co.uk\/fr\/wp-json\/wp\/v2\/users\/27"}],"replies":[{"embeddable":true,"href":"https:\/\/languageinactionltd.co.uk\/fr\/wp-json\/wp\/v2\/comments?post=45199"}],"version-history":[{"count":7,"href":"https:\/\/languageinactionltd.co.uk\/fr\/wp-json\/wp\/v2\/pages\/45199\/revisions"}],"predecessor-version":[{"id":47705,"href":"https:\/\/languageinactionltd.co.uk\/fr\/wp-json\/wp\/v2\/pages\/45199\/revisions\/47705"}],"up":[{"embeddable":true,"href":"https:\/\/languageinactionltd.co.uk\/fr\/wp-json\/wp\/v2\/pages\/44379"}],"wp:attachment":[{"href":"https:\/\/languageinactionltd.co.uk\/fr\/wp-json\/wp\/v2\/media?parent=45199"}],"curies":[{"name":"wp","href":"https:\/\/api.w.org\/{rel}","templated":true}]}}