{"id":45119,"date":"2025-08-28T08:05:24","date_gmt":"2025-08-28T08:05:24","guid":{"rendered":"https:\/\/languageinactionltd.co.uk\/?page_id=45119"},"modified":"2026-04-13T10:34:25","modified_gmt":"2026-04-13T10:34:25","slug":"politique-dassiduite","status":"publish","type":"page","link":"https:\/\/languageinactionltd.co.uk\/fr\/policies\/attendance-policy\/","title":{"rendered":"Politique d'assiduit\u00e9"},"content":{"rendered":"<div data-elementor-type=\"wp-page\" data-elementor-id=\"45119\" class=\"elementor elementor-45119\" data-elementor-post-type=\"page\">\n\t\t\t\t<div class=\"elementor-element elementor-element-1d1d6fd2 body-header-small e-flex e-con-boxed translate-yes e-con e-parent\" data-id=\"1d1d6fd2\" data-element_type=\"container\" data-e-type=\"container\" data-settings=\"{&quot;background_background&quot;:&quot;classic&quot;}\">\n\t\t\t\t\t<div class=\"e-con-inner\">\n\t\t<div class=\"elementor-element elementor-element-5d9161a5 e-con-full e-flex translate-yes e-con e-child\" data-id=\"5d9161a5\" data-element_type=\"container\" data-e-type=\"container\">\n\t\t\t\t<div class=\"elementor-element elementor-element-43325b46 sub-heading elementor-widget elementor-widget-heading\" data-id=\"43325b46\" data-element_type=\"widget\" data-e-type=\"widget\" data-widget_type=\"heading.default\">\n\t\t\t\t<div class=\"elementor-widget-container\">\n\t\t\t\t\t<span class=\"elementor-heading-title elementor-size-default\">Politiques<\/span>\t\t\t\t<\/div>\n\t\t\t\t<\/div>\n\t\t<div class=\"elementor-element elementor-element-357b9404 e-con-full e-flex translate-yes e-con e-child\" data-id=\"357b9404\" data-element_type=\"container\" data-e-type=\"container\">\n\t\t\t\t<div class=\"elementor-element elementor-element-406ec61b elementor-widget elementor-widget-heading\" data-id=\"406ec61b\" data-element_type=\"widget\" data-e-type=\"widget\" data-widget_type=\"heading.default\">\n\t\t\t\t<div class=\"elementor-widget-container\">\n\t\t\t\t\t<h1 class=\"elementor-heading-title elementor-size-default\">Politique d'assiduit\u00e9<\/h1>\t\t\t\t<\/div>\n\t\t\t\t<\/div>\n\t\t\t\t<div class=\"elementor-element elementor-element-5090f96 elementor-widget elementor-widget-text-editor\" data-id=\"5090f96\" data-element_type=\"widget\" data-e-type=\"widget\" data-widget_type=\"text-editor.default\">\n\t\t\t\t<div class=\"elementor-widget-container\">\n\t\t\t\t\t\t\t\t\t<p><i>Derni\u00e8re mise \u00e0 jour le 04\/10\/2026<\/i><\/p>\t\t\t\t\t\t\t\t<\/div>\n\t\t\t\t<\/div>\n\t\t\t\t<\/div>\n\t\t\t\t<\/div>\n\t\t\t\t\t<\/div>\n\t\t\t\t<\/div>\n\t\t<div class=\"elementor-element elementor-element-4afc2018 body-text-1col e-grid e-con-boxed translate-yes e-con e-parent\" data-id=\"4afc2018\" data-element_type=\"container\" data-e-type=\"container\">\n\t\t\t\t\t<div class=\"e-con-inner\">\n\t\t\t\t<div class=\"elementor-element elementor-element-494bdf91 section-style-default elementor-widget elementor-widget-Section settings\" data-id=\"494bdf91\" data-element_type=\"widget\" data-e-type=\"widget\" data-widget_type=\"Section settings.default\">\n\t\t\t\t<div class=\"elementor-widget-container\">\n\t\t\t\t\t\t\t\t\t\t\t<\/div>\n\t\t\t\t<\/div>\n\t\t<div class=\"elementor-element elementor-element-3228e59 e-con-full e-flex translate-yes e-con e-child\" data-id=\"3228e59\" data-element_type=\"container\" data-e-type=\"container\">\n\t\t\t\t<div class=\"elementor-element elementor-element-620f3485 elementor-widget elementor-widget-text-editor\" data-id=\"620f3485\" data-element_type=\"widget\" data-e-type=\"widget\" data-widget_type=\"text-editor.default\">\n\t\t\t\t<div class=\"elementor-widget-container\">\n\t\t\t\t\t\t\t\t\t<p class=\"p1\">La politique d'assiduit\u00e9 suivante est port\u00e9e \u00e0 la connaissance des \u00e9l\u00e8ves, du personnel et des autres parties prenantes par les moyens suivants :<\/p><ul><li><p class=\"p1\">Affiches dans les salles de classe et les r\u00e9sidences ;<\/p><\/li><li><p class=\"p1\">Couvert par l'initiation du premier jour de l'\u00e9tudiant ;<\/p><p class=\"p1\">Inclus dans le kit d'initiation des \u00e9tudiants ;<\/p><\/li><li><p class=\"p1\">Couvert par l'initiation du personnel ;<\/p><\/li><li><p class=\"p1\">Inclus dans le manuel du personnel et le manuel de l'enseignant (dans la salle du personnel et sur le disque partag\u00e9) ;<\/p><\/li><li><p class=\"p1\">Disponible dans la section \"politiques\" du site web \"La langue en action\".<\/p><\/li><\/ul><p>Le minist\u00e8re de l'int\u00e9rieur exige que tous les \u00e9tudiants suivant un cours dans les \u00e9coles de langues, les coll\u00e8ges et les universit\u00e9s assistent aux cours suivants <strong>100%<\/strong> de leurs classes avec un minimum de <strong>80%<\/strong>.<\/p><p>Si les \u00e9tudiants n'assistent pas \u00e0 au moins 80% de leur cours, ils ne pourront pas obtenir de certificat ou de rapport final et risquent d'avoir des probl\u00e8mes pour prolonger ou renouveler leur visa.<\/p><p>L'UKVI sera inform\u00e9 de tous les \u00e9tudiants titulaires d'un visa Tier 4 dont le taux d'assiduit\u00e9 \u00e0 leur cours n'est pas suffisant. <strong>80%<\/strong>.<\/p><h5 class=\"p1\"><strong>Veuillez informer les \u00e9tudiants qu'ils doivent faire ce qui suit :<\/strong><\/h5><p class=\"p1\"><strong>Si vous \u00eates malade<\/strong><\/p><p class=\"p1\">Informer l'\u00e9cole 30 minutes avant le d\u00e9but du cours. Cela sera consid\u00e9r\u00e9 comme une absence autoris\u00e9e. Si vous \u00eates malade pendant 3 jours ou plus, vous devez pr\u00e9senter un certificat m\u00e9dical.<\/p><p class=\"p1\"><strong>Si vous souhaitez des vacances<\/strong><\/p><p class=\"p1\">Les vacances ne peuvent pas \u00eatre prises pendant la p\u00e9riode scolaire sans accord pr\u00e9alable.<\/p><p class=\"p1\"><strong>Si vous prenez un cong\u00e9 <span class=\"s1\">sans <\/span>nous notifier<\/strong><\/p><p>Si vous n'organisez pas vos cong\u00e9s avec le LIA ou si vous n'appelez pas lorsque vous \u00eates malade, cela sera consid\u00e9r\u00e9 comme une absence non autoris\u00e9e et votre assiduit\u00e9 en sera affect\u00e9e.<\/p><h5 class=\"p1\"><strong>En cas de baisse de l'assiduit\u00e9, les proc\u00e9dures suivantes seront appliqu\u00e9es :<\/strong><\/h5><p class=\"p1\"><strong>Si votre taux d'assiduit\u00e9 commence \u00e0 \u00eatre inf\u00e9rieur \u00e0 <span class=\"s1\">83%<\/span><\/strong><\/p><p class=\"p1\"><i>Nous vous en informerons soit en personne, soit par \u00e9crit. <\/i><i>que votre chef\/professeur vous a donn\u00e9 et que nous sommes en train de faire. <\/i><i>de votre assiduit\u00e9, en vous rappelant <\/i><i>vous sur la pr\u00e9sence sous 80%<\/i><\/p><p class=\"p1\"><strong>Si votre taux d'assiduit\u00e9 est inf\u00e9rieur \u00e0 <span class=\"s1\">80% <\/span>(sans autorisation)<\/strong><\/p><p>Vous recevrez un avertissement verbal. Cet avertissement sera inscrit dans votre dossier.<\/p><p class=\"p1\"><strong>Si votre taux de participation est inf\u00e9rieur \u00e0 <span class=\"s1\">80% <\/span>et a continu\u00e9 \u00e0 chuter depuis votre avertissement verbal OU vous manquez 3 jours d'affil\u00e9e (sans permission)<\/strong><\/p><p>Vous recevrez un premier avertissement \u00e9crit et un rendez-vous pour aller voir le directeur de la DoS\/du centre afin d'expliquer votre absence non autoris\u00e9e, ce qui sera ajout\u00e9 \u00e0 votre dossier.<\/p><p class=\"p1\"><strong>Si votre taux de participation est inf\u00e9rieur \u00e0 <span class=\"s1\">80% <\/span>depuis votre premier avertissement \u00e9crit et qu'il a continu\u00e9 \u00e0 baisser OU que vous vous absentez 3 jours de suite (sans autorisation)<\/strong><\/p><p>Vous recevrez un deuxi\u00e8me avertissement \u00e9crit, ainsi qu'un rendez-vous avec le doS\/chef de centre afin d'expliquer la persistance de votre absence non autoris\u00e9e, ce qui sera ajout\u00e9 \u00e0 votre dossier et votre agent\/parent sera inform\u00e9 de votre dernier avertissement. C'est votre derni\u00e8re chance de vous am\u00e9liorer. Un membre du si\u00e8ge social vous remettra une convention d'assiduit\u00e9. Il vous expliquera les conditions de votre cours et la politique d'assiduit\u00e9. Si vous continuez \u00e0 ne pas vous pr\u00e9senter \u00e0 l'\u00e9cole sans autorisation, vous pouvez \u00eatre renvoy\u00e9 de l'\u00e9cole sans remboursement.<\/p><p class=\"p1\"><strong>Si vous avez manqu\u00e9 10 jours d'affil\u00e9e (sans autorisation)<\/strong><\/p><p class=\"p1\">Le minist\u00e8re de l'int\u00e9rieur britannique sera inform\u00e9 que vous avez enfreint les conditions de votre visa. Il vous sera demand\u00e9 de quitter l'\u00e9cole et nous en informerons vos parents et\/ou votre agent. Si vous \u00eates titulaire d'un visa de niveau 4, il vous sera demand\u00e9 de quitter le pays imm\u00e9diatement.<\/p>\t\t\t\t\t\t\t\t<\/div>\n\t\t\t\t<\/div>\n\t\t\t\t<\/div>\n\t\t\t\t\t<\/div>\n\t\t\t\t<\/div>\n\t\t\t\t<\/div>","protected":false},"excerpt":{"rendered":"<p>Policies Attendance Policy Last updated 10\/04\/2026 The following attendance policy is made known to students, staff and other stakeholders by the following means: Posters in classrooms and residences; Covered in the student first day induction; Included in the Student Induction Pack; Covered in the staff induction; Included in the Staff Handbook and the Teacher Handbook [&hellip;]<\/p>\n","protected":false},"author":27,"featured_media":0,"parent":44379,"menu_order":0,"comment_status":"closed","ping_status":"closed","template":"","meta":{"_acf_changed":false,"footnotes":""},"class_list":["post-45119","page","type-page","status-publish","hentry"],"acf":[],"yoast_head":"<!-- This site is optimized with the Yoast SEO plugin v27.5 - https:\/\/yoast.com\/product\/yoast-seo-wordpress\/ -->\n<title>Attendance Policy - Language in Action<\/title>\n<meta name=\"robots\" content=\"index, follow, max-snippet:-1, max-image-preview:large, max-video-preview:-1\" \/>\n<link rel=\"canonical\" href=\"https:\/\/languageinactionltd.co.uk\/fr\/politiques\/politique-dassiduite\/\" \/>\n<meta property=\"og:locale\" content=\"fr_FR\" \/>\n<meta property=\"og:type\" content=\"article\" \/>\n<meta property=\"og:title\" content=\"Attendance Policy - Language in Action\" \/>\n<meta property=\"og:description\" content=\"Policies Attendance Policy Last updated 10\/04\/2026 The following attendance policy is made known to students, staff and other stakeholders by the following means: Posters in classrooms and residences; Covered in the student first day induction; Included in the Student Induction Pack; Covered in the staff induction; Included in the Staff Handbook and the Teacher Handbook [&hellip;]\" \/>\n<meta property=\"og:url\" content=\"https:\/\/languageinactionltd.co.uk\/fr\/politiques\/politique-dassiduite\/\" \/>\n<meta property=\"og:site_name\" content=\"Language in Action\" \/>\n<meta property=\"article:modified_time\" content=\"2026-04-13T10:34:25+00:00\" \/>\n<meta property=\"og:image\" content=\"https:\/\/languageinactionltd.co.uk\/wp-content\/uploads\/sites\/9\/2025\/08\/lia-social.png\" \/>\n\t<meta property=\"og:image:width\" content=\"1200\" \/>\n\t<meta property=\"og:image:height\" content=\"675\" \/>\n\t<meta property=\"og:image:type\" content=\"image\/png\" \/>\n<meta name=\"twitter:card\" content=\"summary_large_image\" \/>\n<meta name=\"twitter:label1\" content=\"Dur\u00e9e de lecture estim\u00e9e\" \/>\n\t<meta name=\"twitter:data1\" content=\"3 minutes\" \/>\n<script type=\"application\/ld+json\" class=\"yoast-schema-graph\">{\"@context\":\"https:\\\/\\\/schema.org\",\"@graph\":[{\"@type\":\"WebPage\",\"@id\":\"https:\\\/\\\/languageinactionltd.co.uk\\\/policies\\\/attendance-policy\\\/\",\"url\":\"https:\\\/\\\/languageinactionltd.co.uk\\\/policies\\\/attendance-policy\\\/\",\"name\":\"Attendance Policy - Language in Action\",\"isPartOf\":{\"@id\":\"https:\\\/\\\/languageinactionltd.co.uk\\\/#website\"},\"datePublished\":\"2025-08-28T08:05:24+00:00\",\"dateModified\":\"2026-04-13T10:34:25+00:00\",\"breadcrumb\":{\"@id\":\"https:\\\/\\\/languageinactionltd.co.uk\\\/policies\\\/attendance-policy\\\/#breadcrumb\"},\"inLanguage\":\"fr-FR\",\"potentialAction\":[{\"@type\":\"ReadAction\",\"target\":[\"https:\\\/\\\/languageinactionltd.co.uk\\\/policies\\\/attendance-policy\\\/\"]}]},{\"@type\":\"BreadcrumbList\",\"@id\":\"https:\\\/\\\/languageinactionltd.co.uk\\\/policies\\\/attendance-policy\\\/#breadcrumb\",\"itemListElement\":[{\"@type\":\"ListItem\",\"position\":1,\"name\":\"Home\",\"item\":\"https:\\\/\\\/languageinactionltd.co.uk\\\/\"},{\"@type\":\"ListItem\",\"position\":2,\"name\":\"Policies\",\"item\":\"https:\\\/\\\/languageinactionltd.co.uk\\\/policies\\\/\"},{\"@type\":\"ListItem\",\"position\":3,\"name\":\"Attendance Policy\"}]},{\"@type\":\"WebSite\",\"@id\":\"https:\\\/\\\/languageinactionltd.co.uk\\\/#website\",\"url\":\"https:\\\/\\\/languageinactionltd.co.uk\\\/\",\"name\":\"Language in Action\",\"description\":\"\",\"potentialAction\":[{\"@type\":\"SearchAction\",\"target\":{\"@type\":\"EntryPoint\",\"urlTemplate\":\"https:\\\/\\\/languageinactionltd.co.uk\\\/?s={search_term_string}\"},\"query-input\":{\"@type\":\"PropertyValueSpecification\",\"valueRequired\":true,\"valueName\":\"search_term_string\"}}],\"inLanguage\":\"fr-FR\"}]}<\/script>\n<!-- \/ Yoast SEO plugin. -->","yoast_head_json":{"title":"Politique d'assiduit\u00e9 - La langue en action","robots":{"index":"index","follow":"follow","max-snippet":"max-snippet:-1","max-image-preview":"max-image-preview:large","max-video-preview":"max-video-preview:-1"},"canonical":"https:\/\/languageinactionltd.co.uk\/fr\/politiques\/politique-dassiduite\/","og_locale":"fr_FR","og_type":"article","og_title":"Attendance Policy - Language in Action","og_description":"Policies Attendance Policy Last updated 10\/04\/2026 The following attendance policy is made known to students, staff and other stakeholders by the following means: Posters in classrooms and residences; Covered in the student first day induction; Included in the Student Induction Pack; Covered in the staff induction; Included in the Staff Handbook and the Teacher Handbook [&hellip;]","og_url":"https:\/\/languageinactionltd.co.uk\/fr\/politiques\/politique-dassiduite\/","og_site_name":"Language in Action","article_modified_time":"2026-04-13T10:34:25+00:00","og_image":[{"width":1200,"height":675,"url":"https:\/\/languageinactionltd.co.uk\/wp-content\/uploads\/sites\/9\/2025\/08\/lia-social.png","type":"image\/png"}],"twitter_card":"summary_large_image","twitter_misc":{"Dur\u00e9e de lecture estim\u00e9e":"3 minutes"},"schema":{"@context":"https:\/\/schema.org","@graph":[{"@type":"WebPage","@id":"https:\/\/languageinactionltd.co.uk\/policies\/attendance-policy\/","url":"https:\/\/languageinactionltd.co.uk\/policies\/attendance-policy\/","name":"Politique d'assiduit\u00e9 - La langue en action","isPartOf":{"@id":"https:\/\/languageinactionltd.co.uk\/#website"},"datePublished":"2025-08-28T08:05:24+00:00","dateModified":"2026-04-13T10:34:25+00:00","breadcrumb":{"@id":"https:\/\/languageinactionltd.co.uk\/policies\/attendance-policy\/#breadcrumb"},"inLanguage":"fr-FR","potentialAction":[{"@type":"ReadAction","target":["https:\/\/languageinactionltd.co.uk\/policies\/attendance-policy\/"]}]},{"@type":"BreadcrumbList","@id":"https:\/\/languageinactionltd.co.uk\/policies\/attendance-policy\/#breadcrumb","itemListElement":[{"@type":"ListItem","position":1,"name":"Home","item":"https:\/\/languageinactionltd.co.uk\/"},{"@type":"ListItem","position":2,"name":"Policies","item":"https:\/\/languageinactionltd.co.uk\/policies\/"},{"@type":"ListItem","position":3,"name":"Attendance Policy"}]},{"@type":"WebSite","@id":"https:\/\/languageinactionltd.co.uk\/#website","url":"https:\/\/languageinactionltd.co.uk\/","name":"La langue en action","description":"","potentialAction":[{"@type":"SearchAction","target":{"@type":"EntryPoint","urlTemplate":"https:\/\/languageinactionltd.co.uk\/?s={search_term_string}"},"query-input":{"@type":"PropertyValueSpecification","valueRequired":true,"valueName":"search_term_string"}}],"inLanguage":"fr-FR"}]}},"_links":{"self":[{"href":"https:\/\/languageinactionltd.co.uk\/fr\/wp-json\/wp\/v2\/pages\/45119","targetHints":{"allow":["GET"]}}],"collection":[{"href":"https:\/\/languageinactionltd.co.uk\/fr\/wp-json\/wp\/v2\/pages"}],"about":[{"href":"https:\/\/languageinactionltd.co.uk\/fr\/wp-json\/wp\/v2\/types\/page"}],"author":[{"embeddable":true,"href":"https:\/\/languageinactionltd.co.uk\/fr\/wp-json\/wp\/v2\/users\/27"}],"replies":[{"embeddable":true,"href":"https:\/\/languageinactionltd.co.uk\/fr\/wp-json\/wp\/v2\/comments?post=45119"}],"version-history":[{"count":7,"href":"https:\/\/languageinactionltd.co.uk\/fr\/wp-json\/wp\/v2\/pages\/45119\/revisions"}],"predecessor-version":[{"id":47681,"href":"https:\/\/languageinactionltd.co.uk\/fr\/wp-json\/wp\/v2\/pages\/45119\/revisions\/47681"}],"up":[{"embeddable":true,"href":"https:\/\/languageinactionltd.co.uk\/fr\/wp-json\/wp\/v2\/pages\/44379"}],"wp:attachment":[{"href":"https:\/\/languageinactionltd.co.uk\/fr\/wp-json\/wp\/v2\/media?parent=45119"}],"curies":[{"name":"wp","href":"https:\/\/api.w.org\/{rel}","templated":true}]}}