{"id":45277,"date":"2025-08-28T11:37:45","date_gmt":"2025-08-28T11:37:45","guid":{"rendered":"https:\/\/languageinactionltd.co.uk\/?page_id=45277"},"modified":"2026-04-13T10:37:57","modified_gmt":"2026-04-13T10:37:57","slug":"politica-de-ratios-de-supervision","status":"publish","type":"page","link":"https:\/\/languageinactionltd.co.uk\/es_mx\/policies\/supervision-ratios-policy\/","title":{"rendered":"Pol\u00edtica de ratios de supervisi\u00f3n"},"content":{"rendered":"<div data-elementor-type=\"wp-page\" data-elementor-id=\"45277\" class=\"elementor elementor-45277\" data-elementor-post-type=\"page\">\n\t\t\t\t<div class=\"elementor-element elementor-element-7845af4d body-header-small e-flex e-con-boxed translate-yes e-con e-parent\" data-id=\"7845af4d\" data-element_type=\"container\" data-e-type=\"container\" data-settings=\"{&quot;background_background&quot;:&quot;classic&quot;}\">\n\t\t\t\t\t<div class=\"e-con-inner\">\n\t\t<div class=\"elementor-element elementor-element-50df30a1 e-con-full e-flex translate-yes e-con e-child\" data-id=\"50df30a1\" data-element_type=\"container\" data-e-type=\"container\">\n\t\t\t\t<div class=\"elementor-element elementor-element-1538c21b sub-heading elementor-widget elementor-widget-heading\" data-id=\"1538c21b\" data-element_type=\"widget\" data-e-type=\"widget\" data-widget_type=\"heading.default\">\n\t\t\t\t<div class=\"elementor-widget-container\">\n\t\t\t\t\t<span class=\"elementor-heading-title elementor-size-default\">Pol\u00edticas<\/span>\t\t\t\t<\/div>\n\t\t\t\t<\/div>\n\t\t<div class=\"elementor-element elementor-element-67d5bbed e-con-full e-flex translate-yes e-con e-child\" data-id=\"67d5bbed\" data-element_type=\"container\" data-e-type=\"container\">\n\t\t\t\t<div class=\"elementor-element elementor-element-6803705 elementor-widget elementor-widget-heading\" data-id=\"6803705\" data-element_type=\"widget\" data-e-type=\"widget\" data-widget_type=\"heading.default\">\n\t\t\t\t<div class=\"elementor-widget-container\">\n\t\t\t\t\t<h1 class=\"elementor-heading-title elementor-size-default\">Pol\u00edtica de ratios de supervisi\u00f3n<\/h1>\t\t\t\t<\/div>\n\t\t\t\t<\/div>\n\t\t\t\t<div class=\"elementor-element elementor-element-01627e3 elementor-widget elementor-widget-text-editor\" data-id=\"01627e3\" data-element_type=\"widget\" data-e-type=\"widget\" data-widget_type=\"text-editor.default\">\n\t\t\t\t<div class=\"elementor-widget-container\">\n\t\t\t\t\t\t\t\t\t<p><i>\u00daltima actualizaci\u00f3n 10\/04\/2026<\/i><\/p>\t\t\t\t\t\t\t\t<\/div>\n\t\t\t\t<\/div>\n\t\t\t\t<\/div>\n\t\t\t\t<\/div>\n\t\t\t\t\t<\/div>\n\t\t\t\t<\/div>\n\t\t<div class=\"elementor-element elementor-element-364f9cec body-text-1col e-grid e-con-boxed translate-yes e-con e-parent\" data-id=\"364f9cec\" data-element_type=\"container\" data-e-type=\"container\">\n\t\t\t\t\t<div class=\"e-con-inner\">\n\t\t\t\t<div class=\"elementor-element elementor-element-456f694c section-style-default elementor-widget elementor-widget-Section settings\" data-id=\"456f694c\" data-element_type=\"widget\" data-e-type=\"widget\" data-widget_type=\"Section settings.default\">\n\t\t\t\t<div class=\"elementor-widget-container\">\n\t\t\t\t\t\t\t\t\t\t\t<\/div>\n\t\t\t\t<\/div>\n\t\t<div class=\"elementor-element elementor-element-3387810a e-con-full e-flex translate-yes e-con e-child\" data-id=\"3387810a\" data-element_type=\"container\" data-e-type=\"container\">\n\t\t\t\t<div class=\"elementor-element elementor-element-54a06cbf elementor-widget elementor-widget-text-editor\" data-id=\"54a06cbf\" data-element_type=\"widget\" data-e-type=\"widget\" data-widget_type=\"text-editor.default\">\n\t\t\t\t<div class=\"elementor-widget-container\">\n\t\t\t\t\t\t\t\t\t<p class=\"p1\"><strong>Pol\u00edtica de ratios de supervisi\u00f3n para alojamiento \/ aulas \/ excursiones \/ actividades del programa social en las que participen estudiantes menores de 18 a\u00f1os.<\/strong><\/p><p class=\"p1\">Language in Action garantiza que en todos los alojamientos residenciales y aulas, as\u00ed como en todas las excursiones y actividades en las que participen estudiantes menores de 18 a\u00f1os, haya al menos un miembro del personal (incluidos los jefes de grupo de las agencias) por cada 15\/20 estudiantes.<\/p><p class=\"p1\">Dependiendo del programa elegido, los estudiantes de 16 y 17 a\u00f1os pueden tener un l\u00edmite de supervisi\u00f3n por parte del personal del LiA.<\/p><p class=\"p1\">Si hubiera un estudiante con necesidades especiales o con alguna discapacidad, nos asegurar\u00edamos de que hubiera otro miembro del personal (incluidos los jefes de grupo de las agencias) para apoyarle durante toda su estancia.<\/p><p class=\"p1\">Las clases tienen un m\u00e1ximo de 18 alumnos. Se asignar\u00e1 un adulto responsable a cada clase.<\/p><p class=\"p1\">Todos los alojamientos residenciales est\u00e1n supervisados por personal formado disponible las 24 horas del d\u00eda en caso de emergencia.<\/p><p class=\"p1\">Todos los miembros del personal de LiA que dirigen actividades\/excursiones han tenido experiencia trabajando con estudiantes menores de 18 a\u00f1os, se han sometido a una comprobaci\u00f3n DBS y se les han tomado dos referencias. Estos datos se suben a nuestro Registro Central de Personal una vez que se han visto los documentos originales.<\/p><p class=\"p1\">Se pide a los miembros clave del personal de las agencias asociadas que firmen una declaraci\u00f3n en la que conste que su personal se ha sometido a controles para trabajar con estudiantes menores de edad. Los jefes de grupo de las agencias (y dem\u00e1s personal de las agencias<\/p><p class=\"p1\">miembros) deben recibir una copia de la pol\u00edtica de Salvaguarda y Protecci\u00f3n de la Infancia y ser instruidos al respecto a su llegada. Tambi\u00e9n se les pide que lean y firmen el C\u00f3digo de Conducta y una autodeclaraci\u00f3n de idoneidad para trabajar con ni\u00f1os.<\/p><p class=\"p1\">Se han llevado a cabo evaluaciones de riesgos en todas las instalaciones principales, actividades in situ y excursiones fuera de las instalaciones.<\/p><p>\u00a0<\/p>\t\t\t\t\t\t\t\t<\/div>\n\t\t\t\t<\/div>\n\t\t\t\t<\/div>\n\t\t\t\t\t<\/div>\n\t\t\t\t<\/div>\n\t\t\t\t<\/div>","protected":false},"excerpt":{"rendered":"<p>Policies Supervision Ratios Policy Last updated 10\/04\/2026 Policy on Supervision Ratios for Accommodation \/ Classrooms \/ Excursions \/ Social programme activities where under 18yr\u2019s students are involved. Language in Action ensures that in all residential accommodation and classrooms, as well as on all excursions and activities where student under the age of 18yrs are involved, [&hellip;]<\/p>\n","protected":false},"author":27,"featured_media":0,"parent":44379,"menu_order":0,"comment_status":"closed","ping_status":"closed","template":"","meta":{"_acf_changed":false,"footnotes":""},"class_list":["post-45277","page","type-page","status-publish","hentry"],"acf":[],"yoast_head":"<!-- This site is optimized with the Yoast SEO plugin v27.5 - https:\/\/yoast.com\/product\/yoast-seo-wordpress\/ -->\n<title>Supervision Ratios Policy - Language in Action<\/title>\n<meta name=\"robots\" content=\"index, follow, max-snippet:-1, max-image-preview:large, max-video-preview:-1\" \/>\n<link rel=\"canonical\" href=\"https:\/\/languageinactionltd.co.uk\/es_mx\/politicas\/politica-de-ratios-de-supervision\/\" \/>\n<meta property=\"og:locale\" content=\"es_MX\" \/>\n<meta property=\"og:type\" content=\"article\" \/>\n<meta property=\"og:title\" content=\"Supervision Ratios Policy - Language in Action\" \/>\n<meta property=\"og:description\" content=\"Policies Supervision Ratios Policy Last updated 10\/04\/2026 Policy on Supervision Ratios for Accommodation \/ Classrooms \/ Excursions \/ Social programme activities where under 18yr\u2019s students are involved. Language in Action ensures that in all residential accommodation and classrooms, as well as on all excursions and activities where student under the age of 18yrs are involved, [&hellip;]\" \/>\n<meta property=\"og:url\" content=\"https:\/\/languageinactionltd.co.uk\/es_mx\/politicas\/politica-de-ratios-de-supervision\/\" \/>\n<meta property=\"og:site_name\" content=\"Language in Action\" \/>\n<meta property=\"article:modified_time\" content=\"2026-04-13T10:37:57+00:00\" \/>\n<meta property=\"og:image\" content=\"https:\/\/languageinactionltd.co.uk\/wp-content\/uploads\/sites\/9\/2025\/08\/lia-social.png\" \/>\n\t<meta property=\"og:image:width\" content=\"1200\" \/>\n\t<meta property=\"og:image:height\" content=\"675\" \/>\n\t<meta property=\"og:image:type\" content=\"image\/png\" \/>\n<meta name=\"twitter:card\" content=\"summary_large_image\" \/>\n<meta name=\"twitter:label1\" content=\"Tiempo de lectura\" \/>\n\t<meta name=\"twitter:data1\" content=\"2 minutos\" \/>\n<script type=\"application\/ld+json\" class=\"yoast-schema-graph\">{\"@context\":\"https:\\\/\\\/schema.org\",\"@graph\":[{\"@type\":\"WebPage\",\"@id\":\"https:\\\/\\\/languageinactionltd.co.uk\\\/policies\\\/supervision-ratios-policy\\\/\",\"url\":\"https:\\\/\\\/languageinactionltd.co.uk\\\/policies\\\/supervision-ratios-policy\\\/\",\"name\":\"Supervision Ratios Policy - Language in Action\",\"isPartOf\":{\"@id\":\"https:\\\/\\\/languageinactionltd.co.uk\\\/#website\"},\"datePublished\":\"2025-08-28T11:37:45+00:00\",\"dateModified\":\"2026-04-13T10:37:57+00:00\",\"breadcrumb\":{\"@id\":\"https:\\\/\\\/languageinactionltd.co.uk\\\/policies\\\/supervision-ratios-policy\\\/#breadcrumb\"},\"inLanguage\":\"es\",\"potentialAction\":[{\"@type\":\"ReadAction\",\"target\":[\"https:\\\/\\\/languageinactionltd.co.uk\\\/policies\\\/supervision-ratios-policy\\\/\"]}]},{\"@type\":\"BreadcrumbList\",\"@id\":\"https:\\\/\\\/languageinactionltd.co.uk\\\/policies\\\/supervision-ratios-policy\\\/#breadcrumb\",\"itemListElement\":[{\"@type\":\"ListItem\",\"position\":1,\"name\":\"Home\",\"item\":\"https:\\\/\\\/languageinactionltd.co.uk\\\/\"},{\"@type\":\"ListItem\",\"position\":2,\"name\":\"Policies\",\"item\":\"https:\\\/\\\/languageinactionltd.co.uk\\\/policies\\\/\"},{\"@type\":\"ListItem\",\"position\":3,\"name\":\"Supervision Ratios Policy\"}]},{\"@type\":\"WebSite\",\"@id\":\"https:\\\/\\\/languageinactionltd.co.uk\\\/#website\",\"url\":\"https:\\\/\\\/languageinactionltd.co.uk\\\/\",\"name\":\"Language in Action\",\"description\":\"\",\"potentialAction\":[{\"@type\":\"SearchAction\",\"target\":{\"@type\":\"EntryPoint\",\"urlTemplate\":\"https:\\\/\\\/languageinactionltd.co.uk\\\/?s={search_term_string}\"},\"query-input\":{\"@type\":\"PropertyValueSpecification\",\"valueRequired\":true,\"valueName\":\"search_term_string\"}}],\"inLanguage\":\"es\"}]}<\/script>\n<!-- \/ Yoast SEO plugin. -->","yoast_head_json":{"title":"Pol\u00edtica de \u00edndices de supervisi\u00f3n: el lenguaje en acci\u00f3n","robots":{"index":"index","follow":"follow","max-snippet":"max-snippet:-1","max-image-preview":"max-image-preview:large","max-video-preview":"max-video-preview:-1"},"canonical":"https:\/\/languageinactionltd.co.uk\/es_mx\/politicas\/politica-de-ratios-de-supervision\/","og_locale":"es_MX","og_type":"article","og_title":"Supervision Ratios Policy - Language in Action","og_description":"Policies Supervision Ratios Policy Last updated 10\/04\/2026 Policy on Supervision Ratios for Accommodation \/ Classrooms \/ Excursions \/ Social programme activities where under 18yr\u2019s students are involved. Language in Action ensures that in all residential accommodation and classrooms, as well as on all excursions and activities where student under the age of 18yrs are involved, [&hellip;]","og_url":"https:\/\/languageinactionltd.co.uk\/es_mx\/politicas\/politica-de-ratios-de-supervision\/","og_site_name":"Language in Action","article_modified_time":"2026-04-13T10:37:57+00:00","og_image":[{"width":1200,"height":675,"url":"https:\/\/languageinactionltd.co.uk\/wp-content\/uploads\/sites\/9\/2025\/08\/lia-social.png","type":"image\/png"}],"twitter_card":"summary_large_image","twitter_misc":{"Tiempo de lectura":"2 minutos"},"schema":{"@context":"https:\/\/schema.org","@graph":[{"@type":"WebPage","@id":"https:\/\/languageinactionltd.co.uk\/policies\/supervision-ratios-policy\/","url":"https:\/\/languageinactionltd.co.uk\/policies\/supervision-ratios-policy\/","name":"Pol\u00edtica de \u00edndices de supervisi\u00f3n: el lenguaje en acci\u00f3n","isPartOf":{"@id":"https:\/\/languageinactionltd.co.uk\/#website"},"datePublished":"2025-08-28T11:37:45+00:00","dateModified":"2026-04-13T10:37:57+00:00","breadcrumb":{"@id":"https:\/\/languageinactionltd.co.uk\/policies\/supervision-ratios-policy\/#breadcrumb"},"inLanguage":"es","potentialAction":[{"@type":"ReadAction","target":["https:\/\/languageinactionltd.co.uk\/policies\/supervision-ratios-policy\/"]}]},{"@type":"BreadcrumbList","@id":"https:\/\/languageinactionltd.co.uk\/policies\/supervision-ratios-policy\/#breadcrumb","itemListElement":[{"@type":"ListItem","position":1,"name":"Home","item":"https:\/\/languageinactionltd.co.uk\/"},{"@type":"ListItem","position":2,"name":"Policies","item":"https:\/\/languageinactionltd.co.uk\/policies\/"},{"@type":"ListItem","position":3,"name":"Supervision Ratios Policy"}]},{"@type":"WebSite","@id":"https:\/\/languageinactionltd.co.uk\/#website","url":"https:\/\/languageinactionltd.co.uk\/","name":"La lengua en acci\u00f3n","description":"","potentialAction":[{"@type":"SearchAction","target":{"@type":"EntryPoint","urlTemplate":"https:\/\/languageinactionltd.co.uk\/?s={search_term_string}"},"query-input":{"@type":"PropertyValueSpecification","valueRequired":true,"valueName":"search_term_string"}}],"inLanguage":"es"}]}},"_links":{"self":[{"href":"https:\/\/languageinactionltd.co.uk\/es_mx\/wp-json\/wp\/v2\/pages\/45277","targetHints":{"allow":["GET"]}}],"collection":[{"href":"https:\/\/languageinactionltd.co.uk\/es_mx\/wp-json\/wp\/v2\/pages"}],"about":[{"href":"https:\/\/languageinactionltd.co.uk\/es_mx\/wp-json\/wp\/v2\/types\/page"}],"author":[{"embeddable":true,"href":"https:\/\/languageinactionltd.co.uk\/es_mx\/wp-json\/wp\/v2\/users\/27"}],"replies":[{"embeddable":true,"href":"https:\/\/languageinactionltd.co.uk\/es_mx\/wp-json\/wp\/v2\/comments?post=45277"}],"version-history":[{"count":7,"href":"https:\/\/languageinactionltd.co.uk\/es_mx\/wp-json\/wp\/v2\/pages\/45277\/revisions"}],"predecessor-version":[{"id":47729,"href":"https:\/\/languageinactionltd.co.uk\/es_mx\/wp-json\/wp\/v2\/pages\/45277\/revisions\/47729"}],"up":[{"embeddable":true,"href":"https:\/\/languageinactionltd.co.uk\/es_mx\/wp-json\/wp\/v2\/pages\/44379"}],"wp:attachment":[{"href":"https:\/\/languageinactionltd.co.uk\/es_mx\/wp-json\/wp\/v2\/media?parent=45277"}],"curies":[{"name":"wp","href":"https:\/\/api.w.org\/{rel}","templated":true}]}}