{"id":45169,"date":"2025-08-28T10:08:25","date_gmt":"2025-08-28T10:08:25","guid":{"rendered":"https:\/\/languageinactionltd.co.uk\/?page_id=45169"},"modified":"2026-04-13T10:35:32","modified_gmt":"2026-04-13T10:35:32","slug":"politica-y-procedimiento-en-materia-de-ciberacoso","status":"publish","type":"page","link":"https:\/\/languageinactionltd.co.uk\/es_mx\/policies\/cyber-bullying-policy-and-procedure\/","title":{"rendered":"Pol\u00edtica y procedimiento contra el ciberacoso"},"content":{"rendered":"<div data-elementor-type=\"wp-page\" data-elementor-id=\"45169\" class=\"elementor elementor-45169\" data-elementor-post-type=\"page\">\n\t\t\t\t<div class=\"elementor-element elementor-element-4a8ad081 body-header-small e-flex e-con-boxed translate-yes e-con e-parent\" data-id=\"4a8ad081\" data-element_type=\"container\" data-e-type=\"container\" data-settings=\"{&quot;background_background&quot;:&quot;classic&quot;}\">\n\t\t\t\t\t<div class=\"e-con-inner\">\n\t\t<div class=\"elementor-element elementor-element-7fb22fee e-con-full e-flex translate-yes e-con e-child\" data-id=\"7fb22fee\" data-element_type=\"container\" data-e-type=\"container\">\n\t\t\t\t<div class=\"elementor-element elementor-element-2b000523 sub-heading elementor-widget elementor-widget-heading\" data-id=\"2b000523\" data-element_type=\"widget\" data-e-type=\"widget\" data-widget_type=\"heading.default\">\n\t\t\t\t<div class=\"elementor-widget-container\">\n\t\t\t\t\t<span class=\"elementor-heading-title elementor-size-default\">Pol\u00edticas<\/span>\t\t\t\t<\/div>\n\t\t\t\t<\/div>\n\t\t<div class=\"elementor-element elementor-element-5ea43c4d e-con-full e-flex translate-yes e-con e-child\" data-id=\"5ea43c4d\" data-element_type=\"container\" data-e-type=\"container\">\n\t\t\t\t<div class=\"elementor-element elementor-element-640f4395 elementor-widget elementor-widget-heading\" data-id=\"640f4395\" data-element_type=\"widget\" data-e-type=\"widget\" data-widget_type=\"heading.default\">\n\t\t\t\t<div class=\"elementor-widget-container\">\n\t\t\t\t\t<h1 class=\"elementor-heading-title elementor-size-default\">Pol\u00edtica y procedimiento contra el ciberacoso<\/h1>\t\t\t\t<\/div>\n\t\t\t\t<\/div>\n\t\t\t\t<div class=\"elementor-element elementor-element-ae173e8 elementor-widget elementor-widget-text-editor\" data-id=\"ae173e8\" data-element_type=\"widget\" data-e-type=\"widget\" data-widget_type=\"text-editor.default\">\n\t\t\t\t<div class=\"elementor-widget-container\">\n\t\t\t\t\t\t\t\t\t<p><i>\u00daltima actualizaci\u00f3n 10\/04\/2026<\/i><\/p>\t\t\t\t\t\t\t\t<\/div>\n\t\t\t\t<\/div>\n\t\t\t\t<\/div>\n\t\t\t\t<\/div>\n\t\t\t\t\t<\/div>\n\t\t\t\t<\/div>\n\t\t<div class=\"elementor-element elementor-element-63c9c2db body-text-1col e-grid e-con-boxed translate-yes e-con e-parent\" data-id=\"63c9c2db\" data-element_type=\"container\" data-e-type=\"container\">\n\t\t\t\t\t<div class=\"e-con-inner\">\n\t\t\t\t<div class=\"elementor-element elementor-element-1ff1c12a section-style-default elementor-widget elementor-widget-Section settings\" data-id=\"1ff1c12a\" data-element_type=\"widget\" data-e-type=\"widget\" data-widget_type=\"Section settings.default\">\n\t\t\t\t<div class=\"elementor-widget-container\">\n\t\t\t\t\t\t\t\t\t\t\t<\/div>\n\t\t\t\t<\/div>\n\t\t<div class=\"elementor-element elementor-element-5ed37eed e-con-full e-flex translate-yes e-con e-child\" data-id=\"5ed37eed\" data-element_type=\"container\" data-e-type=\"container\">\n\t\t\t\t<div class=\"elementor-element elementor-element-7ed835a7 elementor-widget elementor-widget-text-editor\" data-id=\"7ed835a7\" data-element_type=\"widget\" data-e-type=\"widget\" data-widget_type=\"text-editor.default\">\n\t\t\t\t<div class=\"elementor-widget-container\">\n\t\t\t\t\t\t\t\t\t<p class=\"p1\">Language in Action aprovecha las ventajas de la tecnolog\u00eda moderna en t\u00e9rminos de beneficios educativos, pero la empresa es consciente de la posibilidad de que se produzcan casos de acoso.<\/p><p class=\"p1\">La pol\u00edtica antiacoso de la empresa se basa en la convicci\u00f3n de que \"todos los alumnos tienen derecho a no ser acosados\" y de que \"el acoso es siempre inaceptable\". La empresa tambi\u00e9n reconoce que debe \"tomar nota del acoso perpetrado fuera de la escuela que se extiende a la escuela\".<\/p><p class=\"p1\">En virtud de los poderes otorgados por la EIA 2006, el responsable de bienestar o el director de bienestar pueden vigilar el ciberacoso o cualquier aspecto del acoso llevado a cabo por los alumnos dentro o fuera de las instalaciones.<\/p><h2 class=\"p1\">Definici\u00f3n de ciberacoso<\/h2><p class=\"p1\">El ciberacoso es un acto agresivo e intencionado llevado a cabo por un grupo o individuo que utiliza formas electr\u00f3nicas de contacto de forma repetida en el tiempo contra una v\u00edctima que no puede defenderse f\u00e1cilmente.<\/p><p class=\"p1\">Por ciberacoso se entiende el acoso por medios electr\u00f3nicos:<\/p><ul><li><p class=\"p1\">Acoso mediante mensajes de texto o llamadas a tel\u00e9fonos m\u00f3viles<\/p><\/li><li><p class=\"p1\">El uso de c\u00e1maras de tel\u00e9fonos m\u00f3viles para causar angustia, miedo o humillaci\u00f3n.<\/p><\/li><li><p class=\"p1\">Publicar material amenazador, abusivo, difamatorio o humillante en sitios web, incluidos blogs, sitios web personales y redes sociales.<\/p><\/li><li><p class=\"p1\">Utilizar el correo electr\u00f3nico para enviar mensajes a otras personas<\/p><\/li><li><p class=\"p1\">Secuestro\/clonaci\u00f3n de cuentas de correo electr\u00f3nico<\/p><\/li><li><p class=\"p1\">Hacer comentarios amenazadores, abusivos, difamatorios o humillantes en salas de chat, incluido Facebook,<\/p><\/li><li><p class=\"p1\">YouTube o cualquier red social.<\/p><\/li><\/ul><h2 class=\"p1\">Cuestiones jur\u00eddicas<\/h2><p class=\"p1\">El ciberacoso tiene generalmente car\u00e1cter delictivo. La ley se aplica al ciberespacio.<\/p><ul><li><p class=\"p1\">Es ilegal difundir informaci\u00f3n difamatoria en cualquier medio de comunicaci\u00f3n, incluidos los sitios de Internet.<\/p><\/li><li><p class=\"p1\">El art\u00edculo 127 de la Ley de Comunicaciones de 2003 tipifica como delito el env\u00edo, por medios p\u00fablicos de una red p\u00fablica de comunicaciones electr\u00f3nicas, de un mensaje u otro material que sea gravemente ofensivo o de car\u00e1cter indecente, obsceno o amenazador.<\/p><\/li><li><p class=\"p1\">La Ley de Protecci\u00f3n contra el Acoso de 1997 tipifica como delito la conducta deliberada de acoso.<\/p><\/li><\/ul><h2 class=\"p1\">Pol\u00edtica<\/h2><p class=\"p1\">Lengua en Acci\u00f3n educa a sus alumnos tanto en el uso correcto de las telecomunicaciones como sobre la<\/p><p class=\"p1\">graves consecuencias del ciberacoso y, a trav\u00e9s de reuniones y lecciones, seguir\u00e1 informando y educando a sus alumnos en estas \u00e1reas tan cambiantes. Lengua en Acci\u00f3n forma a su personal para que pueda responder eficazmente a las denuncias de ciberacoso y dispone de sistemas de respuesta.<\/p><p class=\"p1\">Language in Action se esfuerza por bloquear el acceso a sitios web inapropiados, utilizando cortafuegos, protecci\u00f3n antivirus y sistemas de filtrado y no se permite a ning\u00fan estudiante trabajar en Internet en la sala de ordenadores, donde est\u00e9 disponible, o en cualquier otro lugar dentro de la escuela que pueda ser utilizado de vez en cuando para tal trabajo, sin que un miembro del personal est\u00e9 presente. Cuando procede y es responsable, Lengua en Acci\u00f3n audita las comunicaciones TIC y revisa peri\u00f3dicamente las medidas de seguridad establecidas. Aunque la educaci\u00f3n y la orientaci\u00f3n siguen siendo el n\u00facleo de nuestra labor, Language in Action se reserva el derecho a tomar medidas contra quienes participen en el ciberacoso.<\/p><ul><li><p class=\"p1\">Todo acoso es perjudicial, pero el ciberacoso y el hostigamiento pueden invadir la intimidad en todo momento. Estos actos tambi\u00e9n pueden ser constitutivos de delito.<\/p><\/li><li><p class=\"p1\">Language in Action apoya a las v\u00edctimas y, cuando sea necesario, colaborar\u00e1 con la Polic\u00eda para detectar a los implicados en actos delictivos. Language in Action utilizar\u00e1, seg\u00fan proceda, toda la gama de sanciones para corregir, castigar o expulsar a los alumnos que intimiden a sus compa\u00f1eros o acosen al personal de esta manera, tanto dentro como fuera de la escuela.<\/p><\/li><li><p class=\"p1\">Lengua en Acci\u00f3n har\u00e1 uso de su facultad de confiscaci\u00f3n cuando sea necesario para evitar que los alumnos cometan delitos o hagan un uso indebido del material.<\/p><\/li><li><p class=\"p1\">Todos los miembros de la comunidad escolar son conscientes de que tienen el deber de poner en conocimiento del Delegado de Bienestar cualquier ejemplo de ciberacoso o acoso del que tengan conocimiento o sospechen.<\/p><\/li><\/ul><p class=\"p1\"><strong>Orientaci\u00f3n para el personal<\/strong><\/p><p class=\"p1\">Si sospechas o te informan de un incidente de ciberacoso, sigue el protocolo que se describe a continuaci\u00f3n:<\/p><p class=\"p1\"><strong>Tel\u00e9fonos m\u00f3viles<\/strong><\/p><ul><li class=\"p1\">Pide al alumno que te ense\u00f1e el tel\u00e9fono m\u00f3vil<\/li><li class=\"p1\">Anota claramente todo lo que aparece en la pantalla relacionado con un mensaje de texto o una imagen inapropiados, para incluir la fecha, la hora y los nombres.<\/li><li class=\"p1\">Haz una transcripci\u00f3n de un mensaje hablado, registra de nuevo la fecha, la hora y los nombres.<\/li><li class=\"p1\">Dile al alumno que guarde el mensaje\/imagen.<\/li><li class=\"p1\">Acompa\u00f1e al alumno a ver al responsable de bienestar o, en su ausencia, p\u00f3ngase en contacto con su superior jer\u00e1rquico.<\/li><\/ul><p class=\"p1\"><strong>Ordenadores<\/strong><\/p><ul><li class=\"p1\">Pedir al alumno que suba a la pantalla el material en cuesti\u00f3n<\/li><li class=\"p1\">Pedir al alumno que guarde el material<\/li><li class=\"p1\">Imprima inmediatamente el material ofensivo<\/li><li class=\"p1\">Aseg\u00farese de que todas las p\u00e1ginas est\u00e1n en el orden correcto y de que no hay omisiones.<\/li><li class=\"p1\">Acompa\u00f1ar al alumno, llevando el material infractor, a ver al responsable de bienestar social.<\/li><li class=\"p1\">A continuaci\u00f3n, se seguir\u00e1n los procedimientos habituales para entrevistar a los alumnos y tomarles declaraci\u00f3n, en particular si se plantea un problema de protecci\u00f3n de la infancia.<\/li><\/ul><p class=\"p1\"><strong>Orientaci\u00f3n para estudiantes<\/strong><\/p><p class=\"p1\">Si crees que t\u00fa u otra persona sois v\u00edctimas de ciberacoso, debes hablar con un adulto lo antes posible. Esta persona puede ser un profesor, un responsable de grupo o el responsable de bienestar.<\/p><ul><li class=\"p1\">No responda a los mensajes abusivos, pero reg\u00edstrelos y den\u00fancielos.<\/li><li class=\"p1\">No borres nada hasta que se lo hayas ense\u00f1ado a tu profesor, al responsable del grupo o al Welfare Officer (aunque te moleste, el material es una prueba importante que puede ser necesaria m\u00e1s adelante como prueba de ciberacoso).<\/li><li class=\"p1\">No facilite datos inform\u00e1ticos personales<\/li><li class=\"p1\">No responda nunca a mensajes abusivos<\/li><li class=\"p1\">Nunca respondas a alguien que no conoces<\/li><li class=\"p1\">Permanecer en zonas p\u00fablicas en salas de chat<\/li><\/ul><p class=\"p1\"><strong>Orientaci\u00f3n para familias, acompa\u00f1antes y agentes<\/strong><\/p><p class=\"p1\">Es vital que todos los alumnos sean conscientes de las graves consecuencias de involucrarse en algo que pueda considerarse ciberacoso. Lengua en Acci\u00f3n informa a los agentes y al personal de la agencia sobre la pol\u00edtica de ciberacoso y los procedimientos establecidos para hacerle frente.<\/p><ul><li class=\"p1\">Los padres, el personal de las agencias, los responsables de grupo y las agencias pueden ayudar asegur\u00e1ndose de que el ni\u00f1o a su cargo comprende la pol\u00edtica del centro escolar y, sobre todo, la seriedad con la que Language in Action se toma los incidentes de ciberacoso.<\/li><li><p class=\"p1\">Los padres tambi\u00e9n pueden explicar a sus hijos o hijas las cuestiones relacionadas con el ciberacoso<\/p><\/li><li><p class=\"p1\">Si los padres o cualquier adulto responsable creen que un ni\u00f1o a su cargo es v\u00edctima de ciberacoso, deben guardar el material ofensivo (si es necesario, guardando un texto ofensivo en su tel\u00e9fono m\u00f3vil o en el del ni\u00f1o) y asegurarse de que disponen de toda la informaci\u00f3n pertinente antes de borrar nada.<\/p><\/li><li><p class=\"p1\">El adulto responsable debe ponerse en contacto con el Welfare Officer lo antes posible. A continuaci\u00f3n, puede organizarse una reuni\u00f3n con el responsable de bienestar social, en la que pueden participar otros miembros pertinentes del personal.<\/p><\/li><li><p class=\"p1\">SEGURIDAD ELECTR\u00d3NICA EN EL HOGAR Varios sitios ofrecen consejos \u00fatiles a los padres, sobre todo en lo que respecta a la mejor forma de controlar el uso que sus hijos hacen del ordenador en casa.<\/p><\/li><\/ul><p class=\"p1\">Puede encontrar informaci\u00f3n importante y \u00fatil en la siguiente p\u00e1gina web:<\/p><p class=\"p1\"><a href=\"http:\/\/www.nextgenerationlearning.org.uk\/safeguarding-learners\/Safeguarding-learnerscontent\/Parents-andcarers\/\" target=\"_blank\" rel=\"noopener\">www.nextgenerationlearning.org.uk\/safeguarding-learners\/Safeguarding-learnerscontent\/Parents-andcarers\/<\/a><\/p><p class=\"p1\">El C\u00f3digo de Conducta se explica y discute con los alumnos en la iniciaci\u00f3n y durante las clases.<\/p><p><strong>Organismos nacionales <\/strong><\/p><p>Se puede obtener m\u00e1s apoyo y orientaci\u00f3n de los siguientes organismos:<\/p><p class=\"p1\"><a href=\"http:\/\/www.teachernet.gov.uk\/wholeschool\/behaviour\/tacklingbullying\/cyber-bullying\" target=\"_blank\" rel=\"noopener\"><i>www.teachernet.gov.uk\/wholeschool\/behaviour\/tacklingbullying\/cyber-bullying<\/i><\/a><\/p><p class=\"p1\"><a href=\"http:\/\/www.bullying.co.uk\" target=\"_blank\" rel=\"noopener\"><i>www.bullying.co.uk<\/i><\/a><\/p><p class=\"p1\">La siguiente informaci\u00f3n puede descargarse del sitio web mencionado:<\/p><ul><li class=\"p1\">Seguro para aprender: Integraci\u00f3n de la lucha contra el acoso en las escuelas (2007)<\/li><li class=\"p1\">Orientaci\u00f3n y recursos sobre el ciberacoso.<\/li><li class=\"p1\">Seguro para aprender<\/li><\/ul><p><strong>Folleto resumen sobre el ciberacoso<\/strong><\/p><p><a href=\"http:\/\/www.antibullying.net\/cyber-bullying1.html\" target=\"_blank\" rel=\"noopener\">www.antibullying.net\/cyber-bullying1.html<\/a><\/p><p class=\"p1\">Hoja informativa para profesores y otros profesionales que trabajan con j\u00f3venes sobre la protecci\u00f3n de los alumnos<\/p><p class=\"p1\"><a href=\"http:\/\/www.becta.org.uk\" target=\"_blank\" rel=\"noopener\"><i>www.becta.org.uk<\/i><\/a><\/p><p class=\"p1\">Beatbullying Alianza contra el acoso escolar Rochester House National Children<\/p><p class=\"p1\">Oficina 4 Belvedere<\/p><p class=\"p1\">Road 8 Wakley Street Londres SE19 2AT EC1V 7QE<\/p><p class=\"p1\">020 8771 3377 o 020 7843 1901<\/p><p class=\"p2\"><span class=\"s1\"><a href=\"http:\/\/www.beatbullying.org\/\">www.beatbully ing.org<\/a><\/span> <span class=\"s2\">o <a href=\"http:\/\/www.anti-bullyingalliance.org.uk\/\"><span class=\"s1\">www.anti-bul<\/span>ly<span class=\"s1\"> ingalliance.org.uk<\/span><\/a><\/span><\/p>\t\t\t\t\t\t\t\t<\/div>\n\t\t\t\t<\/div>\n\t\t\t\t<\/div>\n\t\t\t\t\t<\/div>\n\t\t\t\t<\/div>\n\t\t\t\t<\/div>","protected":false},"excerpt":{"rendered":"<p>Policies Cyber-Bullying Policy and Procedure Last updated 10\/04\/2026 Language in Action embraces the advantages of modern technology in terms of the educational benefits it brings, however the company is mindful of the potential for bullying to occur. Central to the company\u2019s anti-bullying policy is the belief that \u2018all students have a right not to be [&hellip;]<\/p>\n","protected":false},"author":27,"featured_media":0,"parent":44379,"menu_order":0,"comment_status":"closed","ping_status":"closed","template":"","meta":{"_acf_changed":false,"footnotes":""},"class_list":["post-45169","page","type-page","status-publish","hentry"],"acf":[],"yoast_head":"<!-- This site is optimized with the Yoast SEO plugin v27.5 - https:\/\/yoast.com\/product\/yoast-seo-wordpress\/ -->\n<title>Cyber Bullying Policy and Procedure - Language in Action<\/title>\n<meta name=\"robots\" content=\"index, follow, max-snippet:-1, max-image-preview:large, max-video-preview:-1\" \/>\n<link rel=\"canonical\" href=\"https:\/\/languageinactionltd.co.uk\/es_mx\/politicas\/politica-y-procedimiento-en-materia-de-ciberacoso\/\" \/>\n<meta property=\"og:locale\" content=\"es_MX\" \/>\n<meta property=\"og:type\" content=\"article\" \/>\n<meta property=\"og:title\" content=\"Cyber Bullying Policy and Procedure - Language in Action\" \/>\n<meta property=\"og:description\" content=\"Policies Cyber-Bullying Policy and Procedure Last updated 10\/04\/2026 Language in Action embraces the advantages of modern technology in terms of the educational benefits it brings, however the company is mindful of the potential for bullying to occur. Central to the company\u2019s anti-bullying policy is the belief that \u2018all students have a right not to be [&hellip;]\" \/>\n<meta property=\"og:url\" content=\"https:\/\/languageinactionltd.co.uk\/es_mx\/politicas\/politica-y-procedimiento-en-materia-de-ciberacoso\/\" \/>\n<meta property=\"og:site_name\" content=\"Language in Action\" \/>\n<meta property=\"article:modified_time\" content=\"2026-04-13T10:35:32+00:00\" \/>\n<meta property=\"og:image\" content=\"https:\/\/languageinactionltd.co.uk\/wp-content\/uploads\/sites\/9\/2025\/08\/lia-social.png\" \/>\n\t<meta property=\"og:image:width\" content=\"1200\" \/>\n\t<meta property=\"og:image:height\" content=\"675\" \/>\n\t<meta property=\"og:image:type\" content=\"image\/png\" \/>\n<meta name=\"twitter:card\" content=\"summary_large_image\" \/>\n<meta name=\"twitter:label1\" content=\"Tiempo de lectura\" \/>\n\t<meta name=\"twitter:data1\" content=\"6 minutos\" \/>\n<script type=\"application\/ld+json\" class=\"yoast-schema-graph\">{\"@context\":\"https:\\\/\\\/schema.org\",\"@graph\":[{\"@type\":\"WebPage\",\"@id\":\"https:\\\/\\\/languageinactionltd.co.uk\\\/policies\\\/cyber-bullying-policy-and-procedure\\\/\",\"url\":\"https:\\\/\\\/languageinactionltd.co.uk\\\/policies\\\/cyber-bullying-policy-and-procedure\\\/\",\"name\":\"Cyber Bullying Policy and Procedure - Language in Action\",\"isPartOf\":{\"@id\":\"https:\\\/\\\/languageinactionltd.co.uk\\\/#website\"},\"datePublished\":\"2025-08-28T10:08:25+00:00\",\"dateModified\":\"2026-04-13T10:35:32+00:00\",\"breadcrumb\":{\"@id\":\"https:\\\/\\\/languageinactionltd.co.uk\\\/policies\\\/cyber-bullying-policy-and-procedure\\\/#breadcrumb\"},\"inLanguage\":\"es\",\"potentialAction\":[{\"@type\":\"ReadAction\",\"target\":[\"https:\\\/\\\/languageinactionltd.co.uk\\\/policies\\\/cyber-bullying-policy-and-procedure\\\/\"]}]},{\"@type\":\"BreadcrumbList\",\"@id\":\"https:\\\/\\\/languageinactionltd.co.uk\\\/policies\\\/cyber-bullying-policy-and-procedure\\\/#breadcrumb\",\"itemListElement\":[{\"@type\":\"ListItem\",\"position\":1,\"name\":\"Home\",\"item\":\"https:\\\/\\\/languageinactionltd.co.uk\\\/\"},{\"@type\":\"ListItem\",\"position\":2,\"name\":\"Policies\",\"item\":\"https:\\\/\\\/languageinactionltd.co.uk\\\/policies\\\/\"},{\"@type\":\"ListItem\",\"position\":3,\"name\":\"Cyber Bullying Policy and Procedure\"}]},{\"@type\":\"WebSite\",\"@id\":\"https:\\\/\\\/languageinactionltd.co.uk\\\/#website\",\"url\":\"https:\\\/\\\/languageinactionltd.co.uk\\\/\",\"name\":\"Language in Action\",\"description\":\"\",\"potentialAction\":[{\"@type\":\"SearchAction\",\"target\":{\"@type\":\"EntryPoint\",\"urlTemplate\":\"https:\\\/\\\/languageinactionltd.co.uk\\\/?s={search_term_string}\"},\"query-input\":{\"@type\":\"PropertyValueSpecification\",\"valueRequired\":true,\"valueName\":\"search_term_string\"}}],\"inLanguage\":\"es\"}]}<\/script>\n<!-- \/ Yoast SEO plugin. -->","yoast_head_json":{"title":"Pol\u00edtica y procedimiento sobre acoso cibern\u00e9tico: el lenguaje en acci\u00f3n","robots":{"index":"index","follow":"follow","max-snippet":"max-snippet:-1","max-image-preview":"max-image-preview:large","max-video-preview":"max-video-preview:-1"},"canonical":"https:\/\/languageinactionltd.co.uk\/es_mx\/politicas\/politica-y-procedimiento-en-materia-de-ciberacoso\/","og_locale":"es_MX","og_type":"article","og_title":"Cyber Bullying Policy and Procedure - Language in Action","og_description":"Policies Cyber-Bullying Policy and Procedure Last updated 10\/04\/2026 Language in Action embraces the advantages of modern technology in terms of the educational benefits it brings, however the company is mindful of the potential for bullying to occur. Central to the company\u2019s anti-bullying policy is the belief that \u2018all students have a right not to be [&hellip;]","og_url":"https:\/\/languageinactionltd.co.uk\/es_mx\/politicas\/politica-y-procedimiento-en-materia-de-ciberacoso\/","og_site_name":"Language in Action","article_modified_time":"2026-04-13T10:35:32+00:00","og_image":[{"width":1200,"height":675,"url":"https:\/\/languageinactionltd.co.uk\/wp-content\/uploads\/sites\/9\/2025\/08\/lia-social.png","type":"image\/png"}],"twitter_card":"summary_large_image","twitter_misc":{"Tiempo de lectura":"6 minutos"},"schema":{"@context":"https:\/\/schema.org","@graph":[{"@type":"WebPage","@id":"https:\/\/languageinactionltd.co.uk\/policies\/cyber-bullying-policy-and-procedure\/","url":"https:\/\/languageinactionltd.co.uk\/policies\/cyber-bullying-policy-and-procedure\/","name":"Pol\u00edtica y procedimiento sobre acoso cibern\u00e9tico: el lenguaje en acci\u00f3n","isPartOf":{"@id":"https:\/\/languageinactionltd.co.uk\/#website"},"datePublished":"2025-08-28T10:08:25+00:00","dateModified":"2026-04-13T10:35:32+00:00","breadcrumb":{"@id":"https:\/\/languageinactionltd.co.uk\/policies\/cyber-bullying-policy-and-procedure\/#breadcrumb"},"inLanguage":"es","potentialAction":[{"@type":"ReadAction","target":["https:\/\/languageinactionltd.co.uk\/policies\/cyber-bullying-policy-and-procedure\/"]}]},{"@type":"BreadcrumbList","@id":"https:\/\/languageinactionltd.co.uk\/policies\/cyber-bullying-policy-and-procedure\/#breadcrumb","itemListElement":[{"@type":"ListItem","position":1,"name":"Home","item":"https:\/\/languageinactionltd.co.uk\/"},{"@type":"ListItem","position":2,"name":"Policies","item":"https:\/\/languageinactionltd.co.uk\/policies\/"},{"@type":"ListItem","position":3,"name":"Cyber Bullying Policy and Procedure"}]},{"@type":"WebSite","@id":"https:\/\/languageinactionltd.co.uk\/#website","url":"https:\/\/languageinactionltd.co.uk\/","name":"La lengua en acci\u00f3n","description":"","potentialAction":[{"@type":"SearchAction","target":{"@type":"EntryPoint","urlTemplate":"https:\/\/languageinactionltd.co.uk\/?s={search_term_string}"},"query-input":{"@type":"PropertyValueSpecification","valueRequired":true,"valueName":"search_term_string"}}],"inLanguage":"es"}]}},"_links":{"self":[{"href":"https:\/\/languageinactionltd.co.uk\/es_mx\/wp-json\/wp\/v2\/pages\/45169","targetHints":{"allow":["GET"]}}],"collection":[{"href":"https:\/\/languageinactionltd.co.uk\/es_mx\/wp-json\/wp\/v2\/pages"}],"about":[{"href":"https:\/\/languageinactionltd.co.uk\/es_mx\/wp-json\/wp\/v2\/types\/page"}],"author":[{"embeddable":true,"href":"https:\/\/languageinactionltd.co.uk\/es_mx\/wp-json\/wp\/v2\/users\/27"}],"replies":[{"embeddable":true,"href":"https:\/\/languageinactionltd.co.uk\/es_mx\/wp-json\/wp\/v2\/comments?post=45169"}],"version-history":[{"count":7,"href":"https:\/\/languageinactionltd.co.uk\/es_mx\/wp-json\/wp\/v2\/pages\/45169\/revisions"}],"predecessor-version":[{"id":47699,"href":"https:\/\/languageinactionltd.co.uk\/es_mx\/wp-json\/wp\/v2\/pages\/45169\/revisions\/47699"}],"up":[{"embeddable":true,"href":"https:\/\/languageinactionltd.co.uk\/es_mx\/wp-json\/wp\/v2\/pages\/44379"}],"wp:attachment":[{"href":"https:\/\/languageinactionltd.co.uk\/es_mx\/wp-json\/wp\/v2\/media?parent=45169"}],"curies":[{"name":"wp","href":"https:\/\/api.w.org\/{rel}","templated":true}]}}