{"id":45119,"date":"2025-08-28T08:05:24","date_gmt":"2025-08-28T08:05:24","guid":{"rendered":"https:\/\/languageinactionltd.co.uk\/?page_id=45119"},"modified":"2026-04-13T10:34:25","modified_gmt":"2026-04-13T10:34:25","slug":"politica-de-asistencia","status":"publish","type":"page","link":"https:\/\/languageinactionltd.co.uk\/es_mx\/policies\/attendance-policy\/","title":{"rendered":"Pol\u00edtica de asistencia"},"content":{"rendered":"<div data-elementor-type=\"wp-page\" data-elementor-id=\"45119\" class=\"elementor elementor-45119\" data-elementor-post-type=\"page\">\n\t\t\t\t<div class=\"elementor-element elementor-element-1d1d6fd2 body-header-small e-flex e-con-boxed translate-yes e-con e-parent\" data-id=\"1d1d6fd2\" data-element_type=\"container\" data-e-type=\"container\" data-settings=\"{&quot;background_background&quot;:&quot;classic&quot;}\">\n\t\t\t\t\t<div class=\"e-con-inner\">\n\t\t<div class=\"elementor-element elementor-element-5d9161a5 e-con-full e-flex translate-yes e-con e-child\" data-id=\"5d9161a5\" data-element_type=\"container\" data-e-type=\"container\">\n\t\t\t\t<div class=\"elementor-element elementor-element-43325b46 sub-heading elementor-widget elementor-widget-heading\" data-id=\"43325b46\" data-element_type=\"widget\" data-e-type=\"widget\" data-widget_type=\"heading.default\">\n\t\t\t\t<div class=\"elementor-widget-container\">\n\t\t\t\t\t<span class=\"elementor-heading-title elementor-size-default\">Pol\u00edticas<\/span>\t\t\t\t<\/div>\n\t\t\t\t<\/div>\n\t\t<div class=\"elementor-element elementor-element-357b9404 e-con-full e-flex translate-yes e-con e-child\" data-id=\"357b9404\" data-element_type=\"container\" data-e-type=\"container\">\n\t\t\t\t<div class=\"elementor-element elementor-element-406ec61b elementor-widget elementor-widget-heading\" data-id=\"406ec61b\" data-element_type=\"widget\" data-e-type=\"widget\" data-widget_type=\"heading.default\">\n\t\t\t\t<div class=\"elementor-widget-container\">\n\t\t\t\t\t<h1 class=\"elementor-heading-title elementor-size-default\">Pol\u00edtica de asistencia<\/h1>\t\t\t\t<\/div>\n\t\t\t\t<\/div>\n\t\t\t\t<div class=\"elementor-element elementor-element-5090f96 elementor-widget elementor-widget-text-editor\" data-id=\"5090f96\" data-element_type=\"widget\" data-e-type=\"widget\" data-widget_type=\"text-editor.default\">\n\t\t\t\t<div class=\"elementor-widget-container\">\n\t\t\t\t\t\t\t\t\t<p><i>\u00daltima actualizaci\u00f3n 10\/04\/2026<\/i><\/p>\t\t\t\t\t\t\t\t<\/div>\n\t\t\t\t<\/div>\n\t\t\t\t<\/div>\n\t\t\t\t<\/div>\n\t\t\t\t\t<\/div>\n\t\t\t\t<\/div>\n\t\t<div class=\"elementor-element elementor-element-4afc2018 body-text-1col e-grid e-con-boxed translate-yes e-con e-parent\" data-id=\"4afc2018\" data-element_type=\"container\" data-e-type=\"container\">\n\t\t\t\t\t<div class=\"e-con-inner\">\n\t\t\t\t<div class=\"elementor-element elementor-element-494bdf91 section-style-default elementor-widget elementor-widget-Section settings\" data-id=\"494bdf91\" data-element_type=\"widget\" data-e-type=\"widget\" data-widget_type=\"Section settings.default\">\n\t\t\t\t<div class=\"elementor-widget-container\">\n\t\t\t\t\t\t\t\t\t\t\t<\/div>\n\t\t\t\t<\/div>\n\t\t<div class=\"elementor-element elementor-element-3228e59 e-con-full e-flex translate-yes e-con e-child\" data-id=\"3228e59\" data-element_type=\"container\" data-e-type=\"container\">\n\t\t\t\t<div class=\"elementor-element elementor-element-620f3485 elementor-widget elementor-widget-text-editor\" data-id=\"620f3485\" data-element_type=\"widget\" data-e-type=\"widget\" data-widget_type=\"text-editor.default\">\n\t\t\t\t<div class=\"elementor-widget-container\">\n\t\t\t\t\t\t\t\t\t<p class=\"p1\">La siguiente pol\u00edtica de asistencia se da a conocer a los alumnos, al personal y a otras partes interesadas por los siguientes medios:<\/p><ul><li><p class=\"p1\">Carteles en aulas y residencias;<\/p><\/li><li><p class=\"p1\">Cubierto en la inducci\u00f3n del primer d\u00eda del estudiante;<\/p><p class=\"p1\">Incluido en el paquete de iniciaci\u00f3n para estudiantes;<\/p><\/li><li><p class=\"p1\">Cubierto en la inducci\u00f3n del personal;<\/p><\/li><li><p class=\"p1\">Incluido en el Manual del Personal y en el Manual del Profesor (en la sala de profesores y en la unidad compartida);<\/p><\/li><li><p class=\"p1\">Disponible en la secci\u00f3n de pol\u00edticas del sitio web de Lengua en Acci\u00f3n.<\/p><\/li><\/ul><p>El Ministerio del Interior exige que todos los estudiantes de un curso en escuelas de idiomas, institutos y universidades asistan a <strong>100%<\/strong> de sus clases con el m\u00ednimo de <strong>80%<\/strong>.<\/p><p>Si los estudiantes no asisten al menos al 80% de su curso, no podr\u00e1n obtener un certificado o informe final y pueden tener problemas con la futura pr\u00f3rroga\/renovaci\u00f3n del visado.<\/p><p>Se informar\u00e1 a UKVI de todos los estudiantes con un visado de nivel 4 cuya asistencia al curso sea inferior a <strong>80%<\/strong>.<\/p><h5 class=\"p1\"><strong>Por favor, informe a los estudiantes que lo que tienen que hacer es:<\/strong><\/h5><p class=\"p1\"><strong>Si est\u00e1 enfermo<\/strong><\/p><p class=\"p1\">Informar a la escuela 30 minutos antes del comienzo de la clase. Se considerar\u00e1 ausencia autorizada. Si est\u00e1s enfermo durante 3 d\u00edas o m\u00e1s, debes traer una nota del m\u00e9dico.<\/p><p class=\"p1\"><strong>Si desea unas vacaciones<\/strong><\/p><p class=\"p1\">Las vacaciones no pueden tomarse durante el periodo lectivo sin acuerdo previo.<\/p><p class=\"p1\"><strong>Si se toma tiempo libre <span class=\"s1\">sin <\/span>notific\u00e1ndonos<\/strong><\/p><p>Si no acuerda su ausencia con LIA o no llama cuando est\u00e1 enfermo, se considerar\u00e1 como ausencia no autorizada y su asistencia se ver\u00e1 afectada.<\/p><h5 class=\"p1\"><strong>Si su asistencia empieza a bajar, se seguir\u00e1n los siguientes procedimientos:<\/strong><\/h5><p class=\"p1\"><strong>Si su asistencia empieza a caer por debajo de <span class=\"s1\">83%<\/span><\/strong><\/p><p class=\"p1\"><i>Le informaremos en persona o mediante una nota <\/i><i>dado a usted por su l\u00edder \/ maestro que estamos <\/i><i>preocupado por su asistencia, recordando <\/i><i>usted acerca de la asistencia bajo 80%<\/i><\/p><p class=\"p1\"><strong>Si su asistencia es inferior a <span class=\"s1\">80% <\/span>(sin permiso)<\/strong><\/p><p>Recibir\u00e1 una advertencia verbal. La amonestaci\u00f3n quedar\u00e1 registrada en su expediente.<\/p><p class=\"p1\"><strong>Si su asistencia es inferior a <span class=\"s1\">80% <\/span>y ha seguido bajando desde su amonestaci\u00f3n verbal O falta 3 d\u00edas seguidos (sin permiso)<\/strong><\/p><p>Se le expedir\u00e1 un primer apercibimiento por escrito y se le citar\u00e1 para que acuda a ver al director del centro para que explique su ausencia no autorizada, que se a\u00f1adir\u00e1 a su expediente.<\/p><p class=\"p1\"><strong>Si su asistencia es inferior a <span class=\"s1\">80% <\/span>desde el primer apercibimiento por escrito y ha seguido bajando O falta otros 3 d\u00edas seguidos (sin permiso)<\/strong><\/p><p>Se le enviar\u00e1 un segundo apercibimiento por escrito y se le dar\u00e1 una cita para que vaya a ver al director del centro para que explique sus continuas ausencias no autorizadas, lo que se a\u00f1adir\u00e1 a su expediente y se notificar\u00e1 a su agente\/padre que ha recibido el \u00faltimo apercibimiento. Esta es su \u00faltima oportunidad para mejorar. Un miembro de la Oficina Central le entregar\u00e1 un Acuerdo de Asistencia. En \u00e9l se explicar\u00e1n las condiciones del curso y la pol\u00edtica de asistencia. Si sigues faltando a clase sin permiso, podr\u00e1s ser expulsado de la escuela sin derecho a reembolso.<\/p><p class=\"p1\"><strong>Si ha faltado 10 d\u00edas seguidos (sin permiso)<\/strong><\/p><p class=\"p1\">Se informar\u00e1 al Ministerio del Interior del Reino Unido de que has incumplido las condiciones de tu visado. Se le pedir\u00e1 que abandone la escuela y se informar\u00e1 a sus padres o a su representante. Si tienes un visado de nivel 4, se te pedir\u00e1 que abandones el pa\u00eds inmediatamente.<\/p>\t\t\t\t\t\t\t\t<\/div>\n\t\t\t\t<\/div>\n\t\t\t\t<\/div>\n\t\t\t\t\t<\/div>\n\t\t\t\t<\/div>\n\t\t\t\t<\/div>","protected":false},"excerpt":{"rendered":"<p>Policies Attendance Policy Last updated 10\/04\/2026 The following attendance policy is made known to students, staff and other stakeholders by the following means: Posters in classrooms and residences; Covered in the student first day induction; Included in the Student Induction Pack; Covered in the staff induction; Included in the Staff Handbook and the Teacher Handbook [&hellip;]<\/p>\n","protected":false},"author":27,"featured_media":0,"parent":44379,"menu_order":0,"comment_status":"closed","ping_status":"closed","template":"","meta":{"_acf_changed":false,"footnotes":""},"class_list":["post-45119","page","type-page","status-publish","hentry"],"acf":[],"yoast_head":"<!-- This site is optimized with the Yoast SEO plugin v27.5 - https:\/\/yoast.com\/product\/yoast-seo-wordpress\/ -->\n<title>Attendance Policy - Language in Action<\/title>\n<meta name=\"robots\" content=\"index, follow, max-snippet:-1, max-image-preview:large, max-video-preview:-1\" \/>\n<link rel=\"canonical\" href=\"https:\/\/languageinactionltd.co.uk\/es_mx\/politicas\/politica-de-asistencia\/\" \/>\n<meta property=\"og:locale\" content=\"es_MX\" \/>\n<meta property=\"og:type\" content=\"article\" \/>\n<meta property=\"og:title\" content=\"Attendance Policy - Language in Action\" \/>\n<meta property=\"og:description\" content=\"Policies Attendance Policy Last updated 10\/04\/2026 The following attendance policy is made known to students, staff and other stakeholders by the following means: Posters in classrooms and residences; Covered in the student first day induction; Included in the Student Induction Pack; Covered in the staff induction; Included in the Staff Handbook and the Teacher Handbook [&hellip;]\" \/>\n<meta property=\"og:url\" content=\"https:\/\/languageinactionltd.co.uk\/es_mx\/politicas\/politica-de-asistencia\/\" \/>\n<meta property=\"og:site_name\" content=\"Language in Action\" \/>\n<meta property=\"article:modified_time\" content=\"2026-04-13T10:34:25+00:00\" \/>\n<meta property=\"og:image\" content=\"https:\/\/languageinactionltd.co.uk\/wp-content\/uploads\/sites\/9\/2025\/08\/lia-social.png\" \/>\n\t<meta property=\"og:image:width\" content=\"1200\" \/>\n\t<meta property=\"og:image:height\" content=\"675\" \/>\n\t<meta property=\"og:image:type\" content=\"image\/png\" \/>\n<meta name=\"twitter:card\" content=\"summary_large_image\" \/>\n<meta name=\"twitter:label1\" content=\"Tiempo de lectura\" \/>\n\t<meta name=\"twitter:data1\" content=\"3 minutos\" \/>\n<script type=\"application\/ld+json\" class=\"yoast-schema-graph\">{\"@context\":\"https:\\\/\\\/schema.org\",\"@graph\":[{\"@type\":\"WebPage\",\"@id\":\"https:\\\/\\\/languageinactionltd.co.uk\\\/policies\\\/attendance-policy\\\/\",\"url\":\"https:\\\/\\\/languageinactionltd.co.uk\\\/policies\\\/attendance-policy\\\/\",\"name\":\"Attendance Policy - Language in Action\",\"isPartOf\":{\"@id\":\"https:\\\/\\\/languageinactionltd.co.uk\\\/#website\"},\"datePublished\":\"2025-08-28T08:05:24+00:00\",\"dateModified\":\"2026-04-13T10:34:25+00:00\",\"breadcrumb\":{\"@id\":\"https:\\\/\\\/languageinactionltd.co.uk\\\/policies\\\/attendance-policy\\\/#breadcrumb\"},\"inLanguage\":\"es\",\"potentialAction\":[{\"@type\":\"ReadAction\",\"target\":[\"https:\\\/\\\/languageinactionltd.co.uk\\\/policies\\\/attendance-policy\\\/\"]}]},{\"@type\":\"BreadcrumbList\",\"@id\":\"https:\\\/\\\/languageinactionltd.co.uk\\\/policies\\\/attendance-policy\\\/#breadcrumb\",\"itemListElement\":[{\"@type\":\"ListItem\",\"position\":1,\"name\":\"Home\",\"item\":\"https:\\\/\\\/languageinactionltd.co.uk\\\/\"},{\"@type\":\"ListItem\",\"position\":2,\"name\":\"Policies\",\"item\":\"https:\\\/\\\/languageinactionltd.co.uk\\\/policies\\\/\"},{\"@type\":\"ListItem\",\"position\":3,\"name\":\"Attendance Policy\"}]},{\"@type\":\"WebSite\",\"@id\":\"https:\\\/\\\/languageinactionltd.co.uk\\\/#website\",\"url\":\"https:\\\/\\\/languageinactionltd.co.uk\\\/\",\"name\":\"Language in Action\",\"description\":\"\",\"potentialAction\":[{\"@type\":\"SearchAction\",\"target\":{\"@type\":\"EntryPoint\",\"urlTemplate\":\"https:\\\/\\\/languageinactionltd.co.uk\\\/?s={search_term_string}\"},\"query-input\":{\"@type\":\"PropertyValueSpecification\",\"valueRequired\":true,\"valueName\":\"search_term_string\"}}],\"inLanguage\":\"es\"}]}<\/script>\n<!-- \/ Yoast SEO plugin. -->","yoast_head_json":{"title":"Pol\u00edtica de asistencia - La lengua en acci\u00f3n","robots":{"index":"index","follow":"follow","max-snippet":"max-snippet:-1","max-image-preview":"max-image-preview:large","max-video-preview":"max-video-preview:-1"},"canonical":"https:\/\/languageinactionltd.co.uk\/es_mx\/politicas\/politica-de-asistencia\/","og_locale":"es_MX","og_type":"article","og_title":"Attendance Policy - Language in Action","og_description":"Policies Attendance Policy Last updated 10\/04\/2026 The following attendance policy is made known to students, staff and other stakeholders by the following means: Posters in classrooms and residences; Covered in the student first day induction; Included in the Student Induction Pack; Covered in the staff induction; Included in the Staff Handbook and the Teacher Handbook [&hellip;]","og_url":"https:\/\/languageinactionltd.co.uk\/es_mx\/politicas\/politica-de-asistencia\/","og_site_name":"Language in Action","article_modified_time":"2026-04-13T10:34:25+00:00","og_image":[{"width":1200,"height":675,"url":"https:\/\/languageinactionltd.co.uk\/wp-content\/uploads\/sites\/9\/2025\/08\/lia-social.png","type":"image\/png"}],"twitter_card":"summary_large_image","twitter_misc":{"Tiempo de lectura":"3 minutos"},"schema":{"@context":"https:\/\/schema.org","@graph":[{"@type":"WebPage","@id":"https:\/\/languageinactionltd.co.uk\/policies\/attendance-policy\/","url":"https:\/\/languageinactionltd.co.uk\/policies\/attendance-policy\/","name":"Pol\u00edtica de asistencia - La lengua en acci\u00f3n","isPartOf":{"@id":"https:\/\/languageinactionltd.co.uk\/#website"},"datePublished":"2025-08-28T08:05:24+00:00","dateModified":"2026-04-13T10:34:25+00:00","breadcrumb":{"@id":"https:\/\/languageinactionltd.co.uk\/policies\/attendance-policy\/#breadcrumb"},"inLanguage":"es","potentialAction":[{"@type":"ReadAction","target":["https:\/\/languageinactionltd.co.uk\/policies\/attendance-policy\/"]}]},{"@type":"BreadcrumbList","@id":"https:\/\/languageinactionltd.co.uk\/policies\/attendance-policy\/#breadcrumb","itemListElement":[{"@type":"ListItem","position":1,"name":"Home","item":"https:\/\/languageinactionltd.co.uk\/"},{"@type":"ListItem","position":2,"name":"Policies","item":"https:\/\/languageinactionltd.co.uk\/policies\/"},{"@type":"ListItem","position":3,"name":"Attendance Policy"}]},{"@type":"WebSite","@id":"https:\/\/languageinactionltd.co.uk\/#website","url":"https:\/\/languageinactionltd.co.uk\/","name":"La lengua en acci\u00f3n","description":"","potentialAction":[{"@type":"SearchAction","target":{"@type":"EntryPoint","urlTemplate":"https:\/\/languageinactionltd.co.uk\/?s={search_term_string}"},"query-input":{"@type":"PropertyValueSpecification","valueRequired":true,"valueName":"search_term_string"}}],"inLanguage":"es"}]}},"_links":{"self":[{"href":"https:\/\/languageinactionltd.co.uk\/es_mx\/wp-json\/wp\/v2\/pages\/45119","targetHints":{"allow":["GET"]}}],"collection":[{"href":"https:\/\/languageinactionltd.co.uk\/es_mx\/wp-json\/wp\/v2\/pages"}],"about":[{"href":"https:\/\/languageinactionltd.co.uk\/es_mx\/wp-json\/wp\/v2\/types\/page"}],"author":[{"embeddable":true,"href":"https:\/\/languageinactionltd.co.uk\/es_mx\/wp-json\/wp\/v2\/users\/27"}],"replies":[{"embeddable":true,"href":"https:\/\/languageinactionltd.co.uk\/es_mx\/wp-json\/wp\/v2\/comments?post=45119"}],"version-history":[{"count":7,"href":"https:\/\/languageinactionltd.co.uk\/es_mx\/wp-json\/wp\/v2\/pages\/45119\/revisions"}],"predecessor-version":[{"id":47681,"href":"https:\/\/languageinactionltd.co.uk\/es_mx\/wp-json\/wp\/v2\/pages\/45119\/revisions\/47681"}],"up":[{"embeddable":true,"href":"https:\/\/languageinactionltd.co.uk\/es_mx\/wp-json\/wp\/v2\/pages\/44379"}],"wp:attachment":[{"href":"https:\/\/languageinactionltd.co.uk\/es_mx\/wp-json\/wp\/v2\/media?parent=45119"}],"curies":[{"name":"wp","href":"https:\/\/api.w.org\/{rel}","templated":true}]}}