{"id":45405,"date":"2025-09-01T08:11:50","date_gmt":"2025-09-01T08:11:50","guid":{"rendered":"https:\/\/languageinactionltd.co.uk\/?page_id=45405"},"modified":"2026-04-13T10:38:07","modified_gmt":"2026-04-13T10:38:07","slug":"politica-de-ausencias","status":"publish","type":"page","link":"https:\/\/languageinactionltd.co.uk\/es\/policies\/absent-policy\/","title":{"rendered":"Pol\u00edtica de ausencias"},"content":{"rendered":"<div data-elementor-type=\"wp-page\" data-elementor-id=\"45405\" class=\"elementor elementor-45405\" data-elementor-post-type=\"page\">\n\t\t\t\t<div class=\"elementor-element elementor-element-5eb147cd body-header-small e-flex e-con-boxed translate-yes e-con e-parent\" data-id=\"5eb147cd\" data-element_type=\"container\" data-e-type=\"container\" data-settings=\"{&quot;background_background&quot;:&quot;classic&quot;}\">\n\t\t\t\t\t<div class=\"e-con-inner\">\n\t\t<div class=\"elementor-element elementor-element-1ae0127b e-con-full e-flex translate-yes e-con e-child\" data-id=\"1ae0127b\" data-element_type=\"container\" data-e-type=\"container\">\n\t\t\t\t<div class=\"elementor-element elementor-element-7644f30f sub-heading elementor-widget elementor-widget-heading\" data-id=\"7644f30f\" data-element_type=\"widget\" data-e-type=\"widget\" data-widget_type=\"heading.default\">\n\t\t\t\t<div class=\"elementor-widget-container\">\n\t\t\t\t\t<span class=\"elementor-heading-title elementor-size-default\">Pol\u00edticas<\/span>\t\t\t\t<\/div>\n\t\t\t\t<\/div>\n\t\t<div class=\"elementor-element elementor-element-4e03033e e-con-full e-flex translate-yes e-con e-child\" data-id=\"4e03033e\" data-element_type=\"container\" data-e-type=\"container\">\n\t\t\t\t<div class=\"elementor-element elementor-element-2ffaefc1 elementor-widget elementor-widget-heading\" data-id=\"2ffaefc1\" data-element_type=\"widget\" data-e-type=\"widget\" data-widget_type=\"heading.default\">\n\t\t\t\t<div class=\"elementor-widget-container\">\n\t\t\t\t\t<h1 class=\"elementor-heading-title elementor-size-default\">Pol\u00edtica general para estudiantes ausentes<\/h1>\t\t\t\t<\/div>\n\t\t\t\t<\/div>\n\t\t\t\t<div class=\"elementor-element elementor-element-b9231c8 elementor-widget elementor-widget-text-editor\" data-id=\"b9231c8\" data-element_type=\"widget\" data-e-type=\"widget\" data-widget_type=\"text-editor.default\">\n\t\t\t\t<div class=\"elementor-widget-container\">\n\t\t\t\t\t\t\t\t\t<p><i>\u00daltima actualizaci\u00f3n 10\/04\/2026<\/i><\/p>\t\t\t\t\t\t\t\t<\/div>\n\t\t\t\t<\/div>\n\t\t\t\t<\/div>\n\t\t\t\t<\/div>\n\t\t\t\t\t<\/div>\n\t\t\t\t<\/div>\n\t\t<div class=\"elementor-element elementor-element-7f3bb87a body-text-1col e-grid e-con-boxed translate-yes e-con e-parent\" data-id=\"7f3bb87a\" data-element_type=\"container\" data-e-type=\"container\">\n\t\t\t\t\t<div class=\"e-con-inner\">\n\t\t\t\t<div class=\"elementor-element elementor-element-1daa8014 section-style-default elementor-widget elementor-widget-Section settings\" data-id=\"1daa8014\" data-element_type=\"widget\" data-e-type=\"widget\" data-widget_type=\"Section settings.default\">\n\t\t\t\t<div class=\"elementor-widget-container\">\n\t\t\t\t\t\t\t\t\t\t\t<\/div>\n\t\t\t\t<\/div>\n\t\t<div class=\"elementor-element elementor-element-567f32af e-con-full e-flex translate-yes e-con e-child\" data-id=\"567f32af\" data-element_type=\"container\" data-e-type=\"container\">\n\t\t\t\t<div class=\"elementor-element elementor-element-4c9780d1 elementor-widget elementor-widget-text-editor\" data-id=\"4c9780d1\" data-element_type=\"widget\" data-e-type=\"widget\" data-widget_type=\"text-editor.default\">\n\t\t\t\t<div class=\"elementor-widget-container\">\n\t\t\t\t\t\t\t\t\t<p class=\"p1\"><b>A. De excursi\u00f3n <\/b><\/p><p class=\"p1\">El director de la actividad debe asegurarse de que los estudiantes y los jefes de grupo de la agencia conozcan perfectamente el itinerario; en muchos casos, los jefes de grupo de la agencia y los estudiantes recibir\u00e1n un folleto con estos detalles. Los estudiantes deben saber cu\u00e1l es el punto de encuentro y qu\u00e9 hacer si se separan del grupo.<\/p><p class=\"p1\">Si se pierden durante un viaje, hay que decirles a los alumnos:<\/p><ol><li><p class=\"p2\">Llamar al jefe de grupo de su agencia (o a sus amigos)<\/p><\/li><li><p class=\"p2\">Ir al punto de encuentro y esperar al grupo<\/p><\/li><li><p class=\"p2\">Llame al n\u00famero de emergencia de LiA<\/p><\/li><li><p class=\"p2\">Busque a un polic\u00eda y mu\u00e9strele alguna identificaci\u00f3n como estudiante de Lengua en Acci\u00f3n (en la tarjeta de identificaci\u00f3n Lanyard).<\/p><\/li><\/ol><p class=\"p1\">Los Directores de Actividades y los Jefes de Grupo de las agencias deber\u00e1n realizar recuentos peri\u00f3dicos, especialmente en los puntos de llegada y salida, y al separar y reformar los grupos.<\/p><p class=\"p1\">Si un alumno se pierde, el responsable de la actividad debe llamar inmediatamente a la direcci\u00f3n del centro, que tomar\u00e1 las medidas oportunas. El responsable de la actividad deber\u00e1 seguir intentando ponerse en contacto con el estudiante a trav\u00e9s de su tel\u00e9fono m\u00f3vil. Si el estudiante pertenece a un grupo, el responsable de la actividad debe ponerse en contacto con el responsable del grupo de la agencia e informarle del problema y asegurarse de que el responsable del grupo de la agencia ayude a localizar al estudiante.<\/p><p class=\"p1\">Si se acerca el final del d\u00eda y el grupo tiene que marcharse, el responsable de grupo de la agencia del alumno y\/o un responsable de actividad deben quedarse en el punto de encuentro para localizar al alumno. El resto del grupo deber\u00e1 marcharse con los dem\u00e1s Responsables de Actividad.<\/p><p class=\"p1\">(Tenga en cuenta los ratios de supervisi\u00f3n entre el personal y los alumnos. Pide a otro miembro del personal que llegue hasta el grupo si es necesario).<\/p><p class=\"p1\">No es frecuente que se pierdan alumnos en una excursi\u00f3n, pero puede ocurrir. Sin embargo, es a\u00fan m\u00e1s raro que no los encontremos r\u00e1pidamente, sobre todo ahora que los tel\u00e9fonos m\u00f3viles son de uso com\u00fan.<\/p><p class=\"p1\"><strong>Otras acciones<\/strong><\/p><p class=\"p1\">El Director del Centro \/ Responsable de Bienestar continuar\u00e1 intentando llamar al estudiante a su m\u00f3vil.<\/p><p class=\"p1\">Si el alumno no ha sido localizado 1 hora despu\u00e9s de la hora de encuentro acordada, la escuela se pondr\u00e1 en contacto con los padres\/tutores para informarles de que el ni\u00f1o ha desaparecido.<\/p><p class=\"p1\">Si el alumno no ha sido localizado en un plazo de 2 horas durante el d\u00eda, o de 1 hora y media durante la tarde o la noche despu\u00e9s de que se haya fijado la hora de la reuni\u00f3n, la escuela se pondr\u00e1 en contacto con la polic\u00eda local para solicitar ayuda.<\/p><p class=\"p1\"><b>B. In situ <\/b><\/p><p class=\"p1\"><b>Clases<\/b><\/p><p class=\"p1\">Si los alumnos menores de 18 a\u00f1os no acuden a clase para matricularse, los profesores deber\u00e1n informar inmediatamente al DoS\/Personal de Direcci\u00f3n del Centro.<\/p><p class=\"p1\">Tan pronto como el personal de direcci\u00f3n del Centro descubra que un estudiante est\u00e1 ausente, intentar\u00e1 ponerse en contacto con \u00e9l (o con el Jefe de Grupo de la agencia si el estudiante forma parte de un grupo) por tel\u00e9fono m\u00f3vil. Tambi\u00e9n se pondr\u00e1 en contacto con el personal de las instalaciones en las que se aloje.<\/p><p class=\"p1\"><strong>Otras medidas<\/strong><\/p><p class=\"p1\">Si al cabo de una hora el alumno sigue sin ser localizado, se avisar\u00e1 a los padres o tutores. Si el alumno no ha sido localizado en un plazo de 3 horas, la escuela se pondr\u00e1 en contacto con la polic\u00eda para informarles de la situaci\u00f3n. La polic\u00eda le aconsejar\u00e1 sobre las medidas a tomar.<\/p><p class=\"p1\"><b>C. En Residencia o Estancia Domiciliaria <\/b><\/p><p class=\"p1\">Los estudiantes menores de 18 a\u00f1os tienen un toque de queda. Esto es:<\/p><p class=\"p1\">El toque de queda para los menores de 18 a\u00f1os es a las 23.00 los viernes y s\u00e1bados y a las 22.30 los dem\u00e1s d\u00edas de la semana. Los menores de 16 a\u00f1os deben permanecer en su casa de familia o residencia una vez que hayan regresado por la noche, a menos que vayan acompa\u00f1ados por un responsable de grupo.<\/p><p class=\"p1\">Si los estudiantes no regresan despu\u00e9s de las actividades de la tarde\/noche, o si no regresan a tiempo para el toque de queda, los Responsables de las Actividades informar\u00e1n al Director del Centro (si est\u00e1n en casa de familia, se ha aconsejado a los anfitriones que se pongan en contacto con el n\u00famero de tel\u00e9fono de emergencia de LiA).<\/p><p class=\"p1\">A continuaci\u00f3n, el personal de la Direcci\u00f3n del Centro intentar\u00e1 ponerse en contacto telef\u00f3nico con el estudiante (o con el responsable del grupo de la agencia si forma parte de un grupo).<\/p><p class=\"p1\">Si no pueden localizar al alumno en el plazo de 1 hora, se pondr\u00e1n en contacto con los padres o tutores.<\/p><p class=\"p1\">Si el alumno no puede ser localizado en el plazo de 1,30 horas despu\u00e9s de faltar a las actividades de la tarde\/noche o de faltar al toque de queda, la escuela se pondr\u00e1 en contacto con la Polic\u00eda.<\/p><p class=\"p1\"><strong>Esta pol\u00edtica figura tanto en el Manual del Personal como en el Manual del Profesor. Se explica a todo el personal (tanto acad\u00e9mico como operativo) durante su iniciaci\u00f3n. Este procedimiento tambi\u00e9n se explica a todos los alumnos.<\/strong><\/p>\t\t\t\t\t\t\t\t<\/div>\n\t\t\t\t<\/div>\n\t\t\t\t<\/div>\n\t\t\t\t\t<\/div>\n\t\t\t\t<\/div>\n\t\t\t\t<\/div>","protected":false},"excerpt":{"rendered":"<p>Policies General policy for absent \/ missing students Last updated 10\/04\/2026 A. On Excursion The Activity Manager should ensure that students and agency Group Leaders are fully aware of the itinerary \u2013 in many cases agency GLs \/ individual students will receive a leaflet with these details. Students should know where the meeting point is [&hellip;]<\/p>\n","protected":false},"author":27,"featured_media":0,"parent":44379,"menu_order":0,"comment_status":"closed","ping_status":"closed","template":"","meta":{"_acf_changed":false,"footnotes":""},"class_list":["post-45405","page","type-page","status-publish","hentry"],"acf":[],"yoast_head":"<!-- This site is optimized with the Yoast SEO plugin v27.5 - https:\/\/yoast.com\/product\/yoast-seo-wordpress\/ -->\n<title>Absent policy - Language in Action<\/title>\n<meta name=\"robots\" content=\"index, follow, max-snippet:-1, max-image-preview:large, max-video-preview:-1\" \/>\n<link rel=\"canonical\" href=\"https:\/\/languageinactionltd.co.uk\/es\/politicas\/politica-de-ausencias\/\" \/>\n<meta property=\"og:locale\" content=\"es_ES\" \/>\n<meta property=\"og:type\" content=\"article\" \/>\n<meta property=\"og:title\" content=\"Absent policy - Language in Action\" \/>\n<meta property=\"og:description\" content=\"Policies General policy for absent \/ missing students Last updated 10\/04\/2026 A. On Excursion The Activity Manager should ensure that students and agency Group Leaders are fully aware of the itinerary \u2013 in many cases agency GLs \/ individual students will receive a leaflet with these details. Students should know where the meeting point is [&hellip;]\" \/>\n<meta property=\"og:url\" content=\"https:\/\/languageinactionltd.co.uk\/es\/politicas\/politica-de-ausencias\/\" \/>\n<meta property=\"og:site_name\" content=\"Language in Action\" \/>\n<meta property=\"article:modified_time\" content=\"2026-04-13T10:38:07+00:00\" \/>\n<meta property=\"og:image\" content=\"https:\/\/languageinactionltd.co.uk\/wp-content\/uploads\/sites\/9\/2025\/08\/lia-social.png\" \/>\n\t<meta property=\"og:image:width\" content=\"1200\" \/>\n\t<meta property=\"og:image:height\" content=\"675\" \/>\n\t<meta property=\"og:image:type\" content=\"image\/png\" \/>\n<meta name=\"twitter:card\" content=\"summary_large_image\" \/>\n<meta name=\"twitter:label1\" content=\"Tiempo de lectura\" \/>\n\t<meta name=\"twitter:data1\" content=\"4 minutos\" \/>\n<script type=\"application\/ld+json\" class=\"yoast-schema-graph\">{\"@context\":\"https:\\\/\\\/schema.org\",\"@graph\":[{\"@type\":\"WebPage\",\"@id\":\"https:\\\/\\\/languageinactionltd.co.uk\\\/policies\\\/absent-policy\\\/\",\"url\":\"https:\\\/\\\/languageinactionltd.co.uk\\\/policies\\\/absent-policy\\\/\",\"name\":\"Absent policy - Language in Action\",\"isPartOf\":{\"@id\":\"https:\\\/\\\/languageinactionltd.co.uk\\\/#website\"},\"datePublished\":\"2025-09-01T08:11:50+00:00\",\"dateModified\":\"2026-04-13T10:38:07+00:00\",\"breadcrumb\":{\"@id\":\"https:\\\/\\\/languageinactionltd.co.uk\\\/policies\\\/absent-policy\\\/#breadcrumb\"},\"inLanguage\":\"es\",\"potentialAction\":[{\"@type\":\"ReadAction\",\"target\":[\"https:\\\/\\\/languageinactionltd.co.uk\\\/policies\\\/absent-policy\\\/\"]}]},{\"@type\":\"BreadcrumbList\",\"@id\":\"https:\\\/\\\/languageinactionltd.co.uk\\\/policies\\\/absent-policy\\\/#breadcrumb\",\"itemListElement\":[{\"@type\":\"ListItem\",\"position\":1,\"name\":\"Home\",\"item\":\"https:\\\/\\\/languageinactionltd.co.uk\\\/\"},{\"@type\":\"ListItem\",\"position\":2,\"name\":\"Policies\",\"item\":\"https:\\\/\\\/languageinactionltd.co.uk\\\/policies\\\/\"},{\"@type\":\"ListItem\",\"position\":3,\"name\":\"Absent policy\"}]},{\"@type\":\"WebSite\",\"@id\":\"https:\\\/\\\/languageinactionltd.co.uk\\\/#website\",\"url\":\"https:\\\/\\\/languageinactionltd.co.uk\\\/\",\"name\":\"Language in Action\",\"description\":\"\",\"potentialAction\":[{\"@type\":\"SearchAction\",\"target\":{\"@type\":\"EntryPoint\",\"urlTemplate\":\"https:\\\/\\\/languageinactionltd.co.uk\\\/?s={search_term_string}\"},\"query-input\":{\"@type\":\"PropertyValueSpecification\",\"valueRequired\":true,\"valueName\":\"search_term_string\"}}],\"inLanguage\":\"es\"}]}<\/script>\n<!-- \/ Yoast SEO plugin. -->","yoast_head_json":{"title":"Pol\u00edtica de ausencias - La lengua en acci\u00f3n","robots":{"index":"index","follow":"follow","max-snippet":"max-snippet:-1","max-image-preview":"max-image-preview:large","max-video-preview":"max-video-preview:-1"},"canonical":"https:\/\/languageinactionltd.co.uk\/es\/politicas\/politica-de-ausencias\/","og_locale":"es_ES","og_type":"article","og_title":"Absent policy - Language in Action","og_description":"Policies General policy for absent \/ missing students Last updated 10\/04\/2026 A. On Excursion The Activity Manager should ensure that students and agency Group Leaders are fully aware of the itinerary \u2013 in many cases agency GLs \/ individual students will receive a leaflet with these details. Students should know where the meeting point is [&hellip;]","og_url":"https:\/\/languageinactionltd.co.uk\/es\/politicas\/politica-de-ausencias\/","og_site_name":"Language in Action","article_modified_time":"2026-04-13T10:38:07+00:00","og_image":[{"width":1200,"height":675,"url":"https:\/\/languageinactionltd.co.uk\/wp-content\/uploads\/sites\/9\/2025\/08\/lia-social.png","type":"image\/png"}],"twitter_card":"summary_large_image","twitter_misc":{"Tiempo de lectura":"4 minutos"},"schema":{"@context":"https:\/\/schema.org","@graph":[{"@type":"WebPage","@id":"https:\/\/languageinactionltd.co.uk\/policies\/absent-policy\/","url":"https:\/\/languageinactionltd.co.uk\/policies\/absent-policy\/","name":"Pol\u00edtica de ausencias - La lengua en acci\u00f3n","isPartOf":{"@id":"https:\/\/languageinactionltd.co.uk\/#website"},"datePublished":"2025-09-01T08:11:50+00:00","dateModified":"2026-04-13T10:38:07+00:00","breadcrumb":{"@id":"https:\/\/languageinactionltd.co.uk\/policies\/absent-policy\/#breadcrumb"},"inLanguage":"es","potentialAction":[{"@type":"ReadAction","target":["https:\/\/languageinactionltd.co.uk\/policies\/absent-policy\/"]}]},{"@type":"BreadcrumbList","@id":"https:\/\/languageinactionltd.co.uk\/policies\/absent-policy\/#breadcrumb","itemListElement":[{"@type":"ListItem","position":1,"name":"Home","item":"https:\/\/languageinactionltd.co.uk\/"},{"@type":"ListItem","position":2,"name":"Policies","item":"https:\/\/languageinactionltd.co.uk\/policies\/"},{"@type":"ListItem","position":3,"name":"Absent policy"}]},{"@type":"WebSite","@id":"https:\/\/languageinactionltd.co.uk\/#website","url":"https:\/\/languageinactionltd.co.uk\/","name":"La lengua en acci\u00f3n","description":"","potentialAction":[{"@type":"SearchAction","target":{"@type":"EntryPoint","urlTemplate":"https:\/\/languageinactionltd.co.uk\/?s={search_term_string}"},"query-input":{"@type":"PropertyValueSpecification","valueRequired":true,"valueName":"search_term_string"}}],"inLanguage":"es"}]}},"_links":{"self":[{"href":"https:\/\/languageinactionltd.co.uk\/es\/wp-json\/wp\/v2\/pages\/45405","targetHints":{"allow":["GET"]}}],"collection":[{"href":"https:\/\/languageinactionltd.co.uk\/es\/wp-json\/wp\/v2\/pages"}],"about":[{"href":"https:\/\/languageinactionltd.co.uk\/es\/wp-json\/wp\/v2\/types\/page"}],"author":[{"embeddable":true,"href":"https:\/\/languageinactionltd.co.uk\/es\/wp-json\/wp\/v2\/users\/27"}],"replies":[{"embeddable":true,"href":"https:\/\/languageinactionltd.co.uk\/es\/wp-json\/wp\/v2\/comments?post=45405"}],"version-history":[{"count":7,"href":"https:\/\/languageinactionltd.co.uk\/es\/wp-json\/wp\/v2\/pages\/45405\/revisions"}],"predecessor-version":[{"id":47741,"href":"https:\/\/languageinactionltd.co.uk\/es\/wp-json\/wp\/v2\/pages\/45405\/revisions\/47741"}],"up":[{"embeddable":true,"href":"https:\/\/languageinactionltd.co.uk\/es\/wp-json\/wp\/v2\/pages\/44379"}],"wp:attachment":[{"href":"https:\/\/languageinactionltd.co.uk\/es\/wp-json\/wp\/v2\/media?parent=45405"}],"curies":[{"name":"wp","href":"https:\/\/api.w.org\/{rel}","templated":true}]}}