{"id":45375,"date":"2025-09-01T07:10:52","date_gmt":"2025-09-01T07:10:52","guid":{"rendered":"https:\/\/languageinactionltd.co.uk\/?page_id=45375"},"modified":"2026-04-13T10:38:02","modified_gmt":"2026-04-13T10:38:02","slug":"politica-de-salud-y-seguridad","status":"publish","type":"page","link":"https:\/\/languageinactionltd.co.uk\/es\/policies\/health-and-safety-policy\/","title":{"rendered":"Pol\u00edtica de salud y seguridad"},"content":{"rendered":"<div data-elementor-type=\"wp-page\" data-elementor-id=\"45375\" class=\"elementor elementor-45375\" data-elementor-post-type=\"page\">\n\t\t\t\t<div class=\"elementor-element elementor-element-114acbb4 body-header-small e-flex e-con-boxed translate-yes e-con e-parent\" data-id=\"114acbb4\" data-element_type=\"container\" data-e-type=\"container\" data-settings=\"{&quot;background_background&quot;:&quot;classic&quot;}\">\n\t\t\t\t\t<div class=\"e-con-inner\">\n\t\t<div class=\"elementor-element elementor-element-778c4f19 e-con-full e-flex translate-yes e-con e-child\" data-id=\"778c4f19\" data-element_type=\"container\" data-e-type=\"container\">\n\t\t\t\t<div class=\"elementor-element elementor-element-1eca8184 sub-heading elementor-widget elementor-widget-heading\" data-id=\"1eca8184\" data-element_type=\"widget\" data-e-type=\"widget\" data-widget_type=\"heading.default\">\n\t\t\t\t<div class=\"elementor-widget-container\">\n\t\t\t\t\t<span class=\"elementor-heading-title elementor-size-default\">Pol\u00edticas<\/span>\t\t\t\t<\/div>\n\t\t\t\t<\/div>\n\t\t<div class=\"elementor-element elementor-element-4e06d1da e-con-full e-flex translate-yes e-con e-child\" data-id=\"4e06d1da\" data-element_type=\"container\" data-e-type=\"container\">\n\t\t\t\t<div class=\"elementor-element elementor-element-15886726 elementor-widget elementor-widget-heading\" data-id=\"15886726\" data-element_type=\"widget\" data-e-type=\"widget\" data-widget_type=\"heading.default\">\n\t\t\t\t<div class=\"elementor-widget-container\">\n\t\t\t\t\t<h1 class=\"elementor-heading-title elementor-size-default\">Pol\u00edtica de salud y seguridad<\/h1>\t\t\t\t<\/div>\n\t\t\t\t<\/div>\n\t\t\t\t<div class=\"elementor-element elementor-element-24bb38f elementor-widget elementor-widget-text-editor\" data-id=\"24bb38f\" data-element_type=\"widget\" data-e-type=\"widget\" data-widget_type=\"text-editor.default\">\n\t\t\t\t<div class=\"elementor-widget-container\">\n\t\t\t\t\t\t\t\t\t<p><i>\u00daltima actualizaci\u00f3n 10\/04\/2026<\/i><\/p>\t\t\t\t\t\t\t\t<\/div>\n\t\t\t\t<\/div>\n\t\t\t\t<\/div>\n\t\t\t\t<\/div>\n\t\t\t\t\t<\/div>\n\t\t\t\t<\/div>\n\t\t<div class=\"elementor-element elementor-element-177f0597 body-text-1col e-grid e-con-boxed translate-yes e-con e-parent\" data-id=\"177f0597\" data-element_type=\"container\" data-e-type=\"container\">\n\t\t\t\t\t<div class=\"e-con-inner\">\n\t\t\t\t<div class=\"elementor-element elementor-element-7955ee2f section-style-default elementor-widget elementor-widget-Section settings\" data-id=\"7955ee2f\" data-element_type=\"widget\" data-e-type=\"widget\" data-widget_type=\"Section settings.default\">\n\t\t\t\t<div class=\"elementor-widget-container\">\n\t\t\t\t\t\t\t\t\t\t\t<\/div>\n\t\t\t\t<\/div>\n\t\t<div class=\"elementor-element elementor-element-22b5fe30 e-con-full e-flex translate-yes e-con e-child\" data-id=\"22b5fe30\" data-element_type=\"container\" data-e-type=\"container\">\n\t\t\t\t<div class=\"elementor-element elementor-element-724bbd78 elementor-widget elementor-widget-text-editor\" data-id=\"724bbd78\" data-element_type=\"widget\" data-e-type=\"widget\" data-widget_type=\"text-editor.default\">\n\t\t\t\t<div class=\"elementor-widget-container\">\n\t\t\t\t\t\t\t\t\t<p class=\"p1\"><strong>Escenario<\/strong><\/p><p class=\"p1\">Language in Action (el empleador) se toma muy en serio las cuestiones de salud y seguridad y se compromete a proteger la salud y la seguridad de su personal y de todas las personas afectadas por sus actividades empresariales y que acuden a sus instalaciones. Esta pol\u00edtica tiene por objeto ayudar al empleador a lograr este objetivo aclarando qui\u00e9n es responsable de las cuestiones de salud y seguridad y cu\u00e1les son esas responsabilidades.<\/p><p>Language in Action se preocupa sinceramente por su personal y quiere reflejarlo en su pol\u00edtica de salud y seguridad. Language in Action utiliz\u00f3 el ejemplo de declaraci\u00f3n de pol\u00edtica de HSE y otras orientaciones disponibles en el sitio web de HSE en <a href=\"http:\/\/www.hse.gov.uk\" target=\"_blank\" rel=\"noopener\">www.hse.gov.uk<\/a> riesgo. Esto les ayud\u00f3 a reflexionar sobre los aspectos que deber\u00edan documentarse e incorporarse a su propia pol\u00edtica de salud y seguridad, como el trabajo a distancia, la consulta y formaci\u00f3n del personal, etc.<\/p><p class=\"p1\">Language in Action decidi\u00f3 que Adam Ennis (Jefe de Departamento y Jefe Adjunto de Salud y Seguridad de la empresa), Daniele Pluchino (Jefe Adjunto de Departamento, DSL y Jefe de Salud y Seguridad de la empresa) y Beatrice Bellina (Directora de Operaciones y RRHH, DSL adjunta de la empresa) ser\u00edan las personas m\u00e1s competentes (con experiencia y capacidad) para asumir la responsabilidad de las cuestiones de salud y seguridad.<\/p><p class=\"p1\">Daniele Pluchino present\u00f3 la declaraci\u00f3n pol\u00edtica en la reuni\u00f3n de personal y decidi\u00f3 revisar y actualizar el documento cada a\u00f1o o inmediatamente si se producen cambios importantes en el lugar de trabajo.<\/p><p class=\"p1\">Daniele Pluchino tiene la responsabilidad general y final en materia de salud y seguridad.<\/p><p class=\"p1\">Daniele Pluchino, Adam Ennis y Beatrice Bellina son los responsables diarios de salud y seguridad.<\/p><p class=\"p1\"><strong>Declaraci\u00f3n de pol\u00edtica general<\/strong><\/p><p class=\"p1\">Lenguaje en acci\u00f3n:<\/p><ul><li class=\"p1\">Adoptar medidas razonables para salvaguardar la salud y la seguridad del personal, de las personas afectadas por las actividades empresariales del empresario y de las personas que visiten sus instalaciones;<\/li><li class=\"p2\">Identificar los riesgos para la salud y la seguridad y encontrar formas de gestionarlos o superarlos;<\/li><li class=\"p3\">Proporcionar un lugar de trabajo seguro y saludable y disposiciones de entrada y salida seguras, incluso durante una situaci\u00f3n de emergencia;<\/li><li class=\"p2\">Proporcionar y mantener zonas de trabajo, equipos y sistemas seguros y, en caso necesario, ropa de protecci\u00f3n adecuada;<\/li><li class=\"p2\">Proporcionar disposiciones seguras para el uso, manipulaci\u00f3n, almacenamiento y transporte de art\u00edculos y sustancias; Proporcionar informaci\u00f3n, instrucci\u00f3n, formaci\u00f3n y supervisi\u00f3n adecuadas para que todo el personal pueda realizar su trabajo de forma segura, evitar peligros y contribuir positivamente a su propia salud y seguridad en el trabajo.<\/li><li class=\"p2\">Garantizar que los representantes en materia de salud y seguridad reciban la formaci\u00f3n adecuada para desempe\u00f1ar sus funciones con eficacia;<\/li><li class=\"p2\">Proporcionar una iniciaci\u00f3n a la salud y la seguridad y una formaci\u00f3n adecuada en materia de seguridad.<\/li><li class=\"p3\">Promover\u00e1 la comunicaci\u00f3n y la consulta efectivas entre el Empresario y el personal en relaci\u00f3n con las cuestiones de salud y seguridad y consultar\u00e1 al personal directamente en relaci\u00f3n con la salud y la seguridad;<\/li><li class=\"p2\">Supervisar y revisar peri\u00f3dicamente la gesti\u00f3n de la salud y la seguridad en el trabajo, introducir los cambios necesarios y ponerlos en conocimiento de todo el personal.<\/li><\/ul><p class=\"p1\"><strong>Responsabilidad de:<\/strong><\/p><ul><li class=\"p1\">El Director de Salud y Seguridad de la empresa es el m\u00e1ximo responsable de la salud y la seguridad. Hay dos subdirectores de salud y seguridad designados para cubrirle en caso de ausencia.<\/li><li class=\"p1\">Los responsables de bienestar social asignados a cada Centro de Verano tienen la responsabilidad diaria de la salud y la seguridad en el trabajo.<\/li><li class=\"p1\">Cuestiones de seguridad y obligaci\u00f3n de informar al Director del Centro y a la Oficina Central.<\/li><li class=\"p1\">Cualquier preocupaci\u00f3n en materia de salud y seguridad debe notificarse al Responsable de Salud y Seguridad o a los Responsables Adjuntos de Salud y Seguridad.<\/li><\/ul><p class=\"p1\"><strong>Acci\u00f3n\/ Disposiciones<\/strong><\/p><ul><li class=\"p1\">Realizaci\u00f3n de las evaluaciones de riesgos pertinentes y aplicaci\u00f3n de las medidas derivadas de dichas evaluaciones. (Las evaluaciones de riesgos se revisan cuando cambian los h\u00e1bitos o las condiciones de trabajo).<\/li><li class=\"p2\">El personal recibir\u00e1 la formaci\u00f3n inicial necesaria en materia de salud y seguridad, as\u00ed como los equipos de protecci\u00f3n individual adecuados. Nos aseguraremos de que se adopten las medidas adecuadas para cubrir a los empleados que realicen trabajos alejados de la sede principal de la empresa.<\/li><li class=\"p2\">Se consulta sistem\u00e1ticamente al personal sobre cuestiones de salud y seguridad a medida que surgen, pero tambi\u00e9n se le consulta formalmente en las reuniones peri\u00f3dicas de revisi\u00f3n de los resultados en materia de salud y seguridad, o antes si es necesario.<\/li><li class=\"p2\">Las v\u00edas de evacuaci\u00f3n est\u00e1n bien se\u00f1alizadas y se mantienen despejadas en todo momento. Los planes de evacuaci\u00f3n se ponen a prueba de vez en cuando y se actualizan cuando es necesario.<\/li><li class=\"p2\">Dispone de aseos, lavabos y agua potable.<\/li><li class=\"p3\">Sistema establecido para las inspecciones y pruebas rutinarias de los equipos y para garantizar que se toman medidas r\u00e1pidamente para solucionar cualquier defecto.<\/li><li class=\"p2\">El personal es informado de la ubicaci\u00f3n del equipo de primeros auxilios y de los mecanismos de notificaci\u00f3n de accidentes en la iniciaci\u00f3n.<\/li><\/ul>\t\t\t\t\t\t\t\t<\/div>\n\t\t\t\t<\/div>\n\t\t\t\t<\/div>\n\t\t\t\t\t<\/div>\n\t\t\t\t<\/div>\n\t\t\t\t<\/div>","protected":false},"excerpt":{"rendered":"<p>Policies Health and safety polciy Last updated 10\/04\/2026 Setting the scene Language in Action (the Employer) takes health and safety issues seriously and is committed to protecting the health and safety of its staff and all those affected by its business activities and attending its premises. This policy is intended to help the Employer achieve [&hellip;]<\/p>\n","protected":false},"author":27,"featured_media":0,"parent":44379,"menu_order":0,"comment_status":"closed","ping_status":"closed","template":"","meta":{"_acf_changed":false,"footnotes":""},"class_list":["post-45375","page","type-page","status-publish","hentry"],"acf":[],"yoast_head":"<!-- This site is optimized with the Yoast SEO plugin v27.2 - https:\/\/yoast.com\/product\/yoast-seo-wordpress\/ -->\n<title>Health and safety policy - Language in Action<\/title>\n<meta name=\"robots\" content=\"index, follow, max-snippet:-1, max-image-preview:large, max-video-preview:-1\" \/>\n<link rel=\"canonical\" href=\"https:\/\/languageinactionltd.co.uk\/es\/politicas\/politica-de-salud-y-seguridad\/\" \/>\n<meta property=\"og:locale\" content=\"es_ES\" \/>\n<meta property=\"og:type\" content=\"article\" \/>\n<meta property=\"og:title\" content=\"Health and safety policy - Language in Action\" \/>\n<meta property=\"og:description\" content=\"Policies Health and safety polciy Last updated 10\/04\/2026 Setting the scene Language in Action (the Employer) takes health and safety issues seriously and is committed to protecting the health and safety of its staff and all those affected by its business activities and attending its premises. This policy is intended to help the Employer achieve [&hellip;]\" \/>\n<meta property=\"og:url\" content=\"https:\/\/languageinactionltd.co.uk\/es\/politicas\/politica-de-salud-y-seguridad\/\" \/>\n<meta property=\"og:site_name\" content=\"Language in Action\" \/>\n<meta property=\"article:modified_time\" content=\"2026-04-13T10:38:02+00:00\" \/>\n<meta property=\"og:image\" content=\"https:\/\/languageinactionltd.co.uk\/wp-content\/uploads\/sites\/9\/2025\/08\/lia-social.png\" \/>\n\t<meta property=\"og:image:width\" content=\"1200\" \/>\n\t<meta property=\"og:image:height\" content=\"675\" \/>\n\t<meta property=\"og:image:type\" content=\"image\/png\" \/>\n<meta name=\"twitter:card\" content=\"summary_large_image\" \/>\n<meta name=\"twitter:label1\" content=\"Tiempo de lectura\" \/>\n\t<meta name=\"twitter:data1\" content=\"4 minutos\" \/>\n<script type=\"application\/ld+json\" class=\"yoast-schema-graph\">{\"@context\":\"https:\/\/schema.org\",\"@graph\":[{\"@type\":\"WebPage\",\"@id\":\"https:\/\/languageinactionltd.co.uk\/policies\/health-and-safety-policy\/\",\"url\":\"https:\/\/languageinactionltd.co.uk\/policies\/health-and-safety-policy\/\",\"name\":\"Health and safety policy - Language in Action\",\"isPartOf\":{\"@id\":\"https:\/\/languageinactionltd.co.uk\/#website\"},\"datePublished\":\"2025-09-01T07:10:52+00:00\",\"dateModified\":\"2026-04-13T10:38:02+00:00\",\"breadcrumb\":{\"@id\":\"https:\/\/languageinactionltd.co.uk\/policies\/health-and-safety-policy\/#breadcrumb\"},\"inLanguage\":\"es\",\"potentialAction\":[{\"@type\":\"ReadAction\",\"target\":[\"https:\/\/languageinactionltd.co.uk\/policies\/health-and-safety-policy\/\"]}]},{\"@type\":\"BreadcrumbList\",\"@id\":\"https:\/\/languageinactionltd.co.uk\/policies\/health-and-safety-policy\/#breadcrumb\",\"itemListElement\":[{\"@type\":\"ListItem\",\"position\":1,\"name\":\"Home\",\"item\":\"https:\/\/languageinactionltd.co.uk\/\"},{\"@type\":\"ListItem\",\"position\":2,\"name\":\"Policies\",\"item\":\"https:\/\/languageinactionltd.co.uk\/policies\/\"},{\"@type\":\"ListItem\",\"position\":3,\"name\":\"Health and safety policy\"}]},{\"@type\":\"WebSite\",\"@id\":\"https:\/\/languageinactionltd.co.uk\/#website\",\"url\":\"https:\/\/languageinactionltd.co.uk\/\",\"name\":\"Language in Action\",\"description\":\"\",\"potentialAction\":[{\"@type\":\"SearchAction\",\"target\":{\"@type\":\"EntryPoint\",\"urlTemplate\":\"https:\/\/languageinactionltd.co.uk\/?s={search_term_string}\"},\"query-input\":{\"@type\":\"PropertyValueSpecification\",\"valueRequired\":true,\"valueName\":\"search_term_string\"}}],\"inLanguage\":\"es\"}]}<\/script>\n<!-- \/ Yoast SEO plugin. -->","yoast_head_json":{"title":"Pol\u00edtica de salud y seguridad - La lengua en acci\u00f3n","robots":{"index":"index","follow":"follow","max-snippet":"max-snippet:-1","max-image-preview":"max-image-preview:large","max-video-preview":"max-video-preview:-1"},"canonical":"https:\/\/languageinactionltd.co.uk\/es\/politicas\/politica-de-salud-y-seguridad\/","og_locale":"es_ES","og_type":"article","og_title":"Health and safety policy - Language in Action","og_description":"Policies Health and safety polciy Last updated 10\/04\/2026 Setting the scene Language in Action (the Employer) takes health and safety issues seriously and is committed to protecting the health and safety of its staff and all those affected by its business activities and attending its premises. This policy is intended to help the Employer achieve [&hellip;]","og_url":"https:\/\/languageinactionltd.co.uk\/es\/politicas\/politica-de-salud-y-seguridad\/","og_site_name":"Language in Action","article_modified_time":"2026-04-13T10:38:02+00:00","og_image":[{"width":1200,"height":675,"url":"https:\/\/languageinactionltd.co.uk\/wp-content\/uploads\/sites\/9\/2025\/08\/lia-social.png","type":"image\/png"}],"twitter_card":"summary_large_image","twitter_misc":{"Tiempo de lectura":"4 minutos"},"schema":{"@context":"https:\/\/schema.org","@graph":[{"@type":"WebPage","@id":"https:\/\/languageinactionltd.co.uk\/policies\/health-and-safety-policy\/","url":"https:\/\/languageinactionltd.co.uk\/policies\/health-and-safety-policy\/","name":"Pol\u00edtica de salud y seguridad - La lengua en acci\u00f3n","isPartOf":{"@id":"https:\/\/languageinactionltd.co.uk\/#website"},"datePublished":"2025-09-01T07:10:52+00:00","dateModified":"2026-04-13T10:38:02+00:00","breadcrumb":{"@id":"https:\/\/languageinactionltd.co.uk\/policies\/health-and-safety-policy\/#breadcrumb"},"inLanguage":"es","potentialAction":[{"@type":"ReadAction","target":["https:\/\/languageinactionltd.co.uk\/policies\/health-and-safety-policy\/"]}]},{"@type":"BreadcrumbList","@id":"https:\/\/languageinactionltd.co.uk\/policies\/health-and-safety-policy\/#breadcrumb","itemListElement":[{"@type":"ListItem","position":1,"name":"Home","item":"https:\/\/languageinactionltd.co.uk\/"},{"@type":"ListItem","position":2,"name":"Policies","item":"https:\/\/languageinactionltd.co.uk\/policies\/"},{"@type":"ListItem","position":3,"name":"Health and safety policy"}]},{"@type":"WebSite","@id":"https:\/\/languageinactionltd.co.uk\/#website","url":"https:\/\/languageinactionltd.co.uk\/","name":"La lengua en acci\u00f3n","description":"","potentialAction":[{"@type":"SearchAction","target":{"@type":"EntryPoint","urlTemplate":"https:\/\/languageinactionltd.co.uk\/?s={search_term_string}"},"query-input":{"@type":"PropertyValueSpecification","valueRequired":true,"valueName":"search_term_string"}}],"inLanguage":"es"}]}},"_links":{"self":[{"href":"https:\/\/languageinactionltd.co.uk\/es\/wp-json\/wp\/v2\/pages\/45375","targetHints":{"allow":["GET"]}}],"collection":[{"href":"https:\/\/languageinactionltd.co.uk\/es\/wp-json\/wp\/v2\/pages"}],"about":[{"href":"https:\/\/languageinactionltd.co.uk\/es\/wp-json\/wp\/v2\/types\/page"}],"author":[{"embeddable":true,"href":"https:\/\/languageinactionltd.co.uk\/es\/wp-json\/wp\/v2\/users\/27"}],"replies":[{"embeddable":true,"href":"https:\/\/languageinactionltd.co.uk\/es\/wp-json\/wp\/v2\/comments?post=45375"}],"version-history":[{"count":7,"href":"https:\/\/languageinactionltd.co.uk\/es\/wp-json\/wp\/v2\/pages\/45375\/revisions"}],"predecessor-version":[{"id":47735,"href":"https:\/\/languageinactionltd.co.uk\/es\/wp-json\/wp\/v2\/pages\/45375\/revisions\/47735"}],"up":[{"embeddable":true,"href":"https:\/\/languageinactionltd.co.uk\/es\/wp-json\/wp\/v2\/pages\/44379"}],"wp:attachment":[{"href":"https:\/\/languageinactionltd.co.uk\/es\/wp-json\/wp\/v2\/media?parent=45375"}],"curies":[{"name":"wp","href":"https:\/\/api.w.org\/{rel}","templated":true}]}}