{"id":45199,"date":"2025-08-28T10:34:20","date_gmt":"2025-08-28T10:34:20","guid":{"rendered":"https:\/\/languageinactionltd.co.uk\/?page_id=45199"},"modified":"2026-04-13T10:35:37","modified_gmt":"2026-04-13T10:35:37","slug":"politica-y-procedimiento-de-primeros-auxilios","status":"publish","type":"page","link":"https:\/\/languageinactionltd.co.uk\/es\/policies\/first-aid-policy-and-procedure\/","title":{"rendered":"Pol\u00edtica y procedimiento de primeros auxilios"},"content":{"rendered":"<div data-elementor-type=\"wp-page\" data-elementor-id=\"45199\" class=\"elementor elementor-45199\" data-elementor-post-type=\"page\">\n\t\t\t\t<div class=\"elementor-element elementor-element-5093b80f body-header-small e-flex e-con-boxed translate-yes e-con e-parent\" data-id=\"5093b80f\" data-element_type=\"container\" data-e-type=\"container\" data-settings=\"{&quot;background_background&quot;:&quot;classic&quot;}\">\n\t\t\t\t\t<div class=\"e-con-inner\">\n\t\t<div class=\"elementor-element elementor-element-1d66ea0b e-con-full e-flex translate-yes e-con e-child\" data-id=\"1d66ea0b\" data-element_type=\"container\" data-e-type=\"container\">\n\t\t\t\t<div class=\"elementor-element elementor-element-74241c47 sub-heading elementor-widget elementor-widget-heading\" data-id=\"74241c47\" data-element_type=\"widget\" data-e-type=\"widget\" data-widget_type=\"heading.default\">\n\t\t\t\t<div class=\"elementor-widget-container\">\n\t\t\t\t\t<span class=\"elementor-heading-title elementor-size-default\">Pol\u00edticas<\/span>\t\t\t\t<\/div>\n\t\t\t\t<\/div>\n\t\t<div class=\"elementor-element elementor-element-722d2561 e-con-full e-flex translate-yes e-con e-child\" data-id=\"722d2561\" data-element_type=\"container\" data-e-type=\"container\">\n\t\t\t\t<div class=\"elementor-element elementor-element-7d14514c elementor-widget elementor-widget-heading\" data-id=\"7d14514c\" data-element_type=\"widget\" data-e-type=\"widget\" data-widget_type=\"heading.default\">\n\t\t\t\t<div class=\"elementor-widget-container\">\n\t\t\t\t\t<h1 class=\"elementor-heading-title elementor-size-default\">Pol\u00edtica y procedimiento de primeros auxilios<\/h1>\t\t\t\t<\/div>\n\t\t\t\t<\/div>\n\t\t\t\t<div class=\"elementor-element elementor-element-491791f elementor-widget elementor-widget-text-editor\" data-id=\"491791f\" data-element_type=\"widget\" data-e-type=\"widget\" data-widget_type=\"text-editor.default\">\n\t\t\t\t<div class=\"elementor-widget-container\">\n\t\t\t\t\t\t\t\t\t<p><i>\u00daltima actualizaci\u00f3n 10\/04\/2026<\/i><\/p>\t\t\t\t\t\t\t\t<\/div>\n\t\t\t\t<\/div>\n\t\t\t\t<\/div>\n\t\t\t\t<\/div>\n\t\t\t\t\t<\/div>\n\t\t\t\t<\/div>\n\t\t<div class=\"elementor-element elementor-element-7209f370 body-text-1col e-grid e-con-boxed translate-yes e-con e-parent\" data-id=\"7209f370\" data-element_type=\"container\" data-e-type=\"container\">\n\t\t\t\t\t<div class=\"e-con-inner\">\n\t\t\t\t<div class=\"elementor-element elementor-element-140c38ea section-style-default elementor-widget elementor-widget-Section settings\" data-id=\"140c38ea\" data-element_type=\"widget\" data-e-type=\"widget\" data-widget_type=\"Section settings.default\">\n\t\t\t\t<div class=\"elementor-widget-container\">\n\t\t\t\t\t\t\t\t\t\t\t<\/div>\n\t\t\t\t<\/div>\n\t\t<div class=\"elementor-element elementor-element-532a6481 e-con-full e-flex translate-yes e-con e-child\" data-id=\"532a6481\" data-element_type=\"container\" data-e-type=\"container\">\n\t\t\t\t<div class=\"elementor-element elementor-element-46d010c1 elementor-widget elementor-widget-text-editor\" data-id=\"46d010c1\" data-element_type=\"widget\" data-e-type=\"widget\" data-widget_type=\"text-editor.default\">\n\t\t\t\t<div class=\"elementor-widget-container\">\n\t\t\t\t\t\t\t\t\t<h2>AIM<\/h2><p>Proporcionar primeros auxilios adecuados al personal y a los alumnos en caso de lesi\u00f3n o enfermedad. Language in Action se toma muy en serio la salud y la seguridad con el fin de crear un entorno de bajo riesgo y las emergencias previstas son de nivel menor. Intentamos proporcionar ayuda suficiente en caso de lesi\u00f3n o enfermedad hasta que lleguen los servicios de emergencia.<\/p><h2 class=\"p1\">PROCEDIMIENTOS:<\/h2><p class=\"p1\"><strong>Primeros auxilios<\/strong><\/p><ul><li class=\"p1\">El Responsable de Salud y Seguridad debe planificar y llevar a cabo la formaci\u00f3n en primeros auxilios. Para ello, se llevar\u00e1 un registro de la formaci\u00f3n, que se controlar\u00e1 peri\u00f3dicamente. Es responsabilidad del Responsable de Salud y Seguridad evaluar las necesidades de formaci\u00f3n en funci\u00f3n del n\u00famero de empleados y estudiantes de cada edificio.<\/li><li class=\"p1\">Los socorristas se seleccionan en funci\u00f3n de sus cualidades personales y sus modalidades de trabajo. Los socorristas deben ser fiables, capaces de mantener la calma en caso de emergencia y estar en buena forma f\u00edsica para acudir r\u00e1pidamente a un incidente. La persona debe estar dispuesta a prestar primeros auxilios a cualquier persona en cualquier momento durante su trabajo y a asistir a cursos de formaci\u00f3n para obtener y conservar su cualificaci\u00f3n. Su horario de trabajo y su ubicaci\u00f3n deben permitirle estar f\u00e1cilmente disponible durante toda la jornada laboral.<\/li><li class=\"p1\">La formaci\u00f3n debe impartirla un organismo autorizado, como St John Ambulance o similar.<\/li><li class=\"p1\">Todos los socorristas pueden atender con seguridad al accidentado mientras se llama a los servicios de emergencia, y deben reciclarse al cabo de tres a\u00f1os.<\/li><li class=\"p1\">Todo el personal y los alumnos de cada edificio de Lengua en Acci\u00f3n deben ser informados del personal formado en primeros auxilios.<\/li><\/ul><p class=\"p1\"><strong>EQUIPO<\/strong><\/p><ul><li class=\"p1\">Debe haber botiquines de primeros auxilios en todos los edificios, y su ubicaci\u00f3n debe estar claramente indicada y ser f\u00e1cilmente accesible.<\/li><li class=\"p1\">El responsable de Salud y Seguridad debe comprobar peri\u00f3dicamente el contenido. Si los suministros se agotan con una frecuencia inusual, el socorrista debe alertar al responsable de Salud y Seguridad. Las cajas se reponen en funci\u00f3n de las necesidades.<\/li><li class=\"p1\">Los botiquines deben contener lo siguiente: folleto de orientaci\u00f3n, tiritas est\u00e9riles, almohadillas est\u00e9riles para los ojos, vendas triangulares, imperdibles, ap\u00f3sitos para heridas, toallitas limpiadoras, guantes desechables. En ning\u00fan caso deben incluirse medicamentos de ning\u00fan tipo en el botiqu\u00edn ni ser distribuidos por el socorrista.<\/li><\/ul><p class=\"p1\"><strong>REGISTROS<\/strong><\/p><ul><li class=\"p1\">Los libros de registro de accidentes deben guardarse en cada botiqu\u00edn de primeros auxilios. El socorrista deber\u00e1 anotar cada vez que se preste asistencia tanto por lesi\u00f3n como por enfermedad.<\/li><\/ul>\t\t\t\t\t\t\t\t<\/div>\n\t\t\t\t<\/div>\n\t\t\t\t<\/div>\n\t\t\t\t\t<\/div>\n\t\t\t\t<\/div>\n\t\t\t\t<\/div>","protected":false},"excerpt":{"rendered":"<p>Policies First Aid Policy and Procedure Last updated 10\/04\/2026 AIM To provide adequate first aid to staff and students in case of injury or illness. Language in Action take Health and Safety seriously in order to create a low-risk environment and anticipated emergencies are of a minor level. We seek to supply sufficient help in [&hellip;]<\/p>\n","protected":false},"author":27,"featured_media":0,"parent":44379,"menu_order":0,"comment_status":"closed","ping_status":"closed","template":"","meta":{"_acf_changed":false,"footnotes":""},"class_list":["post-45199","page","type-page","status-publish","hentry"],"acf":[],"yoast_head":"<!-- This site is optimized with the Yoast SEO plugin v27.5 - https:\/\/yoast.com\/product\/yoast-seo-wordpress\/ -->\n<title>First Aid Policy and Procedure - Language in Action<\/title>\n<meta name=\"robots\" content=\"index, follow, max-snippet:-1, max-image-preview:large, max-video-preview:-1\" \/>\n<link rel=\"canonical\" href=\"https:\/\/languageinactionltd.co.uk\/es\/politicas\/politica-y-procedimiento-de-primeros-auxilios\/\" \/>\n<meta property=\"og:locale\" content=\"es_ES\" \/>\n<meta property=\"og:type\" content=\"article\" \/>\n<meta property=\"og:title\" content=\"First Aid Policy and Procedure - Language in Action\" \/>\n<meta property=\"og:description\" content=\"Policies First Aid Policy and Procedure Last updated 10\/04\/2026 AIM To provide adequate first aid to staff and students in case of injury or illness. Language in Action take Health and Safety seriously in order to create a low-risk environment and anticipated emergencies are of a minor level. We seek to supply sufficient help in [&hellip;]\" \/>\n<meta property=\"og:url\" content=\"https:\/\/languageinactionltd.co.uk\/es\/politicas\/politica-y-procedimiento-de-primeros-auxilios\/\" \/>\n<meta property=\"og:site_name\" content=\"Language in Action\" \/>\n<meta property=\"article:modified_time\" content=\"2026-04-13T10:35:37+00:00\" \/>\n<meta property=\"og:image\" content=\"https:\/\/languageinactionltd.co.uk\/wp-content\/uploads\/sites\/9\/2025\/08\/lia-social.png\" \/>\n\t<meta property=\"og:image:width\" content=\"1200\" \/>\n\t<meta property=\"og:image:height\" content=\"675\" \/>\n\t<meta property=\"og:image:type\" content=\"image\/png\" \/>\n<meta name=\"twitter:card\" content=\"summary_large_image\" \/>\n<meta name=\"twitter:label1\" content=\"Tiempo de lectura\" \/>\n\t<meta name=\"twitter:data1\" content=\"2 minutos\" \/>\n<script type=\"application\/ld+json\" class=\"yoast-schema-graph\">{\"@context\":\"https:\\\/\\\/schema.org\",\"@graph\":[{\"@type\":\"WebPage\",\"@id\":\"https:\\\/\\\/languageinactionltd.co.uk\\\/policies\\\/first-aid-policy-and-procedure\\\/\",\"url\":\"https:\\\/\\\/languageinactionltd.co.uk\\\/policies\\\/first-aid-policy-and-procedure\\\/\",\"name\":\"First Aid Policy and Procedure - Language in Action\",\"isPartOf\":{\"@id\":\"https:\\\/\\\/languageinactionltd.co.uk\\\/#website\"},\"datePublished\":\"2025-08-28T10:34:20+00:00\",\"dateModified\":\"2026-04-13T10:35:37+00:00\",\"breadcrumb\":{\"@id\":\"https:\\\/\\\/languageinactionltd.co.uk\\\/policies\\\/first-aid-policy-and-procedure\\\/#breadcrumb\"},\"inLanguage\":\"es\",\"potentialAction\":[{\"@type\":\"ReadAction\",\"target\":[\"https:\\\/\\\/languageinactionltd.co.uk\\\/policies\\\/first-aid-policy-and-procedure\\\/\"]}]},{\"@type\":\"BreadcrumbList\",\"@id\":\"https:\\\/\\\/languageinactionltd.co.uk\\\/policies\\\/first-aid-policy-and-procedure\\\/#breadcrumb\",\"itemListElement\":[{\"@type\":\"ListItem\",\"position\":1,\"name\":\"Home\",\"item\":\"https:\\\/\\\/languageinactionltd.co.uk\\\/\"},{\"@type\":\"ListItem\",\"position\":2,\"name\":\"Policies\",\"item\":\"https:\\\/\\\/languageinactionltd.co.uk\\\/policies\\\/\"},{\"@type\":\"ListItem\",\"position\":3,\"name\":\"First Aid Policy and Procedure\"}]},{\"@type\":\"WebSite\",\"@id\":\"https:\\\/\\\/languageinactionltd.co.uk\\\/#website\",\"url\":\"https:\\\/\\\/languageinactionltd.co.uk\\\/\",\"name\":\"Language in Action\",\"description\":\"\",\"potentialAction\":[{\"@type\":\"SearchAction\",\"target\":{\"@type\":\"EntryPoint\",\"urlTemplate\":\"https:\\\/\\\/languageinactionltd.co.uk\\\/?s={search_term_string}\"},\"query-input\":{\"@type\":\"PropertyValueSpecification\",\"valueRequired\":true,\"valueName\":\"search_term_string\"}}],\"inLanguage\":\"es\"}]}<\/script>\n<!-- \/ Yoast SEO plugin. -->","yoast_head_json":{"title":"Pol\u00edtica y procedimiento de primeros auxilios - La lengua en acci\u00f3n","robots":{"index":"index","follow":"follow","max-snippet":"max-snippet:-1","max-image-preview":"max-image-preview:large","max-video-preview":"max-video-preview:-1"},"canonical":"https:\/\/languageinactionltd.co.uk\/es\/politicas\/politica-y-procedimiento-de-primeros-auxilios\/","og_locale":"es_ES","og_type":"article","og_title":"First Aid Policy and Procedure - Language in Action","og_description":"Policies First Aid Policy and Procedure Last updated 10\/04\/2026 AIM To provide adequate first aid to staff and students in case of injury or illness. Language in Action take Health and Safety seriously in order to create a low-risk environment and anticipated emergencies are of a minor level. We seek to supply sufficient help in [&hellip;]","og_url":"https:\/\/languageinactionltd.co.uk\/es\/politicas\/politica-y-procedimiento-de-primeros-auxilios\/","og_site_name":"Language in Action","article_modified_time":"2026-04-13T10:35:37+00:00","og_image":[{"width":1200,"height":675,"url":"https:\/\/languageinactionltd.co.uk\/wp-content\/uploads\/sites\/9\/2025\/08\/lia-social.png","type":"image\/png"}],"twitter_card":"summary_large_image","twitter_misc":{"Tiempo de lectura":"2 minutos"},"schema":{"@context":"https:\/\/schema.org","@graph":[{"@type":"WebPage","@id":"https:\/\/languageinactionltd.co.uk\/policies\/first-aid-policy-and-procedure\/","url":"https:\/\/languageinactionltd.co.uk\/policies\/first-aid-policy-and-procedure\/","name":"Pol\u00edtica y procedimiento de primeros auxilios - La lengua en acci\u00f3n","isPartOf":{"@id":"https:\/\/languageinactionltd.co.uk\/#website"},"datePublished":"2025-08-28T10:34:20+00:00","dateModified":"2026-04-13T10:35:37+00:00","breadcrumb":{"@id":"https:\/\/languageinactionltd.co.uk\/policies\/first-aid-policy-and-procedure\/#breadcrumb"},"inLanguage":"es","potentialAction":[{"@type":"ReadAction","target":["https:\/\/languageinactionltd.co.uk\/policies\/first-aid-policy-and-procedure\/"]}]},{"@type":"BreadcrumbList","@id":"https:\/\/languageinactionltd.co.uk\/policies\/first-aid-policy-and-procedure\/#breadcrumb","itemListElement":[{"@type":"ListItem","position":1,"name":"Home","item":"https:\/\/languageinactionltd.co.uk\/"},{"@type":"ListItem","position":2,"name":"Policies","item":"https:\/\/languageinactionltd.co.uk\/policies\/"},{"@type":"ListItem","position":3,"name":"First Aid Policy and Procedure"}]},{"@type":"WebSite","@id":"https:\/\/languageinactionltd.co.uk\/#website","url":"https:\/\/languageinactionltd.co.uk\/","name":"La lengua en acci\u00f3n","description":"","potentialAction":[{"@type":"SearchAction","target":{"@type":"EntryPoint","urlTemplate":"https:\/\/languageinactionltd.co.uk\/?s={search_term_string}"},"query-input":{"@type":"PropertyValueSpecification","valueRequired":true,"valueName":"search_term_string"}}],"inLanguage":"es"}]}},"_links":{"self":[{"href":"https:\/\/languageinactionltd.co.uk\/es\/wp-json\/wp\/v2\/pages\/45199","targetHints":{"allow":["GET"]}}],"collection":[{"href":"https:\/\/languageinactionltd.co.uk\/es\/wp-json\/wp\/v2\/pages"}],"about":[{"href":"https:\/\/languageinactionltd.co.uk\/es\/wp-json\/wp\/v2\/types\/page"}],"author":[{"embeddable":true,"href":"https:\/\/languageinactionltd.co.uk\/es\/wp-json\/wp\/v2\/users\/27"}],"replies":[{"embeddable":true,"href":"https:\/\/languageinactionltd.co.uk\/es\/wp-json\/wp\/v2\/comments?post=45199"}],"version-history":[{"count":7,"href":"https:\/\/languageinactionltd.co.uk\/es\/wp-json\/wp\/v2\/pages\/45199\/revisions"}],"predecessor-version":[{"id":47705,"href":"https:\/\/languageinactionltd.co.uk\/es\/wp-json\/wp\/v2\/pages\/45199\/revisions\/47705"}],"up":[{"embeddable":true,"href":"https:\/\/languageinactionltd.co.uk\/es\/wp-json\/wp\/v2\/pages\/44379"}],"wp:attachment":[{"href":"https:\/\/languageinactionltd.co.uk\/es\/wp-json\/wp\/v2\/media?parent=45199"}],"curies":[{"name":"wp","href":"https:\/\/api.w.org\/{rel}","templated":true}]}}