{"id":45405,"date":"2025-09-01T08:11:50","date_gmt":"2025-09-01T08:11:50","guid":{"rendered":"https:\/\/languageinactionltd.co.uk\/?page_id=45405"},"modified":"2026-04-13T10:38:07","modified_gmt":"2026-04-13T10:38:07","slug":"abwesende-politik","status":"publish","type":"page","link":"https:\/\/languageinactionltd.co.uk\/de\/policies\/absent-policy\/","title":{"rendered":"Abwesenheitspolitik"},"content":{"rendered":"<div data-elementor-type=\"wp-page\" data-elementor-id=\"45405\" class=\"elementor elementor-45405\" data-elementor-post-type=\"page\">\n\t\t\t\t<div class=\"elementor-element elementor-element-5eb147cd body-header-small e-flex e-con-boxed translate-yes e-con e-parent\" data-id=\"5eb147cd\" data-element_type=\"container\" data-e-type=\"container\" data-settings=\"{&quot;background_background&quot;:&quot;classic&quot;}\">\n\t\t\t\t\t<div class=\"e-con-inner\">\n\t\t<div class=\"elementor-element elementor-element-1ae0127b e-con-full e-flex translate-yes e-con e-child\" data-id=\"1ae0127b\" data-element_type=\"container\" data-e-type=\"container\">\n\t\t\t\t<div class=\"elementor-element elementor-element-7644f30f sub-heading elementor-widget elementor-widget-heading\" data-id=\"7644f30f\" data-element_type=\"widget\" data-e-type=\"widget\" data-widget_type=\"heading.default\">\n\t\t\t\t<div class=\"elementor-widget-container\">\n\t\t\t\t\t<span class=\"elementor-heading-title elementor-size-default\">Politiken<\/span>\t\t\t\t<\/div>\n\t\t\t\t<\/div>\n\t\t<div class=\"elementor-element elementor-element-4e03033e e-con-full e-flex translate-yes e-con e-child\" data-id=\"4e03033e\" data-element_type=\"container\" data-e-type=\"container\">\n\t\t\t\t<div class=\"elementor-element elementor-element-2ffaefc1 elementor-widget elementor-widget-heading\" data-id=\"2ffaefc1\" data-element_type=\"widget\" data-e-type=\"widget\" data-widget_type=\"heading.default\">\n\t\t\t\t<div class=\"elementor-widget-container\">\n\t\t\t\t\t<h1 class=\"elementor-heading-title elementor-size-default\">Allgemeine Regeln f\u00fcr abwesende\/vermisste Sch\u00fcler<\/h1>\t\t\t\t<\/div>\n\t\t\t\t<\/div>\n\t\t\t\t<div class=\"elementor-element elementor-element-b9231c8 elementor-widget elementor-widget-text-editor\" data-id=\"b9231c8\" data-element_type=\"widget\" data-e-type=\"widget\" data-widget_type=\"text-editor.default\">\n\t\t\t\t<div class=\"elementor-widget-container\">\n\t\t\t\t\t\t\t\t\t<p><i>Zuletzt aktualisiert am 10.04.2026<\/i><\/p>\t\t\t\t\t\t\t\t<\/div>\n\t\t\t\t<\/div>\n\t\t\t\t<\/div>\n\t\t\t\t<\/div>\n\t\t\t\t\t<\/div>\n\t\t\t\t<\/div>\n\t\t<div class=\"elementor-element elementor-element-7f3bb87a body-text-1col e-grid e-con-boxed translate-yes e-con e-parent\" data-id=\"7f3bb87a\" data-element_type=\"container\" data-e-type=\"container\">\n\t\t\t\t\t<div class=\"e-con-inner\">\n\t\t\t\t<div class=\"elementor-element elementor-element-1daa8014 section-style-default elementor-widget elementor-widget-Section settings\" data-id=\"1daa8014\" data-element_type=\"widget\" data-e-type=\"widget\" data-widget_type=\"Section settings.default\">\n\t\t\t\t<div class=\"elementor-widget-container\">\n\t\t\t\t\t\t\t\t\t\t\t<\/div>\n\t\t\t\t<\/div>\n\t\t<div class=\"elementor-element elementor-element-567f32af e-con-full e-flex translate-yes e-con e-child\" data-id=\"567f32af\" data-element_type=\"container\" data-e-type=\"container\">\n\t\t\t\t<div class=\"elementor-element elementor-element-4c9780d1 elementor-widget elementor-widget-text-editor\" data-id=\"4c9780d1\" data-element_type=\"widget\" data-e-type=\"widget\" data-widget_type=\"text-editor.default\">\n\t\t\t\t<div class=\"elementor-widget-container\">\n\t\t\t\t\t\t\t\t\t<p class=\"p1\"><b>A. Auf Exkursion <\/b><\/p><p class=\"p1\">Der\/die Aktivit\u00e4tsmanager\/in sollte sicherstellen, dass die Sch\u00fcler\/innen und die Gruppenleiter\/innen der Agentur den Reiseplan genau kennen - in vielen F\u00e4llen erhalten die Gruppenleiter\/innen der Agentur bzw. die einzelnen Sch\u00fcler\/innen ein Faltblatt mit diesen Einzelheiten. Die Sch\u00fcler sollten wissen, wo der Treffpunkt ist und was zu tun ist, wenn sie von der Gruppe getrennt werden.<\/p><p class=\"p1\">Wenn sie sich auf einer Reise verirren, sollten die Sch\u00fcler aufgefordert werden, dies zu tun:<\/p><ol><li><p class=\"p2\">Rufen Sie den Gruppenleiter ihrer Agentur (oder ihre Freunde) an.<\/p><\/li><li><p class=\"p2\">Gehen Sie zum Treffpunkt und warten Sie auf die Gruppe<\/p><\/li><li><p class=\"p2\">Rufen Sie die LiA-Notrufnummer an<\/p><\/li><li><p class=\"p2\">Suchen Sie einen Polizisten auf und weisen Sie sich als Teilnehmer von Language in Action aus (auf dem Lanyard-Ausweis).<\/p><\/li><\/ol><p class=\"p1\">Die Aktivit\u00e4tsleiter und die Gruppenleiter der Agentur sollten regelm\u00e4\u00dfig eine Personenz\u00e4hlung durchf\u00fchren, insbesondere an den Ankunfts- und Abfahrtspunkten sowie bei der Trennung und Zusammenlegung von Gruppen.<\/p><p class=\"p1\">Wenn ein\/e Sch\u00fcler\/in verloren geht, sollte ein\/e Aktivit\u00e4tsleiter\/in sofort die Leitung des Zentrums anrufen, die dann die richtigen Ma\u00dfnahmen ergreift. Der\/die Aktivit\u00e4tsleiterIn sollte weiterhin versuchen, den\/die Sch\u00fclerIn \u00fcber sein\/ihr Mobiltelefon zu erreichen. Wenn der Sch\u00fcler zu einer Gruppe geh\u00f6rt, sollte der Aktivit\u00e4tsleiter den Gruppenleiter der Agentur kontaktieren und ihn \u00fcber das Problem informieren und sicherstellen, dass der Gruppenleiter der Agentur bei der Suche nach dem Sch\u00fcler hilft.<\/p><p class=\"p1\">Wenn es gegen Ende des Tages ist und die Gruppe gehen muss, sollte der Gruppenleiter der Agentur und\/oder ein Aktivit\u00e4tsleiter des Sch\u00fclers am Treffpunkt zur\u00fcckbleiben, um den Sch\u00fcler zu finden. Der Rest der Gruppe sollte mit den anderen Aktivit\u00e4tsleitern gehen.<\/p><p class=\"p1\">(Beachten Sie das Verh\u00e4ltnis zwischen Personal und Sch\u00fclern. Bitten Sie ggf. einen anderen Mitarbeiter, die Gruppe zu betreuen).<\/p><p class=\"p1\">Dass Studenten auf einer Exkursion vermisst werden, kommt nicht h\u00e4ufig vor, aber es kann passieren. Noch seltener ist es jedoch, dass wir sie nicht schnell finden, vor allem jetzt, da Mobiltelefone weit verbreitet sind.<\/p><p class=\"p1\"><strong>Weitere Aktionen<\/strong><\/p><p class=\"p1\">Der Zentrumsleiter\/Wohlfahrtsbeauftragte wird weiterhin versuchen, den Sch\u00fcler auf seinem Handy anzurufen.<\/p><p class=\"p1\">Ist der Sch\u00fcler eine Stunde nach dem vereinbarten Treffpunkt noch nicht aufgetaucht, setzt sich die Schule mit den Eltern\/Erziehungsberechtigten in Verbindung, um sie \u00fcber das Fehlen des Kindes zu informieren.<\/p><p class=\"p1\">Wenn der Sch\u00fcler nicht innerhalb von 2 Stunden tags\u00fcber oder anderthalb Stunden abends oder nachts nach der vereinbarten Zeit gefunden wird, wendet sich die Schule an die \u00f6rtliche Polizei, um Unterst\u00fctzung zu erhalten.<\/p><p class=\"p1\"><b>B. Vor Ort <\/b><\/p><p class=\"p1\"><b>Klassen<\/b><\/p><p class=\"p1\">Wenn Sch\u00fcler unter 18 Jahren nicht zum Unterricht erscheinen, um sich anzumelden, sollten die Lehrer die DoS\/Zentrumsleitung unverz\u00fcglich informieren.<\/p><p class=\"p1\">Sobald die Leitung des Zentrums feststellt, dass ein Sch\u00fcler abwesend ist, wird sie versuchen, den Sch\u00fcler (oder den Gruppenleiter der Agentur, wenn der Sch\u00fcler Teil einer Gruppe ist) per Mobiltelefon zu kontaktieren. Sie werden auch das Personal in den R\u00e4umlichkeiten, in denen sie sich aufhalten, kontaktieren.<\/p><p class=\"p1\"><strong>Weitere Ma\u00dfnahmen<\/strong><\/p><p class=\"p1\">Wenn der Sch\u00fcler nach einer Stunde immer noch nicht gefunden wurde, werden die Eltern\/Erziehungsberechtigten kontaktiert und informiert. Wenn der Sch\u00fcler innerhalb von 3 Stunden nicht gefunden wurde, kontaktiert die Schule die Polizei, um sie \u00fcber die Situation zu informieren. Die Polizei wird Ihnen Ratschl\u00e4ge f\u00fcr weitere Ma\u00dfnahmen geben.<\/p><p class=\"p1\"><b>C. Wohnsitz oder Heimaufenthalt <\/b><\/p><p class=\"p1\">F\u00fcr Sch\u00fcler unter 18 Jahren gibt es eine Ausgangssperre. Dies ist:<\/p><p class=\"p1\">Die Sperrstunde f\u00fcr Jugendliche unter 18 Jahren ist freitags und samstags um 23.00 Uhr und an allen anderen Tagen der Woche um 22.30 Uhr. Jugendliche unter 16 Jahren m\u00fcssen nach ihrer R\u00fcckkehr am Abend in ihrer Gastfamilie oder ihrem Wohnheim bleiben, es sei denn, sie werden von einem Gruppenleiter begleitet.<\/p><p class=\"p1\">Wenn der\/die Sch\u00fcler nach den Nachmittags-\/Abendaktivit\u00e4ten nicht zur\u00fcckkehrt\/zur\u00fcckkehren oder wenn der\/die Sch\u00fcler nicht rechtzeitig zur Sperrstunde zur\u00fcckkehrt\/zur\u00fcckkehren, informieren die Aktivit\u00e4tsleiter den Zentrumsleiter (bei Gastfamilien wurden die Gastgeber angewiesen, die LiA-Notrufnummer zu kontaktieren).<\/p><p class=\"p1\">Die Mitarbeiter der Zentrumsleitung werden dann versuchen, den Sch\u00fcler (oder den Gruppenleiter der Agentur, wenn er Teil einer Gruppe ist) telefonisch zu kontaktieren.<\/p><p class=\"p1\">Wenn sie den Sch\u00fcler nicht innerhalb einer Stunde ausfindig machen k\u00f6nnen, werden sie die Eltern\/Erziehungsberechtigten kontaktieren.<\/p><p class=\"p1\">Wenn der Sch\u00fcler nicht innerhalb von 1,30 Stunden nach dem Vers\u00e4umen der Nachmittags-\/Abendaktivit\u00e4ten oder der Ausgangssperre ausfindig gemacht werden kann, wird die Schule die Polizei verst\u00e4ndigen.<\/p><p class=\"p1\"><strong>Diese Politik ist sowohl im Personalhandbuch als auch im Handbuch f\u00fcr Lehrkr\u00e4fte enthalten. Sie wird allen Mitarbeitern (sowohl im akademischen als auch im operativen Bereich) bei ihrer Einarbeitung erl\u00e4utert. Dieses Verfahren wird auch allen Sch\u00fclern erkl\u00e4rt.<\/strong><\/p>\t\t\t\t\t\t\t\t<\/div>\n\t\t\t\t<\/div>\n\t\t\t\t<\/div>\n\t\t\t\t\t<\/div>\n\t\t\t\t<\/div>\n\t\t\t\t<\/div>","protected":false},"excerpt":{"rendered":"<p>Policies General policy for absent \/ missing students Last updated 10\/04\/2026 A. On Excursion The Activity Manager should ensure that students and agency Group Leaders are fully aware of the itinerary \u2013 in many cases agency GLs \/ individual students will receive a leaflet with these details. Students should know where the meeting point is [&hellip;]<\/p>\n","protected":false},"author":27,"featured_media":0,"parent":44379,"menu_order":0,"comment_status":"closed","ping_status":"closed","template":"","meta":{"_acf_changed":false,"footnotes":""},"class_list":["post-45405","page","type-page","status-publish","hentry"],"acf":[],"yoast_head":"<!-- This site is optimized with the Yoast SEO plugin v27.5 - https:\/\/yoast.com\/product\/yoast-seo-wordpress\/ -->\n<title>Absent policy - Language in Action<\/title>\n<meta name=\"robots\" content=\"index, follow, max-snippet:-1, max-image-preview:large, max-video-preview:-1\" \/>\n<link rel=\"canonical\" href=\"https:\/\/languageinactionltd.co.uk\/de\/richtlinien\/abwesende-politik\/\" \/>\n<meta property=\"og:locale\" content=\"de_DE\" \/>\n<meta property=\"og:type\" content=\"article\" \/>\n<meta property=\"og:title\" content=\"Absent policy - Language in Action\" \/>\n<meta property=\"og:description\" content=\"Policies General policy for absent \/ missing students Last updated 10\/04\/2026 A. On Excursion The Activity Manager should ensure that students and agency Group Leaders are fully aware of the itinerary \u2013 in many cases agency GLs \/ individual students will receive a leaflet with these details. Students should know where the meeting point is [&hellip;]\" \/>\n<meta property=\"og:url\" content=\"https:\/\/languageinactionltd.co.uk\/de\/richtlinien\/abwesende-politik\/\" \/>\n<meta property=\"og:site_name\" content=\"Language in Action\" \/>\n<meta property=\"article:modified_time\" content=\"2026-04-13T10:38:07+00:00\" \/>\n<meta property=\"og:image\" content=\"https:\/\/languageinactionltd.co.uk\/wp-content\/uploads\/sites\/9\/2025\/08\/lia-social.png\" \/>\n\t<meta property=\"og:image:width\" content=\"1200\" \/>\n\t<meta property=\"og:image:height\" content=\"675\" \/>\n\t<meta property=\"og:image:type\" content=\"image\/png\" \/>\n<meta name=\"twitter:card\" content=\"summary_large_image\" \/>\n<meta name=\"twitter:label1\" content=\"Gesch\u00e4tzte Lesezeit\" \/>\n\t<meta name=\"twitter:data1\" content=\"4\u00a0Minuten\" \/>\n<script type=\"application\/ld+json\" class=\"yoast-schema-graph\">{\"@context\":\"https:\\\/\\\/schema.org\",\"@graph\":[{\"@type\":\"WebPage\",\"@id\":\"https:\\\/\\\/languageinactionltd.co.uk\\\/policies\\\/absent-policy\\\/\",\"url\":\"https:\\\/\\\/languageinactionltd.co.uk\\\/policies\\\/absent-policy\\\/\",\"name\":\"Absent policy - Language in Action\",\"isPartOf\":{\"@id\":\"https:\\\/\\\/languageinactionltd.co.uk\\\/#website\"},\"datePublished\":\"2025-09-01T08:11:50+00:00\",\"dateModified\":\"2026-04-13T10:38:07+00:00\",\"breadcrumb\":{\"@id\":\"https:\\\/\\\/languageinactionltd.co.uk\\\/policies\\\/absent-policy\\\/#breadcrumb\"},\"inLanguage\":\"de\",\"potentialAction\":[{\"@type\":\"ReadAction\",\"target\":[\"https:\\\/\\\/languageinactionltd.co.uk\\\/policies\\\/absent-policy\\\/\"]}]},{\"@type\":\"BreadcrumbList\",\"@id\":\"https:\\\/\\\/languageinactionltd.co.uk\\\/policies\\\/absent-policy\\\/#breadcrumb\",\"itemListElement\":[{\"@type\":\"ListItem\",\"position\":1,\"name\":\"Home\",\"item\":\"https:\\\/\\\/languageinactionltd.co.uk\\\/\"},{\"@type\":\"ListItem\",\"position\":2,\"name\":\"Policies\",\"item\":\"https:\\\/\\\/languageinactionltd.co.uk\\\/policies\\\/\"},{\"@type\":\"ListItem\",\"position\":3,\"name\":\"Absent policy\"}]},{\"@type\":\"WebSite\",\"@id\":\"https:\\\/\\\/languageinactionltd.co.uk\\\/#website\",\"url\":\"https:\\\/\\\/languageinactionltd.co.uk\\\/\",\"name\":\"Language in Action\",\"description\":\"\",\"potentialAction\":[{\"@type\":\"SearchAction\",\"target\":{\"@type\":\"EntryPoint\",\"urlTemplate\":\"https:\\\/\\\/languageinactionltd.co.uk\\\/?s={search_term_string}\"},\"query-input\":{\"@type\":\"PropertyValueSpecification\",\"valueRequired\":true,\"valueName\":\"search_term_string\"}}],\"inLanguage\":\"de\"}]}<\/script>\n<!-- \/ Yoast SEO plugin. -->","yoast_head_json":{"title":"Abwesende Politik - Sprache in Aktion","robots":{"index":"index","follow":"follow","max-snippet":"max-snippet:-1","max-image-preview":"max-image-preview:large","max-video-preview":"max-video-preview:-1"},"canonical":"https:\/\/languageinactionltd.co.uk\/de\/richtlinien\/abwesende-politik\/","og_locale":"de_DE","og_type":"article","og_title":"Absent policy - Language in Action","og_description":"Policies General policy for absent \/ missing students Last updated 10\/04\/2026 A. On Excursion The Activity Manager should ensure that students and agency Group Leaders are fully aware of the itinerary \u2013 in many cases agency GLs \/ individual students will receive a leaflet with these details. Students should know where the meeting point is [&hellip;]","og_url":"https:\/\/languageinactionltd.co.uk\/de\/richtlinien\/abwesende-politik\/","og_site_name":"Language in Action","article_modified_time":"2026-04-13T10:38:07+00:00","og_image":[{"width":1200,"height":675,"url":"https:\/\/languageinactionltd.co.uk\/wp-content\/uploads\/sites\/9\/2025\/08\/lia-social.png","type":"image\/png"}],"twitter_card":"summary_large_image","twitter_misc":{"Gesch\u00e4tzte Lesezeit":"4\u00a0Minuten"},"schema":{"@context":"https:\/\/schema.org","@graph":[{"@type":"WebPage","@id":"https:\/\/languageinactionltd.co.uk\/policies\/absent-policy\/","url":"https:\/\/languageinactionltd.co.uk\/policies\/absent-policy\/","name":"Abwesende Politik - Sprache in Aktion","isPartOf":{"@id":"https:\/\/languageinactionltd.co.uk\/#website"},"datePublished":"2025-09-01T08:11:50+00:00","dateModified":"2026-04-13T10:38:07+00:00","breadcrumb":{"@id":"https:\/\/languageinactionltd.co.uk\/policies\/absent-policy\/#breadcrumb"},"inLanguage":"de","potentialAction":[{"@type":"ReadAction","target":["https:\/\/languageinactionltd.co.uk\/policies\/absent-policy\/"]}]},{"@type":"BreadcrumbList","@id":"https:\/\/languageinactionltd.co.uk\/policies\/absent-policy\/#breadcrumb","itemListElement":[{"@type":"ListItem","position":1,"name":"Home","item":"https:\/\/languageinactionltd.co.uk\/"},{"@type":"ListItem","position":2,"name":"Policies","item":"https:\/\/languageinactionltd.co.uk\/policies\/"},{"@type":"ListItem","position":3,"name":"Absent policy"}]},{"@type":"WebSite","@id":"https:\/\/languageinactionltd.co.uk\/#website","url":"https:\/\/languageinactionltd.co.uk\/","name":"Sprache in Aktion","description":"","potentialAction":[{"@type":"SearchAction","target":{"@type":"EntryPoint","urlTemplate":"https:\/\/languageinactionltd.co.uk\/?s={search_term_string}"},"query-input":{"@type":"PropertyValueSpecification","valueRequired":true,"valueName":"search_term_string"}}],"inLanguage":"de"}]}},"_links":{"self":[{"href":"https:\/\/languageinactionltd.co.uk\/de\/wp-json\/wp\/v2\/pages\/45405","targetHints":{"allow":["GET"]}}],"collection":[{"href":"https:\/\/languageinactionltd.co.uk\/de\/wp-json\/wp\/v2\/pages"}],"about":[{"href":"https:\/\/languageinactionltd.co.uk\/de\/wp-json\/wp\/v2\/types\/page"}],"author":[{"embeddable":true,"href":"https:\/\/languageinactionltd.co.uk\/de\/wp-json\/wp\/v2\/users\/27"}],"replies":[{"embeddable":true,"href":"https:\/\/languageinactionltd.co.uk\/de\/wp-json\/wp\/v2\/comments?post=45405"}],"version-history":[{"count":7,"href":"https:\/\/languageinactionltd.co.uk\/de\/wp-json\/wp\/v2\/pages\/45405\/revisions"}],"predecessor-version":[{"id":47741,"href":"https:\/\/languageinactionltd.co.uk\/de\/wp-json\/wp\/v2\/pages\/45405\/revisions\/47741"}],"up":[{"embeddable":true,"href":"https:\/\/languageinactionltd.co.uk\/de\/wp-json\/wp\/v2\/pages\/44379"}],"wp:attachment":[{"href":"https:\/\/languageinactionltd.co.uk\/de\/wp-json\/wp\/v2\/media?parent=45405"}],"curies":[{"name":"wp","href":"https:\/\/api.w.org\/{rel}","templated":true}]}}