{"id":45277,"date":"2025-08-28T11:37:45","date_gmt":"2025-08-28T11:37:45","guid":{"rendered":"https:\/\/languageinactionltd.co.uk\/?page_id=45277"},"modified":"2026-04-13T10:37:57","modified_gmt":"2026-04-13T10:37:57","slug":"politik-der-betreuungsverhaltnisse","status":"publish","type":"page","link":"https:\/\/languageinactionltd.co.uk\/de\/policies\/supervision-ratios-policy\/","title":{"rendered":"Politik der \u00dcberwachungsquoten"},"content":{"rendered":"<div data-elementor-type=\"wp-page\" data-elementor-id=\"45277\" class=\"elementor elementor-45277\" data-elementor-post-type=\"page\">\n\t\t\t\t<div class=\"elementor-element elementor-element-7845af4d body-header-small e-flex e-con-boxed translate-yes e-con e-parent\" data-id=\"7845af4d\" data-element_type=\"container\" data-e-type=\"container\" data-settings=\"{&quot;background_background&quot;:&quot;classic&quot;}\">\n\t\t\t\t\t<div class=\"e-con-inner\">\n\t\t<div class=\"elementor-element elementor-element-50df30a1 e-con-full e-flex translate-yes e-con e-child\" data-id=\"50df30a1\" data-element_type=\"container\" data-e-type=\"container\">\n\t\t\t\t<div class=\"elementor-element elementor-element-1538c21b sub-heading elementor-widget elementor-widget-heading\" data-id=\"1538c21b\" data-element_type=\"widget\" data-e-type=\"widget\" data-widget_type=\"heading.default\">\n\t\t\t\t<div class=\"elementor-widget-container\">\n\t\t\t\t\t<span class=\"elementor-heading-title elementor-size-default\">Politiken<\/span>\t\t\t\t<\/div>\n\t\t\t\t<\/div>\n\t\t<div class=\"elementor-element elementor-element-67d5bbed e-con-full e-flex translate-yes e-con e-child\" data-id=\"67d5bbed\" data-element_type=\"container\" data-e-type=\"container\">\n\t\t\t\t<div class=\"elementor-element elementor-element-6803705 elementor-widget elementor-widget-heading\" data-id=\"6803705\" data-element_type=\"widget\" data-e-type=\"widget\" data-widget_type=\"heading.default\">\n\t\t\t\t<div class=\"elementor-widget-container\">\n\t\t\t\t\t<h1 class=\"elementor-heading-title elementor-size-default\">Politik der \u00dcberwachungsquoten<\/h1>\t\t\t\t<\/div>\n\t\t\t\t<\/div>\n\t\t\t\t<div class=\"elementor-element elementor-element-01627e3 elementor-widget elementor-widget-text-editor\" data-id=\"01627e3\" data-element_type=\"widget\" data-e-type=\"widget\" data-widget_type=\"text-editor.default\">\n\t\t\t\t<div class=\"elementor-widget-container\">\n\t\t\t\t\t\t\t\t\t<p><i>Zuletzt aktualisiert am 10.04.2026<\/i><\/p>\t\t\t\t\t\t\t\t<\/div>\n\t\t\t\t<\/div>\n\t\t\t\t<\/div>\n\t\t\t\t<\/div>\n\t\t\t\t\t<\/div>\n\t\t\t\t<\/div>\n\t\t<div class=\"elementor-element elementor-element-364f9cec body-text-1col e-grid e-con-boxed translate-yes e-con e-parent\" data-id=\"364f9cec\" data-element_type=\"container\" data-e-type=\"container\">\n\t\t\t\t\t<div class=\"e-con-inner\">\n\t\t\t\t<div class=\"elementor-element elementor-element-456f694c section-style-default elementor-widget elementor-widget-Section settings\" data-id=\"456f694c\" data-element_type=\"widget\" data-e-type=\"widget\" data-widget_type=\"Section settings.default\">\n\t\t\t\t<div class=\"elementor-widget-container\">\n\t\t\t\t\t\t\t\t\t\t\t<\/div>\n\t\t\t\t<\/div>\n\t\t<div class=\"elementor-element elementor-element-3387810a e-con-full e-flex translate-yes e-con e-child\" data-id=\"3387810a\" data-element_type=\"container\" data-e-type=\"container\">\n\t\t\t\t<div class=\"elementor-element elementor-element-54a06cbf elementor-widget elementor-widget-text-editor\" data-id=\"54a06cbf\" data-element_type=\"widget\" data-e-type=\"widget\" data-widget_type=\"text-editor.default\">\n\t\t\t\t<div class=\"elementor-widget-container\">\n\t\t\t\t\t\t\t\t\t<p class=\"p1\"><strong>Richtlinie \u00fcber das Betreuungsverh\u00e4ltnis bei Unterk\u00fcnften\/Klassenzimmern\/Exkursionen\/Sozialprogrammaktivit\u00e4ten, an denen Sch\u00fcler unter 18 Jahren beteiligt sind.<\/strong><\/p><p class=\"p1\">Language in Action stellt sicher, dass in allen Unterk\u00fcnften und Klassenzimmern sowie bei allen Ausfl\u00fcgen und Aktivit\u00e4ten, an denen Sch\u00fcler unter 18 Jahren teilnehmen, mindestens ein Mitglied des Personals (einschlie\u00dflich der Gruppenleiter der Agentur) pro 15\/20 Sch\u00fcler anwesend ist.<\/p><p class=\"p1\">Je nach gew\u00e4hltem Studiengang k\u00f6nnen 16- und 17-j\u00e4hrige Sch\u00fclerinnen und Sch\u00fcler in begrenztem Umfang von LiA-Mitarbeitern betreut werden.<\/p><p class=\"p1\">Wenn es sich um einen Sch\u00fcler mit besonderen Bed\u00fcrfnissen oder einer Behinderung handelt, stellen wir sicher, dass ein weiterer Mitarbeiter (einschlie\u00dflich der Gruppenleiter der Agentur) zur Verf\u00fcgung steht, um ihn w\u00e4hrend seines Aufenthalts zu unterst\u00fctzen.<\/p><p class=\"p1\">Die Klassengr\u00f6\u00dfe betr\u00e4gt maximal 18 Sch\u00fcler. Jeder Klasse wird ein verantwortlicher Erwachsener zugewiesen.<\/p><p class=\"p1\">Alle Wohnheime werden von geschultem Personal beaufsichtigt, das in Notf\u00e4llen 24 Stunden am Tag zur Verf\u00fcgung steht.<\/p><p class=\"p1\">Alle LiA-Mitarbeiter, die Aktivit\u00e4ten\/Exkursionen leiten, haben Erfahrung in der Arbeit mit Sch\u00fclern unter 18 Jahren, wurden einem DBS-Check unterzogen und haben zwei Referenzen erhalten. Diese Angaben werden in unser zentrales Personalregister hochgeladen, sobald die Originaldokumente eingesehen wurden.<\/p><p class=\"p1\">Die wichtigsten Mitarbeiter der Partneragenturen werden gebeten, eine Erkl\u00e4rung zu unterzeichnen, in der sie best\u00e4tigen, dass ihre Mitarbeiter f\u00fcr die Arbeit mit minderj\u00e4hrigen Sch\u00fclern \u00fcberpr\u00fcft wurden. Gruppenleiter der Agentur (und andere Mitarbeiter der Agentur<\/p><p class=\"p1\">Mitglieder) m\u00fcssen bei ihrer Ankunft ein Exemplar der Sicherheits- und Kinderschutzpolitik erhalten und in diese eingewiesen werden. Sie werden au\u00dferdem gebeten, den Verhaltenskodex zu lesen und zu unterschreiben und eine Selbsterkl\u00e4rung \u00fcber ihre Eignung f\u00fcr die Arbeit mit Kindern abzugeben.<\/p><p class=\"p1\">Es wurden Risikobewertungen f\u00fcr alle Hauptgeb\u00e4ude, Aktivit\u00e4ten vor Ort und Ausfl\u00fcge au\u00dferhalb des Gel\u00e4ndes durchgef\u00fchrt.<\/p><p>\u00a0<\/p>\t\t\t\t\t\t\t\t<\/div>\n\t\t\t\t<\/div>\n\t\t\t\t<\/div>\n\t\t\t\t\t<\/div>\n\t\t\t\t<\/div>\n\t\t\t\t<\/div>","protected":false},"excerpt":{"rendered":"<p>Policies Supervision Ratios Policy Last updated 10\/04\/2026 Policy on Supervision Ratios for Accommodation \/ Classrooms \/ Excursions \/ Social programme activities where under 18yr\u2019s students are involved. Language in Action ensures that in all residential accommodation and classrooms, as well as on all excursions and activities where student under the age of 18yrs are involved, [&hellip;]<\/p>\n","protected":false},"author":27,"featured_media":0,"parent":44379,"menu_order":0,"comment_status":"closed","ping_status":"closed","template":"","meta":{"_acf_changed":false,"footnotes":""},"class_list":["post-45277","page","type-page","status-publish","hentry"],"acf":[],"yoast_head":"<!-- This site is optimized with the Yoast SEO plugin v27.5 - https:\/\/yoast.com\/product\/yoast-seo-wordpress\/ -->\n<title>Supervision Ratios Policy - Language in Action<\/title>\n<meta name=\"robots\" content=\"index, follow, max-snippet:-1, max-image-preview:large, max-video-preview:-1\" \/>\n<link rel=\"canonical\" href=\"https:\/\/languageinactionltd.co.uk\/de\/richtlinien\/politik-der-betreuungsverhaltnisse\/\" \/>\n<meta property=\"og:locale\" content=\"de_DE\" \/>\n<meta property=\"og:type\" content=\"article\" \/>\n<meta property=\"og:title\" content=\"Supervision Ratios Policy - Language in Action\" \/>\n<meta property=\"og:description\" content=\"Policies Supervision Ratios Policy Last updated 10\/04\/2026 Policy on Supervision Ratios for Accommodation \/ Classrooms \/ Excursions \/ Social programme activities where under 18yr\u2019s students are involved. Language in Action ensures that in all residential accommodation and classrooms, as well as on all excursions and activities where student under the age of 18yrs are involved, [&hellip;]\" \/>\n<meta property=\"og:url\" content=\"https:\/\/languageinactionltd.co.uk\/de\/richtlinien\/politik-der-betreuungsverhaltnisse\/\" \/>\n<meta property=\"og:site_name\" content=\"Language in Action\" \/>\n<meta property=\"article:modified_time\" content=\"2026-04-13T10:37:57+00:00\" \/>\n<meta property=\"og:image\" content=\"https:\/\/languageinactionltd.co.uk\/wp-content\/uploads\/sites\/9\/2025\/08\/lia-social.png\" \/>\n\t<meta property=\"og:image:width\" content=\"1200\" \/>\n\t<meta property=\"og:image:height\" content=\"675\" \/>\n\t<meta property=\"og:image:type\" content=\"image\/png\" \/>\n<meta name=\"twitter:card\" content=\"summary_large_image\" \/>\n<meta name=\"twitter:label1\" content=\"Gesch\u00e4tzte Lesezeit\" \/>\n\t<meta name=\"twitter:data1\" content=\"2\u00a0Minuten\" \/>\n<script type=\"application\/ld+json\" class=\"yoast-schema-graph\">{\"@context\":\"https:\\\/\\\/schema.org\",\"@graph\":[{\"@type\":\"WebPage\",\"@id\":\"https:\\\/\\\/languageinactionltd.co.uk\\\/policies\\\/supervision-ratios-policy\\\/\",\"url\":\"https:\\\/\\\/languageinactionltd.co.uk\\\/policies\\\/supervision-ratios-policy\\\/\",\"name\":\"Supervision Ratios Policy - Language in Action\",\"isPartOf\":{\"@id\":\"https:\\\/\\\/languageinactionltd.co.uk\\\/#website\"},\"datePublished\":\"2025-08-28T11:37:45+00:00\",\"dateModified\":\"2026-04-13T10:37:57+00:00\",\"breadcrumb\":{\"@id\":\"https:\\\/\\\/languageinactionltd.co.uk\\\/policies\\\/supervision-ratios-policy\\\/#breadcrumb\"},\"inLanguage\":\"de\",\"potentialAction\":[{\"@type\":\"ReadAction\",\"target\":[\"https:\\\/\\\/languageinactionltd.co.uk\\\/policies\\\/supervision-ratios-policy\\\/\"]}]},{\"@type\":\"BreadcrumbList\",\"@id\":\"https:\\\/\\\/languageinactionltd.co.uk\\\/policies\\\/supervision-ratios-policy\\\/#breadcrumb\",\"itemListElement\":[{\"@type\":\"ListItem\",\"position\":1,\"name\":\"Home\",\"item\":\"https:\\\/\\\/languageinactionltd.co.uk\\\/\"},{\"@type\":\"ListItem\",\"position\":2,\"name\":\"Policies\",\"item\":\"https:\\\/\\\/languageinactionltd.co.uk\\\/policies\\\/\"},{\"@type\":\"ListItem\",\"position\":3,\"name\":\"Supervision Ratios Policy\"}]},{\"@type\":\"WebSite\",\"@id\":\"https:\\\/\\\/languageinactionltd.co.uk\\\/#website\",\"url\":\"https:\\\/\\\/languageinactionltd.co.uk\\\/\",\"name\":\"Language in Action\",\"description\":\"\",\"potentialAction\":[{\"@type\":\"SearchAction\",\"target\":{\"@type\":\"EntryPoint\",\"urlTemplate\":\"https:\\\/\\\/languageinactionltd.co.uk\\\/?s={search_term_string}\"},\"query-input\":{\"@type\":\"PropertyValueSpecification\",\"valueRequired\":true,\"valueName\":\"search_term_string\"}}],\"inLanguage\":\"de\"}]}<\/script>\n<!-- \/ Yoast SEO plugin. -->","yoast_head_json":{"title":"Politik der Betreuungsrelationen - Sprache in Aktion","robots":{"index":"index","follow":"follow","max-snippet":"max-snippet:-1","max-image-preview":"max-image-preview:large","max-video-preview":"max-video-preview:-1"},"canonical":"https:\/\/languageinactionltd.co.uk\/de\/richtlinien\/politik-der-betreuungsverhaltnisse\/","og_locale":"de_DE","og_type":"article","og_title":"Supervision Ratios Policy - Language in Action","og_description":"Policies Supervision Ratios Policy Last updated 10\/04\/2026 Policy on Supervision Ratios for Accommodation \/ Classrooms \/ Excursions \/ Social programme activities where under 18yr\u2019s students are involved. Language in Action ensures that in all residential accommodation and classrooms, as well as on all excursions and activities where student under the age of 18yrs are involved, [&hellip;]","og_url":"https:\/\/languageinactionltd.co.uk\/de\/richtlinien\/politik-der-betreuungsverhaltnisse\/","og_site_name":"Language in Action","article_modified_time":"2026-04-13T10:37:57+00:00","og_image":[{"width":1200,"height":675,"url":"https:\/\/languageinactionltd.co.uk\/wp-content\/uploads\/sites\/9\/2025\/08\/lia-social.png","type":"image\/png"}],"twitter_card":"summary_large_image","twitter_misc":{"Gesch\u00e4tzte Lesezeit":"2\u00a0Minuten"},"schema":{"@context":"https:\/\/schema.org","@graph":[{"@type":"WebPage","@id":"https:\/\/languageinactionltd.co.uk\/policies\/supervision-ratios-policy\/","url":"https:\/\/languageinactionltd.co.uk\/policies\/supervision-ratios-policy\/","name":"Politik der Betreuungsrelationen - Sprache in Aktion","isPartOf":{"@id":"https:\/\/languageinactionltd.co.uk\/#website"},"datePublished":"2025-08-28T11:37:45+00:00","dateModified":"2026-04-13T10:37:57+00:00","breadcrumb":{"@id":"https:\/\/languageinactionltd.co.uk\/policies\/supervision-ratios-policy\/#breadcrumb"},"inLanguage":"de","potentialAction":[{"@type":"ReadAction","target":["https:\/\/languageinactionltd.co.uk\/policies\/supervision-ratios-policy\/"]}]},{"@type":"BreadcrumbList","@id":"https:\/\/languageinactionltd.co.uk\/policies\/supervision-ratios-policy\/#breadcrumb","itemListElement":[{"@type":"ListItem","position":1,"name":"Home","item":"https:\/\/languageinactionltd.co.uk\/"},{"@type":"ListItem","position":2,"name":"Policies","item":"https:\/\/languageinactionltd.co.uk\/policies\/"},{"@type":"ListItem","position":3,"name":"Supervision Ratios Policy"}]},{"@type":"WebSite","@id":"https:\/\/languageinactionltd.co.uk\/#website","url":"https:\/\/languageinactionltd.co.uk\/","name":"Sprache in Aktion","description":"","potentialAction":[{"@type":"SearchAction","target":{"@type":"EntryPoint","urlTemplate":"https:\/\/languageinactionltd.co.uk\/?s={search_term_string}"},"query-input":{"@type":"PropertyValueSpecification","valueRequired":true,"valueName":"search_term_string"}}],"inLanguage":"de"}]}},"_links":{"self":[{"href":"https:\/\/languageinactionltd.co.uk\/de\/wp-json\/wp\/v2\/pages\/45277","targetHints":{"allow":["GET"]}}],"collection":[{"href":"https:\/\/languageinactionltd.co.uk\/de\/wp-json\/wp\/v2\/pages"}],"about":[{"href":"https:\/\/languageinactionltd.co.uk\/de\/wp-json\/wp\/v2\/types\/page"}],"author":[{"embeddable":true,"href":"https:\/\/languageinactionltd.co.uk\/de\/wp-json\/wp\/v2\/users\/27"}],"replies":[{"embeddable":true,"href":"https:\/\/languageinactionltd.co.uk\/de\/wp-json\/wp\/v2\/comments?post=45277"}],"version-history":[{"count":7,"href":"https:\/\/languageinactionltd.co.uk\/de\/wp-json\/wp\/v2\/pages\/45277\/revisions"}],"predecessor-version":[{"id":47729,"href":"https:\/\/languageinactionltd.co.uk\/de\/wp-json\/wp\/v2\/pages\/45277\/revisions\/47729"}],"up":[{"embeddable":true,"href":"https:\/\/languageinactionltd.co.uk\/de\/wp-json\/wp\/v2\/pages\/44379"}],"wp:attachment":[{"href":"https:\/\/languageinactionltd.co.uk\/de\/wp-json\/wp\/v2\/media?parent=45277"}],"curies":[{"name":"wp","href":"https:\/\/api.w.org\/{rel}","templated":true}]}}