{"id":45259,"date":"2025-08-28T11:29:09","date_gmt":"2025-08-28T11:29:09","guid":{"rendered":"https:\/\/languageinactionltd.co.uk\/?page_id=45259"},"modified":"2026-04-13T10:36:21","modified_gmt":"2026-04-13T10:36:21","slug":"verspatungsregelung-fur-studenten","status":"publish","type":"page","link":"https:\/\/languageinactionltd.co.uk\/de\/policies\/student-lateness-policy\/","title":{"rendered":"Versp\u00e4tungspolitik f\u00fcr Studenten"},"content":{"rendered":"<div data-elementor-type=\"wp-page\" data-elementor-id=\"45259\" class=\"elementor elementor-45259\" data-elementor-post-type=\"page\">\n\t\t\t\t<div class=\"elementor-element elementor-element-62332a9f body-header-small e-flex e-con-boxed translate-yes e-con e-parent\" data-id=\"62332a9f\" data-element_type=\"container\" data-e-type=\"container\" data-settings=\"{&quot;background_background&quot;:&quot;classic&quot;}\">\n\t\t\t\t\t<div class=\"e-con-inner\">\n\t\t<div class=\"elementor-element elementor-element-34b7a050 e-con-full e-flex translate-yes e-con e-child\" data-id=\"34b7a050\" data-element_type=\"container\" data-e-type=\"container\">\n\t\t\t\t<div class=\"elementor-element elementor-element-201e9fb1 sub-heading elementor-widget elementor-widget-heading\" data-id=\"201e9fb1\" data-element_type=\"widget\" data-e-type=\"widget\" data-widget_type=\"heading.default\">\n\t\t\t\t<div class=\"elementor-widget-container\">\n\t\t\t\t\t<span class=\"elementor-heading-title elementor-size-default\">Politiken<\/span>\t\t\t\t<\/div>\n\t\t\t\t<\/div>\n\t\t<div class=\"elementor-element elementor-element-56a873d9 e-con-full e-flex translate-yes e-con e-child\" data-id=\"56a873d9\" data-element_type=\"container\" data-e-type=\"container\">\n\t\t\t\t<div class=\"elementor-element elementor-element-340c00b8 elementor-widget elementor-widget-heading\" data-id=\"340c00b8\" data-element_type=\"widget\" data-e-type=\"widget\" data-widget_type=\"heading.default\">\n\t\t\t\t<div class=\"elementor-widget-container\">\n\t\t\t\t\t<h1 class=\"elementor-heading-title elementor-size-default\">Versp\u00e4tungspolitik f\u00fcr Studenten<\/h1>\t\t\t\t<\/div>\n\t\t\t\t<\/div>\n\t\t\t\t<div class=\"elementor-element elementor-element-c7b190e elementor-widget elementor-widget-text-editor\" data-id=\"c7b190e\" data-element_type=\"widget\" data-e-type=\"widget\" data-widget_type=\"text-editor.default\">\n\t\t\t\t<div class=\"elementor-widget-container\">\n\t\t\t\t\t\t\t\t\t<p><i>Zuletzt aktualisiert am 10.04.2026<\/i><\/p>\t\t\t\t\t\t\t\t<\/div>\n\t\t\t\t<\/div>\n\t\t\t\t<\/div>\n\t\t\t\t<\/div>\n\t\t\t\t\t<\/div>\n\t\t\t\t<\/div>\n\t\t<div class=\"elementor-element elementor-element-6ebf80ce body-text-1col e-grid e-con-boxed translate-yes e-con e-parent\" data-id=\"6ebf80ce\" data-element_type=\"container\" data-e-type=\"container\">\n\t\t\t\t\t<div class=\"e-con-inner\">\n\t\t\t\t<div class=\"elementor-element elementor-element-5954f3c3 section-style-default elementor-widget elementor-widget-Section settings\" data-id=\"5954f3c3\" data-element_type=\"widget\" data-e-type=\"widget\" data-widget_type=\"Section settings.default\">\n\t\t\t\t<div class=\"elementor-widget-container\">\n\t\t\t\t\t\t\t\t\t\t\t<\/div>\n\t\t\t\t<\/div>\n\t\t<div class=\"elementor-element elementor-element-65624923 e-con-full e-flex translate-yes e-con e-child\" data-id=\"65624923\" data-element_type=\"container\" data-e-type=\"container\">\n\t\t\t\t<div class=\"elementor-element elementor-element-46ea151f elementor-widget elementor-widget-text-editor\" data-id=\"46ea151f\" data-element_type=\"widget\" data-e-type=\"widget\" data-widget_type=\"text-editor.default\">\n\t\t\t\t<div class=\"elementor-widget-container\">\n\t\t\t\t\t\t\t\t\t<p class=\"p1\"><strong>POLITIK<\/strong><\/p><ul><li class=\"p1\">Von allen Sch\u00fclern (unabh\u00e4ngig von der Art des Visums) wird erwartet, dass sie p\u00fcnktlich zu allen Unterrichtszeiten und Aktivit\u00e4ten erscheinen.<\/li><li class=\"p1\">Von den Lehrern und Aktivit\u00e4tsleitern wird erwartet, dass sie Standards f\u00fcr die Zeitmessung setzen.<\/li><li class=\"p1\">Jeder Sch\u00fcler, der nach der Anfangszeit des Unterrichts eintrifft, wird als \"zu sp\u00e4t\" eingestuft.<\/li><li class=\"p1\">Sch\u00fcler, die zu einem Teil des Unterrichts mehr als 15 Minuten zu sp\u00e4t kommen oder den Unterricht mehr als 15 Minuten zu fr\u00fch verlassen, werden als \"zu sp\u00e4t gekommen\" eingestuft.<\/li><li class=\"p1\">Jeder Sch\u00fcler, der mehr als 15 Minuten zu sp\u00e4t kommt, kann nach der Pause in die Klasse aufgenommen werden.<\/li><li class=\"p1\">Das akademische Team erstellt Berichte, in denen Studenten mit schlechter Zeiteinteilung identifiziert werden, und es werden Treffen zwischen dem Studenten (und\/oder dem Gruppenleiter der Agentur, wenn er Teil einer geschlossenen Gruppe ist) und dem DoS\/Centre Manager vereinbart, um dieses Problem anzugehen und eine Verbesserung herbeizuf\u00fchren.<\/li><li class=\"p1\">Im Falle von Studenten mit einem Studentenvisum (\u00fcber 11 Monate) oder einem Kurzzeitvisum sollte der DoS\/Zentrumsleiter sofort benachrichtigt werden, wenn Studenten wiederholt zu sp\u00e4t kommen, da dies die Anwesenheit und damit die Einhaltung der Visumspflicht beeintr\u00e4chtigt.<\/li><li class=\"p1\">Die Sch\u00fcler k\u00f6nnen sich darauf berufen, dass sie g\u00fcltige Entschuldigungen f\u00fcr das Versp\u00e4tungsmuster haben. LiA akzeptiert keine Gr\u00fcnde f\u00fcr st\u00e4ndiges Zusp\u00e4tkommen zum Unterricht.<\/li><li class=\"p1\">Alle Lehrer sollten sich dar\u00fcber im Klaren sein, dass eine gute Anwesenheit und eine gute Zeiteinteilung der Grundstein f\u00fcr eine qualitativ hochwertige Bildung sind. Dies muss jederzeit gef\u00f6rdert werden. Die Lehrkr\u00e4fte von Language in Action sind vertraglich verpflichtet, die Leistungen der Sch\u00fcler sowie die Anwesenheit und die Einhaltung der Unterrichtszeiten zu \u00fcberwachen.<\/li><\/ul><p class=\"p1\"><strong>VERWANDTE POLITIKEN<\/strong><\/p><ul><li class=\"p1\">Allgemeine Regeln f\u00fcr abwesende\/vers\u00e4umte Sch\u00fcler<\/li><li class=\"p1\">Anwesenheitspolitik<\/li><li class=\"p1\">Disziplinarverfahren f\u00fcr Studenten<\/li><\/ul>\t\t\t\t\t\t\t\t<\/div>\n\t\t\t\t<\/div>\n\t\t\t\t<\/div>\n\t\t\t\t\t<\/div>\n\t\t\t\t<\/div>\n\t\t\t\t<\/div>","protected":false},"excerpt":{"rendered":"<p>Policies Student Lateness Policy Last updated 10\/04\/2026 POLICY All Students (regardless of visa type) are expected to arrive on time for all class and activities start times. Teachers and Activity Leaders are expected to set standards with regards to timekeeping. Any student arriving after the class start time will be marked \u2018Late\u2019. Students arriving more [&hellip;]<\/p>\n","protected":false},"author":27,"featured_media":0,"parent":44379,"menu_order":0,"comment_status":"closed","ping_status":"closed","template":"","meta":{"_acf_changed":false,"footnotes":""},"class_list":["post-45259","page","type-page","status-publish","hentry"],"acf":[],"yoast_head":"<!-- This site is optimized with the Yoast SEO plugin v27.5 - https:\/\/yoast.com\/product\/yoast-seo-wordpress\/ -->\n<title>Student Lateness Policy - Language in Action<\/title>\n<meta name=\"robots\" content=\"index, follow, max-snippet:-1, max-image-preview:large, max-video-preview:-1\" \/>\n<link rel=\"canonical\" href=\"https:\/\/languageinactionltd.co.uk\/de\/richtlinien\/verspatungsregelung-fur-studenten\/\" \/>\n<meta property=\"og:locale\" content=\"de_DE\" \/>\n<meta property=\"og:type\" content=\"article\" \/>\n<meta property=\"og:title\" content=\"Student Lateness Policy - Language in Action\" \/>\n<meta property=\"og:description\" content=\"Policies Student Lateness Policy Last updated 10\/04\/2026 POLICY All Students (regardless of visa type) are expected to arrive on time for all class and activities start times. Teachers and Activity Leaders are expected to set standards with regards to timekeeping. Any student arriving after the class start time will be marked \u2018Late\u2019. Students arriving more [&hellip;]\" \/>\n<meta property=\"og:url\" content=\"https:\/\/languageinactionltd.co.uk\/de\/richtlinien\/verspatungsregelung-fur-studenten\/\" \/>\n<meta property=\"og:site_name\" content=\"Language in Action\" \/>\n<meta property=\"article:modified_time\" content=\"2026-04-13T10:36:21+00:00\" \/>\n<meta property=\"og:image\" content=\"https:\/\/languageinactionltd.co.uk\/wp-content\/uploads\/sites\/9\/2025\/08\/lia-social.png\" \/>\n\t<meta property=\"og:image:width\" content=\"1200\" \/>\n\t<meta property=\"og:image:height\" content=\"675\" \/>\n\t<meta property=\"og:image:type\" content=\"image\/png\" \/>\n<meta name=\"twitter:card\" content=\"summary_large_image\" \/>\n<meta name=\"twitter:label1\" content=\"Gesch\u00e4tzte Lesezeit\" \/>\n\t<meta name=\"twitter:data1\" content=\"2\u00a0Minuten\" \/>\n<script type=\"application\/ld+json\" class=\"yoast-schema-graph\">{\"@context\":\"https:\\\/\\\/schema.org\",\"@graph\":[{\"@type\":\"WebPage\",\"@id\":\"https:\\\/\\\/languageinactionltd.co.uk\\\/policies\\\/student-lateness-policy\\\/\",\"url\":\"https:\\\/\\\/languageinactionltd.co.uk\\\/policies\\\/student-lateness-policy\\\/\",\"name\":\"Student Lateness Policy - Language in Action\",\"isPartOf\":{\"@id\":\"https:\\\/\\\/languageinactionltd.co.uk\\\/#website\"},\"datePublished\":\"2025-08-28T11:29:09+00:00\",\"dateModified\":\"2026-04-13T10:36:21+00:00\",\"breadcrumb\":{\"@id\":\"https:\\\/\\\/languageinactionltd.co.uk\\\/policies\\\/student-lateness-policy\\\/#breadcrumb\"},\"inLanguage\":\"de\",\"potentialAction\":[{\"@type\":\"ReadAction\",\"target\":[\"https:\\\/\\\/languageinactionltd.co.uk\\\/policies\\\/student-lateness-policy\\\/\"]}]},{\"@type\":\"BreadcrumbList\",\"@id\":\"https:\\\/\\\/languageinactionltd.co.uk\\\/policies\\\/student-lateness-policy\\\/#breadcrumb\",\"itemListElement\":[{\"@type\":\"ListItem\",\"position\":1,\"name\":\"Home\",\"item\":\"https:\\\/\\\/languageinactionltd.co.uk\\\/\"},{\"@type\":\"ListItem\",\"position\":2,\"name\":\"Policies\",\"item\":\"https:\\\/\\\/languageinactionltd.co.uk\\\/policies\\\/\"},{\"@type\":\"ListItem\",\"position\":3,\"name\":\"Student Lateness Policy\"}]},{\"@type\":\"WebSite\",\"@id\":\"https:\\\/\\\/languageinactionltd.co.uk\\\/#website\",\"url\":\"https:\\\/\\\/languageinactionltd.co.uk\\\/\",\"name\":\"Language in Action\",\"description\":\"\",\"potentialAction\":[{\"@type\":\"SearchAction\",\"target\":{\"@type\":\"EntryPoint\",\"urlTemplate\":\"https:\\\/\\\/languageinactionltd.co.uk\\\/?s={search_term_string}\"},\"query-input\":{\"@type\":\"PropertyValueSpecification\",\"valueRequired\":true,\"valueName\":\"search_term_string\"}}],\"inLanguage\":\"de\"}]}<\/script>\n<!-- \/ Yoast SEO plugin. -->","yoast_head_json":{"title":"Politik des Zusp\u00e4tkommens von Sch\u00fclern - Sprache in Aktion","robots":{"index":"index","follow":"follow","max-snippet":"max-snippet:-1","max-image-preview":"max-image-preview:large","max-video-preview":"max-video-preview:-1"},"canonical":"https:\/\/languageinactionltd.co.uk\/de\/richtlinien\/verspatungsregelung-fur-studenten\/","og_locale":"de_DE","og_type":"article","og_title":"Student Lateness Policy - Language in Action","og_description":"Policies Student Lateness Policy Last updated 10\/04\/2026 POLICY All Students (regardless of visa type) are expected to arrive on time for all class and activities start times. Teachers and Activity Leaders are expected to set standards with regards to timekeeping. Any student arriving after the class start time will be marked \u2018Late\u2019. Students arriving more [&hellip;]","og_url":"https:\/\/languageinactionltd.co.uk\/de\/richtlinien\/verspatungsregelung-fur-studenten\/","og_site_name":"Language in Action","article_modified_time":"2026-04-13T10:36:21+00:00","og_image":[{"width":1200,"height":675,"url":"https:\/\/languageinactionltd.co.uk\/wp-content\/uploads\/sites\/9\/2025\/08\/lia-social.png","type":"image\/png"}],"twitter_card":"summary_large_image","twitter_misc":{"Gesch\u00e4tzte Lesezeit":"2\u00a0Minuten"},"schema":{"@context":"https:\/\/schema.org","@graph":[{"@type":"WebPage","@id":"https:\/\/languageinactionltd.co.uk\/policies\/student-lateness-policy\/","url":"https:\/\/languageinactionltd.co.uk\/policies\/student-lateness-policy\/","name":"Politik des Zusp\u00e4tkommens von Sch\u00fclern - Sprache in Aktion","isPartOf":{"@id":"https:\/\/languageinactionltd.co.uk\/#website"},"datePublished":"2025-08-28T11:29:09+00:00","dateModified":"2026-04-13T10:36:21+00:00","breadcrumb":{"@id":"https:\/\/languageinactionltd.co.uk\/policies\/student-lateness-policy\/#breadcrumb"},"inLanguage":"de","potentialAction":[{"@type":"ReadAction","target":["https:\/\/languageinactionltd.co.uk\/policies\/student-lateness-policy\/"]}]},{"@type":"BreadcrumbList","@id":"https:\/\/languageinactionltd.co.uk\/policies\/student-lateness-policy\/#breadcrumb","itemListElement":[{"@type":"ListItem","position":1,"name":"Home","item":"https:\/\/languageinactionltd.co.uk\/"},{"@type":"ListItem","position":2,"name":"Policies","item":"https:\/\/languageinactionltd.co.uk\/policies\/"},{"@type":"ListItem","position":3,"name":"Student Lateness Policy"}]},{"@type":"WebSite","@id":"https:\/\/languageinactionltd.co.uk\/#website","url":"https:\/\/languageinactionltd.co.uk\/","name":"Sprache in Aktion","description":"","potentialAction":[{"@type":"SearchAction","target":{"@type":"EntryPoint","urlTemplate":"https:\/\/languageinactionltd.co.uk\/?s={search_term_string}"},"query-input":{"@type":"PropertyValueSpecification","valueRequired":true,"valueName":"search_term_string"}}],"inLanguage":"de"}]}},"_links":{"self":[{"href":"https:\/\/languageinactionltd.co.uk\/de\/wp-json\/wp\/v2\/pages\/45259","targetHints":{"allow":["GET"]}}],"collection":[{"href":"https:\/\/languageinactionltd.co.uk\/de\/wp-json\/wp\/v2\/pages"}],"about":[{"href":"https:\/\/languageinactionltd.co.uk\/de\/wp-json\/wp\/v2\/types\/page"}],"author":[{"embeddable":true,"href":"https:\/\/languageinactionltd.co.uk\/de\/wp-json\/wp\/v2\/users\/27"}],"replies":[{"embeddable":true,"href":"https:\/\/languageinactionltd.co.uk\/de\/wp-json\/wp\/v2\/comments?post=45259"}],"version-history":[{"count":7,"href":"https:\/\/languageinactionltd.co.uk\/de\/wp-json\/wp\/v2\/pages\/45259\/revisions"}],"predecessor-version":[{"id":47717,"href":"https:\/\/languageinactionltd.co.uk\/de\/wp-json\/wp\/v2\/pages\/45259\/revisions\/47717"}],"up":[{"embeddable":true,"href":"https:\/\/languageinactionltd.co.uk\/de\/wp-json\/wp\/v2\/pages\/44379"}],"wp:attachment":[{"href":"https:\/\/languageinactionltd.co.uk\/de\/wp-json\/wp\/v2\/media?parent=45259"}],"curies":[{"name":"wp","href":"https:\/\/api.w.org\/{rel}","templated":true}]}}