{"id":45237,"date":"2025-08-28T11:06:13","date_gmt":"2025-08-28T11:06:13","guid":{"rendered":"https:\/\/languageinactionltd.co.uk\/?page_id=45237"},"modified":"2026-04-13T10:36:23","modified_gmt":"2026-04-13T10:36:23","slug":"beschwerdepolitik-und-verfahren-fur-studenten","status":"publish","type":"page","link":"https:\/\/languageinactionltd.co.uk\/de\/policies\/student-complaints-policy-and-procedure\/","title":{"rendered":"Beschwerdepolitik und -verfahren f\u00fcr Studenten"},"content":{"rendered":"<div data-elementor-type=\"wp-page\" data-elementor-id=\"45237\" class=\"elementor elementor-45237\" data-elementor-post-type=\"page\">\n\t\t\t\t<div class=\"elementor-element elementor-element-684aed79 body-header-small e-flex e-con-boxed translate-yes e-con e-parent\" data-id=\"684aed79\" data-element_type=\"container\" data-e-type=\"container\" data-settings=\"{&quot;background_background&quot;:&quot;classic&quot;}\">\n\t\t\t\t\t<div class=\"e-con-inner\">\n\t\t<div class=\"elementor-element elementor-element-7b7a4b55 e-con-full e-flex translate-yes e-con e-child\" data-id=\"7b7a4b55\" data-element_type=\"container\" data-e-type=\"container\">\n\t\t\t\t<div class=\"elementor-element elementor-element-116fc076 sub-heading elementor-widget elementor-widget-heading\" data-id=\"116fc076\" data-element_type=\"widget\" data-e-type=\"widget\" data-widget_type=\"heading.default\">\n\t\t\t\t<div class=\"elementor-widget-container\">\n\t\t\t\t\t<span class=\"elementor-heading-title elementor-size-default\">Politiken<\/span>\t\t\t\t<\/div>\n\t\t\t\t<\/div>\n\t\t<div class=\"elementor-element elementor-element-67bddda1 e-con-full e-flex translate-yes e-con e-child\" data-id=\"67bddda1\" data-element_type=\"container\" data-e-type=\"container\">\n\t\t\t\t<div class=\"elementor-element elementor-element-47688726 elementor-widget elementor-widget-heading\" data-id=\"47688726\" data-element_type=\"widget\" data-e-type=\"widget\" data-widget_type=\"heading.default\">\n\t\t\t\t<div class=\"elementor-widget-container\">\n\t\t\t\t\t<h1 class=\"elementor-heading-title elementor-size-default\">Beschwerdepolitik und -verfahren f\u00fcr Studenten<\/h1>\t\t\t\t<\/div>\n\t\t\t\t<\/div>\n\t\t\t\t<div class=\"elementor-element elementor-element-72bde73 elementor-widget elementor-widget-text-editor\" data-id=\"72bde73\" data-element_type=\"widget\" data-e-type=\"widget\" data-widget_type=\"text-editor.default\">\n\t\t\t\t<div class=\"elementor-widget-container\">\n\t\t\t\t\t\t\t\t\t<p><i>Zuletzt aktualisiert am 10.04.2026<\/i><\/p>\t\t\t\t\t\t\t\t<\/div>\n\t\t\t\t<\/div>\n\t\t\t\t<\/div>\n\t\t\t\t<\/div>\n\t\t\t\t\t<\/div>\n\t\t\t\t<\/div>\n\t\t<div class=\"elementor-element elementor-element-31f7aa45 body-text-1col e-grid e-con-boxed translate-yes e-con e-parent\" data-id=\"31f7aa45\" data-element_type=\"container\" data-e-type=\"container\">\n\t\t\t\t\t<div class=\"e-con-inner\">\n\t\t\t\t<div class=\"elementor-element elementor-element-b494ac4 section-style-default elementor-widget elementor-widget-Section settings\" data-id=\"b494ac4\" data-element_type=\"widget\" data-e-type=\"widget\" data-widget_type=\"Section settings.default\">\n\t\t\t\t<div class=\"elementor-widget-container\">\n\t\t\t\t\t\t\t\t\t\t\t<\/div>\n\t\t\t\t<\/div>\n\t\t<div class=\"elementor-element elementor-element-56325558 e-con-full e-flex translate-yes e-con e-child\" data-id=\"56325558\" data-element_type=\"container\" data-e-type=\"container\">\n\t\t\t\t<div class=\"elementor-element elementor-element-465bf551 elementor-widget elementor-widget-text-editor\" data-id=\"465bf551\" data-element_type=\"widget\" data-e-type=\"widget\" data-widget_type=\"text-editor.default\">\n\t\t\t\t<div class=\"elementor-widget-container\">\n\t\t\t\t\t\t\t\t\t<h2 class=\"p1\">1. zweck und Anwendungsbereich<\/h2><p class=\"p1\">Dieses Dokument enth\u00e4lt die Verfahren f\u00fcr Studentenbeschwerden.<\/p><p class=\"p1\">Der Anwendungsbereich der Verfahren beschr\u00e4nkt sich auf Beschwerden in Bezug auf die Erfahrungen der Studierenden am LIA, einschlie\u00dflich der angebotenen Dienstleistungen und Einrichtungen.<\/p><h2 class=\"p1\">2.Grunds\u00e4tze<\/h2><p class=\"p1\">2.1 Die Sch\u00fcler k\u00f6nnen von jeder Person, die sie w\u00fcnschen, Informationen, Rat und Hilfe bei der Einreichung einer Beschwerde verlangen. In jeder Phase hat der Sch\u00fcler das Recht, sich von einer anderen Person begleiten\/vertreten zu lassen, die im Namen des Sch\u00fclers sprechen kann, wenn er dies w\u00fcnscht.<\/p><p class=\"p1\">2.2 Die LIA begr\u00fc\u00dft Kommentare und Vorschl\u00e4ge von Studenten, wie die Schule ihre Effektivit\u00e4t erh\u00f6hen und\/oder ihren Service verbessern k\u00f6nnte. Die Studierenden sind aufgefordert, Vorschl\u00e4ge zu machen.<\/p><p class=\"p1\">2.3 Die Schule ist sich dar\u00fcber im Klaren, dass sich Sch\u00fcler von Zeit zu Zeit \u00fcber Einrichtungen oder Dienstleistungen beschweren k\u00f6nnen, die sie von ihren Mitarbeitern erhalten.<\/p><p class=\"p1\">2.4 Diese Verfahren sollen den Sch\u00fclern ein einfaches und verst\u00e4ndliches Mittel an die Hand geben, mit dem sie sich mit Kommentaren, Vorschl\u00e4gen und Beschwerden an die zust\u00e4ndigen Mitarbeiter wenden k\u00f6nnen.<\/p><p class=\"p1\">2.5 Die Schule stellt sicher, dass der Service und die Betreuung eines Sch\u00fclers, der eine Bemerkung, einen Vorschlag oder eine Beschwerde einreicht, in keiner Weise unter den ergriffenen Ma\u00dfnahmen leidet, erwartet jedoch, dass die Sch\u00fcler keine leichtfertigen oder \u00e4rgerlichen Beschwerden einreichen.<\/p><p class=\"p1\">2.6 Die Schule wird die Vertraulichkeit von Kommentaren, Vorschl\u00e4gen und Beschwerden so weit wie m\u00f6glich wahren. Der Dienstleister sollte jedoch in der Regel dar\u00fcber informiert werden, dass eine Beschwerde eingereicht wurde und dass sie untersucht wird.<\/p><p class=\"p1\">2.7 Der vorstehende Absatz ber\u00fchrt in keiner Weise die bestehenden Verfahren zur Behandlung von Disziplinarangelegenheiten des Personals.<\/p><h2 class=\"p1\">3. das Beschwerdeverfahren<\/h2><p class=\"p1\">3.1. Informelle Phase (siehe 2.1 oben):<\/p><p class=\"p1\">Wir hoffen, dass viele Probleme normalerweise informell und im Geiste der Schlichtung gel\u00f6st werden k\u00f6nnen, ohne dass ein f\u00f6rmliches Verfahren eingeleitet werden muss. In einem ersten Schritt sollte ein Sch\u00fcler, der mit der Dienstleistung, die er erhalten hat, unzufrieden ist, versuchen, die Angelegenheit mit seinem Lehrer oder dem Studiendirektor\/dem akademischen Leiter oder mit dem Leiter der Aktivit\u00e4ten\/dem Aktivit\u00e4tsmanager und dem Wohlfahrtsbeauftragten\/dem Zentrumsleiter zu kl\u00e4ren. In vielen F\u00e4llen kann diese Person am besten auf die Beschwerde reagieren. Wenn die Antwort auf die informelle Beschwerde jedoch nicht zufriedenstellend ist, hat der Sch\u00fcler das Recht, das unten beschriebene formelle Beschwerdeverfahren zu nutzen. Ein Student sollte dieses formelle Beschwerdeverfahren nur dann in Anspruch nehmen, wenn er\/sie der Meinung ist, dass die Beschwerde zu schwerwiegend ist, um informell behandelt zu werden, oder wenn er\/sie mit den Ergebnissen der informellen Gespr\u00e4che unzufrieden ist.<\/p><p class=\"p1\">3.2. Schulstufe:<\/p><p class=\"p1\">Wenn der Student eine formelle Beschwerde im Rahmen dieser Verfahren einreichen m\u00f6chte, muss er sich an den Zentrumsleiter wenden, der ihm ein Beschwerdeformular aush\u00e4ndigt, das er ausf\u00fcllen muss.<\/p><p class=\"p1\">Schriftliche Beschwerden, die den Zentrumsleiter betreffen, sind an das Hauptb\u00fcro von Language in Action zu richten, direkt per E-Mail oder auf dem im Zentrum erh\u00e4ltlichen Beschwerdeformular.<\/p><p class=\"p1\">Der Zentrumsleiter wird normalerweise innerhalb von 48 Stunden pers\u00f6nlich auf das Schreiben des Sch\u00fclers antworten. Wenn der Zentrumsleiter der Meinung ist, dass die Beschwerde einer weiteren Untersuchung bedarf, wird er dem Studenten (oder seinem Vertreter) erkl\u00e4ren, wie die Beschwerde bearbeitet wird. Die Beschwerde wird umfassend untersucht (normalerweise wird der Student auch eingeladen, die Beschwerde pers\u00f6nlich zu besprechen) und der Student erh\u00e4lt normalerweise innerhalb von 5 Tagen eine schriftliche Antwort.<\/p><p class=\"p1\">Wenn der Sch\u00fcler mit der erhaltenen Antwort zufrieden ist und die Beschwerde nicht weiter verfolgen m\u00f6chte, werden die aus der Beschwerde gewonnenen Informationen zur Verbesserung der von der Schule erbrachten Dienstleistungen verwendet.<\/p><p class=\"p1\">3.3. Einspr\u00fcche<\/p><p class=\"p1\">Wird die Beschwerde nicht innerhalb von 5 Tagen gel\u00f6st oder ist sie f\u00fcr den Sch\u00fcler nicht zufriedenstellend, sollte er sich an die Zentrale von Sprache in Aktion wenden.<\/p><p class=\"p1\">Die Hauptverwaltung wird die Beschwerde untersuchen (normalerweise wird der Student eingeladen, die Beschwerde pers\u00f6nlich mit ihm oder einer von ihm benannten Person zu besprechen) und der Student erh\u00e4lt normalerweise innerhalb von drei Arbeitstagen eine schriftliche Antwort.<\/p><p class=\"p1\">Wenn der Sch\u00fcler mit der erhaltenen Antwort zufrieden ist und die Beschwerde nicht weiter verfolgen m\u00f6chte, werden die aus der Beschwerde gewonnenen Informationen zur Verbesserung der von der Schule erbrachten Dienstleistungen verwendet.<\/p><p class=\"p1\">Ist der Student mit der Antwort nicht zufrieden, beruft der Direktor eine Sitzung des Beschwerdeausschusses ein. Vor der Sitzung wird der gesch\u00e4digte Sch\u00fcler \u00fcber sein Recht informiert, sich bei der Anh\u00f6rung vertreten zu lassen.<\/p><p class=\"p1\">3.3.1 Zusammensetzung des Beschwerdeausschusses<\/p><p class=\"p1\">Kein Mitglied des Beschwerdeausschusses darf zuvor mit dem Fall in Verbindung gestanden haben. Der Beschwerdeausschuss setzt sich zusammen aus:<\/p><ul><li class=\"p1\">Der Beschwerdef\u00fchrer<\/li><li class=\"p1\">Ein Mitglied des Verwaltungsrats oder der Direktor oder der Betriebsleiter oder der akademische Leiter oder der Personalleiter (je nach Fall)<\/li><li class=\"p1\">Ein Studentenvertreter<\/li><li class=\"p1\">Eine Lehrkraft<\/li><\/ul><p class=\"p1\">3.3.2 Mandat f\u00fcr die Einlegung von Beschwerden<\/p><p class=\"p1\">Das Mandat des Beschwerdeausschusses lautet wie folgt:<\/p><ul><li class=\"p1\">Pr\u00fcfung von Beschwerden von Sch\u00fclern in Bezug auf ihre Erfahrungen an der Schule, einschlie\u00dflich der von den Schulen oder Unterst\u00fctzungsabteilungen bereitgestellten Dienstleistungen und Einrichtungen.<\/li><li class=\"p1\">Er berichtet dem Verwaltungsrat und den Studentenvertretern gegebenenfalls \u00fcber seine Entscheidungen.<\/li><\/ul><p class=\"p1\">3.4. Endg\u00fcltige Rechtsmittel<\/p><p class=\"p1\">Wenn der Sch\u00fcler mit den Ergebnissen der Berufungsphase nicht zufrieden ist, wird er ermutigt, sich an die Akkreditierungsstellen der Schule zu wenden:<\/p><ul><li>Der Britische Rat: British Council Customer Service UK, Bridgewater House, 58 Whitworth Street, Manchester, M1 6BB<\/li><li>Die unabh\u00e4ngige Schulaufsichtsbeh\u00f6rde: C A P House, 9-12 Long Ln, London EC1A 9HA<\/li><\/ul><p class=\"p1\"><strong>ANHANG: PROTOKOLL F\u00dcR SITZUNGEN EINES BESCHWERDEAUSSCHUSSES<\/strong><\/p><ul><li class=\"p1\">Der Vorsitzende best\u00e4tigt den Parteien die Art der Beschwerde.<\/li><li class=\"p1\">Der Vorsitzende fordert den gesch\u00e4digten Studenten (oder seinen Vertreter) auf, seine Argumente zur Unterst\u00fctzung der Beschwerde vorzutragen und etwaige Zeugen zur Unterst\u00fctzung der Beschwerde zu benennen.<\/li><li class=\"p1\">Der Ausschuss kann \u00fcber den Vorsitzenden jederzeit Fragen an den Studenten und\/oder den Vertreter und\/oder seine(n) Zeugen stellen.<\/li><li><p class=\"p1\">Der Vorsitzende fordert die Person, gegen die sich die Beschwerde richtet, auf, zu der Beschwerde Stellung zu nehmen und etwaige Zeugen zur Unterst\u00fctzung der Stellungnahme zu benennen.<\/p><\/li><li><p class=\"p1\">Der Ausschuss kann \u00fcber den Vorsitzenden jederzeit Fragen an die Person, gegen die sich die Beschwerde richtet, und an deren Zeugen stellen.<\/p><\/li><li><p class=\"p1\">Der Vorsitzende bittet den Studenten (oder den Vertreter), der die Beschwerde vorbringt, seinen Fall zusammenzufassen.<\/p><\/li><li><p class=\"p1\">Der Vorsitzende bittet die Person, gegen die die Beschwerde vorgebracht wurde, ihren Fall zusammenzufassen.<\/p><\/li><li><p class=\"p1\">Die Parteien werden gebeten, die Sitzung zu verlassen, und der Ausschuss pr\u00fcft die angeh\u00f6rten Beweise und kann zu diesem Zeitpunkt beschlie\u00dfen, die Anh\u00f6rung zu einem sp\u00e4teren Zeitpunkt erneut einzuberufen, um weitere Beweise oder Gutachten von anderen Parteien einzuholen. Sollte dies der Fall sein, werden alle Parteien zu der neu anberaumten Sitzung eingeladen.<\/p><\/li><li><p class=\"p1\">Der Vorsitzende gibt die Entscheidung des Ausschusses entweder durch eine Zusammenkunft der Parteien oder schriftlich bekannt. Das Ergebnis der Anh\u00f6rung wird innerhalb von f\u00fcnf Arbeitstagen schriftlich best\u00e4tigt.<\/p><\/li><\/ul>\t\t\t\t\t\t\t\t<\/div>\n\t\t\t\t<\/div>\n\t\t\t\t<\/div>\n\t\t\t\t\t<\/div>\n\t\t\t\t<\/div>\n\t\t\t\t<\/div>","protected":false},"excerpt":{"rendered":"<p>Policies Student Complaints Policy and Procedure Last updated 10\/04\/2026 1.Purpose and scope This document contains Student Complaints Procedures. The scope of the procedures is restricted to complaints in respect of the students\u2019 experience at LIA, including services and facilities provided. 2.Principles 2.1 Students may ask for information, advice and help in making a complaint from [&hellip;]<\/p>\n","protected":false},"author":27,"featured_media":0,"parent":44379,"menu_order":0,"comment_status":"closed","ping_status":"closed","template":"","meta":{"_acf_changed":false,"footnotes":""},"class_list":["post-45237","page","type-page","status-publish","hentry"],"acf":[],"yoast_head":"<!-- This site is optimized with the Yoast SEO plugin v27.5 - https:\/\/yoast.com\/product\/yoast-seo-wordpress\/ -->\n<title>Student Complaints Policy and Procedure - Language in Action<\/title>\n<meta name=\"robots\" content=\"index, follow, max-snippet:-1, max-image-preview:large, max-video-preview:-1\" \/>\n<link rel=\"canonical\" href=\"https:\/\/languageinactionltd.co.uk\/de\/richtlinien\/beschwerdepolitik-und-verfahren-fur-studenten\/\" \/>\n<meta property=\"og:locale\" content=\"de_DE\" \/>\n<meta property=\"og:type\" content=\"article\" \/>\n<meta property=\"og:title\" content=\"Student Complaints Policy and Procedure - Language in Action\" \/>\n<meta property=\"og:description\" content=\"Policies Student Complaints Policy and Procedure Last updated 10\/04\/2026 1.Purpose and scope This document contains Student Complaints Procedures. The scope of the procedures is restricted to complaints in respect of the students\u2019 experience at LIA, including services and facilities provided. 2.Principles 2.1 Students may ask for information, advice and help in making a complaint from [&hellip;]\" \/>\n<meta property=\"og:url\" content=\"https:\/\/languageinactionltd.co.uk\/de\/richtlinien\/beschwerdepolitik-und-verfahren-fur-studenten\/\" \/>\n<meta property=\"og:site_name\" content=\"Language in Action\" \/>\n<meta property=\"article:modified_time\" content=\"2026-04-13T10:36:23+00:00\" \/>\n<meta property=\"og:image\" content=\"https:\/\/languageinactionltd.co.uk\/wp-content\/uploads\/sites\/9\/2025\/08\/lia-social.png\" \/>\n\t<meta property=\"og:image:width\" content=\"1200\" \/>\n\t<meta property=\"og:image:height\" content=\"675\" \/>\n\t<meta property=\"og:image:type\" content=\"image\/png\" \/>\n<meta name=\"twitter:card\" content=\"summary_large_image\" \/>\n<meta name=\"twitter:label1\" content=\"Gesch\u00e4tzte Lesezeit\" \/>\n\t<meta name=\"twitter:data1\" content=\"5\u00a0Minuten\" \/>\n<script type=\"application\/ld+json\" class=\"yoast-schema-graph\">{\"@context\":\"https:\\\/\\\/schema.org\",\"@graph\":[{\"@type\":\"WebPage\",\"@id\":\"https:\\\/\\\/languageinactionltd.co.uk\\\/policies\\\/student-complaints-policy-and-procedure\\\/\",\"url\":\"https:\\\/\\\/languageinactionltd.co.uk\\\/policies\\\/student-complaints-policy-and-procedure\\\/\",\"name\":\"Student Complaints Policy and Procedure - Language in Action\",\"isPartOf\":{\"@id\":\"https:\\\/\\\/languageinactionltd.co.uk\\\/#website\"},\"datePublished\":\"2025-08-28T11:06:13+00:00\",\"dateModified\":\"2026-04-13T10:36:23+00:00\",\"breadcrumb\":{\"@id\":\"https:\\\/\\\/languageinactionltd.co.uk\\\/policies\\\/student-complaints-policy-and-procedure\\\/#breadcrumb\"},\"inLanguage\":\"de\",\"potentialAction\":[{\"@type\":\"ReadAction\",\"target\":[\"https:\\\/\\\/languageinactionltd.co.uk\\\/policies\\\/student-complaints-policy-and-procedure\\\/\"]}]},{\"@type\":\"BreadcrumbList\",\"@id\":\"https:\\\/\\\/languageinactionltd.co.uk\\\/policies\\\/student-complaints-policy-and-procedure\\\/#breadcrumb\",\"itemListElement\":[{\"@type\":\"ListItem\",\"position\":1,\"name\":\"Home\",\"item\":\"https:\\\/\\\/languageinactionltd.co.uk\\\/\"},{\"@type\":\"ListItem\",\"position\":2,\"name\":\"Policies\",\"item\":\"https:\\\/\\\/languageinactionltd.co.uk\\\/policies\\\/\"},{\"@type\":\"ListItem\",\"position\":3,\"name\":\"Student Complaints Policy and Procedure\"}]},{\"@type\":\"WebSite\",\"@id\":\"https:\\\/\\\/languageinactionltd.co.uk\\\/#website\",\"url\":\"https:\\\/\\\/languageinactionltd.co.uk\\\/\",\"name\":\"Language in Action\",\"description\":\"\",\"potentialAction\":[{\"@type\":\"SearchAction\",\"target\":{\"@type\":\"EntryPoint\",\"urlTemplate\":\"https:\\\/\\\/languageinactionltd.co.uk\\\/?s={search_term_string}\"},\"query-input\":{\"@type\":\"PropertyValueSpecification\",\"valueRequired\":true,\"valueName\":\"search_term_string\"}}],\"inLanguage\":\"de\"}]}<\/script>\n<!-- \/ Yoast SEO plugin. -->","yoast_head_json":{"title":"Richtlinie und Verfahren f\u00fcr Sch\u00fclerbeschwerden - Sprache in Aktion","robots":{"index":"index","follow":"follow","max-snippet":"max-snippet:-1","max-image-preview":"max-image-preview:large","max-video-preview":"max-video-preview:-1"},"canonical":"https:\/\/languageinactionltd.co.uk\/de\/richtlinien\/beschwerdepolitik-und-verfahren-fur-studenten\/","og_locale":"de_DE","og_type":"article","og_title":"Student Complaints Policy and Procedure - Language in Action","og_description":"Policies Student Complaints Policy and Procedure Last updated 10\/04\/2026 1.Purpose and scope This document contains Student Complaints Procedures. The scope of the procedures is restricted to complaints in respect of the students\u2019 experience at LIA, including services and facilities provided. 2.Principles 2.1 Students may ask for information, advice and help in making a complaint from [&hellip;]","og_url":"https:\/\/languageinactionltd.co.uk\/de\/richtlinien\/beschwerdepolitik-und-verfahren-fur-studenten\/","og_site_name":"Language in Action","article_modified_time":"2026-04-13T10:36:23+00:00","og_image":[{"width":1200,"height":675,"url":"https:\/\/languageinactionltd.co.uk\/wp-content\/uploads\/sites\/9\/2025\/08\/lia-social.png","type":"image\/png"}],"twitter_card":"summary_large_image","twitter_misc":{"Gesch\u00e4tzte Lesezeit":"5\u00a0Minuten"},"schema":{"@context":"https:\/\/schema.org","@graph":[{"@type":"WebPage","@id":"https:\/\/languageinactionltd.co.uk\/policies\/student-complaints-policy-and-procedure\/","url":"https:\/\/languageinactionltd.co.uk\/policies\/student-complaints-policy-and-procedure\/","name":"Richtlinie und Verfahren f\u00fcr Sch\u00fclerbeschwerden - Sprache in Aktion","isPartOf":{"@id":"https:\/\/languageinactionltd.co.uk\/#website"},"datePublished":"2025-08-28T11:06:13+00:00","dateModified":"2026-04-13T10:36:23+00:00","breadcrumb":{"@id":"https:\/\/languageinactionltd.co.uk\/policies\/student-complaints-policy-and-procedure\/#breadcrumb"},"inLanguage":"de","potentialAction":[{"@type":"ReadAction","target":["https:\/\/languageinactionltd.co.uk\/policies\/student-complaints-policy-and-procedure\/"]}]},{"@type":"BreadcrumbList","@id":"https:\/\/languageinactionltd.co.uk\/policies\/student-complaints-policy-and-procedure\/#breadcrumb","itemListElement":[{"@type":"ListItem","position":1,"name":"Home","item":"https:\/\/languageinactionltd.co.uk\/"},{"@type":"ListItem","position":2,"name":"Policies","item":"https:\/\/languageinactionltd.co.uk\/policies\/"},{"@type":"ListItem","position":3,"name":"Student Complaints Policy and Procedure"}]},{"@type":"WebSite","@id":"https:\/\/languageinactionltd.co.uk\/#website","url":"https:\/\/languageinactionltd.co.uk\/","name":"Sprache in Aktion","description":"","potentialAction":[{"@type":"SearchAction","target":{"@type":"EntryPoint","urlTemplate":"https:\/\/languageinactionltd.co.uk\/?s={search_term_string}"},"query-input":{"@type":"PropertyValueSpecification","valueRequired":true,"valueName":"search_term_string"}}],"inLanguage":"de"}]}},"_links":{"self":[{"href":"https:\/\/languageinactionltd.co.uk\/de\/wp-json\/wp\/v2\/pages\/45237","targetHints":{"allow":["GET"]}}],"collection":[{"href":"https:\/\/languageinactionltd.co.uk\/de\/wp-json\/wp\/v2\/pages"}],"about":[{"href":"https:\/\/languageinactionltd.co.uk\/de\/wp-json\/wp\/v2\/types\/page"}],"author":[{"embeddable":true,"href":"https:\/\/languageinactionltd.co.uk\/de\/wp-json\/wp\/v2\/users\/27"}],"replies":[{"embeddable":true,"href":"https:\/\/languageinactionltd.co.uk\/de\/wp-json\/wp\/v2\/comments?post=45237"}],"version-history":[{"count":7,"href":"https:\/\/languageinactionltd.co.uk\/de\/wp-json\/wp\/v2\/pages\/45237\/revisions"}],"predecessor-version":[{"id":47723,"href":"https:\/\/languageinactionltd.co.uk\/de\/wp-json\/wp\/v2\/pages\/45237\/revisions\/47723"}],"up":[{"embeddable":true,"href":"https:\/\/languageinactionltd.co.uk\/de\/wp-json\/wp\/v2\/pages\/44379"}],"wp:attachment":[{"href":"https:\/\/languageinactionltd.co.uk\/de\/wp-json\/wp\/v2\/media?parent=45237"}],"curies":[{"name":"wp","href":"https:\/\/api.w.org\/{rel}","templated":true}]}}