{"id":45217,"date":"2025-08-28T10:48:48","date_gmt":"2025-08-28T10:48:48","guid":{"rendered":"https:\/\/languageinactionltd.co.uk\/?page_id=45217"},"modified":"2026-04-13T10:36:12","modified_gmt":"2026-04-13T10:36:12","slug":"anwerbungspolitik","status":"publish","type":"page","link":"https:\/\/languageinactionltd.co.uk\/de\/policies\/recruitment-policy\/","title":{"rendered":"Einstellungspolitik"},"content":{"rendered":"<div data-elementor-type=\"wp-page\" data-elementor-id=\"45217\" class=\"elementor elementor-45217\" data-elementor-post-type=\"page\">\n\t\t\t\t<div class=\"elementor-element elementor-element-2e4b0c7e body-header-small e-flex e-con-boxed translate-yes e-con e-parent\" data-id=\"2e4b0c7e\" data-element_type=\"container\" data-e-type=\"container\" data-settings=\"{&quot;background_background&quot;:&quot;classic&quot;}\">\n\t\t\t\t\t<div class=\"e-con-inner\">\n\t\t<div class=\"elementor-element elementor-element-4e02c066 e-con-full e-flex translate-yes e-con e-child\" data-id=\"4e02c066\" data-element_type=\"container\" data-e-type=\"container\">\n\t\t\t\t<div class=\"elementor-element elementor-element-6709df6b sub-heading elementor-widget elementor-widget-heading\" data-id=\"6709df6b\" data-element_type=\"widget\" data-e-type=\"widget\" data-widget_type=\"heading.default\">\n\t\t\t\t<div class=\"elementor-widget-container\">\n\t\t\t\t\t<span class=\"elementor-heading-title elementor-size-default\">Politiken<\/span>\t\t\t\t<\/div>\n\t\t\t\t<\/div>\n\t\t<div class=\"elementor-element elementor-element-ae0c1bd e-con-full e-flex translate-yes e-con e-child\" data-id=\"ae0c1bd\" data-element_type=\"container\" data-e-type=\"container\">\n\t\t\t\t<div class=\"elementor-element elementor-element-7a223466 elementor-widget elementor-widget-heading\" data-id=\"7a223466\" data-element_type=\"widget\" data-e-type=\"widget\" data-widget_type=\"heading.default\">\n\t\t\t\t<div class=\"elementor-widget-container\">\n\t\t\t\t\t<h1 class=\"elementor-heading-title elementor-size-default\">Einstellungspolitik<\/h1>\t\t\t\t<\/div>\n\t\t\t\t<\/div>\n\t\t\t\t<div class=\"elementor-element elementor-element-685cbe0 elementor-widget elementor-widget-text-editor\" data-id=\"685cbe0\" data-element_type=\"widget\" data-e-type=\"widget\" data-widget_type=\"text-editor.default\">\n\t\t\t\t<div class=\"elementor-widget-container\">\n\t\t\t\t\t\t\t\t\t<p><i>Zuletzt aktualisiert am 10.04.2026<\/i><\/p>\t\t\t\t\t\t\t\t<\/div>\n\t\t\t\t<\/div>\n\t\t\t\t<\/div>\n\t\t\t\t<\/div>\n\t\t\t\t\t<\/div>\n\t\t\t\t<\/div>\n\t\t<div class=\"elementor-element elementor-element-5ce0166f body-text-1col e-grid e-con-boxed translate-yes e-con e-parent\" data-id=\"5ce0166f\" data-element_type=\"container\" data-e-type=\"container\">\n\t\t\t\t\t<div class=\"e-con-inner\">\n\t\t\t\t<div class=\"elementor-element elementor-element-550fe5f7 section-style-default elementor-widget elementor-widget-Section settings\" data-id=\"550fe5f7\" data-element_type=\"widget\" data-e-type=\"widget\" data-widget_type=\"Section settings.default\">\n\t\t\t\t<div class=\"elementor-widget-container\">\n\t\t\t\t\t\t\t\t\t\t\t<\/div>\n\t\t\t\t<\/div>\n\t\t<div class=\"elementor-element elementor-element-c11a988 e-con-full e-flex translate-yes e-con e-child\" data-id=\"c11a988\" data-element_type=\"container\" data-e-type=\"container\">\n\t\t\t\t<div class=\"elementor-element elementor-element-13550e64 elementor-widget elementor-widget-text-editor\" data-id=\"13550e64\" data-element_type=\"widget\" data-e-type=\"widget\" data-widget_type=\"text-editor.default\">\n\t\t\t\t<div class=\"elementor-widget-container\">\n\t\t\t\t\t\t\t\t\t<p class=\"p1\">Neben der Einhaltung der gesetzlichen Bestimmungen und der Deckung des Personalbedarfs von Language in Action, einem Teil von Malvern International, zielen unsere Personalpolitik und -verfahren auf Folgendes ab<\/p><ul><li class=\"p1\">die am besten geeigneten Mitarbeiter f\u00fcr die vom Unternehmen angebotenen Programme zu gewinnen;<\/li><li class=\"p1\">Sicherstellen, dass die Einstellung, die Auswahl und die Chancen auf eine Weiterbesch\u00e4ftigung so fair wie m\u00f6glich sind;<\/li><li class=\"p1\">Sicherstellen, dass das Personal die M\u00f6glichkeit zur st\u00e4ndigen beruflichen Weiterbildung hat.<\/li><\/ul><p class=\"p1\">Zu diesem Zweck wird Language in Action, das Teil von Malvern International ist, Folgendes tun<\/p><ul><li class=\"p1\">Seien Sie rigoros und fair, um den am besten geeigneten Bewerber f\u00fcr die Stelle zu finden;<\/li><li class=\"p1\">Sicherstellen, dass niemand aufgrund seines Geschlechts, seines Familienstands, seiner sexuellen Identit\u00e4t, seiner religi\u00f6sen \u00dcberzeugung, seiner politischen Meinung, seiner Ethnie, seines Arbeitsverhaltens, seines Alters, seiner Behinderung oder seines HIV\/AIDS-Status, seines sozio\u00f6konomischen Hintergrunds, seiner fr\u00fcheren Verurteilungen, seiner gewerkschaftlichen T\u00e4tigkeit oder Mitgliedschaft oder aufgrund der Tatsache, dass er unterhaltsberechtigt ist oder nicht, eine weniger g\u00fcnstige Behandlung erf\u00e4hrt;<\/li><li class=\"p1\">Verlangen Sie von allen Bewerbern, dass sie in ihrer Bewerbung und im Vorstellungsgespr\u00e4ch in gleicher Weise auf bestimmte Bereiche der Stelle eingehen;<\/li><li class=\"p1\">Achten Sie auf Belege f\u00fcr Verhaltenskompetenzen und F\u00e4higkeiten aus fr\u00fcheren Positionen;<\/li><li class=\"p1\">Nutzen Sie die besten verf\u00fcgbaren Bewertungsmethoden, um die F\u00e4higkeiten der Bewerber mit den Anforderungen der Stelle zu vergleichen;<\/li><li class=\"p1\">Behandeln Sie die Bewerber als gesch\u00e4tzte Personen und informieren Sie sie \u00fcber den Prozess und den aktuellen Stand ihrer Bewerbung;<\/li><li class=\"p1\">Machen Sie Angebote, die von zufriedenstellenden Referenzen und der Vorlage von Originalzertifikaten f\u00fcr die entsprechenden Qualifikationen abh\u00e4ngig sind, und weisen Sie die Bewerber in allen Stellenanzeigen von Language in Action place darauf hin;<\/li><li class=\"p1\">Alle diese T\u00e4tigkeiten sind professionell auszuf\u00fchren.<\/li><\/ul><p class=\"p1\"><strong><span class=\"s1\">Werbung<\/span><\/strong><\/p><p class=\"p1\">Ob wir weitere Anzeigen schalten, h\u00e4ngt von der Art der freien Stelle ab. Wenn die Prognosen einen Personalmangel vorhersagen lassen oder eine freie Stelle ein bestimmtes Qualifikationsprofil erfordert, wird eine Anzeige auf den entsprechenden EFL-Websites geschaltet. Es liegt jedoch in der Natur der Sache, dass wir unter Umst\u00e4nden kurzfristig Personal einstellen m\u00fcssen. In diesem Fall bilden die vorliegenden Lebensl\u00e4ufe die erste Auswahl an potenziellen Bewerbern.<\/p><p class=\"p1\">In allen Stellenausschreibungen und vor oder beim Vorstellungsgespr\u00e4ch werden die Bewerber darauf hingewiesen, dass:<\/p><ul><li class=\"p1\">Die Referenzen werden weiterverfolgt;<\/li><li class=\"p1\">L\u00fccken in ihrem Lebenslauf m\u00fcssen ber\u00fccksichtigt werden;<\/li><li class=\"p1\">Lichtbildausweis und Original-Qualifikationsnachweise m\u00fcssen vorgelegt werden;<\/li><li class=\"p1\">Es werden Eignungspr\u00fcfungen verlangt (Enhanced DBS) und die Referenzpersonen werden gefragt, ob ihnen Gr\u00fcnde bekannt sind, warum der Bewerber nicht mit Kindern unter 18 Jahren arbeiten sollte.<\/li><\/ul><p class=\"p1\"><strong>Einstellungsverfahren<\/strong><\/p><p class=\"p1\">Die Bewerberinnen und Bewerber werden gebeten, das auf der LiA-Website verf\u00fcgbare Bewerbungsformular f\u00fcr \"Sprache in Aktion\" auszuf\u00fcllen, um die wesentlichen Anforderungen f\u00fcr die Stelle zu pr\u00fcfen.<\/p><p class=\"p1\">Die in die engere Wahl gekommenen Bewerber erhalten eine Einladung zum Vorstellungsgespr\u00e4ch, das dann von zwei Mitarbeitern der LiA-Zentrale gef\u00fchrt wird.<\/p><p class=\"p1\">Jeder Bewerber wird wie folgt beurteilt:<\/p><ul><li class=\"p1\">Ein Gespr\u00e4ch mit zwei Mitarbeitern der LiA-Zentrale, in der Regel sowohl mit dem Direktor\/Sommerbetriebsleiter als auch mit dem akademischen Leiter f\u00fcr das akademische Personal und mit dem Sommerbetriebsleiter und dem Betriebsleiter f\u00fcr das Betriebspersonal, wobei standardisierte Fragen f\u00fcr jede Rolle verwendet werden, um das Verfahren so fair wie m\u00f6glich zu halten.<\/li><\/ul><p class=\"p1\">Die Bewerberinnen und Bewerber m\u00fcssen au\u00dferdem \u00fcber Folgendes verf\u00fcgen:<\/p><ul><li class=\"p1\">Eine Gelegenheit, Fragen zu stellen;<\/li><li class=\"p1\">Eine \u00dcberpr\u00fcfung (anhand der Starter-Checkliste), ob alle relevanten Dokumente eingegangen sind und Kontrollen durchgef\u00fchrt wurden.<\/li><\/ul><p class=\"p1\"><strong>Auswahl<\/strong><\/p><p class=\"p1\">Ein Einstellungsangebot kann w\u00e4hrend des Vorstellungsgespr\u00e4chs und\/oder sobald LiA die Best\u00e4tigung des Personalbedarfs f\u00fcr jedes Zentrum vorliegt und die Bedingungen erl\u00e4utert werden, unterbreitet werden. Das Angebot gilt vorbehaltlich zweier zufriedenstellender Referenzen und einer zufriedenstellenden erweiterten DBS-\/Polizei\u00fcberpr\u00fcfung. Erfolgreiche Bewerber erhalten vor der Er\u00f6ffnung des Sommerzentrums eine Schulung und Einweisung.<\/p><p class=\"p1\">In den Besch\u00e4ftigungsbedingungen ist festgelegt, dass alle akademischen und operativen Mitarbeiter bereit sein m\u00fcssen, mit Kindern zu arbeiten. Daher m\u00fcssen alle akademischen und operativen Mitarbeiter eine Erkl\u00e4rung \u00fcber die Eignung f\u00fcr die Arbeit mit Kindern unterzeichnen, und alle Referenzpersonen werden ausdr\u00fccklich gebeten, zu best\u00e4tigen, dass der Bewerber f\u00fcr die Arbeit mit Kindern geeignet ist.<\/p>\t\t\t\t\t\t\t\t<\/div>\n\t\t\t\t<\/div>\n\t\t\t\t<\/div>\n\t\t\t\t\t<\/div>\n\t\t\t\t<\/div>\n\t\t\t\t<\/div>","protected":false},"excerpt":{"rendered":"<p>Policies Recruitment Policy Last updated 10\/04\/2026 In addition to complying with statutory requirements and fulfilling the staffing needs of Language in Action, part of Malvern International, our human resources policy and procedures aim to achieve the following: Attract the most appropriate staff for the programmes the company offers; Ensure that recruitment, selection and opportunity for [&hellip;]<\/p>\n","protected":false},"author":27,"featured_media":0,"parent":44379,"menu_order":0,"comment_status":"closed","ping_status":"closed","template":"","meta":{"_acf_changed":false,"footnotes":""},"class_list":["post-45217","page","type-page","status-publish","hentry"],"acf":[],"yoast_head":"<!-- This site is optimized with the Yoast SEO plugin v27.5 - https:\/\/yoast.com\/product\/yoast-seo-wordpress\/ -->\n<title>Recruitment Policy - Language in Action<\/title>\n<meta name=\"robots\" content=\"index, follow, max-snippet:-1, max-image-preview:large, max-video-preview:-1\" \/>\n<link rel=\"canonical\" href=\"https:\/\/languageinactionltd.co.uk\/de\/richtlinien\/anwerbungspolitik\/\" \/>\n<meta property=\"og:locale\" content=\"de_DE\" \/>\n<meta property=\"og:type\" content=\"article\" \/>\n<meta property=\"og:title\" content=\"Recruitment Policy - Language in Action\" \/>\n<meta property=\"og:description\" content=\"Policies Recruitment Policy Last updated 10\/04\/2026 In addition to complying with statutory requirements and fulfilling the staffing needs of Language in Action, part of Malvern International, our human resources policy and procedures aim to achieve the following: Attract the most appropriate staff for the programmes the company offers; Ensure that recruitment, selection and opportunity for [&hellip;]\" \/>\n<meta property=\"og:url\" content=\"https:\/\/languageinactionltd.co.uk\/de\/richtlinien\/anwerbungspolitik\/\" \/>\n<meta property=\"og:site_name\" content=\"Language in Action\" \/>\n<meta property=\"article:modified_time\" content=\"2026-04-13T10:36:12+00:00\" \/>\n<meta property=\"og:image\" content=\"https:\/\/languageinactionltd.co.uk\/wp-content\/uploads\/sites\/9\/2025\/08\/lia-social.png\" \/>\n\t<meta property=\"og:image:width\" content=\"1200\" \/>\n\t<meta property=\"og:image:height\" content=\"675\" \/>\n\t<meta property=\"og:image:type\" content=\"image\/png\" \/>\n<meta name=\"twitter:card\" content=\"summary_large_image\" \/>\n<meta name=\"twitter:label1\" content=\"Gesch\u00e4tzte Lesezeit\" \/>\n\t<meta name=\"twitter:data1\" content=\"3\u00a0Minuten\" \/>\n<script type=\"application\/ld+json\" class=\"yoast-schema-graph\">{\"@context\":\"https:\\\/\\\/schema.org\",\"@graph\":[{\"@type\":\"WebPage\",\"@id\":\"https:\\\/\\\/languageinactionltd.co.uk\\\/policies\\\/recruitment-policy\\\/\",\"url\":\"https:\\\/\\\/languageinactionltd.co.uk\\\/policies\\\/recruitment-policy\\\/\",\"name\":\"Recruitment Policy - Language in Action\",\"isPartOf\":{\"@id\":\"https:\\\/\\\/languageinactionltd.co.uk\\\/#website\"},\"datePublished\":\"2025-08-28T10:48:48+00:00\",\"dateModified\":\"2026-04-13T10:36:12+00:00\",\"breadcrumb\":{\"@id\":\"https:\\\/\\\/languageinactionltd.co.uk\\\/policies\\\/recruitment-policy\\\/#breadcrumb\"},\"inLanguage\":\"de\",\"potentialAction\":[{\"@type\":\"ReadAction\",\"target\":[\"https:\\\/\\\/languageinactionltd.co.uk\\\/policies\\\/recruitment-policy\\\/\"]}]},{\"@type\":\"BreadcrumbList\",\"@id\":\"https:\\\/\\\/languageinactionltd.co.uk\\\/policies\\\/recruitment-policy\\\/#breadcrumb\",\"itemListElement\":[{\"@type\":\"ListItem\",\"position\":1,\"name\":\"Home\",\"item\":\"https:\\\/\\\/languageinactionltd.co.uk\\\/\"},{\"@type\":\"ListItem\",\"position\":2,\"name\":\"Policies\",\"item\":\"https:\\\/\\\/languageinactionltd.co.uk\\\/policies\\\/\"},{\"@type\":\"ListItem\",\"position\":3,\"name\":\"Recruitment Policy\"}]},{\"@type\":\"WebSite\",\"@id\":\"https:\\\/\\\/languageinactionltd.co.uk\\\/#website\",\"url\":\"https:\\\/\\\/languageinactionltd.co.uk\\\/\",\"name\":\"Language in Action\",\"description\":\"\",\"potentialAction\":[{\"@type\":\"SearchAction\",\"target\":{\"@type\":\"EntryPoint\",\"urlTemplate\":\"https:\\\/\\\/languageinactionltd.co.uk\\\/?s={search_term_string}\"},\"query-input\":{\"@type\":\"PropertyValueSpecification\",\"valueRequired\":true,\"valueName\":\"search_term_string\"}}],\"inLanguage\":\"de\"}]}<\/script>\n<!-- \/ Yoast SEO plugin. -->","yoast_head_json":{"title":"Einstellungspolitik - Sprache in Aktion","robots":{"index":"index","follow":"follow","max-snippet":"max-snippet:-1","max-image-preview":"max-image-preview:large","max-video-preview":"max-video-preview:-1"},"canonical":"https:\/\/languageinactionltd.co.uk\/de\/richtlinien\/anwerbungspolitik\/","og_locale":"de_DE","og_type":"article","og_title":"Recruitment Policy - Language in Action","og_description":"Policies Recruitment Policy Last updated 10\/04\/2026 In addition to complying with statutory requirements and fulfilling the staffing needs of Language in Action, part of Malvern International, our human resources policy and procedures aim to achieve the following: Attract the most appropriate staff for the programmes the company offers; Ensure that recruitment, selection and opportunity for [&hellip;]","og_url":"https:\/\/languageinactionltd.co.uk\/de\/richtlinien\/anwerbungspolitik\/","og_site_name":"Language in Action","article_modified_time":"2026-04-13T10:36:12+00:00","og_image":[{"width":1200,"height":675,"url":"https:\/\/languageinactionltd.co.uk\/wp-content\/uploads\/sites\/9\/2025\/08\/lia-social.png","type":"image\/png"}],"twitter_card":"summary_large_image","twitter_misc":{"Gesch\u00e4tzte Lesezeit":"3\u00a0Minuten"},"schema":{"@context":"https:\/\/schema.org","@graph":[{"@type":"WebPage","@id":"https:\/\/languageinactionltd.co.uk\/policies\/recruitment-policy\/","url":"https:\/\/languageinactionltd.co.uk\/policies\/recruitment-policy\/","name":"Einstellungspolitik - Sprache in Aktion","isPartOf":{"@id":"https:\/\/languageinactionltd.co.uk\/#website"},"datePublished":"2025-08-28T10:48:48+00:00","dateModified":"2026-04-13T10:36:12+00:00","breadcrumb":{"@id":"https:\/\/languageinactionltd.co.uk\/policies\/recruitment-policy\/#breadcrumb"},"inLanguage":"de","potentialAction":[{"@type":"ReadAction","target":["https:\/\/languageinactionltd.co.uk\/policies\/recruitment-policy\/"]}]},{"@type":"BreadcrumbList","@id":"https:\/\/languageinactionltd.co.uk\/policies\/recruitment-policy\/#breadcrumb","itemListElement":[{"@type":"ListItem","position":1,"name":"Home","item":"https:\/\/languageinactionltd.co.uk\/"},{"@type":"ListItem","position":2,"name":"Policies","item":"https:\/\/languageinactionltd.co.uk\/policies\/"},{"@type":"ListItem","position":3,"name":"Recruitment Policy"}]},{"@type":"WebSite","@id":"https:\/\/languageinactionltd.co.uk\/#website","url":"https:\/\/languageinactionltd.co.uk\/","name":"Sprache in Aktion","description":"","potentialAction":[{"@type":"SearchAction","target":{"@type":"EntryPoint","urlTemplate":"https:\/\/languageinactionltd.co.uk\/?s={search_term_string}"},"query-input":{"@type":"PropertyValueSpecification","valueRequired":true,"valueName":"search_term_string"}}],"inLanguage":"de"}]}},"_links":{"self":[{"href":"https:\/\/languageinactionltd.co.uk\/de\/wp-json\/wp\/v2\/pages\/45217","targetHints":{"allow":["GET"]}}],"collection":[{"href":"https:\/\/languageinactionltd.co.uk\/de\/wp-json\/wp\/v2\/pages"}],"about":[{"href":"https:\/\/languageinactionltd.co.uk\/de\/wp-json\/wp\/v2\/types\/page"}],"author":[{"embeddable":true,"href":"https:\/\/languageinactionltd.co.uk\/de\/wp-json\/wp\/v2\/users\/27"}],"replies":[{"embeddable":true,"href":"https:\/\/languageinactionltd.co.uk\/de\/wp-json\/wp\/v2\/comments?post=45217"}],"version-history":[{"count":7,"href":"https:\/\/languageinactionltd.co.uk\/de\/wp-json\/wp\/v2\/pages\/45217\/revisions"}],"predecessor-version":[{"id":47711,"href":"https:\/\/languageinactionltd.co.uk\/de\/wp-json\/wp\/v2\/pages\/45217\/revisions\/47711"}],"up":[{"embeddable":true,"href":"https:\/\/languageinactionltd.co.uk\/de\/wp-json\/wp\/v2\/pages\/44379"}],"wp:attachment":[{"href":"https:\/\/languageinactionltd.co.uk\/de\/wp-json\/wp\/v2\/media?parent=45217"}],"curies":[{"name":"wp","href":"https:\/\/api.w.org\/{rel}","templated":true}]}}