{"id":45199,"date":"2025-08-28T10:34:20","date_gmt":"2025-08-28T10:34:20","guid":{"rendered":"https:\/\/languageinactionltd.co.uk\/?page_id=45199"},"modified":"2026-04-13T10:35:37","modified_gmt":"2026-04-13T10:35:37","slug":"erste-hilfe-politik-und-verfahren","status":"publish","type":"page","link":"https:\/\/languageinactionltd.co.uk\/de\/policies\/first-aid-policy-and-procedure\/","title":{"rendered":"Erste-Hilfe-Politik und -Verfahren"},"content":{"rendered":"<div data-elementor-type=\"wp-page\" data-elementor-id=\"45199\" class=\"elementor elementor-45199\" data-elementor-post-type=\"page\">\n\t\t\t\t<div class=\"elementor-element elementor-element-5093b80f body-header-small e-flex e-con-boxed translate-yes e-con e-parent\" data-id=\"5093b80f\" data-element_type=\"container\" data-e-type=\"container\" data-settings=\"{&quot;background_background&quot;:&quot;classic&quot;}\">\n\t\t\t\t\t<div class=\"e-con-inner\">\n\t\t<div class=\"elementor-element elementor-element-1d66ea0b e-con-full e-flex translate-yes e-con e-child\" data-id=\"1d66ea0b\" data-element_type=\"container\" data-e-type=\"container\">\n\t\t\t\t<div class=\"elementor-element elementor-element-74241c47 sub-heading elementor-widget elementor-widget-heading\" data-id=\"74241c47\" data-element_type=\"widget\" data-e-type=\"widget\" data-widget_type=\"heading.default\">\n\t\t\t\t<div class=\"elementor-widget-container\">\n\t\t\t\t\t<span class=\"elementor-heading-title elementor-size-default\">Politiken<\/span>\t\t\t\t<\/div>\n\t\t\t\t<\/div>\n\t\t<div class=\"elementor-element elementor-element-722d2561 e-con-full e-flex translate-yes e-con e-child\" data-id=\"722d2561\" data-element_type=\"container\" data-e-type=\"container\">\n\t\t\t\t<div class=\"elementor-element elementor-element-7d14514c elementor-widget elementor-widget-heading\" data-id=\"7d14514c\" data-element_type=\"widget\" data-e-type=\"widget\" data-widget_type=\"heading.default\">\n\t\t\t\t<div class=\"elementor-widget-container\">\n\t\t\t\t\t<h1 class=\"elementor-heading-title elementor-size-default\">Erste-Hilfe-Politik und -Verfahren<\/h1>\t\t\t\t<\/div>\n\t\t\t\t<\/div>\n\t\t\t\t<div class=\"elementor-element elementor-element-491791f elementor-widget elementor-widget-text-editor\" data-id=\"491791f\" data-element_type=\"widget\" data-e-type=\"widget\" data-widget_type=\"text-editor.default\">\n\t\t\t\t<div class=\"elementor-widget-container\">\n\t\t\t\t\t\t\t\t\t<p><i>Zuletzt aktualisiert am 10.04.2026<\/i><\/p>\t\t\t\t\t\t\t\t<\/div>\n\t\t\t\t<\/div>\n\t\t\t\t<\/div>\n\t\t\t\t<\/div>\n\t\t\t\t\t<\/div>\n\t\t\t\t<\/div>\n\t\t<div class=\"elementor-element elementor-element-7209f370 body-text-1col e-grid e-con-boxed translate-yes e-con e-parent\" data-id=\"7209f370\" data-element_type=\"container\" data-e-type=\"container\">\n\t\t\t\t\t<div class=\"e-con-inner\">\n\t\t\t\t<div class=\"elementor-element elementor-element-140c38ea section-style-default elementor-widget elementor-widget-Section settings\" data-id=\"140c38ea\" data-element_type=\"widget\" data-e-type=\"widget\" data-widget_type=\"Section settings.default\">\n\t\t\t\t<div class=\"elementor-widget-container\">\n\t\t\t\t\t\t\t\t\t\t\t<\/div>\n\t\t\t\t<\/div>\n\t\t<div class=\"elementor-element elementor-element-532a6481 e-con-full e-flex translate-yes e-con e-child\" data-id=\"532a6481\" data-element_type=\"container\" data-e-type=\"container\">\n\t\t\t\t<div class=\"elementor-element elementor-element-46d010c1 elementor-widget elementor-widget-text-editor\" data-id=\"46d010c1\" data-element_type=\"widget\" data-e-type=\"widget\" data-widget_type=\"text-editor.default\">\n\t\t\t\t<div class=\"elementor-widget-container\">\n\t\t\t\t\t\t\t\t\t<h2>AIM<\/h2><p>Angemessene Erste Hilfe f\u00fcr Mitarbeiter und Sch\u00fcler im Falle von Verletzungen oder Krankheiten. Language in Action nimmt Gesundheit und Sicherheit ernst, um ein risikoarmes Umfeld zu schaffen, und die zu erwartenden Notf\u00e4lle sind von geringem Ausma\u00df. Wir bem\u00fchen uns, im Falle einer Verletzung oder Krankheit ausreichend Hilfe zu leisten, bis die Rettungsdienste eintreffen.<\/p><h2 class=\"p1\">VORG\u00c4NGE:<\/h2><p class=\"p1\"><strong>Erste-Hilfe-Kr\u00e4fte<\/strong><\/p><ul><li class=\"p1\">Der Verantwortliche f\u00fcr Sicherheit und Gesundheitsschutz muss Erste-Hilfe-Schulungen planen und durchf\u00fchren. Zu diesem Zweck ist ein Schulungsprotokoll zu f\u00fchren und regelm\u00e4\u00dfig zu \u00fcberpr\u00fcfen. Es liegt in der Verantwortung des Verantwortlichen f\u00fcr Gesundheit und Sicherheit, den Schulungsbedarf entsprechend der Anzahl der Mitarbeiter und Sch\u00fcler in jedem Geb\u00e4ude zu ermitteln.<\/li><li class=\"p1\">Die Ersthelfer werden aufgrund ihrer pers\u00f6nlichen Eigenschaften und ihrer Arbeitsbedingungen ausgew\u00e4hlt. Ersthelfer m\u00fcssen zuverl\u00e4ssig sein, in der Lage sein, in Notf\u00e4llen Ruhe zu bewahren, und fit genug, um schnell auf einen Vorfall zu reagieren. Die Person muss bereit sein, w\u00e4hrend der Arbeit jederzeit Erste Hilfe zu leisten und an Fortbildungskursen teilzunehmen, um ihre Qualifikation zu erwerben und aufrechtzuerhalten. Ihre Arbeitszeiten und ihr Arbeitsort sollten es ihr erm\u00f6glichen, w\u00e4hrend des gesamten Arbeitstages leicht erreichbar zu sein.<\/li><li class=\"p1\">Die Schulung muss von einer zugelassenen Einrichtung wie St John Ambulance oder einer \u00e4hnlichen Organisation durchgef\u00fchrt werden.<\/li><li class=\"p1\">Alle Ersthelfer sind in der Lage, den Verungl\u00fcckten sicher zu versorgen, w\u00e4hrend die Rettungsdienste gerufen werden, und m\u00fcssen nach drei Jahren erneut geschult werden.<\/li><li class=\"p1\">Alle Mitarbeiter und Sch\u00fcler in jedem Geb\u00e4ude von Language in Action m\u00fcssen \u00fcber das in Erster Hilfe ausgebildete Personal informiert werden.<\/li><\/ul><p class=\"p1\"><strong>AUSR\u00dcSTUNG<\/strong><\/p><ul><li class=\"p1\">In jedem Geb\u00e4ude sollten Erste-Hilfe-K\u00e4sten vorhanden sein, deren Standorte deutlich gekennzeichnet und leicht zug\u00e4nglich sein sollten.<\/li><li class=\"p1\">Der Inhalt sollte regelm\u00e4\u00dfig vom Verantwortlichen f\u00fcr Sicherheit und Gesundheitsschutz \u00fcberpr\u00fcft werden. Wenn die Vorr\u00e4te ungew\u00f6hnlich h\u00e4ufig verbraucht werden, sollte der Ersthelfer den Verantwortlichen f\u00fcr Sicherheit und Gesundheitsschutz darauf hinweisen. Die Boxen werden je nach Bedarf wieder aufgef\u00fcllt.<\/li><li class=\"p1\">Die Erste-Hilfe-K\u00e4sten sollten Folgendes enthalten: Merkblatt, sterile Pflaster, sterile Augenbinden, Dreiecksverb\u00e4nde, Sicherheitsnadeln, Wundauflagen, Reinigungst\u00fccher, Einweghandschuhe. Auf keinen Fall d\u00fcrfen Medikamente jeglicher Art in den Erste-Hilfe-K\u00e4sten enthalten sein oder vom Ersthelfer verteilt werden.<\/li><\/ul><p class=\"p1\"><strong>REKORDE<\/strong><\/p><ul><li class=\"p1\">In jedem Erste-Hilfe-Kasten ist ein Unfalltagebuch zu f\u00fchren. Der Ersthelfer muss jede Hilfeleistung sowohl bei Verletzungen als auch bei Krankheiten vermerken.<\/li><\/ul>\t\t\t\t\t\t\t\t<\/div>\n\t\t\t\t<\/div>\n\t\t\t\t<\/div>\n\t\t\t\t\t<\/div>\n\t\t\t\t<\/div>\n\t\t\t\t<\/div>","protected":false},"excerpt":{"rendered":"<p>Policies First Aid Policy and Procedure Last updated 10\/04\/2026 AIM To provide adequate first aid to staff and students in case of injury or illness. Language in Action take Health and Safety seriously in order to create a low-risk environment and anticipated emergencies are of a minor level. We seek to supply sufficient help in [&hellip;]<\/p>\n","protected":false},"author":27,"featured_media":0,"parent":44379,"menu_order":0,"comment_status":"closed","ping_status":"closed","template":"","meta":{"_acf_changed":false,"footnotes":""},"class_list":["post-45199","page","type-page","status-publish","hentry"],"acf":[],"yoast_head":"<!-- This site is optimized with the Yoast SEO plugin v27.5 - https:\/\/yoast.com\/product\/yoast-seo-wordpress\/ -->\n<title>First Aid Policy and Procedure - Language in Action<\/title>\n<meta name=\"robots\" content=\"index, follow, max-snippet:-1, max-image-preview:large, max-video-preview:-1\" \/>\n<link rel=\"canonical\" href=\"https:\/\/languageinactionltd.co.uk\/de\/richtlinien\/erste-hilfe-politik-und-verfahren\/\" \/>\n<meta property=\"og:locale\" content=\"de_DE\" \/>\n<meta property=\"og:type\" content=\"article\" \/>\n<meta property=\"og:title\" content=\"First Aid Policy and Procedure - Language in Action\" \/>\n<meta property=\"og:description\" content=\"Policies First Aid Policy and Procedure Last updated 10\/04\/2026 AIM To provide adequate first aid to staff and students in case of injury or illness. Language in Action take Health and Safety seriously in order to create a low-risk environment and anticipated emergencies are of a minor level. We seek to supply sufficient help in [&hellip;]\" \/>\n<meta property=\"og:url\" content=\"https:\/\/languageinactionltd.co.uk\/de\/richtlinien\/erste-hilfe-politik-und-verfahren\/\" \/>\n<meta property=\"og:site_name\" content=\"Language in Action\" \/>\n<meta property=\"article:modified_time\" content=\"2026-04-13T10:35:37+00:00\" \/>\n<meta property=\"og:image\" content=\"https:\/\/languageinactionltd.co.uk\/wp-content\/uploads\/sites\/9\/2025\/08\/lia-social.png\" \/>\n\t<meta property=\"og:image:width\" content=\"1200\" \/>\n\t<meta property=\"og:image:height\" content=\"675\" \/>\n\t<meta property=\"og:image:type\" content=\"image\/png\" \/>\n<meta name=\"twitter:card\" content=\"summary_large_image\" \/>\n<meta name=\"twitter:label1\" content=\"Gesch\u00e4tzte Lesezeit\" \/>\n\t<meta name=\"twitter:data1\" content=\"2\u00a0Minuten\" \/>\n<script type=\"application\/ld+json\" class=\"yoast-schema-graph\">{\"@context\":\"https:\\\/\\\/schema.org\",\"@graph\":[{\"@type\":\"WebPage\",\"@id\":\"https:\\\/\\\/languageinactionltd.co.uk\\\/policies\\\/first-aid-policy-and-procedure\\\/\",\"url\":\"https:\\\/\\\/languageinactionltd.co.uk\\\/policies\\\/first-aid-policy-and-procedure\\\/\",\"name\":\"First Aid Policy and Procedure - Language in Action\",\"isPartOf\":{\"@id\":\"https:\\\/\\\/languageinactionltd.co.uk\\\/#website\"},\"datePublished\":\"2025-08-28T10:34:20+00:00\",\"dateModified\":\"2026-04-13T10:35:37+00:00\",\"breadcrumb\":{\"@id\":\"https:\\\/\\\/languageinactionltd.co.uk\\\/policies\\\/first-aid-policy-and-procedure\\\/#breadcrumb\"},\"inLanguage\":\"de\",\"potentialAction\":[{\"@type\":\"ReadAction\",\"target\":[\"https:\\\/\\\/languageinactionltd.co.uk\\\/policies\\\/first-aid-policy-and-procedure\\\/\"]}]},{\"@type\":\"BreadcrumbList\",\"@id\":\"https:\\\/\\\/languageinactionltd.co.uk\\\/policies\\\/first-aid-policy-and-procedure\\\/#breadcrumb\",\"itemListElement\":[{\"@type\":\"ListItem\",\"position\":1,\"name\":\"Home\",\"item\":\"https:\\\/\\\/languageinactionltd.co.uk\\\/\"},{\"@type\":\"ListItem\",\"position\":2,\"name\":\"Policies\",\"item\":\"https:\\\/\\\/languageinactionltd.co.uk\\\/policies\\\/\"},{\"@type\":\"ListItem\",\"position\":3,\"name\":\"First Aid Policy and Procedure\"}]},{\"@type\":\"WebSite\",\"@id\":\"https:\\\/\\\/languageinactionltd.co.uk\\\/#website\",\"url\":\"https:\\\/\\\/languageinactionltd.co.uk\\\/\",\"name\":\"Language in Action\",\"description\":\"\",\"potentialAction\":[{\"@type\":\"SearchAction\",\"target\":{\"@type\":\"EntryPoint\",\"urlTemplate\":\"https:\\\/\\\/languageinactionltd.co.uk\\\/?s={search_term_string}\"},\"query-input\":{\"@type\":\"PropertyValueSpecification\",\"valueRequired\":true,\"valueName\":\"search_term_string\"}}],\"inLanguage\":\"de\"}]}<\/script>\n<!-- \/ Yoast SEO plugin. -->","yoast_head_json":{"title":"Erste-Hilfe-Strategie und -Verfahren - Sprache in Aktion","robots":{"index":"index","follow":"follow","max-snippet":"max-snippet:-1","max-image-preview":"max-image-preview:large","max-video-preview":"max-video-preview:-1"},"canonical":"https:\/\/languageinactionltd.co.uk\/de\/richtlinien\/erste-hilfe-politik-und-verfahren\/","og_locale":"de_DE","og_type":"article","og_title":"First Aid Policy and Procedure - Language in Action","og_description":"Policies First Aid Policy and Procedure Last updated 10\/04\/2026 AIM To provide adequate first aid to staff and students in case of injury or illness. Language in Action take Health and Safety seriously in order to create a low-risk environment and anticipated emergencies are of a minor level. We seek to supply sufficient help in [&hellip;]","og_url":"https:\/\/languageinactionltd.co.uk\/de\/richtlinien\/erste-hilfe-politik-und-verfahren\/","og_site_name":"Language in Action","article_modified_time":"2026-04-13T10:35:37+00:00","og_image":[{"width":1200,"height":675,"url":"https:\/\/languageinactionltd.co.uk\/wp-content\/uploads\/sites\/9\/2025\/08\/lia-social.png","type":"image\/png"}],"twitter_card":"summary_large_image","twitter_misc":{"Gesch\u00e4tzte Lesezeit":"2\u00a0Minuten"},"schema":{"@context":"https:\/\/schema.org","@graph":[{"@type":"WebPage","@id":"https:\/\/languageinactionltd.co.uk\/policies\/first-aid-policy-and-procedure\/","url":"https:\/\/languageinactionltd.co.uk\/policies\/first-aid-policy-and-procedure\/","name":"Erste-Hilfe-Strategie und -Verfahren - Sprache in Aktion","isPartOf":{"@id":"https:\/\/languageinactionltd.co.uk\/#website"},"datePublished":"2025-08-28T10:34:20+00:00","dateModified":"2026-04-13T10:35:37+00:00","breadcrumb":{"@id":"https:\/\/languageinactionltd.co.uk\/policies\/first-aid-policy-and-procedure\/#breadcrumb"},"inLanguage":"de","potentialAction":[{"@type":"ReadAction","target":["https:\/\/languageinactionltd.co.uk\/policies\/first-aid-policy-and-procedure\/"]}]},{"@type":"BreadcrumbList","@id":"https:\/\/languageinactionltd.co.uk\/policies\/first-aid-policy-and-procedure\/#breadcrumb","itemListElement":[{"@type":"ListItem","position":1,"name":"Home","item":"https:\/\/languageinactionltd.co.uk\/"},{"@type":"ListItem","position":2,"name":"Policies","item":"https:\/\/languageinactionltd.co.uk\/policies\/"},{"@type":"ListItem","position":3,"name":"First Aid Policy and Procedure"}]},{"@type":"WebSite","@id":"https:\/\/languageinactionltd.co.uk\/#website","url":"https:\/\/languageinactionltd.co.uk\/","name":"Sprache in Aktion","description":"","potentialAction":[{"@type":"SearchAction","target":{"@type":"EntryPoint","urlTemplate":"https:\/\/languageinactionltd.co.uk\/?s={search_term_string}"},"query-input":{"@type":"PropertyValueSpecification","valueRequired":true,"valueName":"search_term_string"}}],"inLanguage":"de"}]}},"_links":{"self":[{"href":"https:\/\/languageinactionltd.co.uk\/de\/wp-json\/wp\/v2\/pages\/45199","targetHints":{"allow":["GET"]}}],"collection":[{"href":"https:\/\/languageinactionltd.co.uk\/de\/wp-json\/wp\/v2\/pages"}],"about":[{"href":"https:\/\/languageinactionltd.co.uk\/de\/wp-json\/wp\/v2\/types\/page"}],"author":[{"embeddable":true,"href":"https:\/\/languageinactionltd.co.uk\/de\/wp-json\/wp\/v2\/users\/27"}],"replies":[{"embeddable":true,"href":"https:\/\/languageinactionltd.co.uk\/de\/wp-json\/wp\/v2\/comments?post=45199"}],"version-history":[{"count":7,"href":"https:\/\/languageinactionltd.co.uk\/de\/wp-json\/wp\/v2\/pages\/45199\/revisions"}],"predecessor-version":[{"id":47705,"href":"https:\/\/languageinactionltd.co.uk\/de\/wp-json\/wp\/v2\/pages\/45199\/revisions\/47705"}],"up":[{"embeddable":true,"href":"https:\/\/languageinactionltd.co.uk\/de\/wp-json\/wp\/v2\/pages\/44379"}],"wp:attachment":[{"href":"https:\/\/languageinactionltd.co.uk\/de\/wp-json\/wp\/v2\/media?parent=45199"}],"curies":[{"name":"wp","href":"https:\/\/api.w.org\/{rel}","templated":true}]}}